{"id":6728356,"date":"2026-04-03T19:30:34","date_gmt":"2026-04-03T17:30:34","guid":{"rendered":"https:\/\/www.dramfolks-whisky-auction.com\/?post_type=product&#038;p=6728356"},"modified":"2026-04-03T19:34:45","modified_gmt":"2026-04-03T17:34:45","slug":"stauning-3rd-edition-traditional","status":"publish","type":"product","link":"https:\/\/www.dramfolks-whisky-auction.com\/en\/product\/stauning-3rd-edition-traditional\/","title":{"rendered":"Stauning &#8211; 3rd Edition Traditional"},"content":{"rendered":"<p><strong>Destille: Stauning<br \/>\n<\/strong>Stauning Whisky ist eine Whiskybrennerei im Ort Stauning in der Kommune Ringk\u00f8bing-Skjern im d\u00e4nischen Westj\u00fctland. Die Brennerei wurde 2005 gegr\u00fcndet und 2007 wurde der heutige Standort 1,5 km s\u00fcdlich des Ortskerns bezogen. Stauning begann als echte Craft-Destillerie, die in einem Schlachthof des Metzgers der Gruppe operierte. Die Gerste wurde von einem lokalen Bauern bezogen und auf einem Grill in der R\u00e4ucherei getorft, das K\u00fchlhaus wurde zum M\u00e4lzen des Bodens genutzt, das Schrot wurde im Fleischwolf zerkleinert, die G\u00e4rung fand in einem alten Pfl\u00fcckbottich statt und die Destillation erfolgte in zwei kleinen holzbefeuerten Brennblasen. Obwohl eine Bank vorschlug, stattdessen eine B\u00e4ckerei zu er\u00f6ffnen, beschlossen die Gr\u00fcnder, lieber zu expandieren. Es wurde Geld gesammelt, um eine Farm zu kaufen, die sie dann 2007 in eine kleine Destillerie umwandelten.<br \/>\nMan sollte meinen, dass es sich um den &#8220;Malt-MacGyver-Ansatz&#8221; handelt&#8230; aber nein. Was als Notwendigkeit im Schlachthof begann, wurde zum Fundament der Philosophie von Stauning, wobei lokal angebautes Getreide, experimentelles M\u00e4lzen und kleine, direkt mit Feuer beheizte Brennblasen zum Geheimnis des Charakters des Whiskys wurden. Dieses interessante &#8220;Angebot&#8221; erweckte sogar das Interesse von Diageo&#8230; Seit 2015 ist Diageo mit 40 Prozent an Stauning Whisky beteiligt.<\/p>\n<p><strong>Fun fact 1:\u00a0<\/strong>Ein Arzt, ein Metzger, ein Lehrer, ein Hubschrauberpilot und vier Ingenieure betreten eine Bar. Sie stellen fest, dass es keinen d\u00e4nischen Whisky zu bestellen gibt, und beschlie\u00dfen, etwas dagegen zu unternehmen. Nein, das ist kein Witz, sondern die Entstehungsgeschichte von Stauning Whisky&#8230; und sie haben es so gut gemacht, dass das preisgekr\u00f6nte Kopenhagener Restaurant Noma gleich alle Erzeugnisse von Stauning Whisky ausschenkt und im Angebot hat.<\/p>\n<p><strong>Fun fact 2:<\/strong> Torf aus dem Museum&#8230; Heute bezieht Stauning Roggen und Gerste von Farmen im Umkreis von 9 bis 12 km um die Destillerie. Es torft etwa 25 % des Getreides, das es verwendet und bezieht diesen Torf wiederum vor Ort von drei verschiedenen Lieferanten&#8230; und einer davon ist tats\u00e4chlich ein Torfmuseum in der Nachbarschaft.<\/p>\n<p><strong>Whisky\/Whiskey: 3rd Edition Traditional<br \/>\n<\/strong>Die Stauning Traditional \u2013 3rd Edition geh\u00f6rt zu den fr\u00fchen, heute gesuchten Abf\u00fcllungen der d\u00e4nischen Brennerei Stauning und stellt den dritten Teil der ungetorften (\u201eTraditional\u201c) Single\u2011Malt\u2011Reihe dar. Diese Edition wurde 2009\/2010 destilliert und 2014 abgef\u00fcllt und dokumentiert eindrucksvoll die Anfangsphase der modernen d\u00e4nischen Whiskyproduktion.<br \/>\nDer Whisky reifte ausschlie\u00dflich in First\u2011Fill\u2011Ex\u2011Bourbonf\u00e4ssern (200\u202fLiter) und wurde mit 49,0\u202f% Vol. abgef\u00fcllt. Die Abf\u00fcllung erfolgte in der f\u00fcr fr\u00fche Stauning\u2011Editionen typischen 0,5\u2011Liter\u2011Flasche. Insgesamt war der Aussto\u00df stark limitiert (rund 950 Flaschen), was die 3rd Edition heute zu einem gefragten Sammlerst\u00fcck macht.<br \/>\nStilistisch steht die Traditional\u2011Reihe f\u00fcr Staunings reinen, kornbetonten Hausstil ohne Rauch. Verkostungsnotizen beschreiben die 3rd Edition als w\u00fcrzig und trocken, mit deutlichen Getreide\u2011 und Eichenankl\u00e4ngen, Kr\u00e4uternoten sowie einer sich entwickelnden S\u00fc\u00dfe im Abgang, die an Karamell und Honig erinnert. Die Textur wird als kr\u00e4ftig und strukturiert wahrgenommen \u2013 typisch f\u00fcr die fr\u00fche, handwerklich gepr\u00e4gte Phase der Brennerei.<br \/>\nAls Originalabf\u00fcllung ist die Stauning Traditional \u2013 3rd Edition seit Jahren ausverkauft und heute ausschlie\u00dflich \u00fcber den Sekund\u00e4rmarkt erh\u00e4ltlich. Innerhalb der Stauning\u2011Historie gilt sie als wichtiger Meilenstein, da sie die qualitative Entwicklung der Brennerei zwischen den ersten Experimentalabf\u00fcllungen und sp\u00e4teren Core\u2011Range\u2011Produkten nachvollziehbar macht. Es handelt sich hier um Bottle No. 42!<\/p>\n<p><strong>Info Qualit\u00e4t der Flasche:<\/strong> Exzellent &#8211; ohne Besch\u00e4digungen \/ <strong>F\u00fcllstand:<\/strong> Top shoulder<br \/>\n<strong>Info Qualit\u00e4t der Box:<\/strong> Exzellent &#8211; ohne Besch\u00e4digungen plus schwarze Stauning Papiert\u00fcte<\/p>\n<p><strong>Wichtiger Hinweis:<\/strong> Die Bewertung der Flaschen und Boxen erfolgt nach \u201ebesten Wissen und Gewissen\u201c. dramfolks kann keine Gew\u00e4hrleistung f\u00fcr den Inhalt der Flaschen \u00fcbernehmen. Weitere Infos &amp; Hinweise finden Sie in unseren AGBs. Wir empfehlen Ihnen, vor der Abgabe von Geboten \u00fcber die Zoomfunktion eine Besichtigung \/ genaue Pr\u00fcfung des angebotenen Whiskys vorzunehmen. Bitte kontaktieren sie uns bei Fragen direkt unter info@dramfolks.com<\/p>\n","protected":false},"excerpt":{"rendered":"<p>Destille: Stauning Stauning Whisky ist eine Whiskybrennerei im Ort Stauning in der Kommune Ringk\u00f8bing-Skjern im d\u00e4nischen Westj\u00fctland. Die Brennerei wurde 2005 gegr\u00fcndet und 2007 wurde der heutige Standort 1,5 km s\u00fcdlich des Ortskerns bezogen. Stauning begann als echte Craft-Destillerie, die in einem Schlachthof des Metzgers der Gruppe operierte. Die Gerste wurde von einem lokalen Bauern[&#8230;]\n","protected":false},"featured_media":6728357,"comment_status":"closed","ping_status":"closed","template":"","meta":[],"product_brand":[],"product_cat":[1315],"product_tag":[],"class_list":{"0":"post-6728356","1":"product","2":"type-product","3":"status-publish","4":"has-post-thumbnail","6":"product_cat-no-24","8":"first","9":"instock","10":"shipping-taxable","11":"purchasable","12":"product-type-auction"},"yoast_head":"<!-- This site is optimized with the Yoast SEO plugin v27.0 - https:\/\/yoast.com\/product\/yoast-seo-wordpress\/ -->\n<title>Stauning - 3rd Edition Traditional - Dramfolks Whisky Auction<\/title>\n<meta name=\"robots\" content=\"index, follow, max-snippet:-1, max-image-preview:large, max-video-preview:-1\" \/>\n<link rel=\"canonical\" href=\"https:\/\/www.dramfolks-whisky-auction.com\/en\/product\/stauning-3rd-edition-traditional\/\" \/>\n<meta property=\"og:locale\" content=\"en_US\" \/>\n<meta property=\"og:type\" content=\"article\" \/>\n<meta property=\"og:title\" content=\"Stauning - 3rd Edition Traditional - Dramfolks Whisky Auction\" \/>\n<meta property=\"og:description\" content=\"Destille: Stauning Stauning Whisky ist eine Whiskybrennerei im Ort Stauning in der Kommune Ringk\u00f8bing-Skjern im d\u00e4nischen Westj\u00fctland. Die Brennerei wurde 2005 gegr\u00fcndet und 2007 wurde der heutige Standort 1,5 km s\u00fcdlich des Ortskerns bezogen. Stauning begann als echte Craft-Destillerie, die in einem Schlachthof des Metzgers der Gruppe operierte. Die Gerste wurde von einem lokalen Bauern[...]\" \/>\n<meta property=\"og:url\" content=\"https:\/\/www.dramfolks-whisky-auction.com\/en\/product\/stauning-3rd-edition-traditional\/\" \/>\n<meta property=\"og:site_name\" content=\"Dramfolks Whisky Auction\" \/>\n<meta property=\"article:modified_time\" content=\"2026-04-03T17:34:45+00:00\" \/>\n<meta property=\"og:image\" content=\"https:\/\/www.dramfolks-whisky-auction.com\/wp-content\/uploads\/2026\/04\/Stauning-3rd-Edition-traditionel-vorne.jpg\" \/>\n\t<meta property=\"og:image:width\" content=\"2153\" \/>\n\t<meta property=\"og:image:height\" content=\"2153\" \/>\n\t<meta property=\"og:image:type\" content=\"image\/jpeg\" \/>\n<meta name=\"twitter:card\" content=\"summary_large_image\" \/>\n<meta name=\"twitter:label1\" content=\"Est. reading time\" \/>\n\t<meta name=\"twitter:data1\" content=\"4 minutes\" \/>\n<script type=\"application\/ld+json\" class=\"yoast-schema-graph\">{\"@context\":\"https:\/\/schema.org\",\"@graph\":[{\"@type\":\"WebPage\",\"@id\":\"https:\/\/www.dramfolks-whisky-auction.com\/en\/product\/stauning-3rd-edition-traditional\/\",\"url\":\"https:\/\/www.dramfolks-whisky-auction.com\/en\/product\/stauning-3rd-edition-traditional\/\",\"name\":\"Stauning - 3rd Edition Traditional - Dramfolks Whisky Auction\",\"isPartOf\":{\"@id\":\"https:\/\/www.dramfolks-whisky-auction.com\/en\/#website\"},\"primaryImageOfPage\":{\"@id\":\"https:\/\/www.dramfolks-whisky-auction.com\/en\/product\/stauning-3rd-edition-traditional\/#primaryimage\"},\"image\":{\"@id\":\"https:\/\/www.dramfolks-whisky-auction.com\/en\/product\/stauning-3rd-edition-traditional\/#primaryimage\"},\"thumbnailUrl\":\"https:\/\/www.dramfolks-whisky-auction.com\/wp-content\/uploads\/2026\/04\/Stauning-3rd-Edition-traditionel-vorne.jpg\",\"datePublished\":\"2026-04-03T17:30:34+00:00\",\"dateModified\":\"2026-04-03T17:34:45+00:00\",\"breadcrumb\":{\"@id\":\"https:\/\/www.dramfolks-whisky-auction.com\/en\/product\/stauning-3rd-edition-traditional\/#breadcrumb\"},\"inLanguage\":\"en-US\",\"potentialAction\":[{\"@type\":\"ReadAction\",\"target\":[\"https:\/\/www.dramfolks-whisky-auction.com\/en\/product\/stauning-3rd-edition-traditional\/\"]}]},{\"@type\":\"ImageObject\",\"inLanguage\":\"en-US\",\"@id\":\"https:\/\/www.dramfolks-whisky-auction.com\/en\/product\/stauning-3rd-edition-traditional\/#primaryimage\",\"url\":\"https:\/\/www.dramfolks-whisky-auction.com\/wp-content\/uploads\/2026\/04\/Stauning-3rd-Edition-traditionel-vorne.jpg\",\"contentUrl\":\"https:\/\/www.dramfolks-whisky-auction.com\/wp-content\/uploads\/2026\/04\/Stauning-3rd-Edition-traditionel-vorne.jpg\",\"width\":2153,\"height\":2153},{\"@type\":\"BreadcrumbList\",\"@id\":\"https:\/\/www.dramfolks-whisky-auction.com\/en\/product\/stauning-3rd-edition-traditional\/#breadcrumb\",\"itemListElement\":[{\"@type\":\"ListItem\",\"position\":1,\"name\":\"Startseite\",\"item\":\"https:\/\/www.dramfolks-whisky-auction.com\/en\/\"},{\"@type\":\"ListItem\",\"position\":2,\"name\":\"Shop\",\"item\":\"https:\/\/www.dramfolks-whisky-auction.com\/en\/shop\/\"},{\"@type\":\"ListItem\",\"position\":3,\"name\":\"Stauning &#8211; 3rd Edition Traditional\"}]},{\"@type\":\"WebSite\",\"@id\":\"https:\/\/www.dramfolks-whisky-auction.com\/en\/#website\",\"url\":\"https:\/\/www.dramfolks-whisky-auction.com\/en\/\",\"name\":\"Dramfolks Whisky Auction\",\"description\":\"\",\"potentialAction\":[{\"@type\":\"SearchAction\",\"target\":{\"@type\":\"EntryPoint\",\"urlTemplate\":\"https:\/\/www.dramfolks-whisky-auction.com\/en\/?s={search_term_string}\"},\"query-input\":{\"@type\":\"PropertyValueSpecification\",\"valueRequired\":true,\"valueName\":\"search_term_string\"}}],\"inLanguage\":\"en-US\"}]}<\/script>\n<!-- \/ Yoast SEO plugin. -->","yoast_head_json":{"title":"Stauning - 3rd Edition Traditional - Dramfolks Whisky Auction","robots":{"index":"index","follow":"follow","max-snippet":"max-snippet:-1","max-image-preview":"max-image-preview:large","max-video-preview":"max-video-preview:-1"},"canonical":"https:\/\/www.dramfolks-whisky-auction.com\/en\/product\/stauning-3rd-edition-traditional\/","og_locale":"en_US","og_type":"article","og_title":"Stauning - 3rd Edition Traditional - Dramfolks Whisky Auction","og_description":"Destille: Stauning Stauning Whisky ist eine Whiskybrennerei im Ort Stauning in der Kommune Ringk\u00f8bing-Skjern im d\u00e4nischen Westj\u00fctland. Die Brennerei wurde 2005 gegr\u00fcndet und 2007 wurde der heutige Standort 1,5 km s\u00fcdlich des Ortskerns bezogen. Stauning begann als echte Craft-Destillerie, die in einem Schlachthof des Metzgers der Gruppe operierte. Die Gerste wurde von einem lokalen Bauern[...]","og_url":"https:\/\/www.dramfolks-whisky-auction.com\/en\/product\/stauning-3rd-edition-traditional\/","og_site_name":"Dramfolks Whisky Auction","article_modified_time":"2026-04-03T17:34:45+00:00","og_image":[{"width":2153,"height":2153,"url":"https:\/\/www.dramfolks-whisky-auction.com\/wp-content\/uploads\/2026\/04\/Stauning-3rd-Edition-traditionel-vorne.jpg","type":"image\/jpeg"}],"twitter_card":"summary_large_image","twitter_misc":{"Est. reading time":"4 minutes"},"schema":{"@context":"https:\/\/schema.org","@graph":[{"@type":"WebPage","@id":"https:\/\/www.dramfolks-whisky-auction.com\/en\/product\/stauning-3rd-edition-traditional\/","url":"https:\/\/www.dramfolks-whisky-auction.com\/en\/product\/stauning-3rd-edition-traditional\/","name":"Stauning - 3rd Edition Traditional - Dramfolks Whisky Auction","isPartOf":{"@id":"https:\/\/www.dramfolks-whisky-auction.com\/en\/#website"},"primaryImageOfPage":{"@id":"https:\/\/www.dramfolks-whisky-auction.com\/en\/product\/stauning-3rd-edition-traditional\/#primaryimage"},"image":{"@id":"https:\/\/www.dramfolks-whisky-auction.com\/en\/product\/stauning-3rd-edition-traditional\/#primaryimage"},"thumbnailUrl":"https:\/\/www.dramfolks-whisky-auction.com\/wp-content\/uploads\/2026\/04\/Stauning-3rd-Edition-traditionel-vorne.jpg","datePublished":"2026-04-03T17:30:34+00:00","dateModified":"2026-04-03T17:34:45+00:00","breadcrumb":{"@id":"https:\/\/www.dramfolks-whisky-auction.com\/en\/product\/stauning-3rd-edition-traditional\/#breadcrumb"},"inLanguage":"en-US","potentialAction":[{"@type":"ReadAction","target":["https:\/\/www.dramfolks-whisky-auction.com\/en\/product\/stauning-3rd-edition-traditional\/"]}]},{"@type":"ImageObject","inLanguage":"en-US","@id":"https:\/\/www.dramfolks-whisky-auction.com\/en\/product\/stauning-3rd-edition-traditional\/#primaryimage","url":"https:\/\/www.dramfolks-whisky-auction.com\/wp-content\/uploads\/2026\/04\/Stauning-3rd-Edition-traditionel-vorne.jpg","contentUrl":"https:\/\/www.dramfolks-whisky-auction.com\/wp-content\/uploads\/2026\/04\/Stauning-3rd-Edition-traditionel-vorne.jpg","width":2153,"height":2153},{"@type":"BreadcrumbList","@id":"https:\/\/www.dramfolks-whisky-auction.com\/en\/product\/stauning-3rd-edition-traditional\/#breadcrumb","itemListElement":[{"@type":"ListItem","position":1,"name":"Startseite","item":"https:\/\/www.dramfolks-whisky-auction.com\/en\/"},{"@type":"ListItem","position":2,"name":"Shop","item":"https:\/\/www.dramfolks-whisky-auction.com\/en\/shop\/"},{"@type":"ListItem","position":3,"name":"Stauning &#8211; 3rd Edition Traditional"}]},{"@type":"WebSite","@id":"https:\/\/www.dramfolks-whisky-auction.com\/en\/#website","url":"https:\/\/www.dramfolks-whisky-auction.com\/en\/","name":"Dramfolks Whisky Auction","description":"","potentialAction":[{"@type":"SearchAction","target":{"@type":"EntryPoint","urlTemplate":"https:\/\/www.dramfolks-whisky-auction.com\/en\/?s={search_term_string}"},"query-input":{"@type":"PropertyValueSpecification","valueRequired":true,"valueName":"search_term_string"}}],"inLanguage":"en-US"}]}},"_links":{"self":[{"href":"https:\/\/www.dramfolks-whisky-auction.com\/en\/wp-json\/wp\/v2\/product\/6728356","targetHints":{"allow":["GET"]}}],"collection":[{"href":"https:\/\/www.dramfolks-whisky-auction.com\/en\/wp-json\/wp\/v2\/product"}],"about":[{"href":"https:\/\/www.dramfolks-whisky-auction.com\/en\/wp-json\/wp\/v2\/types\/product"}],"replies":[{"embeddable":true,"href":"https:\/\/www.dramfolks-whisky-auction.com\/en\/wp-json\/wp\/v2\/comments?post=6728356"}],"wp:featuredmedia":[{"embeddable":true,"href":"https:\/\/www.dramfolks-whisky-auction.com\/en\/wp-json\/wp\/v2\/media\/6728357"}],"wp:attachment":[{"href":"https:\/\/www.dramfolks-whisky-auction.com\/en\/wp-json\/wp\/v2\/media?parent=6728356"}],"wp:term":[{"taxonomy":"product_brand","embeddable":true,"href":"https:\/\/www.dramfolks-whisky-auction.com\/en\/wp-json\/wp\/v2\/product_brand?post=6728356"},{"taxonomy":"product_cat","embeddable":true,"href":"https:\/\/www.dramfolks-whisky-auction.com\/en\/wp-json\/wp\/v2\/product_cat?post=6728356"},{"taxonomy":"product_tag","embeddable":true,"href":"https:\/\/www.dramfolks-whisky-auction.com\/en\/wp-json\/wp\/v2\/product_tag?post=6728356"}],"curies":[{"name":"wp","href":"https:\/\/api.w.org\/{rel}","templated":true}]}}