{"id":6728332,"date":"2026-04-03T08:31:15","date_gmt":"2026-04-03T06:31:15","guid":{"rendered":"https:\/\/www.dramfolks-whisky-auction.com\/?post_type=product&#038;p=6728332"},"modified":"2026-04-03T08:31:50","modified_gmt":"2026-04-03T06:31:50","slug":"ardbeg-smoketrails-traveller-edition-7","status":"publish","type":"product","link":"https:\/\/www.dramfolks-whisky-auction.com\/en\/product\/ardbeg-smoketrails-traveller-edition-7\/","title":{"rendered":"Ardbeg &#8211; Smoketrails Traveller Edition"},"content":{"rendered":"<p><strong>Destille: Ardbeg<\/strong><br \/>\n&#8220;DER UNGEZ\u00c4HMTE GEIST VON ISLAY&#8230;&#8221; trifft die Beschreibung von Ardbeg ganz gut. Ardbeg ist aktuell eine von insgesamt 9 Whiskydestillerien auf der Insel Islay in Schottland. Sie befindet sich am S\u00fcdufer der Insel, direkt neben Port Ellen und ist gegenw\u00e4rtig im Besitz von Mo\u00ebt Hennessy Louis Vuitton. Die Urspr\u00fcnge der Brennerei reichen bis in das Jahr 1794 zur\u00fcck. Zu dieser Zeit wurde Ardbeg von Schwarzbrennern und Schmugglern betrieben, bis diese die Produktion in der Illegalit\u00e4t nach einer Razzia der Zollfahndung aufgeben mussten. Aktuell hat Ardbeg ein Produktionsvolumen von ca. 2,4 Mio. Litern.<\/p>\n<p><strong>Fun fact:<\/strong> Anders als die meisten Destillerien, die eine Katze beherbergen, hatte die Brennerei einen Destilleriehund: Shortie, einen Jack Russell Terrier. Shortie ist aber inzwischen in seinem wohlverdienten Ruhestand.<\/p>\n<p><strong>Whisky\/Whiskey: Smoketrails Traveller Edition<\/strong><br \/>\n<span class=\"b\">Die renommierte Ardbeg Distillery von der schottischen Insel Islay hat eine exklusive Whisky-Kollektion gestartet, die sich an Whisky-Liebhaber und an Sammler richtet. Mit der Serie Smoketrails l\u00e4dt Ardbeg mit Travel Exclusive Whiskys Single Malt-Fans ein, den Einfluss von verschiedenen F\u00e4ssern auf den herrlich rauchigen Geschmack von Ardbeg zu erkunden. Den Auftakt in der Smoketrails Range von Ardbeg macht der Ardbeg Smoketrails Manzanilla Edition, der im Oktober 2022 auf den Markt gebracht wurde.<\/span>\u00a0Ein Teil des Single Malts reifte in den Manzanilla-Sherryf\u00e4ssern. Dieser wurde dann mit Whisky aus klassischen, amerikanischen Wei\u00dfeichenf\u00e4ssern verm\u00e4hlt.<\/p>\n<p><strong>Info Qualit\u00e4t der Flasche:<\/strong> Exzellent &#8211; ohne Besch\u00e4digungen \/ <strong>F\u00fcllstand:<\/strong> Into neck<br \/>\n<strong>Info Qualit\u00e4t der Box:<\/strong> keine Box vorhanden<\/p>\n<p><strong>Wichtiger Hinweis:<\/strong> Die Bewertung der Flaschen und Boxen erfolgt nach \u201ebesten Wissen und Gewissen\u201c. dramfolks kann keine Gew\u00e4hrleistung f\u00fcr den Inhalt der Flaschen \u00fcbernehmen. Weitere Infos &amp; Hinweise finden Sie in unseren AGBs. Wir empfehlen Ihnen, vor der Abgabe von Geboten \u00fcber die Zoomfunktion eine Besichtigung \/ genaue Pr\u00fcfung des angebotenen Whiskys vorzunehmen. Bitte kontaktieren sie uns bei Fragen direkt unter info@dramfolks.com<\/p>\n","protected":false},"excerpt":{"rendered":"<p>Destille: Ardbeg &#8220;DER UNGEZ\u00c4HMTE GEIST VON ISLAY&#8230;&#8221; trifft die Beschreibung von Ardbeg ganz gut. Ardbeg ist aktuell eine von insgesamt 9 Whiskydestillerien auf der Insel Islay in Schottland. Sie befindet sich am S\u00fcdufer der Insel, direkt neben Port Ellen und ist gegenw\u00e4rtig im Besitz von Mo\u00ebt Hennessy Louis Vuitton. Die Urspr\u00fcnge der Brennerei reichen bis[&#8230;]\n","protected":false},"featured_media":6727913,"comment_status":"closed","ping_status":"closed","template":"","meta":[],"product_brand":[],"product_cat":[1315],"product_tag":[],"class_list":{"0":"post-6728332","1":"product","2":"type-product","3":"status-publish","4":"has-post-thumbnail","6":"product_cat-no-24","8":"first","9":"instock","10":"shipping-taxable","11":"purchasable","12":"product-type-auction"},"yoast_head":"<!-- This site is optimized with the Yoast SEO plugin v27.0 - https:\/\/yoast.com\/product\/yoast-seo-wordpress\/ -->\n<title>Ardbeg - Smoketrails Traveller Edition - Dramfolks Whisky Auction<\/title>\n<meta name=\"robots\" content=\"index, follow, max-snippet:-1, max-image-preview:large, max-video-preview:-1\" \/>\n<link rel=\"canonical\" href=\"https:\/\/www.dramfolks-whisky-auction.com\/en\/product\/ardbeg-smoketrails-traveller-edition-7\/\" \/>\n<meta property=\"og:locale\" content=\"en_US\" \/>\n<meta property=\"og:type\" content=\"article\" \/>\n<meta property=\"og:title\" content=\"Ardbeg - Smoketrails Traveller Edition - Dramfolks Whisky Auction\" \/>\n<meta property=\"og:description\" content=\"Destille: Ardbeg &#8220;DER UNGEZ\u00c4HMTE GEIST VON ISLAY&#8230;&#8221; trifft die Beschreibung von Ardbeg ganz gut. Ardbeg ist aktuell eine von insgesamt 9 Whiskydestillerien auf der Insel Islay in Schottland. Sie befindet sich am S\u00fcdufer der Insel, direkt neben Port Ellen und ist gegenw\u00e4rtig im Besitz von Mo\u00ebt Hennessy Louis Vuitton. Die Urspr\u00fcnge der Brennerei reichen bis[...]\" \/>\n<meta property=\"og:url\" content=\"https:\/\/www.dramfolks-whisky-auction.com\/en\/product\/ardbeg-smoketrails-traveller-edition-7\/\" \/>\n<meta property=\"og:site_name\" content=\"Dramfolks Whisky Auction\" \/>\n<meta property=\"article:modified_time\" content=\"2026-04-03T06:31:50+00:00\" \/>\n<meta property=\"og:image\" content=\"https:\/\/www.dramfolks-whisky-auction.com\/wp-content\/uploads\/2026\/02\/Ardbeg-Smoketrails-2022-vorne.jpg\" \/>\n\t<meta property=\"og:image:width\" content=\"2229\" \/>\n\t<meta property=\"og:image:height\" content=\"2229\" \/>\n\t<meta property=\"og:image:type\" content=\"image\/jpeg\" \/>\n<meta name=\"twitter:card\" content=\"summary_large_image\" \/>\n<meta name=\"twitter:label1\" content=\"Est. reading time\" \/>\n\t<meta name=\"twitter:data1\" content=\"2 minutes\" \/>\n<script type=\"application\/ld+json\" class=\"yoast-schema-graph\">{\"@context\":\"https:\/\/schema.org\",\"@graph\":[{\"@type\":\"WebPage\",\"@id\":\"https:\/\/www.dramfolks-whisky-auction.com\/en\/product\/ardbeg-smoketrails-traveller-edition-7\/\",\"url\":\"https:\/\/www.dramfolks-whisky-auction.com\/en\/product\/ardbeg-smoketrails-traveller-edition-7\/\",\"name\":\"Ardbeg - Smoketrails Traveller Edition - Dramfolks Whisky Auction\",\"isPartOf\":{\"@id\":\"https:\/\/www.dramfolks-whisky-auction.com\/en\/#website\"},\"primaryImageOfPage\":{\"@id\":\"https:\/\/www.dramfolks-whisky-auction.com\/en\/product\/ardbeg-smoketrails-traveller-edition-7\/#primaryimage\"},\"image\":{\"@id\":\"https:\/\/www.dramfolks-whisky-auction.com\/en\/product\/ardbeg-smoketrails-traveller-edition-7\/#primaryimage\"},\"thumbnailUrl\":\"https:\/\/www.dramfolks-whisky-auction.com\/wp-content\/uploads\/2026\/02\/Ardbeg-Smoketrails-2022-vorne.jpg\",\"datePublished\":\"2026-04-03T06:31:15+00:00\",\"dateModified\":\"2026-04-03T06:31:50+00:00\",\"breadcrumb\":{\"@id\":\"https:\/\/www.dramfolks-whisky-auction.com\/en\/product\/ardbeg-smoketrails-traveller-edition-7\/#breadcrumb\"},\"inLanguage\":\"en-US\",\"potentialAction\":[{\"@type\":\"ReadAction\",\"target\":[\"https:\/\/www.dramfolks-whisky-auction.com\/en\/product\/ardbeg-smoketrails-traveller-edition-7\/\"]}]},{\"@type\":\"ImageObject\",\"inLanguage\":\"en-US\",\"@id\":\"https:\/\/www.dramfolks-whisky-auction.com\/en\/product\/ardbeg-smoketrails-traveller-edition-7\/#primaryimage\",\"url\":\"https:\/\/www.dramfolks-whisky-auction.com\/wp-content\/uploads\/2026\/02\/Ardbeg-Smoketrails-2022-vorne.jpg\",\"contentUrl\":\"https:\/\/www.dramfolks-whisky-auction.com\/wp-content\/uploads\/2026\/02\/Ardbeg-Smoketrails-2022-vorne.jpg\",\"width\":2229,\"height\":2229},{\"@type\":\"BreadcrumbList\",\"@id\":\"https:\/\/www.dramfolks-whisky-auction.com\/en\/product\/ardbeg-smoketrails-traveller-edition-7\/#breadcrumb\",\"itemListElement\":[{\"@type\":\"ListItem\",\"position\":1,\"name\":\"Startseite\",\"item\":\"https:\/\/www.dramfolks-whisky-auction.com\/en\/\"},{\"@type\":\"ListItem\",\"position\":2,\"name\":\"Shop\",\"item\":\"https:\/\/www.dramfolks-whisky-auction.com\/en\/shop\/\"},{\"@type\":\"ListItem\",\"position\":3,\"name\":\"Ardbeg &#8211; Smoketrails Traveller Edition\"}]},{\"@type\":\"WebSite\",\"@id\":\"https:\/\/www.dramfolks-whisky-auction.com\/en\/#website\",\"url\":\"https:\/\/www.dramfolks-whisky-auction.com\/en\/\",\"name\":\"Dramfolks Whisky Auction\",\"description\":\"\",\"potentialAction\":[{\"@type\":\"SearchAction\",\"target\":{\"@type\":\"EntryPoint\",\"urlTemplate\":\"https:\/\/www.dramfolks-whisky-auction.com\/en\/?s={search_term_string}\"},\"query-input\":{\"@type\":\"PropertyValueSpecification\",\"valueRequired\":true,\"valueName\":\"search_term_string\"}}],\"inLanguage\":\"en-US\"}]}<\/script>\n<!-- \/ Yoast SEO plugin. -->","yoast_head_json":{"title":"Ardbeg - Smoketrails Traveller Edition - Dramfolks Whisky Auction","robots":{"index":"index","follow":"follow","max-snippet":"max-snippet:-1","max-image-preview":"max-image-preview:large","max-video-preview":"max-video-preview:-1"},"canonical":"https:\/\/www.dramfolks-whisky-auction.com\/en\/product\/ardbeg-smoketrails-traveller-edition-7\/","og_locale":"en_US","og_type":"article","og_title":"Ardbeg - Smoketrails Traveller Edition - Dramfolks Whisky Auction","og_description":"Destille: Ardbeg &#8220;DER UNGEZ\u00c4HMTE GEIST VON ISLAY&#8230;&#8221; trifft die Beschreibung von Ardbeg ganz gut. Ardbeg ist aktuell eine von insgesamt 9 Whiskydestillerien auf der Insel Islay in Schottland. Sie befindet sich am S\u00fcdufer der Insel, direkt neben Port Ellen und ist gegenw\u00e4rtig im Besitz von Mo\u00ebt Hennessy Louis Vuitton. Die Urspr\u00fcnge der Brennerei reichen bis[...]","og_url":"https:\/\/www.dramfolks-whisky-auction.com\/en\/product\/ardbeg-smoketrails-traveller-edition-7\/","og_site_name":"Dramfolks Whisky Auction","article_modified_time":"2026-04-03T06:31:50+00:00","og_image":[{"width":2229,"height":2229,"url":"https:\/\/www.dramfolks-whisky-auction.com\/wp-content\/uploads\/2026\/02\/Ardbeg-Smoketrails-2022-vorne.jpg","type":"image\/jpeg"}],"twitter_card":"summary_large_image","twitter_misc":{"Est. reading time":"2 minutes"},"schema":{"@context":"https:\/\/schema.org","@graph":[{"@type":"WebPage","@id":"https:\/\/www.dramfolks-whisky-auction.com\/en\/product\/ardbeg-smoketrails-traveller-edition-7\/","url":"https:\/\/www.dramfolks-whisky-auction.com\/en\/product\/ardbeg-smoketrails-traveller-edition-7\/","name":"Ardbeg - Smoketrails Traveller Edition - Dramfolks Whisky Auction","isPartOf":{"@id":"https:\/\/www.dramfolks-whisky-auction.com\/en\/#website"},"primaryImageOfPage":{"@id":"https:\/\/www.dramfolks-whisky-auction.com\/en\/product\/ardbeg-smoketrails-traveller-edition-7\/#primaryimage"},"image":{"@id":"https:\/\/www.dramfolks-whisky-auction.com\/en\/product\/ardbeg-smoketrails-traveller-edition-7\/#primaryimage"},"thumbnailUrl":"https:\/\/www.dramfolks-whisky-auction.com\/wp-content\/uploads\/2026\/02\/Ardbeg-Smoketrails-2022-vorne.jpg","datePublished":"2026-04-03T06:31:15+00:00","dateModified":"2026-04-03T06:31:50+00:00","breadcrumb":{"@id":"https:\/\/www.dramfolks-whisky-auction.com\/en\/product\/ardbeg-smoketrails-traveller-edition-7\/#breadcrumb"},"inLanguage":"en-US","potentialAction":[{"@type":"ReadAction","target":["https:\/\/www.dramfolks-whisky-auction.com\/en\/product\/ardbeg-smoketrails-traveller-edition-7\/"]}]},{"@type":"ImageObject","inLanguage":"en-US","@id":"https:\/\/www.dramfolks-whisky-auction.com\/en\/product\/ardbeg-smoketrails-traveller-edition-7\/#primaryimage","url":"https:\/\/www.dramfolks-whisky-auction.com\/wp-content\/uploads\/2026\/02\/Ardbeg-Smoketrails-2022-vorne.jpg","contentUrl":"https:\/\/www.dramfolks-whisky-auction.com\/wp-content\/uploads\/2026\/02\/Ardbeg-Smoketrails-2022-vorne.jpg","width":2229,"height":2229},{"@type":"BreadcrumbList","@id":"https:\/\/www.dramfolks-whisky-auction.com\/en\/product\/ardbeg-smoketrails-traveller-edition-7\/#breadcrumb","itemListElement":[{"@type":"ListItem","position":1,"name":"Startseite","item":"https:\/\/www.dramfolks-whisky-auction.com\/en\/"},{"@type":"ListItem","position":2,"name":"Shop","item":"https:\/\/www.dramfolks-whisky-auction.com\/en\/shop\/"},{"@type":"ListItem","position":3,"name":"Ardbeg &#8211; Smoketrails Traveller Edition"}]},{"@type":"WebSite","@id":"https:\/\/www.dramfolks-whisky-auction.com\/en\/#website","url":"https:\/\/www.dramfolks-whisky-auction.com\/en\/","name":"Dramfolks Whisky Auction","description":"","potentialAction":[{"@type":"SearchAction","target":{"@type":"EntryPoint","urlTemplate":"https:\/\/www.dramfolks-whisky-auction.com\/en\/?s={search_term_string}"},"query-input":{"@type":"PropertyValueSpecification","valueRequired":true,"valueName":"search_term_string"}}],"inLanguage":"en-US"}]}},"_links":{"self":[{"href":"https:\/\/www.dramfolks-whisky-auction.com\/en\/wp-json\/wp\/v2\/product\/6728332","targetHints":{"allow":["GET"]}}],"collection":[{"href":"https:\/\/www.dramfolks-whisky-auction.com\/en\/wp-json\/wp\/v2\/product"}],"about":[{"href":"https:\/\/www.dramfolks-whisky-auction.com\/en\/wp-json\/wp\/v2\/types\/product"}],"replies":[{"embeddable":true,"href":"https:\/\/www.dramfolks-whisky-auction.com\/en\/wp-json\/wp\/v2\/comments?post=6728332"}],"wp:featuredmedia":[{"embeddable":true,"href":"https:\/\/www.dramfolks-whisky-auction.com\/en\/wp-json\/wp\/v2\/media\/6727913"}],"wp:attachment":[{"href":"https:\/\/www.dramfolks-whisky-auction.com\/en\/wp-json\/wp\/v2\/media?parent=6728332"}],"wp:term":[{"taxonomy":"product_brand","embeddable":true,"href":"https:\/\/www.dramfolks-whisky-auction.com\/en\/wp-json\/wp\/v2\/product_brand?post=6728332"},{"taxonomy":"product_cat","embeddable":true,"href":"https:\/\/www.dramfolks-whisky-auction.com\/en\/wp-json\/wp\/v2\/product_cat?post=6728332"},{"taxonomy":"product_tag","embeddable":true,"href":"https:\/\/www.dramfolks-whisky-auction.com\/en\/wp-json\/wp\/v2\/product_tag?post=6728332"}],"curies":[{"name":"wp","href":"https:\/\/api.w.org\/{rel}","templated":true}]}}