{"id":6728326,"date":"2026-04-03T07:14:50","date_gmt":"2026-04-03T05:14:50","guid":{"rendered":"https:\/\/www.dramfolks-whisky-auction.com\/?post_type=product&#038;p=6728326"},"modified":"2026-04-03T07:15:23","modified_gmt":"2026-04-03T05:15:23","slug":"bunnahabhain-15yo-old-particular-douglas-laing-11","status":"publish","type":"product","link":"https:\/\/www.dramfolks-whisky-auction.com\/en\/product\/bunnahabhain-15yo-old-particular-douglas-laing-11\/","title":{"rendered":"Bunnahabhain &#8211; 15yo Old Particular (Douglas Laing)"},"content":{"rendered":"<p><strong>Destille: Bunnahabhain<br \/>\n<\/strong>Die Bunnahabhain Destillerie (schottisch-g\u00e4lisch: Taigh-staile Bun na h-Abhainne) wurde 1881 in der N\u00e4he von Port Askaig auf Islay gegr\u00fcndet. Im Jahr 1887, als Bunnahabhain mit Glenrothes fusionierte, wurde ebenfalls Highland Distillers [heute Edrington] gegr\u00fcndet. W\u00e4hrend andere Islay-Destillerien ihre Marken als Single Malts und zum Blenden verkauften, war Bunnas Schicksal immer bei letzteren (u.a. bei Famous Grouse, Cutty Sark und Black Bottle). Das schnelle Wachstum von Scotch in den fr\u00fchen 1960er Jahren f\u00fchrte dazu, dass die Brennblasen 1963 verdoppelt wurden, im selben Jahr, in dem die Bodenm\u00e4lzerei herauskam. Doch das Gl\u00fcck war nicht von Dauer und wie viele Destillerien wurde Bunna 1982 eingemottet. Wiederbelebt wurde es dann Ende der 1980er Jahre als Single Malt mit dem Slogan &#8220;der unaussprechliche Malt&#8221;. Trotz eines Aufschwungs auf dem Whiskymarkt verkaufte Edrington es 2003 f\u00fcr 10 Millionen Pfund an Burn Stewart. Im Jahr 2013 ging Bunna dann an den langj\u00e4hrigen s\u00fcdafrikanischen Vertriebspartner Distell.<\/p>\n<p><strong>Fun Fakt:\u00a0 <\/strong>Die abgelegene Nordostk\u00fcste von Islay mag ein seltsamer Ort sein, um eine bedeutende viktorianische Destillerie zu finden, aber sie wurde 1881 von William Robertson (von Robertson &amp; Baxter) in Zusammenarbeit mit Greenlees Bros. als perfekter Ort f\u00fcr seine Inselvision ausgew\u00e4hlt. Der Bau bedeutete nicht nur den Bau der Destillerie, sondern auch der H\u00e4user, den Bau einer Stra\u00dfe und das Hinzuf\u00fcgen eines Piers, damit F\u00e4sser und Gerste hereinkommen und Whisky ausgehen konnten. Es kostete Robertson insgesamt 30.000 Pfund (entspricht den heutigen 2,6 Millionen Pfund).<\/p>\n<p><strong>Whisky\/Whiskey: 15yo Old Particular (Douglas Laing)<br \/>\n<\/strong>Douglas Laing\u2019s Old Particular Reihe besteht aus individuell ausgew\u00e4hlten Malt und Grain Whiskys aus ganz Schottland, die nach h\u00f6chster Qualit\u00e4tsstufe hergestellt werden. Diese Whiskys werden weder k\u00e4ltefiltriert noch mit Farbstoffen versehen und sind mit ihren Single Cask Abf\u00fcllungen einzigartig.<br \/>\nDer Old Particular Bunnhabhain 15yo reifte in einem Refilled Barrel mit der Cask No. DL 14092. Limitiert auf 225 Flaschen weltweit (!!) und exklusiv abgef\u00fcllt f\u00fcr deinwhisky.de Die &#8220;Farbe&#8221; zeichnet sich durch &#8220;dunklen Bernstein&#8221; aus. In der Nase vernimmt man &#8220;Sherrynoten, Gew\u00fcrze und Kaffee&#8221;. Der Geschmack dagegen ist &#8220;vollmundig, frisch, schokoladig, nach Toffee &amp; Gew\u00fcrzen&#8221;, gefolgt vom Abgang, der &#8220;lang anhaltend und reich an Fr\u00fcchten&#8221; ist.<\/p>\n<p><strong>Side Note zum Abf\u00fcller: Douglas Laing<\/strong><br \/>\nBis 2013 arbeiteten die Br\u00fcder Fred-Douglas und Stewart Laing zusammen und leiteten das familieneigene Abf\u00fcllunternehmen bevor sie beschlossen, das Verm\u00f6gen des Unternehmens aufzuteilen und getrennte Wege zu gehen. Douglas Laings Tochter Cara schloss sich ihrem Vater an und brachte ihre umfangreiche Erfahrung mit schottischem Whisky mit, nachdem sie als Global Brand Manager f\u00fcr Jura Single Malt t\u00e4tig war (mit einem kurzem Intermezzo als Marketingmanagerin f\u00fcr Bowmore und Glen Garioch).<br \/>\nCara ist in der dritten Generation der Familie Laing t\u00e4tig, welches 1948 von ihrem Gro\u00dfvater Fred Douglas Laing gegr\u00fcndet wurde. Er mischte seinen eigenen Whisky etablierte ein Abf\u00fcllprogramm mit vielen schottischen Destillerien. Douglas Laing besitzt bereits eine Destillerie \u2013 Strathearn in Perthshire, die 2019 erworben wurde und bald durch eine weitere Destillerie (eine neue Anlage im Wert von 10,7 Millionen Pfund in Glasgow) erg\u00e4nzt wird.<\/p>\n<p><strong>Info Qualit\u00e4t der Flasche:<\/strong> Exzellent &#8211; ohne Besch\u00e4digungen \/ <strong>F\u00fcllstand: <\/strong>Into neck<br \/>\n<strong>Info Qualit\u00e4t der Box:\u00a0<\/strong>Exzellent &#8211; ohne Besch\u00e4digungen<\/p>\n<p><strong>Wichtiger Hinweis:<\/strong> Die Bewertung der Flaschen und Boxen erfolgt nach \u201ebesten Wissen und Gewissen\u201c. dramfolks kann keine Gew\u00e4hrleistung f\u00fcr den Inhalt der Flaschen \u00fcbernehmen. Weitere Infos &amp; Hinweise finden Sie in unseren AGBs. Wir empfehlen Ihnen, vor der Abgabe von Geboten \u00fcber die Zoomfunktion eine Besichtigung \/ genaue Pr\u00fcfung des angebotenen Whiskys vorzunehmen. Bitte kontaktieren sie uns bei Fragen direkt unter info@dramfolks.com<\/p>\n","protected":false},"excerpt":{"rendered":"<p>Destille: Bunnahabhain Die Bunnahabhain Destillerie (schottisch-g\u00e4lisch: Taigh-staile Bun na h-Abhainne) wurde 1881 in der N\u00e4he von Port Askaig auf Islay gegr\u00fcndet. Im Jahr 1887, als Bunnahabhain mit Glenrothes fusionierte, wurde ebenfalls Highland Distillers [heute Edrington] gegr\u00fcndet. W\u00e4hrend andere Islay-Destillerien ihre Marken als Single Malts und zum Blenden verkauften, war Bunnas Schicksal immer bei letzteren (u.a.[&#8230;]\n","protected":false},"featured_media":536442,"comment_status":"closed","ping_status":"closed","template":"","meta":[],"product_brand":[],"product_cat":[1315],"product_tag":[],"class_list":{"0":"post-6728326","1":"product","2":"type-product","3":"status-publish","4":"has-post-thumbnail","6":"product_cat-no-24","8":"first","9":"instock","10":"shipping-taxable","11":"purchasable","12":"product-type-auction"},"yoast_head":"<!-- This site is optimized with the Yoast SEO plugin v27.0 - https:\/\/yoast.com\/product\/yoast-seo-wordpress\/ -->\n<title>Bunnahabhain - 15yo Old Particular (Douglas Laing) - Dramfolks Whisky Auction<\/title>\n<meta name=\"robots\" content=\"index, follow, max-snippet:-1, max-image-preview:large, max-video-preview:-1\" \/>\n<link rel=\"canonical\" href=\"https:\/\/www.dramfolks-whisky-auction.com\/en\/product\/bunnahabhain-15yo-old-particular-douglas-laing-11\/\" \/>\n<meta property=\"og:locale\" content=\"en_US\" \/>\n<meta property=\"og:type\" content=\"article\" \/>\n<meta property=\"og:title\" content=\"Bunnahabhain - 15yo Old Particular (Douglas Laing) - Dramfolks Whisky Auction\" \/>\n<meta property=\"og:description\" content=\"Destille: Bunnahabhain Die Bunnahabhain Destillerie (schottisch-g\u00e4lisch: Taigh-staile Bun na h-Abhainne) wurde 1881 in der N\u00e4he von Port Askaig auf Islay gegr\u00fcndet. Im Jahr 1887, als Bunnahabhain mit Glenrothes fusionierte, wurde ebenfalls Highland Distillers [heute Edrington] gegr\u00fcndet. W\u00e4hrend andere Islay-Destillerien ihre Marken als Single Malts und zum Blenden verkauften, war Bunnas Schicksal immer bei letzteren (u.a.[...]\" \/>\n<meta property=\"og:url\" content=\"https:\/\/www.dramfolks-whisky-auction.com\/en\/product\/bunnahabhain-15yo-old-particular-douglas-laing-11\/\" \/>\n<meta property=\"og:site_name\" content=\"Dramfolks Whisky Auction\" \/>\n<meta property=\"article:modified_time\" content=\"2026-04-03T05:15:23+00:00\" \/>\n<meta property=\"og:image\" content=\"https:\/\/www.dramfolks-whisky-auction.com\/wp-content\/uploads\/2024\/09\/Old-Particular-15yo-vorne-scaled.jpg\" \/>\n\t<meta property=\"og:image:width\" content=\"2560\" \/>\n\t<meta property=\"og:image:height\" content=\"2560\" \/>\n\t<meta property=\"og:image:type\" content=\"image\/jpeg\" \/>\n<meta name=\"twitter:card\" content=\"summary_large_image\" \/>\n<meta name=\"twitter:label1\" content=\"Est. reading time\" \/>\n\t<meta name=\"twitter:data1\" content=\"4 minutes\" \/>\n<script type=\"application\/ld+json\" class=\"yoast-schema-graph\">{\"@context\":\"https:\/\/schema.org\",\"@graph\":[{\"@type\":\"WebPage\",\"@id\":\"https:\/\/www.dramfolks-whisky-auction.com\/en\/product\/bunnahabhain-15yo-old-particular-douglas-laing-11\/\",\"url\":\"https:\/\/www.dramfolks-whisky-auction.com\/en\/product\/bunnahabhain-15yo-old-particular-douglas-laing-11\/\",\"name\":\"Bunnahabhain - 15yo Old Particular (Douglas Laing) - Dramfolks Whisky Auction\",\"isPartOf\":{\"@id\":\"https:\/\/www.dramfolks-whisky-auction.com\/en\/#website\"},\"primaryImageOfPage\":{\"@id\":\"https:\/\/www.dramfolks-whisky-auction.com\/en\/product\/bunnahabhain-15yo-old-particular-douglas-laing-11\/#primaryimage\"},\"image\":{\"@id\":\"https:\/\/www.dramfolks-whisky-auction.com\/en\/product\/bunnahabhain-15yo-old-particular-douglas-laing-11\/#primaryimage\"},\"thumbnailUrl\":\"https:\/\/www.dramfolks-whisky-auction.com\/wp-content\/uploads\/2024\/09\/Old-Particular-15yo-vorne-scaled.jpg\",\"datePublished\":\"2026-04-03T05:14:50+00:00\",\"dateModified\":\"2026-04-03T05:15:23+00:00\",\"breadcrumb\":{\"@id\":\"https:\/\/www.dramfolks-whisky-auction.com\/en\/product\/bunnahabhain-15yo-old-particular-douglas-laing-11\/#breadcrumb\"},\"inLanguage\":\"en-US\",\"potentialAction\":[{\"@type\":\"ReadAction\",\"target\":[\"https:\/\/www.dramfolks-whisky-auction.com\/en\/product\/bunnahabhain-15yo-old-particular-douglas-laing-11\/\"]}]},{\"@type\":\"ImageObject\",\"inLanguage\":\"en-US\",\"@id\":\"https:\/\/www.dramfolks-whisky-auction.com\/en\/product\/bunnahabhain-15yo-old-particular-douglas-laing-11\/#primaryimage\",\"url\":\"https:\/\/www.dramfolks-whisky-auction.com\/wp-content\/uploads\/2024\/09\/Old-Particular-15yo-vorne-scaled.jpg\",\"contentUrl\":\"https:\/\/www.dramfolks-whisky-auction.com\/wp-content\/uploads\/2024\/09\/Old-Particular-15yo-vorne-scaled.jpg\",\"width\":2560,\"height\":2560},{\"@type\":\"BreadcrumbList\",\"@id\":\"https:\/\/www.dramfolks-whisky-auction.com\/en\/product\/bunnahabhain-15yo-old-particular-douglas-laing-11\/#breadcrumb\",\"itemListElement\":[{\"@type\":\"ListItem\",\"position\":1,\"name\":\"Startseite\",\"item\":\"https:\/\/www.dramfolks-whisky-auction.com\/en\/\"},{\"@type\":\"ListItem\",\"position\":2,\"name\":\"Shop\",\"item\":\"https:\/\/www.dramfolks-whisky-auction.com\/en\/shop\/\"},{\"@type\":\"ListItem\",\"position\":3,\"name\":\"Bunnahabhain &#8211; 15yo Old Particular (Douglas Laing)\"}]},{\"@type\":\"WebSite\",\"@id\":\"https:\/\/www.dramfolks-whisky-auction.com\/en\/#website\",\"url\":\"https:\/\/www.dramfolks-whisky-auction.com\/en\/\",\"name\":\"Dramfolks Whisky Auction\",\"description\":\"\",\"potentialAction\":[{\"@type\":\"SearchAction\",\"target\":{\"@type\":\"EntryPoint\",\"urlTemplate\":\"https:\/\/www.dramfolks-whisky-auction.com\/en\/?s={search_term_string}\"},\"query-input\":{\"@type\":\"PropertyValueSpecification\",\"valueRequired\":true,\"valueName\":\"search_term_string\"}}],\"inLanguage\":\"en-US\"}]}<\/script>\n<!-- \/ Yoast SEO plugin. -->","yoast_head_json":{"title":"Bunnahabhain - 15yo Old Particular (Douglas Laing) - Dramfolks Whisky Auction","robots":{"index":"index","follow":"follow","max-snippet":"max-snippet:-1","max-image-preview":"max-image-preview:large","max-video-preview":"max-video-preview:-1"},"canonical":"https:\/\/www.dramfolks-whisky-auction.com\/en\/product\/bunnahabhain-15yo-old-particular-douglas-laing-11\/","og_locale":"en_US","og_type":"article","og_title":"Bunnahabhain - 15yo Old Particular (Douglas Laing) - Dramfolks Whisky Auction","og_description":"Destille: Bunnahabhain Die Bunnahabhain Destillerie (schottisch-g\u00e4lisch: Taigh-staile Bun na h-Abhainne) wurde 1881 in der N\u00e4he von Port Askaig auf Islay gegr\u00fcndet. Im Jahr 1887, als Bunnahabhain mit Glenrothes fusionierte, wurde ebenfalls Highland Distillers [heute Edrington] gegr\u00fcndet. W\u00e4hrend andere Islay-Destillerien ihre Marken als Single Malts und zum Blenden verkauften, war Bunnas Schicksal immer bei letzteren (u.a.[...]","og_url":"https:\/\/www.dramfolks-whisky-auction.com\/en\/product\/bunnahabhain-15yo-old-particular-douglas-laing-11\/","og_site_name":"Dramfolks Whisky Auction","article_modified_time":"2026-04-03T05:15:23+00:00","og_image":[{"width":2560,"height":2560,"url":"https:\/\/www.dramfolks-whisky-auction.com\/wp-content\/uploads\/2024\/09\/Old-Particular-15yo-vorne-scaled.jpg","type":"image\/jpeg"}],"twitter_card":"summary_large_image","twitter_misc":{"Est. reading time":"4 minutes"},"schema":{"@context":"https:\/\/schema.org","@graph":[{"@type":"WebPage","@id":"https:\/\/www.dramfolks-whisky-auction.com\/en\/product\/bunnahabhain-15yo-old-particular-douglas-laing-11\/","url":"https:\/\/www.dramfolks-whisky-auction.com\/en\/product\/bunnahabhain-15yo-old-particular-douglas-laing-11\/","name":"Bunnahabhain - 15yo Old Particular (Douglas Laing) - Dramfolks Whisky Auction","isPartOf":{"@id":"https:\/\/www.dramfolks-whisky-auction.com\/en\/#website"},"primaryImageOfPage":{"@id":"https:\/\/www.dramfolks-whisky-auction.com\/en\/product\/bunnahabhain-15yo-old-particular-douglas-laing-11\/#primaryimage"},"image":{"@id":"https:\/\/www.dramfolks-whisky-auction.com\/en\/product\/bunnahabhain-15yo-old-particular-douglas-laing-11\/#primaryimage"},"thumbnailUrl":"https:\/\/www.dramfolks-whisky-auction.com\/wp-content\/uploads\/2024\/09\/Old-Particular-15yo-vorne-scaled.jpg","datePublished":"2026-04-03T05:14:50+00:00","dateModified":"2026-04-03T05:15:23+00:00","breadcrumb":{"@id":"https:\/\/www.dramfolks-whisky-auction.com\/en\/product\/bunnahabhain-15yo-old-particular-douglas-laing-11\/#breadcrumb"},"inLanguage":"en-US","potentialAction":[{"@type":"ReadAction","target":["https:\/\/www.dramfolks-whisky-auction.com\/en\/product\/bunnahabhain-15yo-old-particular-douglas-laing-11\/"]}]},{"@type":"ImageObject","inLanguage":"en-US","@id":"https:\/\/www.dramfolks-whisky-auction.com\/en\/product\/bunnahabhain-15yo-old-particular-douglas-laing-11\/#primaryimage","url":"https:\/\/www.dramfolks-whisky-auction.com\/wp-content\/uploads\/2024\/09\/Old-Particular-15yo-vorne-scaled.jpg","contentUrl":"https:\/\/www.dramfolks-whisky-auction.com\/wp-content\/uploads\/2024\/09\/Old-Particular-15yo-vorne-scaled.jpg","width":2560,"height":2560},{"@type":"BreadcrumbList","@id":"https:\/\/www.dramfolks-whisky-auction.com\/en\/product\/bunnahabhain-15yo-old-particular-douglas-laing-11\/#breadcrumb","itemListElement":[{"@type":"ListItem","position":1,"name":"Startseite","item":"https:\/\/www.dramfolks-whisky-auction.com\/en\/"},{"@type":"ListItem","position":2,"name":"Shop","item":"https:\/\/www.dramfolks-whisky-auction.com\/en\/shop\/"},{"@type":"ListItem","position":3,"name":"Bunnahabhain &#8211; 15yo Old Particular (Douglas Laing)"}]},{"@type":"WebSite","@id":"https:\/\/www.dramfolks-whisky-auction.com\/en\/#website","url":"https:\/\/www.dramfolks-whisky-auction.com\/en\/","name":"Dramfolks Whisky Auction","description":"","potentialAction":[{"@type":"SearchAction","target":{"@type":"EntryPoint","urlTemplate":"https:\/\/www.dramfolks-whisky-auction.com\/en\/?s={search_term_string}"},"query-input":{"@type":"PropertyValueSpecification","valueRequired":true,"valueName":"search_term_string"}}],"inLanguage":"en-US"}]}},"_links":{"self":[{"href":"https:\/\/www.dramfolks-whisky-auction.com\/en\/wp-json\/wp\/v2\/product\/6728326","targetHints":{"allow":["GET"]}}],"collection":[{"href":"https:\/\/www.dramfolks-whisky-auction.com\/en\/wp-json\/wp\/v2\/product"}],"about":[{"href":"https:\/\/www.dramfolks-whisky-auction.com\/en\/wp-json\/wp\/v2\/types\/product"}],"replies":[{"embeddable":true,"href":"https:\/\/www.dramfolks-whisky-auction.com\/en\/wp-json\/wp\/v2\/comments?post=6728326"}],"wp:featuredmedia":[{"embeddable":true,"href":"https:\/\/www.dramfolks-whisky-auction.com\/en\/wp-json\/wp\/v2\/media\/536442"}],"wp:attachment":[{"href":"https:\/\/www.dramfolks-whisky-auction.com\/en\/wp-json\/wp\/v2\/media?parent=6728326"}],"wp:term":[{"taxonomy":"product_brand","embeddable":true,"href":"https:\/\/www.dramfolks-whisky-auction.com\/en\/wp-json\/wp\/v2\/product_brand?post=6728326"},{"taxonomy":"product_cat","embeddable":true,"href":"https:\/\/www.dramfolks-whisky-auction.com\/en\/wp-json\/wp\/v2\/product_cat?post=6728326"},{"taxonomy":"product_tag","embeddable":true,"href":"https:\/\/www.dramfolks-whisky-auction.com\/en\/wp-json\/wp\/v2\/product_tag?post=6728326"}],"curies":[{"name":"wp","href":"https:\/\/api.w.org\/{rel}","templated":true}]}}