{"id":6728324,"date":"2026-04-03T07:11:22","date_gmt":"2026-04-03T05:11:22","guid":{"rendered":"https:\/\/www.dramfolks-whisky-auction.com\/?post_type=product&#038;p=6728324"},"modified":"2026-04-03T07:12:39","modified_gmt":"2026-04-03T05:12:39","slug":"glengoyne-the-legacy-series-chapter-three-4","status":"publish","type":"product","link":"https:\/\/www.dramfolks-whisky-auction.com\/en\/product\/glengoyne-the-legacy-series-chapter-three-4\/","title":{"rendered":"Glengoyne &#8211; The Legacy Series Chapter Three"},"content":{"rendered":"<p><strong>Destille: Glengoyne<br \/>\n<\/strong>Glengoyne Distillery ist eine Whiskybrennerei, die seit ihrer Gr\u00fcndung im Jahr 1833 in Dumgoyne, n\u00f6rdlich von Glasgow ununterbrochen in Betrieb ist. Die Brennerei begann 1833 unter dem Namen &#8220;Burnfoot Distillery&#8221; mit der Destillation von Whisky. Urspr\u00fcnglich im Besitz von George Connell, der die Brennerei baute und einen Pachtvertrag auf dem umliegenden Land abschloss, ging sie 1876 an die in Glasgow ans\u00e4ssigen Gebr\u00fcder Lang. Der Mythos besagt, dass die Langs beabsichtigten, die Brennerei in Glengoyne abzu\u00e4ndern. Allerdings muss sich beim Anmeldeprozess der Fehlerteufel eingeschlichen haben, sodass ein Angestellter final &#8220;Glen Guin&#8221; notiert hat. Erst 1905 wurde sie dann in Glengoyne abge\u00e4ndert. Heute ist die Destillerie im Besitz der Edrington Group. J\u00e4hrliches Produktionsvolumen: ca. 1,1 Mio. Liter.<\/p>\n<p><strong>Fun Fakt: <\/strong>Glengoyne ist ein &#8220;Regionszwitter&#8221;. W\u00e4hrend der Single Malt in den Highlands hergestellt wird (die Stills sind auf der Highland Seite), lagert und reift der Whisky in den Lagerh\u00e4usern auf der Lowlands Seite. Dieses Ph\u00e4nomen liegt daran, dass die Trennung zwischen den beiden schottischen Whiskyregionen &#8220;Highlands&#8221; und &#8220;Lowlands&#8221; direkt durch die Stra\u00dfe an der Destillerie verl\u00e4uft. Eine Seite &#8220;High&#8221;, die andere &#8220;Low&#8221;&#8230;<\/p>\n<p><strong>Whisky\/Whiskey: The Legacy Series Chapter Three<br \/>\n<\/strong>Die dritte Abf\u00fcllung der Glengoyne Serie Legacy, &#8216;Chapter Three&#8217;, ist Sir Arthur John Tedder (1890-1967) gewidmet, dem Steuereinzieher der Brennerei (<span data-v-46783aec=\"\" data-v-162be419=\"\">Exciseman<\/span>), der bei der Gestaltung des Single Malts mitgewirkt hat. Ihm zu Ehren wurden ausschlie\u00dflich Sherryf\u00e4sser aus amerikanischer Eiche aus den Lagerh\u00e4usern der Highland Brennerei. Damit endet die Serie, die sich den einzigartigen Geschichten der Menschen, die die Brennerei in den letzten zwei Jahrhunderten gepr\u00e4gt haben, widmet. Der Whisky wird aus einer Kombination von acht verschiedenen F\u00e4ssern hergestellt, die zwischen 10 und 21 Jahren in Eichenf\u00e4ssern gereift sind. Diese F\u00e4sser wurden ausgew\u00e4hlt, um eine einzigartige Kombination von Aromen und Geschmacksnoten zu erzeugen. Glengoyne The Legacy Series Chapter Three begeistert mit einer goldenen Farbe und Aromen von s\u00fc\u00dfen Fr\u00fcchten, Gew\u00fcrzen und Eichenholz. Der komplexe, vollmundige Geschmack vereint Fruchtigkeit mit einem Hauch von Torf. Ein einzigartiger Single Malt Whisky, der in einer limitierten Auflage von nur 1.000 Flaschen weltweit hergestellt wird!!<\/p>\n<p><strong>Info Qualit\u00e4t der Flasche:<\/strong> Exzellent &#8211; ohne Besch\u00e4digungen \/ <strong>F\u00fcllstand: <\/strong>High fill<br \/>\n<strong>Info Qualit\u00e4t der Box:\u00a0<\/strong> Exzellent &#8211; ohne Besch\u00e4digungen<\/p>\n<p><strong>Wichtiger Hinweis:<\/strong> Die Bewertung der Flaschen und Boxen erfolgt nach \u201ebesten Wissen und Gewissen\u201c. dramfolks kann keine Gew\u00e4hrleistung f\u00fcr den Inhalt der Flaschen \u00fcbernehmen. Weitere Infos &amp; Hinweise finden Sie in unseren AGBs. Wir empfehlen Ihnen, vor der Abgabe von Geboten \u00fcber die Zoomfunktion eine Besichtigung \/ genaue Pr\u00fcfung des angebotenen Whiskys vorzunehmen. Bitte kontaktieren sie uns bei Fragen direkt unter info@dramfolks.com<\/p>\n","protected":false},"excerpt":{"rendered":"<p>Destille: Glengoyne Glengoyne Distillery ist eine Whiskybrennerei, die seit ihrer Gr\u00fcndung im Jahr 1833 in Dumgoyne, n\u00f6rdlich von Glasgow ununterbrochen in Betrieb ist. Die Brennerei begann 1833 unter dem Namen &#8220;Burnfoot Distillery&#8221; mit der Destillation von Whisky. Urspr\u00fcnglich im Besitz von George Connell, der die Brennerei baute und einen Pachtvertrag auf dem umliegenden Land abschloss,[&#8230;]\n","protected":false},"featured_media":6727414,"comment_status":"closed","ping_status":"closed","template":"","meta":[],"product_brand":[],"product_cat":[1315],"product_tag":[],"class_list":{"0":"post-6728324","1":"product","2":"type-product","3":"status-publish","4":"has-post-thumbnail","6":"product_cat-no-24","8":"first","9":"instock","10":"shipping-taxable","11":"purchasable","12":"product-type-auction"},"yoast_head":"<!-- This site is optimized with the Yoast SEO plugin v27.0 - https:\/\/yoast.com\/product\/yoast-seo-wordpress\/ -->\n<title>Glengoyne - The Legacy Series Chapter Three - Dramfolks Whisky Auction<\/title>\n<meta name=\"robots\" content=\"index, follow, max-snippet:-1, max-image-preview:large, max-video-preview:-1\" \/>\n<link rel=\"canonical\" href=\"https:\/\/www.dramfolks-whisky-auction.com\/en\/product\/glengoyne-the-legacy-series-chapter-three-4\/\" \/>\n<meta property=\"og:locale\" content=\"en_US\" \/>\n<meta property=\"og:type\" content=\"article\" \/>\n<meta property=\"og:title\" content=\"Glengoyne - The Legacy Series Chapter Three - Dramfolks Whisky Auction\" \/>\n<meta property=\"og:description\" content=\"Destille: Glengoyne Glengoyne Distillery ist eine Whiskybrennerei, die seit ihrer Gr\u00fcndung im Jahr 1833 in Dumgoyne, n\u00f6rdlich von Glasgow ununterbrochen in Betrieb ist. Die Brennerei begann 1833 unter dem Namen &#8220;Burnfoot Distillery&#8221; mit der Destillation von Whisky. Urspr\u00fcnglich im Besitz von George Connell, der die Brennerei baute und einen Pachtvertrag auf dem umliegenden Land abschloss,[...]\" \/>\n<meta property=\"og:url\" content=\"https:\/\/www.dramfolks-whisky-auction.com\/en\/product\/glengoyne-the-legacy-series-chapter-three-4\/\" \/>\n<meta property=\"og:site_name\" content=\"Dramfolks Whisky Auction\" \/>\n<meta property=\"article:modified_time\" content=\"2026-04-03T05:12:39+00:00\" \/>\n<meta property=\"og:image\" content=\"https:\/\/www.dramfolks-whisky-auction.com\/wp-content\/uploads\/2025\/12\/Glengoyne-vorne.jpg\" \/>\n\t<meta property=\"og:image:width\" content=\"2390\" \/>\n\t<meta property=\"og:image:height\" content=\"2390\" \/>\n\t<meta property=\"og:image:type\" content=\"image\/jpeg\" \/>\n<meta name=\"twitter:card\" content=\"summary_large_image\" \/>\n<meta name=\"twitter:label1\" content=\"Est. reading time\" \/>\n\t<meta name=\"twitter:data1\" content=\"3 minutes\" \/>\n<script type=\"application\/ld+json\" class=\"yoast-schema-graph\">{\"@context\":\"https:\/\/schema.org\",\"@graph\":[{\"@type\":\"WebPage\",\"@id\":\"https:\/\/www.dramfolks-whisky-auction.com\/en\/product\/glengoyne-the-legacy-series-chapter-three-4\/\",\"url\":\"https:\/\/www.dramfolks-whisky-auction.com\/en\/product\/glengoyne-the-legacy-series-chapter-three-4\/\",\"name\":\"Glengoyne - The Legacy Series Chapter Three - Dramfolks Whisky Auction\",\"isPartOf\":{\"@id\":\"https:\/\/www.dramfolks-whisky-auction.com\/en\/#website\"},\"primaryImageOfPage\":{\"@id\":\"https:\/\/www.dramfolks-whisky-auction.com\/en\/product\/glengoyne-the-legacy-series-chapter-three-4\/#primaryimage\"},\"image\":{\"@id\":\"https:\/\/www.dramfolks-whisky-auction.com\/en\/product\/glengoyne-the-legacy-series-chapter-three-4\/#primaryimage\"},\"thumbnailUrl\":\"https:\/\/www.dramfolks-whisky-auction.com\/wp-content\/uploads\/2025\/12\/Glengoyne-vorne.jpg\",\"datePublished\":\"2026-04-03T05:11:22+00:00\",\"dateModified\":\"2026-04-03T05:12:39+00:00\",\"breadcrumb\":{\"@id\":\"https:\/\/www.dramfolks-whisky-auction.com\/en\/product\/glengoyne-the-legacy-series-chapter-three-4\/#breadcrumb\"},\"inLanguage\":\"en-US\",\"potentialAction\":[{\"@type\":\"ReadAction\",\"target\":[\"https:\/\/www.dramfolks-whisky-auction.com\/en\/product\/glengoyne-the-legacy-series-chapter-three-4\/\"]}]},{\"@type\":\"ImageObject\",\"inLanguage\":\"en-US\",\"@id\":\"https:\/\/www.dramfolks-whisky-auction.com\/en\/product\/glengoyne-the-legacy-series-chapter-three-4\/#primaryimage\",\"url\":\"https:\/\/www.dramfolks-whisky-auction.com\/wp-content\/uploads\/2025\/12\/Glengoyne-vorne.jpg\",\"contentUrl\":\"https:\/\/www.dramfolks-whisky-auction.com\/wp-content\/uploads\/2025\/12\/Glengoyne-vorne.jpg\",\"width\":2390,\"height\":2390},{\"@type\":\"BreadcrumbList\",\"@id\":\"https:\/\/www.dramfolks-whisky-auction.com\/en\/product\/glengoyne-the-legacy-series-chapter-three-4\/#breadcrumb\",\"itemListElement\":[{\"@type\":\"ListItem\",\"position\":1,\"name\":\"Startseite\",\"item\":\"https:\/\/www.dramfolks-whisky-auction.com\/en\/\"},{\"@type\":\"ListItem\",\"position\":2,\"name\":\"Shop\",\"item\":\"https:\/\/www.dramfolks-whisky-auction.com\/en\/shop\/\"},{\"@type\":\"ListItem\",\"position\":3,\"name\":\"Glengoyne &#8211; The Legacy Series Chapter Three\"}]},{\"@type\":\"WebSite\",\"@id\":\"https:\/\/www.dramfolks-whisky-auction.com\/en\/#website\",\"url\":\"https:\/\/www.dramfolks-whisky-auction.com\/en\/\",\"name\":\"Dramfolks Whisky Auction\",\"description\":\"\",\"potentialAction\":[{\"@type\":\"SearchAction\",\"target\":{\"@type\":\"EntryPoint\",\"urlTemplate\":\"https:\/\/www.dramfolks-whisky-auction.com\/en\/?s={search_term_string}\"},\"query-input\":{\"@type\":\"PropertyValueSpecification\",\"valueRequired\":true,\"valueName\":\"search_term_string\"}}],\"inLanguage\":\"en-US\"}]}<\/script>\n<!-- \/ Yoast SEO plugin. -->","yoast_head_json":{"title":"Glengoyne - The Legacy Series Chapter Three - Dramfolks Whisky Auction","robots":{"index":"index","follow":"follow","max-snippet":"max-snippet:-1","max-image-preview":"max-image-preview:large","max-video-preview":"max-video-preview:-1"},"canonical":"https:\/\/www.dramfolks-whisky-auction.com\/en\/product\/glengoyne-the-legacy-series-chapter-three-4\/","og_locale":"en_US","og_type":"article","og_title":"Glengoyne - The Legacy Series Chapter Three - Dramfolks Whisky Auction","og_description":"Destille: Glengoyne Glengoyne Distillery ist eine Whiskybrennerei, die seit ihrer Gr\u00fcndung im Jahr 1833 in Dumgoyne, n\u00f6rdlich von Glasgow ununterbrochen in Betrieb ist. Die Brennerei begann 1833 unter dem Namen &#8220;Burnfoot Distillery&#8221; mit der Destillation von Whisky. Urspr\u00fcnglich im Besitz von George Connell, der die Brennerei baute und einen Pachtvertrag auf dem umliegenden Land abschloss,[...]","og_url":"https:\/\/www.dramfolks-whisky-auction.com\/en\/product\/glengoyne-the-legacy-series-chapter-three-4\/","og_site_name":"Dramfolks Whisky Auction","article_modified_time":"2026-04-03T05:12:39+00:00","og_image":[{"width":2390,"height":2390,"url":"https:\/\/www.dramfolks-whisky-auction.com\/wp-content\/uploads\/2025\/12\/Glengoyne-vorne.jpg","type":"image\/jpeg"}],"twitter_card":"summary_large_image","twitter_misc":{"Est. reading time":"3 minutes"},"schema":{"@context":"https:\/\/schema.org","@graph":[{"@type":"WebPage","@id":"https:\/\/www.dramfolks-whisky-auction.com\/en\/product\/glengoyne-the-legacy-series-chapter-three-4\/","url":"https:\/\/www.dramfolks-whisky-auction.com\/en\/product\/glengoyne-the-legacy-series-chapter-three-4\/","name":"Glengoyne - The Legacy Series Chapter Three - Dramfolks Whisky Auction","isPartOf":{"@id":"https:\/\/www.dramfolks-whisky-auction.com\/en\/#website"},"primaryImageOfPage":{"@id":"https:\/\/www.dramfolks-whisky-auction.com\/en\/product\/glengoyne-the-legacy-series-chapter-three-4\/#primaryimage"},"image":{"@id":"https:\/\/www.dramfolks-whisky-auction.com\/en\/product\/glengoyne-the-legacy-series-chapter-three-4\/#primaryimage"},"thumbnailUrl":"https:\/\/www.dramfolks-whisky-auction.com\/wp-content\/uploads\/2025\/12\/Glengoyne-vorne.jpg","datePublished":"2026-04-03T05:11:22+00:00","dateModified":"2026-04-03T05:12:39+00:00","breadcrumb":{"@id":"https:\/\/www.dramfolks-whisky-auction.com\/en\/product\/glengoyne-the-legacy-series-chapter-three-4\/#breadcrumb"},"inLanguage":"en-US","potentialAction":[{"@type":"ReadAction","target":["https:\/\/www.dramfolks-whisky-auction.com\/en\/product\/glengoyne-the-legacy-series-chapter-three-4\/"]}]},{"@type":"ImageObject","inLanguage":"en-US","@id":"https:\/\/www.dramfolks-whisky-auction.com\/en\/product\/glengoyne-the-legacy-series-chapter-three-4\/#primaryimage","url":"https:\/\/www.dramfolks-whisky-auction.com\/wp-content\/uploads\/2025\/12\/Glengoyne-vorne.jpg","contentUrl":"https:\/\/www.dramfolks-whisky-auction.com\/wp-content\/uploads\/2025\/12\/Glengoyne-vorne.jpg","width":2390,"height":2390},{"@type":"BreadcrumbList","@id":"https:\/\/www.dramfolks-whisky-auction.com\/en\/product\/glengoyne-the-legacy-series-chapter-three-4\/#breadcrumb","itemListElement":[{"@type":"ListItem","position":1,"name":"Startseite","item":"https:\/\/www.dramfolks-whisky-auction.com\/en\/"},{"@type":"ListItem","position":2,"name":"Shop","item":"https:\/\/www.dramfolks-whisky-auction.com\/en\/shop\/"},{"@type":"ListItem","position":3,"name":"Glengoyne &#8211; The Legacy Series Chapter Three"}]},{"@type":"WebSite","@id":"https:\/\/www.dramfolks-whisky-auction.com\/en\/#website","url":"https:\/\/www.dramfolks-whisky-auction.com\/en\/","name":"Dramfolks Whisky Auction","description":"","potentialAction":[{"@type":"SearchAction","target":{"@type":"EntryPoint","urlTemplate":"https:\/\/www.dramfolks-whisky-auction.com\/en\/?s={search_term_string}"},"query-input":{"@type":"PropertyValueSpecification","valueRequired":true,"valueName":"search_term_string"}}],"inLanguage":"en-US"}]}},"_links":{"self":[{"href":"https:\/\/www.dramfolks-whisky-auction.com\/en\/wp-json\/wp\/v2\/product\/6728324","targetHints":{"allow":["GET"]}}],"collection":[{"href":"https:\/\/www.dramfolks-whisky-auction.com\/en\/wp-json\/wp\/v2\/product"}],"about":[{"href":"https:\/\/www.dramfolks-whisky-auction.com\/en\/wp-json\/wp\/v2\/types\/product"}],"replies":[{"embeddable":true,"href":"https:\/\/www.dramfolks-whisky-auction.com\/en\/wp-json\/wp\/v2\/comments?post=6728324"}],"wp:featuredmedia":[{"embeddable":true,"href":"https:\/\/www.dramfolks-whisky-auction.com\/en\/wp-json\/wp\/v2\/media\/6727414"}],"wp:attachment":[{"href":"https:\/\/www.dramfolks-whisky-auction.com\/en\/wp-json\/wp\/v2\/media?parent=6728324"}],"wp:term":[{"taxonomy":"product_brand","embeddable":true,"href":"https:\/\/www.dramfolks-whisky-auction.com\/en\/wp-json\/wp\/v2\/product_brand?post=6728324"},{"taxonomy":"product_cat","embeddable":true,"href":"https:\/\/www.dramfolks-whisky-auction.com\/en\/wp-json\/wp\/v2\/product_cat?post=6728324"},{"taxonomy":"product_tag","embeddable":true,"href":"https:\/\/www.dramfolks-whisky-auction.com\/en\/wp-json\/wp\/v2\/product_tag?post=6728324"}],"curies":[{"name":"wp","href":"https:\/\/api.w.org\/{rel}","templated":true}]}}