{"id":6728323,"date":"2026-04-03T07:09:38","date_gmt":"2026-04-03T05:09:38","guid":{"rendered":"https:\/\/www.dramfolks-whisky-auction.com\/?post_type=product&#038;p=6728323"},"modified":"2026-04-03T07:10:14","modified_gmt":"2026-04-03T05:10:14","slug":"glenallachie-10yo-cask-strength-batch-5-5","status":"publish","type":"product","link":"https:\/\/www.dramfolks-whisky-auction.com\/en\/product\/glenallachie-10yo-cask-strength-batch-5-5\/","title":{"rendered":"GlenAllachie &#8211; 10yo Cask Strength Batch 5"},"content":{"rendered":"<p><strong>Destille: GlenAllachie<br \/>\n<\/strong>GlenAllachie ist eine vergleichsweise noch relativ junge Destille in der schottischen Speyside. Der Name kommt aus dem G\u00e4lischen und bedeutet &#8216;Tal der Steine&#8217;. 2017 wurde die <span class=\"tx-datamintslossaryextension-no-replacement\">Brennerei<\/span> von The GlenAllachie Distillers Company Ltd. gekauft, einem Konsortium unter der F\u00fchrung von Billy Walker, Trisha Savage und Graham Stevenson. Die drei zusammen bringen \u00fcber 100 Jahre Erfahrung in der Whiskyindustrie mit ein. Die <span class=\"tx-datamintslossaryextension-no-replacement\">Brennerei<\/span> nutzt ihren Standort und verwendet das ben\u00f6tigte Wasser aus den nahe gelegenen Quellen des Benrinnes. Eine wichtige Besonderheit bei der <span class=\"tx-datamintslossaryextension-no-replacement\">Produktion<\/span> ist die Verwendung von horizontal liegenden Rohrkondensatoren, w\u00e4hrend von den meisten Destillerien stehende verwendet werden. J\u00e4hrliches Produktionsvolumen: ca. 3,2 Mio. Liter.<\/p>\n<p><strong>Fun Fakt: <\/strong>Eine kleine Neuerung war auch das gro\u00dfe &#8216;A&#8217; in GlenAllachie, in Anlehnung an GlenDronach und BenRiach, die Billy Walker vorher leitete.<\/p>\n<p><strong>Whisky\/Whiskey: 10yo Cask Strength Batch 5<br \/>\n<\/strong>GlenAllachie 10 Jahre Cask Strength Batch 5 \u2013 Kraft und Charakter aus der Speyside&#8230;<br \/>\nMit dem Batch 5 der GlenAllachie 10 Jahre Cask Strength pr\u00e4sentiert die Destillerie ein echtes Statement f\u00fcr Fassst\u00e4rke und Handwerkskunst. Dieser Whisky wurde 2021 abgef\u00fcllt und reifte in einer au\u00dfergew\u00f6hnlichen Kombination aus Pedro Xim\u00e9nez- und Oloroso-Sherry-Puncheons, Rioja-Barriques und Virgin Oak \u2013 ein Mix, der f\u00fcr Tiefe und Komplexit\u00e4t sorgt.<br \/>\nWas macht ihn besonders?<br \/>\nFassst\u00e4rke: Mit satten 55,9\u202f% Vol. kommt er direkt aus dem Fass, ohne K\u00fchlfiltration und ohne Farbstoffe.<br \/>\nCharakter: Intensive Aromen von Heidehonig, dunkler Schokolade, Rosinen und Zimt, begleitet von Orangenschale und Muskat.<br \/>\nAbgang: Lang, w\u00fcrzig und kraftvoll \u2013 ein Whisky, der seine Herkunft nicht verleugnet.<br \/>\nF\u00fcr wen ist er gedacht?<br \/>\nDieser Single Malt ist f\u00fcr Liebhaber kr\u00e4ftiger, authentischer Whiskys. Limitiert und handverlesen, ist er ein Muss f\u00fcr Sammler und Genie\u00dfer, die Fassst\u00e4rke sch\u00e4tzen.<\/p>\n<p><strong>Info Qualit\u00e4t der Flasche:<\/strong> Exzellent &#8211; ohne Besch\u00e4digungen \/ <strong>F\u00fcllstand:<\/strong> Top shoulder<br \/>\n<strong>Info Qualit\u00e4t der Box: <\/strong>Exzellent &#8211; ohne Besch\u00e4digungen<\/p>\n<p><strong>Wichtiger Hinweis:<\/strong> Die Bewertung der Flaschen und Boxen erfolgt nach \u201ebesten Wissen und Gewissen\u201c. dramfolks kann keine Gew\u00e4hrleistung f\u00fcr den Inhalt der Flaschen \u00fcbernehmen. Weitere Infos &amp; Hinweise finden Sie in unseren AGBs. Wir empfehlen Ihnen, vor der Abgabe von Geboten \u00fcber die Zoomfunktion eine Besichtigung \/ genaue Pr\u00fcfung des angebotenen Whiskys vorzunehmen. Bitte kontaktieren sie uns bei Fragen direkt unter info@dramfolks.com<\/p>\n","protected":false},"excerpt":{"rendered":"<p>Destille: GlenAllachie GlenAllachie ist eine vergleichsweise noch relativ junge Destille in der schottischen Speyside. Der Name kommt aus dem G\u00e4lischen und bedeutet &#8216;Tal der Steine&#8217;. 2017 wurde die Brennerei von The GlenAllachie Distillers Company Ltd. gekauft, einem Konsortium unter der F\u00fchrung von Billy Walker, Trisha Savage und Graham Stevenson. Die drei zusammen bringen \u00fcber 100[&#8230;]\n","protected":false},"featured_media":5779730,"comment_status":"closed","ping_status":"closed","template":"","meta":[],"product_brand":[],"product_cat":[1315],"product_tag":[],"class_list":{"0":"post-6728323","1":"product","2":"type-product","3":"status-publish","4":"has-post-thumbnail","6":"product_cat-no-24","8":"first","9":"instock","10":"shipping-taxable","11":"purchasable","12":"product-type-auction"},"yoast_head":"<!-- This site is optimized with the Yoast SEO plugin v27.0 - https:\/\/yoast.com\/product\/yoast-seo-wordpress\/ -->\n<title>GlenAllachie - 10yo Cask Strength Batch 5 - Dramfolks Whisky Auction<\/title>\n<meta name=\"robots\" content=\"index, follow, max-snippet:-1, max-image-preview:large, max-video-preview:-1\" \/>\n<link rel=\"canonical\" href=\"https:\/\/www.dramfolks-whisky-auction.com\/en\/product\/glenallachie-10yo-cask-strength-batch-5-5\/\" \/>\n<meta property=\"og:locale\" content=\"en_US\" \/>\n<meta property=\"og:type\" content=\"article\" \/>\n<meta property=\"og:title\" content=\"GlenAllachie - 10yo Cask Strength Batch 5 - Dramfolks Whisky Auction\" \/>\n<meta property=\"og:description\" content=\"Destille: GlenAllachie GlenAllachie ist eine vergleichsweise noch relativ junge Destille in der schottischen Speyside. Der Name kommt aus dem G\u00e4lischen und bedeutet &#8216;Tal der Steine&#8217;. 2017 wurde die Brennerei von The GlenAllachie Distillers Company Ltd. gekauft, einem Konsortium unter der F\u00fchrung von Billy Walker, Trisha Savage und Graham Stevenson. Die drei zusammen bringen \u00fcber 100[...]\" \/>\n<meta property=\"og:url\" content=\"https:\/\/www.dramfolks-whisky-auction.com\/en\/product\/glenallachie-10yo-cask-strength-batch-5-5\/\" \/>\n<meta property=\"og:site_name\" content=\"Dramfolks Whisky Auction\" \/>\n<meta property=\"article:modified_time\" content=\"2026-04-03T05:10:14+00:00\" \/>\n<meta property=\"og:image\" content=\"https:\/\/www.dramfolks-whisky-auction.com\/wp-content\/uploads\/2025\/11\/Glenallachie-10yo-vorne.jpg\" \/>\n\t<meta property=\"og:image:width\" content=\"2340\" \/>\n\t<meta property=\"og:image:height\" content=\"2340\" \/>\n\t<meta property=\"og:image:type\" content=\"image\/jpeg\" \/>\n<meta name=\"twitter:card\" content=\"summary_large_image\" \/>\n<meta name=\"twitter:label1\" content=\"Est. reading time\" \/>\n\t<meta name=\"twitter:data1\" content=\"3 minutes\" \/>\n<script type=\"application\/ld+json\" class=\"yoast-schema-graph\">{\"@context\":\"https:\/\/schema.org\",\"@graph\":[{\"@type\":\"WebPage\",\"@id\":\"https:\/\/www.dramfolks-whisky-auction.com\/en\/product\/glenallachie-10yo-cask-strength-batch-5-5\/\",\"url\":\"https:\/\/www.dramfolks-whisky-auction.com\/en\/product\/glenallachie-10yo-cask-strength-batch-5-5\/\",\"name\":\"GlenAllachie - 10yo Cask Strength Batch 5 - Dramfolks Whisky Auction\",\"isPartOf\":{\"@id\":\"https:\/\/www.dramfolks-whisky-auction.com\/en\/#website\"},\"primaryImageOfPage\":{\"@id\":\"https:\/\/www.dramfolks-whisky-auction.com\/en\/product\/glenallachie-10yo-cask-strength-batch-5-5\/#primaryimage\"},\"image\":{\"@id\":\"https:\/\/www.dramfolks-whisky-auction.com\/en\/product\/glenallachie-10yo-cask-strength-batch-5-5\/#primaryimage\"},\"thumbnailUrl\":\"https:\/\/www.dramfolks-whisky-auction.com\/wp-content\/uploads\/2025\/11\/Glenallachie-10yo-vorne.jpg\",\"datePublished\":\"2026-04-03T05:09:38+00:00\",\"dateModified\":\"2026-04-03T05:10:14+00:00\",\"breadcrumb\":{\"@id\":\"https:\/\/www.dramfolks-whisky-auction.com\/en\/product\/glenallachie-10yo-cask-strength-batch-5-5\/#breadcrumb\"},\"inLanguage\":\"en-US\",\"potentialAction\":[{\"@type\":\"ReadAction\",\"target\":[\"https:\/\/www.dramfolks-whisky-auction.com\/en\/product\/glenallachie-10yo-cask-strength-batch-5-5\/\"]}]},{\"@type\":\"ImageObject\",\"inLanguage\":\"en-US\",\"@id\":\"https:\/\/www.dramfolks-whisky-auction.com\/en\/product\/glenallachie-10yo-cask-strength-batch-5-5\/#primaryimage\",\"url\":\"https:\/\/www.dramfolks-whisky-auction.com\/wp-content\/uploads\/2025\/11\/Glenallachie-10yo-vorne.jpg\",\"contentUrl\":\"https:\/\/www.dramfolks-whisky-auction.com\/wp-content\/uploads\/2025\/11\/Glenallachie-10yo-vorne.jpg\",\"width\":2340,\"height\":2340},{\"@type\":\"BreadcrumbList\",\"@id\":\"https:\/\/www.dramfolks-whisky-auction.com\/en\/product\/glenallachie-10yo-cask-strength-batch-5-5\/#breadcrumb\",\"itemListElement\":[{\"@type\":\"ListItem\",\"position\":1,\"name\":\"Startseite\",\"item\":\"https:\/\/www.dramfolks-whisky-auction.com\/en\/\"},{\"@type\":\"ListItem\",\"position\":2,\"name\":\"Shop\",\"item\":\"https:\/\/www.dramfolks-whisky-auction.com\/en\/shop\/\"},{\"@type\":\"ListItem\",\"position\":3,\"name\":\"GlenAllachie &#8211; 10yo Cask Strength Batch 5\"}]},{\"@type\":\"WebSite\",\"@id\":\"https:\/\/www.dramfolks-whisky-auction.com\/en\/#website\",\"url\":\"https:\/\/www.dramfolks-whisky-auction.com\/en\/\",\"name\":\"Dramfolks Whisky Auction\",\"description\":\"\",\"potentialAction\":[{\"@type\":\"SearchAction\",\"target\":{\"@type\":\"EntryPoint\",\"urlTemplate\":\"https:\/\/www.dramfolks-whisky-auction.com\/en\/?s={search_term_string}\"},\"query-input\":{\"@type\":\"PropertyValueSpecification\",\"valueRequired\":true,\"valueName\":\"search_term_string\"}}],\"inLanguage\":\"en-US\"}]}<\/script>\n<!-- \/ Yoast SEO plugin. -->","yoast_head_json":{"title":"GlenAllachie - 10yo Cask Strength Batch 5 - Dramfolks Whisky Auction","robots":{"index":"index","follow":"follow","max-snippet":"max-snippet:-1","max-image-preview":"max-image-preview:large","max-video-preview":"max-video-preview:-1"},"canonical":"https:\/\/www.dramfolks-whisky-auction.com\/en\/product\/glenallachie-10yo-cask-strength-batch-5-5\/","og_locale":"en_US","og_type":"article","og_title":"GlenAllachie - 10yo Cask Strength Batch 5 - Dramfolks Whisky Auction","og_description":"Destille: GlenAllachie GlenAllachie ist eine vergleichsweise noch relativ junge Destille in der schottischen Speyside. Der Name kommt aus dem G\u00e4lischen und bedeutet &#8216;Tal der Steine&#8217;. 2017 wurde die Brennerei von The GlenAllachie Distillers Company Ltd. gekauft, einem Konsortium unter der F\u00fchrung von Billy Walker, Trisha Savage und Graham Stevenson. Die drei zusammen bringen \u00fcber 100[...]","og_url":"https:\/\/www.dramfolks-whisky-auction.com\/en\/product\/glenallachie-10yo-cask-strength-batch-5-5\/","og_site_name":"Dramfolks Whisky Auction","article_modified_time":"2026-04-03T05:10:14+00:00","og_image":[{"width":2340,"height":2340,"url":"https:\/\/www.dramfolks-whisky-auction.com\/wp-content\/uploads\/2025\/11\/Glenallachie-10yo-vorne.jpg","type":"image\/jpeg"}],"twitter_card":"summary_large_image","twitter_misc":{"Est. reading time":"3 minutes"},"schema":{"@context":"https:\/\/schema.org","@graph":[{"@type":"WebPage","@id":"https:\/\/www.dramfolks-whisky-auction.com\/en\/product\/glenallachie-10yo-cask-strength-batch-5-5\/","url":"https:\/\/www.dramfolks-whisky-auction.com\/en\/product\/glenallachie-10yo-cask-strength-batch-5-5\/","name":"GlenAllachie - 10yo Cask Strength Batch 5 - Dramfolks Whisky Auction","isPartOf":{"@id":"https:\/\/www.dramfolks-whisky-auction.com\/en\/#website"},"primaryImageOfPage":{"@id":"https:\/\/www.dramfolks-whisky-auction.com\/en\/product\/glenallachie-10yo-cask-strength-batch-5-5\/#primaryimage"},"image":{"@id":"https:\/\/www.dramfolks-whisky-auction.com\/en\/product\/glenallachie-10yo-cask-strength-batch-5-5\/#primaryimage"},"thumbnailUrl":"https:\/\/www.dramfolks-whisky-auction.com\/wp-content\/uploads\/2025\/11\/Glenallachie-10yo-vorne.jpg","datePublished":"2026-04-03T05:09:38+00:00","dateModified":"2026-04-03T05:10:14+00:00","breadcrumb":{"@id":"https:\/\/www.dramfolks-whisky-auction.com\/en\/product\/glenallachie-10yo-cask-strength-batch-5-5\/#breadcrumb"},"inLanguage":"en-US","potentialAction":[{"@type":"ReadAction","target":["https:\/\/www.dramfolks-whisky-auction.com\/en\/product\/glenallachie-10yo-cask-strength-batch-5-5\/"]}]},{"@type":"ImageObject","inLanguage":"en-US","@id":"https:\/\/www.dramfolks-whisky-auction.com\/en\/product\/glenallachie-10yo-cask-strength-batch-5-5\/#primaryimage","url":"https:\/\/www.dramfolks-whisky-auction.com\/wp-content\/uploads\/2025\/11\/Glenallachie-10yo-vorne.jpg","contentUrl":"https:\/\/www.dramfolks-whisky-auction.com\/wp-content\/uploads\/2025\/11\/Glenallachie-10yo-vorne.jpg","width":2340,"height":2340},{"@type":"BreadcrumbList","@id":"https:\/\/www.dramfolks-whisky-auction.com\/en\/product\/glenallachie-10yo-cask-strength-batch-5-5\/#breadcrumb","itemListElement":[{"@type":"ListItem","position":1,"name":"Startseite","item":"https:\/\/www.dramfolks-whisky-auction.com\/en\/"},{"@type":"ListItem","position":2,"name":"Shop","item":"https:\/\/www.dramfolks-whisky-auction.com\/en\/shop\/"},{"@type":"ListItem","position":3,"name":"GlenAllachie &#8211; 10yo Cask Strength Batch 5"}]},{"@type":"WebSite","@id":"https:\/\/www.dramfolks-whisky-auction.com\/en\/#website","url":"https:\/\/www.dramfolks-whisky-auction.com\/en\/","name":"Dramfolks Whisky Auction","description":"","potentialAction":[{"@type":"SearchAction","target":{"@type":"EntryPoint","urlTemplate":"https:\/\/www.dramfolks-whisky-auction.com\/en\/?s={search_term_string}"},"query-input":{"@type":"PropertyValueSpecification","valueRequired":true,"valueName":"search_term_string"}}],"inLanguage":"en-US"}]}},"_links":{"self":[{"href":"https:\/\/www.dramfolks-whisky-auction.com\/en\/wp-json\/wp\/v2\/product\/6728323","targetHints":{"allow":["GET"]}}],"collection":[{"href":"https:\/\/www.dramfolks-whisky-auction.com\/en\/wp-json\/wp\/v2\/product"}],"about":[{"href":"https:\/\/www.dramfolks-whisky-auction.com\/en\/wp-json\/wp\/v2\/types\/product"}],"replies":[{"embeddable":true,"href":"https:\/\/www.dramfolks-whisky-auction.com\/en\/wp-json\/wp\/v2\/comments?post=6728323"}],"wp:featuredmedia":[{"embeddable":true,"href":"https:\/\/www.dramfolks-whisky-auction.com\/en\/wp-json\/wp\/v2\/media\/5779730"}],"wp:attachment":[{"href":"https:\/\/www.dramfolks-whisky-auction.com\/en\/wp-json\/wp\/v2\/media?parent=6728323"}],"wp:term":[{"taxonomy":"product_brand","embeddable":true,"href":"https:\/\/www.dramfolks-whisky-auction.com\/en\/wp-json\/wp\/v2\/product_brand?post=6728323"},{"taxonomy":"product_cat","embeddable":true,"href":"https:\/\/www.dramfolks-whisky-auction.com\/en\/wp-json\/wp\/v2\/product_cat?post=6728323"},{"taxonomy":"product_tag","embeddable":true,"href":"https:\/\/www.dramfolks-whisky-auction.com\/en\/wp-json\/wp\/v2\/product_tag?post=6728323"}],"curies":[{"name":"wp","href":"https:\/\/api.w.org\/{rel}","templated":true}]}}