{"id":6727809,"date":"2026-02-18T08:19:59","date_gmt":"2026-02-18T07:19:59","guid":{"rendered":"https:\/\/www.dramfolks-whisky-auction.com\/?post_type=product&#038;p=6727809"},"modified":"2026-03-12T21:01:09","modified_gmt":"2026-03-12T20:01:09","slug":"stauning-kaos-design-your-own-bottle-batch-2023-12","status":"publish","type":"product","link":"https:\/\/www.dramfolks-whisky-auction.com\/en\/product\/stauning-kaos-design-your-own-bottle-batch-2023-12\/","title":{"rendered":"Stauning &#8211; KAOS Design your own bottle Batch 2023"},"content":{"rendered":"<p><strong>Destille: Stauning<br \/>\n<\/strong>Stauning Whisky ist eine Whiskybrennerei im Ort Stauning in der Kommune Ringk\u00f8bing-Skjern im d\u00e4nischen Westj\u00fctland. Die Brennerei wurde 2005 gegr\u00fcndet und 2007 wurde der heutige Standort 1,5 km s\u00fcdlich des Ortskerns bezogen. Stauning begann als echte Craft-Destillerie, die in einem Schlachthof des Metzgers der Gruppe operierte. Die Gerste wurde von einem lokalen Bauern bezogen und auf einem Grill in der R\u00e4ucherei getorft, das K\u00fchlhaus wurde zum M\u00e4lzen des Bodens genutzt, das Schrot wurde im Fleischwolf zerkleinert, die G\u00e4rung fand in einem alten Pfl\u00fcckbottich statt und die Destillation erfolgte in zwei kleinen holzbefeuerten Brennblasen. Obwohl eine Bank vorschlug, stattdessen eine B\u00e4ckerei zu er\u00f6ffnen, beschlossen die Gr\u00fcnder, lieber zu expandieren. Es wurde Geld gesammelt, um eine Farm zu kaufen, die sie dann 2007 in eine kleine Destillerie umwandelten.<br \/>\nMan sollte meinen, dass es sich um den &#8220;Malt-MacGyver-Ansatz&#8221; handelt&#8230; aber nein. Was als Notwendigkeit im Schlachthof begann, wurde zum Fundament der Philosophie von Stauning, wobei lokal angebautes Getreide, experimentelles M\u00e4lzen und kleine, direkt mit Feuer beheizte Brennblasen zum Geheimnis des Charakters des Whiskys wurden. Dieses interessante &#8220;Angebot&#8221; erweckte sogar das Interesse von Diageo&#8230; Seit 2015 ist Diageo mit 40 Prozent an Stauning Whisky beteiligt.<\/p>\n<p><strong>Fun fact 1:\u00a0<\/strong>Ein Arzt, ein Metzger, ein Lehrer, ein Hubschrauberpilot und vier Ingenieure betreten eine Bar. Sie stellen fest, dass es keinen d\u00e4nischen Whisky zu bestellen gibt, und beschlie\u00dfen, etwas dagegen zu unternehmen. Nein, das ist kein Witz, sondern die Entstehungsgeschichte von Stauning Whisky&#8230; und sie haben es so gut gemacht, dass das preisgekr\u00f6nte Kopenhagener Restaurant Noma gleich alle Erzeugnisse von Stauning Whisky ausschenkt und im Angebot hat.<\/p>\n<p><strong>Fun fact 2:<\/strong> Torf aus dem Museum&#8230; Heute bezieht Stauning Roggen und Gerste von Farmen im Umkreis von 9 bis 12 km um die Destillerie. Es torft etwa 25 % des Getreides, das es verwendet und bezieht diesen Torf wiederum vor Ort von drei verschiedenen Lieferanten&#8230; und einer davon ist tats\u00e4chlich ein Torfmuseum in der Nachbarschaft.<\/p>\n<p><strong>Whisky\/Whiskey: KAOS Design your own bottle Batch 2023<br \/>\n<\/strong>Von d\u00e4nischer Geschichte inspiriert&#8230; Der Name KAOS wurde von der d\u00e4nischen Geschichte inspiriert. Thorvald Stauning (1873-1943) war der erste sozialdemokratische Staatsminister in D\u00e4nemark und wird als Gr\u00fcnder des &#8220;modernen Wohlfahrtstaates&#8221; in D\u00e4nemark betrachtet.<br \/>\nF\u00fcr die Parlamentswahlen 1935 benutzte er den ber\u00fchmten Wahlspruch \u201eStauning oder Chaos\u201c (\u201eStauning eller Kaos\u201c auf D\u00e4nisch). Damit gewann er die Wahl. Ein neuer Stauning und damit eine neue KAOS Edition aus dem Jahr 2023. F\u00fcr rund ein F\u00fcnftel der in diesem Jahr f\u00fcr den Verkauf geplanten Whiskys fehlen den D\u00e4nen ihre dekorierten Flaschen. Durch Verz\u00f6gerungen bei der Beschichtung gingen daher 37.000 St\u00fcck fast blank in die Abf\u00fcllung der Standards Rye, Smoke und Kaos. Um dem Flaschenmangel zu begegnen, haben sie unter dem Motto \u201eWe make the whisky, you design the bottle\u201c ein \u201eDo-It-Yourself-Set\u201c (kurz DIY) ins Leben gerufen. Der Stauning KAOS 2023 enth\u00e4lt das Beste, was die d\u00e4nische Destillerie zu bieten hat und ist ein Blend aus drei verschiedenen Whiskys. Dieser Triple Malt Whisky enth\u00e4lt den rauchfreien Stauning Single Malt, den Stauning Malted Rye sowie den Stauning Smoked Single Malt.<\/p>\n<p><strong>Info Qualit\u00e4t der Flasche:<\/strong> Exzellent &#8211; ohne Besch\u00e4digungen \/ <strong>F\u00fcllstand:<\/strong> Into neck<br \/>\n<strong>Info Qualit\u00e4t der Box:<\/strong> Gut &#8211; Box hinten im unteren linken Bereich leicht eingedr\u00fcckt &#8211; ohne Goldstift und Sticker<\/p>\n<p><strong>Wichtiger Hinweis:<\/strong> Die Bewertung der Flaschen und Boxen erfolgt nach \u201ebesten Wissen und Gewissen\u201c. dramfolks kann keine Gew\u00e4hrleistung f\u00fcr den Inhalt der Flaschen \u00fcbernehmen. Weitere Infos &amp; Hinweise finden Sie in unseren AGBs. Wir empfehlen Ihnen, vor der Abgabe von Geboten \u00fcber die Zoomfunktion eine Besichtigung \/ genaue Pr\u00fcfung des angebotenen Whiskys vorzunehmen. Bitte kontaktieren sie uns bei Fragen direkt unter info@dramfolks.com<\/p>\n","protected":false},"excerpt":{"rendered":"<p>Destille: Stauning Stauning Whisky ist eine Whiskybrennerei im Ort Stauning in der Kommune Ringk\u00f8bing-Skjern im d\u00e4nischen Westj\u00fctland. Die Brennerei wurde 2005 gegr\u00fcndet und 2007 wurde der heutige Standort 1,5 km s\u00fcdlich des Ortskerns bezogen. Stauning begann als echte Craft-Destillerie, die in einem Schlachthof des Metzgers der Gruppe operierte. Die Gerste wurde von einem lokalen Bauern[&#8230;]\n","protected":false},"featured_media":48862,"comment_status":"closed","ping_status":"closed","template":"","meta":[],"product_brand":[],"product_cat":[1304],"product_tag":[],"class_list":{"0":"post-6727809","1":"product","2":"type-product","3":"status-publish","4":"has-post-thumbnail","6":"product_cat-no-23","8":"first","9":"instock","10":"shipping-taxable","11":"purchasable","12":"product-type-auction"},"yoast_head":"<!-- This site is optimized with the Yoast SEO plugin v27.0 - https:\/\/yoast.com\/product\/yoast-seo-wordpress\/ -->\n<title>Stauning - KAOS Design your own bottle Batch 2023 - Dramfolks Whisky Auction<\/title>\n<meta name=\"robots\" content=\"index, follow, max-snippet:-1, max-image-preview:large, max-video-preview:-1\" \/>\n<link rel=\"canonical\" href=\"https:\/\/www.dramfolks-whisky-auction.com\/en\/product\/stauning-kaos-design-your-own-bottle-batch-2023-12\/\" \/>\n<meta property=\"og:locale\" content=\"en_US\" \/>\n<meta property=\"og:type\" content=\"article\" \/>\n<meta property=\"og:title\" content=\"Stauning - KAOS Design your own bottle Batch 2023 - Dramfolks Whisky Auction\" \/>\n<meta property=\"og:description\" content=\"Destille: Stauning Stauning Whisky ist eine Whiskybrennerei im Ort Stauning in der Kommune Ringk\u00f8bing-Skjern im d\u00e4nischen Westj\u00fctland. Die Brennerei wurde 2005 gegr\u00fcndet und 2007 wurde der heutige Standort 1,5 km s\u00fcdlich des Ortskerns bezogen. Stauning begann als echte Craft-Destillerie, die in einem Schlachthof des Metzgers der Gruppe operierte. Die Gerste wurde von einem lokalen Bauern[...]\" \/>\n<meta property=\"og:url\" content=\"https:\/\/www.dramfolks-whisky-auction.com\/en\/product\/stauning-kaos-design-your-own-bottle-batch-2023-12\/\" \/>\n<meta property=\"og:site_name\" content=\"Dramfolks Whisky Auction\" \/>\n<meta property=\"article:modified_time\" content=\"2026-03-12T20:01:09+00:00\" \/>\n<meta property=\"og:image\" content=\"https:\/\/www.dramfolks-whisky-auction.com\/wp-content\/uploads\/2024\/05\/Stauning-Kaos-Design-vorne-scaled.jpg\" \/>\n\t<meta property=\"og:image:width\" content=\"2560\" \/>\n\t<meta property=\"og:image:height\" content=\"2560\" \/>\n\t<meta property=\"og:image:type\" content=\"image\/jpeg\" \/>\n<meta name=\"twitter:card\" content=\"summary_large_image\" \/>\n<meta name=\"twitter:label1\" content=\"Est. reading time\" \/>\n\t<meta name=\"twitter:data1\" content=\"4 minutes\" \/>\n<script type=\"application\/ld+json\" class=\"yoast-schema-graph\">{\"@context\":\"https:\/\/schema.org\",\"@graph\":[{\"@type\":\"WebPage\",\"@id\":\"https:\/\/www.dramfolks-whisky-auction.com\/en\/product\/stauning-kaos-design-your-own-bottle-batch-2023-12\/\",\"url\":\"https:\/\/www.dramfolks-whisky-auction.com\/en\/product\/stauning-kaos-design-your-own-bottle-batch-2023-12\/\",\"name\":\"Stauning - KAOS Design your own bottle Batch 2023 - Dramfolks Whisky Auction\",\"isPartOf\":{\"@id\":\"https:\/\/www.dramfolks-whisky-auction.com\/en\/#website\"},\"primaryImageOfPage\":{\"@id\":\"https:\/\/www.dramfolks-whisky-auction.com\/en\/product\/stauning-kaos-design-your-own-bottle-batch-2023-12\/#primaryimage\"},\"image\":{\"@id\":\"https:\/\/www.dramfolks-whisky-auction.com\/en\/product\/stauning-kaos-design-your-own-bottle-batch-2023-12\/#primaryimage\"},\"thumbnailUrl\":\"https:\/\/www.dramfolks-whisky-auction.com\/wp-content\/uploads\/2024\/05\/Stauning-Kaos-Design-vorne-scaled.jpg\",\"datePublished\":\"2026-02-18T07:19:59+00:00\",\"dateModified\":\"2026-03-12T20:01:09+00:00\",\"breadcrumb\":{\"@id\":\"https:\/\/www.dramfolks-whisky-auction.com\/en\/product\/stauning-kaos-design-your-own-bottle-batch-2023-12\/#breadcrumb\"},\"inLanguage\":\"en-US\",\"potentialAction\":[{\"@type\":\"ReadAction\",\"target\":[\"https:\/\/www.dramfolks-whisky-auction.com\/en\/product\/stauning-kaos-design-your-own-bottle-batch-2023-12\/\"]}]},{\"@type\":\"ImageObject\",\"inLanguage\":\"en-US\",\"@id\":\"https:\/\/www.dramfolks-whisky-auction.com\/en\/product\/stauning-kaos-design-your-own-bottle-batch-2023-12\/#primaryimage\",\"url\":\"https:\/\/www.dramfolks-whisky-auction.com\/wp-content\/uploads\/2024\/05\/Stauning-Kaos-Design-vorne-scaled.jpg\",\"contentUrl\":\"https:\/\/www.dramfolks-whisky-auction.com\/wp-content\/uploads\/2024\/05\/Stauning-Kaos-Design-vorne-scaled.jpg\",\"width\":2560,\"height\":2560},{\"@type\":\"BreadcrumbList\",\"@id\":\"https:\/\/www.dramfolks-whisky-auction.com\/en\/product\/stauning-kaos-design-your-own-bottle-batch-2023-12\/#breadcrumb\",\"itemListElement\":[{\"@type\":\"ListItem\",\"position\":1,\"name\":\"Startseite\",\"item\":\"https:\/\/www.dramfolks-whisky-auction.com\/en\/\"},{\"@type\":\"ListItem\",\"position\":2,\"name\":\"Shop\",\"item\":\"https:\/\/www.dramfolks-whisky-auction.com\/en\/shop\/\"},{\"@type\":\"ListItem\",\"position\":3,\"name\":\"Stauning &#8211; KAOS Design your own bottle Batch 2023\"}]},{\"@type\":\"WebSite\",\"@id\":\"https:\/\/www.dramfolks-whisky-auction.com\/en\/#website\",\"url\":\"https:\/\/www.dramfolks-whisky-auction.com\/en\/\",\"name\":\"Dramfolks Whisky Auction\",\"description\":\"\",\"potentialAction\":[{\"@type\":\"SearchAction\",\"target\":{\"@type\":\"EntryPoint\",\"urlTemplate\":\"https:\/\/www.dramfolks-whisky-auction.com\/en\/?s={search_term_string}\"},\"query-input\":{\"@type\":\"PropertyValueSpecification\",\"valueRequired\":true,\"valueName\":\"search_term_string\"}}],\"inLanguage\":\"en-US\"}]}<\/script>\n<!-- \/ Yoast SEO plugin. -->","yoast_head_json":{"title":"Stauning - KAOS Design your own bottle Batch 2023 - Dramfolks Whisky Auction","robots":{"index":"index","follow":"follow","max-snippet":"max-snippet:-1","max-image-preview":"max-image-preview:large","max-video-preview":"max-video-preview:-1"},"canonical":"https:\/\/www.dramfolks-whisky-auction.com\/en\/product\/stauning-kaos-design-your-own-bottle-batch-2023-12\/","og_locale":"en_US","og_type":"article","og_title":"Stauning - KAOS Design your own bottle Batch 2023 - Dramfolks Whisky Auction","og_description":"Destille: Stauning Stauning Whisky ist eine Whiskybrennerei im Ort Stauning in der Kommune Ringk\u00f8bing-Skjern im d\u00e4nischen Westj\u00fctland. Die Brennerei wurde 2005 gegr\u00fcndet und 2007 wurde der heutige Standort 1,5 km s\u00fcdlich des Ortskerns bezogen. Stauning begann als echte Craft-Destillerie, die in einem Schlachthof des Metzgers der Gruppe operierte. Die Gerste wurde von einem lokalen Bauern[...]","og_url":"https:\/\/www.dramfolks-whisky-auction.com\/en\/product\/stauning-kaos-design-your-own-bottle-batch-2023-12\/","og_site_name":"Dramfolks Whisky Auction","article_modified_time":"2026-03-12T20:01:09+00:00","og_image":[{"width":2560,"height":2560,"url":"https:\/\/www.dramfolks-whisky-auction.com\/wp-content\/uploads\/2024\/05\/Stauning-Kaos-Design-vorne-scaled.jpg","type":"image\/jpeg"}],"twitter_card":"summary_large_image","twitter_misc":{"Est. reading time":"4 minutes"},"schema":{"@context":"https:\/\/schema.org","@graph":[{"@type":"WebPage","@id":"https:\/\/www.dramfolks-whisky-auction.com\/en\/product\/stauning-kaos-design-your-own-bottle-batch-2023-12\/","url":"https:\/\/www.dramfolks-whisky-auction.com\/en\/product\/stauning-kaos-design-your-own-bottle-batch-2023-12\/","name":"Stauning - KAOS Design your own bottle Batch 2023 - Dramfolks Whisky Auction","isPartOf":{"@id":"https:\/\/www.dramfolks-whisky-auction.com\/en\/#website"},"primaryImageOfPage":{"@id":"https:\/\/www.dramfolks-whisky-auction.com\/en\/product\/stauning-kaos-design-your-own-bottle-batch-2023-12\/#primaryimage"},"image":{"@id":"https:\/\/www.dramfolks-whisky-auction.com\/en\/product\/stauning-kaos-design-your-own-bottle-batch-2023-12\/#primaryimage"},"thumbnailUrl":"https:\/\/www.dramfolks-whisky-auction.com\/wp-content\/uploads\/2024\/05\/Stauning-Kaos-Design-vorne-scaled.jpg","datePublished":"2026-02-18T07:19:59+00:00","dateModified":"2026-03-12T20:01:09+00:00","breadcrumb":{"@id":"https:\/\/www.dramfolks-whisky-auction.com\/en\/product\/stauning-kaos-design-your-own-bottle-batch-2023-12\/#breadcrumb"},"inLanguage":"en-US","potentialAction":[{"@type":"ReadAction","target":["https:\/\/www.dramfolks-whisky-auction.com\/en\/product\/stauning-kaos-design-your-own-bottle-batch-2023-12\/"]}]},{"@type":"ImageObject","inLanguage":"en-US","@id":"https:\/\/www.dramfolks-whisky-auction.com\/en\/product\/stauning-kaos-design-your-own-bottle-batch-2023-12\/#primaryimage","url":"https:\/\/www.dramfolks-whisky-auction.com\/wp-content\/uploads\/2024\/05\/Stauning-Kaos-Design-vorne-scaled.jpg","contentUrl":"https:\/\/www.dramfolks-whisky-auction.com\/wp-content\/uploads\/2024\/05\/Stauning-Kaos-Design-vorne-scaled.jpg","width":2560,"height":2560},{"@type":"BreadcrumbList","@id":"https:\/\/www.dramfolks-whisky-auction.com\/en\/product\/stauning-kaos-design-your-own-bottle-batch-2023-12\/#breadcrumb","itemListElement":[{"@type":"ListItem","position":1,"name":"Startseite","item":"https:\/\/www.dramfolks-whisky-auction.com\/en\/"},{"@type":"ListItem","position":2,"name":"Shop","item":"https:\/\/www.dramfolks-whisky-auction.com\/en\/shop\/"},{"@type":"ListItem","position":3,"name":"Stauning &#8211; KAOS Design your own bottle Batch 2023"}]},{"@type":"WebSite","@id":"https:\/\/www.dramfolks-whisky-auction.com\/en\/#website","url":"https:\/\/www.dramfolks-whisky-auction.com\/en\/","name":"Dramfolks Whisky Auction","description":"","potentialAction":[{"@type":"SearchAction","target":{"@type":"EntryPoint","urlTemplate":"https:\/\/www.dramfolks-whisky-auction.com\/en\/?s={search_term_string}"},"query-input":{"@type":"PropertyValueSpecification","valueRequired":true,"valueName":"search_term_string"}}],"inLanguage":"en-US"}]}},"_links":{"self":[{"href":"https:\/\/www.dramfolks-whisky-auction.com\/en\/wp-json\/wp\/v2\/product\/6727809","targetHints":{"allow":["GET"]}}],"collection":[{"href":"https:\/\/www.dramfolks-whisky-auction.com\/en\/wp-json\/wp\/v2\/product"}],"about":[{"href":"https:\/\/www.dramfolks-whisky-auction.com\/en\/wp-json\/wp\/v2\/types\/product"}],"replies":[{"embeddable":true,"href":"https:\/\/www.dramfolks-whisky-auction.com\/en\/wp-json\/wp\/v2\/comments?post=6727809"}],"wp:featuredmedia":[{"embeddable":true,"href":"https:\/\/www.dramfolks-whisky-auction.com\/en\/wp-json\/wp\/v2\/media\/48862"}],"wp:attachment":[{"href":"https:\/\/www.dramfolks-whisky-auction.com\/en\/wp-json\/wp\/v2\/media?parent=6727809"}],"wp:term":[{"taxonomy":"product_brand","embeddable":true,"href":"https:\/\/www.dramfolks-whisky-auction.com\/en\/wp-json\/wp\/v2\/product_brand?post=6727809"},{"taxonomy":"product_cat","embeddable":true,"href":"https:\/\/www.dramfolks-whisky-auction.com\/en\/wp-json\/wp\/v2\/product_cat?post=6727809"},{"taxonomy":"product_tag","embeddable":true,"href":"https:\/\/www.dramfolks-whisky-auction.com\/en\/wp-json\/wp\/v2\/product_tag?post=6727809"}],"curies":[{"name":"wp","href":"https:\/\/api.w.org\/{rel}","templated":true}]}}