{"id":6727469,"date":"2025-12-21T07:06:30","date_gmt":"2025-12-21T06:06:30","guid":{"rendered":"https:\/\/www.dramfolks-whisky-auction.com\/?post_type=product&#038;p=6727469"},"modified":"2026-01-11T07:54:45","modified_gmt":"2026-01-11T06:54:45","slug":"game-of-thrones-whisky-set-diageo-inkl-mortlach-six-kingdoms-15yo","status":"publish","type":"product","link":"https:\/\/www.dramfolks-whisky-auction.com\/en\/product\/game-of-thrones-whisky-set-diageo-inkl-mortlach-six-kingdoms-15yo\/","title":{"rendered":"Game of Thrones Whisky Set (Diageo) inkl. Mortlach Six Kingdoms 15yo"},"content":{"rendered":"<p><strong>Destille: &#8211;<\/strong><\/p>\n<p><strong>Fun fact: <\/strong>Wintereffekt&#8230; Bei der White Walker Edition von Johnnie Walker (nicht in diesem Set enthalten!) gab es ein besonderes Feature: Bei K\u00e4lte erscheint der Schriftzug \u201eWinter is Here\u201c dank thermochromischer Tinte.<\/p>\n<p><strong>Whisky\/Whiskey: Game of Thrones Whisky Set (Diageo) inkl. Mortlach Six Kingdoms 15yo<br \/>\n<\/strong>Die Kollektion wurde 2018\/2019 von Diageo in Zusammenarbeit mit HBO ver\u00f6ffentlicht, um die finale Staffel von Game of Thrones zu feiern. Jede Flasche repr\u00e4sentiert ein Haus oder eine Fraktion aus Westeros \u2013 insgesamt acht Single Malts, erg\u00e4nzt durch eine Sonderedition Mortlach Six Kingdoms.<\/p>\n<p>Die acht Single Malts und ihre H\u00e4user<\/p>\n<p>House Stark \u2013 Dalwhinnie Winter\u2019s Frost, 43 % Vol.<br \/>\nCharakter: Honigs\u00fc\u00dfe, w\u00fcrzige W\u00e4rme, inspiriert von den rauen Bedingungen des Nordens.<\/p>\n<p>House Tully \u2013 Singleton of Glendullan Select, 40 % Vol.<br \/>\nFruchtige Noten, Vanille und Gew\u00fcrze \u2013 passend zur N\u00e4he zum Wasser.<\/p>\n<p>House Targaryen \u2013 Cardhu Gold Reserve, 40 % Vol.<br \/>\nElegant und kraftvoll, mit s\u00fc\u00dfen und w\u00fcrzigen Akzenten \u2013 wie die Drachenk\u00f6nigin selbst.<\/p>\n<p>House Lannister \u2013 Lagavulin 9 Jahre, 46 % Vol.<br \/>\nIntensiv rauchig und torfig \u2013 ein Whisky f\u00fcr Macht und St\u00e4rke.<\/p>\n<p>The Night\u2019s Watch \u2013 Oban Bay Reserve, 43 % Vol.<br \/>\nMaritime Frische, dunkle Tiefe \u2013 die schwarze Flasche erinnert an die Mauer.<\/p>\n<p>House Greyjoy \u2013 Talisker Select Reserve, 45,8 % Vol.<br \/>\nKr\u00e4ftig, salzig und maritim \u2013 wie die Herren der Eiseninseln.<\/p>\n<p>House Baratheon \u2013 Royal Lochnagar 12 Jahre, 40 % Vol.<br \/>\nW\u00fcrzig und majest\u00e4tisch \u2013 ein Whisky f\u00fcr K\u00f6nige.<\/p>\n<p>House Tyrell \u2013 Clynelish Reserve, 51,2 % Vol.<br \/>\nBlumig, komplex und kraftvoll \u2013 wie die Intrigen des S\u00fcdens.<\/p>\n<p>Sonderedition Six Kingdoms &#8211; Mortlach 15yo, 46,0 % Vol.<br \/>\nDie Flasche tr\u00e4gt ein goldenes Rabenmotiv \u2013 inspiriert vom \u201eDrei\u00e4ugigen Raben\u201c, der in der Serie f\u00fcr Weisheit und die Verbindung der Geschichten steht. Das elegante Design und die limitierte Auflage machen diese Edition zu einem begehrten Sammlerst\u00fcck f\u00fcr Whisky- und GoT-Fans.<\/p>\n<p><strong>Info Qualit\u00e4t der Flaschen:<\/strong> Exzellent &#8211; ohne Besch\u00e4digungen \/ <strong>F\u00fcllstand: <\/strong>Into neck<br \/>\n<strong>Info Qualit\u00e4t der Boxen:<\/strong> Exzellent &#8211; ohne Besch\u00e4digungen<\/p>\n<p><strong>Wichtiger Hinweis:<\/strong> Die Bewertung der Flaschen und Boxen erfolgt nach \u201ebesten Wissen und Gewissen\u201c. dramfolks kann keine Gew\u00e4hrleistung f\u00fcr den Inhalt der Flaschen \u00fcbernehmen. Weitere Infos &amp; Hinweise finden Sie in unseren AGBs. Wir empfehlen Ihnen, vor der Abgabe von Geboten \u00fcber die Zoomfunktion eine Besichtigung \/ genaue Pr\u00fcfung des angebotenen Whiskys vorzunehmen. Bitte kontaktieren sie uns bei Fragen direkt unter info@dramfolks.com<\/p>\n","protected":false},"excerpt":{"rendered":"<p>Destille: &#8211; Fun fact: Wintereffekt&#8230; Bei der White Walker Edition von Johnnie Walker (nicht in diesem Set enthalten!) gab es ein besonderes Feature: Bei K\u00e4lte erscheint der Schriftzug \u201eWinter is Here\u201c dank thermochromischer Tinte. Whisky\/Whiskey: Game of Thrones Whisky Set (Diageo) inkl. Mortlach Six Kingdoms 15yo Die Kollektion wurde 2018\/2019 von Diageo in Zusammenarbeit mit[&#8230;]\n","protected":false},"featured_media":6727470,"comment_status":"closed","ping_status":"closed","template":"","meta":[],"product_brand":[],"product_cat":[1282],"product_tag":[],"class_list":{"0":"post-6727469","1":"product","2":"type-product","3":"status-publish","4":"has-post-thumbnail","6":"product_cat-no-22","8":"first","9":"instock","10":"shipping-taxable","11":"purchasable","12":"product-type-auction"},"yoast_head":"<!-- This site is optimized with the Yoast SEO plugin v27.0 - https:\/\/yoast.com\/product\/yoast-seo-wordpress\/ -->\n<title>Game of Thrones Whisky Set (Diageo) inkl. Mortlach Six Kingdoms 15yo - Dramfolks Whisky Auction<\/title>\n<meta name=\"robots\" content=\"index, follow, max-snippet:-1, max-image-preview:large, max-video-preview:-1\" \/>\n<link rel=\"canonical\" href=\"https:\/\/www.dramfolks-whisky-auction.com\/en\/product\/game-of-thrones-whisky-set-diageo-inkl-mortlach-six-kingdoms-15yo\/\" \/>\n<meta property=\"og:locale\" content=\"en_US\" \/>\n<meta property=\"og:type\" content=\"article\" \/>\n<meta property=\"og:title\" content=\"Game of Thrones Whisky Set (Diageo) inkl. Mortlach Six Kingdoms 15yo - Dramfolks Whisky Auction\" \/>\n<meta property=\"og:description\" content=\"Destille: &#8211; Fun fact: Wintereffekt&#8230; Bei der White Walker Edition von Johnnie Walker (nicht in diesem Set enthalten!) gab es ein besonderes Feature: Bei K\u00e4lte erscheint der Schriftzug \u201eWinter is Here\u201c dank thermochromischer Tinte. Whisky\/Whiskey: Game of Thrones Whisky Set (Diageo) inkl. Mortlach Six Kingdoms 15yo Die Kollektion wurde 2018\/2019 von Diageo in Zusammenarbeit mit[...]\" \/>\n<meta property=\"og:url\" content=\"https:\/\/www.dramfolks-whisky-auction.com\/en\/product\/game-of-thrones-whisky-set-diageo-inkl-mortlach-six-kingdoms-15yo\/\" \/>\n<meta property=\"og:site_name\" content=\"Dramfolks Whisky Auction\" \/>\n<meta property=\"article:modified_time\" content=\"2026-01-11T06:54:45+00:00\" \/>\n<meta property=\"og:image\" content=\"https:\/\/www.dramfolks-whisky-auction.com\/wp-content\/uploads\/2025\/12\/Set-5-9-vorne-scaled.jpg\" \/>\n\t<meta property=\"og:image:width\" content=\"2560\" \/>\n\t<meta property=\"og:image:height\" content=\"2560\" \/>\n\t<meta property=\"og:image:type\" content=\"image\/jpeg\" \/>\n<meta name=\"twitter:card\" content=\"summary_large_image\" \/>\n<meta name=\"twitter:label1\" content=\"Est. reading time\" \/>\n\t<meta name=\"twitter:data1\" content=\"3 minutes\" \/>\n<script type=\"application\/ld+json\" class=\"yoast-schema-graph\">{\"@context\":\"https:\/\/schema.org\",\"@graph\":[{\"@type\":\"WebPage\",\"@id\":\"https:\/\/www.dramfolks-whisky-auction.com\/en\/product\/game-of-thrones-whisky-set-diageo-inkl-mortlach-six-kingdoms-15yo\/\",\"url\":\"https:\/\/www.dramfolks-whisky-auction.com\/en\/product\/game-of-thrones-whisky-set-diageo-inkl-mortlach-six-kingdoms-15yo\/\",\"name\":\"Game of Thrones Whisky Set (Diageo) inkl. Mortlach Six Kingdoms 15yo - Dramfolks Whisky Auction\",\"isPartOf\":{\"@id\":\"https:\/\/www.dramfolks-whisky-auction.com\/en\/#website\"},\"primaryImageOfPage\":{\"@id\":\"https:\/\/www.dramfolks-whisky-auction.com\/en\/product\/game-of-thrones-whisky-set-diageo-inkl-mortlach-six-kingdoms-15yo\/#primaryimage\"},\"image\":{\"@id\":\"https:\/\/www.dramfolks-whisky-auction.com\/en\/product\/game-of-thrones-whisky-set-diageo-inkl-mortlach-six-kingdoms-15yo\/#primaryimage\"},\"thumbnailUrl\":\"https:\/\/www.dramfolks-whisky-auction.com\/wp-content\/uploads\/2025\/12\/Set-5-9-vorne-scaled.jpg\",\"datePublished\":\"2025-12-21T06:06:30+00:00\",\"dateModified\":\"2026-01-11T06:54:45+00:00\",\"breadcrumb\":{\"@id\":\"https:\/\/www.dramfolks-whisky-auction.com\/en\/product\/game-of-thrones-whisky-set-diageo-inkl-mortlach-six-kingdoms-15yo\/#breadcrumb\"},\"inLanguage\":\"en-US\",\"potentialAction\":[{\"@type\":\"ReadAction\",\"target\":[\"https:\/\/www.dramfolks-whisky-auction.com\/en\/product\/game-of-thrones-whisky-set-diageo-inkl-mortlach-six-kingdoms-15yo\/\"]}]},{\"@type\":\"ImageObject\",\"inLanguage\":\"en-US\",\"@id\":\"https:\/\/www.dramfolks-whisky-auction.com\/en\/product\/game-of-thrones-whisky-set-diageo-inkl-mortlach-six-kingdoms-15yo\/#primaryimage\",\"url\":\"https:\/\/www.dramfolks-whisky-auction.com\/wp-content\/uploads\/2025\/12\/Set-5-9-vorne-scaled.jpg\",\"contentUrl\":\"https:\/\/www.dramfolks-whisky-auction.com\/wp-content\/uploads\/2025\/12\/Set-5-9-vorne-scaled.jpg\",\"width\":2560,\"height\":2560},{\"@type\":\"BreadcrumbList\",\"@id\":\"https:\/\/www.dramfolks-whisky-auction.com\/en\/product\/game-of-thrones-whisky-set-diageo-inkl-mortlach-six-kingdoms-15yo\/#breadcrumb\",\"itemListElement\":[{\"@type\":\"ListItem\",\"position\":1,\"name\":\"Startseite\",\"item\":\"https:\/\/www.dramfolks-whisky-auction.com\/en\/\"},{\"@type\":\"ListItem\",\"position\":2,\"name\":\"Shop\",\"item\":\"https:\/\/www.dramfolks-whisky-auction.com\/en\/shop\/\"},{\"@type\":\"ListItem\",\"position\":3,\"name\":\"Game of Thrones Whisky Set (Diageo) inkl. Mortlach Six Kingdoms 15yo\"}]},{\"@type\":\"WebSite\",\"@id\":\"https:\/\/www.dramfolks-whisky-auction.com\/en\/#website\",\"url\":\"https:\/\/www.dramfolks-whisky-auction.com\/en\/\",\"name\":\"Dramfolks Whisky Auction\",\"description\":\"\",\"potentialAction\":[{\"@type\":\"SearchAction\",\"target\":{\"@type\":\"EntryPoint\",\"urlTemplate\":\"https:\/\/www.dramfolks-whisky-auction.com\/en\/?s={search_term_string}\"},\"query-input\":{\"@type\":\"PropertyValueSpecification\",\"valueRequired\":true,\"valueName\":\"search_term_string\"}}],\"inLanguage\":\"en-US\"}]}<\/script>\n<!-- \/ Yoast SEO plugin. -->","yoast_head_json":{"title":"Game of Thrones Whisky Set (Diageo) inkl. Mortlach Six Kingdoms 15yo - Dramfolks Whisky Auction","robots":{"index":"index","follow":"follow","max-snippet":"max-snippet:-1","max-image-preview":"max-image-preview:large","max-video-preview":"max-video-preview:-1"},"canonical":"https:\/\/www.dramfolks-whisky-auction.com\/en\/product\/game-of-thrones-whisky-set-diageo-inkl-mortlach-six-kingdoms-15yo\/","og_locale":"en_US","og_type":"article","og_title":"Game of Thrones Whisky Set (Diageo) inkl. Mortlach Six Kingdoms 15yo - Dramfolks Whisky Auction","og_description":"Destille: &#8211; Fun fact: Wintereffekt&#8230; Bei der White Walker Edition von Johnnie Walker (nicht in diesem Set enthalten!) gab es ein besonderes Feature: Bei K\u00e4lte erscheint der Schriftzug \u201eWinter is Here\u201c dank thermochromischer Tinte. Whisky\/Whiskey: Game of Thrones Whisky Set (Diageo) inkl. Mortlach Six Kingdoms 15yo Die Kollektion wurde 2018\/2019 von Diageo in Zusammenarbeit mit[...]","og_url":"https:\/\/www.dramfolks-whisky-auction.com\/en\/product\/game-of-thrones-whisky-set-diageo-inkl-mortlach-six-kingdoms-15yo\/","og_site_name":"Dramfolks Whisky Auction","article_modified_time":"2026-01-11T06:54:45+00:00","og_image":[{"width":2560,"height":2560,"url":"https:\/\/www.dramfolks-whisky-auction.com\/wp-content\/uploads\/2025\/12\/Set-5-9-vorne-scaled.jpg","type":"image\/jpeg"}],"twitter_card":"summary_large_image","twitter_misc":{"Est. reading time":"3 minutes"},"schema":{"@context":"https:\/\/schema.org","@graph":[{"@type":"WebPage","@id":"https:\/\/www.dramfolks-whisky-auction.com\/en\/product\/game-of-thrones-whisky-set-diageo-inkl-mortlach-six-kingdoms-15yo\/","url":"https:\/\/www.dramfolks-whisky-auction.com\/en\/product\/game-of-thrones-whisky-set-diageo-inkl-mortlach-six-kingdoms-15yo\/","name":"Game of Thrones Whisky Set (Diageo) inkl. Mortlach Six Kingdoms 15yo - Dramfolks Whisky Auction","isPartOf":{"@id":"https:\/\/www.dramfolks-whisky-auction.com\/en\/#website"},"primaryImageOfPage":{"@id":"https:\/\/www.dramfolks-whisky-auction.com\/en\/product\/game-of-thrones-whisky-set-diageo-inkl-mortlach-six-kingdoms-15yo\/#primaryimage"},"image":{"@id":"https:\/\/www.dramfolks-whisky-auction.com\/en\/product\/game-of-thrones-whisky-set-diageo-inkl-mortlach-six-kingdoms-15yo\/#primaryimage"},"thumbnailUrl":"https:\/\/www.dramfolks-whisky-auction.com\/wp-content\/uploads\/2025\/12\/Set-5-9-vorne-scaled.jpg","datePublished":"2025-12-21T06:06:30+00:00","dateModified":"2026-01-11T06:54:45+00:00","breadcrumb":{"@id":"https:\/\/www.dramfolks-whisky-auction.com\/en\/product\/game-of-thrones-whisky-set-diageo-inkl-mortlach-six-kingdoms-15yo\/#breadcrumb"},"inLanguage":"en-US","potentialAction":[{"@type":"ReadAction","target":["https:\/\/www.dramfolks-whisky-auction.com\/en\/product\/game-of-thrones-whisky-set-diageo-inkl-mortlach-six-kingdoms-15yo\/"]}]},{"@type":"ImageObject","inLanguage":"en-US","@id":"https:\/\/www.dramfolks-whisky-auction.com\/en\/product\/game-of-thrones-whisky-set-diageo-inkl-mortlach-six-kingdoms-15yo\/#primaryimage","url":"https:\/\/www.dramfolks-whisky-auction.com\/wp-content\/uploads\/2025\/12\/Set-5-9-vorne-scaled.jpg","contentUrl":"https:\/\/www.dramfolks-whisky-auction.com\/wp-content\/uploads\/2025\/12\/Set-5-9-vorne-scaled.jpg","width":2560,"height":2560},{"@type":"BreadcrumbList","@id":"https:\/\/www.dramfolks-whisky-auction.com\/en\/product\/game-of-thrones-whisky-set-diageo-inkl-mortlach-six-kingdoms-15yo\/#breadcrumb","itemListElement":[{"@type":"ListItem","position":1,"name":"Startseite","item":"https:\/\/www.dramfolks-whisky-auction.com\/en\/"},{"@type":"ListItem","position":2,"name":"Shop","item":"https:\/\/www.dramfolks-whisky-auction.com\/en\/shop\/"},{"@type":"ListItem","position":3,"name":"Game of Thrones Whisky Set (Diageo) inkl. Mortlach Six Kingdoms 15yo"}]},{"@type":"WebSite","@id":"https:\/\/www.dramfolks-whisky-auction.com\/en\/#website","url":"https:\/\/www.dramfolks-whisky-auction.com\/en\/","name":"Dramfolks Whisky Auction","description":"","potentialAction":[{"@type":"SearchAction","target":{"@type":"EntryPoint","urlTemplate":"https:\/\/www.dramfolks-whisky-auction.com\/en\/?s={search_term_string}"},"query-input":{"@type":"PropertyValueSpecification","valueRequired":true,"valueName":"search_term_string"}}],"inLanguage":"en-US"}]}},"_links":{"self":[{"href":"https:\/\/www.dramfolks-whisky-auction.com\/en\/wp-json\/wp\/v2\/product\/6727469","targetHints":{"allow":["GET"]}}],"collection":[{"href":"https:\/\/www.dramfolks-whisky-auction.com\/en\/wp-json\/wp\/v2\/product"}],"about":[{"href":"https:\/\/www.dramfolks-whisky-auction.com\/en\/wp-json\/wp\/v2\/types\/product"}],"replies":[{"embeddable":true,"href":"https:\/\/www.dramfolks-whisky-auction.com\/en\/wp-json\/wp\/v2\/comments?post=6727469"}],"wp:featuredmedia":[{"embeddable":true,"href":"https:\/\/www.dramfolks-whisky-auction.com\/en\/wp-json\/wp\/v2\/media\/6727470"}],"wp:attachment":[{"href":"https:\/\/www.dramfolks-whisky-auction.com\/en\/wp-json\/wp\/v2\/media?parent=6727469"}],"wp:term":[{"taxonomy":"product_brand","embeddable":true,"href":"https:\/\/www.dramfolks-whisky-auction.com\/en\/wp-json\/wp\/v2\/product_brand?post=6727469"},{"taxonomy":"product_cat","embeddable":true,"href":"https:\/\/www.dramfolks-whisky-auction.com\/en\/wp-json\/wp\/v2\/product_cat?post=6727469"},{"taxonomy":"product_tag","embeddable":true,"href":"https:\/\/www.dramfolks-whisky-auction.com\/en\/wp-json\/wp\/v2\/product_tag?post=6727469"}],"curies":[{"name":"wp","href":"https:\/\/api.w.org\/{rel}","templated":true}]}}