{"id":6727427,"date":"2025-12-21T06:30:55","date_gmt":"2025-12-21T05:30:55","guid":{"rendered":"https:\/\/www.dramfolks-whisky-auction.com\/?post_type=product&#038;p=6727427"},"modified":"2026-01-04T19:15:11","modified_gmt":"2026-01-04T18:15:11","slug":"glenturret-triple-wood-2021-release","status":"publish","type":"product","link":"https:\/\/www.dramfolks-whisky-auction.com\/en\/product\/glenturret-triple-wood-2021-release\/","title":{"rendered":"Glenturret &#8211; Triple Wood 2021 Release"},"content":{"rendered":"<p><strong>Destille: Glenturret<br \/>\n<\/strong><span class=\"v1s2\">Die Destillerie geh\u00f6rt zu den \u00e4ltesten in Schottland. Bereits 1717 soll hier illegal Whisky gebrannt worden sein. Die heutige Single Malt Destillerie stammt aus dem Jahre 1763. Dieses Datum steht auch auf den heute verkauften Single Malts aus der Destillerie. 1990 wurde die Destillerie von Highland Distillers \u00fcbernommen, die ihrerseits 1999 von der Edrington Group \u00fcbernommen wurden. Im Dezember 2018 wurde bekanntgegeben, dass die Edrington Group die Brennerei an die \u201eLalique Group SA\u201c (Z\u00fcrich) verkauft hat. <\/span>Die Destillerie kommt auf ein Produktionsvolumen von 340.000 l im Jahr. Ihre Wasserquelle ist der Loch Turret in den Highlands.<\/p>\n<p><strong>Fun Fakt:\u00a0<\/strong>Glenturret ist auch bekannt wegen der Hauskatze &#8220;Towser&#8221;, die es bis ins Guinness Buch der Rekorde schaffte. Sie erreichte ein f\u00fcr Katzen nahezu biblisches Alter von fast 24 Jahren und erlegte in dieser Zeit angeblich 28.899 M\u00e4use. Sie starb im Jahre 1987 und 1991 wurde ihr zu Ehren eine Statue bei der Destillerie errichtet.<\/p>\n<p><strong>Whisky\/Whiskey: Triple Wood 2021 Release<br \/>\n<\/strong><span data-v-46783aec=\"\" data-v-17ccad40=\"\">Der Glenturret Triple Wood ist ein in drei Fassarten gereifter Whisky aus den Highlands. Der Single Malt Whisky ist in europ\u00e4ischen und amerikanischen Sherryf\u00e4ssern und in Bourbon Barrels gereift. Triple Wood ist ein s\u00fc\u00dfer und w\u00fcrziger, aber weicher Whisky, der auf den unverwechselbaren fruchtigen Aromen des Glenturret New Makes aufbaut.\u00a0<\/span><\/p>\n<p><strong>Info Qualit\u00e4t der Flasche:<\/strong> Exzellent ohne Besch\u00e4digungen \/ <strong>F\u00fcllstand:<\/strong> Top shoulder<br \/>\n<strong>Info Qualit\u00e4t der Box:<\/strong> Exzellent &#8211; ohne Besch\u00e4digungen<\/p>\n<p><strong>Wichtiger Hinweis:<\/strong> Die Bewertung der Flaschen und Boxen erfolgt nach \u201ebesten Wissen und Gewissen\u201c. dramfolks kann keine Gew\u00e4hrleistung f\u00fcr den Inhalt der Flaschen \u00fcbernehmen. Weitere Infos &amp; Hinweise finden Sie in unseren AGBs. Wir empfehlen Ihnen, vor der Abgabe von Geboten \u00fcber die Zoomfunktion eine Besichtigung \/ genaue Pr\u00fcfung des angebotenen Whiskys vorzunehmen. Bitte kontaktieren sie uns bei Fragen direkt unter info@dramfolks.com<\/p>\n","protected":false},"excerpt":{"rendered":"<p>Destille: Glenturret Die Destillerie geh\u00f6rt zu den \u00e4ltesten in Schottland. Bereits 1717 soll hier illegal Whisky gebrannt worden sein. Die heutige Single Malt Destillerie stammt aus dem Jahre 1763. Dieses Datum steht auch auf den heute verkauften Single Malts aus der Destillerie. 1990 wurde die Destillerie von Highland Distillers \u00fcbernommen, die ihrerseits 1999 von der[&#8230;]\n","protected":false},"featured_media":6727428,"comment_status":"closed","ping_status":"closed","template":"","meta":[],"product_brand":[],"product_cat":[1282],"product_tag":[],"class_list":{"0":"post-6727427","1":"product","2":"type-product","3":"status-publish","4":"has-post-thumbnail","6":"product_cat-no-22","8":"first","9":"instock","10":"shipping-taxable","11":"purchasable","12":"product-type-auction"},"yoast_head":"<!-- This site is optimized with the Yoast SEO plugin v27.0 - https:\/\/yoast.com\/product\/yoast-seo-wordpress\/ -->\n<title>Glenturret - Triple Wood 2021 Release - Dramfolks Whisky Auction<\/title>\n<meta name=\"robots\" content=\"index, follow, max-snippet:-1, max-image-preview:large, max-video-preview:-1\" \/>\n<link rel=\"canonical\" href=\"https:\/\/www.dramfolks-whisky-auction.com\/en\/product\/glenturret-triple-wood-2021-release\/\" \/>\n<meta property=\"og:locale\" content=\"en_US\" \/>\n<meta property=\"og:type\" content=\"article\" \/>\n<meta property=\"og:title\" content=\"Glenturret - Triple Wood 2021 Release - Dramfolks Whisky Auction\" \/>\n<meta property=\"og:description\" content=\"Destille: Glenturret Die Destillerie geh\u00f6rt zu den \u00e4ltesten in Schottland. Bereits 1717 soll hier illegal Whisky gebrannt worden sein. Die heutige Single Malt Destillerie stammt aus dem Jahre 1763. Dieses Datum steht auch auf den heute verkauften Single Malts aus der Destillerie. 1990 wurde die Destillerie von Highland Distillers \u00fcbernommen, die ihrerseits 1999 von der[...]\" \/>\n<meta property=\"og:url\" content=\"https:\/\/www.dramfolks-whisky-auction.com\/en\/product\/glenturret-triple-wood-2021-release\/\" \/>\n<meta property=\"og:site_name\" content=\"Dramfolks Whisky Auction\" \/>\n<meta property=\"article:modified_time\" content=\"2026-01-04T18:15:11+00:00\" \/>\n<meta property=\"og:image\" content=\"https:\/\/www.dramfolks-whisky-auction.com\/wp-content\/uploads\/2025\/12\/Glenturret-vorne.jpg\" \/>\n\t<meta property=\"og:image:width\" content=\"2311\" \/>\n\t<meta property=\"og:image:height\" content=\"2311\" \/>\n\t<meta property=\"og:image:type\" content=\"image\/jpeg\" \/>\n<meta name=\"twitter:card\" content=\"summary_large_image\" \/>\n<meta name=\"twitter:label1\" content=\"Est. reading time\" \/>\n\t<meta name=\"twitter:data1\" content=\"2 minutes\" \/>\n<script type=\"application\/ld+json\" class=\"yoast-schema-graph\">{\"@context\":\"https:\/\/schema.org\",\"@graph\":[{\"@type\":\"WebPage\",\"@id\":\"https:\/\/www.dramfolks-whisky-auction.com\/en\/product\/glenturret-triple-wood-2021-release\/\",\"url\":\"https:\/\/www.dramfolks-whisky-auction.com\/en\/product\/glenturret-triple-wood-2021-release\/\",\"name\":\"Glenturret - Triple Wood 2021 Release - Dramfolks Whisky Auction\",\"isPartOf\":{\"@id\":\"https:\/\/www.dramfolks-whisky-auction.com\/en\/#website\"},\"primaryImageOfPage\":{\"@id\":\"https:\/\/www.dramfolks-whisky-auction.com\/en\/product\/glenturret-triple-wood-2021-release\/#primaryimage\"},\"image\":{\"@id\":\"https:\/\/www.dramfolks-whisky-auction.com\/en\/product\/glenturret-triple-wood-2021-release\/#primaryimage\"},\"thumbnailUrl\":\"https:\/\/www.dramfolks-whisky-auction.com\/wp-content\/uploads\/2025\/12\/Glenturret-vorne.jpg\",\"datePublished\":\"2025-12-21T05:30:55+00:00\",\"dateModified\":\"2026-01-04T18:15:11+00:00\",\"breadcrumb\":{\"@id\":\"https:\/\/www.dramfolks-whisky-auction.com\/en\/product\/glenturret-triple-wood-2021-release\/#breadcrumb\"},\"inLanguage\":\"en-US\",\"potentialAction\":[{\"@type\":\"ReadAction\",\"target\":[\"https:\/\/www.dramfolks-whisky-auction.com\/en\/product\/glenturret-triple-wood-2021-release\/\"]}]},{\"@type\":\"ImageObject\",\"inLanguage\":\"en-US\",\"@id\":\"https:\/\/www.dramfolks-whisky-auction.com\/en\/product\/glenturret-triple-wood-2021-release\/#primaryimage\",\"url\":\"https:\/\/www.dramfolks-whisky-auction.com\/wp-content\/uploads\/2025\/12\/Glenturret-vorne.jpg\",\"contentUrl\":\"https:\/\/www.dramfolks-whisky-auction.com\/wp-content\/uploads\/2025\/12\/Glenturret-vorne.jpg\",\"width\":2311,\"height\":2311},{\"@type\":\"BreadcrumbList\",\"@id\":\"https:\/\/www.dramfolks-whisky-auction.com\/en\/product\/glenturret-triple-wood-2021-release\/#breadcrumb\",\"itemListElement\":[{\"@type\":\"ListItem\",\"position\":1,\"name\":\"Startseite\",\"item\":\"https:\/\/www.dramfolks-whisky-auction.com\/en\/\"},{\"@type\":\"ListItem\",\"position\":2,\"name\":\"Shop\",\"item\":\"https:\/\/www.dramfolks-whisky-auction.com\/en\/shop\/\"},{\"@type\":\"ListItem\",\"position\":3,\"name\":\"Glenturret &#8211; Triple Wood 2021 Release\"}]},{\"@type\":\"WebSite\",\"@id\":\"https:\/\/www.dramfolks-whisky-auction.com\/en\/#website\",\"url\":\"https:\/\/www.dramfolks-whisky-auction.com\/en\/\",\"name\":\"Dramfolks Whisky Auction\",\"description\":\"\",\"potentialAction\":[{\"@type\":\"SearchAction\",\"target\":{\"@type\":\"EntryPoint\",\"urlTemplate\":\"https:\/\/www.dramfolks-whisky-auction.com\/en\/?s={search_term_string}\"},\"query-input\":{\"@type\":\"PropertyValueSpecification\",\"valueRequired\":true,\"valueName\":\"search_term_string\"}}],\"inLanguage\":\"en-US\"}]}<\/script>\n<!-- \/ Yoast SEO plugin. -->","yoast_head_json":{"title":"Glenturret - Triple Wood 2021 Release - Dramfolks Whisky Auction","robots":{"index":"index","follow":"follow","max-snippet":"max-snippet:-1","max-image-preview":"max-image-preview:large","max-video-preview":"max-video-preview:-1"},"canonical":"https:\/\/www.dramfolks-whisky-auction.com\/en\/product\/glenturret-triple-wood-2021-release\/","og_locale":"en_US","og_type":"article","og_title":"Glenturret - Triple Wood 2021 Release - Dramfolks Whisky Auction","og_description":"Destille: Glenturret Die Destillerie geh\u00f6rt zu den \u00e4ltesten in Schottland. Bereits 1717 soll hier illegal Whisky gebrannt worden sein. Die heutige Single Malt Destillerie stammt aus dem Jahre 1763. Dieses Datum steht auch auf den heute verkauften Single Malts aus der Destillerie. 1990 wurde die Destillerie von Highland Distillers \u00fcbernommen, die ihrerseits 1999 von der[...]","og_url":"https:\/\/www.dramfolks-whisky-auction.com\/en\/product\/glenturret-triple-wood-2021-release\/","og_site_name":"Dramfolks Whisky Auction","article_modified_time":"2026-01-04T18:15:11+00:00","og_image":[{"width":2311,"height":2311,"url":"https:\/\/www.dramfolks-whisky-auction.com\/wp-content\/uploads\/2025\/12\/Glenturret-vorne.jpg","type":"image\/jpeg"}],"twitter_card":"summary_large_image","twitter_misc":{"Est. reading time":"2 minutes"},"schema":{"@context":"https:\/\/schema.org","@graph":[{"@type":"WebPage","@id":"https:\/\/www.dramfolks-whisky-auction.com\/en\/product\/glenturret-triple-wood-2021-release\/","url":"https:\/\/www.dramfolks-whisky-auction.com\/en\/product\/glenturret-triple-wood-2021-release\/","name":"Glenturret - Triple Wood 2021 Release - Dramfolks Whisky Auction","isPartOf":{"@id":"https:\/\/www.dramfolks-whisky-auction.com\/en\/#website"},"primaryImageOfPage":{"@id":"https:\/\/www.dramfolks-whisky-auction.com\/en\/product\/glenturret-triple-wood-2021-release\/#primaryimage"},"image":{"@id":"https:\/\/www.dramfolks-whisky-auction.com\/en\/product\/glenturret-triple-wood-2021-release\/#primaryimage"},"thumbnailUrl":"https:\/\/www.dramfolks-whisky-auction.com\/wp-content\/uploads\/2025\/12\/Glenturret-vorne.jpg","datePublished":"2025-12-21T05:30:55+00:00","dateModified":"2026-01-04T18:15:11+00:00","breadcrumb":{"@id":"https:\/\/www.dramfolks-whisky-auction.com\/en\/product\/glenturret-triple-wood-2021-release\/#breadcrumb"},"inLanguage":"en-US","potentialAction":[{"@type":"ReadAction","target":["https:\/\/www.dramfolks-whisky-auction.com\/en\/product\/glenturret-triple-wood-2021-release\/"]}]},{"@type":"ImageObject","inLanguage":"en-US","@id":"https:\/\/www.dramfolks-whisky-auction.com\/en\/product\/glenturret-triple-wood-2021-release\/#primaryimage","url":"https:\/\/www.dramfolks-whisky-auction.com\/wp-content\/uploads\/2025\/12\/Glenturret-vorne.jpg","contentUrl":"https:\/\/www.dramfolks-whisky-auction.com\/wp-content\/uploads\/2025\/12\/Glenturret-vorne.jpg","width":2311,"height":2311},{"@type":"BreadcrumbList","@id":"https:\/\/www.dramfolks-whisky-auction.com\/en\/product\/glenturret-triple-wood-2021-release\/#breadcrumb","itemListElement":[{"@type":"ListItem","position":1,"name":"Startseite","item":"https:\/\/www.dramfolks-whisky-auction.com\/en\/"},{"@type":"ListItem","position":2,"name":"Shop","item":"https:\/\/www.dramfolks-whisky-auction.com\/en\/shop\/"},{"@type":"ListItem","position":3,"name":"Glenturret &#8211; Triple Wood 2021 Release"}]},{"@type":"WebSite","@id":"https:\/\/www.dramfolks-whisky-auction.com\/en\/#website","url":"https:\/\/www.dramfolks-whisky-auction.com\/en\/","name":"Dramfolks Whisky Auction","description":"","potentialAction":[{"@type":"SearchAction","target":{"@type":"EntryPoint","urlTemplate":"https:\/\/www.dramfolks-whisky-auction.com\/en\/?s={search_term_string}"},"query-input":{"@type":"PropertyValueSpecification","valueRequired":true,"valueName":"search_term_string"}}],"inLanguage":"en-US"}]}},"_links":{"self":[{"href":"https:\/\/www.dramfolks-whisky-auction.com\/en\/wp-json\/wp\/v2\/product\/6727427","targetHints":{"allow":["GET"]}}],"collection":[{"href":"https:\/\/www.dramfolks-whisky-auction.com\/en\/wp-json\/wp\/v2\/product"}],"about":[{"href":"https:\/\/www.dramfolks-whisky-auction.com\/en\/wp-json\/wp\/v2\/types\/product"}],"replies":[{"embeddable":true,"href":"https:\/\/www.dramfolks-whisky-auction.com\/en\/wp-json\/wp\/v2\/comments?post=6727427"}],"wp:featuredmedia":[{"embeddable":true,"href":"https:\/\/www.dramfolks-whisky-auction.com\/en\/wp-json\/wp\/v2\/media\/6727428"}],"wp:attachment":[{"href":"https:\/\/www.dramfolks-whisky-auction.com\/en\/wp-json\/wp\/v2\/media?parent=6727427"}],"wp:term":[{"taxonomy":"product_brand","embeddable":true,"href":"https:\/\/www.dramfolks-whisky-auction.com\/en\/wp-json\/wp\/v2\/product_brand?post=6727427"},{"taxonomy":"product_cat","embeddable":true,"href":"https:\/\/www.dramfolks-whisky-auction.com\/en\/wp-json\/wp\/v2\/product_cat?post=6727427"},{"taxonomy":"product_tag","embeddable":true,"href":"https:\/\/www.dramfolks-whisky-auction.com\/en\/wp-json\/wp\/v2\/product_tag?post=6727427"}],"curies":[{"name":"wp","href":"https:\/\/api.w.org\/{rel}","templated":true}]}}