{"id":6727412,"date":"2025-12-21T06:09:18","date_gmt":"2025-12-21T05:09:18","guid":{"rendered":"https:\/\/www.dramfolks-whisky-auction.com\/?post_type=product&#038;p=6727412"},"modified":"2026-01-04T19:15:10","modified_gmt":"2026-01-04T18:15:10","slug":"glenfarclas-private-reserve-2022-2","status":"publish","type":"product","link":"https:\/\/www.dramfolks-whisky-auction.com\/en\/product\/glenfarclas-private-reserve-2022-2\/","title":{"rendered":"Glenfarclas &#8211; Private Reserve 2022"},"content":{"rendered":"<p><strong>Destille: Glenfarclas<\/strong><br \/>\nGlenfarclas ist eine Whiskybrennerei in Ballindalloch, Schottland. Glenfarclas bedeutet \u00fcbersetzt &#8220;Tal des gr\u00fcnen Grases&#8221;. Die Brennerei ist eine der wenigen Destillerien, die heute noch vollst\u00e4ndig im Familienbesitz sind. Seit 1865 f\u00fchrt die Familie Grant erfolgreich die Geschicke der Brennerei. Sie verf\u00fcgt \u00fcber insgesamt 6 Brennblasen und ist derzeit die gr\u00f6\u00dfte Destillerie der Speyside (j\u00e4hrliches Produktionsvolumen: ca. 4 Mio. Liter). Die Brennerei verf\u00fcgt \u00fcber rund 68.000 F\u00e4sser, die vor Ort in traditionellen Staulagern reifen, mit Lagerbest\u00e4nden aus jedem Jahr von 1954 bis zum aktuellen Jahr. Dadurch ist es Glenfarclas m\u00f6glich, j\u00e4hrlich seine ber\u00fchmten &#8220;The Family Casks&#8221; Kollektionen auf den Markt zu bringen.<\/p>\n<p><strong>Fun fact:<\/strong> Das au\u00dfergew\u00f6hnlich alte Fasslager und die daraus entstehenden, edlen und teuren Whiskys ziehen nicht nur &#8220;brave&#8221; Besucher an die Speyside. Im Jahr 2022 wurde im Besucherzentrum eingebrochen und Whisky im Wert von \u00fcber 100.000 Euro gestohlen! Die T\u00e4ter sind nach wie vor auf der Flucht (oder sturzbetrunken auf der Flucht eingeschlafen&#8230;).<\/p>\n<p><strong>Whisky\/Whiskey: Private Reserve 2022<br \/>\n<\/strong>Der Glenfarclas Private Reserve ist ein Whisky aus der schottischen Speyside. Die Brennerei hat ihn 2022 abgef\u00fcllt, um ihre 46 Jahre bestehende Kooperation mit dem franz\u00f6sischen Weingut Maison M\u00e4hler-Besse zu zelebrieren. Seine Fassreife hat der Scotch vollst\u00e4ndig in Oak Casks verbracht. Er kommt zudem ohne Farbstoff und K\u00fchlfiltrierung aus und \u00fcberzeugt mit 46,0 Volumenprozent. Insgesamt gibt es 9999 Flaschen zu kaufen!<\/p>\n<p><strong>Info Flaschen Qualit\u00e4t:<\/strong> Exzellent &#8211; ohne Besch\u00e4digungen \/ <strong>F\u00fcllstand:<\/strong> Into neck<br \/>\n<strong>Info Box Qualit\u00e4t:<\/strong> Exzellent &#8211; ohne Besch\u00e4digungen<\/p>\n<p><strong>Wichtiger Hinweis:<\/strong> Die Bewertung der Flaschen und Boxen erfolgt nach \u201ebesten Wissen und Gewissen\u201c. dramfolks kann keine Gew\u00e4hrleistung f\u00fcr den Inhalt der Flaschen \u00fcbernehmen. Weitere Infos &amp; Hinweise finden Sie in unseren AGBs. Wir empfehlen Ihnen, vor der Abgabe von Geboten \u00fcber die Zoomfunktion eine Besichtigung \/ genaue Pr\u00fcfung des angebotenen Whiskys vorzunehmen. Bitte kontaktieren sie uns bei Fragen direkt unter info@dramfolks.com<\/p>\n","protected":false},"excerpt":{"rendered":"<p>Destille: Glenfarclas Glenfarclas ist eine Whiskybrennerei in Ballindalloch, Schottland. Glenfarclas bedeutet \u00fcbersetzt &#8220;Tal des gr\u00fcnen Grases&#8221;. Die Brennerei ist eine der wenigen Destillerien, die heute noch vollst\u00e4ndig im Familienbesitz sind. Seit 1865 f\u00fchrt die Familie Grant erfolgreich die Geschicke der Brennerei. Sie verf\u00fcgt \u00fcber insgesamt 6 Brennblasen und ist derzeit die gr\u00f6\u00dfte Destillerie der Speyside[&#8230;]\n","protected":false},"featured_media":5368926,"comment_status":"closed","ping_status":"closed","template":"","meta":[],"product_brand":[],"product_cat":[1282],"product_tag":[],"class_list":{"0":"post-6727412","1":"product","2":"type-product","3":"status-publish","4":"has-post-thumbnail","6":"product_cat-no-22","8":"first","9":"instock","10":"shipping-taxable","11":"purchasable","12":"product-type-auction"},"yoast_head":"<!-- This site is optimized with the Yoast SEO plugin v27.0 - https:\/\/yoast.com\/product\/yoast-seo-wordpress\/ -->\n<title>Glenfarclas - Private Reserve 2022 - Dramfolks Whisky Auction<\/title>\n<meta name=\"robots\" content=\"index, follow, max-snippet:-1, max-image-preview:large, max-video-preview:-1\" \/>\n<link rel=\"canonical\" href=\"https:\/\/www.dramfolks-whisky-auction.com\/en\/product\/glenfarclas-private-reserve-2022-2\/\" \/>\n<meta property=\"og:locale\" content=\"en_US\" \/>\n<meta property=\"og:type\" content=\"article\" \/>\n<meta property=\"og:title\" content=\"Glenfarclas - Private Reserve 2022 - Dramfolks Whisky Auction\" \/>\n<meta property=\"og:description\" content=\"Destille: Glenfarclas Glenfarclas ist eine Whiskybrennerei in Ballindalloch, Schottland. Glenfarclas bedeutet \u00fcbersetzt &#8220;Tal des gr\u00fcnen Grases&#8221;. Die Brennerei ist eine der wenigen Destillerien, die heute noch vollst\u00e4ndig im Familienbesitz sind. Seit 1865 f\u00fchrt die Familie Grant erfolgreich die Geschicke der Brennerei. Sie verf\u00fcgt \u00fcber insgesamt 6 Brennblasen und ist derzeit die gr\u00f6\u00dfte Destillerie der Speyside[...]\" \/>\n<meta property=\"og:url\" content=\"https:\/\/www.dramfolks-whisky-auction.com\/en\/product\/glenfarclas-private-reserve-2022-2\/\" \/>\n<meta property=\"og:site_name\" content=\"Dramfolks Whisky Auction\" \/>\n<meta property=\"article:modified_time\" content=\"2026-01-04T18:15:10+00:00\" \/>\n<meta property=\"og:image\" content=\"https:\/\/www.dramfolks-whisky-auction.com\/wp-content\/uploads\/2025\/09\/Glenfarclas-Private-2022-vorne.jpg\" \/>\n\t<meta property=\"og:image:width\" content=\"2243\" \/>\n\t<meta property=\"og:image:height\" content=\"2243\" \/>\n\t<meta property=\"og:image:type\" content=\"image\/jpeg\" \/>\n<meta name=\"twitter:card\" content=\"summary_large_image\" \/>\n<meta name=\"twitter:label1\" content=\"Est. reading time\" \/>\n\t<meta name=\"twitter:data1\" content=\"2 minutes\" \/>\n<script type=\"application\/ld+json\" class=\"yoast-schema-graph\">{\"@context\":\"https:\/\/schema.org\",\"@graph\":[{\"@type\":\"WebPage\",\"@id\":\"https:\/\/www.dramfolks-whisky-auction.com\/en\/product\/glenfarclas-private-reserve-2022-2\/\",\"url\":\"https:\/\/www.dramfolks-whisky-auction.com\/en\/product\/glenfarclas-private-reserve-2022-2\/\",\"name\":\"Glenfarclas - Private Reserve 2022 - Dramfolks Whisky Auction\",\"isPartOf\":{\"@id\":\"https:\/\/www.dramfolks-whisky-auction.com\/en\/#website\"},\"primaryImageOfPage\":{\"@id\":\"https:\/\/www.dramfolks-whisky-auction.com\/en\/product\/glenfarclas-private-reserve-2022-2\/#primaryimage\"},\"image\":{\"@id\":\"https:\/\/www.dramfolks-whisky-auction.com\/en\/product\/glenfarclas-private-reserve-2022-2\/#primaryimage\"},\"thumbnailUrl\":\"https:\/\/www.dramfolks-whisky-auction.com\/wp-content\/uploads\/2025\/09\/Glenfarclas-Private-2022-vorne.jpg\",\"datePublished\":\"2025-12-21T05:09:18+00:00\",\"dateModified\":\"2026-01-04T18:15:10+00:00\",\"breadcrumb\":{\"@id\":\"https:\/\/www.dramfolks-whisky-auction.com\/en\/product\/glenfarclas-private-reserve-2022-2\/#breadcrumb\"},\"inLanguage\":\"en-US\",\"potentialAction\":[{\"@type\":\"ReadAction\",\"target\":[\"https:\/\/www.dramfolks-whisky-auction.com\/en\/product\/glenfarclas-private-reserve-2022-2\/\"]}]},{\"@type\":\"ImageObject\",\"inLanguage\":\"en-US\",\"@id\":\"https:\/\/www.dramfolks-whisky-auction.com\/en\/product\/glenfarclas-private-reserve-2022-2\/#primaryimage\",\"url\":\"https:\/\/www.dramfolks-whisky-auction.com\/wp-content\/uploads\/2025\/09\/Glenfarclas-Private-2022-vorne.jpg\",\"contentUrl\":\"https:\/\/www.dramfolks-whisky-auction.com\/wp-content\/uploads\/2025\/09\/Glenfarclas-Private-2022-vorne.jpg\",\"width\":2243,\"height\":2243},{\"@type\":\"BreadcrumbList\",\"@id\":\"https:\/\/www.dramfolks-whisky-auction.com\/en\/product\/glenfarclas-private-reserve-2022-2\/#breadcrumb\",\"itemListElement\":[{\"@type\":\"ListItem\",\"position\":1,\"name\":\"Startseite\",\"item\":\"https:\/\/www.dramfolks-whisky-auction.com\/en\/\"},{\"@type\":\"ListItem\",\"position\":2,\"name\":\"Shop\",\"item\":\"https:\/\/www.dramfolks-whisky-auction.com\/en\/shop\/\"},{\"@type\":\"ListItem\",\"position\":3,\"name\":\"Glenfarclas &#8211; Private Reserve 2022\"}]},{\"@type\":\"WebSite\",\"@id\":\"https:\/\/www.dramfolks-whisky-auction.com\/en\/#website\",\"url\":\"https:\/\/www.dramfolks-whisky-auction.com\/en\/\",\"name\":\"Dramfolks Whisky Auction\",\"description\":\"\",\"potentialAction\":[{\"@type\":\"SearchAction\",\"target\":{\"@type\":\"EntryPoint\",\"urlTemplate\":\"https:\/\/www.dramfolks-whisky-auction.com\/en\/?s={search_term_string}\"},\"query-input\":{\"@type\":\"PropertyValueSpecification\",\"valueRequired\":true,\"valueName\":\"search_term_string\"}}],\"inLanguage\":\"en-US\"}]}<\/script>\n<!-- \/ Yoast SEO plugin. -->","yoast_head_json":{"title":"Glenfarclas - Private Reserve 2022 - Dramfolks Whisky Auction","robots":{"index":"index","follow":"follow","max-snippet":"max-snippet:-1","max-image-preview":"max-image-preview:large","max-video-preview":"max-video-preview:-1"},"canonical":"https:\/\/www.dramfolks-whisky-auction.com\/en\/product\/glenfarclas-private-reserve-2022-2\/","og_locale":"en_US","og_type":"article","og_title":"Glenfarclas - Private Reserve 2022 - Dramfolks Whisky Auction","og_description":"Destille: Glenfarclas Glenfarclas ist eine Whiskybrennerei in Ballindalloch, Schottland. Glenfarclas bedeutet \u00fcbersetzt &#8220;Tal des gr\u00fcnen Grases&#8221;. Die Brennerei ist eine der wenigen Destillerien, die heute noch vollst\u00e4ndig im Familienbesitz sind. Seit 1865 f\u00fchrt die Familie Grant erfolgreich die Geschicke der Brennerei. Sie verf\u00fcgt \u00fcber insgesamt 6 Brennblasen und ist derzeit die gr\u00f6\u00dfte Destillerie der Speyside[...]","og_url":"https:\/\/www.dramfolks-whisky-auction.com\/en\/product\/glenfarclas-private-reserve-2022-2\/","og_site_name":"Dramfolks Whisky Auction","article_modified_time":"2026-01-04T18:15:10+00:00","og_image":[{"width":2243,"height":2243,"url":"https:\/\/www.dramfolks-whisky-auction.com\/wp-content\/uploads\/2025\/09\/Glenfarclas-Private-2022-vorne.jpg","type":"image\/jpeg"}],"twitter_card":"summary_large_image","twitter_misc":{"Est. reading time":"2 minutes"},"schema":{"@context":"https:\/\/schema.org","@graph":[{"@type":"WebPage","@id":"https:\/\/www.dramfolks-whisky-auction.com\/en\/product\/glenfarclas-private-reserve-2022-2\/","url":"https:\/\/www.dramfolks-whisky-auction.com\/en\/product\/glenfarclas-private-reserve-2022-2\/","name":"Glenfarclas - Private Reserve 2022 - Dramfolks Whisky Auction","isPartOf":{"@id":"https:\/\/www.dramfolks-whisky-auction.com\/en\/#website"},"primaryImageOfPage":{"@id":"https:\/\/www.dramfolks-whisky-auction.com\/en\/product\/glenfarclas-private-reserve-2022-2\/#primaryimage"},"image":{"@id":"https:\/\/www.dramfolks-whisky-auction.com\/en\/product\/glenfarclas-private-reserve-2022-2\/#primaryimage"},"thumbnailUrl":"https:\/\/www.dramfolks-whisky-auction.com\/wp-content\/uploads\/2025\/09\/Glenfarclas-Private-2022-vorne.jpg","datePublished":"2025-12-21T05:09:18+00:00","dateModified":"2026-01-04T18:15:10+00:00","breadcrumb":{"@id":"https:\/\/www.dramfolks-whisky-auction.com\/en\/product\/glenfarclas-private-reserve-2022-2\/#breadcrumb"},"inLanguage":"en-US","potentialAction":[{"@type":"ReadAction","target":["https:\/\/www.dramfolks-whisky-auction.com\/en\/product\/glenfarclas-private-reserve-2022-2\/"]}]},{"@type":"ImageObject","inLanguage":"en-US","@id":"https:\/\/www.dramfolks-whisky-auction.com\/en\/product\/glenfarclas-private-reserve-2022-2\/#primaryimage","url":"https:\/\/www.dramfolks-whisky-auction.com\/wp-content\/uploads\/2025\/09\/Glenfarclas-Private-2022-vorne.jpg","contentUrl":"https:\/\/www.dramfolks-whisky-auction.com\/wp-content\/uploads\/2025\/09\/Glenfarclas-Private-2022-vorne.jpg","width":2243,"height":2243},{"@type":"BreadcrumbList","@id":"https:\/\/www.dramfolks-whisky-auction.com\/en\/product\/glenfarclas-private-reserve-2022-2\/#breadcrumb","itemListElement":[{"@type":"ListItem","position":1,"name":"Startseite","item":"https:\/\/www.dramfolks-whisky-auction.com\/en\/"},{"@type":"ListItem","position":2,"name":"Shop","item":"https:\/\/www.dramfolks-whisky-auction.com\/en\/shop\/"},{"@type":"ListItem","position":3,"name":"Glenfarclas &#8211; Private Reserve 2022"}]},{"@type":"WebSite","@id":"https:\/\/www.dramfolks-whisky-auction.com\/en\/#website","url":"https:\/\/www.dramfolks-whisky-auction.com\/en\/","name":"Dramfolks Whisky Auction","description":"","potentialAction":[{"@type":"SearchAction","target":{"@type":"EntryPoint","urlTemplate":"https:\/\/www.dramfolks-whisky-auction.com\/en\/?s={search_term_string}"},"query-input":{"@type":"PropertyValueSpecification","valueRequired":true,"valueName":"search_term_string"}}],"inLanguage":"en-US"}]}},"_links":{"self":[{"href":"https:\/\/www.dramfolks-whisky-auction.com\/en\/wp-json\/wp\/v2\/product\/6727412","targetHints":{"allow":["GET"]}}],"collection":[{"href":"https:\/\/www.dramfolks-whisky-auction.com\/en\/wp-json\/wp\/v2\/product"}],"about":[{"href":"https:\/\/www.dramfolks-whisky-auction.com\/en\/wp-json\/wp\/v2\/types\/product"}],"replies":[{"embeddable":true,"href":"https:\/\/www.dramfolks-whisky-auction.com\/en\/wp-json\/wp\/v2\/comments?post=6727412"}],"wp:featuredmedia":[{"embeddable":true,"href":"https:\/\/www.dramfolks-whisky-auction.com\/en\/wp-json\/wp\/v2\/media\/5368926"}],"wp:attachment":[{"href":"https:\/\/www.dramfolks-whisky-auction.com\/en\/wp-json\/wp\/v2\/media?parent=6727412"}],"wp:term":[{"taxonomy":"product_brand","embeddable":true,"href":"https:\/\/www.dramfolks-whisky-auction.com\/en\/wp-json\/wp\/v2\/product_brand?post=6727412"},{"taxonomy":"product_cat","embeddable":true,"href":"https:\/\/www.dramfolks-whisky-auction.com\/en\/wp-json\/wp\/v2\/product_cat?post=6727412"},{"taxonomy":"product_tag","embeddable":true,"href":"https:\/\/www.dramfolks-whisky-auction.com\/en\/wp-json\/wp\/v2\/product_tag?post=6727412"}],"curies":[{"name":"wp","href":"https:\/\/api.w.org\/{rel}","templated":true}]}}