{"id":6727404,"date":"2025-12-20T10:51:35","date_gmt":"2025-12-20T09:51:35","guid":{"rendered":"https:\/\/www.dramfolks-whisky-auction.com\/?post_type=product&#038;p=6727404"},"modified":"2026-01-04T19:15:08","modified_gmt":"2026-01-04T18:15:08","slug":"glen-scotia-victoriana-cask-strength-exceptionally-rare-8","status":"publish","type":"product","link":"https:\/\/www.dramfolks-whisky-auction.com\/en\/product\/glen-scotia-victoriana-cask-strength-exceptionally-rare-8\/","title":{"rendered":"Glen Scotia &#8211; Victoriana Cask Strength Exceptionally Rare"},"content":{"rendered":"<p><strong>Destille: Glen Scotia<br \/>\n<\/strong><span class=\"v1s2\">Die Destille Glen Scotia hat ihren Sitz in der eigenst\u00e4ndigen Whiskyregion Campbeltown auf der Halbinsel Kintyre in Schottland. Campbeltown verf\u00fcgte fr\u00fcher \u00fcber mehr als 30 Brennereien, von denen bis heute \u2013 neben Glen Scotia \u2013 nur noch die Springbank-Destillerie und Glengyle \u00fcbrig geblieben sind.<\/span> Das Wasser f\u00fcr die Produktion bezieht die Destille aus dem See &#8220;Crosshill Loch&#8221;, der ca. 2km entfernt vor den Toren der Stadt liegt. Glen Scotia kommt auf ein Produktionsvolumen von 750.000 l im Jahr.<\/p>\n<p><strong>Fun Fakt: <\/strong>Als \u00dcberlebender einiger der turbulentesten Zeiten in der Geschichte der <span class=\"tx-datamintslossaryextension-no-replacement\">Whisky<\/span>&#8211;<span class=\"tx-datamintslossaryextension-no-replacement\">Produktion<\/span>, hat Glen Scotia einiges durchmachen m\u00fcssen. Es wird erz\u00e4hlt, dass die <span class=\"tx-datamintslossaryextension-no-replacement\">Brennerei<\/span> von dem Gespenst Duncan McCallums, einer seiner ehemaligen Besitzer, heimgesucht wird. McCallum ertr\u00e4nkte sich im Campbeltown Loch, nachdem er durch ein geplatztes Gesch\u00e4ft ruiniert worden war. Die Galbraith-Familie gr\u00fcndete die <span class=\"tx-datamintslossaryextension-no-replacement\">Brennerei<\/span> im Jahr 1832 und sie blieb in ihrem Besitz, bis sie 1919 an die West Highland Malt Distillers verkauft wurde. F\u00fcnf Jahre sp\u00e4ter meldete WHMD Konkurs an und die <span class=\"tx-datamintslossaryextension-no-replacement\">Brennerei<\/span> wurde an Duncan McCallum \u00fcbergeben. Im Jahr 1928 meldete McCallum selbst Konkurs an, da er aufgrund eines rechtswidrigen Gesch\u00e4fts pleite gegangen war. Dies zwang ihn dazu, Glen Scotia zu schlie\u00dfen. McCallum ertr\u00e4nkte sich tragischerweise im Campbell Loch, der als Ironie des Schicksals speziell f\u00fcr den Zweck, den Destillerien in der Stadt <span class=\"tx-datamintslossaryextension-no-replacement\">Wasser<\/span> zuzuf\u00fchren, angelegt worden war.<\/p>\n<p><strong>Whisky\/Whiskey: Victoriana Cask Strength Exceptionally Rare<br \/>\n<\/strong>Victoriana ist eine kleine moderne Interpretation eines klassischen Campbeltown Whiskys. Dieser Whisky wurde in einer Kombination aus erst- und zweitgef\u00fcllten Bourbonf\u00e4ssern gereift und in einer Kombination aus Pedro Xim\u00e9nez- und stark verkohlten Eichenf\u00e4ssern fertiggestellt und erhielt auch einen Goldpreis beim renommierten San Francisco World Spirits Competition!<\/p>\n<p><strong>Info Qualit\u00e4t der Flasche:<\/strong> Exzellent &#8211; ohne Besch\u00e4digungen \/ <strong>F\u00fcllstand:<\/strong> High fill<br \/>\n<strong>Info Qualit\u00e4t der Box:<\/strong> Exzellent &#8211; ohne Besch\u00e4digungen<\/p>\n<p><strong>Wichtiger Hinweis:<\/strong> Die Bewertung der Flaschen und Boxen erfolgt nach \u201ebesten Wissen und Gewissen\u201c. dramfolks kann keine Gew\u00e4hrleistung f\u00fcr den Inhalt der Flaschen \u00fcbernehmen. Weitere Infos &amp; Hinweise finden Sie in unseren AGBs. Wir empfehlen Ihnen, vor der Abgabe von Geboten \u00fcber die Zoomfunktion eine Besichtigung \/ genaue Pr\u00fcfung des angebotenen Whiskys vorzunehmen. Bitte kontaktieren sie uns bei Fragen direkt unter info@dramfolks.com<\/p>\n","protected":false},"excerpt":{"rendered":"<p>Destille: Glen Scotia Die Destille Glen Scotia hat ihren Sitz in der eigenst\u00e4ndigen Whiskyregion Campbeltown auf der Halbinsel Kintyre in Schottland. Campbeltown verf\u00fcgte fr\u00fcher \u00fcber mehr als 30 Brennereien, von denen bis heute \u2013 neben Glen Scotia \u2013 nur noch die Springbank-Destillerie und Glengyle \u00fcbrig geblieben sind. Das Wasser f\u00fcr die Produktion bezieht die Destille[&#8230;]\n","protected":false},"featured_media":5778430,"comment_status":"closed","ping_status":"closed","template":"","meta":[],"product_brand":[],"product_cat":[1282],"product_tag":[],"class_list":{"0":"post-6727404","1":"product","2":"type-product","3":"status-publish","4":"has-post-thumbnail","6":"product_cat-no-22","8":"first","9":"instock","10":"shipping-taxable","11":"purchasable","12":"product-type-auction"},"yoast_head":"<!-- This site is optimized with the Yoast SEO plugin v27.0 - https:\/\/yoast.com\/product\/yoast-seo-wordpress\/ -->\n<title>Glen Scotia - Victoriana Cask Strength Exceptionally Rare - Dramfolks Whisky Auction<\/title>\n<meta name=\"robots\" content=\"index, follow, max-snippet:-1, max-image-preview:large, max-video-preview:-1\" \/>\n<link rel=\"canonical\" href=\"https:\/\/www.dramfolks-whisky-auction.com\/en\/product\/glen-scotia-victoriana-cask-strength-exceptionally-rare-8\/\" \/>\n<meta property=\"og:locale\" content=\"en_US\" \/>\n<meta property=\"og:type\" content=\"article\" \/>\n<meta property=\"og:title\" content=\"Glen Scotia - Victoriana Cask Strength Exceptionally Rare - Dramfolks Whisky Auction\" \/>\n<meta property=\"og:description\" content=\"Destille: Glen Scotia Die Destille Glen Scotia hat ihren Sitz in der eigenst\u00e4ndigen Whiskyregion Campbeltown auf der Halbinsel Kintyre in Schottland. Campbeltown verf\u00fcgte fr\u00fcher \u00fcber mehr als 30 Brennereien, von denen bis heute \u2013 neben Glen Scotia \u2013 nur noch die Springbank-Destillerie und Glengyle \u00fcbrig geblieben sind. Das Wasser f\u00fcr die Produktion bezieht die Destille[...]\" \/>\n<meta property=\"og:url\" content=\"https:\/\/www.dramfolks-whisky-auction.com\/en\/product\/glen-scotia-victoriana-cask-strength-exceptionally-rare-8\/\" \/>\n<meta property=\"og:site_name\" content=\"Dramfolks Whisky Auction\" \/>\n<meta property=\"article:modified_time\" content=\"2026-01-04T18:15:08+00:00\" \/>\n<meta property=\"og:image\" content=\"https:\/\/www.dramfolks-whisky-auction.com\/wp-content\/uploads\/2025\/11\/Glen-Scotia-Victoriana-vorne.jpg\" \/>\n\t<meta property=\"og:image:width\" content=\"2309\" \/>\n\t<meta property=\"og:image:height\" content=\"2309\" \/>\n\t<meta property=\"og:image:type\" content=\"image\/jpeg\" \/>\n<meta name=\"twitter:card\" content=\"summary_large_image\" \/>\n<meta name=\"twitter:label1\" content=\"Est. reading time\" \/>\n\t<meta name=\"twitter:data1\" content=\"3 minutes\" \/>\n<script type=\"application\/ld+json\" class=\"yoast-schema-graph\">{\"@context\":\"https:\/\/schema.org\",\"@graph\":[{\"@type\":\"WebPage\",\"@id\":\"https:\/\/www.dramfolks-whisky-auction.com\/en\/product\/glen-scotia-victoriana-cask-strength-exceptionally-rare-8\/\",\"url\":\"https:\/\/www.dramfolks-whisky-auction.com\/en\/product\/glen-scotia-victoriana-cask-strength-exceptionally-rare-8\/\",\"name\":\"Glen Scotia - Victoriana Cask Strength Exceptionally Rare - Dramfolks Whisky Auction\",\"isPartOf\":{\"@id\":\"https:\/\/www.dramfolks-whisky-auction.com\/en\/#website\"},\"primaryImageOfPage\":{\"@id\":\"https:\/\/www.dramfolks-whisky-auction.com\/en\/product\/glen-scotia-victoriana-cask-strength-exceptionally-rare-8\/#primaryimage\"},\"image\":{\"@id\":\"https:\/\/www.dramfolks-whisky-auction.com\/en\/product\/glen-scotia-victoriana-cask-strength-exceptionally-rare-8\/#primaryimage\"},\"thumbnailUrl\":\"https:\/\/www.dramfolks-whisky-auction.com\/wp-content\/uploads\/2025\/11\/Glen-Scotia-Victoriana-vorne.jpg\",\"datePublished\":\"2025-12-20T09:51:35+00:00\",\"dateModified\":\"2026-01-04T18:15:08+00:00\",\"breadcrumb\":{\"@id\":\"https:\/\/www.dramfolks-whisky-auction.com\/en\/product\/glen-scotia-victoriana-cask-strength-exceptionally-rare-8\/#breadcrumb\"},\"inLanguage\":\"en-US\",\"potentialAction\":[{\"@type\":\"ReadAction\",\"target\":[\"https:\/\/www.dramfolks-whisky-auction.com\/en\/product\/glen-scotia-victoriana-cask-strength-exceptionally-rare-8\/\"]}]},{\"@type\":\"ImageObject\",\"inLanguage\":\"en-US\",\"@id\":\"https:\/\/www.dramfolks-whisky-auction.com\/en\/product\/glen-scotia-victoriana-cask-strength-exceptionally-rare-8\/#primaryimage\",\"url\":\"https:\/\/www.dramfolks-whisky-auction.com\/wp-content\/uploads\/2025\/11\/Glen-Scotia-Victoriana-vorne.jpg\",\"contentUrl\":\"https:\/\/www.dramfolks-whisky-auction.com\/wp-content\/uploads\/2025\/11\/Glen-Scotia-Victoriana-vorne.jpg\",\"width\":2309,\"height\":2309},{\"@type\":\"BreadcrumbList\",\"@id\":\"https:\/\/www.dramfolks-whisky-auction.com\/en\/product\/glen-scotia-victoriana-cask-strength-exceptionally-rare-8\/#breadcrumb\",\"itemListElement\":[{\"@type\":\"ListItem\",\"position\":1,\"name\":\"Startseite\",\"item\":\"https:\/\/www.dramfolks-whisky-auction.com\/en\/\"},{\"@type\":\"ListItem\",\"position\":2,\"name\":\"Shop\",\"item\":\"https:\/\/www.dramfolks-whisky-auction.com\/en\/shop\/\"},{\"@type\":\"ListItem\",\"position\":3,\"name\":\"Glen Scotia &#8211; Victoriana Cask Strength Exceptionally Rare\"}]},{\"@type\":\"WebSite\",\"@id\":\"https:\/\/www.dramfolks-whisky-auction.com\/en\/#website\",\"url\":\"https:\/\/www.dramfolks-whisky-auction.com\/en\/\",\"name\":\"Dramfolks Whisky Auction\",\"description\":\"\",\"potentialAction\":[{\"@type\":\"SearchAction\",\"target\":{\"@type\":\"EntryPoint\",\"urlTemplate\":\"https:\/\/www.dramfolks-whisky-auction.com\/en\/?s={search_term_string}\"},\"query-input\":{\"@type\":\"PropertyValueSpecification\",\"valueRequired\":true,\"valueName\":\"search_term_string\"}}],\"inLanguage\":\"en-US\"}]}<\/script>\n<!-- \/ Yoast SEO plugin. -->","yoast_head_json":{"title":"Glen Scotia - Victoriana Cask Strength Exceptionally Rare - Dramfolks Whisky Auction","robots":{"index":"index","follow":"follow","max-snippet":"max-snippet:-1","max-image-preview":"max-image-preview:large","max-video-preview":"max-video-preview:-1"},"canonical":"https:\/\/www.dramfolks-whisky-auction.com\/en\/product\/glen-scotia-victoriana-cask-strength-exceptionally-rare-8\/","og_locale":"en_US","og_type":"article","og_title":"Glen Scotia - Victoriana Cask Strength Exceptionally Rare - Dramfolks Whisky Auction","og_description":"Destille: Glen Scotia Die Destille Glen Scotia hat ihren Sitz in der eigenst\u00e4ndigen Whiskyregion Campbeltown auf der Halbinsel Kintyre in Schottland. Campbeltown verf\u00fcgte fr\u00fcher \u00fcber mehr als 30 Brennereien, von denen bis heute \u2013 neben Glen Scotia \u2013 nur noch die Springbank-Destillerie und Glengyle \u00fcbrig geblieben sind. Das Wasser f\u00fcr die Produktion bezieht die Destille[...]","og_url":"https:\/\/www.dramfolks-whisky-auction.com\/en\/product\/glen-scotia-victoriana-cask-strength-exceptionally-rare-8\/","og_site_name":"Dramfolks Whisky Auction","article_modified_time":"2026-01-04T18:15:08+00:00","og_image":[{"width":2309,"height":2309,"url":"https:\/\/www.dramfolks-whisky-auction.com\/wp-content\/uploads\/2025\/11\/Glen-Scotia-Victoriana-vorne.jpg","type":"image\/jpeg"}],"twitter_card":"summary_large_image","twitter_misc":{"Est. reading time":"3 minutes"},"schema":{"@context":"https:\/\/schema.org","@graph":[{"@type":"WebPage","@id":"https:\/\/www.dramfolks-whisky-auction.com\/en\/product\/glen-scotia-victoriana-cask-strength-exceptionally-rare-8\/","url":"https:\/\/www.dramfolks-whisky-auction.com\/en\/product\/glen-scotia-victoriana-cask-strength-exceptionally-rare-8\/","name":"Glen Scotia - Victoriana Cask Strength Exceptionally Rare - Dramfolks Whisky Auction","isPartOf":{"@id":"https:\/\/www.dramfolks-whisky-auction.com\/en\/#website"},"primaryImageOfPage":{"@id":"https:\/\/www.dramfolks-whisky-auction.com\/en\/product\/glen-scotia-victoriana-cask-strength-exceptionally-rare-8\/#primaryimage"},"image":{"@id":"https:\/\/www.dramfolks-whisky-auction.com\/en\/product\/glen-scotia-victoriana-cask-strength-exceptionally-rare-8\/#primaryimage"},"thumbnailUrl":"https:\/\/www.dramfolks-whisky-auction.com\/wp-content\/uploads\/2025\/11\/Glen-Scotia-Victoriana-vorne.jpg","datePublished":"2025-12-20T09:51:35+00:00","dateModified":"2026-01-04T18:15:08+00:00","breadcrumb":{"@id":"https:\/\/www.dramfolks-whisky-auction.com\/en\/product\/glen-scotia-victoriana-cask-strength-exceptionally-rare-8\/#breadcrumb"},"inLanguage":"en-US","potentialAction":[{"@type":"ReadAction","target":["https:\/\/www.dramfolks-whisky-auction.com\/en\/product\/glen-scotia-victoriana-cask-strength-exceptionally-rare-8\/"]}]},{"@type":"ImageObject","inLanguage":"en-US","@id":"https:\/\/www.dramfolks-whisky-auction.com\/en\/product\/glen-scotia-victoriana-cask-strength-exceptionally-rare-8\/#primaryimage","url":"https:\/\/www.dramfolks-whisky-auction.com\/wp-content\/uploads\/2025\/11\/Glen-Scotia-Victoriana-vorne.jpg","contentUrl":"https:\/\/www.dramfolks-whisky-auction.com\/wp-content\/uploads\/2025\/11\/Glen-Scotia-Victoriana-vorne.jpg","width":2309,"height":2309},{"@type":"BreadcrumbList","@id":"https:\/\/www.dramfolks-whisky-auction.com\/en\/product\/glen-scotia-victoriana-cask-strength-exceptionally-rare-8\/#breadcrumb","itemListElement":[{"@type":"ListItem","position":1,"name":"Startseite","item":"https:\/\/www.dramfolks-whisky-auction.com\/en\/"},{"@type":"ListItem","position":2,"name":"Shop","item":"https:\/\/www.dramfolks-whisky-auction.com\/en\/shop\/"},{"@type":"ListItem","position":3,"name":"Glen Scotia &#8211; Victoriana Cask Strength Exceptionally Rare"}]},{"@type":"WebSite","@id":"https:\/\/www.dramfolks-whisky-auction.com\/en\/#website","url":"https:\/\/www.dramfolks-whisky-auction.com\/en\/","name":"Dramfolks Whisky Auction","description":"","potentialAction":[{"@type":"SearchAction","target":{"@type":"EntryPoint","urlTemplate":"https:\/\/www.dramfolks-whisky-auction.com\/en\/?s={search_term_string}"},"query-input":{"@type":"PropertyValueSpecification","valueRequired":true,"valueName":"search_term_string"}}],"inLanguage":"en-US"}]}},"_links":{"self":[{"href":"https:\/\/www.dramfolks-whisky-auction.com\/en\/wp-json\/wp\/v2\/product\/6727404","targetHints":{"allow":["GET"]}}],"collection":[{"href":"https:\/\/www.dramfolks-whisky-auction.com\/en\/wp-json\/wp\/v2\/product"}],"about":[{"href":"https:\/\/www.dramfolks-whisky-auction.com\/en\/wp-json\/wp\/v2\/types\/product"}],"replies":[{"embeddable":true,"href":"https:\/\/www.dramfolks-whisky-auction.com\/en\/wp-json\/wp\/v2\/comments?post=6727404"}],"wp:featuredmedia":[{"embeddable":true,"href":"https:\/\/www.dramfolks-whisky-auction.com\/en\/wp-json\/wp\/v2\/media\/5778430"}],"wp:attachment":[{"href":"https:\/\/www.dramfolks-whisky-auction.com\/en\/wp-json\/wp\/v2\/media?parent=6727404"}],"wp:term":[{"taxonomy":"product_brand","embeddable":true,"href":"https:\/\/www.dramfolks-whisky-auction.com\/en\/wp-json\/wp\/v2\/product_brand?post=6727404"},{"taxonomy":"product_cat","embeddable":true,"href":"https:\/\/www.dramfolks-whisky-auction.com\/en\/wp-json\/wp\/v2\/product_cat?post=6727404"},{"taxonomy":"product_tag","embeddable":true,"href":"https:\/\/www.dramfolks-whisky-auction.com\/en\/wp-json\/wp\/v2\/product_tag?post=6727404"}],"curies":[{"name":"wp","href":"https:\/\/api.w.org\/{rel}","templated":true}]}}