{"id":6727403,"date":"2025-12-20T10:50:13","date_gmt":"2025-12-20T09:50:13","guid":{"rendered":"https:\/\/www.dramfolks-whisky-auction.com\/?post_type=product&#038;p=6727403"},"modified":"2026-01-04T19:45:12","modified_gmt":"2026-01-04T18:45:12","slug":"lochlea-single-cask-nr-271-3","status":"publish","type":"product","link":"https:\/\/www.dramfolks-whisky-auction.com\/en\/product\/lochlea-single-cask-nr-271-3\/","title":{"rendered":"Lochlea &#8211; Single Cask Nr. 271"},"content":{"rendered":"<p><strong>Destille: Lochlea<br \/>\n<\/strong>Lochlea (im privaten Familienbesitz) destillierte im Jahr 2018 den ersten frischen Whisky und ist in den Lowlands, Schottlands beheimatet. Bei Lochlea ist man auf seinen regionalen Bezug besonders stolz. So wird f\u00fcr den hier gebrannten Single Malt ausschlie\u00dflich Gerste aus eigenem Anbau verwendet. Der Whisky der Lochlea Distillery wird unter dem Motto \u201cdare to be honest\u201d produziert. Dies bedeutet, dass der Single Malt von der Ernte der eigenen Gerste bis zur Abf\u00fcllung in die Flasche nachverfolgbar sein soll. Beim Thema Whisky ging es bei Lochlea Schlag auf Schlag&#8230; Im August 2018 nahm die Lochlea Distillery ihren Betrieb auf, im Jan. 2022 erschien mit dem First Release die erste, stark limitierte Abf\u00fcllung. Im M\u00e4rz 2022 wurde die &#8220;Sowing Edition&#8221; vorgestellt und seit Ende 2022 gibt es den &#8220;Our Barley&#8221;. J\u00e4hrliches Produktionsvolumen: ca. 0,2 Mio. Liter.<\/p>\n<p><strong>Fun Fakt:<\/strong> Beim Thema &#8220;Master Distiller &amp; Blender&#8221; konnte man gleich zu Beginn bei Lochlea einen echten Coup landen. Nachdem Malcolm Rennie noch die ersten Schritte geleitet hat (ist mittlerweile bei keinem geringeren als der wiederer\u00f6ffneten Rosebank Distillery), konnte man einen echten Star der Whisky-Branche als neuen Chef verpflichten&#8230; John Campbell, der bisherige Master Distiller bei Laphroaig!!!! Well done Lochlea&#8230;<\/p>\n<p><strong>Whisky\/Whiskey: Single Cask Nr. 271<\/strong><br \/>\nLochlea Single Cask Nr. 271 \u2013 Ein Lowland-Highlight&#8230; Der Lochlea Single Cask Nr. 271 stammt aus der jungen, innovativen Lochlea-Destillerie in den schottischen Lowlands. Die Brennerei, bekannt f\u00fcr ihre nachhaltige Philosophie und den Einsatz eigener Gerste vom Hof, setzt auf handwerkliche Perfektion und Transparenz.<br \/>\nDieses Single Cask wurde am 5. Dezember 2018 destilliert und am 30. Juni 2023 abgef\u00fcllt, was ihm ein Alter von 4 Jahren verleiht. Gereift in einem First-Fill Bourbonfass, pr\u00e4sentiert sich der Whisky in Fassst\u00e4rke mit 59,3 % Vol., ungefiltert und ohne Farbstoffe \u2013 ein authentisches Statement f\u00fcr Qualit\u00e4t. Die Auflage ist streng limitiert: nur 365 Flaschen weltweit, was diesen Whisky zu einem begehrten Sammlerst\u00fcck macht &#8211; es handelt sich hier um Bottle 176!<br \/>\nGeschmacklich \u00fcberzeugt er mit einer eleganten Balance aus s\u00fc\u00dfer Vanille, cremigem Toffee und frischen Fruchtnoten, begleitet von einer sanften W\u00fcrze und einem langen, warmen Finish. Die Fassst\u00e4rke sorgt f\u00fcr Intensit\u00e4t, ohne die feine Lowland-Leichtigkeit zu verlieren.<\/p>\n<p><strong>Info Qualit\u00e4t der Flasche:<\/strong> Exzellent ohne Besch\u00e4digungen \/ <strong>F\u00fcllstand:<\/strong> Into neck<br \/>\n<strong>Info Qualit\u00e4t der Box: <\/strong>Exzellent ohne Besch\u00e4digungen<\/p>\n<p><strong>Wichtiger Hinweis:<\/strong> Die Bewertung der Flaschen und Boxen erfolgt nach \u201ebesten Wissen und Gewissen\u201c. dramfolks kann keine Gew\u00e4hrleistung f\u00fcr den Inhalt der Flaschen \u00fcbernehmen. Weitere Infos &amp; Hinweise finden Sie in unseren AGBs. Wir empfehlen Ihnen, vor der Abgabe von Geboten \u00fcber die Zoomfunktion eine Besichtigung \/ genaue Pr\u00fcfung des angebotenen Whiskys vorzunehmen. Bitte kontaktieren sie uns bei Fragen direkt unter info@dramfolks.com<\/p>\n","protected":false},"excerpt":{"rendered":"<p>Destille: Lochlea Lochlea (im privaten Familienbesitz) destillierte im Jahr 2018 den ersten frischen Whisky und ist in den Lowlands, Schottlands beheimatet. Bei Lochlea ist man auf seinen regionalen Bezug besonders stolz. So wird f\u00fcr den hier gebrannten Single Malt ausschlie\u00dflich Gerste aus eigenem Anbau verwendet. Der Whisky der Lochlea Distillery wird unter dem Motto \u201cdare[&#8230;]\n","protected":false},"featured_media":5777640,"comment_status":"closed","ping_status":"closed","template":"","meta":[],"product_brand":[],"product_cat":[1282],"product_tag":[],"class_list":{"0":"post-6727403","1":"product","2":"type-product","3":"status-publish","4":"has-post-thumbnail","6":"product_cat-no-22","8":"first","9":"instock","10":"shipping-taxable","11":"purchasable","12":"product-type-auction"},"yoast_head":"<!-- This site is optimized with the Yoast SEO plugin v27.0 - https:\/\/yoast.com\/product\/yoast-seo-wordpress\/ -->\n<title>Lochlea - Single Cask Nr. 271 - Dramfolks Whisky Auction<\/title>\n<meta name=\"robots\" content=\"index, follow, max-snippet:-1, max-image-preview:large, max-video-preview:-1\" \/>\n<link rel=\"canonical\" href=\"https:\/\/www.dramfolks-whisky-auction.com\/en\/product\/lochlea-single-cask-nr-271-3\/\" \/>\n<meta property=\"og:locale\" content=\"en_US\" \/>\n<meta property=\"og:type\" content=\"article\" \/>\n<meta property=\"og:title\" content=\"Lochlea - Single Cask Nr. 271 - Dramfolks Whisky Auction\" \/>\n<meta property=\"og:description\" content=\"Destille: Lochlea Lochlea (im privaten Familienbesitz) destillierte im Jahr 2018 den ersten frischen Whisky und ist in den Lowlands, Schottlands beheimatet. Bei Lochlea ist man auf seinen regionalen Bezug besonders stolz. So wird f\u00fcr den hier gebrannten Single Malt ausschlie\u00dflich Gerste aus eigenem Anbau verwendet. Der Whisky der Lochlea Distillery wird unter dem Motto \u201cdare[...]\" \/>\n<meta property=\"og:url\" content=\"https:\/\/www.dramfolks-whisky-auction.com\/en\/product\/lochlea-single-cask-nr-271-3\/\" \/>\n<meta property=\"og:site_name\" content=\"Dramfolks Whisky Auction\" \/>\n<meta property=\"article:modified_time\" content=\"2026-01-04T18:45:12+00:00\" \/>\n<meta property=\"og:image\" content=\"https:\/\/www.dramfolks-whisky-auction.com\/wp-content\/uploads\/2025\/11\/Lochlea-Single-Cask-vorne.jpg\" \/>\n\t<meta property=\"og:image:width\" content=\"2003\" \/>\n\t<meta property=\"og:image:height\" content=\"2003\" \/>\n\t<meta property=\"og:image:type\" content=\"image\/jpeg\" \/>\n<meta name=\"twitter:card\" content=\"summary_large_image\" \/>\n<meta name=\"twitter:label1\" content=\"Est. reading time\" \/>\n\t<meta name=\"twitter:data1\" content=\"3 minutes\" \/>\n<script type=\"application\/ld+json\" class=\"yoast-schema-graph\">{\"@context\":\"https:\/\/schema.org\",\"@graph\":[{\"@type\":\"WebPage\",\"@id\":\"https:\/\/www.dramfolks-whisky-auction.com\/en\/product\/lochlea-single-cask-nr-271-3\/\",\"url\":\"https:\/\/www.dramfolks-whisky-auction.com\/en\/product\/lochlea-single-cask-nr-271-3\/\",\"name\":\"Lochlea - Single Cask Nr. 271 - Dramfolks Whisky Auction\",\"isPartOf\":{\"@id\":\"https:\/\/www.dramfolks-whisky-auction.com\/en\/#website\"},\"primaryImageOfPage\":{\"@id\":\"https:\/\/www.dramfolks-whisky-auction.com\/en\/product\/lochlea-single-cask-nr-271-3\/#primaryimage\"},\"image\":{\"@id\":\"https:\/\/www.dramfolks-whisky-auction.com\/en\/product\/lochlea-single-cask-nr-271-3\/#primaryimage\"},\"thumbnailUrl\":\"https:\/\/www.dramfolks-whisky-auction.com\/wp-content\/uploads\/2025\/11\/Lochlea-Single-Cask-vorne.jpg\",\"datePublished\":\"2025-12-20T09:50:13+00:00\",\"dateModified\":\"2026-01-04T18:45:12+00:00\",\"breadcrumb\":{\"@id\":\"https:\/\/www.dramfolks-whisky-auction.com\/en\/product\/lochlea-single-cask-nr-271-3\/#breadcrumb\"},\"inLanguage\":\"en-US\",\"potentialAction\":[{\"@type\":\"ReadAction\",\"target\":[\"https:\/\/www.dramfolks-whisky-auction.com\/en\/product\/lochlea-single-cask-nr-271-3\/\"]}]},{\"@type\":\"ImageObject\",\"inLanguage\":\"en-US\",\"@id\":\"https:\/\/www.dramfolks-whisky-auction.com\/en\/product\/lochlea-single-cask-nr-271-3\/#primaryimage\",\"url\":\"https:\/\/www.dramfolks-whisky-auction.com\/wp-content\/uploads\/2025\/11\/Lochlea-Single-Cask-vorne.jpg\",\"contentUrl\":\"https:\/\/www.dramfolks-whisky-auction.com\/wp-content\/uploads\/2025\/11\/Lochlea-Single-Cask-vorne.jpg\",\"width\":2003,\"height\":2003},{\"@type\":\"BreadcrumbList\",\"@id\":\"https:\/\/www.dramfolks-whisky-auction.com\/en\/product\/lochlea-single-cask-nr-271-3\/#breadcrumb\",\"itemListElement\":[{\"@type\":\"ListItem\",\"position\":1,\"name\":\"Startseite\",\"item\":\"https:\/\/www.dramfolks-whisky-auction.com\/en\/\"},{\"@type\":\"ListItem\",\"position\":2,\"name\":\"Shop\",\"item\":\"https:\/\/www.dramfolks-whisky-auction.com\/en\/shop\/\"},{\"@type\":\"ListItem\",\"position\":3,\"name\":\"Lochlea &#8211; Single Cask Nr. 271\"}]},{\"@type\":\"WebSite\",\"@id\":\"https:\/\/www.dramfolks-whisky-auction.com\/en\/#website\",\"url\":\"https:\/\/www.dramfolks-whisky-auction.com\/en\/\",\"name\":\"Dramfolks Whisky Auction\",\"description\":\"\",\"potentialAction\":[{\"@type\":\"SearchAction\",\"target\":{\"@type\":\"EntryPoint\",\"urlTemplate\":\"https:\/\/www.dramfolks-whisky-auction.com\/en\/?s={search_term_string}\"},\"query-input\":{\"@type\":\"PropertyValueSpecification\",\"valueRequired\":true,\"valueName\":\"search_term_string\"}}],\"inLanguage\":\"en-US\"}]}<\/script>\n<!-- \/ Yoast SEO plugin. -->","yoast_head_json":{"title":"Lochlea - Single Cask Nr. 271 - Dramfolks Whisky Auction","robots":{"index":"index","follow":"follow","max-snippet":"max-snippet:-1","max-image-preview":"max-image-preview:large","max-video-preview":"max-video-preview:-1"},"canonical":"https:\/\/www.dramfolks-whisky-auction.com\/en\/product\/lochlea-single-cask-nr-271-3\/","og_locale":"en_US","og_type":"article","og_title":"Lochlea - Single Cask Nr. 271 - Dramfolks Whisky Auction","og_description":"Destille: Lochlea Lochlea (im privaten Familienbesitz) destillierte im Jahr 2018 den ersten frischen Whisky und ist in den Lowlands, Schottlands beheimatet. Bei Lochlea ist man auf seinen regionalen Bezug besonders stolz. So wird f\u00fcr den hier gebrannten Single Malt ausschlie\u00dflich Gerste aus eigenem Anbau verwendet. Der Whisky der Lochlea Distillery wird unter dem Motto \u201cdare[...]","og_url":"https:\/\/www.dramfolks-whisky-auction.com\/en\/product\/lochlea-single-cask-nr-271-3\/","og_site_name":"Dramfolks Whisky Auction","article_modified_time":"2026-01-04T18:45:12+00:00","og_image":[{"width":2003,"height":2003,"url":"https:\/\/www.dramfolks-whisky-auction.com\/wp-content\/uploads\/2025\/11\/Lochlea-Single-Cask-vorne.jpg","type":"image\/jpeg"}],"twitter_card":"summary_large_image","twitter_misc":{"Est. reading time":"3 minutes"},"schema":{"@context":"https:\/\/schema.org","@graph":[{"@type":"WebPage","@id":"https:\/\/www.dramfolks-whisky-auction.com\/en\/product\/lochlea-single-cask-nr-271-3\/","url":"https:\/\/www.dramfolks-whisky-auction.com\/en\/product\/lochlea-single-cask-nr-271-3\/","name":"Lochlea - Single Cask Nr. 271 - Dramfolks Whisky Auction","isPartOf":{"@id":"https:\/\/www.dramfolks-whisky-auction.com\/en\/#website"},"primaryImageOfPage":{"@id":"https:\/\/www.dramfolks-whisky-auction.com\/en\/product\/lochlea-single-cask-nr-271-3\/#primaryimage"},"image":{"@id":"https:\/\/www.dramfolks-whisky-auction.com\/en\/product\/lochlea-single-cask-nr-271-3\/#primaryimage"},"thumbnailUrl":"https:\/\/www.dramfolks-whisky-auction.com\/wp-content\/uploads\/2025\/11\/Lochlea-Single-Cask-vorne.jpg","datePublished":"2025-12-20T09:50:13+00:00","dateModified":"2026-01-04T18:45:12+00:00","breadcrumb":{"@id":"https:\/\/www.dramfolks-whisky-auction.com\/en\/product\/lochlea-single-cask-nr-271-3\/#breadcrumb"},"inLanguage":"en-US","potentialAction":[{"@type":"ReadAction","target":["https:\/\/www.dramfolks-whisky-auction.com\/en\/product\/lochlea-single-cask-nr-271-3\/"]}]},{"@type":"ImageObject","inLanguage":"en-US","@id":"https:\/\/www.dramfolks-whisky-auction.com\/en\/product\/lochlea-single-cask-nr-271-3\/#primaryimage","url":"https:\/\/www.dramfolks-whisky-auction.com\/wp-content\/uploads\/2025\/11\/Lochlea-Single-Cask-vorne.jpg","contentUrl":"https:\/\/www.dramfolks-whisky-auction.com\/wp-content\/uploads\/2025\/11\/Lochlea-Single-Cask-vorne.jpg","width":2003,"height":2003},{"@type":"BreadcrumbList","@id":"https:\/\/www.dramfolks-whisky-auction.com\/en\/product\/lochlea-single-cask-nr-271-3\/#breadcrumb","itemListElement":[{"@type":"ListItem","position":1,"name":"Startseite","item":"https:\/\/www.dramfolks-whisky-auction.com\/en\/"},{"@type":"ListItem","position":2,"name":"Shop","item":"https:\/\/www.dramfolks-whisky-auction.com\/en\/shop\/"},{"@type":"ListItem","position":3,"name":"Lochlea &#8211; Single Cask Nr. 271"}]},{"@type":"WebSite","@id":"https:\/\/www.dramfolks-whisky-auction.com\/en\/#website","url":"https:\/\/www.dramfolks-whisky-auction.com\/en\/","name":"Dramfolks Whisky Auction","description":"","potentialAction":[{"@type":"SearchAction","target":{"@type":"EntryPoint","urlTemplate":"https:\/\/www.dramfolks-whisky-auction.com\/en\/?s={search_term_string}"},"query-input":{"@type":"PropertyValueSpecification","valueRequired":true,"valueName":"search_term_string"}}],"inLanguage":"en-US"}]}},"_links":{"self":[{"href":"https:\/\/www.dramfolks-whisky-auction.com\/en\/wp-json\/wp\/v2\/product\/6727403","targetHints":{"allow":["GET"]}}],"collection":[{"href":"https:\/\/www.dramfolks-whisky-auction.com\/en\/wp-json\/wp\/v2\/product"}],"about":[{"href":"https:\/\/www.dramfolks-whisky-auction.com\/en\/wp-json\/wp\/v2\/types\/product"}],"replies":[{"embeddable":true,"href":"https:\/\/www.dramfolks-whisky-auction.com\/en\/wp-json\/wp\/v2\/comments?post=6727403"}],"wp:featuredmedia":[{"embeddable":true,"href":"https:\/\/www.dramfolks-whisky-auction.com\/en\/wp-json\/wp\/v2\/media\/5777640"}],"wp:attachment":[{"href":"https:\/\/www.dramfolks-whisky-auction.com\/en\/wp-json\/wp\/v2\/media?parent=6727403"}],"wp:term":[{"taxonomy":"product_brand","embeddable":true,"href":"https:\/\/www.dramfolks-whisky-auction.com\/en\/wp-json\/wp\/v2\/product_brand?post=6727403"},{"taxonomy":"product_cat","embeddable":true,"href":"https:\/\/www.dramfolks-whisky-auction.com\/en\/wp-json\/wp\/v2\/product_cat?post=6727403"},{"taxonomy":"product_tag","embeddable":true,"href":"https:\/\/www.dramfolks-whisky-auction.com\/en\/wp-json\/wp\/v2\/product_tag?post=6727403"}],"curies":[{"name":"wp","href":"https:\/\/api.w.org\/{rel}","templated":true}]}}