{"id":6727399,"date":"2025-12-20T08:04:18","date_gmt":"2025-12-20T07:04:18","guid":{"rendered":"https:\/\/www.dramfolks-whisky-auction.com\/?post_type=product&#038;p=6727399"},"modified":"2026-02-11T23:58:28","modified_gmt":"2026-02-11T22:58:28","slug":"shinobu-distillery-the-koshi-no-shinobu-pure-malt-whisky-mizunara-oak-finish-4","status":"publish","type":"product","link":"https:\/\/www.dramfolks-whisky-auction.com\/en\/product\/shinobu-distillery-the-koshi-no-shinobu-pure-malt-whisky-mizunara-oak-finish-4\/","title":{"rendered":"Shinobu Distillery &#8211; The Koshi-No Shinobu Pure Malt Whisky Mizunara Oak Finish"},"content":{"rendered":"<p><strong>Destille: Shinobu Distillery<br \/>\n<\/strong>Shinobu Distillery \u2013 Geduld, Handwerk und japanische Eiche&#8230;<br \/>\nDie Shinobu Distillery befindet sich in der Stadt Niigata an Japans Westk\u00fcste \u2013 bekannt f\u00fcr ihr reines Wasser und ihr gem\u00e4\u00dfigtes Klima. Der Name \u201eShinobu\u201c bedeutet \u201eGeduld\u201c oder \u201eAusdauer\u201c und spiegelt die Philosophie der Brennerei wider: hochwertige Whiskys mit Zeit und Sorgfalt zu kreieren.<br \/>\nShinobu ist besonders f\u00fcr ihre Mizunara Oak Finishes bekannt \u2013 eine seltene japanische Eichenart, die dem Whisky komplexe, w\u00fcrzige und exotische Aromen verleiht. Die Brennerei kombiniert traditionelle Reifung in Bourbon- und Sherryf\u00e4ssern mit einem innovativen Finish in Mizunara-F\u00e4ssern, was ihren Whiskys eine unverwechselbare Tiefe verleiht.<br \/>\nMit einem Fokus auf Blended und Pure Malt Whiskys verbindet Shinobu internationale Einfl\u00fcsse mit japanischer Pr\u00e4zision \u2013 ein spannender Vertreter der neuen japanischen Whisky-Szene.<\/p>\n<p><strong>Fun fact:\u00a0<\/strong>Die Shinobu Distillery reift ihren Whisky in Mizunara-Eiche, einem Holz, das so widerspenstig ist, dass Fassbauer es liebevoll \u201edie Diva unter den H\u00f6lzern\u201c nennen. Es leckt, splittert und widersetzt sich \u2013 aber wenn man es b\u00e4ndigen kann, belohnt es mit Aromen wie aus einem japanischen Tempel. Also: Wer Shinobu trinkt, genie\u00dft nicht nur Whisky \u2013 sondern auch ein bisschen Drama im Fass.<\/p>\n<p><strong>Whisky\/Whiskey: The Koshi-No Shinobu Pure Malt Whisky Mizunara Oak Finish<\/strong><br \/>\nThe Koshi-No Shinobu Pure Malt Mizunara \u2013 Japanische Eleganz in jedem Tropfen<br \/>\nDieser Pure Malt Whisky besteht ausschlie\u00dflich aus Malt Whiskys, die zun\u00e4chst in Ex-Bourbon- und Sherryf\u00e4ssern reifen. Anschlie\u00dfend erfolgt ein Finish in seltenen japanischen Mizunara-Eichenf\u00e4ssern, deren por\u00f6se Struktur dem Whisky eine besonders komplexe, w\u00fcrzige Note verleiht.<br \/>\nFarbe: Goldener Bernstein mit warmen Reflexen<br \/>\nNase: Vanille, Honig, getrocknete Fr\u00fcchte, florale Nuancen, Sandelholz und exotische Gew\u00fcrze<br \/>\nGaumen: Weich und vielschichtig mit Noten von Karamell, reifen \u00c4pfeln, ger\u00f6steten Mandeln, w\u00fcrziger Eiche und feinen R\u00f6staromen<br \/>\nFinish: Lang anhaltend, sanft w\u00fcrzig mit Mizunara-Holznoten, Pfeffer und einem Hauch dunkler Schokolade123<br \/>\nMit einem Alkoholgehalt von 43 % Vol., ohne k\u00fcnstliche Farbstoffe und nicht k\u00fchlfiltriert, bietet dieser Whisky ein authentisches japanisches Geschmackserlebnis \u2013 ideal pur oder mit ein paar Tropfen Wasser.<\/p>\n<p><strong>Info Qualit\u00e4t der Flasche:<\/strong> Exzellent &#8211; ohne Besch\u00e4digungen\/ <strong>F\u00fcllstand:<\/strong> Top shoulder<br \/>\n<strong>Info Qualit\u00e4t der Box:<\/strong> Exzellent &#8211; ohne Besch\u00e4digungen<\/p>\n<p><strong>Wichtiger Hinweis:<\/strong> Die Bewertung der Flaschen und Boxen erfolgt nach \u201ebesten Wissen und Gewissen\u201c. dramfolks kann keine Gew\u00e4hrleistung f\u00fcr den Inhalt der Flaschen \u00fcbernehmen. Weitere Infos &amp; Hinweise finden Sie in unseren AGBs. Wir empfehlen Ihnen, vor der Abgabe von Geboten \u00fcber die Zoomfunktion eine Besichtigung \/ genaue Pr\u00fcfung des angebotenen Whiskys vorzunehmen. Bitte kontaktieren sie uns bei Fragen direkt unter info@dramfolks.com<\/p>\n","protected":false},"excerpt":{"rendered":"<p>Destille: Shinobu Distillery Shinobu Distillery \u2013 Geduld, Handwerk und japanische Eiche&#8230; Die Shinobu Distillery befindet sich in der Stadt Niigata an Japans Westk\u00fcste \u2013 bekannt f\u00fcr ihr reines Wasser und ihr gem\u00e4\u00dfigtes Klima. Der Name \u201eShinobu\u201c bedeutet \u201eGeduld\u201c oder \u201eAusdauer\u201c und spiegelt die Philosophie der Brennerei wider: hochwertige Whiskys mit Zeit und Sorgfalt zu kreieren.[&#8230;]\n","protected":false},"featured_media":5369103,"comment_status":"closed","ping_status":"closed","template":"","meta":[],"product_brand":[],"product_cat":[1282],"product_tag":[],"class_list":{"0":"post-6727399","1":"product","2":"type-product","3":"status-publish","4":"has-post-thumbnail","6":"product_cat-no-22","8":"first","9":"instock","10":"shipping-taxable","11":"purchasable","12":"product-type-auction"},"yoast_head":"<!-- This site is optimized with the Yoast SEO plugin v27.0 - https:\/\/yoast.com\/product\/yoast-seo-wordpress\/ -->\n<title>Shinobu Distillery - The Koshi-No Shinobu Pure Malt Whisky Mizunara Oak Finish - Dramfolks Whisky Auction<\/title>\n<meta name=\"robots\" content=\"index, follow, max-snippet:-1, max-image-preview:large, max-video-preview:-1\" \/>\n<link rel=\"canonical\" href=\"https:\/\/www.dramfolks-whisky-auction.com\/en\/product\/shinobu-distillery-the-koshi-no-shinobu-pure-malt-whisky-mizunara-oak-finish-4\/\" \/>\n<meta property=\"og:locale\" content=\"en_US\" \/>\n<meta property=\"og:type\" content=\"article\" \/>\n<meta property=\"og:title\" content=\"Shinobu Distillery - The Koshi-No Shinobu Pure Malt Whisky Mizunara Oak Finish - Dramfolks Whisky Auction\" \/>\n<meta property=\"og:description\" content=\"Destille: Shinobu Distillery Shinobu Distillery \u2013 Geduld, Handwerk und japanische Eiche&#8230; Die Shinobu Distillery befindet sich in der Stadt Niigata an Japans Westk\u00fcste \u2013 bekannt f\u00fcr ihr reines Wasser und ihr gem\u00e4\u00dfigtes Klima. Der Name \u201eShinobu\u201c bedeutet \u201eGeduld\u201c oder \u201eAusdauer\u201c und spiegelt die Philosophie der Brennerei wider: hochwertige Whiskys mit Zeit und Sorgfalt zu kreieren.[...]\" \/>\n<meta property=\"og:url\" content=\"https:\/\/www.dramfolks-whisky-auction.com\/en\/product\/shinobu-distillery-the-koshi-no-shinobu-pure-malt-whisky-mizunara-oak-finish-4\/\" \/>\n<meta property=\"og:site_name\" content=\"Dramfolks Whisky Auction\" \/>\n<meta property=\"article:modified_time\" content=\"2026-02-11T22:58:28+00:00\" \/>\n<meta property=\"og:image\" content=\"https:\/\/www.dramfolks-whisky-auction.com\/wp-content\/uploads\/2025\/09\/Shinobu-vorne.jpg\" \/>\n\t<meta property=\"og:image:width\" content=\"2199\" \/>\n\t<meta property=\"og:image:height\" content=\"2199\" \/>\n\t<meta property=\"og:image:type\" content=\"image\/jpeg\" \/>\n<meta name=\"twitter:card\" content=\"summary_large_image\" \/>\n<meta name=\"twitter:label1\" content=\"Est. reading time\" \/>\n\t<meta name=\"twitter:data1\" content=\"3 minutes\" \/>\n<script type=\"application\/ld+json\" class=\"yoast-schema-graph\">{\"@context\":\"https:\/\/schema.org\",\"@graph\":[{\"@type\":\"WebPage\",\"@id\":\"https:\/\/www.dramfolks-whisky-auction.com\/en\/product\/shinobu-distillery-the-koshi-no-shinobu-pure-malt-whisky-mizunara-oak-finish-4\/\",\"url\":\"https:\/\/www.dramfolks-whisky-auction.com\/en\/product\/shinobu-distillery-the-koshi-no-shinobu-pure-malt-whisky-mizunara-oak-finish-4\/\",\"name\":\"Shinobu Distillery - The Koshi-No Shinobu Pure Malt Whisky Mizunara Oak Finish - Dramfolks Whisky Auction\",\"isPartOf\":{\"@id\":\"https:\/\/www.dramfolks-whisky-auction.com\/en\/#website\"},\"primaryImageOfPage\":{\"@id\":\"https:\/\/www.dramfolks-whisky-auction.com\/en\/product\/shinobu-distillery-the-koshi-no-shinobu-pure-malt-whisky-mizunara-oak-finish-4\/#primaryimage\"},\"image\":{\"@id\":\"https:\/\/www.dramfolks-whisky-auction.com\/en\/product\/shinobu-distillery-the-koshi-no-shinobu-pure-malt-whisky-mizunara-oak-finish-4\/#primaryimage\"},\"thumbnailUrl\":\"https:\/\/www.dramfolks-whisky-auction.com\/wp-content\/uploads\/2025\/09\/Shinobu-vorne.jpg\",\"datePublished\":\"2025-12-20T07:04:18+00:00\",\"dateModified\":\"2026-02-11T22:58:28+00:00\",\"breadcrumb\":{\"@id\":\"https:\/\/www.dramfolks-whisky-auction.com\/en\/product\/shinobu-distillery-the-koshi-no-shinobu-pure-malt-whisky-mizunara-oak-finish-4\/#breadcrumb\"},\"inLanguage\":\"en-US\",\"potentialAction\":[{\"@type\":\"ReadAction\",\"target\":[\"https:\/\/www.dramfolks-whisky-auction.com\/en\/product\/shinobu-distillery-the-koshi-no-shinobu-pure-malt-whisky-mizunara-oak-finish-4\/\"]}]},{\"@type\":\"ImageObject\",\"inLanguage\":\"en-US\",\"@id\":\"https:\/\/www.dramfolks-whisky-auction.com\/en\/product\/shinobu-distillery-the-koshi-no-shinobu-pure-malt-whisky-mizunara-oak-finish-4\/#primaryimage\",\"url\":\"https:\/\/www.dramfolks-whisky-auction.com\/wp-content\/uploads\/2025\/09\/Shinobu-vorne.jpg\",\"contentUrl\":\"https:\/\/www.dramfolks-whisky-auction.com\/wp-content\/uploads\/2025\/09\/Shinobu-vorne.jpg\",\"width\":2199,\"height\":2199},{\"@type\":\"BreadcrumbList\",\"@id\":\"https:\/\/www.dramfolks-whisky-auction.com\/en\/product\/shinobu-distillery-the-koshi-no-shinobu-pure-malt-whisky-mizunara-oak-finish-4\/#breadcrumb\",\"itemListElement\":[{\"@type\":\"ListItem\",\"position\":1,\"name\":\"Startseite\",\"item\":\"https:\/\/www.dramfolks-whisky-auction.com\/en\/\"},{\"@type\":\"ListItem\",\"position\":2,\"name\":\"Shop\",\"item\":\"https:\/\/www.dramfolks-whisky-auction.com\/en\/shop\/\"},{\"@type\":\"ListItem\",\"position\":3,\"name\":\"Shinobu Distillery &#8211; The Koshi-No Shinobu Pure Malt Whisky Mizunara Oak Finish\"}]},{\"@type\":\"WebSite\",\"@id\":\"https:\/\/www.dramfolks-whisky-auction.com\/en\/#website\",\"url\":\"https:\/\/www.dramfolks-whisky-auction.com\/en\/\",\"name\":\"Dramfolks Whisky Auction\",\"description\":\"\",\"potentialAction\":[{\"@type\":\"SearchAction\",\"target\":{\"@type\":\"EntryPoint\",\"urlTemplate\":\"https:\/\/www.dramfolks-whisky-auction.com\/en\/?s={search_term_string}\"},\"query-input\":{\"@type\":\"PropertyValueSpecification\",\"valueRequired\":true,\"valueName\":\"search_term_string\"}}],\"inLanguage\":\"en-US\"}]}<\/script>\n<!-- \/ Yoast SEO plugin. -->","yoast_head_json":{"title":"Shinobu Distillery - The Koshi-No Shinobu Pure Malt Whisky Mizunara Oak Finish - Dramfolks Whisky Auction","robots":{"index":"index","follow":"follow","max-snippet":"max-snippet:-1","max-image-preview":"max-image-preview:large","max-video-preview":"max-video-preview:-1"},"canonical":"https:\/\/www.dramfolks-whisky-auction.com\/en\/product\/shinobu-distillery-the-koshi-no-shinobu-pure-malt-whisky-mizunara-oak-finish-4\/","og_locale":"en_US","og_type":"article","og_title":"Shinobu Distillery - The Koshi-No Shinobu Pure Malt Whisky Mizunara Oak Finish - Dramfolks Whisky Auction","og_description":"Destille: Shinobu Distillery Shinobu Distillery \u2013 Geduld, Handwerk und japanische Eiche&#8230; Die Shinobu Distillery befindet sich in der Stadt Niigata an Japans Westk\u00fcste \u2013 bekannt f\u00fcr ihr reines Wasser und ihr gem\u00e4\u00dfigtes Klima. Der Name \u201eShinobu\u201c bedeutet \u201eGeduld\u201c oder \u201eAusdauer\u201c und spiegelt die Philosophie der Brennerei wider: hochwertige Whiskys mit Zeit und Sorgfalt zu kreieren.[...]","og_url":"https:\/\/www.dramfolks-whisky-auction.com\/en\/product\/shinobu-distillery-the-koshi-no-shinobu-pure-malt-whisky-mizunara-oak-finish-4\/","og_site_name":"Dramfolks Whisky Auction","article_modified_time":"2026-02-11T22:58:28+00:00","og_image":[{"width":2199,"height":2199,"url":"https:\/\/www.dramfolks-whisky-auction.com\/wp-content\/uploads\/2025\/09\/Shinobu-vorne.jpg","type":"image\/jpeg"}],"twitter_card":"summary_large_image","twitter_misc":{"Est. reading time":"3 minutes"},"schema":{"@context":"https:\/\/schema.org","@graph":[{"@type":"WebPage","@id":"https:\/\/www.dramfolks-whisky-auction.com\/en\/product\/shinobu-distillery-the-koshi-no-shinobu-pure-malt-whisky-mizunara-oak-finish-4\/","url":"https:\/\/www.dramfolks-whisky-auction.com\/en\/product\/shinobu-distillery-the-koshi-no-shinobu-pure-malt-whisky-mizunara-oak-finish-4\/","name":"Shinobu Distillery - The Koshi-No Shinobu Pure Malt Whisky Mizunara Oak Finish - Dramfolks Whisky Auction","isPartOf":{"@id":"https:\/\/www.dramfolks-whisky-auction.com\/en\/#website"},"primaryImageOfPage":{"@id":"https:\/\/www.dramfolks-whisky-auction.com\/en\/product\/shinobu-distillery-the-koshi-no-shinobu-pure-malt-whisky-mizunara-oak-finish-4\/#primaryimage"},"image":{"@id":"https:\/\/www.dramfolks-whisky-auction.com\/en\/product\/shinobu-distillery-the-koshi-no-shinobu-pure-malt-whisky-mizunara-oak-finish-4\/#primaryimage"},"thumbnailUrl":"https:\/\/www.dramfolks-whisky-auction.com\/wp-content\/uploads\/2025\/09\/Shinobu-vorne.jpg","datePublished":"2025-12-20T07:04:18+00:00","dateModified":"2026-02-11T22:58:28+00:00","breadcrumb":{"@id":"https:\/\/www.dramfolks-whisky-auction.com\/en\/product\/shinobu-distillery-the-koshi-no-shinobu-pure-malt-whisky-mizunara-oak-finish-4\/#breadcrumb"},"inLanguage":"en-US","potentialAction":[{"@type":"ReadAction","target":["https:\/\/www.dramfolks-whisky-auction.com\/en\/product\/shinobu-distillery-the-koshi-no-shinobu-pure-malt-whisky-mizunara-oak-finish-4\/"]}]},{"@type":"ImageObject","inLanguage":"en-US","@id":"https:\/\/www.dramfolks-whisky-auction.com\/en\/product\/shinobu-distillery-the-koshi-no-shinobu-pure-malt-whisky-mizunara-oak-finish-4\/#primaryimage","url":"https:\/\/www.dramfolks-whisky-auction.com\/wp-content\/uploads\/2025\/09\/Shinobu-vorne.jpg","contentUrl":"https:\/\/www.dramfolks-whisky-auction.com\/wp-content\/uploads\/2025\/09\/Shinobu-vorne.jpg","width":2199,"height":2199},{"@type":"BreadcrumbList","@id":"https:\/\/www.dramfolks-whisky-auction.com\/en\/product\/shinobu-distillery-the-koshi-no-shinobu-pure-malt-whisky-mizunara-oak-finish-4\/#breadcrumb","itemListElement":[{"@type":"ListItem","position":1,"name":"Startseite","item":"https:\/\/www.dramfolks-whisky-auction.com\/en\/"},{"@type":"ListItem","position":2,"name":"Shop","item":"https:\/\/www.dramfolks-whisky-auction.com\/en\/shop\/"},{"@type":"ListItem","position":3,"name":"Shinobu Distillery &#8211; The Koshi-No Shinobu Pure Malt Whisky Mizunara Oak Finish"}]},{"@type":"WebSite","@id":"https:\/\/www.dramfolks-whisky-auction.com\/en\/#website","url":"https:\/\/www.dramfolks-whisky-auction.com\/en\/","name":"Dramfolks Whisky Auction","description":"","potentialAction":[{"@type":"SearchAction","target":{"@type":"EntryPoint","urlTemplate":"https:\/\/www.dramfolks-whisky-auction.com\/en\/?s={search_term_string}"},"query-input":{"@type":"PropertyValueSpecification","valueRequired":true,"valueName":"search_term_string"}}],"inLanguage":"en-US"}]}},"_links":{"self":[{"href":"https:\/\/www.dramfolks-whisky-auction.com\/en\/wp-json\/wp\/v2\/product\/6727399","targetHints":{"allow":["GET"]}}],"collection":[{"href":"https:\/\/www.dramfolks-whisky-auction.com\/en\/wp-json\/wp\/v2\/product"}],"about":[{"href":"https:\/\/www.dramfolks-whisky-auction.com\/en\/wp-json\/wp\/v2\/types\/product"}],"replies":[{"embeddable":true,"href":"https:\/\/www.dramfolks-whisky-auction.com\/en\/wp-json\/wp\/v2\/comments?post=6727399"}],"wp:featuredmedia":[{"embeddable":true,"href":"https:\/\/www.dramfolks-whisky-auction.com\/en\/wp-json\/wp\/v2\/media\/5369103"}],"wp:attachment":[{"href":"https:\/\/www.dramfolks-whisky-auction.com\/en\/wp-json\/wp\/v2\/media?parent=6727399"}],"wp:term":[{"taxonomy":"product_brand","embeddable":true,"href":"https:\/\/www.dramfolks-whisky-auction.com\/en\/wp-json\/wp\/v2\/product_brand?post=6727399"},{"taxonomy":"product_cat","embeddable":true,"href":"https:\/\/www.dramfolks-whisky-auction.com\/en\/wp-json\/wp\/v2\/product_cat?post=6727399"},{"taxonomy":"product_tag","embeddable":true,"href":"https:\/\/www.dramfolks-whisky-auction.com\/en\/wp-json\/wp\/v2\/product_tag?post=6727399"}],"curies":[{"name":"wp","href":"https:\/\/api.w.org\/{rel}","templated":true}]}}