{"id":6727384,"date":"2025-12-20T07:29:37","date_gmt":"2025-12-20T06:29:37","guid":{"rendered":"https:\/\/www.dramfolks-whisky-auction.com\/?post_type=product&#038;p=6727384"},"modified":"2026-01-04T19:30:06","modified_gmt":"2026-01-04T18:30:06","slug":"ardbeg-bizarrebq-10","status":"publish","type":"product","link":"https:\/\/www.dramfolks-whisky-auction.com\/en\/product\/ardbeg-bizarrebq-10\/","title":{"rendered":"Ardbeg &#8211; BizarreBQ"},"content":{"rendered":"<p><strong>Destille: Ardbeg<\/strong><br \/>\n&#8220;DER UNGEZ\u00c4HMTE GEIST VON ISLAY&#8230;&#8221; trifft die Beschreibung von Ardbeg ganz gut. Ardbeg ist aktuell eine von insgesamt 9 Whiskydestillerien auf der Insel Islay in Schottland. Sie befindet sich am S\u00fcdufer der Insel, direkt neben Port Ellen und ist gegenw\u00e4rtig im Besitz von Mo\u00ebt Hennessy Louis Vuitton. Die Urspr\u00fcnge der Brennerei reichen bis in das Jahr 1794 zur\u00fcck. Zu dieser Zeit wurde Ardbeg von Schwarzbrennern und Schmugglern betrieben, bis diese die Produktion in der Illegalit\u00e4t nach einer Razzia der Zollfahndung aufgeben mussten. Aktuell hat Ardbeg ein Produktionsvolumen von ca. 2,4 Mio. Litern.<\/p>\n<p><strong>Fun fact:<\/strong> Anders als die meisten Destillerien, die eine Katze beherbergen, hatte die Brennerei einen Destilleriehund: Shortie, einen Jack Russell Terrier. Shortie ist aber inzwischen in seinem wohlverdienten Ruhestand.<\/p>\n<p><strong>Whisky\/Whiskey: BizarreBQ<\/strong><br \/>\nDie Destille erg\u00e4nzt mit dem Ardbeg BizarreBQ ihr Portfolio um eine weitere Limited Edition. Der Whisky stammt selbstverst\u00e4ndlich aus der Hand von Dr. Bill Lumsden, Director of Whisky Creation bei Ardbeg. Unterst\u00fctzt wurde Lumsden von Christian Stevenson a.k.a. DJ BBQ, seines Zeichens Autor f\u00fcr Barbecue-Rezeptb\u00fccher und Disc Jockey. Bei der Entwicklung wurde auf eine Kombination aus zweierlei Fassarten gesetzt. So reifte der Whisky zum einen in doppelt ausgebrannten Pedro Xim\u00e9nez Sherryf\u00e4ssern und in \u201cExperimental BBQ Casks\u201d. Hierzu soll Eiche \u00fcber einem mit Seegras und Birkenholz gef\u00fcllten Kohlebecken getoastet worden sein. In der Nase liefert der Whisky Aromen von Ru\u00df und Holzkohle gemischt mit rauchigem Holz. Er soll weiterhin aromatische Kr\u00e4uter und Gew\u00fcrze mitbringen. Der Geschmack soll Noten aus Grillrippchen pr\u00e4sentieren. Er soll weiterhin nach Ingwer und Anis schmecken. Das Finish soll von einem \u201cmassiven, hei\u00dfen Nachgeschmack gepr\u00e4gt sein\u201d.<\/p>\n<p><strong>Info Qualit\u00e4t der Flasche:<\/strong> Exzellent &#8211; ohne Besch\u00e4digungen \/ <strong>F\u00fcllstand:<\/strong> Into neck<br \/>\n<strong>Info Qualit\u00e4t der Box:<\/strong> keine Box vorhanden<\/p>\n<p><strong>Wichtiger Hinweis:<\/strong> Die Bewertung der Flaschen und Boxen erfolgt nach \u201ebesten Wissen und Gewissen\u201c. dramfolks kann keine Gew\u00e4hrleistung f\u00fcr den Inhalt der Flaschen \u00fcbernehmen. Weitere Infos &amp; Hinweise finden Sie in unseren AGBs. Wir empfehlen Ihnen, vor der Abgabe von Geboten \u00fcber die Zoomfunktion eine Besichtigung \/ genaue Pr\u00fcfung des angebotenen Whiskys vorzunehmen. Bitte kontaktieren sie uns bei Fragen direkt unter info@dramfolks.com<\/p>\n","protected":false},"excerpt":{"rendered":"<p>Destille: Ardbeg &#8220;DER UNGEZ\u00c4HMTE GEIST VON ISLAY&#8230;&#8221; trifft die Beschreibung von Ardbeg ganz gut. Ardbeg ist aktuell eine von insgesamt 9 Whiskydestillerien auf der Insel Islay in Schottland. Sie befindet sich am S\u00fcdufer der Insel, direkt neben Port Ellen und ist gegenw\u00e4rtig im Besitz von Mo\u00ebt Hennessy Louis Vuitton. Die Urspr\u00fcnge der Brennerei reichen bis[&#8230;]\n","protected":false},"featured_media":6516,"comment_status":"closed","ping_status":"closed","template":"","meta":[],"product_brand":[],"product_cat":[1282],"product_tag":[],"class_list":{"0":"post-6727384","1":"product","2":"type-product","3":"status-publish","4":"has-post-thumbnail","6":"product_cat-no-22","8":"first","9":"instock","10":"shipping-taxable","11":"purchasable","12":"product-type-auction"},"yoast_head":"<!-- This site is optimized with the Yoast SEO plugin v27.0 - https:\/\/yoast.com\/product\/yoast-seo-wordpress\/ -->\n<title>Ardbeg - BizarreBQ - Dramfolks Whisky Auction<\/title>\n<meta name=\"robots\" content=\"index, follow, max-snippet:-1, max-image-preview:large, max-video-preview:-1\" \/>\n<link rel=\"canonical\" href=\"https:\/\/www.dramfolks-whisky-auction.com\/en\/product\/ardbeg-bizarrebq-10\/\" \/>\n<meta property=\"og:locale\" content=\"en_US\" \/>\n<meta property=\"og:type\" content=\"article\" \/>\n<meta property=\"og:title\" content=\"Ardbeg - BizarreBQ - Dramfolks Whisky Auction\" \/>\n<meta property=\"og:description\" content=\"Destille: Ardbeg &#8220;DER UNGEZ\u00c4HMTE GEIST VON ISLAY&#8230;&#8221; trifft die Beschreibung von Ardbeg ganz gut. Ardbeg ist aktuell eine von insgesamt 9 Whiskydestillerien auf der Insel Islay in Schottland. Sie befindet sich am S\u00fcdufer der Insel, direkt neben Port Ellen und ist gegenw\u00e4rtig im Besitz von Mo\u00ebt Hennessy Louis Vuitton. Die Urspr\u00fcnge der Brennerei reichen bis[...]\" \/>\n<meta property=\"og:url\" content=\"https:\/\/www.dramfolks-whisky-auction.com\/en\/product\/ardbeg-bizarrebq-10\/\" \/>\n<meta property=\"og:site_name\" content=\"Dramfolks Whisky Auction\" \/>\n<meta property=\"article:modified_time\" content=\"2026-01-04T18:30:06+00:00\" \/>\n<meta property=\"og:image\" content=\"https:\/\/www.dramfolks-whisky-auction.com\/wp-content\/uploads\/2024\/04\/Ardbeg-BBQ-vorne-scaled.jpg\" \/>\n\t<meta property=\"og:image:width\" content=\"2560\" \/>\n\t<meta property=\"og:image:height\" content=\"2560\" \/>\n\t<meta property=\"og:image:type\" content=\"image\/jpeg\" \/>\n<meta name=\"twitter:card\" content=\"summary_large_image\" \/>\n<meta name=\"twitter:label1\" content=\"Est. reading time\" \/>\n\t<meta name=\"twitter:data1\" content=\"3 minutes\" \/>\n<script type=\"application\/ld+json\" class=\"yoast-schema-graph\">{\"@context\":\"https:\/\/schema.org\",\"@graph\":[{\"@type\":\"WebPage\",\"@id\":\"https:\/\/www.dramfolks-whisky-auction.com\/en\/product\/ardbeg-bizarrebq-10\/\",\"url\":\"https:\/\/www.dramfolks-whisky-auction.com\/en\/product\/ardbeg-bizarrebq-10\/\",\"name\":\"Ardbeg - BizarreBQ - Dramfolks Whisky Auction\",\"isPartOf\":{\"@id\":\"https:\/\/www.dramfolks-whisky-auction.com\/en\/#website\"},\"primaryImageOfPage\":{\"@id\":\"https:\/\/www.dramfolks-whisky-auction.com\/en\/product\/ardbeg-bizarrebq-10\/#primaryimage\"},\"image\":{\"@id\":\"https:\/\/www.dramfolks-whisky-auction.com\/en\/product\/ardbeg-bizarrebq-10\/#primaryimage\"},\"thumbnailUrl\":\"https:\/\/www.dramfolks-whisky-auction.com\/wp-content\/uploads\/2024\/04\/Ardbeg-BBQ-vorne-scaled.jpg\",\"datePublished\":\"2025-12-20T06:29:37+00:00\",\"dateModified\":\"2026-01-04T18:30:06+00:00\",\"breadcrumb\":{\"@id\":\"https:\/\/www.dramfolks-whisky-auction.com\/en\/product\/ardbeg-bizarrebq-10\/#breadcrumb\"},\"inLanguage\":\"en-US\",\"potentialAction\":[{\"@type\":\"ReadAction\",\"target\":[\"https:\/\/www.dramfolks-whisky-auction.com\/en\/product\/ardbeg-bizarrebq-10\/\"]}]},{\"@type\":\"ImageObject\",\"inLanguage\":\"en-US\",\"@id\":\"https:\/\/www.dramfolks-whisky-auction.com\/en\/product\/ardbeg-bizarrebq-10\/#primaryimage\",\"url\":\"https:\/\/www.dramfolks-whisky-auction.com\/wp-content\/uploads\/2024\/04\/Ardbeg-BBQ-vorne-scaled.jpg\",\"contentUrl\":\"https:\/\/www.dramfolks-whisky-auction.com\/wp-content\/uploads\/2024\/04\/Ardbeg-BBQ-vorne-scaled.jpg\",\"width\":2560,\"height\":2560},{\"@type\":\"BreadcrumbList\",\"@id\":\"https:\/\/www.dramfolks-whisky-auction.com\/en\/product\/ardbeg-bizarrebq-10\/#breadcrumb\",\"itemListElement\":[{\"@type\":\"ListItem\",\"position\":1,\"name\":\"Startseite\",\"item\":\"https:\/\/www.dramfolks-whisky-auction.com\/en\/\"},{\"@type\":\"ListItem\",\"position\":2,\"name\":\"Shop\",\"item\":\"https:\/\/www.dramfolks-whisky-auction.com\/en\/shop\/\"},{\"@type\":\"ListItem\",\"position\":3,\"name\":\"Ardbeg &#8211; BizarreBQ\"}]},{\"@type\":\"WebSite\",\"@id\":\"https:\/\/www.dramfolks-whisky-auction.com\/en\/#website\",\"url\":\"https:\/\/www.dramfolks-whisky-auction.com\/en\/\",\"name\":\"Dramfolks Whisky Auction\",\"description\":\"\",\"potentialAction\":[{\"@type\":\"SearchAction\",\"target\":{\"@type\":\"EntryPoint\",\"urlTemplate\":\"https:\/\/www.dramfolks-whisky-auction.com\/en\/?s={search_term_string}\"},\"query-input\":{\"@type\":\"PropertyValueSpecification\",\"valueRequired\":true,\"valueName\":\"search_term_string\"}}],\"inLanguage\":\"en-US\"}]}<\/script>\n<!-- \/ Yoast SEO plugin. -->","yoast_head_json":{"title":"Ardbeg - BizarreBQ - Dramfolks Whisky Auction","robots":{"index":"index","follow":"follow","max-snippet":"max-snippet:-1","max-image-preview":"max-image-preview:large","max-video-preview":"max-video-preview:-1"},"canonical":"https:\/\/www.dramfolks-whisky-auction.com\/en\/product\/ardbeg-bizarrebq-10\/","og_locale":"en_US","og_type":"article","og_title":"Ardbeg - BizarreBQ - Dramfolks Whisky Auction","og_description":"Destille: Ardbeg &#8220;DER UNGEZ\u00c4HMTE GEIST VON ISLAY&#8230;&#8221; trifft die Beschreibung von Ardbeg ganz gut. Ardbeg ist aktuell eine von insgesamt 9 Whiskydestillerien auf der Insel Islay in Schottland. Sie befindet sich am S\u00fcdufer der Insel, direkt neben Port Ellen und ist gegenw\u00e4rtig im Besitz von Mo\u00ebt Hennessy Louis Vuitton. Die Urspr\u00fcnge der Brennerei reichen bis[...]","og_url":"https:\/\/www.dramfolks-whisky-auction.com\/en\/product\/ardbeg-bizarrebq-10\/","og_site_name":"Dramfolks Whisky Auction","article_modified_time":"2026-01-04T18:30:06+00:00","og_image":[{"width":2560,"height":2560,"url":"https:\/\/www.dramfolks-whisky-auction.com\/wp-content\/uploads\/2024\/04\/Ardbeg-BBQ-vorne-scaled.jpg","type":"image\/jpeg"}],"twitter_card":"summary_large_image","twitter_misc":{"Est. reading time":"3 minutes"},"schema":{"@context":"https:\/\/schema.org","@graph":[{"@type":"WebPage","@id":"https:\/\/www.dramfolks-whisky-auction.com\/en\/product\/ardbeg-bizarrebq-10\/","url":"https:\/\/www.dramfolks-whisky-auction.com\/en\/product\/ardbeg-bizarrebq-10\/","name":"Ardbeg - BizarreBQ - Dramfolks Whisky Auction","isPartOf":{"@id":"https:\/\/www.dramfolks-whisky-auction.com\/en\/#website"},"primaryImageOfPage":{"@id":"https:\/\/www.dramfolks-whisky-auction.com\/en\/product\/ardbeg-bizarrebq-10\/#primaryimage"},"image":{"@id":"https:\/\/www.dramfolks-whisky-auction.com\/en\/product\/ardbeg-bizarrebq-10\/#primaryimage"},"thumbnailUrl":"https:\/\/www.dramfolks-whisky-auction.com\/wp-content\/uploads\/2024\/04\/Ardbeg-BBQ-vorne-scaled.jpg","datePublished":"2025-12-20T06:29:37+00:00","dateModified":"2026-01-04T18:30:06+00:00","breadcrumb":{"@id":"https:\/\/www.dramfolks-whisky-auction.com\/en\/product\/ardbeg-bizarrebq-10\/#breadcrumb"},"inLanguage":"en-US","potentialAction":[{"@type":"ReadAction","target":["https:\/\/www.dramfolks-whisky-auction.com\/en\/product\/ardbeg-bizarrebq-10\/"]}]},{"@type":"ImageObject","inLanguage":"en-US","@id":"https:\/\/www.dramfolks-whisky-auction.com\/en\/product\/ardbeg-bizarrebq-10\/#primaryimage","url":"https:\/\/www.dramfolks-whisky-auction.com\/wp-content\/uploads\/2024\/04\/Ardbeg-BBQ-vorne-scaled.jpg","contentUrl":"https:\/\/www.dramfolks-whisky-auction.com\/wp-content\/uploads\/2024\/04\/Ardbeg-BBQ-vorne-scaled.jpg","width":2560,"height":2560},{"@type":"BreadcrumbList","@id":"https:\/\/www.dramfolks-whisky-auction.com\/en\/product\/ardbeg-bizarrebq-10\/#breadcrumb","itemListElement":[{"@type":"ListItem","position":1,"name":"Startseite","item":"https:\/\/www.dramfolks-whisky-auction.com\/en\/"},{"@type":"ListItem","position":2,"name":"Shop","item":"https:\/\/www.dramfolks-whisky-auction.com\/en\/shop\/"},{"@type":"ListItem","position":3,"name":"Ardbeg &#8211; BizarreBQ"}]},{"@type":"WebSite","@id":"https:\/\/www.dramfolks-whisky-auction.com\/en\/#website","url":"https:\/\/www.dramfolks-whisky-auction.com\/en\/","name":"Dramfolks Whisky Auction","description":"","potentialAction":[{"@type":"SearchAction","target":{"@type":"EntryPoint","urlTemplate":"https:\/\/www.dramfolks-whisky-auction.com\/en\/?s={search_term_string}"},"query-input":{"@type":"PropertyValueSpecification","valueRequired":true,"valueName":"search_term_string"}}],"inLanguage":"en-US"}]}},"_links":{"self":[{"href":"https:\/\/www.dramfolks-whisky-auction.com\/en\/wp-json\/wp\/v2\/product\/6727384","targetHints":{"allow":["GET"]}}],"collection":[{"href":"https:\/\/www.dramfolks-whisky-auction.com\/en\/wp-json\/wp\/v2\/product"}],"about":[{"href":"https:\/\/www.dramfolks-whisky-auction.com\/en\/wp-json\/wp\/v2\/types\/product"}],"replies":[{"embeddable":true,"href":"https:\/\/www.dramfolks-whisky-auction.com\/en\/wp-json\/wp\/v2\/comments?post=6727384"}],"wp:featuredmedia":[{"embeddable":true,"href":"https:\/\/www.dramfolks-whisky-auction.com\/en\/wp-json\/wp\/v2\/media\/6516"}],"wp:attachment":[{"href":"https:\/\/www.dramfolks-whisky-auction.com\/en\/wp-json\/wp\/v2\/media?parent=6727384"}],"wp:term":[{"taxonomy":"product_brand","embeddable":true,"href":"https:\/\/www.dramfolks-whisky-auction.com\/en\/wp-json\/wp\/v2\/product_brand?post=6727384"},{"taxonomy":"product_cat","embeddable":true,"href":"https:\/\/www.dramfolks-whisky-auction.com\/en\/wp-json\/wp\/v2\/product_cat?post=6727384"},{"taxonomy":"product_tag","embeddable":true,"href":"https:\/\/www.dramfolks-whisky-auction.com\/en\/wp-json\/wp\/v2\/product_tag?post=6727384"}],"curies":[{"name":"wp","href":"https:\/\/api.w.org\/{rel}","templated":true}]}}