{"id":6727381,"date":"2025-12-20T07:25:57","date_gmt":"2025-12-20T06:25:57","guid":{"rendered":"https:\/\/www.dramfolks-whisky-auction.com\/?post_type=product&#038;p=6727381"},"modified":"2026-01-04T19:30:05","modified_gmt":"2026-01-04T18:30:05","slug":"bruichladdich-wmd-ii-yellow-submarine-1991-10","status":"publish","type":"product","link":"https:\/\/www.dramfolks-whisky-auction.com\/en\/product\/bruichladdich-wmd-ii-yellow-submarine-1991-10\/","title":{"rendered":"Bruichladdich &#8211; WMD II Yellow Submarine 1991"},"content":{"rendered":"<p><strong>Destille: Bruichladdich<br \/>\n<\/strong>Die Brennerei Bruichladdich ist eine Destillerie auf den Rhinns der Isle of Islay in Schottland. Der Name Bruichladdich ist eine Anglisierung von &#8220;Bruthach a&#8217; Chladaich&#8221; (schottisch-g\u00e4lisch f\u00fcr &#8220;Brae of the Shore&#8221;). Bruichladdich wurde 1881 von den Br\u00fcdern Harvey \u2013 William (32), John (31) und Robert (23) \u2013 am Ufer des Loch Indaal, dem westlichsten Teil der Insel, erbaut. Die Harveys waren eine dynastische Whiskyfamilie, die seit 1770 zwei Glasgower Brennereien besa\u00dfen. Mit dem Erbe kombinierten die drei Br\u00fcder ihre Talente, um eine dritte Destillerie \u2013 Bruichladdich \u2013 zu bauen&#8230; von John entworfen, von Robert konstruiert und von William und anderen Familienmitgliedern finanziert. Bruichladdich wurde haupts\u00e4chlich von William nach einem Streit mit seinen Br\u00fcdern gef\u00fchrt, bevor die Brennerei \u00fcberhaupt fertiggestellt war. Nach seinem Tod wechselte Bruichladdich von 1936 bis 1969 zur Associated Scottish Distilleries Ltd. Nach mehreren Besitzerwechsel kaufte schlie\u00dflich Whyte and Mackay die Destillerie und erkl\u00e4rte sie 1994 als &#8220;\u00fcbersch\u00fcssig&#8221;. Nach der Wiederaufnahme am 19.12.2000 wurde sie von Murray McDavid gekauft. Jim McEwan, der seit seinem 15. Lebensjahr in der Bowmore Distillery gearbeitet hatte, wurde als Master Distiller und Produktionsleiter eingestellt. Zwischen Januar und Mai 2001 wurde die gesamte Brennerei demontiert und wieder zusammengebaut. Heute geh\u00f6rt Bruichladdich seit 2012 zum R\u00e9my Cointreau Konzern. Aktuell hat Bruichladdich ein Produktionsvolumen von ca. 1,5 Mio. Litern.<\/p>\n<p><strong>Fun Fakt:\u00a0\u00a0<\/strong>Ein Gro\u00dfteil der verwendeten Ger\u00e4te bei Bruichladdich ist die originale viktorianische Ausr\u00fcstung von damals. Keine Computer in der Produktion &#8211; au\u00dfer in den B\u00fcros, in denen eine Reihe von 8 Webcams betrieben werden. Diese Webcams standen im Mittelpunkt einer Geheimdienstoperation der (amerikanischen) &#8220;Defense Threat Reduction Agency&#8221;, als die antiken Destillationsanlagen der Brennerei mit denen verwechselt wurden, die angeblich f\u00fcr die chemischen Waffen des Iraks verwendet wurden. Dieser Irrglaube ging auf eine E-Mail zur\u00fcck, die ein amerikanischer Agent an die Destillerie schickte, als eine der Webcams kaputt war. Eine limitierte Auflage von Gedenkflaschen wurde zu Ehren der Geschichte herausgegeben.<\/p>\n<p><strong>Whisky\/Whiskey:<\/strong> <strong>WMD II Yellow Submarine 1991<br \/>\n<\/strong>Bruichladdich 14 Jahre WMD II Yellow Submarine (3. WMD Ausgabe) ist ein Islay Single Malt Whisky in limitierter Auflage, der in der Bruichladdich Distillery hergestellt wird. Die Geschichte hinter dieser Flasche ist, dass eines Tages ein Fischer auf ein kleines gelbes U-Boot stie\u00df. Er meldete den &#8220;Vorfall&#8221; dem Milit\u00e4r. Das Verteidigungsministerium bestritt zun\u00e4chst umgehend jede Verbindung damit. Sp\u00e4ter gab es aber offiziell zu Protokoll, dass die HMS Penzance (gelbes U-Boot) verschwunden ist. Bruichladdich erinnert mit diesem tollen Whisky an diese Geschichte und hat diesen Single Malt 14 Jahre lang in Eichenf\u00e4ssern gereift und in Rioja-Weinf\u00e4ssern veredelt. 1991 limitiert in 12.000 Flaschen mit 46,0% Alk.vol abgef\u00fcllt. Ein Must-Have f\u00fcr Bruichladdich-Liebhaber &amp; Sammler.<br \/>\n\u00dcbrigens&#8230; WMD steht f\u00fcr &#8220;Whisky of Mass Distinction&#8221;! Erste Ausgabe erfolgte 1984, gefolgt von WMD II Yellow Submarine 2.Ausgabe 2004 und 3.Ausgabe 2005. Letzte WMD Ausgabe erschien 2018 mit dem 25-J\u00e4hrigen Yellow Submarine WMD III.<\/p>\n<p><strong>Info Qualit\u00e4t der Flasche:<\/strong> Exzellent &#8211; ohne Besch\u00e4digungen \/ <strong>F\u00fcllstand: <\/strong>Top shoulder<br \/>\n<strong>Info Qualit\u00e4t der Box: <\/strong>Exzellent &#8211; ohne Besch\u00e4digungen<\/p>\n<p><strong>Wichtiger Hinweis:<\/strong> Die Bewertung der Flaschen und Boxen erfolgt nach \u201ebesten Wissen und Gewissen\u201c. dramfolks kann keine Gew\u00e4hrleistung f\u00fcr den Inhalt der Flaschen \u00fcbernehmen. Weitere Infos &amp; Hinweise finden Sie in unseren AGBs. Wir empfehlen Ihnen, vor der Abgabe von Geboten \u00fcber die Zoomfunktion eine Besichtigung \/ genaue Pr\u00fcfung des angebotenen Whiskys vorzunehmen. Bitte kontaktieren sie uns bei Fragen direkt unter info@dramfolks.com<\/p>\n","protected":false},"excerpt":{"rendered":"<p>Destille: Bruichladdich Die Brennerei Bruichladdich ist eine Destillerie auf den Rhinns der Isle of Islay in Schottland. Der Name Bruichladdich ist eine Anglisierung von &#8220;Bruthach a&#8217; Chladaich&#8221; (schottisch-g\u00e4lisch f\u00fcr &#8220;Brae of the Shore&#8221;). Bruichladdich wurde 1881 von den Br\u00fcdern Harvey \u2013 William (32), John (31) und Robert (23) \u2013 am Ufer des Loch Indaal, dem[&#8230;]\n","protected":false},"featured_media":48941,"comment_status":"closed","ping_status":"closed","template":"","meta":[],"product_brand":[],"product_cat":[1282],"product_tag":[],"class_list":{"0":"post-6727381","1":"product","2":"type-product","3":"status-publish","4":"has-post-thumbnail","6":"product_cat-no-22","8":"first","9":"instock","10":"shipping-taxable","11":"purchasable","12":"product-type-auction"},"yoast_head":"<!-- This site is optimized with the Yoast SEO plugin v27.0 - https:\/\/yoast.com\/product\/yoast-seo-wordpress\/ -->\n<title>Bruichladdich - WMD II Yellow Submarine 1991 - Dramfolks Whisky Auction<\/title>\n<meta name=\"robots\" content=\"index, follow, max-snippet:-1, max-image-preview:large, max-video-preview:-1\" \/>\n<link rel=\"canonical\" href=\"https:\/\/www.dramfolks-whisky-auction.com\/en\/product\/bruichladdich-wmd-ii-yellow-submarine-1991-10\/\" \/>\n<meta property=\"og:locale\" content=\"en_US\" \/>\n<meta property=\"og:type\" content=\"article\" \/>\n<meta property=\"og:title\" content=\"Bruichladdich - WMD II Yellow Submarine 1991 - Dramfolks Whisky Auction\" \/>\n<meta property=\"og:description\" content=\"Destille: Bruichladdich Die Brennerei Bruichladdich ist eine Destillerie auf den Rhinns der Isle of Islay in Schottland. Der Name Bruichladdich ist eine Anglisierung von &#8220;Bruthach a&#8217; Chladaich&#8221; (schottisch-g\u00e4lisch f\u00fcr &#8220;Brae of the Shore&#8221;). Bruichladdich wurde 1881 von den Br\u00fcdern Harvey \u2013 William (32), John (31) und Robert (23) \u2013 am Ufer des Loch Indaal, dem[...]\" \/>\n<meta property=\"og:url\" content=\"https:\/\/www.dramfolks-whisky-auction.com\/en\/product\/bruichladdich-wmd-ii-yellow-submarine-1991-10\/\" \/>\n<meta property=\"og:site_name\" content=\"Dramfolks Whisky Auction\" \/>\n<meta property=\"article:modified_time\" content=\"2026-01-04T18:30:05+00:00\" \/>\n<meta property=\"og:image\" content=\"https:\/\/www.dramfolks-whisky-auction.com\/wp-content\/uploads\/2024\/06\/Bruichladdich.1991-vorne-scaled.jpg\" \/>\n\t<meta property=\"og:image:width\" content=\"2560\" \/>\n\t<meta property=\"og:image:height\" content=\"2560\" \/>\n\t<meta property=\"og:image:type\" content=\"image\/jpeg\" \/>\n<meta name=\"twitter:card\" content=\"summary_large_image\" \/>\n<meta name=\"twitter:label1\" content=\"Est. reading time\" \/>\n\t<meta name=\"twitter:data1\" content=\"4 minutes\" \/>\n<script type=\"application\/ld+json\" class=\"yoast-schema-graph\">{\"@context\":\"https:\/\/schema.org\",\"@graph\":[{\"@type\":\"WebPage\",\"@id\":\"https:\/\/www.dramfolks-whisky-auction.com\/en\/product\/bruichladdich-wmd-ii-yellow-submarine-1991-10\/\",\"url\":\"https:\/\/www.dramfolks-whisky-auction.com\/en\/product\/bruichladdich-wmd-ii-yellow-submarine-1991-10\/\",\"name\":\"Bruichladdich - WMD II Yellow Submarine 1991 - Dramfolks Whisky Auction\",\"isPartOf\":{\"@id\":\"https:\/\/www.dramfolks-whisky-auction.com\/en\/#website\"},\"primaryImageOfPage\":{\"@id\":\"https:\/\/www.dramfolks-whisky-auction.com\/en\/product\/bruichladdich-wmd-ii-yellow-submarine-1991-10\/#primaryimage\"},\"image\":{\"@id\":\"https:\/\/www.dramfolks-whisky-auction.com\/en\/product\/bruichladdich-wmd-ii-yellow-submarine-1991-10\/#primaryimage\"},\"thumbnailUrl\":\"https:\/\/www.dramfolks-whisky-auction.com\/wp-content\/uploads\/2024\/06\/Bruichladdich.1991-vorne-scaled.jpg\",\"datePublished\":\"2025-12-20T06:25:57+00:00\",\"dateModified\":\"2026-01-04T18:30:05+00:00\",\"breadcrumb\":{\"@id\":\"https:\/\/www.dramfolks-whisky-auction.com\/en\/product\/bruichladdich-wmd-ii-yellow-submarine-1991-10\/#breadcrumb\"},\"inLanguage\":\"en-US\",\"potentialAction\":[{\"@type\":\"ReadAction\",\"target\":[\"https:\/\/www.dramfolks-whisky-auction.com\/en\/product\/bruichladdich-wmd-ii-yellow-submarine-1991-10\/\"]}]},{\"@type\":\"ImageObject\",\"inLanguage\":\"en-US\",\"@id\":\"https:\/\/www.dramfolks-whisky-auction.com\/en\/product\/bruichladdich-wmd-ii-yellow-submarine-1991-10\/#primaryimage\",\"url\":\"https:\/\/www.dramfolks-whisky-auction.com\/wp-content\/uploads\/2024\/06\/Bruichladdich.1991-vorne-scaled.jpg\",\"contentUrl\":\"https:\/\/www.dramfolks-whisky-auction.com\/wp-content\/uploads\/2024\/06\/Bruichladdich.1991-vorne-scaled.jpg\",\"width\":2560,\"height\":2560},{\"@type\":\"BreadcrumbList\",\"@id\":\"https:\/\/www.dramfolks-whisky-auction.com\/en\/product\/bruichladdich-wmd-ii-yellow-submarine-1991-10\/#breadcrumb\",\"itemListElement\":[{\"@type\":\"ListItem\",\"position\":1,\"name\":\"Startseite\",\"item\":\"https:\/\/www.dramfolks-whisky-auction.com\/en\/\"},{\"@type\":\"ListItem\",\"position\":2,\"name\":\"Shop\",\"item\":\"https:\/\/www.dramfolks-whisky-auction.com\/en\/shop\/\"},{\"@type\":\"ListItem\",\"position\":3,\"name\":\"Bruichladdich &#8211; WMD II Yellow Submarine 1991\"}]},{\"@type\":\"WebSite\",\"@id\":\"https:\/\/www.dramfolks-whisky-auction.com\/en\/#website\",\"url\":\"https:\/\/www.dramfolks-whisky-auction.com\/en\/\",\"name\":\"Dramfolks Whisky Auction\",\"description\":\"\",\"potentialAction\":[{\"@type\":\"SearchAction\",\"target\":{\"@type\":\"EntryPoint\",\"urlTemplate\":\"https:\/\/www.dramfolks-whisky-auction.com\/en\/?s={search_term_string}\"},\"query-input\":{\"@type\":\"PropertyValueSpecification\",\"valueRequired\":true,\"valueName\":\"search_term_string\"}}],\"inLanguage\":\"en-US\"}]}<\/script>\n<!-- \/ Yoast SEO plugin. -->","yoast_head_json":{"title":"Bruichladdich - WMD II Yellow Submarine 1991 - Dramfolks Whisky Auction","robots":{"index":"index","follow":"follow","max-snippet":"max-snippet:-1","max-image-preview":"max-image-preview:large","max-video-preview":"max-video-preview:-1"},"canonical":"https:\/\/www.dramfolks-whisky-auction.com\/en\/product\/bruichladdich-wmd-ii-yellow-submarine-1991-10\/","og_locale":"en_US","og_type":"article","og_title":"Bruichladdich - WMD II Yellow Submarine 1991 - Dramfolks Whisky Auction","og_description":"Destille: Bruichladdich Die Brennerei Bruichladdich ist eine Destillerie auf den Rhinns der Isle of Islay in Schottland. Der Name Bruichladdich ist eine Anglisierung von &#8220;Bruthach a&#8217; Chladaich&#8221; (schottisch-g\u00e4lisch f\u00fcr &#8220;Brae of the Shore&#8221;). Bruichladdich wurde 1881 von den Br\u00fcdern Harvey \u2013 William (32), John (31) und Robert (23) \u2013 am Ufer des Loch Indaal, dem[...]","og_url":"https:\/\/www.dramfolks-whisky-auction.com\/en\/product\/bruichladdich-wmd-ii-yellow-submarine-1991-10\/","og_site_name":"Dramfolks Whisky Auction","article_modified_time":"2026-01-04T18:30:05+00:00","og_image":[{"width":2560,"height":2560,"url":"https:\/\/www.dramfolks-whisky-auction.com\/wp-content\/uploads\/2024\/06\/Bruichladdich.1991-vorne-scaled.jpg","type":"image\/jpeg"}],"twitter_card":"summary_large_image","twitter_misc":{"Est. reading time":"4 minutes"},"schema":{"@context":"https:\/\/schema.org","@graph":[{"@type":"WebPage","@id":"https:\/\/www.dramfolks-whisky-auction.com\/en\/product\/bruichladdich-wmd-ii-yellow-submarine-1991-10\/","url":"https:\/\/www.dramfolks-whisky-auction.com\/en\/product\/bruichladdich-wmd-ii-yellow-submarine-1991-10\/","name":"Bruichladdich - WMD II Yellow Submarine 1991 - Dramfolks Whisky Auction","isPartOf":{"@id":"https:\/\/www.dramfolks-whisky-auction.com\/en\/#website"},"primaryImageOfPage":{"@id":"https:\/\/www.dramfolks-whisky-auction.com\/en\/product\/bruichladdich-wmd-ii-yellow-submarine-1991-10\/#primaryimage"},"image":{"@id":"https:\/\/www.dramfolks-whisky-auction.com\/en\/product\/bruichladdich-wmd-ii-yellow-submarine-1991-10\/#primaryimage"},"thumbnailUrl":"https:\/\/www.dramfolks-whisky-auction.com\/wp-content\/uploads\/2024\/06\/Bruichladdich.1991-vorne-scaled.jpg","datePublished":"2025-12-20T06:25:57+00:00","dateModified":"2026-01-04T18:30:05+00:00","breadcrumb":{"@id":"https:\/\/www.dramfolks-whisky-auction.com\/en\/product\/bruichladdich-wmd-ii-yellow-submarine-1991-10\/#breadcrumb"},"inLanguage":"en-US","potentialAction":[{"@type":"ReadAction","target":["https:\/\/www.dramfolks-whisky-auction.com\/en\/product\/bruichladdich-wmd-ii-yellow-submarine-1991-10\/"]}]},{"@type":"ImageObject","inLanguage":"en-US","@id":"https:\/\/www.dramfolks-whisky-auction.com\/en\/product\/bruichladdich-wmd-ii-yellow-submarine-1991-10\/#primaryimage","url":"https:\/\/www.dramfolks-whisky-auction.com\/wp-content\/uploads\/2024\/06\/Bruichladdich.1991-vorne-scaled.jpg","contentUrl":"https:\/\/www.dramfolks-whisky-auction.com\/wp-content\/uploads\/2024\/06\/Bruichladdich.1991-vorne-scaled.jpg","width":2560,"height":2560},{"@type":"BreadcrumbList","@id":"https:\/\/www.dramfolks-whisky-auction.com\/en\/product\/bruichladdich-wmd-ii-yellow-submarine-1991-10\/#breadcrumb","itemListElement":[{"@type":"ListItem","position":1,"name":"Startseite","item":"https:\/\/www.dramfolks-whisky-auction.com\/en\/"},{"@type":"ListItem","position":2,"name":"Shop","item":"https:\/\/www.dramfolks-whisky-auction.com\/en\/shop\/"},{"@type":"ListItem","position":3,"name":"Bruichladdich &#8211; WMD II Yellow Submarine 1991"}]},{"@type":"WebSite","@id":"https:\/\/www.dramfolks-whisky-auction.com\/en\/#website","url":"https:\/\/www.dramfolks-whisky-auction.com\/en\/","name":"Dramfolks Whisky Auction","description":"","potentialAction":[{"@type":"SearchAction","target":{"@type":"EntryPoint","urlTemplate":"https:\/\/www.dramfolks-whisky-auction.com\/en\/?s={search_term_string}"},"query-input":{"@type":"PropertyValueSpecification","valueRequired":true,"valueName":"search_term_string"}}],"inLanguage":"en-US"}]}},"_links":{"self":[{"href":"https:\/\/www.dramfolks-whisky-auction.com\/en\/wp-json\/wp\/v2\/product\/6727381","targetHints":{"allow":["GET"]}}],"collection":[{"href":"https:\/\/www.dramfolks-whisky-auction.com\/en\/wp-json\/wp\/v2\/product"}],"about":[{"href":"https:\/\/www.dramfolks-whisky-auction.com\/en\/wp-json\/wp\/v2\/types\/product"}],"replies":[{"embeddable":true,"href":"https:\/\/www.dramfolks-whisky-auction.com\/en\/wp-json\/wp\/v2\/comments?post=6727381"}],"wp:featuredmedia":[{"embeddable":true,"href":"https:\/\/www.dramfolks-whisky-auction.com\/en\/wp-json\/wp\/v2\/media\/48941"}],"wp:attachment":[{"href":"https:\/\/www.dramfolks-whisky-auction.com\/en\/wp-json\/wp\/v2\/media?parent=6727381"}],"wp:term":[{"taxonomy":"product_brand","embeddable":true,"href":"https:\/\/www.dramfolks-whisky-auction.com\/en\/wp-json\/wp\/v2\/product_brand?post=6727381"},{"taxonomy":"product_cat","embeddable":true,"href":"https:\/\/www.dramfolks-whisky-auction.com\/en\/wp-json\/wp\/v2\/product_cat?post=6727381"},{"taxonomy":"product_tag","embeddable":true,"href":"https:\/\/www.dramfolks-whisky-auction.com\/en\/wp-json\/wp\/v2\/product_tag?post=6727381"}],"curies":[{"name":"wp","href":"https:\/\/api.w.org\/{rel}","templated":true}]}}