{"id":6727369,"date":"2025-12-20T07:06:11","date_gmt":"2025-12-20T06:06:11","guid":{"rendered":"https:\/\/www.dramfolks-whisky-auction.com\/?post_type=product&#038;p=6727369"},"modified":"2026-02-18T15:01:51","modified_gmt":"2026-02-18T14:01:51","slug":"tamdhu-distillery-cuatro-reserva-14","status":"publish","type":"product","link":"https:\/\/www.dramfolks-whisky-auction.com\/en\/product\/tamdhu-distillery-cuatro-reserva-14\/","title":{"rendered":"Tamdhu Distillery &#8211; Cuatro Reserva"},"content":{"rendered":"<p><strong>Destille: Tamdhu Distillerie<br \/>\n<\/strong>In Knockando inmitten der Speyside gelang es der Tamdhu Destillerie, schwierige Wirtschaftsh\u00f6hen und -tiefen zu durchstehen. Dies verdankte die Brennerei haupts\u00e4chlich ihrer Zuverl\u00e4ssigkeit, als jahrelang bew\u00e4hrte Komponente f\u00fcr Blends von Highland Distillers. Tamdhu verfolgte schon immer den &#8220;Can-Dhu-Spirit&#8221;. Tamdhu war im 19. Jahrhundert schon etwas Besonderes, keine andere Brennerei konnte mit dem Standard mithalten, der hier in Sachen Equipment eingebaut wurde. Strategisch war Tamdhu ebenfalls g\u00fcnstig gelegen und grenzte direkt an die Eisenbahnlinie. Seit 2011 geh\u00f6rt die Brennerei Ian Macleod Distillers, die mittlerweile mit der Erneuerung der Marke begonnen und den Tamdhu Single Malt erfolgreich vermarktet haben. Mit Ian MacLeod Distillers fand sich ein neuer Eigent\u00fcmer, der die Produktion sofort wieder aufnahm. 2013 brachten sie den Tamdhu Whisky in neuem Gewand wieder auf den Markt, seitdem erfreut er Whisky-Genie\u00dfer auf der ganzen Welt. Kann man Leidenschaft schmecken? Wenn Sie die Macher bei Tamdhu fragen, w\u00e4re die Antwort mit Sicherheit ein \u00fcberzeugtes \u201eJa\u201c. Die Speyside-Brennerei erweckt trotz ihres recht stattlichen Outputs von vier Millionen Liter New Make Spirit im Jahr einen sehr famili\u00e4ren Eindruck und besch\u00e4ftigt etwas mehr als ein Dutzend Mitarbeiter, viele von ihren sind fest mit der Region verbunden. Diese Tatsache und die Perfektionierung von Sherry-Cask-gereiftem Whisky machen die Drams von Tamdhu zu echten Schmankerln.<\/p>\n<p><strong>Fun Fakt 1: <\/strong>William Grant selbst war seinerzeit einer von mehreren Gr\u00fcndern der Destillerie. Die Baupl\u00e4ne f\u00fcr die Brennerei stammen von keinem geringeren als Charles Doig, DEM Destillerie-Architekten schlechthin. Der hochbegabte und strebsame Charles nutzte seine Talente im visuellen und mathematischen Bereich und kletterte die Karriereleiter im Eiltempo nach oben. Seit den 1890er Jahren waren Brennereien sein Steckenpferd, neben der Tamdhu Distillery zeigt er sich verantwortlich f\u00fcr 55 andere Brennereien in ganz Schottland.<\/p>\n<p><strong>Fun Fakt 2:<\/strong> Bei Tamdhu ist man nicht nur stolz aus seine Arbeit, man nimmt auch das Thema \u201everantwortungsvoller Umgang mit der Natur\u201c sehr ernst. Und so wurde 2018 ein Projekt realisiert, welches man eigentlich schon vor 100 Jahren in die Tat h\u00e4tte umsetzen m\u00fcssen. Und zwar geht es um ein Bauwerk, das 19 Meter lang und teilweise bis zu 4,5m hoch ist \u2013 n\u00e4mlich eine Fischtreppe. Richtig geh\u00f6rt, eine Aufstiegshilfe f\u00fcr Lachse und Forellen. Diese laichten einst in den Nebenarmen des Knockando Burns oberhalb der Brennerei. Mit Errichtung der Tamdhu Distillery und dem dazugeh\u00f6rigen Damm, um Wasser f\u00fcr die Produktion anzustauen, war den Fischen jedoch der Zugang zum Laichgebiet verwehrt. Auch die r\u00fcckl\u00e4ufige Fischpopulation in der Spey regte dazu an, die Fischtreppe bei Tamdhu zu errichten.<\/p>\n<p><strong>Whisky\/Whiskey: Cuatro Reserva<br \/>\n<\/strong>Der Cuatro Reserva ist in vier charismatischen Sherry-Fass-Stilen gereift. Ein einzigartiger Single Malt aus Erstbef\u00fcllung von europ\u00e4ischen und amerikanischen Eichenf\u00e4ssern. Der Cuatro Reserva soll das Engagement der Destillerie f\u00fcr die Veredelung ausschlie\u00dflich in Oloroso-Sherry-Eichenf\u00e4ssern feiern und damit einen zug\u00e4nglichen Einstiegspunkt f\u00fcr den Sherry-Holzliebhaber in das Tamdhu-Luxus-Portfolio schaffen. Sandy McIntyre, Distillery Manager, hat vier verschiedene Olroso-Sherry-F\u00e4sser aus Tamdhus traditionellen Lagerh\u00e4usern im Herzen der Speyside ausgew\u00e4hlt. Bei der Erstbef\u00fcllung der Sherryf\u00e4sser erg\u00e4nzt die frische Frucht der amerikanischen Eichenf\u00e4sser die W\u00fcrze der europ\u00e4ischen Eichenf\u00e4sser. <strong>Der limitierte Single Malt wurde erst im September 2023 als Neuerscheinung auf der TFWA in Cannes von Ian Macleod Distillers (IMD) vorgestellt und war dort sofort vergriffen!<\/strong><\/p>\n<p><strong>Info Qualit\u00e4t der Flasche:<\/strong> Exzellent &#8211; ohne Besch\u00e4digungen \/ <strong>F\u00fcllstand:<\/strong> Into neck<br \/>\n<strong>Info Qualit\u00e4t der Box:\u00a0<\/strong>Exzellent &#8211; ohne Besch\u00e4digungen<\/p>\n<p><strong>Wichtiger Hinweis:<\/strong> Die Bewertung der Flaschen und Boxen erfolgt nach \u201ebesten Wissen und Gewissen\u201c. dramfolks kann keine Gew\u00e4hrleistung f\u00fcr den Inhalt der Flaschen \u00fcbernehmen. Weitere Infos &amp; Hinweise finden Sie in unseren AGBs. Wir empfehlen Ihnen, vor der Abgabe von Geboten \u00fcber die Zoomfunktion eine Besichtigung \/ genaue Pr\u00fcfung des angebotenen Whiskys vorzunehmen. Bitte kontaktieren sie uns bei Fragen direkt unter info@dramfolks.com<\/p>\n","protected":false},"excerpt":{"rendered":"<p>Destille: Tamdhu Distillerie In Knockando inmitten der Speyside gelang es der Tamdhu Destillerie, schwierige Wirtschaftsh\u00f6hen und -tiefen zu durchstehen. Dies verdankte die Brennerei haupts\u00e4chlich ihrer Zuverl\u00e4ssigkeit, als jahrelang bew\u00e4hrte Komponente f\u00fcr Blends von Highland Distillers. Tamdhu verfolgte schon immer den &#8220;Can-Dhu-Spirit&#8221;. Tamdhu war im 19. Jahrhundert schon etwas Besonderes, keine andere Brennerei konnte mit dem[&#8230;]\n","protected":false},"featured_media":6543,"comment_status":"closed","ping_status":"closed","template":"","meta":[],"product_brand":[],"product_cat":[1282],"product_tag":[],"class_list":{"0":"post-6727369","1":"product","2":"type-product","3":"status-publish","4":"has-post-thumbnail","6":"product_cat-no-22","8":"first","9":"instock","10":"shipping-taxable","11":"purchasable","12":"product-type-auction"},"yoast_head":"<!-- This site is optimized with the Yoast SEO plugin v27.0 - https:\/\/yoast.com\/product\/yoast-seo-wordpress\/ -->\n<title>Tamdhu Distillery - Cuatro Reserva - Dramfolks Whisky Auction<\/title>\n<meta name=\"robots\" content=\"index, follow, max-snippet:-1, max-image-preview:large, max-video-preview:-1\" \/>\n<link rel=\"canonical\" href=\"https:\/\/www.dramfolks-whisky-auction.com\/en\/product\/tamdhu-distillery-cuatro-reserva-14\/\" \/>\n<meta property=\"og:locale\" content=\"en_US\" \/>\n<meta property=\"og:type\" content=\"article\" \/>\n<meta property=\"og:title\" content=\"Tamdhu Distillery - Cuatro Reserva - Dramfolks Whisky Auction\" \/>\n<meta property=\"og:description\" content=\"Destille: Tamdhu Distillerie In Knockando inmitten der Speyside gelang es der Tamdhu Destillerie, schwierige Wirtschaftsh\u00f6hen und -tiefen zu durchstehen. Dies verdankte die Brennerei haupts\u00e4chlich ihrer Zuverl\u00e4ssigkeit, als jahrelang bew\u00e4hrte Komponente f\u00fcr Blends von Highland Distillers. Tamdhu verfolgte schon immer den &#8220;Can-Dhu-Spirit&#8221;. Tamdhu war im 19. Jahrhundert schon etwas Besonderes, keine andere Brennerei konnte mit dem[...]\" \/>\n<meta property=\"og:url\" content=\"https:\/\/www.dramfolks-whisky-auction.com\/en\/product\/tamdhu-distillery-cuatro-reserva-14\/\" \/>\n<meta property=\"og:site_name\" content=\"Dramfolks Whisky Auction\" \/>\n<meta property=\"article:modified_time\" content=\"2026-02-18T14:01:51+00:00\" \/>\n<meta property=\"og:image\" content=\"https:\/\/www.dramfolks-whisky-auction.com\/wp-content\/uploads\/2024\/04\/Tamdhu-vorne-scaled.jpg\" \/>\n\t<meta property=\"og:image:width\" content=\"2560\" \/>\n\t<meta property=\"og:image:height\" content=\"2560\" \/>\n\t<meta property=\"og:image:type\" content=\"image\/jpeg\" \/>\n<meta name=\"twitter:card\" content=\"summary_large_image\" \/>\n<meta name=\"twitter:label1\" content=\"Est. reading time\" \/>\n\t<meta name=\"twitter:data1\" content=\"4 minutes\" \/>\n<script type=\"application\/ld+json\" class=\"yoast-schema-graph\">{\"@context\":\"https:\/\/schema.org\",\"@graph\":[{\"@type\":\"WebPage\",\"@id\":\"https:\/\/www.dramfolks-whisky-auction.com\/en\/product\/tamdhu-distillery-cuatro-reserva-14\/\",\"url\":\"https:\/\/www.dramfolks-whisky-auction.com\/en\/product\/tamdhu-distillery-cuatro-reserva-14\/\",\"name\":\"Tamdhu Distillery - Cuatro Reserva - Dramfolks Whisky Auction\",\"isPartOf\":{\"@id\":\"https:\/\/www.dramfolks-whisky-auction.com\/en\/#website\"},\"primaryImageOfPage\":{\"@id\":\"https:\/\/www.dramfolks-whisky-auction.com\/en\/product\/tamdhu-distillery-cuatro-reserva-14\/#primaryimage\"},\"image\":{\"@id\":\"https:\/\/www.dramfolks-whisky-auction.com\/en\/product\/tamdhu-distillery-cuatro-reserva-14\/#primaryimage\"},\"thumbnailUrl\":\"https:\/\/www.dramfolks-whisky-auction.com\/wp-content\/uploads\/2024\/04\/Tamdhu-vorne-scaled.jpg\",\"datePublished\":\"2025-12-20T06:06:11+00:00\",\"dateModified\":\"2026-02-18T14:01:51+00:00\",\"breadcrumb\":{\"@id\":\"https:\/\/www.dramfolks-whisky-auction.com\/en\/product\/tamdhu-distillery-cuatro-reserva-14\/#breadcrumb\"},\"inLanguage\":\"en-US\",\"potentialAction\":[{\"@type\":\"ReadAction\",\"target\":[\"https:\/\/www.dramfolks-whisky-auction.com\/en\/product\/tamdhu-distillery-cuatro-reserva-14\/\"]}]},{\"@type\":\"ImageObject\",\"inLanguage\":\"en-US\",\"@id\":\"https:\/\/www.dramfolks-whisky-auction.com\/en\/product\/tamdhu-distillery-cuatro-reserva-14\/#primaryimage\",\"url\":\"https:\/\/www.dramfolks-whisky-auction.com\/wp-content\/uploads\/2024\/04\/Tamdhu-vorne-scaled.jpg\",\"contentUrl\":\"https:\/\/www.dramfolks-whisky-auction.com\/wp-content\/uploads\/2024\/04\/Tamdhu-vorne-scaled.jpg\",\"width\":2560,\"height\":2560},{\"@type\":\"BreadcrumbList\",\"@id\":\"https:\/\/www.dramfolks-whisky-auction.com\/en\/product\/tamdhu-distillery-cuatro-reserva-14\/#breadcrumb\",\"itemListElement\":[{\"@type\":\"ListItem\",\"position\":1,\"name\":\"Startseite\",\"item\":\"https:\/\/www.dramfolks-whisky-auction.com\/en\/\"},{\"@type\":\"ListItem\",\"position\":2,\"name\":\"Shop\",\"item\":\"https:\/\/www.dramfolks-whisky-auction.com\/en\/shop\/\"},{\"@type\":\"ListItem\",\"position\":3,\"name\":\"Tamdhu Distillery &#8211; Cuatro Reserva\"}]},{\"@type\":\"WebSite\",\"@id\":\"https:\/\/www.dramfolks-whisky-auction.com\/en\/#website\",\"url\":\"https:\/\/www.dramfolks-whisky-auction.com\/en\/\",\"name\":\"Dramfolks Whisky Auction\",\"description\":\"\",\"potentialAction\":[{\"@type\":\"SearchAction\",\"target\":{\"@type\":\"EntryPoint\",\"urlTemplate\":\"https:\/\/www.dramfolks-whisky-auction.com\/en\/?s={search_term_string}\"},\"query-input\":{\"@type\":\"PropertyValueSpecification\",\"valueRequired\":true,\"valueName\":\"search_term_string\"}}],\"inLanguage\":\"en-US\"}]}<\/script>\n<!-- \/ Yoast SEO plugin. -->","yoast_head_json":{"title":"Tamdhu Distillery - Cuatro Reserva - Dramfolks Whisky Auction","robots":{"index":"index","follow":"follow","max-snippet":"max-snippet:-1","max-image-preview":"max-image-preview:large","max-video-preview":"max-video-preview:-1"},"canonical":"https:\/\/www.dramfolks-whisky-auction.com\/en\/product\/tamdhu-distillery-cuatro-reserva-14\/","og_locale":"en_US","og_type":"article","og_title":"Tamdhu Distillery - Cuatro Reserva - Dramfolks Whisky Auction","og_description":"Destille: Tamdhu Distillerie In Knockando inmitten der Speyside gelang es der Tamdhu Destillerie, schwierige Wirtschaftsh\u00f6hen und -tiefen zu durchstehen. Dies verdankte die Brennerei haupts\u00e4chlich ihrer Zuverl\u00e4ssigkeit, als jahrelang bew\u00e4hrte Komponente f\u00fcr Blends von Highland Distillers. Tamdhu verfolgte schon immer den &#8220;Can-Dhu-Spirit&#8221;. Tamdhu war im 19. Jahrhundert schon etwas Besonderes, keine andere Brennerei konnte mit dem[...]","og_url":"https:\/\/www.dramfolks-whisky-auction.com\/en\/product\/tamdhu-distillery-cuatro-reserva-14\/","og_site_name":"Dramfolks Whisky Auction","article_modified_time":"2026-02-18T14:01:51+00:00","og_image":[{"width":2560,"height":2560,"url":"https:\/\/www.dramfolks-whisky-auction.com\/wp-content\/uploads\/2024\/04\/Tamdhu-vorne-scaled.jpg","type":"image\/jpeg"}],"twitter_card":"summary_large_image","twitter_misc":{"Est. reading time":"4 minutes"},"schema":{"@context":"https:\/\/schema.org","@graph":[{"@type":"WebPage","@id":"https:\/\/www.dramfolks-whisky-auction.com\/en\/product\/tamdhu-distillery-cuatro-reserva-14\/","url":"https:\/\/www.dramfolks-whisky-auction.com\/en\/product\/tamdhu-distillery-cuatro-reserva-14\/","name":"Tamdhu Distillery - Cuatro Reserva - Dramfolks Whisky Auction","isPartOf":{"@id":"https:\/\/www.dramfolks-whisky-auction.com\/en\/#website"},"primaryImageOfPage":{"@id":"https:\/\/www.dramfolks-whisky-auction.com\/en\/product\/tamdhu-distillery-cuatro-reserva-14\/#primaryimage"},"image":{"@id":"https:\/\/www.dramfolks-whisky-auction.com\/en\/product\/tamdhu-distillery-cuatro-reserva-14\/#primaryimage"},"thumbnailUrl":"https:\/\/www.dramfolks-whisky-auction.com\/wp-content\/uploads\/2024\/04\/Tamdhu-vorne-scaled.jpg","datePublished":"2025-12-20T06:06:11+00:00","dateModified":"2026-02-18T14:01:51+00:00","breadcrumb":{"@id":"https:\/\/www.dramfolks-whisky-auction.com\/en\/product\/tamdhu-distillery-cuatro-reserva-14\/#breadcrumb"},"inLanguage":"en-US","potentialAction":[{"@type":"ReadAction","target":["https:\/\/www.dramfolks-whisky-auction.com\/en\/product\/tamdhu-distillery-cuatro-reserva-14\/"]}]},{"@type":"ImageObject","inLanguage":"en-US","@id":"https:\/\/www.dramfolks-whisky-auction.com\/en\/product\/tamdhu-distillery-cuatro-reserva-14\/#primaryimage","url":"https:\/\/www.dramfolks-whisky-auction.com\/wp-content\/uploads\/2024\/04\/Tamdhu-vorne-scaled.jpg","contentUrl":"https:\/\/www.dramfolks-whisky-auction.com\/wp-content\/uploads\/2024\/04\/Tamdhu-vorne-scaled.jpg","width":2560,"height":2560},{"@type":"BreadcrumbList","@id":"https:\/\/www.dramfolks-whisky-auction.com\/en\/product\/tamdhu-distillery-cuatro-reserva-14\/#breadcrumb","itemListElement":[{"@type":"ListItem","position":1,"name":"Startseite","item":"https:\/\/www.dramfolks-whisky-auction.com\/en\/"},{"@type":"ListItem","position":2,"name":"Shop","item":"https:\/\/www.dramfolks-whisky-auction.com\/en\/shop\/"},{"@type":"ListItem","position":3,"name":"Tamdhu Distillery &#8211; Cuatro Reserva"}]},{"@type":"WebSite","@id":"https:\/\/www.dramfolks-whisky-auction.com\/en\/#website","url":"https:\/\/www.dramfolks-whisky-auction.com\/en\/","name":"Dramfolks Whisky Auction","description":"","potentialAction":[{"@type":"SearchAction","target":{"@type":"EntryPoint","urlTemplate":"https:\/\/www.dramfolks-whisky-auction.com\/en\/?s={search_term_string}"},"query-input":{"@type":"PropertyValueSpecification","valueRequired":true,"valueName":"search_term_string"}}],"inLanguage":"en-US"}]}},"_links":{"self":[{"href":"https:\/\/www.dramfolks-whisky-auction.com\/en\/wp-json\/wp\/v2\/product\/6727369","targetHints":{"allow":["GET"]}}],"collection":[{"href":"https:\/\/www.dramfolks-whisky-auction.com\/en\/wp-json\/wp\/v2\/product"}],"about":[{"href":"https:\/\/www.dramfolks-whisky-auction.com\/en\/wp-json\/wp\/v2\/types\/product"}],"replies":[{"embeddable":true,"href":"https:\/\/www.dramfolks-whisky-auction.com\/en\/wp-json\/wp\/v2\/comments?post=6727369"}],"wp:featuredmedia":[{"embeddable":true,"href":"https:\/\/www.dramfolks-whisky-auction.com\/en\/wp-json\/wp\/v2\/media\/6543"}],"wp:attachment":[{"href":"https:\/\/www.dramfolks-whisky-auction.com\/en\/wp-json\/wp\/v2\/media?parent=6727369"}],"wp:term":[{"taxonomy":"product_brand","embeddable":true,"href":"https:\/\/www.dramfolks-whisky-auction.com\/en\/wp-json\/wp\/v2\/product_brand?post=6727369"},{"taxonomy":"product_cat","embeddable":true,"href":"https:\/\/www.dramfolks-whisky-auction.com\/en\/wp-json\/wp\/v2\/product_cat?post=6727369"},{"taxonomy":"product_tag","embeddable":true,"href":"https:\/\/www.dramfolks-whisky-auction.com\/en\/wp-json\/wp\/v2\/product_tag?post=6727369"}],"curies":[{"name":"wp","href":"https:\/\/api.w.org\/{rel}","templated":true}]}}