{"id":6727363,"date":"2025-12-20T06:56:04","date_gmt":"2025-12-20T05:56:04","guid":{"rendered":"https:\/\/www.dramfolks-whisky-auction.com\/?post_type=product&#038;p=6727363"},"modified":"2026-01-04T19:30:03","modified_gmt":"2026-01-04T18:30:03","slug":"arran-distillery-machrie-moor-the-peated-arran-malt-fifth-edition-11","status":"publish","type":"product","link":"https:\/\/www.dramfolks-whisky-auction.com\/en\/product\/arran-distillery-machrie-moor-the-peated-arran-malt-fifth-edition-11\/","title":{"rendered":"Arran Distillery &#8211; Machrie Moor The Peated Arran Malt \/ Fifth Edition"},"content":{"rendered":"<p><strong>Destille: Arran Distillery<br \/>\n<\/strong>Bei Arran handelt es sich um eine noch sehr junge Whisky Destillerie. Sie wurde erst im Jahr 1991 erbaut und der erste Whisky wurde im Jahr 1995 dort destilliert. Die Brennerei liegt bei Lochranza auf der Isle of Arran in der Region der schottischen Highlands und ist dort seit \u00fcber 150 Jahren wieder die erste Destillerie, die dort Whisky herstellt. In der N\u00e4he liegt Loch na Davie, ein kleiner See, wo das Wasser f\u00fcr diesen hochwertigen Whisky entnommen wird. Gegr\u00fcndet wurde die Destillerie von Harold J. Currie, der auch derzeit die Geschicke der Brennerei sehr erfolgreich leitet. Arran bietet eine sehr feine Auswahl an Single Malt Whiskys, teilweise auch als Single Cask Abf\u00fcllungen. Die j\u00e4hrliche Produktion bel\u00e4uft sich auf ca. 1,2 Millionen Liter.<\/p>\n<p><strong>Fun fact: <\/strong>Die offizielle Er\u00f6ffnung fand im Jahre 1997 durch K\u00f6nigin Elisabeth II. statt. Im Jahre 1998 wurde das erste Fass Arran Single Malt durch den schottischen Filmstar Ewan McGregor ge\u00f6ffnet.<\/p>\n<p><strong>Whisky\/Whiskey: Machrie Moor The Peated Arran Malt \/ Fifth Edition<br \/>\n<\/strong>Machrie Moor &#8211; The Peated Arran Malt, in der 5.Ausgabe verwendet nur getorftes Arran-Malz und ist eine limitierte Edition von 12.000 Flaschen weltweit.<br \/>\nKommentar von Master Distiller James MacTaggart: &#8220;Als wir Machrie Moor zum ersten Mal kreierten, wollten wir einen Drink auf den Markt bringen, der den Charakter und Geschmack von Arran beibeh\u00e4lt und den unsere Follower lieben. Aber im Geschmack mit einem anderen Torf. Wir waren hin und weg von die Resonanz, die unsere erste Ausgabe von Machrie Moor erhalten hat und die uns inspiriert hat, um die folgenden Editionen zu produzieren.&#8221;<br \/>\nMachrie Moor \u2013 The Peated Arran Malt \u2013 hat ein Hauch von Vanille, frischer Ananas und Zitrusfr\u00fcchte, mit einem extra Punch Torf-Rauch im Abgang.<\/p>\n<p><strong>Info Qualit\u00e4t der Flasche:<\/strong> Exzellent &#8211; ohne Besch\u00e4digungen \/ <strong>F\u00fcllstand:<\/strong> Into neck<br \/>\n<strong>Info Qualit\u00e4t der Box:\u00a0<\/strong>Exzellent &#8211; ohne Besch\u00e4digungen<\/p>\n<p><strong>Wichtiger Hinweis:<\/strong> Die Bewertung der Flaschen und Boxen erfolgt nach \u201ebesten Wissen und Gewissen\u201c. dramfolks kann keine Gew\u00e4hrleistung f\u00fcr den Inhalt der Flaschen \u00fcbernehmen. Weitere Infos &amp; Hinweise finden Sie in unseren AGBs. Wir empfehlen Ihnen, vor der Abgabe von Geboten \u00fcber die Zoomfunktion eine Besichtigung \/ genaue Pr\u00fcfung des angebotenen Whiskys vorzunehmen. Bitte kontaktieren sie uns bei Fragen direkt unter info@dramfolks.com<\/p>\n","protected":false},"excerpt":{"rendered":"<p>Destille: Arran Distillery Bei Arran handelt es sich um eine noch sehr junge Whisky Destillerie. Sie wurde erst im Jahr 1991 erbaut und der erste Whisky wurde im Jahr 1995 dort destilliert. Die Brennerei liegt bei Lochranza auf der Isle of Arran in der Region der schottischen Highlands und ist dort seit \u00fcber 150 Jahren[&#8230;]\n","protected":false},"featured_media":536392,"comment_status":"closed","ping_status":"closed","template":"","meta":[],"product_brand":[],"product_cat":[1282],"product_tag":[],"class_list":{"0":"post-6727363","1":"product","2":"type-product","3":"status-publish","4":"has-post-thumbnail","6":"product_cat-no-22","8":"first","9":"instock","10":"shipping-taxable","11":"purchasable","12":"product-type-auction"},"yoast_head":"<!-- This site is optimized with the Yoast SEO plugin v27.0 - https:\/\/yoast.com\/product\/yoast-seo-wordpress\/ -->\n<title>Arran Distillery - Machrie Moor The Peated Arran Malt \/ Fifth Edition - Dramfolks Whisky Auction<\/title>\n<meta name=\"robots\" content=\"index, follow, max-snippet:-1, max-image-preview:large, max-video-preview:-1\" \/>\n<link rel=\"canonical\" href=\"https:\/\/www.dramfolks-whisky-auction.com\/en\/product\/arran-distillery-machrie-moor-the-peated-arran-malt-fifth-edition-11\/\" \/>\n<meta property=\"og:locale\" content=\"en_US\" \/>\n<meta property=\"og:type\" content=\"article\" \/>\n<meta property=\"og:title\" content=\"Arran Distillery - Machrie Moor The Peated Arran Malt \/ Fifth Edition - Dramfolks Whisky Auction\" \/>\n<meta property=\"og:description\" content=\"Destille: Arran Distillery Bei Arran handelt es sich um eine noch sehr junge Whisky Destillerie. Sie wurde erst im Jahr 1991 erbaut und der erste Whisky wurde im Jahr 1995 dort destilliert. Die Brennerei liegt bei Lochranza auf der Isle of Arran in der Region der schottischen Highlands und ist dort seit \u00fcber 150 Jahren[...]\" \/>\n<meta property=\"og:url\" content=\"https:\/\/www.dramfolks-whisky-auction.com\/en\/product\/arran-distillery-machrie-moor-the-peated-arran-malt-fifth-edition-11\/\" \/>\n<meta property=\"og:site_name\" content=\"Dramfolks Whisky Auction\" \/>\n<meta property=\"article:modified_time\" content=\"2026-01-04T18:30:03+00:00\" \/>\n<meta property=\"og:image\" content=\"https:\/\/www.dramfolks-whisky-auction.com\/wp-content\/uploads\/2024\/09\/Machrie-Moor-vorne-scaled.jpg\" \/>\n\t<meta property=\"og:image:width\" content=\"2560\" \/>\n\t<meta property=\"og:image:height\" content=\"2560\" \/>\n\t<meta property=\"og:image:type\" content=\"image\/jpeg\" \/>\n<meta name=\"twitter:card\" content=\"summary_large_image\" \/>\n<meta name=\"twitter:label1\" content=\"Est. reading time\" \/>\n\t<meta name=\"twitter:data1\" content=\"3 minutes\" \/>\n<script type=\"application\/ld+json\" class=\"yoast-schema-graph\">{\"@context\":\"https:\/\/schema.org\",\"@graph\":[{\"@type\":\"WebPage\",\"@id\":\"https:\/\/www.dramfolks-whisky-auction.com\/en\/product\/arran-distillery-machrie-moor-the-peated-arran-malt-fifth-edition-11\/\",\"url\":\"https:\/\/www.dramfolks-whisky-auction.com\/en\/product\/arran-distillery-machrie-moor-the-peated-arran-malt-fifth-edition-11\/\",\"name\":\"Arran Distillery - Machrie Moor The Peated Arran Malt \/ Fifth Edition - Dramfolks Whisky Auction\",\"isPartOf\":{\"@id\":\"https:\/\/www.dramfolks-whisky-auction.com\/en\/#website\"},\"primaryImageOfPage\":{\"@id\":\"https:\/\/www.dramfolks-whisky-auction.com\/en\/product\/arran-distillery-machrie-moor-the-peated-arran-malt-fifth-edition-11\/#primaryimage\"},\"image\":{\"@id\":\"https:\/\/www.dramfolks-whisky-auction.com\/en\/product\/arran-distillery-machrie-moor-the-peated-arran-malt-fifth-edition-11\/#primaryimage\"},\"thumbnailUrl\":\"https:\/\/www.dramfolks-whisky-auction.com\/wp-content\/uploads\/2024\/09\/Machrie-Moor-vorne-scaled.jpg\",\"datePublished\":\"2025-12-20T05:56:04+00:00\",\"dateModified\":\"2026-01-04T18:30:03+00:00\",\"breadcrumb\":{\"@id\":\"https:\/\/www.dramfolks-whisky-auction.com\/en\/product\/arran-distillery-machrie-moor-the-peated-arran-malt-fifth-edition-11\/#breadcrumb\"},\"inLanguage\":\"en-US\",\"potentialAction\":[{\"@type\":\"ReadAction\",\"target\":[\"https:\/\/www.dramfolks-whisky-auction.com\/en\/product\/arran-distillery-machrie-moor-the-peated-arran-malt-fifth-edition-11\/\"]}]},{\"@type\":\"ImageObject\",\"inLanguage\":\"en-US\",\"@id\":\"https:\/\/www.dramfolks-whisky-auction.com\/en\/product\/arran-distillery-machrie-moor-the-peated-arran-malt-fifth-edition-11\/#primaryimage\",\"url\":\"https:\/\/www.dramfolks-whisky-auction.com\/wp-content\/uploads\/2024\/09\/Machrie-Moor-vorne-scaled.jpg\",\"contentUrl\":\"https:\/\/www.dramfolks-whisky-auction.com\/wp-content\/uploads\/2024\/09\/Machrie-Moor-vorne-scaled.jpg\",\"width\":2560,\"height\":2560},{\"@type\":\"BreadcrumbList\",\"@id\":\"https:\/\/www.dramfolks-whisky-auction.com\/en\/product\/arran-distillery-machrie-moor-the-peated-arran-malt-fifth-edition-11\/#breadcrumb\",\"itemListElement\":[{\"@type\":\"ListItem\",\"position\":1,\"name\":\"Startseite\",\"item\":\"https:\/\/www.dramfolks-whisky-auction.com\/en\/\"},{\"@type\":\"ListItem\",\"position\":2,\"name\":\"Shop\",\"item\":\"https:\/\/www.dramfolks-whisky-auction.com\/en\/shop\/\"},{\"@type\":\"ListItem\",\"position\":3,\"name\":\"Arran Distillery &#8211; Machrie Moor The Peated Arran Malt \/ Fifth Edition\"}]},{\"@type\":\"WebSite\",\"@id\":\"https:\/\/www.dramfolks-whisky-auction.com\/en\/#website\",\"url\":\"https:\/\/www.dramfolks-whisky-auction.com\/en\/\",\"name\":\"Dramfolks Whisky Auction\",\"description\":\"\",\"potentialAction\":[{\"@type\":\"SearchAction\",\"target\":{\"@type\":\"EntryPoint\",\"urlTemplate\":\"https:\/\/www.dramfolks-whisky-auction.com\/en\/?s={search_term_string}\"},\"query-input\":{\"@type\":\"PropertyValueSpecification\",\"valueRequired\":true,\"valueName\":\"search_term_string\"}}],\"inLanguage\":\"en-US\"}]}<\/script>\n<!-- \/ Yoast SEO plugin. -->","yoast_head_json":{"title":"Arran Distillery - Machrie Moor The Peated Arran Malt \/ Fifth Edition - Dramfolks Whisky Auction","robots":{"index":"index","follow":"follow","max-snippet":"max-snippet:-1","max-image-preview":"max-image-preview:large","max-video-preview":"max-video-preview:-1"},"canonical":"https:\/\/www.dramfolks-whisky-auction.com\/en\/product\/arran-distillery-machrie-moor-the-peated-arran-malt-fifth-edition-11\/","og_locale":"en_US","og_type":"article","og_title":"Arran Distillery - Machrie Moor The Peated Arran Malt \/ Fifth Edition - Dramfolks Whisky Auction","og_description":"Destille: Arran Distillery Bei Arran handelt es sich um eine noch sehr junge Whisky Destillerie. Sie wurde erst im Jahr 1991 erbaut und der erste Whisky wurde im Jahr 1995 dort destilliert. Die Brennerei liegt bei Lochranza auf der Isle of Arran in der Region der schottischen Highlands und ist dort seit \u00fcber 150 Jahren[...]","og_url":"https:\/\/www.dramfolks-whisky-auction.com\/en\/product\/arran-distillery-machrie-moor-the-peated-arran-malt-fifth-edition-11\/","og_site_name":"Dramfolks Whisky Auction","article_modified_time":"2026-01-04T18:30:03+00:00","og_image":[{"width":2560,"height":2560,"url":"https:\/\/www.dramfolks-whisky-auction.com\/wp-content\/uploads\/2024\/09\/Machrie-Moor-vorne-scaled.jpg","type":"image\/jpeg"}],"twitter_card":"summary_large_image","twitter_misc":{"Est. reading time":"3 minutes"},"schema":{"@context":"https:\/\/schema.org","@graph":[{"@type":"WebPage","@id":"https:\/\/www.dramfolks-whisky-auction.com\/en\/product\/arran-distillery-machrie-moor-the-peated-arran-malt-fifth-edition-11\/","url":"https:\/\/www.dramfolks-whisky-auction.com\/en\/product\/arran-distillery-machrie-moor-the-peated-arran-malt-fifth-edition-11\/","name":"Arran Distillery - Machrie Moor The Peated Arran Malt \/ Fifth Edition - Dramfolks Whisky Auction","isPartOf":{"@id":"https:\/\/www.dramfolks-whisky-auction.com\/en\/#website"},"primaryImageOfPage":{"@id":"https:\/\/www.dramfolks-whisky-auction.com\/en\/product\/arran-distillery-machrie-moor-the-peated-arran-malt-fifth-edition-11\/#primaryimage"},"image":{"@id":"https:\/\/www.dramfolks-whisky-auction.com\/en\/product\/arran-distillery-machrie-moor-the-peated-arran-malt-fifth-edition-11\/#primaryimage"},"thumbnailUrl":"https:\/\/www.dramfolks-whisky-auction.com\/wp-content\/uploads\/2024\/09\/Machrie-Moor-vorne-scaled.jpg","datePublished":"2025-12-20T05:56:04+00:00","dateModified":"2026-01-04T18:30:03+00:00","breadcrumb":{"@id":"https:\/\/www.dramfolks-whisky-auction.com\/en\/product\/arran-distillery-machrie-moor-the-peated-arran-malt-fifth-edition-11\/#breadcrumb"},"inLanguage":"en-US","potentialAction":[{"@type":"ReadAction","target":["https:\/\/www.dramfolks-whisky-auction.com\/en\/product\/arran-distillery-machrie-moor-the-peated-arran-malt-fifth-edition-11\/"]}]},{"@type":"ImageObject","inLanguage":"en-US","@id":"https:\/\/www.dramfolks-whisky-auction.com\/en\/product\/arran-distillery-machrie-moor-the-peated-arran-malt-fifth-edition-11\/#primaryimage","url":"https:\/\/www.dramfolks-whisky-auction.com\/wp-content\/uploads\/2024\/09\/Machrie-Moor-vorne-scaled.jpg","contentUrl":"https:\/\/www.dramfolks-whisky-auction.com\/wp-content\/uploads\/2024\/09\/Machrie-Moor-vorne-scaled.jpg","width":2560,"height":2560},{"@type":"BreadcrumbList","@id":"https:\/\/www.dramfolks-whisky-auction.com\/en\/product\/arran-distillery-machrie-moor-the-peated-arran-malt-fifth-edition-11\/#breadcrumb","itemListElement":[{"@type":"ListItem","position":1,"name":"Startseite","item":"https:\/\/www.dramfolks-whisky-auction.com\/en\/"},{"@type":"ListItem","position":2,"name":"Shop","item":"https:\/\/www.dramfolks-whisky-auction.com\/en\/shop\/"},{"@type":"ListItem","position":3,"name":"Arran Distillery &#8211; Machrie Moor The Peated Arran Malt \/ Fifth Edition"}]},{"@type":"WebSite","@id":"https:\/\/www.dramfolks-whisky-auction.com\/en\/#website","url":"https:\/\/www.dramfolks-whisky-auction.com\/en\/","name":"Dramfolks Whisky Auction","description":"","potentialAction":[{"@type":"SearchAction","target":{"@type":"EntryPoint","urlTemplate":"https:\/\/www.dramfolks-whisky-auction.com\/en\/?s={search_term_string}"},"query-input":{"@type":"PropertyValueSpecification","valueRequired":true,"valueName":"search_term_string"}}],"inLanguage":"en-US"}]}},"_links":{"self":[{"href":"https:\/\/www.dramfolks-whisky-auction.com\/en\/wp-json\/wp\/v2\/product\/6727363","targetHints":{"allow":["GET"]}}],"collection":[{"href":"https:\/\/www.dramfolks-whisky-auction.com\/en\/wp-json\/wp\/v2\/product"}],"about":[{"href":"https:\/\/www.dramfolks-whisky-auction.com\/en\/wp-json\/wp\/v2\/types\/product"}],"replies":[{"embeddable":true,"href":"https:\/\/www.dramfolks-whisky-auction.com\/en\/wp-json\/wp\/v2\/comments?post=6727363"}],"wp:featuredmedia":[{"embeddable":true,"href":"https:\/\/www.dramfolks-whisky-auction.com\/en\/wp-json\/wp\/v2\/media\/536392"}],"wp:attachment":[{"href":"https:\/\/www.dramfolks-whisky-auction.com\/en\/wp-json\/wp\/v2\/media?parent=6727363"}],"wp:term":[{"taxonomy":"product_brand","embeddable":true,"href":"https:\/\/www.dramfolks-whisky-auction.com\/en\/wp-json\/wp\/v2\/product_brand?post=6727363"},{"taxonomy":"product_cat","embeddable":true,"href":"https:\/\/www.dramfolks-whisky-auction.com\/en\/wp-json\/wp\/v2\/product_cat?post=6727363"},{"taxonomy":"product_tag","embeddable":true,"href":"https:\/\/www.dramfolks-whisky-auction.com\/en\/wp-json\/wp\/v2\/product_tag?post=6727363"}],"curies":[{"name":"wp","href":"https:\/\/api.w.org\/{rel}","templated":true}]}}