{"id":6727357,"date":"2025-12-20T06:38:07","date_gmt":"2025-12-20T05:38:07","guid":{"rendered":"https:\/\/www.dramfolks-whisky-auction.com\/?post_type=product&#038;p=6727357"},"modified":"2026-02-11T23:58:28","modified_gmt":"2026-02-11T22:58:28","slug":"seven-seals-age-of-pisces-6","status":"publish","type":"product","link":"https:\/\/www.dramfolks-whisky-auction.com\/en\/product\/seven-seals-age-of-pisces-6\/","title":{"rendered":"Seven Seals &#8211; Age of Pisces"},"content":{"rendered":"<p><strong>Destille: Seven Seals<br \/>\n<\/strong>Die Destillerie, die hinter der Marke steht, ist in der Schweiz, in Stans im Kanton Nidwalden, angesiedelt und wird von Dolf Stockhausen geleitet, einem Veteranen der Branche, der urspr\u00fcnglich aus Deutschland stammt, in \u00d6sterreich lebte und seit 2011 in der Schweiz ans\u00e4ssig ist. Ihre Abf\u00fcllungen &#8221; Seven Seals&#8221; werden in der Brennerei Langatun gebrannt und anschlie\u00dfend in einem speziellen Reifeverfahren gelagert. Seven Seals Innovation AG, das Unternehmen hinter Seven Seals Whisky, ist k\u00fcrzlich eine Partnerschaft mit Dunrobin Distilleries eingegangen, um die Produktion und Innovation bei Spirituosen weiter voranzutreiben und in neue M\u00e4rkte zu expandieren. Diese Expansion (u.a. auch nach Canada) und ihr einzigartiger Ansatz in der Whiskyherstellung machen Seven Seals zu einem wichtigen Akteur in der Branche, der es wert ist, beobachtet zu werden.<\/p>\n<p><strong>Fun Fakt:<\/strong> Seven Seals ist f\u00fcr seine innovative Herangehensweise an die Whiskyproduktion bekannt &#8211; sie geht neue Wege und versucht den Fassnotstand in der Whiskyindustrie auf anderem Wege l\u00f6sen. Die Destillerie hat ein spezielles Verfahren (die Stockhausen Methode) entwickelt, das sich durch den Leitspruch &#8220;Es kommt nicht auf die Zeit an, sondern auf den Geschmack&#8221; auszeichnet. Dieses Verfahren erm\u00f6glicht es, die Reifezeit des Whiskys zu verk\u00fcrzen, ohne dabei die Qualit\u00e4t zu beeintr\u00e4chtigen. Wie genau dies geschieht ist ein geheimes Patent!<\/p>\n<p><strong>Whisky\/Whiskey: Age of Pisces<br \/>\n<\/strong>Der neue Age of Pisces ist Teil der Sternzeichen-Serie (Zodiac Line) von Seven Seals, deren Whiskys die Charaktereigenschaften der jeweiligen Sternbilder des Tierkreises abbilden sollen. Pisces ist der englische Begriff f\u00fcr das Tierkreiszeichen der &#8220;Fische&#8221;, wie unschwer an den beiden Fischen auf dem Etikett zu erkennen ist. In Oloroso Sherry F\u00e4ssern gereift ist die Abf\u00fcllung auf 365 Flaschen in den verschiedenen Batches limitiert. Der Whisky hat eine angenehme S\u00fc\u00dfe und eine leichte Rauchnote.<\/p>\n<p><strong>Info Qualit\u00e4t der Flasche:<\/strong> Exzellent ohne Besch\u00e4digungen \/ <strong>F\u00fcllstand:<\/strong> Top shoulder<br \/>\n<strong>Info Qualit\u00e4t der Box: <\/strong>Exzellent ohne Besch\u00e4digungen<\/p>\n<p><strong>Wichtiger Hinweis:<\/strong> Die Bewertung der Flaschen und Boxen erfolgt nach \u201ebesten Wissen und Gewissen\u201c. dramfolks kann keine Gew\u00e4hrleistung f\u00fcr den Inhalt der Flaschen \u00fcbernehmen. Weitere Infos &amp; Hinweise finden Sie in unseren AGBs. Wir empfehlen Ihnen, vor der Abgabe von Geboten \u00fcber die Zoomfunktion eine Besichtigung \/ genaue Pr\u00fcfung des angebotenen Whiskys vorzunehmen. Bitte kontaktieren sie uns bei Fragen direkt unter info@dramfolks.com<\/p>\n","protected":false},"excerpt":{"rendered":"<p>Destille: Seven Seals Die Destillerie, die hinter der Marke steht, ist in der Schweiz, in Stans im Kanton Nidwalden, angesiedelt und wird von Dolf Stockhausen geleitet, einem Veteranen der Branche, der urspr\u00fcnglich aus Deutschland stammt, in \u00d6sterreich lebte und seit 2011 in der Schweiz ans\u00e4ssig ist. Ihre Abf\u00fcllungen &#8221; Seven Seals&#8221; werden in der Brennerei[&#8230;]\n","protected":false},"featured_media":3688780,"comment_status":"closed","ping_status":"closed","template":"","meta":[],"product_brand":[],"product_cat":[1282],"product_tag":[],"class_list":{"0":"post-6727357","1":"product","2":"type-product","3":"status-publish","4":"has-post-thumbnail","6":"product_cat-no-22","8":"first","9":"instock","10":"shipping-taxable","11":"purchasable","12":"product-type-auction"},"yoast_head":"<!-- This site is optimized with the Yoast SEO plugin v27.0 - https:\/\/yoast.com\/product\/yoast-seo-wordpress\/ -->\n<title>Seven Seals - Age of Pisces - Dramfolks Whisky Auction<\/title>\n<meta name=\"robots\" content=\"index, follow, max-snippet:-1, max-image-preview:large, max-video-preview:-1\" \/>\n<link rel=\"canonical\" href=\"https:\/\/www.dramfolks-whisky-auction.com\/en\/product\/seven-seals-age-of-pisces-6\/\" \/>\n<meta property=\"og:locale\" content=\"en_US\" \/>\n<meta property=\"og:type\" content=\"article\" \/>\n<meta property=\"og:title\" content=\"Seven Seals - Age of Pisces - Dramfolks Whisky Auction\" \/>\n<meta property=\"og:description\" content=\"Destille: Seven Seals Die Destillerie, die hinter der Marke steht, ist in der Schweiz, in Stans im Kanton Nidwalden, angesiedelt und wird von Dolf Stockhausen geleitet, einem Veteranen der Branche, der urspr\u00fcnglich aus Deutschland stammt, in \u00d6sterreich lebte und seit 2011 in der Schweiz ans\u00e4ssig ist. Ihre Abf\u00fcllungen &#8221; Seven Seals&#8221; werden in der Brennerei[...]\" \/>\n<meta property=\"og:url\" content=\"https:\/\/www.dramfolks-whisky-auction.com\/en\/product\/seven-seals-age-of-pisces-6\/\" \/>\n<meta property=\"og:site_name\" content=\"Dramfolks Whisky Auction\" \/>\n<meta property=\"article:modified_time\" content=\"2026-02-11T22:58:28+00:00\" \/>\n<meta property=\"og:image\" content=\"https:\/\/www.dramfolks-whisky-auction.com\/wp-content\/uploads\/2025\/06\/Seven-Seas-vorne-scaled.jpg\" \/>\n\t<meta property=\"og:image:width\" content=\"2560\" \/>\n\t<meta property=\"og:image:height\" content=\"2560\" \/>\n\t<meta property=\"og:image:type\" content=\"image\/jpeg\" \/>\n<meta name=\"twitter:card\" content=\"summary_large_image\" \/>\n<meta name=\"twitter:label1\" content=\"Est. reading time\" \/>\n\t<meta name=\"twitter:data1\" content=\"3 minutes\" \/>\n<script type=\"application\/ld+json\" class=\"yoast-schema-graph\">{\"@context\":\"https:\/\/schema.org\",\"@graph\":[{\"@type\":\"WebPage\",\"@id\":\"https:\/\/www.dramfolks-whisky-auction.com\/en\/product\/seven-seals-age-of-pisces-6\/\",\"url\":\"https:\/\/www.dramfolks-whisky-auction.com\/en\/product\/seven-seals-age-of-pisces-6\/\",\"name\":\"Seven Seals - Age of Pisces - Dramfolks Whisky Auction\",\"isPartOf\":{\"@id\":\"https:\/\/www.dramfolks-whisky-auction.com\/en\/#website\"},\"primaryImageOfPage\":{\"@id\":\"https:\/\/www.dramfolks-whisky-auction.com\/en\/product\/seven-seals-age-of-pisces-6\/#primaryimage\"},\"image\":{\"@id\":\"https:\/\/www.dramfolks-whisky-auction.com\/en\/product\/seven-seals-age-of-pisces-6\/#primaryimage\"},\"thumbnailUrl\":\"https:\/\/www.dramfolks-whisky-auction.com\/wp-content\/uploads\/2025\/06\/Seven-Seas-vorne-scaled.jpg\",\"datePublished\":\"2025-12-20T05:38:07+00:00\",\"dateModified\":\"2026-02-11T22:58:28+00:00\",\"breadcrumb\":{\"@id\":\"https:\/\/www.dramfolks-whisky-auction.com\/en\/product\/seven-seals-age-of-pisces-6\/#breadcrumb\"},\"inLanguage\":\"en-US\",\"potentialAction\":[{\"@type\":\"ReadAction\",\"target\":[\"https:\/\/www.dramfolks-whisky-auction.com\/en\/product\/seven-seals-age-of-pisces-6\/\"]}]},{\"@type\":\"ImageObject\",\"inLanguage\":\"en-US\",\"@id\":\"https:\/\/www.dramfolks-whisky-auction.com\/en\/product\/seven-seals-age-of-pisces-6\/#primaryimage\",\"url\":\"https:\/\/www.dramfolks-whisky-auction.com\/wp-content\/uploads\/2025\/06\/Seven-Seas-vorne-scaled.jpg\",\"contentUrl\":\"https:\/\/www.dramfolks-whisky-auction.com\/wp-content\/uploads\/2025\/06\/Seven-Seas-vorne-scaled.jpg\",\"width\":2560,\"height\":2560},{\"@type\":\"BreadcrumbList\",\"@id\":\"https:\/\/www.dramfolks-whisky-auction.com\/en\/product\/seven-seals-age-of-pisces-6\/#breadcrumb\",\"itemListElement\":[{\"@type\":\"ListItem\",\"position\":1,\"name\":\"Startseite\",\"item\":\"https:\/\/www.dramfolks-whisky-auction.com\/en\/\"},{\"@type\":\"ListItem\",\"position\":2,\"name\":\"Shop\",\"item\":\"https:\/\/www.dramfolks-whisky-auction.com\/en\/shop\/\"},{\"@type\":\"ListItem\",\"position\":3,\"name\":\"Seven Seals &#8211; Age of Pisces\"}]},{\"@type\":\"WebSite\",\"@id\":\"https:\/\/www.dramfolks-whisky-auction.com\/en\/#website\",\"url\":\"https:\/\/www.dramfolks-whisky-auction.com\/en\/\",\"name\":\"Dramfolks Whisky Auction\",\"description\":\"\",\"potentialAction\":[{\"@type\":\"SearchAction\",\"target\":{\"@type\":\"EntryPoint\",\"urlTemplate\":\"https:\/\/www.dramfolks-whisky-auction.com\/en\/?s={search_term_string}\"},\"query-input\":{\"@type\":\"PropertyValueSpecification\",\"valueRequired\":true,\"valueName\":\"search_term_string\"}}],\"inLanguage\":\"en-US\"}]}<\/script>\n<!-- \/ Yoast SEO plugin. -->","yoast_head_json":{"title":"Seven Seals - Age of Pisces - Dramfolks Whisky Auction","robots":{"index":"index","follow":"follow","max-snippet":"max-snippet:-1","max-image-preview":"max-image-preview:large","max-video-preview":"max-video-preview:-1"},"canonical":"https:\/\/www.dramfolks-whisky-auction.com\/en\/product\/seven-seals-age-of-pisces-6\/","og_locale":"en_US","og_type":"article","og_title":"Seven Seals - Age of Pisces - Dramfolks Whisky Auction","og_description":"Destille: Seven Seals Die Destillerie, die hinter der Marke steht, ist in der Schweiz, in Stans im Kanton Nidwalden, angesiedelt und wird von Dolf Stockhausen geleitet, einem Veteranen der Branche, der urspr\u00fcnglich aus Deutschland stammt, in \u00d6sterreich lebte und seit 2011 in der Schweiz ans\u00e4ssig ist. Ihre Abf\u00fcllungen &#8221; Seven Seals&#8221; werden in der Brennerei[...]","og_url":"https:\/\/www.dramfolks-whisky-auction.com\/en\/product\/seven-seals-age-of-pisces-6\/","og_site_name":"Dramfolks Whisky Auction","article_modified_time":"2026-02-11T22:58:28+00:00","og_image":[{"width":2560,"height":2560,"url":"https:\/\/www.dramfolks-whisky-auction.com\/wp-content\/uploads\/2025\/06\/Seven-Seas-vorne-scaled.jpg","type":"image\/jpeg"}],"twitter_card":"summary_large_image","twitter_misc":{"Est. reading time":"3 minutes"},"schema":{"@context":"https:\/\/schema.org","@graph":[{"@type":"WebPage","@id":"https:\/\/www.dramfolks-whisky-auction.com\/en\/product\/seven-seals-age-of-pisces-6\/","url":"https:\/\/www.dramfolks-whisky-auction.com\/en\/product\/seven-seals-age-of-pisces-6\/","name":"Seven Seals - Age of Pisces - Dramfolks Whisky Auction","isPartOf":{"@id":"https:\/\/www.dramfolks-whisky-auction.com\/en\/#website"},"primaryImageOfPage":{"@id":"https:\/\/www.dramfolks-whisky-auction.com\/en\/product\/seven-seals-age-of-pisces-6\/#primaryimage"},"image":{"@id":"https:\/\/www.dramfolks-whisky-auction.com\/en\/product\/seven-seals-age-of-pisces-6\/#primaryimage"},"thumbnailUrl":"https:\/\/www.dramfolks-whisky-auction.com\/wp-content\/uploads\/2025\/06\/Seven-Seas-vorne-scaled.jpg","datePublished":"2025-12-20T05:38:07+00:00","dateModified":"2026-02-11T22:58:28+00:00","breadcrumb":{"@id":"https:\/\/www.dramfolks-whisky-auction.com\/en\/product\/seven-seals-age-of-pisces-6\/#breadcrumb"},"inLanguage":"en-US","potentialAction":[{"@type":"ReadAction","target":["https:\/\/www.dramfolks-whisky-auction.com\/en\/product\/seven-seals-age-of-pisces-6\/"]}]},{"@type":"ImageObject","inLanguage":"en-US","@id":"https:\/\/www.dramfolks-whisky-auction.com\/en\/product\/seven-seals-age-of-pisces-6\/#primaryimage","url":"https:\/\/www.dramfolks-whisky-auction.com\/wp-content\/uploads\/2025\/06\/Seven-Seas-vorne-scaled.jpg","contentUrl":"https:\/\/www.dramfolks-whisky-auction.com\/wp-content\/uploads\/2025\/06\/Seven-Seas-vorne-scaled.jpg","width":2560,"height":2560},{"@type":"BreadcrumbList","@id":"https:\/\/www.dramfolks-whisky-auction.com\/en\/product\/seven-seals-age-of-pisces-6\/#breadcrumb","itemListElement":[{"@type":"ListItem","position":1,"name":"Startseite","item":"https:\/\/www.dramfolks-whisky-auction.com\/en\/"},{"@type":"ListItem","position":2,"name":"Shop","item":"https:\/\/www.dramfolks-whisky-auction.com\/en\/shop\/"},{"@type":"ListItem","position":3,"name":"Seven Seals &#8211; Age of Pisces"}]},{"@type":"WebSite","@id":"https:\/\/www.dramfolks-whisky-auction.com\/en\/#website","url":"https:\/\/www.dramfolks-whisky-auction.com\/en\/","name":"Dramfolks Whisky Auction","description":"","potentialAction":[{"@type":"SearchAction","target":{"@type":"EntryPoint","urlTemplate":"https:\/\/www.dramfolks-whisky-auction.com\/en\/?s={search_term_string}"},"query-input":{"@type":"PropertyValueSpecification","valueRequired":true,"valueName":"search_term_string"}}],"inLanguage":"en-US"}]}},"_links":{"self":[{"href":"https:\/\/www.dramfolks-whisky-auction.com\/en\/wp-json\/wp\/v2\/product\/6727357","targetHints":{"allow":["GET"]}}],"collection":[{"href":"https:\/\/www.dramfolks-whisky-auction.com\/en\/wp-json\/wp\/v2\/product"}],"about":[{"href":"https:\/\/www.dramfolks-whisky-auction.com\/en\/wp-json\/wp\/v2\/types\/product"}],"replies":[{"embeddable":true,"href":"https:\/\/www.dramfolks-whisky-auction.com\/en\/wp-json\/wp\/v2\/comments?post=6727357"}],"wp:featuredmedia":[{"embeddable":true,"href":"https:\/\/www.dramfolks-whisky-auction.com\/en\/wp-json\/wp\/v2\/media\/3688780"}],"wp:attachment":[{"href":"https:\/\/www.dramfolks-whisky-auction.com\/en\/wp-json\/wp\/v2\/media?parent=6727357"}],"wp:term":[{"taxonomy":"product_brand","embeddable":true,"href":"https:\/\/www.dramfolks-whisky-auction.com\/en\/wp-json\/wp\/v2\/product_brand?post=6727357"},{"taxonomy":"product_cat","embeddable":true,"href":"https:\/\/www.dramfolks-whisky-auction.com\/en\/wp-json\/wp\/v2\/product_cat?post=6727357"},{"taxonomy":"product_tag","embeddable":true,"href":"https:\/\/www.dramfolks-whisky-auction.com\/en\/wp-json\/wp\/v2\/product_tag?post=6727357"}],"curies":[{"name":"wp","href":"https:\/\/api.w.org\/{rel}","templated":true}]}}