{"id":6727346,"date":"2025-12-20T06:23:04","date_gmt":"2025-12-20T05:23:04","guid":{"rendered":"https:\/\/www.dramfolks-whisky-auction.com\/?post_type=product&#038;p=6727346"},"modified":"2026-01-14T20:21:19","modified_gmt":"2026-01-14T19:21:19","slug":"glenlivet-founders-reserve-12","status":"publish","type":"product","link":"https:\/\/www.dramfolks-whisky-auction.com\/en\/product\/glenlivet-founders-reserve-12\/","title":{"rendered":"Glenlivet &#8211; Founder&#8217;s Reserve"},"content":{"rendered":"<p><strong>Destille: Glenlivet<br \/>\n<\/strong>Die Glenlivet Distillery ist eine Destillerie in der N\u00e4he von Ballindalloch in Moray, Schottland. Es ist die \u00e4lteste legale Destillerie in ganz Schottland. Sie wurde 1824 gegr\u00fcndet und ist seitdem fast ununterbrochen in Betrieb. Die Destillerie blieb w\u00e4hrend der Weltwirtschaftskrise ge\u00f6ffnet und wurde erst w\u00e4hrend des Zweiten Weltkriegs geschlossen. Die Glenlivet Destillerie hat sich in der Nachkriegszeit zu einer der gr\u00f6\u00dften Single Malt Destillerien entwickelt. Die Marke Glenlivet ist der meistverkaufte Single Malt Whisky in den Vereinigten Staaten und die zweitmeistverkaufte Single Malt Marke weltweit &#8211; nach Glenfiddich. Heute ist die Destillerie im Besitz der Tochtergesellschaft Chivas Brothers des franz\u00f6sischen Alkoholherstellers Pernod Ricard. J\u00e4hrliche Produktionskapazit\u00e4t: ca. 10,5 Mio. Liter.<\/p>\n<p><strong>Fun fact:<\/strong> Die Whiskywelt ist sich nicht ganz einig&#8230; Obwohl The Glenlivet weithin als die \u00e4lteste noch in Betrieb befindliche Destillerie Schottlands gilt, ist sie es (wahrscheinlich) doch nicht. Diese Ehre geb\u00fchrt Strathisla, w\u00e4hrend Glen Garioch noch \u00e4lter sein k\u00f6nnte. Glenlivet war jedoch eines der ersten Destillerien, welches eine der neuen Lizenzen erwarb, die nach der Verabschiedung des Excise Act von 1823 ausgestellt wurden (gilt als Ausgangspunkt der modernen schottischen Whiskyindustrie).<\/p>\n<p><strong>Whisky\/Whiskey: Founder&#8217;s Reserve<\/strong><br \/>\nDer neue Glenlivet Founders Reserve 1824 erweitert das umfangreiche The Glenlivet Sortiment um einen zeitlosen und milden Single Malt Whisky. Er ersetzt seit 2015 den \u00e4u\u00dferst erfolgreichen Glenlivet 12 Jahre Scotch Whisky, den die in der Speyside Region beheimatete Destillerie nicht mehr abf\u00fcllt. Sein sehr fruchtiger Geschmack erscheint sehr mild und angenehm am Gaumen und macht diesen Single Malt zu einem \u00e4u\u00dfert gelungenen, neuen Malt Whisky. Von den F\u00e4ssern, die zu seiner Reifung verwendet wurden, ist bekannt, dass ein sehr hoher Anteil davon amerikanische Ex-Bourbonf\u00e4sser, First-Fill F\u00e4sser, waren.<\/p>\n<p><strong>Info Qualit\u00e4t der Flasche:<\/strong> Exzellent &#8211; ohne Besch\u00e4digungen \/ <strong>F\u00fcllstand:<\/strong> High fill<br \/>\n<strong>Info Qualit\u00e4t der Box:<\/strong> Exzellent &#8211; ohne Besch\u00e4digungen<\/p>\n<p><strong>Wichtiger Hinweis:<\/strong> Die Bewertung der Flaschen und Boxen erfolgt nach \u201ebesten Wissen und Gewissen\u201c. dramfolks kann keine Gew\u00e4hrleistung f\u00fcr den Inhalt der Flaschen \u00fcbernehmen. Weitere Infos &amp; Hinweise finden Sie in unseren AGBs. Wir empfehlen Ihnen, vor der Abgabe von Geboten \u00fcber die Zoomfunktion eine Besichtigung \/ genaue Pr\u00fcfung des angebotenen Whiskys vorzunehmen. Bitte kontaktieren sie uns bei Fragen direkt unter info@dramfolks.com<\/p>\n","protected":false},"excerpt":{"rendered":"<p>Destille: Glenlivet Die Glenlivet Distillery ist eine Destillerie in der N\u00e4he von Ballindalloch in Moray, Schottland. Es ist die \u00e4lteste legale Destillerie in ganz Schottland. Sie wurde 1824 gegr\u00fcndet und ist seitdem fast ununterbrochen in Betrieb. Die Destillerie blieb w\u00e4hrend der Weltwirtschaftskrise ge\u00f6ffnet und wurde erst w\u00e4hrend des Zweiten Weltkriegs geschlossen. Die Glenlivet Destillerie hat[&#8230;]\n","protected":false},"featured_media":170874,"comment_status":"closed","ping_status":"closed","template":"","meta":[],"product_brand":[],"product_cat":[1282],"product_tag":[],"class_list":{"0":"post-6727346","1":"product","2":"type-product","3":"status-publish","4":"has-post-thumbnail","6":"product_cat-no-22","8":"first","9":"instock","10":"shipping-taxable","11":"purchasable","12":"product-type-auction"},"yoast_head":"<!-- This site is optimized with the Yoast SEO plugin v27.0 - https:\/\/yoast.com\/product\/yoast-seo-wordpress\/ -->\n<title>Glenlivet - Founder&#039;s Reserve - Dramfolks Whisky Auction<\/title>\n<meta name=\"robots\" content=\"index, follow, max-snippet:-1, max-image-preview:large, max-video-preview:-1\" \/>\n<link rel=\"canonical\" href=\"https:\/\/www.dramfolks-whisky-auction.com\/en\/product\/glenlivet-founders-reserve-12\/\" \/>\n<meta property=\"og:locale\" content=\"en_US\" \/>\n<meta property=\"og:type\" content=\"article\" \/>\n<meta property=\"og:title\" content=\"Glenlivet - Founder&#039;s Reserve - Dramfolks Whisky Auction\" \/>\n<meta property=\"og:description\" content=\"Destille: Glenlivet Die Glenlivet Distillery ist eine Destillerie in der N\u00e4he von Ballindalloch in Moray, Schottland. Es ist die \u00e4lteste legale Destillerie in ganz Schottland. Sie wurde 1824 gegr\u00fcndet und ist seitdem fast ununterbrochen in Betrieb. Die Destillerie blieb w\u00e4hrend der Weltwirtschaftskrise ge\u00f6ffnet und wurde erst w\u00e4hrend des Zweiten Weltkriegs geschlossen. Die Glenlivet Destillerie hat[...]\" \/>\n<meta property=\"og:url\" content=\"https:\/\/www.dramfolks-whisky-auction.com\/en\/product\/glenlivet-founders-reserve-12\/\" \/>\n<meta property=\"og:site_name\" content=\"Dramfolks Whisky Auction\" \/>\n<meta property=\"article:modified_time\" content=\"2026-01-14T19:21:19+00:00\" \/>\n<meta property=\"og:image\" content=\"https:\/\/www.dramfolks-whisky-auction.com\/wp-content\/uploads\/2024\/08\/Glenlivet-Founders-Reserve-vorne-scaled.jpg\" \/>\n\t<meta property=\"og:image:width\" content=\"2560\" \/>\n\t<meta property=\"og:image:height\" content=\"2560\" \/>\n\t<meta property=\"og:image:type\" content=\"image\/jpeg\" \/>\n<meta name=\"twitter:card\" content=\"summary_large_image\" \/>\n<meta name=\"twitter:label1\" content=\"Est. reading time\" \/>\n\t<meta name=\"twitter:data1\" content=\"3 minutes\" \/>\n<script type=\"application\/ld+json\" class=\"yoast-schema-graph\">{\"@context\":\"https:\/\/schema.org\",\"@graph\":[{\"@type\":\"WebPage\",\"@id\":\"https:\/\/www.dramfolks-whisky-auction.com\/en\/product\/glenlivet-founders-reserve-12\/\",\"url\":\"https:\/\/www.dramfolks-whisky-auction.com\/en\/product\/glenlivet-founders-reserve-12\/\",\"name\":\"Glenlivet - Founder's Reserve - Dramfolks Whisky Auction\",\"isPartOf\":{\"@id\":\"https:\/\/www.dramfolks-whisky-auction.com\/en\/#website\"},\"primaryImageOfPage\":{\"@id\":\"https:\/\/www.dramfolks-whisky-auction.com\/en\/product\/glenlivet-founders-reserve-12\/#primaryimage\"},\"image\":{\"@id\":\"https:\/\/www.dramfolks-whisky-auction.com\/en\/product\/glenlivet-founders-reserve-12\/#primaryimage\"},\"thumbnailUrl\":\"https:\/\/www.dramfolks-whisky-auction.com\/wp-content\/uploads\/2024\/08\/Glenlivet-Founders-Reserve-vorne-scaled.jpg\",\"datePublished\":\"2025-12-20T05:23:04+00:00\",\"dateModified\":\"2026-01-14T19:21:19+00:00\",\"breadcrumb\":{\"@id\":\"https:\/\/www.dramfolks-whisky-auction.com\/en\/product\/glenlivet-founders-reserve-12\/#breadcrumb\"},\"inLanguage\":\"en-US\",\"potentialAction\":[{\"@type\":\"ReadAction\",\"target\":[\"https:\/\/www.dramfolks-whisky-auction.com\/en\/product\/glenlivet-founders-reserve-12\/\"]}]},{\"@type\":\"ImageObject\",\"inLanguage\":\"en-US\",\"@id\":\"https:\/\/www.dramfolks-whisky-auction.com\/en\/product\/glenlivet-founders-reserve-12\/#primaryimage\",\"url\":\"https:\/\/www.dramfolks-whisky-auction.com\/wp-content\/uploads\/2024\/08\/Glenlivet-Founders-Reserve-vorne-scaled.jpg\",\"contentUrl\":\"https:\/\/www.dramfolks-whisky-auction.com\/wp-content\/uploads\/2024\/08\/Glenlivet-Founders-Reserve-vorne-scaled.jpg\",\"width\":2560,\"height\":2560},{\"@type\":\"BreadcrumbList\",\"@id\":\"https:\/\/www.dramfolks-whisky-auction.com\/en\/product\/glenlivet-founders-reserve-12\/#breadcrumb\",\"itemListElement\":[{\"@type\":\"ListItem\",\"position\":1,\"name\":\"Startseite\",\"item\":\"https:\/\/www.dramfolks-whisky-auction.com\/en\/\"},{\"@type\":\"ListItem\",\"position\":2,\"name\":\"Shop\",\"item\":\"https:\/\/www.dramfolks-whisky-auction.com\/en\/shop\/\"},{\"@type\":\"ListItem\",\"position\":3,\"name\":\"Glenlivet &#8211; Founder&#8217;s Reserve\"}]},{\"@type\":\"WebSite\",\"@id\":\"https:\/\/www.dramfolks-whisky-auction.com\/en\/#website\",\"url\":\"https:\/\/www.dramfolks-whisky-auction.com\/en\/\",\"name\":\"Dramfolks Whisky Auction\",\"description\":\"\",\"potentialAction\":[{\"@type\":\"SearchAction\",\"target\":{\"@type\":\"EntryPoint\",\"urlTemplate\":\"https:\/\/www.dramfolks-whisky-auction.com\/en\/?s={search_term_string}\"},\"query-input\":{\"@type\":\"PropertyValueSpecification\",\"valueRequired\":true,\"valueName\":\"search_term_string\"}}],\"inLanguage\":\"en-US\"}]}<\/script>\n<!-- \/ Yoast SEO plugin. -->","yoast_head_json":{"title":"Glenlivet - Founder's Reserve - Dramfolks Whisky Auction","robots":{"index":"index","follow":"follow","max-snippet":"max-snippet:-1","max-image-preview":"max-image-preview:large","max-video-preview":"max-video-preview:-1"},"canonical":"https:\/\/www.dramfolks-whisky-auction.com\/en\/product\/glenlivet-founders-reserve-12\/","og_locale":"en_US","og_type":"article","og_title":"Glenlivet - Founder's Reserve - Dramfolks Whisky Auction","og_description":"Destille: Glenlivet Die Glenlivet Distillery ist eine Destillerie in der N\u00e4he von Ballindalloch in Moray, Schottland. Es ist die \u00e4lteste legale Destillerie in ganz Schottland. Sie wurde 1824 gegr\u00fcndet und ist seitdem fast ununterbrochen in Betrieb. Die Destillerie blieb w\u00e4hrend der Weltwirtschaftskrise ge\u00f6ffnet und wurde erst w\u00e4hrend des Zweiten Weltkriegs geschlossen. Die Glenlivet Destillerie hat[...]","og_url":"https:\/\/www.dramfolks-whisky-auction.com\/en\/product\/glenlivet-founders-reserve-12\/","og_site_name":"Dramfolks Whisky Auction","article_modified_time":"2026-01-14T19:21:19+00:00","og_image":[{"width":2560,"height":2560,"url":"https:\/\/www.dramfolks-whisky-auction.com\/wp-content\/uploads\/2024\/08\/Glenlivet-Founders-Reserve-vorne-scaled.jpg","type":"image\/jpeg"}],"twitter_card":"summary_large_image","twitter_misc":{"Est. reading time":"3 minutes"},"schema":{"@context":"https:\/\/schema.org","@graph":[{"@type":"WebPage","@id":"https:\/\/www.dramfolks-whisky-auction.com\/en\/product\/glenlivet-founders-reserve-12\/","url":"https:\/\/www.dramfolks-whisky-auction.com\/en\/product\/glenlivet-founders-reserve-12\/","name":"Glenlivet - Founder's Reserve - Dramfolks Whisky Auction","isPartOf":{"@id":"https:\/\/www.dramfolks-whisky-auction.com\/en\/#website"},"primaryImageOfPage":{"@id":"https:\/\/www.dramfolks-whisky-auction.com\/en\/product\/glenlivet-founders-reserve-12\/#primaryimage"},"image":{"@id":"https:\/\/www.dramfolks-whisky-auction.com\/en\/product\/glenlivet-founders-reserve-12\/#primaryimage"},"thumbnailUrl":"https:\/\/www.dramfolks-whisky-auction.com\/wp-content\/uploads\/2024\/08\/Glenlivet-Founders-Reserve-vorne-scaled.jpg","datePublished":"2025-12-20T05:23:04+00:00","dateModified":"2026-01-14T19:21:19+00:00","breadcrumb":{"@id":"https:\/\/www.dramfolks-whisky-auction.com\/en\/product\/glenlivet-founders-reserve-12\/#breadcrumb"},"inLanguage":"en-US","potentialAction":[{"@type":"ReadAction","target":["https:\/\/www.dramfolks-whisky-auction.com\/en\/product\/glenlivet-founders-reserve-12\/"]}]},{"@type":"ImageObject","inLanguage":"en-US","@id":"https:\/\/www.dramfolks-whisky-auction.com\/en\/product\/glenlivet-founders-reserve-12\/#primaryimage","url":"https:\/\/www.dramfolks-whisky-auction.com\/wp-content\/uploads\/2024\/08\/Glenlivet-Founders-Reserve-vorne-scaled.jpg","contentUrl":"https:\/\/www.dramfolks-whisky-auction.com\/wp-content\/uploads\/2024\/08\/Glenlivet-Founders-Reserve-vorne-scaled.jpg","width":2560,"height":2560},{"@type":"BreadcrumbList","@id":"https:\/\/www.dramfolks-whisky-auction.com\/en\/product\/glenlivet-founders-reserve-12\/#breadcrumb","itemListElement":[{"@type":"ListItem","position":1,"name":"Startseite","item":"https:\/\/www.dramfolks-whisky-auction.com\/en\/"},{"@type":"ListItem","position":2,"name":"Shop","item":"https:\/\/www.dramfolks-whisky-auction.com\/en\/shop\/"},{"@type":"ListItem","position":3,"name":"Glenlivet &#8211; Founder&#8217;s Reserve"}]},{"@type":"WebSite","@id":"https:\/\/www.dramfolks-whisky-auction.com\/en\/#website","url":"https:\/\/www.dramfolks-whisky-auction.com\/en\/","name":"Dramfolks Whisky Auction","description":"","potentialAction":[{"@type":"SearchAction","target":{"@type":"EntryPoint","urlTemplate":"https:\/\/www.dramfolks-whisky-auction.com\/en\/?s={search_term_string}"},"query-input":{"@type":"PropertyValueSpecification","valueRequired":true,"valueName":"search_term_string"}}],"inLanguage":"en-US"}]}},"_links":{"self":[{"href":"https:\/\/www.dramfolks-whisky-auction.com\/en\/wp-json\/wp\/v2\/product\/6727346","targetHints":{"allow":["GET"]}}],"collection":[{"href":"https:\/\/www.dramfolks-whisky-auction.com\/en\/wp-json\/wp\/v2\/product"}],"about":[{"href":"https:\/\/www.dramfolks-whisky-auction.com\/en\/wp-json\/wp\/v2\/types\/product"}],"replies":[{"embeddable":true,"href":"https:\/\/www.dramfolks-whisky-auction.com\/en\/wp-json\/wp\/v2\/comments?post=6727346"}],"wp:featuredmedia":[{"embeddable":true,"href":"https:\/\/www.dramfolks-whisky-auction.com\/en\/wp-json\/wp\/v2\/media\/170874"}],"wp:attachment":[{"href":"https:\/\/www.dramfolks-whisky-auction.com\/en\/wp-json\/wp\/v2\/media?parent=6727346"}],"wp:term":[{"taxonomy":"product_brand","embeddable":true,"href":"https:\/\/www.dramfolks-whisky-auction.com\/en\/wp-json\/wp\/v2\/product_brand?post=6727346"},{"taxonomy":"product_cat","embeddable":true,"href":"https:\/\/www.dramfolks-whisky-auction.com\/en\/wp-json\/wp\/v2\/product_cat?post=6727346"},{"taxonomy":"product_tag","embeddable":true,"href":"https:\/\/www.dramfolks-whisky-auction.com\/en\/wp-json\/wp\/v2\/product_tag?post=6727346"}],"curies":[{"name":"wp","href":"https:\/\/api.w.org\/{rel}","templated":true}]}}