{"id":6000,"date":"2024-04-10T20:31:19","date_gmt":"2024-04-10T18:31:19","guid":{"rendered":"https:\/\/www.dramfolks-whisky-auction.com\/?post_type=product&#038;p=6000"},"modified":"2024-04-28T19:45:07","modified_gmt":"2024-04-28T17:45:07","slug":"ncnean-quiet-rebels-lorna-4","status":"publish","type":"product","link":"https:\/\/www.dramfolks-whisky-auction.com\/en\/product\/ncnean-quiet-rebels-lorna-4\/","title":{"rendered":"Nc&#8217;nean &#8211; Quiet Rebels Lorna"},"content":{"rendered":"<p><strong>Destille: Nc&#8217;nean<\/strong><br \/>\nDie Nc&#8217;nean Distillery ist eine schottische Whiskybrennerei in Drimnin auf der Halbinsel Morvern in den Highlands Schottlands. Der Brennereiname Nc&#8217;nean stammt von &#8220;Neachneohain&#8221;, einer g\u00e4lischen Legende, die als K\u00f6nigin der Geister \u00fcbersetzt wird. Die Besonderheit an Nc&#8217;nean ist der absolute Nachhaltigkeitsgedanke der Brennerei. So konzentriert sich Annabel Thomas und ihr Team auf die Herstellung einer Bio-Spirituose mit minimalen Auswirkungen auf die lokale Umwelt. Die Destillerie war die erste in Gro\u00dfbritannien, die zum einen w\u00e4hrend der Whiskyproduktion &#8220;CO2-emmisionsfrei&#8221; agiert und zum anderen die B Corp-Zertifizierung von B Lab bekommen hat.<\/p>\n<p><strong>Fun fact:<\/strong> Im August 2020 verkaufte die Destillerie ihre erste Flasche Single Malt Scotch Whisky auf einer Auktion f\u00fcr \u00a3 41.004. Nc&#8217;nean spendete die komplette Summe f\u00fcr wohlt\u00e4tige Zwecke.<\/p>\n<p><strong>Whisky\/Whiskey: Quiet Rebels Lorna<br \/>\n<\/strong>Die Serie Quiet Rebels dreht sich, um die Menschen, die die umweltfreundliche Bio-Brennerei zu dem machen, was sie ist. Die \u201eleisen Rebellen\u201c sind 14 umweltbewusste Genie\u00dfer mit der geteilten Mission, innovative und nachhaltige Spirituosen herzustellen. Jedem der Pioniere widmet die Serie einen eigenen Whisky. Ausgesucht von der jeweiligen Person, spiegelt der Single Malt deren Lieblingsaromen wider \u2013 ob diese nun durch neueste Fassexperimente oder die Hefeversuche der Brennerei entstanden sind \u2013 und erz\u00e4hlt ihre Geschichte. Im Fokus des zweiten Releases der Reihe steht Lorna Davidson, Team-Mitglied der ersten Stunde. Der auf 7.560 Flaschen limitierte Nc\u2019nean Quiet Rebels \u2013 Lorna macht sich die Vorliebe der Brennerin f\u00fcr s\u00fc\u00dfe Whiskys zunutze und pr\u00e4sentiert k\u00f6stliche Noten von Bananenbrot, Grapefruit und Pfirsich-Eiscreme. Der Organic Single Malt Scotch Whisky reifte in einer Kombination aus Bourbon Casks und Pineau-des-Charentes-F\u00e4ssern. Die mit dem s\u00fc\u00df-s\u00e4uerlichen Lik\u00f6rwein aus Frankreich vorbelegten F\u00e4sser erg\u00e4nzen die weiche S\u00fc\u00dfe der amerikanischen Eiche um helle und exotische Fr\u00fcchte.<\/p>\n<p><strong>Info Flaschen Qualit\u00e4t:<\/strong> Exzellent &#8211; ohne Besch\u00e4digungen \/ <strong>F\u00fcllstand:<\/strong> Into neck<br \/>\n<strong>Info Box Qualit\u00e4t:<\/strong> Exzellent &#8211; ohne Besch\u00e4digungen<\/p>\n<p><strong>Wichtiger Hinweis:<\/strong> Die Bewertung der Flaschen und Boxen erfolgt nach \u201ebesten Wissen und Gewissen\u201c. dramfolks kann keine Gew\u00e4hrleistung f\u00fcr den Inhalt der Flaschen \u00fcbernehmen. Weitere Infos &amp; Hinweise finden Sie in unseren AGBs. Wir empfehlen Ihnen, vor der Abgabe von Geboten \u00fcber die Zoomfunktion eine Besichtigung \/ genaue Pr\u00fcfung des angebotenen Whiskys vorzunehmen. Bitte kontaktieren sie uns bei Fragen direkt unter info@dramfolks.com<\/p>\n","protected":false},"excerpt":{"rendered":"<p>Destille: Nc&#8217;nean Die Nc&#8217;nean Distillery ist eine schottische Whiskybrennerei in Drimnin auf der Halbinsel Morvern in den Highlands Schottlands. Der Brennereiname Nc&#8217;nean stammt von &#8220;Neachneohain&#8221;, einer g\u00e4lischen Legende, die als K\u00f6nigin der Geister \u00fcbersetzt wird. Die Besonderheit an Nc&#8217;nean ist der absolute Nachhaltigkeitsgedanke der Brennerei. So konzentriert sich Annabel Thomas und ihr Team auf die[&#8230;]\n","protected":false},"featured_media":4932,"comment_status":"closed","ping_status":"closed","template":"","meta":[],"product_brand":[],"product_cat":[790],"product_tag":[],"class_list":{"0":"post-6000","1":"product","2":"type-product","3":"status-publish","4":"has-post-thumbnail","6":"product_cat-no-10","8":"first","9":"instock","10":"shipping-taxable","11":"purchasable","12":"product-type-auction"},"yoast_head":"<!-- This site is optimized with the Yoast SEO plugin v27.4 - https:\/\/yoast.com\/product\/yoast-seo-wordpress\/ -->\n<title>Nc&#039;nean - Quiet Rebels Lorna - Dramfolks Whisky Auction<\/title>\n<meta name=\"robots\" content=\"index, follow, max-snippet:-1, max-image-preview:large, max-video-preview:-1\" \/>\n<link rel=\"canonical\" href=\"https:\/\/www.dramfolks-whisky-auction.com\/en\/product\/ncnean-quiet-rebels-lorna-4\/\" \/>\n<meta property=\"og:locale\" content=\"en_US\" \/>\n<meta property=\"og:type\" content=\"article\" \/>\n<meta property=\"og:title\" content=\"Nc&#039;nean - Quiet Rebels Lorna - Dramfolks Whisky Auction\" \/>\n<meta property=\"og:description\" content=\"Destille: Nc&#8217;nean Die Nc&#8217;nean Distillery ist eine schottische Whiskybrennerei in Drimnin auf der Halbinsel Morvern in den Highlands Schottlands. Der Brennereiname Nc&#8217;nean stammt von &#8220;Neachneohain&#8221;, einer g\u00e4lischen Legende, die als K\u00f6nigin der Geister \u00fcbersetzt wird. Die Besonderheit an Nc&#8217;nean ist der absolute Nachhaltigkeitsgedanke der Brennerei. So konzentriert sich Annabel Thomas und ihr Team auf die[...]\" \/>\n<meta property=\"og:url\" content=\"https:\/\/www.dramfolks-whisky-auction.com\/en\/product\/ncnean-quiet-rebels-lorna-4\/\" \/>\n<meta property=\"og:site_name\" content=\"Dramfolks Whisky Auction\" \/>\n<meta property=\"article:modified_time\" content=\"2024-04-28T17:45:07+00:00\" \/>\n<meta property=\"og:image\" content=\"https:\/\/www.dramfolks-whisky-auction.com\/wp-content\/uploads\/2023\/12\/Ncnean-vorne-scaled.jpg\" \/>\n\t<meta property=\"og:image:width\" content=\"2560\" \/>\n\t<meta property=\"og:image:height\" content=\"2048\" \/>\n\t<meta property=\"og:image:type\" content=\"image\/jpeg\" \/>\n<meta name=\"twitter:card\" content=\"summary_large_image\" \/>\n<meta name=\"twitter:label1\" content=\"Est. reading time\" \/>\n\t<meta name=\"twitter:data1\" content=\"3 minutes\" \/>\n<script type=\"application\/ld+json\" class=\"yoast-schema-graph\">{\"@context\":\"https:\\\/\\\/schema.org\",\"@graph\":[{\"@type\":\"WebPage\",\"@id\":\"https:\\\/\\\/www.dramfolks-whisky-auction.com\\\/en\\\/product\\\/ncnean-quiet-rebels-lorna-4\\\/\",\"url\":\"https:\\\/\\\/www.dramfolks-whisky-auction.com\\\/en\\\/product\\\/ncnean-quiet-rebels-lorna-4\\\/\",\"name\":\"Nc'nean - Quiet Rebels Lorna - Dramfolks Whisky Auction\",\"isPartOf\":{\"@id\":\"https:\\\/\\\/www.dramfolks-whisky-auction.com\\\/en\\\/#website\"},\"primaryImageOfPage\":{\"@id\":\"https:\\\/\\\/www.dramfolks-whisky-auction.com\\\/en\\\/product\\\/ncnean-quiet-rebels-lorna-4\\\/#primaryimage\"},\"image\":{\"@id\":\"https:\\\/\\\/www.dramfolks-whisky-auction.com\\\/en\\\/product\\\/ncnean-quiet-rebels-lorna-4\\\/#primaryimage\"},\"thumbnailUrl\":\"https:\\\/\\\/www.dramfolks-whisky-auction.com\\\/wp-content\\\/uploads\\\/2023\\\/12\\\/Ncnean-vorne-scaled.jpg\",\"datePublished\":\"2024-04-10T18:31:19+00:00\",\"dateModified\":\"2024-04-28T17:45:07+00:00\",\"breadcrumb\":{\"@id\":\"https:\\\/\\\/www.dramfolks-whisky-auction.com\\\/en\\\/product\\\/ncnean-quiet-rebels-lorna-4\\\/#breadcrumb\"},\"inLanguage\":\"en-US\",\"potentialAction\":[{\"@type\":\"ReadAction\",\"target\":[\"https:\\\/\\\/www.dramfolks-whisky-auction.com\\\/en\\\/product\\\/ncnean-quiet-rebels-lorna-4\\\/\"]}]},{\"@type\":\"ImageObject\",\"inLanguage\":\"en-US\",\"@id\":\"https:\\\/\\\/www.dramfolks-whisky-auction.com\\\/en\\\/product\\\/ncnean-quiet-rebels-lorna-4\\\/#primaryimage\",\"url\":\"https:\\\/\\\/www.dramfolks-whisky-auction.com\\\/wp-content\\\/uploads\\\/2023\\\/12\\\/Ncnean-vorne-scaled.jpg\",\"contentUrl\":\"https:\\\/\\\/www.dramfolks-whisky-auction.com\\\/wp-content\\\/uploads\\\/2023\\\/12\\\/Ncnean-vorne-scaled.jpg\",\"width\":2560,\"height\":2048},{\"@type\":\"BreadcrumbList\",\"@id\":\"https:\\\/\\\/www.dramfolks-whisky-auction.com\\\/en\\\/product\\\/ncnean-quiet-rebels-lorna-4\\\/#breadcrumb\",\"itemListElement\":[{\"@type\":\"ListItem\",\"position\":1,\"name\":\"Startseite\",\"item\":\"https:\\\/\\\/www.dramfolks-whisky-auction.com\\\/en\\\/\"},{\"@type\":\"ListItem\",\"position\":2,\"name\":\"Shop\",\"item\":\"https:\\\/\\\/www.dramfolks-whisky-auction.com\\\/en\\\/shop\\\/\"},{\"@type\":\"ListItem\",\"position\":3,\"name\":\"Nc&#8217;nean &#8211; Quiet Rebels Lorna\"}]},{\"@type\":\"WebSite\",\"@id\":\"https:\\\/\\\/www.dramfolks-whisky-auction.com\\\/en\\\/#website\",\"url\":\"https:\\\/\\\/www.dramfolks-whisky-auction.com\\\/en\\\/\",\"name\":\"Dramfolks Whisky Auction\",\"description\":\"\",\"potentialAction\":[{\"@type\":\"SearchAction\",\"target\":{\"@type\":\"EntryPoint\",\"urlTemplate\":\"https:\\\/\\\/www.dramfolks-whisky-auction.com\\\/en\\\/?s={search_term_string}\"},\"query-input\":{\"@type\":\"PropertyValueSpecification\",\"valueRequired\":true,\"valueName\":\"search_term_string\"}}],\"inLanguage\":\"en-US\"}]}<\/script>\n<!-- \/ Yoast SEO plugin. -->","yoast_head_json":{"title":"Nc'nean - Quiet Rebels Lorna - Dramfolks Whisky Auction","robots":{"index":"index","follow":"follow","max-snippet":"max-snippet:-1","max-image-preview":"max-image-preview:large","max-video-preview":"max-video-preview:-1"},"canonical":"https:\/\/www.dramfolks-whisky-auction.com\/en\/product\/ncnean-quiet-rebels-lorna-4\/","og_locale":"en_US","og_type":"article","og_title":"Nc'nean - Quiet Rebels Lorna - Dramfolks Whisky Auction","og_description":"Destille: Nc&#8217;nean Die Nc&#8217;nean Distillery ist eine schottische Whiskybrennerei in Drimnin auf der Halbinsel Morvern in den Highlands Schottlands. Der Brennereiname Nc&#8217;nean stammt von &#8220;Neachneohain&#8221;, einer g\u00e4lischen Legende, die als K\u00f6nigin der Geister \u00fcbersetzt wird. Die Besonderheit an Nc&#8217;nean ist der absolute Nachhaltigkeitsgedanke der Brennerei. So konzentriert sich Annabel Thomas und ihr Team auf die[...]","og_url":"https:\/\/www.dramfolks-whisky-auction.com\/en\/product\/ncnean-quiet-rebels-lorna-4\/","og_site_name":"Dramfolks Whisky Auction","article_modified_time":"2024-04-28T17:45:07+00:00","og_image":[{"width":2560,"height":2048,"url":"https:\/\/www.dramfolks-whisky-auction.com\/wp-content\/uploads\/2023\/12\/Ncnean-vorne-scaled.jpg","type":"image\/jpeg"}],"twitter_card":"summary_large_image","twitter_misc":{"Est. reading time":"3 minutes"},"schema":{"@context":"https:\/\/schema.org","@graph":[{"@type":"WebPage","@id":"https:\/\/www.dramfolks-whisky-auction.com\/en\/product\/ncnean-quiet-rebels-lorna-4\/","url":"https:\/\/www.dramfolks-whisky-auction.com\/en\/product\/ncnean-quiet-rebels-lorna-4\/","name":"Nc'nean - Quiet Rebels Lorna - Dramfolks Whisky Auction","isPartOf":{"@id":"https:\/\/www.dramfolks-whisky-auction.com\/en\/#website"},"primaryImageOfPage":{"@id":"https:\/\/www.dramfolks-whisky-auction.com\/en\/product\/ncnean-quiet-rebels-lorna-4\/#primaryimage"},"image":{"@id":"https:\/\/www.dramfolks-whisky-auction.com\/en\/product\/ncnean-quiet-rebels-lorna-4\/#primaryimage"},"thumbnailUrl":"https:\/\/www.dramfolks-whisky-auction.com\/wp-content\/uploads\/2023\/12\/Ncnean-vorne-scaled.jpg","datePublished":"2024-04-10T18:31:19+00:00","dateModified":"2024-04-28T17:45:07+00:00","breadcrumb":{"@id":"https:\/\/www.dramfolks-whisky-auction.com\/en\/product\/ncnean-quiet-rebels-lorna-4\/#breadcrumb"},"inLanguage":"en-US","potentialAction":[{"@type":"ReadAction","target":["https:\/\/www.dramfolks-whisky-auction.com\/en\/product\/ncnean-quiet-rebels-lorna-4\/"]}]},{"@type":"ImageObject","inLanguage":"en-US","@id":"https:\/\/www.dramfolks-whisky-auction.com\/en\/product\/ncnean-quiet-rebels-lorna-4\/#primaryimage","url":"https:\/\/www.dramfolks-whisky-auction.com\/wp-content\/uploads\/2023\/12\/Ncnean-vorne-scaled.jpg","contentUrl":"https:\/\/www.dramfolks-whisky-auction.com\/wp-content\/uploads\/2023\/12\/Ncnean-vorne-scaled.jpg","width":2560,"height":2048},{"@type":"BreadcrumbList","@id":"https:\/\/www.dramfolks-whisky-auction.com\/en\/product\/ncnean-quiet-rebels-lorna-4\/#breadcrumb","itemListElement":[{"@type":"ListItem","position":1,"name":"Startseite","item":"https:\/\/www.dramfolks-whisky-auction.com\/en\/"},{"@type":"ListItem","position":2,"name":"Shop","item":"https:\/\/www.dramfolks-whisky-auction.com\/en\/shop\/"},{"@type":"ListItem","position":3,"name":"Nc&#8217;nean &#8211; Quiet Rebels Lorna"}]},{"@type":"WebSite","@id":"https:\/\/www.dramfolks-whisky-auction.com\/en\/#website","url":"https:\/\/www.dramfolks-whisky-auction.com\/en\/","name":"Dramfolks Whisky Auction","description":"","potentialAction":[{"@type":"SearchAction","target":{"@type":"EntryPoint","urlTemplate":"https:\/\/www.dramfolks-whisky-auction.com\/en\/?s={search_term_string}"},"query-input":{"@type":"PropertyValueSpecification","valueRequired":true,"valueName":"search_term_string"}}],"inLanguage":"en-US"}]}},"_links":{"self":[{"href":"https:\/\/www.dramfolks-whisky-auction.com\/en\/wp-json\/wp\/v2\/product\/6000","targetHints":{"allow":["GET"]}}],"collection":[{"href":"https:\/\/www.dramfolks-whisky-auction.com\/en\/wp-json\/wp\/v2\/product"}],"about":[{"href":"https:\/\/www.dramfolks-whisky-auction.com\/en\/wp-json\/wp\/v2\/types\/product"}],"replies":[{"embeddable":true,"href":"https:\/\/www.dramfolks-whisky-auction.com\/en\/wp-json\/wp\/v2\/comments?post=6000"}],"wp:featuredmedia":[{"embeddable":true,"href":"https:\/\/www.dramfolks-whisky-auction.com\/en\/wp-json\/wp\/v2\/media\/4932"}],"wp:attachment":[{"href":"https:\/\/www.dramfolks-whisky-auction.com\/en\/wp-json\/wp\/v2\/media?parent=6000"}],"wp:term":[{"taxonomy":"product_brand","embeddable":true,"href":"https:\/\/www.dramfolks-whisky-auction.com\/en\/wp-json\/wp\/v2\/product_brand?post=6000"},{"taxonomy":"product_cat","embeddable":true,"href":"https:\/\/www.dramfolks-whisky-auction.com\/en\/wp-json\/wp\/v2\/product_cat?post=6000"},{"taxonomy":"product_tag","embeddable":true,"href":"https:\/\/www.dramfolks-whisky-auction.com\/en\/wp-json\/wp\/v2\/product_tag?post=6000"}],"curies":[{"name":"wp","href":"https:\/\/api.w.org\/{rel}","templated":true}]}}