{"id":5993,"date":"2024-04-10T20:26:57","date_gmt":"2024-04-10T18:26:57","guid":{"rendered":"https:\/\/www.dramfolks-whisky-auction.com\/?post_type=product&#038;p=5993"},"modified":"2024-04-28T19:45:06","modified_gmt":"2024-04-28T17:45:06","slug":"prestonfield-de-luxe-blended-malt-whisky-signatory-vintage-4","status":"publish","type":"product","link":"https:\/\/www.dramfolks-whisky-auction.com\/en\/product\/prestonfield-de-luxe-blended-malt-whisky-signatory-vintage-4\/","title":{"rendered":"Prestonfield De Luxe &#8211; Blended Malt Whisky (Signatory Vintage)"},"content":{"rendered":"<p><strong>Destille: Diverse<br \/>\n<\/strong><\/p>\n<p><strong>Whisky\/Whiskey: Prestonfield De Luxe &#8211; Blended Malt Whisky (Signatory Vintage)<br \/>\n<\/strong>Beim Durchst\u00f6bern der Lagerh\u00e4user bei Signatory Vintage offenbarte sich, dass dort noch einige Kisten von dem alten Prestonfield De Luxe Blended Scotch Whisky standen. Hinter dem Pseudonym verbirgt sich feinster Blended Scotch Whisky aus einem amerikanischen Wei\u00dfeichenfass, der sein Potenzial bei sanften 43% entfaltet. Sein Talent, das wirklich Gute vom Mittelma\u00df zu unterscheiden, belegte Symington schon vor Gr\u00fcndung seiner Signatory Vintage Scotch Whisky Company Ltd. \u2013 w\u00e4hrend seiner T\u00e4tigkeit f\u00fcr das Prestonfield House in Edinburgh, einem Hotel mit starken Banden zur Whiskywelt. An diese Zeit erinnern Retro-Abf\u00fcllungen wie der Prestonfield Deluxe Blended Malt Scotch Whisky. Dessen Etikett ziert die k\u00fcnstlerische Darstellung des Hotels sowie einiger Wahrzeichen Edinburghs (The Palace of Holyroodhouse, Scott Monument, Museum of Edinburgh, Glenkinchie, Forth Road Bridge).<br \/>\n<strong>Sidenote zum Abf\u00fcller:<\/strong> Signatory Vintage Scotch Whisky wurde 1988 von Andrew Symington gegr\u00fcndet, der zuvor das renommierte Prestonfield House Hotel in Edinburgh geleitet hatte. Das erste Fass, das von Symington in Flaschen abgef\u00fcllt wurde, war ein 1968 in Sherryf\u00e4ssern gereifter Glenlivet. Im Jahr 2002 erwarb Signatory die Destillerie Edradour von Pernod Ricard und verlegte anschlie\u00dfend alle seine Aktivit\u00e4ten nach Norden in den malerischen Standort Perthshire. Die Whiskys werden in der Regel in verschiedenen &#8220;Collections&#8221; abgef\u00fcllt&#8230; darunter die Un-chill Filtered Collection, die Cask Strength Collection und die Single Grain Collection.<\/p>\n<p><strong>Info Qualit\u00e4t der Flasche:<\/strong> Exzellent &#8211; ohne Besch\u00e4digungen \/ <strong>F\u00fcllstand:<\/strong> High fill<br \/>\n<strong>Info Qualit\u00e4t der Box: <\/strong>keine Box vorhanden<\/p>\n<p><strong>Wichtiger Hinweis:<\/strong> Die Bewertung der Flaschen und Boxen erfolgt nach \u201ebesten Wissen und Gewissen\u201c. dramfolks kann keine Gew\u00e4hrleistung f\u00fcr den Inhalt der Flaschen \u00fcbernehmen. Weitere Infos &amp; Hinweise finden Sie in unseren AGBs. Wir empfehlen Ihnen, vor der Abgabe von Geboten \u00fcber die Zoomfunktion eine Besichtigung \/ genaue Pr\u00fcfung des angebotenen Whiskys vorzunehmen. Bitte kontaktieren sie uns bei Fragen direkt unter info@dramfolks.com<\/p>\n","protected":false},"excerpt":{"rendered":"<p>Destille: Diverse Whisky\/Whiskey: Prestonfield De Luxe &#8211; Blended Malt Whisky (Signatory Vintage) Beim Durchst\u00f6bern der Lagerh\u00e4user bei Signatory Vintage offenbarte sich, dass dort noch einige Kisten von dem alten Prestonfield De Luxe Blended Scotch Whisky standen. Hinter dem Pseudonym verbirgt sich feinster Blended Scotch Whisky aus einem amerikanischen Wei\u00dfeichenfass, der sein Potenzial bei sanften 43%[&#8230;]\n","protected":false},"featured_media":5994,"comment_status":"closed","ping_status":"closed","template":"","meta":[],"product_brand":[],"product_cat":[790],"product_tag":[],"class_list":{"0":"post-5993","1":"product","2":"type-product","3":"status-publish","4":"has-post-thumbnail","6":"product_cat-no-10","8":"first","9":"instock","10":"shipping-taxable","11":"purchasable","12":"product-type-auction"},"yoast_head":"<!-- This site is optimized with the Yoast SEO plugin v27.4 - https:\/\/yoast.com\/product\/yoast-seo-wordpress\/ -->\n<title>Prestonfield De Luxe - Blended Malt Whisky (Signatory Vintage) - Dramfolks Whisky Auction<\/title>\n<meta name=\"robots\" content=\"index, follow, max-snippet:-1, max-image-preview:large, max-video-preview:-1\" \/>\n<link rel=\"canonical\" href=\"https:\/\/www.dramfolks-whisky-auction.com\/en\/product\/prestonfield-de-luxe-blended-malt-whisky-signatory-vintage-4\/\" \/>\n<meta property=\"og:locale\" content=\"en_US\" \/>\n<meta property=\"og:type\" content=\"article\" \/>\n<meta property=\"og:title\" content=\"Prestonfield De Luxe - Blended Malt Whisky (Signatory Vintage) - Dramfolks Whisky Auction\" \/>\n<meta property=\"og:description\" content=\"Destille: Diverse Whisky\/Whiskey: Prestonfield De Luxe &#8211; Blended Malt Whisky (Signatory Vintage) Beim Durchst\u00f6bern der Lagerh\u00e4user bei Signatory Vintage offenbarte sich, dass dort noch einige Kisten von dem alten Prestonfield De Luxe Blended Scotch Whisky standen. Hinter dem Pseudonym verbirgt sich feinster Blended Scotch Whisky aus einem amerikanischen Wei\u00dfeichenfass, der sein Potenzial bei sanften 43%[...]\" \/>\n<meta property=\"og:url\" content=\"https:\/\/www.dramfolks-whisky-auction.com\/en\/product\/prestonfield-de-luxe-blended-malt-whisky-signatory-vintage-4\/\" \/>\n<meta property=\"og:site_name\" content=\"Dramfolks Whisky Auction\" \/>\n<meta property=\"article:modified_time\" content=\"2024-04-28T17:45:06+00:00\" \/>\n<meta property=\"og:image\" content=\"https:\/\/www.dramfolks-whisky-auction.com\/wp-content\/uploads\/2024\/04\/Prestonfield-vorne-scaled.jpg\" \/>\n\t<meta property=\"og:image:width\" content=\"2560\" \/>\n\t<meta property=\"og:image:height\" content=\"2560\" \/>\n\t<meta property=\"og:image:type\" content=\"image\/jpeg\" \/>\n<meta name=\"twitter:card\" content=\"summary_large_image\" \/>\n<meta name=\"twitter:label1\" content=\"Est. reading time\" \/>\n\t<meta name=\"twitter:data1\" content=\"2 minutes\" \/>\n<script type=\"application\/ld+json\" class=\"yoast-schema-graph\">{\"@context\":\"https:\\\/\\\/schema.org\",\"@graph\":[{\"@type\":\"WebPage\",\"@id\":\"https:\\\/\\\/www.dramfolks-whisky-auction.com\\\/en\\\/product\\\/prestonfield-de-luxe-blended-malt-whisky-signatory-vintage-4\\\/\",\"url\":\"https:\\\/\\\/www.dramfolks-whisky-auction.com\\\/en\\\/product\\\/prestonfield-de-luxe-blended-malt-whisky-signatory-vintage-4\\\/\",\"name\":\"Prestonfield De Luxe - Blended Malt Whisky (Signatory Vintage) - Dramfolks Whisky Auction\",\"isPartOf\":{\"@id\":\"https:\\\/\\\/www.dramfolks-whisky-auction.com\\\/en\\\/#website\"},\"primaryImageOfPage\":{\"@id\":\"https:\\\/\\\/www.dramfolks-whisky-auction.com\\\/en\\\/product\\\/prestonfield-de-luxe-blended-malt-whisky-signatory-vintage-4\\\/#primaryimage\"},\"image\":{\"@id\":\"https:\\\/\\\/www.dramfolks-whisky-auction.com\\\/en\\\/product\\\/prestonfield-de-luxe-blended-malt-whisky-signatory-vintage-4\\\/#primaryimage\"},\"thumbnailUrl\":\"https:\\\/\\\/www.dramfolks-whisky-auction.com\\\/wp-content\\\/uploads\\\/2024\\\/04\\\/Prestonfield-vorne-scaled.jpg\",\"datePublished\":\"2024-04-10T18:26:57+00:00\",\"dateModified\":\"2024-04-28T17:45:06+00:00\",\"breadcrumb\":{\"@id\":\"https:\\\/\\\/www.dramfolks-whisky-auction.com\\\/en\\\/product\\\/prestonfield-de-luxe-blended-malt-whisky-signatory-vintage-4\\\/#breadcrumb\"},\"inLanguage\":\"en-US\",\"potentialAction\":[{\"@type\":\"ReadAction\",\"target\":[\"https:\\\/\\\/www.dramfolks-whisky-auction.com\\\/en\\\/product\\\/prestonfield-de-luxe-blended-malt-whisky-signatory-vintage-4\\\/\"]}]},{\"@type\":\"ImageObject\",\"inLanguage\":\"en-US\",\"@id\":\"https:\\\/\\\/www.dramfolks-whisky-auction.com\\\/en\\\/product\\\/prestonfield-de-luxe-blended-malt-whisky-signatory-vintage-4\\\/#primaryimage\",\"url\":\"https:\\\/\\\/www.dramfolks-whisky-auction.com\\\/wp-content\\\/uploads\\\/2024\\\/04\\\/Prestonfield-vorne-scaled.jpg\",\"contentUrl\":\"https:\\\/\\\/www.dramfolks-whisky-auction.com\\\/wp-content\\\/uploads\\\/2024\\\/04\\\/Prestonfield-vorne-scaled.jpg\",\"width\":2560,\"height\":2560},{\"@type\":\"BreadcrumbList\",\"@id\":\"https:\\\/\\\/www.dramfolks-whisky-auction.com\\\/en\\\/product\\\/prestonfield-de-luxe-blended-malt-whisky-signatory-vintage-4\\\/#breadcrumb\",\"itemListElement\":[{\"@type\":\"ListItem\",\"position\":1,\"name\":\"Startseite\",\"item\":\"https:\\\/\\\/www.dramfolks-whisky-auction.com\\\/en\\\/\"},{\"@type\":\"ListItem\",\"position\":2,\"name\":\"Shop\",\"item\":\"https:\\\/\\\/www.dramfolks-whisky-auction.com\\\/en\\\/shop\\\/\"},{\"@type\":\"ListItem\",\"position\":3,\"name\":\"Prestonfield De Luxe &#8211; Blended Malt Whisky (Signatory Vintage)\"}]},{\"@type\":\"WebSite\",\"@id\":\"https:\\\/\\\/www.dramfolks-whisky-auction.com\\\/en\\\/#website\",\"url\":\"https:\\\/\\\/www.dramfolks-whisky-auction.com\\\/en\\\/\",\"name\":\"Dramfolks Whisky Auction\",\"description\":\"\",\"potentialAction\":[{\"@type\":\"SearchAction\",\"target\":{\"@type\":\"EntryPoint\",\"urlTemplate\":\"https:\\\/\\\/www.dramfolks-whisky-auction.com\\\/en\\\/?s={search_term_string}\"},\"query-input\":{\"@type\":\"PropertyValueSpecification\",\"valueRequired\":true,\"valueName\":\"search_term_string\"}}],\"inLanguage\":\"en-US\"}]}<\/script>\n<!-- \/ Yoast SEO plugin. -->","yoast_head_json":{"title":"Prestonfield De Luxe - Blended Malt Whisky (Signatory Vintage) - Dramfolks Whisky Auction","robots":{"index":"index","follow":"follow","max-snippet":"max-snippet:-1","max-image-preview":"max-image-preview:large","max-video-preview":"max-video-preview:-1"},"canonical":"https:\/\/www.dramfolks-whisky-auction.com\/en\/product\/prestonfield-de-luxe-blended-malt-whisky-signatory-vintage-4\/","og_locale":"en_US","og_type":"article","og_title":"Prestonfield De Luxe - Blended Malt Whisky (Signatory Vintage) - Dramfolks Whisky Auction","og_description":"Destille: Diverse Whisky\/Whiskey: Prestonfield De Luxe &#8211; Blended Malt Whisky (Signatory Vintage) Beim Durchst\u00f6bern der Lagerh\u00e4user bei Signatory Vintage offenbarte sich, dass dort noch einige Kisten von dem alten Prestonfield De Luxe Blended Scotch Whisky standen. Hinter dem Pseudonym verbirgt sich feinster Blended Scotch Whisky aus einem amerikanischen Wei\u00dfeichenfass, der sein Potenzial bei sanften 43%[...]","og_url":"https:\/\/www.dramfolks-whisky-auction.com\/en\/product\/prestonfield-de-luxe-blended-malt-whisky-signatory-vintage-4\/","og_site_name":"Dramfolks Whisky Auction","article_modified_time":"2024-04-28T17:45:06+00:00","og_image":[{"width":2560,"height":2560,"url":"https:\/\/www.dramfolks-whisky-auction.com\/wp-content\/uploads\/2024\/04\/Prestonfield-vorne-scaled.jpg","type":"image\/jpeg"}],"twitter_card":"summary_large_image","twitter_misc":{"Est. reading time":"2 minutes"},"schema":{"@context":"https:\/\/schema.org","@graph":[{"@type":"WebPage","@id":"https:\/\/www.dramfolks-whisky-auction.com\/en\/product\/prestonfield-de-luxe-blended-malt-whisky-signatory-vintage-4\/","url":"https:\/\/www.dramfolks-whisky-auction.com\/en\/product\/prestonfield-de-luxe-blended-malt-whisky-signatory-vintage-4\/","name":"Prestonfield De Luxe - Blended Malt Whisky (Signatory Vintage) - Dramfolks Whisky Auction","isPartOf":{"@id":"https:\/\/www.dramfolks-whisky-auction.com\/en\/#website"},"primaryImageOfPage":{"@id":"https:\/\/www.dramfolks-whisky-auction.com\/en\/product\/prestonfield-de-luxe-blended-malt-whisky-signatory-vintage-4\/#primaryimage"},"image":{"@id":"https:\/\/www.dramfolks-whisky-auction.com\/en\/product\/prestonfield-de-luxe-blended-malt-whisky-signatory-vintage-4\/#primaryimage"},"thumbnailUrl":"https:\/\/www.dramfolks-whisky-auction.com\/wp-content\/uploads\/2024\/04\/Prestonfield-vorne-scaled.jpg","datePublished":"2024-04-10T18:26:57+00:00","dateModified":"2024-04-28T17:45:06+00:00","breadcrumb":{"@id":"https:\/\/www.dramfolks-whisky-auction.com\/en\/product\/prestonfield-de-luxe-blended-malt-whisky-signatory-vintage-4\/#breadcrumb"},"inLanguage":"en-US","potentialAction":[{"@type":"ReadAction","target":["https:\/\/www.dramfolks-whisky-auction.com\/en\/product\/prestonfield-de-luxe-blended-malt-whisky-signatory-vintage-4\/"]}]},{"@type":"ImageObject","inLanguage":"en-US","@id":"https:\/\/www.dramfolks-whisky-auction.com\/en\/product\/prestonfield-de-luxe-blended-malt-whisky-signatory-vintage-4\/#primaryimage","url":"https:\/\/www.dramfolks-whisky-auction.com\/wp-content\/uploads\/2024\/04\/Prestonfield-vorne-scaled.jpg","contentUrl":"https:\/\/www.dramfolks-whisky-auction.com\/wp-content\/uploads\/2024\/04\/Prestonfield-vorne-scaled.jpg","width":2560,"height":2560},{"@type":"BreadcrumbList","@id":"https:\/\/www.dramfolks-whisky-auction.com\/en\/product\/prestonfield-de-luxe-blended-malt-whisky-signatory-vintage-4\/#breadcrumb","itemListElement":[{"@type":"ListItem","position":1,"name":"Startseite","item":"https:\/\/www.dramfolks-whisky-auction.com\/en\/"},{"@type":"ListItem","position":2,"name":"Shop","item":"https:\/\/www.dramfolks-whisky-auction.com\/en\/shop\/"},{"@type":"ListItem","position":3,"name":"Prestonfield De Luxe &#8211; Blended Malt Whisky (Signatory Vintage)"}]},{"@type":"WebSite","@id":"https:\/\/www.dramfolks-whisky-auction.com\/en\/#website","url":"https:\/\/www.dramfolks-whisky-auction.com\/en\/","name":"Dramfolks Whisky Auction","description":"","potentialAction":[{"@type":"SearchAction","target":{"@type":"EntryPoint","urlTemplate":"https:\/\/www.dramfolks-whisky-auction.com\/en\/?s={search_term_string}"},"query-input":{"@type":"PropertyValueSpecification","valueRequired":true,"valueName":"search_term_string"}}],"inLanguage":"en-US"}]}},"_links":{"self":[{"href":"https:\/\/www.dramfolks-whisky-auction.com\/en\/wp-json\/wp\/v2\/product\/5993","targetHints":{"allow":["GET"]}}],"collection":[{"href":"https:\/\/www.dramfolks-whisky-auction.com\/en\/wp-json\/wp\/v2\/product"}],"about":[{"href":"https:\/\/www.dramfolks-whisky-auction.com\/en\/wp-json\/wp\/v2\/types\/product"}],"replies":[{"embeddable":true,"href":"https:\/\/www.dramfolks-whisky-auction.com\/en\/wp-json\/wp\/v2\/comments?post=5993"}],"wp:featuredmedia":[{"embeddable":true,"href":"https:\/\/www.dramfolks-whisky-auction.com\/en\/wp-json\/wp\/v2\/media\/5994"}],"wp:attachment":[{"href":"https:\/\/www.dramfolks-whisky-auction.com\/en\/wp-json\/wp\/v2\/media?parent=5993"}],"wp:term":[{"taxonomy":"product_brand","embeddable":true,"href":"https:\/\/www.dramfolks-whisky-auction.com\/en\/wp-json\/wp\/v2\/product_brand?post=5993"},{"taxonomy":"product_cat","embeddable":true,"href":"https:\/\/www.dramfolks-whisky-auction.com\/en\/wp-json\/wp\/v2\/product_cat?post=5993"},{"taxonomy":"product_tag","embeddable":true,"href":"https:\/\/www.dramfolks-whisky-auction.com\/en\/wp-json\/wp\/v2\/product_tag?post=5993"}],"curies":[{"name":"wp","href":"https:\/\/api.w.org\/{rel}","templated":true}]}}