{"id":5973,"date":"2024-04-10T20:10:02","date_gmt":"2024-04-10T18:10:02","guid":{"rendered":"https:\/\/www.dramfolks-whisky-auction.com\/?post_type=product&#038;p=5973"},"modified":"2024-05-01T18:44:00","modified_gmt":"2024-05-01T16:44:00","slug":"jameson-stout-edition-caskmates-2","status":"publish","type":"product","link":"https:\/\/www.dramfolks-whisky-auction.com\/en\/product\/jameson-stout-edition-caskmates-2\/","title":{"rendered":"Jameson &#8211; Stout Edition Caskmates"},"content":{"rendered":"<p><strong>Destille: Jameson<br \/>\n<\/strong>Jameson ist eine irische Whiskey-Marke. Die gleichnamige Destillerie wurde von John Jameson im Jahr 1780 in Dublin gegr\u00fcndet und bis 1971 wurde in der Bow Street (Smithfield Village) destilliert. Heute kann man in Dublin nur noch die Schaubrennereien von Old Jameson besichtigen, produziert wird in Midleton. Jameson geh\u00f6rt zu den weltweit bekanntesten (irischen) Whiskey-Marken. Nach den gro\u00dfen &#8220;Whiskey-Krisen&#8221; in den USA und UK schloss sich im Jahre 1966 Jameson-Irish-Whiskey mit den letzten verbliebenen Destillerien der Republik Irland, n\u00e4mlich Power&#8217;s (John Power &amp; Son) und Cork Distilleries, zur Irish Distillers (Group) zusammen. 1975 er\u00f6ffnete diese Gruppe in Midleton, Cork, eine damalig auf dem technisch neuestem Stand befindliche Destillerie. Seit 1988 geh\u00f6rt die Irish Distillers Limited zum franz\u00f6sischen Pernod-Ricard-Konzern.<\/p>\n<p><strong>Fun Fakt:<\/strong> Gr\u00fcnder John Jameson war eigentlich ein Schotte&#8230; John Jameson wurde 1740 in Alloa, Schottland, geboren und urspr\u00fcnglich von der Familie seiner zuk\u00fcnftigen Frau als General Manager bei Dubliner Bow Street Distillery eingestellt. Dort lernte er Margaret Haig kennen, deren Cousins 1780 die Dubliner Bow Street Distillery mit John Jameson gr\u00fcndeten.<\/p>\n<p><strong>Whisky\/Whiskey: Stout Edition Caskmates<br \/>\n<\/strong>Irischer Whiskey, Craft-Beer-F\u00e4sser. Wie die besten Gespr\u00e4che begann auch das Gespr\u00e4ch zwischen Jamesons Head of Whiskey Science und dem Chefbrauer einer lokalen Craft-Beer-Brauerei an der Bar. Ein Tausch von Whiskey- und Bierf\u00e4ssern f\u00fchrte kurz darauf zu Jameson Caskmates Stout Edition \u2013 dreifach destilliertem, gemischtem Irish Whiskey, der geduldig in irischen Craft-Beer-F\u00e4ssern gereift wurde.<br \/>\nIn der Nase findet sich &#8220;ein anf\u00e4ngliches Aroma von frisch gem\u00e4htem Heu, erg\u00e4nzt durch einen knackigen Obstgartencharakter \u2013 gr\u00fcne \u00c4pfel und Birnen, mit einem Hauch von Limettenschale. Milde Pot Still Gew\u00fcrze tauchen auf, die sich von gr\u00fcnem Tee bis hin zu Haselnuss- und Milchschokolade vertiefen&#8221;. Der Gaumen erfreut sich \u00fcber &#8220;eine anf\u00e4ngliche s\u00fc\u00dfe Mundumh\u00fcllung, die typisch f\u00fcr den irischen Pot Still-Einschluss ist, wird schnell durch den subtilen Hauch von Hopfen und Kakaobohnen aus dem Bierfass-Abgang erg\u00e4nzt&#8221;, bevor der Abgang durch &#8220;lang und s\u00fc\u00df mit Vollmilchschokolade und Butterscotch&#8221; gepr\u00e4gt ist. Verkostungsnotizen von <a href=\"http:\/\/www.Jamesonwhiskey.com\" target=\"_blank\" rel=\"noopener noreferrer\">www.Jamesonwhiskey.com<\/a><\/p>\n<p><strong>Info Qualit\u00e4t der Flaschen:<\/strong> Exzellent ohne Besch\u00e4digungen \/ <strong>F\u00fcllstand:<\/strong> Into neck<br \/>\n<strong>Info Qualit\u00e4t der Box:<\/strong> keine Box vorhanden<\/p>\n<p><strong>Wichtiger Hinweis:<\/strong> Die Bewertung der Flaschen und Boxen erfolgt nach \u201ebesten Wissen und Gewissen\u201c. dramfolks kann keine Gew\u00e4hrleistung f\u00fcr den Inhalt der Flaschen \u00fcbernehmen. Weitere Infos &amp; Hinweise finden Sie in unseren AGBs. Wir empfehlen Ihnen, vor der Abgabe von Geboten \u00fcber die Zoomfunktion eine Besichtigung \/ genaue Pr\u00fcfung des angebotenen Whiskys vorzunehmen. Bitte kontaktieren sie uns bei Fragen direkt unter info@dramfolks.com<\/p>\n","protected":false},"excerpt":{"rendered":"<p>Destille: Jameson Jameson ist eine irische Whiskey-Marke. Die gleichnamige Destillerie wurde von John Jameson im Jahr 1780 in Dublin gegr\u00fcndet und bis 1971 wurde in der Bow Street (Smithfield Village) destilliert. Heute kann man in Dublin nur noch die Schaubrennereien von Old Jameson besichtigen, produziert wird in Midleton. Jameson geh\u00f6rt zu den weltweit bekanntesten (irischen)[&#8230;]\n","protected":false},"featured_media":5974,"comment_status":"closed","ping_status":"closed","template":"","meta":[],"product_brand":[],"product_cat":[790],"product_tag":[],"class_list":{"0":"post-5973","1":"product","2":"type-product","3":"status-publish","4":"has-post-thumbnail","6":"product_cat-no-10","8":"first","9":"instock","10":"shipping-taxable","11":"purchasable","12":"product-type-auction"},"yoast_head":"<!-- This site is optimized with the Yoast SEO plugin v27.4 - https:\/\/yoast.com\/product\/yoast-seo-wordpress\/ -->\n<title>Jameson - Stout Edition Caskmates - Dramfolks Whisky Auction<\/title>\n<meta name=\"robots\" content=\"index, follow, max-snippet:-1, max-image-preview:large, max-video-preview:-1\" \/>\n<link rel=\"canonical\" href=\"https:\/\/www.dramfolks-whisky-auction.com\/en\/product\/jameson-stout-edition-caskmates-2\/\" \/>\n<meta property=\"og:locale\" content=\"en_US\" \/>\n<meta property=\"og:type\" content=\"article\" \/>\n<meta property=\"og:title\" content=\"Jameson - Stout Edition Caskmates - Dramfolks Whisky Auction\" \/>\n<meta property=\"og:description\" content=\"Destille: Jameson Jameson ist eine irische Whiskey-Marke. Die gleichnamige Destillerie wurde von John Jameson im Jahr 1780 in Dublin gegr\u00fcndet und bis 1971 wurde in der Bow Street (Smithfield Village) destilliert. Heute kann man in Dublin nur noch die Schaubrennereien von Old Jameson besichtigen, produziert wird in Midleton. Jameson geh\u00f6rt zu den weltweit bekanntesten (irischen)[...]\" \/>\n<meta property=\"og:url\" content=\"https:\/\/www.dramfolks-whisky-auction.com\/en\/product\/jameson-stout-edition-caskmates-2\/\" \/>\n<meta property=\"og:site_name\" content=\"Dramfolks Whisky Auction\" \/>\n<meta property=\"article:modified_time\" content=\"2024-05-01T16:44:00+00:00\" \/>\n<meta property=\"og:image\" content=\"https:\/\/www.dramfolks-whisky-auction.com\/wp-content\/uploads\/2024\/04\/Jameson-Stout-vorne-scaled.jpg\" \/>\n\t<meta property=\"og:image:width\" content=\"2560\" \/>\n\t<meta property=\"og:image:height\" content=\"2560\" \/>\n\t<meta property=\"og:image:type\" content=\"image\/jpeg\" \/>\n<meta name=\"twitter:card\" content=\"summary_large_image\" \/>\n<meta name=\"twitter:label1\" content=\"Est. reading time\" \/>\n\t<meta name=\"twitter:data1\" content=\"3 minutes\" \/>\n<script type=\"application\/ld+json\" class=\"yoast-schema-graph\">{\"@context\":\"https:\\\/\\\/schema.org\",\"@graph\":[{\"@type\":\"WebPage\",\"@id\":\"https:\\\/\\\/www.dramfolks-whisky-auction.com\\\/en\\\/product\\\/jameson-stout-edition-caskmates-2\\\/\",\"url\":\"https:\\\/\\\/www.dramfolks-whisky-auction.com\\\/en\\\/product\\\/jameson-stout-edition-caskmates-2\\\/\",\"name\":\"Jameson - Stout Edition Caskmates - Dramfolks Whisky Auction\",\"isPartOf\":{\"@id\":\"https:\\\/\\\/www.dramfolks-whisky-auction.com\\\/en\\\/#website\"},\"primaryImageOfPage\":{\"@id\":\"https:\\\/\\\/www.dramfolks-whisky-auction.com\\\/en\\\/product\\\/jameson-stout-edition-caskmates-2\\\/#primaryimage\"},\"image\":{\"@id\":\"https:\\\/\\\/www.dramfolks-whisky-auction.com\\\/en\\\/product\\\/jameson-stout-edition-caskmates-2\\\/#primaryimage\"},\"thumbnailUrl\":\"https:\\\/\\\/www.dramfolks-whisky-auction.com\\\/wp-content\\\/uploads\\\/2024\\\/04\\\/Jameson-Stout-vorne-scaled.jpg\",\"datePublished\":\"2024-04-10T18:10:02+00:00\",\"dateModified\":\"2024-05-01T16:44:00+00:00\",\"breadcrumb\":{\"@id\":\"https:\\\/\\\/www.dramfolks-whisky-auction.com\\\/en\\\/product\\\/jameson-stout-edition-caskmates-2\\\/#breadcrumb\"},\"inLanguage\":\"en-US\",\"potentialAction\":[{\"@type\":\"ReadAction\",\"target\":[\"https:\\\/\\\/www.dramfolks-whisky-auction.com\\\/en\\\/product\\\/jameson-stout-edition-caskmates-2\\\/\"]}]},{\"@type\":\"ImageObject\",\"inLanguage\":\"en-US\",\"@id\":\"https:\\\/\\\/www.dramfolks-whisky-auction.com\\\/en\\\/product\\\/jameson-stout-edition-caskmates-2\\\/#primaryimage\",\"url\":\"https:\\\/\\\/www.dramfolks-whisky-auction.com\\\/wp-content\\\/uploads\\\/2024\\\/04\\\/Jameson-Stout-vorne-scaled.jpg\",\"contentUrl\":\"https:\\\/\\\/www.dramfolks-whisky-auction.com\\\/wp-content\\\/uploads\\\/2024\\\/04\\\/Jameson-Stout-vorne-scaled.jpg\",\"width\":2560,\"height\":2560},{\"@type\":\"BreadcrumbList\",\"@id\":\"https:\\\/\\\/www.dramfolks-whisky-auction.com\\\/en\\\/product\\\/jameson-stout-edition-caskmates-2\\\/#breadcrumb\",\"itemListElement\":[{\"@type\":\"ListItem\",\"position\":1,\"name\":\"Startseite\",\"item\":\"https:\\\/\\\/www.dramfolks-whisky-auction.com\\\/en\\\/\"},{\"@type\":\"ListItem\",\"position\":2,\"name\":\"Shop\",\"item\":\"https:\\\/\\\/www.dramfolks-whisky-auction.com\\\/en\\\/shop\\\/\"},{\"@type\":\"ListItem\",\"position\":3,\"name\":\"Jameson &#8211; Stout Edition Caskmates\"}]},{\"@type\":\"WebSite\",\"@id\":\"https:\\\/\\\/www.dramfolks-whisky-auction.com\\\/en\\\/#website\",\"url\":\"https:\\\/\\\/www.dramfolks-whisky-auction.com\\\/en\\\/\",\"name\":\"Dramfolks Whisky Auction\",\"description\":\"\",\"potentialAction\":[{\"@type\":\"SearchAction\",\"target\":{\"@type\":\"EntryPoint\",\"urlTemplate\":\"https:\\\/\\\/www.dramfolks-whisky-auction.com\\\/en\\\/?s={search_term_string}\"},\"query-input\":{\"@type\":\"PropertyValueSpecification\",\"valueRequired\":true,\"valueName\":\"search_term_string\"}}],\"inLanguage\":\"en-US\"}]}<\/script>\n<!-- \/ Yoast SEO plugin. -->","yoast_head_json":{"title":"Jameson - Stout Edition Caskmates - Dramfolks Whisky Auction","robots":{"index":"index","follow":"follow","max-snippet":"max-snippet:-1","max-image-preview":"max-image-preview:large","max-video-preview":"max-video-preview:-1"},"canonical":"https:\/\/www.dramfolks-whisky-auction.com\/en\/product\/jameson-stout-edition-caskmates-2\/","og_locale":"en_US","og_type":"article","og_title":"Jameson - Stout Edition Caskmates - Dramfolks Whisky Auction","og_description":"Destille: Jameson Jameson ist eine irische Whiskey-Marke. Die gleichnamige Destillerie wurde von John Jameson im Jahr 1780 in Dublin gegr\u00fcndet und bis 1971 wurde in der Bow Street (Smithfield Village) destilliert. Heute kann man in Dublin nur noch die Schaubrennereien von Old Jameson besichtigen, produziert wird in Midleton. Jameson geh\u00f6rt zu den weltweit bekanntesten (irischen)[...]","og_url":"https:\/\/www.dramfolks-whisky-auction.com\/en\/product\/jameson-stout-edition-caskmates-2\/","og_site_name":"Dramfolks Whisky Auction","article_modified_time":"2024-05-01T16:44:00+00:00","og_image":[{"width":2560,"height":2560,"url":"https:\/\/www.dramfolks-whisky-auction.com\/wp-content\/uploads\/2024\/04\/Jameson-Stout-vorne-scaled.jpg","type":"image\/jpeg"}],"twitter_card":"summary_large_image","twitter_misc":{"Est. reading time":"3 minutes"},"schema":{"@context":"https:\/\/schema.org","@graph":[{"@type":"WebPage","@id":"https:\/\/www.dramfolks-whisky-auction.com\/en\/product\/jameson-stout-edition-caskmates-2\/","url":"https:\/\/www.dramfolks-whisky-auction.com\/en\/product\/jameson-stout-edition-caskmates-2\/","name":"Jameson - Stout Edition Caskmates - Dramfolks Whisky Auction","isPartOf":{"@id":"https:\/\/www.dramfolks-whisky-auction.com\/en\/#website"},"primaryImageOfPage":{"@id":"https:\/\/www.dramfolks-whisky-auction.com\/en\/product\/jameson-stout-edition-caskmates-2\/#primaryimage"},"image":{"@id":"https:\/\/www.dramfolks-whisky-auction.com\/en\/product\/jameson-stout-edition-caskmates-2\/#primaryimage"},"thumbnailUrl":"https:\/\/www.dramfolks-whisky-auction.com\/wp-content\/uploads\/2024\/04\/Jameson-Stout-vorne-scaled.jpg","datePublished":"2024-04-10T18:10:02+00:00","dateModified":"2024-05-01T16:44:00+00:00","breadcrumb":{"@id":"https:\/\/www.dramfolks-whisky-auction.com\/en\/product\/jameson-stout-edition-caskmates-2\/#breadcrumb"},"inLanguage":"en-US","potentialAction":[{"@type":"ReadAction","target":["https:\/\/www.dramfolks-whisky-auction.com\/en\/product\/jameson-stout-edition-caskmates-2\/"]}]},{"@type":"ImageObject","inLanguage":"en-US","@id":"https:\/\/www.dramfolks-whisky-auction.com\/en\/product\/jameson-stout-edition-caskmates-2\/#primaryimage","url":"https:\/\/www.dramfolks-whisky-auction.com\/wp-content\/uploads\/2024\/04\/Jameson-Stout-vorne-scaled.jpg","contentUrl":"https:\/\/www.dramfolks-whisky-auction.com\/wp-content\/uploads\/2024\/04\/Jameson-Stout-vorne-scaled.jpg","width":2560,"height":2560},{"@type":"BreadcrumbList","@id":"https:\/\/www.dramfolks-whisky-auction.com\/en\/product\/jameson-stout-edition-caskmates-2\/#breadcrumb","itemListElement":[{"@type":"ListItem","position":1,"name":"Startseite","item":"https:\/\/www.dramfolks-whisky-auction.com\/en\/"},{"@type":"ListItem","position":2,"name":"Shop","item":"https:\/\/www.dramfolks-whisky-auction.com\/en\/shop\/"},{"@type":"ListItem","position":3,"name":"Jameson &#8211; Stout Edition Caskmates"}]},{"@type":"WebSite","@id":"https:\/\/www.dramfolks-whisky-auction.com\/en\/#website","url":"https:\/\/www.dramfolks-whisky-auction.com\/en\/","name":"Dramfolks Whisky Auction","description":"","potentialAction":[{"@type":"SearchAction","target":{"@type":"EntryPoint","urlTemplate":"https:\/\/www.dramfolks-whisky-auction.com\/en\/?s={search_term_string}"},"query-input":{"@type":"PropertyValueSpecification","valueRequired":true,"valueName":"search_term_string"}}],"inLanguage":"en-US"}]}},"_links":{"self":[{"href":"https:\/\/www.dramfolks-whisky-auction.com\/en\/wp-json\/wp\/v2\/product\/5973","targetHints":{"allow":["GET"]}}],"collection":[{"href":"https:\/\/www.dramfolks-whisky-auction.com\/en\/wp-json\/wp\/v2\/product"}],"about":[{"href":"https:\/\/www.dramfolks-whisky-auction.com\/en\/wp-json\/wp\/v2\/types\/product"}],"replies":[{"embeddable":true,"href":"https:\/\/www.dramfolks-whisky-auction.com\/en\/wp-json\/wp\/v2\/comments?post=5973"}],"wp:featuredmedia":[{"embeddable":true,"href":"https:\/\/www.dramfolks-whisky-auction.com\/en\/wp-json\/wp\/v2\/media\/5974"}],"wp:attachment":[{"href":"https:\/\/www.dramfolks-whisky-auction.com\/en\/wp-json\/wp\/v2\/media?parent=5973"}],"wp:term":[{"taxonomy":"product_brand","embeddable":true,"href":"https:\/\/www.dramfolks-whisky-auction.com\/en\/wp-json\/wp\/v2\/product_brand?post=5973"},{"taxonomy":"product_cat","embeddable":true,"href":"https:\/\/www.dramfolks-whisky-auction.com\/en\/wp-json\/wp\/v2\/product_cat?post=5973"},{"taxonomy":"product_tag","embeddable":true,"href":"https:\/\/www.dramfolks-whisky-auction.com\/en\/wp-json\/wp\/v2\/product_tag?post=5973"}],"curies":[{"name":"wp","href":"https:\/\/api.w.org\/{rel}","templated":true}]}}