{"id":5965,"date":"2024-04-10T20:03:53","date_gmt":"2024-04-10T18:03:53","guid":{"rendered":"https:\/\/www.dramfolks-whisky-auction.com\/?post_type=product&#038;p=5965"},"modified":"2024-05-17T21:00:24","modified_gmt":"2024-05-17T19:00:24","slug":"glencadam-origin-1825-the-rather-elegant-2","status":"publish","type":"product","link":"https:\/\/www.dramfolks-whisky-auction.com\/en\/product\/glencadam-origin-1825-the-rather-elegant-2\/","title":{"rendered":"Glencadam &#8211; Origin 1825 The Rather Elegant"},"content":{"rendered":"<p><strong>Destille: Glencadam<br \/>\n<\/strong>Glencadam, das sich in der Burgh of Brechin befindet, wurde in der &#8220;\u00c4ra des Optimismus&#8221; nach der Verabschiedung des Verbrauchsteuergesetzes von 1823 erbaut. Nachdem sie eine Reihe von Besitzern durchlaufen hatte, wurde sie Teil des Nachlasses des Glasgower Blenders Gilmour Thompson &amp; Co, der die Brennerei 1891 kaufte. Die Glasgower Blenders stellten 1954 den Betrieb ein, sodass Glencadam an den kanadischen Destillateur Hiram Walker verkauft wurde. Durch einen Fusionsprozess wurde es Teil von Allied Distillers und galt als die &#8220;Heimat&#8221; der Dundee-Mischung Stewart&#8217;s Cream of the Barley. Im Jahr 2000 wurde das Werk von den Alliierten eingemottet, aber drei Jahre sp\u00e4ter von der in London ans\u00e4ssigen Firma Angus Dundee gekauft. Glencadam war die meiste Zeit seines Bestehens ein &#8220;stiller Whisky-Spieler&#8221; und entwickelt sich erst langsam zu einem eigenst\u00e4ndigen Single Malt. J\u00e4hrliches Produktionsvolumen: ca. 1,5 Mio. Liter<\/p>\n<p><strong>Fun Fakt:\u00a0<\/strong>Glencadams neuer Markencharakter aus Blumen und Birnentropfen ist ein direktes Ergebnis eines Destillationsprozesses, das den R\u00fcckfluss maximiert, denn die &#8220;Lyne-Arme&#8221; an den Brennblasen sind nach oben geneigt. Sein reifer Charakter, insbesondere wenn er in amerikanischer Eiche gereift ist, hat eine weiche, buttrige Qualit\u00e4t, die dem Gaumen eine seidige Note verleiht. Einzigartiger Charakter einer \u00fcber 200 Jahre alten Brennerei.<\/p>\n<p><strong>Whisky\/Whiskey: Origin 1825 The Rather Elegant<br \/>\n<\/strong>&#8220;The Rather Elegant&#8221; ist eine Komposition aus ausgew\u00e4hlten Ex-Bourbon-Barrels aus amerikanischer Wei\u00dfeiche und F\u00e4ssern, die eine zweite Reifung in ehemaligen spanischen Oloroso-Sherryf\u00e4ssern erhielten. Er wird auch als der Einstiegsmalt in die Welt von Glencadam bezeichnet.<\/p>\n<p><strong>Info Qualit\u00e4t der Flasche:<\/strong> Exzellent &#8211; ohne Besch\u00e4digungen \/ <strong>F\u00fcllstand:<\/strong> Into neck<br \/>\n<strong>Info Qualit\u00e4t der Box:\u00a0<\/strong>Exzellent &#8211; ohne Besch\u00e4digungen<\/p>\n<p><strong>Wichtiger Hinweis:<\/strong> Die Bewertung der Flaschen und Boxen erfolgt nach \u201ebesten Wissen und Gewissen\u201c. dramfolks kann keine Gew\u00e4hrleistung f\u00fcr den Inhalt der Flaschen \u00fcbernehmen. Weitere Infos &amp; Hinweise finden Sie in unseren AGBs. Wir empfehlen Ihnen, vor der Abgabe von Geboten \u00fcber die Zoomfunktion eine Besichtigung \/ genaue Pr\u00fcfung des angebotenen Whiskys vorzunehmen. Bitte kontaktieren sie uns bei Fragen direkt unter info@dramfolks.com<\/p>\n","protected":false},"excerpt":{"rendered":"<p>Destille: Glencadam Glencadam, das sich in der Burgh of Brechin befindet, wurde in der &#8220;\u00c4ra des Optimismus&#8221; nach der Verabschiedung des Verbrauchsteuergesetzes von 1823 erbaut. Nachdem sie eine Reihe von Besitzern durchlaufen hatte, wurde sie Teil des Nachlasses des Glasgower Blenders Gilmour Thompson &amp; Co, der die Brennerei 1891 kaufte. Die Glasgower Blenders stellten 1954[&#8230;]\n","protected":false},"featured_media":5966,"comment_status":"closed","ping_status":"closed","template":"","meta":[],"product_brand":[],"product_cat":[790],"product_tag":[],"class_list":{"0":"post-5965","1":"product","2":"type-product","3":"status-publish","4":"has-post-thumbnail","6":"product_cat-no-10","8":"first","9":"instock","10":"shipping-taxable","11":"purchasable","12":"product-type-auction"},"yoast_head":"<!-- This site is optimized with the Yoast SEO plugin v27.4 - https:\/\/yoast.com\/product\/yoast-seo-wordpress\/ -->\n<title>Glencadam - Origin 1825 The Rather Elegant - Dramfolks Whisky Auction<\/title>\n<meta name=\"robots\" content=\"index, follow, max-snippet:-1, max-image-preview:large, max-video-preview:-1\" \/>\n<link rel=\"canonical\" href=\"https:\/\/www.dramfolks-whisky-auction.com\/en\/product\/glencadam-origin-1825-the-rather-elegant-2\/\" \/>\n<meta property=\"og:locale\" content=\"en_US\" \/>\n<meta property=\"og:type\" content=\"article\" \/>\n<meta property=\"og:title\" content=\"Glencadam - Origin 1825 The Rather Elegant - Dramfolks Whisky Auction\" \/>\n<meta property=\"og:description\" content=\"Destille: Glencadam Glencadam, das sich in der Burgh of Brechin befindet, wurde in der &#8220;\u00c4ra des Optimismus&#8221; nach der Verabschiedung des Verbrauchsteuergesetzes von 1823 erbaut. Nachdem sie eine Reihe von Besitzern durchlaufen hatte, wurde sie Teil des Nachlasses des Glasgower Blenders Gilmour Thompson &amp; Co, der die Brennerei 1891 kaufte. Die Glasgower Blenders stellten 1954[...]\" \/>\n<meta property=\"og:url\" content=\"https:\/\/www.dramfolks-whisky-auction.com\/en\/product\/glencadam-origin-1825-the-rather-elegant-2\/\" \/>\n<meta property=\"og:site_name\" content=\"Dramfolks Whisky Auction\" \/>\n<meta property=\"article:modified_time\" content=\"2024-05-17T19:00:24+00:00\" \/>\n<meta property=\"og:image\" content=\"https:\/\/www.dramfolks-whisky-auction.com\/wp-content\/uploads\/2024\/04\/Glencadam-1825-vorne-scaled.jpg\" \/>\n\t<meta property=\"og:image:width\" content=\"2560\" \/>\n\t<meta property=\"og:image:height\" content=\"2560\" \/>\n\t<meta property=\"og:image:type\" content=\"image\/jpeg\" \/>\n<meta name=\"twitter:card\" content=\"summary_large_image\" \/>\n<meta name=\"twitter:label1\" content=\"Est. reading time\" \/>\n\t<meta name=\"twitter:data1\" content=\"2 minutes\" \/>\n<script type=\"application\/ld+json\" class=\"yoast-schema-graph\">{\"@context\":\"https:\\\/\\\/schema.org\",\"@graph\":[{\"@type\":\"WebPage\",\"@id\":\"https:\\\/\\\/www.dramfolks-whisky-auction.com\\\/en\\\/product\\\/glencadam-origin-1825-the-rather-elegant-2\\\/\",\"url\":\"https:\\\/\\\/www.dramfolks-whisky-auction.com\\\/en\\\/product\\\/glencadam-origin-1825-the-rather-elegant-2\\\/\",\"name\":\"Glencadam - Origin 1825 The Rather Elegant - Dramfolks Whisky Auction\",\"isPartOf\":{\"@id\":\"https:\\\/\\\/www.dramfolks-whisky-auction.com\\\/en\\\/#website\"},\"primaryImageOfPage\":{\"@id\":\"https:\\\/\\\/www.dramfolks-whisky-auction.com\\\/en\\\/product\\\/glencadam-origin-1825-the-rather-elegant-2\\\/#primaryimage\"},\"image\":{\"@id\":\"https:\\\/\\\/www.dramfolks-whisky-auction.com\\\/en\\\/product\\\/glencadam-origin-1825-the-rather-elegant-2\\\/#primaryimage\"},\"thumbnailUrl\":\"https:\\\/\\\/www.dramfolks-whisky-auction.com\\\/wp-content\\\/uploads\\\/2024\\\/04\\\/Glencadam-1825-vorne-scaled.jpg\",\"datePublished\":\"2024-04-10T18:03:53+00:00\",\"dateModified\":\"2024-05-17T19:00:24+00:00\",\"breadcrumb\":{\"@id\":\"https:\\\/\\\/www.dramfolks-whisky-auction.com\\\/en\\\/product\\\/glencadam-origin-1825-the-rather-elegant-2\\\/#breadcrumb\"},\"inLanguage\":\"en-US\",\"potentialAction\":[{\"@type\":\"ReadAction\",\"target\":[\"https:\\\/\\\/www.dramfolks-whisky-auction.com\\\/en\\\/product\\\/glencadam-origin-1825-the-rather-elegant-2\\\/\"]}]},{\"@type\":\"ImageObject\",\"inLanguage\":\"en-US\",\"@id\":\"https:\\\/\\\/www.dramfolks-whisky-auction.com\\\/en\\\/product\\\/glencadam-origin-1825-the-rather-elegant-2\\\/#primaryimage\",\"url\":\"https:\\\/\\\/www.dramfolks-whisky-auction.com\\\/wp-content\\\/uploads\\\/2024\\\/04\\\/Glencadam-1825-vorne-scaled.jpg\",\"contentUrl\":\"https:\\\/\\\/www.dramfolks-whisky-auction.com\\\/wp-content\\\/uploads\\\/2024\\\/04\\\/Glencadam-1825-vorne-scaled.jpg\",\"width\":2560,\"height\":2560},{\"@type\":\"BreadcrumbList\",\"@id\":\"https:\\\/\\\/www.dramfolks-whisky-auction.com\\\/en\\\/product\\\/glencadam-origin-1825-the-rather-elegant-2\\\/#breadcrumb\",\"itemListElement\":[{\"@type\":\"ListItem\",\"position\":1,\"name\":\"Startseite\",\"item\":\"https:\\\/\\\/www.dramfolks-whisky-auction.com\\\/en\\\/\"},{\"@type\":\"ListItem\",\"position\":2,\"name\":\"Shop\",\"item\":\"https:\\\/\\\/www.dramfolks-whisky-auction.com\\\/en\\\/shop\\\/\"},{\"@type\":\"ListItem\",\"position\":3,\"name\":\"Glencadam &#8211; Origin 1825 The Rather Elegant\"}]},{\"@type\":\"WebSite\",\"@id\":\"https:\\\/\\\/www.dramfolks-whisky-auction.com\\\/en\\\/#website\",\"url\":\"https:\\\/\\\/www.dramfolks-whisky-auction.com\\\/en\\\/\",\"name\":\"Dramfolks Whisky Auction\",\"description\":\"\",\"potentialAction\":[{\"@type\":\"SearchAction\",\"target\":{\"@type\":\"EntryPoint\",\"urlTemplate\":\"https:\\\/\\\/www.dramfolks-whisky-auction.com\\\/en\\\/?s={search_term_string}\"},\"query-input\":{\"@type\":\"PropertyValueSpecification\",\"valueRequired\":true,\"valueName\":\"search_term_string\"}}],\"inLanguage\":\"en-US\"}]}<\/script>\n<!-- \/ Yoast SEO plugin. -->","yoast_head_json":{"title":"Glencadam - Origin 1825 The Rather Elegant - Dramfolks Whisky Auction","robots":{"index":"index","follow":"follow","max-snippet":"max-snippet:-1","max-image-preview":"max-image-preview:large","max-video-preview":"max-video-preview:-1"},"canonical":"https:\/\/www.dramfolks-whisky-auction.com\/en\/product\/glencadam-origin-1825-the-rather-elegant-2\/","og_locale":"en_US","og_type":"article","og_title":"Glencadam - Origin 1825 The Rather Elegant - Dramfolks Whisky Auction","og_description":"Destille: Glencadam Glencadam, das sich in der Burgh of Brechin befindet, wurde in der &#8220;\u00c4ra des Optimismus&#8221; nach der Verabschiedung des Verbrauchsteuergesetzes von 1823 erbaut. Nachdem sie eine Reihe von Besitzern durchlaufen hatte, wurde sie Teil des Nachlasses des Glasgower Blenders Gilmour Thompson &amp; Co, der die Brennerei 1891 kaufte. Die Glasgower Blenders stellten 1954[...]","og_url":"https:\/\/www.dramfolks-whisky-auction.com\/en\/product\/glencadam-origin-1825-the-rather-elegant-2\/","og_site_name":"Dramfolks Whisky Auction","article_modified_time":"2024-05-17T19:00:24+00:00","og_image":[{"width":2560,"height":2560,"url":"https:\/\/www.dramfolks-whisky-auction.com\/wp-content\/uploads\/2024\/04\/Glencadam-1825-vorne-scaled.jpg","type":"image\/jpeg"}],"twitter_card":"summary_large_image","twitter_misc":{"Est. reading time":"2 minutes"},"schema":{"@context":"https:\/\/schema.org","@graph":[{"@type":"WebPage","@id":"https:\/\/www.dramfolks-whisky-auction.com\/en\/product\/glencadam-origin-1825-the-rather-elegant-2\/","url":"https:\/\/www.dramfolks-whisky-auction.com\/en\/product\/glencadam-origin-1825-the-rather-elegant-2\/","name":"Glencadam - Origin 1825 The Rather Elegant - Dramfolks Whisky Auction","isPartOf":{"@id":"https:\/\/www.dramfolks-whisky-auction.com\/en\/#website"},"primaryImageOfPage":{"@id":"https:\/\/www.dramfolks-whisky-auction.com\/en\/product\/glencadam-origin-1825-the-rather-elegant-2\/#primaryimage"},"image":{"@id":"https:\/\/www.dramfolks-whisky-auction.com\/en\/product\/glencadam-origin-1825-the-rather-elegant-2\/#primaryimage"},"thumbnailUrl":"https:\/\/www.dramfolks-whisky-auction.com\/wp-content\/uploads\/2024\/04\/Glencadam-1825-vorne-scaled.jpg","datePublished":"2024-04-10T18:03:53+00:00","dateModified":"2024-05-17T19:00:24+00:00","breadcrumb":{"@id":"https:\/\/www.dramfolks-whisky-auction.com\/en\/product\/glencadam-origin-1825-the-rather-elegant-2\/#breadcrumb"},"inLanguage":"en-US","potentialAction":[{"@type":"ReadAction","target":["https:\/\/www.dramfolks-whisky-auction.com\/en\/product\/glencadam-origin-1825-the-rather-elegant-2\/"]}]},{"@type":"ImageObject","inLanguage":"en-US","@id":"https:\/\/www.dramfolks-whisky-auction.com\/en\/product\/glencadam-origin-1825-the-rather-elegant-2\/#primaryimage","url":"https:\/\/www.dramfolks-whisky-auction.com\/wp-content\/uploads\/2024\/04\/Glencadam-1825-vorne-scaled.jpg","contentUrl":"https:\/\/www.dramfolks-whisky-auction.com\/wp-content\/uploads\/2024\/04\/Glencadam-1825-vorne-scaled.jpg","width":2560,"height":2560},{"@type":"BreadcrumbList","@id":"https:\/\/www.dramfolks-whisky-auction.com\/en\/product\/glencadam-origin-1825-the-rather-elegant-2\/#breadcrumb","itemListElement":[{"@type":"ListItem","position":1,"name":"Startseite","item":"https:\/\/www.dramfolks-whisky-auction.com\/en\/"},{"@type":"ListItem","position":2,"name":"Shop","item":"https:\/\/www.dramfolks-whisky-auction.com\/en\/shop\/"},{"@type":"ListItem","position":3,"name":"Glencadam &#8211; Origin 1825 The Rather Elegant"}]},{"@type":"WebSite","@id":"https:\/\/www.dramfolks-whisky-auction.com\/en\/#website","url":"https:\/\/www.dramfolks-whisky-auction.com\/en\/","name":"Dramfolks Whisky Auction","description":"","potentialAction":[{"@type":"SearchAction","target":{"@type":"EntryPoint","urlTemplate":"https:\/\/www.dramfolks-whisky-auction.com\/en\/?s={search_term_string}"},"query-input":{"@type":"PropertyValueSpecification","valueRequired":true,"valueName":"search_term_string"}}],"inLanguage":"en-US"}]}},"_links":{"self":[{"href":"https:\/\/www.dramfolks-whisky-auction.com\/en\/wp-json\/wp\/v2\/product\/5965","targetHints":{"allow":["GET"]}}],"collection":[{"href":"https:\/\/www.dramfolks-whisky-auction.com\/en\/wp-json\/wp\/v2\/product"}],"about":[{"href":"https:\/\/www.dramfolks-whisky-auction.com\/en\/wp-json\/wp\/v2\/types\/product"}],"replies":[{"embeddable":true,"href":"https:\/\/www.dramfolks-whisky-auction.com\/en\/wp-json\/wp\/v2\/comments?post=5965"}],"wp:featuredmedia":[{"embeddable":true,"href":"https:\/\/www.dramfolks-whisky-auction.com\/en\/wp-json\/wp\/v2\/media\/5966"}],"wp:attachment":[{"href":"https:\/\/www.dramfolks-whisky-auction.com\/en\/wp-json\/wp\/v2\/media?parent=5965"}],"wp:term":[{"taxonomy":"product_brand","embeddable":true,"href":"https:\/\/www.dramfolks-whisky-auction.com\/en\/wp-json\/wp\/v2\/product_brand?post=5965"},{"taxonomy":"product_cat","embeddable":true,"href":"https:\/\/www.dramfolks-whisky-auction.com\/en\/wp-json\/wp\/v2\/product_cat?post=5965"},{"taxonomy":"product_tag","embeddable":true,"href":"https:\/\/www.dramfolks-whisky-auction.com\/en\/wp-json\/wp\/v2\/product_tag?post=5965"}],"curies":[{"name":"wp","href":"https:\/\/api.w.org\/{rel}","templated":true}]}}