{"id":5369556,"date":"2025-09-20T08:54:36","date_gmt":"2025-09-20T06:54:36","guid":{"rendered":"https:\/\/www.dramfolks-whisky-auction.com\/?post_type=product&#038;p=5369556"},"modified":"2025-10-05T19:00:16","modified_gmt":"2025-10-05T17:00:16","slug":"rum-labourdonnais-distillery-star-key-vsop-single-cask-rum","status":"publish","type":"product","link":"https:\/\/www.dramfolks-whisky-auction.com\/en\/product\/rum-labourdonnais-distillery-star-key-vsop-single-cask-rum\/","title":{"rendered":"&#8211;Rum&#8211; Labourdonnais Distillery &#8211; Star &#038; Key VSOP Single Cask Rum"},"content":{"rendered":"<p><strong>Destille: Labourdonnais Distillery<br \/>\n<\/strong>Labourdonnais Distillery \u2013 Rumtradition aus Mauritius&#8230;<br \/>\nDie Labourdonnais Distillery liegt im Norden von Mauritius auf dem historischen Labourdonnais Estate, das bis ins Jahr 1856 zur\u00fcckreicht. Umgeben von Zuckerrohrfeldern und tropischen Obstg\u00e4rten produziert die Brennerei hochwertigen Cane Juice Rum direkt aus frisch gepresstem Zuckerrohrsaft \u2013 ganz im Stil traditioneller Agricole-Rums.<br \/>\nBesonders bekannt ist Labourdonnais f\u00fcr ihre fruchtigen Rumkreationen, bei denen echte Fr\u00fcchte aus eigenem Anbau verwendet werden \u2013 darunter auch Passionsfrucht, Ananas und Zitrus. Die Verbindung von handwerklicher Destillation, lokalen Zutaten und nachhaltiger Produktion macht die Brennerei zu einem echten Aush\u00e4ngeschild der mauritischen Rumkultur.<strong><br \/>\n<\/strong><\/p>\n<p><strong>Fun Fakt: <\/strong>Die Labourdonnais Distillery liegt so idyllisch in einem tropischen Garten, dass sich Besucher:innen manchmal fragen, ob sie sich verlaufen haben und versehentlich in einen botanischen Garten geraten sind.<br \/>\nAber keine Sorge \u2013 der Rum ist echt, und die Pflanzen sind nur die Zutaten f\u00fcr die n\u00e4chste fruchtige Versuchung.<br \/>\nRum-Tasting mit Urlaubsfeeling inklusive!<\/p>\n<p><strong>Rum\/Rhum: Star &amp; Key VSOP Single Cask Rum<br \/>\n<\/strong>Star &amp; Key VSOP Single Cask Rum \u2013 Tropische Tiefe aus Mauritius&#8230;<br \/>\nDer Star &amp; Key VSOP Rum ist ein Single Estate Rum aus Mauritius, hergestellt auf dem historischen Labourdonnais Estate, das seit 1856 besteht.<br \/>\nDieser Rum wird aus frischem Zuckerrohrsaft in einem traditionellen Coffey Still destilliert und anschlie\u00dfend \u00fcber vier Jahre lang in langsam getoasteten franz\u00f6sischen Cognac-F\u00e4ssern gereift. Das Ergebnis ist ein komplexer, aromatischer Rum, der sowohl pur als auch in Cocktails \u00fcberzeugt.<br \/>\nTasting Notes<br \/>\nNase: Toasted Pastry, Cr\u00e8me Br\u00fbl\u00e9e, getrocknete Fr\u00fcchte, Vanille und Muskat<br \/>\nGaumen: Trocken und lebendig mit Noten von Honig, Marmelade, ger\u00f6steten N\u00fcssen, braunem Zucker<br \/>\nFinish: Lang und elegant mit Aromen von Schokolade, Orange und Backgew\u00fcrzen123<br \/>\nMit einem Alkoholgehalt von 43 % Vol. ist dieser Rum ideal zum genussvollen Sippen, aber auch ein Highlight in klassischen Cocktails wie Mai Tai oder Jungle Bird.<br \/>\nDie hier angebotene Flasche stammt aus dem Cak No.41 und hat die Bottle No. 018.<br \/>\nEin echter Geheimtipp f\u00fcr Liebhaber:innen von fruchtig-w\u00fcrzigen Agricole-Rums mit Tiefe und Charakter. -&gt;<span dir=\"auto\"><span class=\"\" dir=\"auto\">Star &amp; Key Rum VSOP Single Cask Rum gewann bei der New York World Spirits Competition 2024 den angesehenen Titel \u201eBester Rum insgesamt\u201c. Anerkennung fand er f\u00fcr seine reiche Tradition, den sorgf\u00e4ltigen Alterungsprozess und das raffinierte Geschmacksprofil, das die Kunstfertigkeit des Premium-Rums veranschaulicht.<\/span><\/span><\/p>\n<p><strong>Info Qualit\u00e4t der Flasche:<\/strong> Exzellent &#8211; ohne Besch\u00e4digungen \/ <strong>F\u00fcllstand:<\/strong> Top shoulder<br \/>\n<strong>Info Qualit\u00e4t der Box: <\/strong>keine Box vorhanden<\/p>\n<p><strong>Wichtiger Hinweis:<\/strong> Die Bewertung der Flaschen und Boxen erfolgt nach \u201ebesten Wissen und Gewissen\u201c. dramfolks kann keine Gew\u00e4hrleistung f\u00fcr den Inhalt der Flaschen \u00fcbernehmen. Weitere Infos &amp; Hinweise finden Sie in unseren AGBs. Wir empfehlen Ihnen, vor der Abgabe von Geboten \u00fcber die Zoomfunktion eine Besichtigung \/ genaue Pr\u00fcfung des angebotenen Whiskys vorzunehmen. Bitte kontaktieren sie uns bei Fragen direkt unter info@dramfolks.com<\/p>\n","protected":false},"excerpt":{"rendered":"<p>Destille: Labourdonnais Distillery Labourdonnais Distillery \u2013 Rumtradition aus Mauritius&#8230; Die Labourdonnais Distillery liegt im Norden von Mauritius auf dem historischen Labourdonnais Estate, das bis ins Jahr 1856 zur\u00fcckreicht. Umgeben von Zuckerrohrfeldern und tropischen Obstg\u00e4rten produziert die Brennerei hochwertigen Cane Juice Rum direkt aus frisch gepresstem Zuckerrohrsaft \u2013 ganz im Stil traditioneller Agricole-Rums. Besonders bekannt ist[&#8230;]\n","protected":false},"featured_media":5369558,"comment_status":"closed","ping_status":"closed","template":"","meta":[],"product_brand":[],"product_cat":[1233],"product_tag":[],"class_list":{"0":"post-5369556","1":"product","2":"type-product","3":"status-publish","4":"has-post-thumbnail","6":"product_cat-no-20","8":"first","9":"instock","10":"shipping-taxable","11":"purchasable","12":"product-type-auction"},"yoast_head":"<!-- This site is optimized with the Yoast SEO plugin v27.0 - https:\/\/yoast.com\/product\/yoast-seo-wordpress\/ -->\n<title>-Rum- Labourdonnais Distillery - Star &amp; Key VSOP Single Cask Rum - Dramfolks Whisky Auction<\/title>\n<meta name=\"robots\" content=\"index, follow, max-snippet:-1, max-image-preview:large, max-video-preview:-1\" \/>\n<link rel=\"canonical\" href=\"https:\/\/www.dramfolks-whisky-auction.com\/en\/product\/rum-labourdonnais-distillery-star-key-vsop-single-cask-rum\/\" \/>\n<meta property=\"og:locale\" content=\"en_US\" \/>\n<meta property=\"og:type\" content=\"article\" \/>\n<meta property=\"og:title\" content=\"-Rum- Labourdonnais Distillery - Star &amp; Key VSOP Single Cask Rum - Dramfolks Whisky Auction\" \/>\n<meta property=\"og:description\" content=\"Destille: Labourdonnais Distillery Labourdonnais Distillery \u2013 Rumtradition aus Mauritius&#8230; Die Labourdonnais Distillery liegt im Norden von Mauritius auf dem historischen Labourdonnais Estate, das bis ins Jahr 1856 zur\u00fcckreicht. Umgeben von Zuckerrohrfeldern und tropischen Obstg\u00e4rten produziert die Brennerei hochwertigen Cane Juice Rum direkt aus frisch gepresstem Zuckerrohrsaft \u2013 ganz im Stil traditioneller Agricole-Rums. Besonders bekannt ist[...]\" \/>\n<meta property=\"og:url\" content=\"https:\/\/www.dramfolks-whisky-auction.com\/en\/product\/rum-labourdonnais-distillery-star-key-vsop-single-cask-rum\/\" \/>\n<meta property=\"og:site_name\" content=\"Dramfolks Whisky Auction\" \/>\n<meta property=\"article:modified_time\" content=\"2025-10-05T17:00:16+00:00\" \/>\n<meta property=\"og:image\" content=\"https:\/\/www.dramfolks-whisky-auction.com\/wp-content\/uploads\/2025\/09\/StarKey-vorne.jpg\" \/>\n\t<meta property=\"og:image:width\" content=\"1738\" \/>\n\t<meta property=\"og:image:height\" content=\"1738\" \/>\n\t<meta property=\"og:image:type\" content=\"image\/jpeg\" \/>\n<meta name=\"twitter:card\" content=\"summary_large_image\" \/>\n<meta name=\"twitter:label1\" content=\"Est. reading time\" \/>\n\t<meta name=\"twitter:data1\" content=\"3 minutes\" \/>\n<script type=\"application\/ld+json\" class=\"yoast-schema-graph\">{\"@context\":\"https:\/\/schema.org\",\"@graph\":[{\"@type\":\"WebPage\",\"@id\":\"https:\/\/www.dramfolks-whisky-auction.com\/en\/product\/rum-labourdonnais-distillery-star-key-vsop-single-cask-rum\/\",\"url\":\"https:\/\/www.dramfolks-whisky-auction.com\/en\/product\/rum-labourdonnais-distillery-star-key-vsop-single-cask-rum\/\",\"name\":\"-Rum- Labourdonnais Distillery - Star & Key VSOP Single Cask Rum - Dramfolks Whisky Auction\",\"isPartOf\":{\"@id\":\"https:\/\/www.dramfolks-whisky-auction.com\/en\/#website\"},\"primaryImageOfPage\":{\"@id\":\"https:\/\/www.dramfolks-whisky-auction.com\/en\/product\/rum-labourdonnais-distillery-star-key-vsop-single-cask-rum\/#primaryimage\"},\"image\":{\"@id\":\"https:\/\/www.dramfolks-whisky-auction.com\/en\/product\/rum-labourdonnais-distillery-star-key-vsop-single-cask-rum\/#primaryimage\"},\"thumbnailUrl\":\"https:\/\/www.dramfolks-whisky-auction.com\/wp-content\/uploads\/2025\/09\/StarKey-vorne.jpg\",\"datePublished\":\"2025-09-20T06:54:36+00:00\",\"dateModified\":\"2025-10-05T17:00:16+00:00\",\"breadcrumb\":{\"@id\":\"https:\/\/www.dramfolks-whisky-auction.com\/en\/product\/rum-labourdonnais-distillery-star-key-vsop-single-cask-rum\/#breadcrumb\"},\"inLanguage\":\"en-US\",\"potentialAction\":[{\"@type\":\"ReadAction\",\"target\":[\"https:\/\/www.dramfolks-whisky-auction.com\/en\/product\/rum-labourdonnais-distillery-star-key-vsop-single-cask-rum\/\"]}]},{\"@type\":\"ImageObject\",\"inLanguage\":\"en-US\",\"@id\":\"https:\/\/www.dramfolks-whisky-auction.com\/en\/product\/rum-labourdonnais-distillery-star-key-vsop-single-cask-rum\/#primaryimage\",\"url\":\"https:\/\/www.dramfolks-whisky-auction.com\/wp-content\/uploads\/2025\/09\/StarKey-vorne.jpg\",\"contentUrl\":\"https:\/\/www.dramfolks-whisky-auction.com\/wp-content\/uploads\/2025\/09\/StarKey-vorne.jpg\",\"width\":1738,\"height\":1738},{\"@type\":\"BreadcrumbList\",\"@id\":\"https:\/\/www.dramfolks-whisky-auction.com\/en\/product\/rum-labourdonnais-distillery-star-key-vsop-single-cask-rum\/#breadcrumb\",\"itemListElement\":[{\"@type\":\"ListItem\",\"position\":1,\"name\":\"Startseite\",\"item\":\"https:\/\/www.dramfolks-whisky-auction.com\/en\/\"},{\"@type\":\"ListItem\",\"position\":2,\"name\":\"Shop\",\"item\":\"https:\/\/www.dramfolks-whisky-auction.com\/en\/shop\/\"},{\"@type\":\"ListItem\",\"position\":3,\"name\":\"&#8211;Rum&#8211; Labourdonnais Distillery &#8211; Star &#038; Key VSOP Single Cask Rum\"}]},{\"@type\":\"WebSite\",\"@id\":\"https:\/\/www.dramfolks-whisky-auction.com\/en\/#website\",\"url\":\"https:\/\/www.dramfolks-whisky-auction.com\/en\/\",\"name\":\"Dramfolks Whisky Auction\",\"description\":\"\",\"potentialAction\":[{\"@type\":\"SearchAction\",\"target\":{\"@type\":\"EntryPoint\",\"urlTemplate\":\"https:\/\/www.dramfolks-whisky-auction.com\/en\/?s={search_term_string}\"},\"query-input\":{\"@type\":\"PropertyValueSpecification\",\"valueRequired\":true,\"valueName\":\"search_term_string\"}}],\"inLanguage\":\"en-US\"}]}<\/script>\n<!-- \/ Yoast SEO plugin. -->","yoast_head_json":{"title":"-Rum- Labourdonnais Distillery - Star & Key VSOP Single Cask Rum - Dramfolks Whisky Auction","robots":{"index":"index","follow":"follow","max-snippet":"max-snippet:-1","max-image-preview":"max-image-preview:large","max-video-preview":"max-video-preview:-1"},"canonical":"https:\/\/www.dramfolks-whisky-auction.com\/en\/product\/rum-labourdonnais-distillery-star-key-vsop-single-cask-rum\/","og_locale":"en_US","og_type":"article","og_title":"-Rum- Labourdonnais Distillery - Star & Key VSOP Single Cask Rum - Dramfolks Whisky Auction","og_description":"Destille: Labourdonnais Distillery Labourdonnais Distillery \u2013 Rumtradition aus Mauritius&#8230; Die Labourdonnais Distillery liegt im Norden von Mauritius auf dem historischen Labourdonnais Estate, das bis ins Jahr 1856 zur\u00fcckreicht. Umgeben von Zuckerrohrfeldern und tropischen Obstg\u00e4rten produziert die Brennerei hochwertigen Cane Juice Rum direkt aus frisch gepresstem Zuckerrohrsaft \u2013 ganz im Stil traditioneller Agricole-Rums. Besonders bekannt ist[...]","og_url":"https:\/\/www.dramfolks-whisky-auction.com\/en\/product\/rum-labourdonnais-distillery-star-key-vsop-single-cask-rum\/","og_site_name":"Dramfolks Whisky Auction","article_modified_time":"2025-10-05T17:00:16+00:00","og_image":[{"width":1738,"height":1738,"url":"https:\/\/www.dramfolks-whisky-auction.com\/wp-content\/uploads\/2025\/09\/StarKey-vorne.jpg","type":"image\/jpeg"}],"twitter_card":"summary_large_image","twitter_misc":{"Est. reading time":"3 minutes"},"schema":{"@context":"https:\/\/schema.org","@graph":[{"@type":"WebPage","@id":"https:\/\/www.dramfolks-whisky-auction.com\/en\/product\/rum-labourdonnais-distillery-star-key-vsop-single-cask-rum\/","url":"https:\/\/www.dramfolks-whisky-auction.com\/en\/product\/rum-labourdonnais-distillery-star-key-vsop-single-cask-rum\/","name":"-Rum- Labourdonnais Distillery - Star & Key VSOP Single Cask Rum - Dramfolks Whisky Auction","isPartOf":{"@id":"https:\/\/www.dramfolks-whisky-auction.com\/en\/#website"},"primaryImageOfPage":{"@id":"https:\/\/www.dramfolks-whisky-auction.com\/en\/product\/rum-labourdonnais-distillery-star-key-vsop-single-cask-rum\/#primaryimage"},"image":{"@id":"https:\/\/www.dramfolks-whisky-auction.com\/en\/product\/rum-labourdonnais-distillery-star-key-vsop-single-cask-rum\/#primaryimage"},"thumbnailUrl":"https:\/\/www.dramfolks-whisky-auction.com\/wp-content\/uploads\/2025\/09\/StarKey-vorne.jpg","datePublished":"2025-09-20T06:54:36+00:00","dateModified":"2025-10-05T17:00:16+00:00","breadcrumb":{"@id":"https:\/\/www.dramfolks-whisky-auction.com\/en\/product\/rum-labourdonnais-distillery-star-key-vsop-single-cask-rum\/#breadcrumb"},"inLanguage":"en-US","potentialAction":[{"@type":"ReadAction","target":["https:\/\/www.dramfolks-whisky-auction.com\/en\/product\/rum-labourdonnais-distillery-star-key-vsop-single-cask-rum\/"]}]},{"@type":"ImageObject","inLanguage":"en-US","@id":"https:\/\/www.dramfolks-whisky-auction.com\/en\/product\/rum-labourdonnais-distillery-star-key-vsop-single-cask-rum\/#primaryimage","url":"https:\/\/www.dramfolks-whisky-auction.com\/wp-content\/uploads\/2025\/09\/StarKey-vorne.jpg","contentUrl":"https:\/\/www.dramfolks-whisky-auction.com\/wp-content\/uploads\/2025\/09\/StarKey-vorne.jpg","width":1738,"height":1738},{"@type":"BreadcrumbList","@id":"https:\/\/www.dramfolks-whisky-auction.com\/en\/product\/rum-labourdonnais-distillery-star-key-vsop-single-cask-rum\/#breadcrumb","itemListElement":[{"@type":"ListItem","position":1,"name":"Startseite","item":"https:\/\/www.dramfolks-whisky-auction.com\/en\/"},{"@type":"ListItem","position":2,"name":"Shop","item":"https:\/\/www.dramfolks-whisky-auction.com\/en\/shop\/"},{"@type":"ListItem","position":3,"name":"&#8211;Rum&#8211; Labourdonnais Distillery &#8211; Star &#038; Key VSOP Single Cask Rum"}]},{"@type":"WebSite","@id":"https:\/\/www.dramfolks-whisky-auction.com\/en\/#website","url":"https:\/\/www.dramfolks-whisky-auction.com\/en\/","name":"Dramfolks Whisky Auction","description":"","potentialAction":[{"@type":"SearchAction","target":{"@type":"EntryPoint","urlTemplate":"https:\/\/www.dramfolks-whisky-auction.com\/en\/?s={search_term_string}"},"query-input":{"@type":"PropertyValueSpecification","valueRequired":true,"valueName":"search_term_string"}}],"inLanguage":"en-US"}]}},"_links":{"self":[{"href":"https:\/\/www.dramfolks-whisky-auction.com\/en\/wp-json\/wp\/v2\/product\/5369556","targetHints":{"allow":["GET"]}}],"collection":[{"href":"https:\/\/www.dramfolks-whisky-auction.com\/en\/wp-json\/wp\/v2\/product"}],"about":[{"href":"https:\/\/www.dramfolks-whisky-auction.com\/en\/wp-json\/wp\/v2\/types\/product"}],"replies":[{"embeddable":true,"href":"https:\/\/www.dramfolks-whisky-auction.com\/en\/wp-json\/wp\/v2\/comments?post=5369556"}],"wp:featuredmedia":[{"embeddable":true,"href":"https:\/\/www.dramfolks-whisky-auction.com\/en\/wp-json\/wp\/v2\/media\/5369558"}],"wp:attachment":[{"href":"https:\/\/www.dramfolks-whisky-auction.com\/en\/wp-json\/wp\/v2\/media?parent=5369556"}],"wp:term":[{"taxonomy":"product_brand","embeddable":true,"href":"https:\/\/www.dramfolks-whisky-auction.com\/en\/wp-json\/wp\/v2\/product_brand?post=5369556"},{"taxonomy":"product_cat","embeddable":true,"href":"https:\/\/www.dramfolks-whisky-auction.com\/en\/wp-json\/wp\/v2\/product_cat?post=5369556"},{"taxonomy":"product_tag","embeddable":true,"href":"https:\/\/www.dramfolks-whisky-auction.com\/en\/wp-json\/wp\/v2\/product_tag?post=5369556"}],"curies":[{"name":"wp","href":"https:\/\/api.w.org\/{rel}","templated":true}]}}