{"id":536899,"date":"2024-09-27T22:15:09","date_gmt":"2024-09-27T20:15:09","guid":{"rendered":"https:\/\/www.dramfolks-whisky-auction.com\/?post_type=product&#038;p=536899"},"modified":"2024-10-13T19:00:22","modified_gmt":"2024-10-13T17:00:22","slug":"hercynian-distilling-co-hammerschmiede-2019-2024-5yo-emperors-way-cream-sherry-cask","status":"publish","type":"product","link":"https:\/\/www.dramfolks-whisky-auction.com\/en\/product\/hercynian-distilling-co-hammerschmiede-2019-2024-5yo-emperors-way-cream-sherry-cask\/","title":{"rendered":"Hercynian Distilling Co. \/ Hammerschmiede &#8211; 2019\/2024 5yo Emperor&#8217;s Way Cream Sherry Cask"},"content":{"rendered":"<p><strong>Destille: Hercynian Distilling Co. \/ Hammerschmiede<br \/>\n<\/strong>Die Destillerie und Manufaktur Hammerschmiede wurde 1985 in der alten Hammerschmiede in Wieda bei Zorge (Niedersachsen) gegr\u00fcndet. Die alte Hammerschmiede, welche heute einen Teil der Whiskyf\u00e4sser beherbergt, wurde zwischen 1250 und 1270 von M\u00f6nchen und deren Gehilfen aus dem nahen Kloster Walkenried erbaut und geh\u00f6rte bis 1593 zu den Besitzt\u00fcmern des Klosters. 1895 wechselte die Hammerschmiede in den Besitz der Betreiberfamilie der heutigen Manufaktur. An diesem Ort begann auch die Geschichte des Harzer Single Malts mit den ersten Fassf\u00fcllungen im Jahr 2002. Seit 2007 ist der GlenEls\/ElsBurn im Malt Whisky Yearbook j\u00e4hrlich vertreten. Es folgten Mehrfach-Auszeichnungen in Gold bei den World Whisky Awards, Liquid Gold Awards und eine Platzierung unter den Top-20-Brennereien weltweit bei den 2019 World-Whisky-Awards. J\u00e4hrliches Produktionsvolumen: ca. 30.000 Liter.<\/p>\n<p><strong>Fun Fakt:<\/strong> 2019 &#8220;registrierte&#8221; man auch in Schottland, dass die Harzer einen super tollen Whisky brennen k\u00f6nnen. So gut, dass man die &#8220;kleine&#8221; Destille verklagte, weil sie im Namen das Wort &#8220;Glen&#8221; hatte. Da aber Glen ein &#8220;Kulturgut&#8221; der schottischen Whiskygesellschaft darstellt, untersagte man den Harzern mit Hilfe eines Urteils des Oberlandesgerichtes Hamburg den Namensbestandteil Glen. Dadurch erfolgte notgedrungen die Umbenennung in das heutige ElsBurn. Hat dem Erfolg und der Qualit\u00e4t des Harzer Whiskys aber absolut nicht geschadet!!!!<\/p>\n<p><strong>Whisky\/Whiskey: 2019\/2024 5yo Emperor&#8217;s Way Cream Sherry Cask<br \/>\n<\/strong>Beschreiten Sie mit dem Hercynian 2019\/2024 &#8211; 5 Jahre Emperor&#8217;s Way Cream Sherry Cask No. 1328 den Kaiserweg quer durch den sch\u00f6nen Harz und genie\u00dfen Sie einen Single Malt, der eines Regenten w\u00fcrdig ist. In sorgf\u00e4ltiger Handarbeit produziert, reifte der Whisky vom ersten bis zum letzten Tag \u00fcber 5 Jahre in einem s\u00fc\u00dfen Cream Sherry-Fass, bevor er vollkommen naturbelassen abgef\u00fcllt wurde. W\u00e4hrend die strahlende Farbe allein aus der Fassreifung stammt, bezeugen majest\u00e4tische 57,3% Vol. seine ungez\u00fcgelte Kraft. Und so erleben Sie besonders vollmundige Noten von reifen Fr\u00fcchten wie Feigen, Trauben und dunklen Beeren neben einem w\u00fcrzigen Mix aus feinherbem Kakao, edlem Holz und ger\u00f6steten N\u00fcssen. Eingeh\u00fcllt wird diese Komposition von viel Karamell, Rosinen und s\u00fc\u00dfem Torfrauch. Dieser erstklassige Whisky wird in Deutschland in der Hercynian Distilling Co. am s\u00fcdlichen Rand des Harzes hergestellt. In der Reihe Emperor&#8217;s Way ver\u00f6ffentlicht die Brennerei, die vielen auch als Hammerschmiede bekannt ist, ihren kr\u00e4ftigsten Single Malt, welcher es ohne weiteres mit seinen rauchigen Kollegen aus Schottland aufnehmen kann. Um die hervorragende Qualit\u00e4t zu w\u00fcrdigen, wird der au\u00dfergew\u00f6hnliche Whisky in einer standesgem\u00e4\u00dfen Holzbox verpackt. Da es sich um eine exklusive Einzelfassabf\u00fcllung handelt, gibt es gerade mal 250 Flaschen von diesem edlen Tropfen<em>!<\/em><em><strong> Es handelt sich hier um B<\/strong><\/em><strong><em>ottle 66 von 250 (Bot. Code: L2240) in der exklusiven blauangestrichenen Holzkiste!<\/em><\/strong><\/p>\n<p><strong>Info Qualit\u00e4t der Flasche:<\/strong> Exzellent ohne Besch\u00e4digungen \/ <strong>F\u00fcllstand:<\/strong> High fill<br \/>\n<strong>Info Qualit\u00e4t der Box:<\/strong> Exzellent ohne Besch\u00e4digungen<\/p>\n<p><strong>Wichtiger Hinweis: <\/strong>Die Bewertung der Flaschen und Boxen erfolgt nach \u201ebesten Wissen und Gewissen\u201c. dramfolks kann keine Gew\u00e4hrleistung f\u00fcr den Inhalt der Flaschen \u00fcbernehmen. Weitere Infos &amp; Hinweise finden Sie in unseren AGBs. Wir empfehlen Ihnen, vor der Abgabe von Geboten \u00fcber die Zoomfunktion eine Besichtigung \/ genaue Pr\u00fcfung des angebotenen Whiskys vorzunehmen. Bitte kontaktieren sie uns bei Fragen direkt unter info@dramfolks.com<\/p>\n","protected":false},"excerpt":{"rendered":"<p>Destille: Hercynian Distilling Co. \/ Hammerschmiede Die Destillerie und Manufaktur Hammerschmiede wurde 1985 in der alten Hammerschmiede in Wieda bei Zorge (Niedersachsen) gegr\u00fcndet. Die alte Hammerschmiede, welche heute einen Teil der Whiskyf\u00e4sser beherbergt, wurde zwischen 1250 und 1270 von M\u00f6nchen und deren Gehilfen aus dem nahen Kloster Walkenried erbaut und geh\u00f6rte bis 1593 zu den[&#8230;]\n","protected":false},"featured_media":536900,"comment_status":"closed","ping_status":"closed","template":"","meta":[],"product_brand":[],"product_cat":[933],"product_tag":[],"class_list":{"0":"post-536899","1":"product","2":"type-product","3":"status-publish","4":"has-post-thumbnail","6":"product_cat-no-13","8":"first","9":"instock","10":"shipping-taxable","11":"purchasable","12":"product-type-auction"},"yoast_head":"<!-- This site is optimized with the Yoast SEO plugin v27.4 - https:\/\/yoast.com\/product\/yoast-seo-wordpress\/ -->\n<title>Hercynian Distilling Co. \/ Hammerschmiede - 2019\/2024 5yo Emperor&#039;s Way Cream Sherry Cask - Dramfolks Whisky Auction<\/title>\n<meta name=\"robots\" content=\"index, follow, max-snippet:-1, max-image-preview:large, max-video-preview:-1\" \/>\n<link rel=\"canonical\" href=\"https:\/\/www.dramfolks-whisky-auction.com\/en\/product\/hercynian-distilling-co-hammerschmiede-2019-2024-5yo-emperors-way-cream-sherry-cask\/\" \/>\n<meta property=\"og:locale\" content=\"en_US\" \/>\n<meta property=\"og:type\" content=\"article\" \/>\n<meta property=\"og:title\" content=\"Hercynian Distilling Co. \/ Hammerschmiede - 2019\/2024 5yo Emperor&#039;s Way Cream Sherry Cask - Dramfolks Whisky Auction\" \/>\n<meta property=\"og:description\" content=\"Destille: Hercynian Distilling Co. \/ Hammerschmiede Die Destillerie und Manufaktur Hammerschmiede wurde 1985 in der alten Hammerschmiede in Wieda bei Zorge (Niedersachsen) gegr\u00fcndet. Die alte Hammerschmiede, welche heute einen Teil der Whiskyf\u00e4sser beherbergt, wurde zwischen 1250 und 1270 von M\u00f6nchen und deren Gehilfen aus dem nahen Kloster Walkenried erbaut und geh\u00f6rte bis 1593 zu den[...]\" \/>\n<meta property=\"og:url\" content=\"https:\/\/www.dramfolks-whisky-auction.com\/en\/product\/hercynian-distilling-co-hammerschmiede-2019-2024-5yo-emperors-way-cream-sherry-cask\/\" \/>\n<meta property=\"og:site_name\" content=\"Dramfolks Whisky Auction\" \/>\n<meta property=\"article:modified_time\" content=\"2024-10-13T17:00:22+00:00\" \/>\n<meta property=\"og:image\" content=\"https:\/\/www.dramfolks-whisky-auction.com\/wp-content\/uploads\/2024\/09\/Elsburn-Sherry-Cream-vorne.jpg\" \/>\n\t<meta property=\"og:image:width\" content=\"2555\" \/>\n\t<meta property=\"og:image:height\" content=\"2555\" \/>\n\t<meta property=\"og:image:type\" content=\"image\/jpeg\" \/>\n<meta name=\"twitter:card\" content=\"summary_large_image\" \/>\n<meta name=\"twitter:label1\" content=\"Est. reading time\" \/>\n\t<meta name=\"twitter:data1\" content=\"4 minutes\" \/>\n<script type=\"application\/ld+json\" class=\"yoast-schema-graph\">{\"@context\":\"https:\\\/\\\/schema.org\",\"@graph\":[{\"@type\":\"WebPage\",\"@id\":\"https:\\\/\\\/www.dramfolks-whisky-auction.com\\\/en\\\/product\\\/hercynian-distilling-co-hammerschmiede-2019-2024-5yo-emperors-way-cream-sherry-cask\\\/\",\"url\":\"https:\\\/\\\/www.dramfolks-whisky-auction.com\\\/en\\\/product\\\/hercynian-distilling-co-hammerschmiede-2019-2024-5yo-emperors-way-cream-sherry-cask\\\/\",\"name\":\"Hercynian Distilling Co. \\\/ Hammerschmiede - 2019\\\/2024 5yo Emperor's Way Cream Sherry Cask - Dramfolks Whisky Auction\",\"isPartOf\":{\"@id\":\"https:\\\/\\\/www.dramfolks-whisky-auction.com\\\/en\\\/#website\"},\"primaryImageOfPage\":{\"@id\":\"https:\\\/\\\/www.dramfolks-whisky-auction.com\\\/en\\\/product\\\/hercynian-distilling-co-hammerschmiede-2019-2024-5yo-emperors-way-cream-sherry-cask\\\/#primaryimage\"},\"image\":{\"@id\":\"https:\\\/\\\/www.dramfolks-whisky-auction.com\\\/en\\\/product\\\/hercynian-distilling-co-hammerschmiede-2019-2024-5yo-emperors-way-cream-sherry-cask\\\/#primaryimage\"},\"thumbnailUrl\":\"https:\\\/\\\/www.dramfolks-whisky-auction.com\\\/wp-content\\\/uploads\\\/2024\\\/09\\\/Elsburn-Sherry-Cream-vorne.jpg\",\"datePublished\":\"2024-09-27T20:15:09+00:00\",\"dateModified\":\"2024-10-13T17:00:22+00:00\",\"breadcrumb\":{\"@id\":\"https:\\\/\\\/www.dramfolks-whisky-auction.com\\\/en\\\/product\\\/hercynian-distilling-co-hammerschmiede-2019-2024-5yo-emperors-way-cream-sherry-cask\\\/#breadcrumb\"},\"inLanguage\":\"en-US\",\"potentialAction\":[{\"@type\":\"ReadAction\",\"target\":[\"https:\\\/\\\/www.dramfolks-whisky-auction.com\\\/en\\\/product\\\/hercynian-distilling-co-hammerschmiede-2019-2024-5yo-emperors-way-cream-sherry-cask\\\/\"]}]},{\"@type\":\"ImageObject\",\"inLanguage\":\"en-US\",\"@id\":\"https:\\\/\\\/www.dramfolks-whisky-auction.com\\\/en\\\/product\\\/hercynian-distilling-co-hammerschmiede-2019-2024-5yo-emperors-way-cream-sherry-cask\\\/#primaryimage\",\"url\":\"https:\\\/\\\/www.dramfolks-whisky-auction.com\\\/wp-content\\\/uploads\\\/2024\\\/09\\\/Elsburn-Sherry-Cream-vorne.jpg\",\"contentUrl\":\"https:\\\/\\\/www.dramfolks-whisky-auction.com\\\/wp-content\\\/uploads\\\/2024\\\/09\\\/Elsburn-Sherry-Cream-vorne.jpg\",\"width\":2555,\"height\":2555},{\"@type\":\"BreadcrumbList\",\"@id\":\"https:\\\/\\\/www.dramfolks-whisky-auction.com\\\/en\\\/product\\\/hercynian-distilling-co-hammerschmiede-2019-2024-5yo-emperors-way-cream-sherry-cask\\\/#breadcrumb\",\"itemListElement\":[{\"@type\":\"ListItem\",\"position\":1,\"name\":\"Startseite\",\"item\":\"https:\\\/\\\/www.dramfolks-whisky-auction.com\\\/en\\\/\"},{\"@type\":\"ListItem\",\"position\":2,\"name\":\"Shop\",\"item\":\"https:\\\/\\\/www.dramfolks-whisky-auction.com\\\/en\\\/shop\\\/\"},{\"@type\":\"ListItem\",\"position\":3,\"name\":\"Hercynian Distilling Co. \\\/ Hammerschmiede &#8211; 2019\\\/2024 5yo Emperor&#8217;s Way Cream Sherry Cask\"}]},{\"@type\":\"WebSite\",\"@id\":\"https:\\\/\\\/www.dramfolks-whisky-auction.com\\\/en\\\/#website\",\"url\":\"https:\\\/\\\/www.dramfolks-whisky-auction.com\\\/en\\\/\",\"name\":\"Dramfolks Whisky Auction\",\"description\":\"\",\"potentialAction\":[{\"@type\":\"SearchAction\",\"target\":{\"@type\":\"EntryPoint\",\"urlTemplate\":\"https:\\\/\\\/www.dramfolks-whisky-auction.com\\\/en\\\/?s={search_term_string}\"},\"query-input\":{\"@type\":\"PropertyValueSpecification\",\"valueRequired\":true,\"valueName\":\"search_term_string\"}}],\"inLanguage\":\"en-US\"}]}<\/script>\n<!-- \/ Yoast SEO plugin. -->","yoast_head_json":{"title":"Hercynian Distilling Co. \/ Hammerschmiede - 2019\/2024 5yo Emperor's Way Cream Sherry Cask - Dramfolks Whisky Auction","robots":{"index":"index","follow":"follow","max-snippet":"max-snippet:-1","max-image-preview":"max-image-preview:large","max-video-preview":"max-video-preview:-1"},"canonical":"https:\/\/www.dramfolks-whisky-auction.com\/en\/product\/hercynian-distilling-co-hammerschmiede-2019-2024-5yo-emperors-way-cream-sherry-cask\/","og_locale":"en_US","og_type":"article","og_title":"Hercynian Distilling Co. \/ Hammerschmiede - 2019\/2024 5yo Emperor's Way Cream Sherry Cask - Dramfolks Whisky Auction","og_description":"Destille: Hercynian Distilling Co. \/ Hammerschmiede Die Destillerie und Manufaktur Hammerschmiede wurde 1985 in der alten Hammerschmiede in Wieda bei Zorge (Niedersachsen) gegr\u00fcndet. Die alte Hammerschmiede, welche heute einen Teil der Whiskyf\u00e4sser beherbergt, wurde zwischen 1250 und 1270 von M\u00f6nchen und deren Gehilfen aus dem nahen Kloster Walkenried erbaut und geh\u00f6rte bis 1593 zu den[...]","og_url":"https:\/\/www.dramfolks-whisky-auction.com\/en\/product\/hercynian-distilling-co-hammerschmiede-2019-2024-5yo-emperors-way-cream-sherry-cask\/","og_site_name":"Dramfolks Whisky Auction","article_modified_time":"2024-10-13T17:00:22+00:00","og_image":[{"width":2555,"height":2555,"url":"https:\/\/www.dramfolks-whisky-auction.com\/wp-content\/uploads\/2024\/09\/Elsburn-Sherry-Cream-vorne.jpg","type":"image\/jpeg"}],"twitter_card":"summary_large_image","twitter_misc":{"Est. reading time":"4 minutes"},"schema":{"@context":"https:\/\/schema.org","@graph":[{"@type":"WebPage","@id":"https:\/\/www.dramfolks-whisky-auction.com\/en\/product\/hercynian-distilling-co-hammerschmiede-2019-2024-5yo-emperors-way-cream-sherry-cask\/","url":"https:\/\/www.dramfolks-whisky-auction.com\/en\/product\/hercynian-distilling-co-hammerschmiede-2019-2024-5yo-emperors-way-cream-sherry-cask\/","name":"Hercynian Distilling Co. \/ Hammerschmiede - 2019\/2024 5yo Emperor's Way Cream Sherry Cask - Dramfolks Whisky Auction","isPartOf":{"@id":"https:\/\/www.dramfolks-whisky-auction.com\/en\/#website"},"primaryImageOfPage":{"@id":"https:\/\/www.dramfolks-whisky-auction.com\/en\/product\/hercynian-distilling-co-hammerschmiede-2019-2024-5yo-emperors-way-cream-sherry-cask\/#primaryimage"},"image":{"@id":"https:\/\/www.dramfolks-whisky-auction.com\/en\/product\/hercynian-distilling-co-hammerschmiede-2019-2024-5yo-emperors-way-cream-sherry-cask\/#primaryimage"},"thumbnailUrl":"https:\/\/www.dramfolks-whisky-auction.com\/wp-content\/uploads\/2024\/09\/Elsburn-Sherry-Cream-vorne.jpg","datePublished":"2024-09-27T20:15:09+00:00","dateModified":"2024-10-13T17:00:22+00:00","breadcrumb":{"@id":"https:\/\/www.dramfolks-whisky-auction.com\/en\/product\/hercynian-distilling-co-hammerschmiede-2019-2024-5yo-emperors-way-cream-sherry-cask\/#breadcrumb"},"inLanguage":"en-US","potentialAction":[{"@type":"ReadAction","target":["https:\/\/www.dramfolks-whisky-auction.com\/en\/product\/hercynian-distilling-co-hammerschmiede-2019-2024-5yo-emperors-way-cream-sherry-cask\/"]}]},{"@type":"ImageObject","inLanguage":"en-US","@id":"https:\/\/www.dramfolks-whisky-auction.com\/en\/product\/hercynian-distilling-co-hammerschmiede-2019-2024-5yo-emperors-way-cream-sherry-cask\/#primaryimage","url":"https:\/\/www.dramfolks-whisky-auction.com\/wp-content\/uploads\/2024\/09\/Elsburn-Sherry-Cream-vorne.jpg","contentUrl":"https:\/\/www.dramfolks-whisky-auction.com\/wp-content\/uploads\/2024\/09\/Elsburn-Sherry-Cream-vorne.jpg","width":2555,"height":2555},{"@type":"BreadcrumbList","@id":"https:\/\/www.dramfolks-whisky-auction.com\/en\/product\/hercynian-distilling-co-hammerschmiede-2019-2024-5yo-emperors-way-cream-sherry-cask\/#breadcrumb","itemListElement":[{"@type":"ListItem","position":1,"name":"Startseite","item":"https:\/\/www.dramfolks-whisky-auction.com\/en\/"},{"@type":"ListItem","position":2,"name":"Shop","item":"https:\/\/www.dramfolks-whisky-auction.com\/en\/shop\/"},{"@type":"ListItem","position":3,"name":"Hercynian Distilling Co. \/ Hammerschmiede &#8211; 2019\/2024 5yo Emperor&#8217;s Way Cream Sherry Cask"}]},{"@type":"WebSite","@id":"https:\/\/www.dramfolks-whisky-auction.com\/en\/#website","url":"https:\/\/www.dramfolks-whisky-auction.com\/en\/","name":"Dramfolks Whisky Auction","description":"","potentialAction":[{"@type":"SearchAction","target":{"@type":"EntryPoint","urlTemplate":"https:\/\/www.dramfolks-whisky-auction.com\/en\/?s={search_term_string}"},"query-input":{"@type":"PropertyValueSpecification","valueRequired":true,"valueName":"search_term_string"}}],"inLanguage":"en-US"}]}},"_links":{"self":[{"href":"https:\/\/www.dramfolks-whisky-auction.com\/en\/wp-json\/wp\/v2\/product\/536899","targetHints":{"allow":["GET"]}}],"collection":[{"href":"https:\/\/www.dramfolks-whisky-auction.com\/en\/wp-json\/wp\/v2\/product"}],"about":[{"href":"https:\/\/www.dramfolks-whisky-auction.com\/en\/wp-json\/wp\/v2\/types\/product"}],"replies":[{"embeddable":true,"href":"https:\/\/www.dramfolks-whisky-auction.com\/en\/wp-json\/wp\/v2\/comments?post=536899"}],"wp:featuredmedia":[{"embeddable":true,"href":"https:\/\/www.dramfolks-whisky-auction.com\/en\/wp-json\/wp\/v2\/media\/536900"}],"wp:attachment":[{"href":"https:\/\/www.dramfolks-whisky-auction.com\/en\/wp-json\/wp\/v2\/media?parent=536899"}],"wp:term":[{"taxonomy":"product_brand","embeddable":true,"href":"https:\/\/www.dramfolks-whisky-auction.com\/en\/wp-json\/wp\/v2\/product_brand?post=536899"},{"taxonomy":"product_cat","embeddable":true,"href":"https:\/\/www.dramfolks-whisky-auction.com\/en\/wp-json\/wp\/v2\/product_cat?post=536899"},{"taxonomy":"product_tag","embeddable":true,"href":"https:\/\/www.dramfolks-whisky-auction.com\/en\/wp-json\/wp\/v2\/product_tag?post=536899"}],"curies":[{"name":"wp","href":"https:\/\/api.w.org\/{rel}","templated":true}]}}