{"id":536866,"date":"2024-09-27T19:54:01","date_gmt":"2024-09-27T17:54:01","guid":{"rendered":"https:\/\/www.dramfolks-whisky-auction.com\/?post_type=product&#038;p=536866"},"modified":"2024-11-26T20:40:42","modified_gmt":"2024-11-26T19:40:42","slug":"slyrs-jubilaeums-edition-25-jahre-distillers-choice","status":"publish","type":"product","link":"https:\/\/www.dramfolks-whisky-auction.com\/en\/product\/slyrs-jubilaeums-edition-25-jahre-distillers-choice\/","title":{"rendered":"Slyrs &#8211; Jubil\u00e4ums Edition 25 Jahre Distiller&#8217;s Choice"},"content":{"rendered":"<p><strong>Destille: Slyrs<br \/>\n<\/strong>In den bayerischen Alpen am Schliersee liegt die Destillerie Lantenhammer, bekannt f\u00fcr hochwertige Edelbr\u00e4nde, die seit Generationen im Familienbesitz ist und heute von der Familie Stetter gef\u00fchrt wird.<br \/>\nBrau- und Destilliermeister Florian Stetter unternahm in den 90er Jahren eine Studienreise nach Schottland. Fasziniert von der Whiskyherstellung kam er mit der Vision nach Hause selbst Whisky in Bayern zu brennen. Seit 1999 wird nun am Schliersee Bavarian Single Malt Whisky destilliert.<\/p>\n<p><strong>Fun Fakt:<\/strong> Florian Stetter wettet nach seiner Schottlandreise mit seinen Kollegen um einen Kasten Wei\u00dfbier, dass man auch in Oberbayern erstklassigen Whisky brennen kann \u2013 und er gewinnt! Schon wenig sp\u00e4ter wird in der elterlichen Destillerie Lantenhammer Whisky gebrannt.<\/p>\n<p><strong>Whisky\/Whiskey: Jubil\u00e4ums Edition 25 Jahre Distiller&#8217;s Choice<br \/>\n<\/strong>Ein Konzept f\u00fcr ganz besondere und einzigartige Whisky-Kreationen. Die erfahrensten Destillateure von Slyrs w\u00e4hlten f\u00fcr jede SLYRS DISTILLERS CHOICE einzelne, besondere F\u00e4sser aus ihrer Fasshalle am Schliersee aus und kreieren daraus eine einmalige, exklusive Whisky-Rarit\u00e4t.<br \/>\nSo spiegelt jede SLYRS DISTILLERS CHOICE Edition die Pers\u00f6nlichkeit und das meisterhafte Handwerk des verantwortlichen Destillateurs wider.<br \/>\nVor 25 Jahren wurde der Grundstein f\u00fcr SLYRS Whisky gelegt. Als Fortf\u00fchrung dieses Pioniergeistes pr\u00e4sentiert Destillateurmeister Hans Kemenater seine Distiller\u2018s Choice \u2013 eine einzigartige Mischung aus f\u00fcnf sorgf\u00e4ltig ausgew\u00e4hlten F\u00e4ssern \u2013 als Hommage an die Kunst und das Handwerk ihrer bayrischen Heimat. Die Farbe zeichnet sich durch &#8220;hellen Bernstein&#8221; aus. Im Geruch zeigen sich &#8221; vollreife Fr\u00fcchte, s\u00fc\u00dfer Honig, Vanille, subtiler Rauch, leichte Nussigkeit und zarte Blumigkeit&#8221;. Im Geschmack dann &#8220;trocken, nussig, karamells\u00fc\u00df, sanft rauchig, wei\u00dfer Pfeffer, Muskatnuss und R\u00f6staromen&#8221;, welcher dann im Nachklang von &#8220;vollmundig, sehr facettenreich, mit Nuancen von Pfefferminze, Toffee und kandierten Fr\u00fcchten&#8221; abgel\u00f6st wird. <em><strong>Ein echter H\u00f6hepunkt zum 25. Jubil\u00e4um der SLYRS Bavarian Whisky Distillery. Streng limitiert auf 1.999 Flaschen &#8211; hier Bottle No. 501!<\/strong><\/em><\/p>\n<p><strong>Info Qualit\u00e4t der Flasche:<\/strong> Exzellent ohne Besch\u00e4digungen \/ <strong>F\u00fcllstand:<\/strong> Top shoulder<br \/>\n<strong>Info Qualit\u00e4t der Box: <\/strong>Exzellent ohne Besch\u00e4digungen<\/p>\n<p><strong>Wichtiger Hinweis:<\/strong> Die Bewertung der Flaschen und Boxen erfolgt nach \u201ebesten Wissen und Gewissen\u201c. dramfolks kann keine Gew\u00e4hrleistung f\u00fcr den Inhalt der Flaschen \u00fcbernehmen. Weitere Infos &amp; Hinweise finden Sie in unseren AGBs. Wir empfehlen Ihnen, vor der Abgabe von Geboten \u00fcber die Zoomfunktion eine Besichtigung \/ genaue Pr\u00fcfung des angebotenen Whiskys vorzunehmen. Bitte kontaktieren sie uns bei Fragen direkt unter info@dramfolks.com<\/p>\n","protected":false},"excerpt":{"rendered":"<p>Destille: Slyrs In den bayerischen Alpen am Schliersee liegt die Destillerie Lantenhammer, bekannt f\u00fcr hochwertige Edelbr\u00e4nde, die seit Generationen im Familienbesitz ist und heute von der Familie Stetter gef\u00fchrt wird. Brau- und Destilliermeister Florian Stetter unternahm in den 90er Jahren eine Studienreise nach Schottland. Fasziniert von der Whiskyherstellung kam er mit der Vision nach Hause[&#8230;]\n","protected":false},"featured_media":536869,"comment_status":"closed","ping_status":"closed","template":"","meta":[],"product_brand":[],"product_cat":[933],"product_tag":[],"class_list":{"0":"post-536866","1":"product","2":"type-product","3":"status-publish","4":"has-post-thumbnail","6":"product_cat-no-13","8":"first","9":"instock","10":"shipping-taxable","11":"purchasable","12":"product-type-auction"},"yoast_head":"<!-- This site is optimized with the Yoast SEO plugin v27.4 - https:\/\/yoast.com\/product\/yoast-seo-wordpress\/ -->\n<title>Slyrs - Jubil\u00e4ums Edition 25 Jahre Distiller&#039;s Choice - Dramfolks Whisky Auction<\/title>\n<meta name=\"robots\" content=\"index, follow, max-snippet:-1, max-image-preview:large, max-video-preview:-1\" \/>\n<link rel=\"canonical\" href=\"https:\/\/www.dramfolks-whisky-auction.com\/en\/product\/slyrs-jubilaeums-edition-25-jahre-distillers-choice\/\" \/>\n<meta property=\"og:locale\" content=\"en_US\" \/>\n<meta property=\"og:type\" content=\"article\" \/>\n<meta property=\"og:title\" content=\"Slyrs - Jubil\u00e4ums Edition 25 Jahre Distiller&#039;s Choice - Dramfolks Whisky Auction\" \/>\n<meta property=\"og:description\" content=\"Destille: Slyrs In den bayerischen Alpen am Schliersee liegt die Destillerie Lantenhammer, bekannt f\u00fcr hochwertige Edelbr\u00e4nde, die seit Generationen im Familienbesitz ist und heute von der Familie Stetter gef\u00fchrt wird. Brau- und Destilliermeister Florian Stetter unternahm in den 90er Jahren eine Studienreise nach Schottland. Fasziniert von der Whiskyherstellung kam er mit der Vision nach Hause[...]\" \/>\n<meta property=\"og:url\" content=\"https:\/\/www.dramfolks-whisky-auction.com\/en\/product\/slyrs-jubilaeums-edition-25-jahre-distillers-choice\/\" \/>\n<meta property=\"og:site_name\" content=\"Dramfolks Whisky Auction\" \/>\n<meta property=\"article:modified_time\" content=\"2024-11-26T19:40:42+00:00\" \/>\n<meta property=\"og:image\" content=\"https:\/\/www.dramfolks-whisky-auction.com\/wp-content\/uploads\/2024\/09\/Slyrs-vorne-scaled.jpg\" \/>\n\t<meta property=\"og:image:width\" content=\"2560\" \/>\n\t<meta property=\"og:image:height\" content=\"2560\" \/>\n\t<meta property=\"og:image:type\" content=\"image\/jpeg\" \/>\n<meta name=\"twitter:card\" content=\"summary_large_image\" \/>\n<meta name=\"twitter:label1\" content=\"Est. reading time\" \/>\n\t<meta name=\"twitter:data1\" content=\"3 minutes\" \/>\n<script type=\"application\/ld+json\" class=\"yoast-schema-graph\">{\"@context\":\"https:\\\/\\\/schema.org\",\"@graph\":[{\"@type\":\"WebPage\",\"@id\":\"https:\\\/\\\/www.dramfolks-whisky-auction.com\\\/en\\\/product\\\/slyrs-jubilaeums-edition-25-jahre-distillers-choice\\\/\",\"url\":\"https:\\\/\\\/www.dramfolks-whisky-auction.com\\\/en\\\/product\\\/slyrs-jubilaeums-edition-25-jahre-distillers-choice\\\/\",\"name\":\"Slyrs - Jubil\u00e4ums Edition 25 Jahre Distiller's Choice - Dramfolks Whisky Auction\",\"isPartOf\":{\"@id\":\"https:\\\/\\\/www.dramfolks-whisky-auction.com\\\/en\\\/#website\"},\"primaryImageOfPage\":{\"@id\":\"https:\\\/\\\/www.dramfolks-whisky-auction.com\\\/en\\\/product\\\/slyrs-jubilaeums-edition-25-jahre-distillers-choice\\\/#primaryimage\"},\"image\":{\"@id\":\"https:\\\/\\\/www.dramfolks-whisky-auction.com\\\/en\\\/product\\\/slyrs-jubilaeums-edition-25-jahre-distillers-choice\\\/#primaryimage\"},\"thumbnailUrl\":\"https:\\\/\\\/www.dramfolks-whisky-auction.com\\\/wp-content\\\/uploads\\\/2024\\\/09\\\/Slyrs-vorne-scaled.jpg\",\"datePublished\":\"2024-09-27T17:54:01+00:00\",\"dateModified\":\"2024-11-26T19:40:42+00:00\",\"breadcrumb\":{\"@id\":\"https:\\\/\\\/www.dramfolks-whisky-auction.com\\\/en\\\/product\\\/slyrs-jubilaeums-edition-25-jahre-distillers-choice\\\/#breadcrumb\"},\"inLanguage\":\"en-US\",\"potentialAction\":[{\"@type\":\"ReadAction\",\"target\":[\"https:\\\/\\\/www.dramfolks-whisky-auction.com\\\/en\\\/product\\\/slyrs-jubilaeums-edition-25-jahre-distillers-choice\\\/\"]}]},{\"@type\":\"ImageObject\",\"inLanguage\":\"en-US\",\"@id\":\"https:\\\/\\\/www.dramfolks-whisky-auction.com\\\/en\\\/product\\\/slyrs-jubilaeums-edition-25-jahre-distillers-choice\\\/#primaryimage\",\"url\":\"https:\\\/\\\/www.dramfolks-whisky-auction.com\\\/wp-content\\\/uploads\\\/2024\\\/09\\\/Slyrs-vorne-scaled.jpg\",\"contentUrl\":\"https:\\\/\\\/www.dramfolks-whisky-auction.com\\\/wp-content\\\/uploads\\\/2024\\\/09\\\/Slyrs-vorne-scaled.jpg\",\"width\":2560,\"height\":2560},{\"@type\":\"BreadcrumbList\",\"@id\":\"https:\\\/\\\/www.dramfolks-whisky-auction.com\\\/en\\\/product\\\/slyrs-jubilaeums-edition-25-jahre-distillers-choice\\\/#breadcrumb\",\"itemListElement\":[{\"@type\":\"ListItem\",\"position\":1,\"name\":\"Startseite\",\"item\":\"https:\\\/\\\/www.dramfolks-whisky-auction.com\\\/en\\\/\"},{\"@type\":\"ListItem\",\"position\":2,\"name\":\"Shop\",\"item\":\"https:\\\/\\\/www.dramfolks-whisky-auction.com\\\/en\\\/shop\\\/\"},{\"@type\":\"ListItem\",\"position\":3,\"name\":\"Slyrs &#8211; Jubil\u00e4ums Edition 25 Jahre Distiller&#8217;s Choice\"}]},{\"@type\":\"WebSite\",\"@id\":\"https:\\\/\\\/www.dramfolks-whisky-auction.com\\\/en\\\/#website\",\"url\":\"https:\\\/\\\/www.dramfolks-whisky-auction.com\\\/en\\\/\",\"name\":\"Dramfolks Whisky Auction\",\"description\":\"\",\"potentialAction\":[{\"@type\":\"SearchAction\",\"target\":{\"@type\":\"EntryPoint\",\"urlTemplate\":\"https:\\\/\\\/www.dramfolks-whisky-auction.com\\\/en\\\/?s={search_term_string}\"},\"query-input\":{\"@type\":\"PropertyValueSpecification\",\"valueRequired\":true,\"valueName\":\"search_term_string\"}}],\"inLanguage\":\"en-US\"}]}<\/script>\n<!-- \/ Yoast SEO plugin. -->","yoast_head_json":{"title":"Slyrs - Jubil\u00e4ums Edition 25 Jahre Distiller's Choice - Dramfolks Whisky Auction","robots":{"index":"index","follow":"follow","max-snippet":"max-snippet:-1","max-image-preview":"max-image-preview:large","max-video-preview":"max-video-preview:-1"},"canonical":"https:\/\/www.dramfolks-whisky-auction.com\/en\/product\/slyrs-jubilaeums-edition-25-jahre-distillers-choice\/","og_locale":"en_US","og_type":"article","og_title":"Slyrs - Jubil\u00e4ums Edition 25 Jahre Distiller's Choice - Dramfolks Whisky Auction","og_description":"Destille: Slyrs In den bayerischen Alpen am Schliersee liegt die Destillerie Lantenhammer, bekannt f\u00fcr hochwertige Edelbr\u00e4nde, die seit Generationen im Familienbesitz ist und heute von der Familie Stetter gef\u00fchrt wird. Brau- und Destilliermeister Florian Stetter unternahm in den 90er Jahren eine Studienreise nach Schottland. Fasziniert von der Whiskyherstellung kam er mit der Vision nach Hause[...]","og_url":"https:\/\/www.dramfolks-whisky-auction.com\/en\/product\/slyrs-jubilaeums-edition-25-jahre-distillers-choice\/","og_site_name":"Dramfolks Whisky Auction","article_modified_time":"2024-11-26T19:40:42+00:00","og_image":[{"width":2560,"height":2560,"url":"https:\/\/www.dramfolks-whisky-auction.com\/wp-content\/uploads\/2024\/09\/Slyrs-vorne-scaled.jpg","type":"image\/jpeg"}],"twitter_card":"summary_large_image","twitter_misc":{"Est. reading time":"3 minutes"},"schema":{"@context":"https:\/\/schema.org","@graph":[{"@type":"WebPage","@id":"https:\/\/www.dramfolks-whisky-auction.com\/en\/product\/slyrs-jubilaeums-edition-25-jahre-distillers-choice\/","url":"https:\/\/www.dramfolks-whisky-auction.com\/en\/product\/slyrs-jubilaeums-edition-25-jahre-distillers-choice\/","name":"Slyrs - Jubil\u00e4ums Edition 25 Jahre Distiller's Choice - Dramfolks Whisky Auction","isPartOf":{"@id":"https:\/\/www.dramfolks-whisky-auction.com\/en\/#website"},"primaryImageOfPage":{"@id":"https:\/\/www.dramfolks-whisky-auction.com\/en\/product\/slyrs-jubilaeums-edition-25-jahre-distillers-choice\/#primaryimage"},"image":{"@id":"https:\/\/www.dramfolks-whisky-auction.com\/en\/product\/slyrs-jubilaeums-edition-25-jahre-distillers-choice\/#primaryimage"},"thumbnailUrl":"https:\/\/www.dramfolks-whisky-auction.com\/wp-content\/uploads\/2024\/09\/Slyrs-vorne-scaled.jpg","datePublished":"2024-09-27T17:54:01+00:00","dateModified":"2024-11-26T19:40:42+00:00","breadcrumb":{"@id":"https:\/\/www.dramfolks-whisky-auction.com\/en\/product\/slyrs-jubilaeums-edition-25-jahre-distillers-choice\/#breadcrumb"},"inLanguage":"en-US","potentialAction":[{"@type":"ReadAction","target":["https:\/\/www.dramfolks-whisky-auction.com\/en\/product\/slyrs-jubilaeums-edition-25-jahre-distillers-choice\/"]}]},{"@type":"ImageObject","inLanguage":"en-US","@id":"https:\/\/www.dramfolks-whisky-auction.com\/en\/product\/slyrs-jubilaeums-edition-25-jahre-distillers-choice\/#primaryimage","url":"https:\/\/www.dramfolks-whisky-auction.com\/wp-content\/uploads\/2024\/09\/Slyrs-vorne-scaled.jpg","contentUrl":"https:\/\/www.dramfolks-whisky-auction.com\/wp-content\/uploads\/2024\/09\/Slyrs-vorne-scaled.jpg","width":2560,"height":2560},{"@type":"BreadcrumbList","@id":"https:\/\/www.dramfolks-whisky-auction.com\/en\/product\/slyrs-jubilaeums-edition-25-jahre-distillers-choice\/#breadcrumb","itemListElement":[{"@type":"ListItem","position":1,"name":"Startseite","item":"https:\/\/www.dramfolks-whisky-auction.com\/en\/"},{"@type":"ListItem","position":2,"name":"Shop","item":"https:\/\/www.dramfolks-whisky-auction.com\/en\/shop\/"},{"@type":"ListItem","position":3,"name":"Slyrs &#8211; Jubil\u00e4ums Edition 25 Jahre Distiller&#8217;s Choice"}]},{"@type":"WebSite","@id":"https:\/\/www.dramfolks-whisky-auction.com\/en\/#website","url":"https:\/\/www.dramfolks-whisky-auction.com\/en\/","name":"Dramfolks Whisky Auction","description":"","potentialAction":[{"@type":"SearchAction","target":{"@type":"EntryPoint","urlTemplate":"https:\/\/www.dramfolks-whisky-auction.com\/en\/?s={search_term_string}"},"query-input":{"@type":"PropertyValueSpecification","valueRequired":true,"valueName":"search_term_string"}}],"inLanguage":"en-US"}]}},"_links":{"self":[{"href":"https:\/\/www.dramfolks-whisky-auction.com\/en\/wp-json\/wp\/v2\/product\/536866","targetHints":{"allow":["GET"]}}],"collection":[{"href":"https:\/\/www.dramfolks-whisky-auction.com\/en\/wp-json\/wp\/v2\/product"}],"about":[{"href":"https:\/\/www.dramfolks-whisky-auction.com\/en\/wp-json\/wp\/v2\/types\/product"}],"replies":[{"embeddable":true,"href":"https:\/\/www.dramfolks-whisky-auction.com\/en\/wp-json\/wp\/v2\/comments?post=536866"}],"wp:featuredmedia":[{"embeddable":true,"href":"https:\/\/www.dramfolks-whisky-auction.com\/en\/wp-json\/wp\/v2\/media\/536869"}],"wp:attachment":[{"href":"https:\/\/www.dramfolks-whisky-auction.com\/en\/wp-json\/wp\/v2\/media?parent=536866"}],"wp:term":[{"taxonomy":"product_brand","embeddable":true,"href":"https:\/\/www.dramfolks-whisky-auction.com\/en\/wp-json\/wp\/v2\/product_brand?post=536866"},{"taxonomy":"product_cat","embeddable":true,"href":"https:\/\/www.dramfolks-whisky-auction.com\/en\/wp-json\/wp\/v2\/product_cat?post=536866"},{"taxonomy":"product_tag","embeddable":true,"href":"https:\/\/www.dramfolks-whisky-auction.com\/en\/wp-json\/wp\/v2\/product_tag?post=536866"}],"curies":[{"name":"wp","href":"https:\/\/api.w.org\/{rel}","templated":true}]}}