{"id":5368508,"date":"2025-09-19T16:07:47","date_gmt":"2025-09-19T14:07:47","guid":{"rendered":"https:\/\/www.dramfolks-whisky-auction.com\/?post_type=product&#038;p=5368508"},"modified":"2025-10-11T08:59:02","modified_gmt":"2025-10-11T06:59:02","slug":"dalmore-15yo","status":"publish","type":"product","link":"https:\/\/www.dramfolks-whisky-auction.com\/en\/product\/dalmore-15yo\/","title":{"rendered":"Dalmore &#8211; 15yo"},"content":{"rendered":"<p><strong>Destille: Dalmore<br \/>\n<\/strong>Die Dalmore Brennerei wurde im Jahr 1839 gegr\u00fcndet und ist eine der bekanntesten Single Malt Brennereien \u00fcberhaupt. Sie liegt elegant an der K\u00fcste des Cromarty Firth in den n\u00f6rdlichen Highlands. Das Wasser f\u00fcr Dalmore stammt aus dem schmucken Fluss Averon. Er flie\u00dft durch die gleichnamige Kleinstadt, in der die Brennerei steht. Der Fluss entspringt im nahe gelegenen Loch Morie tief im Herzen der n\u00f6rdlichen Highlands. Die Lage der Brennerei und der weiche, florale Geschmack machen Dalmore zum Highland Malt. Ein Blick auf die Geschichte Dalmores zeigt wie beeindruckend es ist, dass ein so kleiner Winkel in den n\u00f6rdlichen Highlands solch eine bewegte Vergangenheit aufweist. Alexander Matheson gr\u00fcndete die Brennerei 1839 mit dem Verm\u00f6gen, das er durch den illegalen Opiumhandel in Asien angeh\u00e4uft hatte. Der Betrieb der Brennerei verlief relativ glatt, bis die britische Royal Navy 1917 begann, den Meeresarm, an dem die Brennerei liegt, f\u00fcr die Produktion von Tiefseeminen zu verwenden. Im Jahr 1920 wurde ein Gro\u00dfteil der Brennerei durch eine Explosion und den darauf folgenden Brand zerst\u00f6rt, die durch die Detonation einer Mine verursacht wurde. Die Brennerei nahm schlie\u00dflich die Produktion wieder auf und ritt fortan auf einer Erfolgswelle. Die Lagerh\u00e4user bei Dalmore sind eine Art Wallfahrtsort, da sie einige der \u00e4ltesten Whiskyvorr\u00e4te der Welt beherbergen.\u00a0J\u00e4hrliches Produktionsvolumen: ca. 4,2 Mio. Liter.<\/p>\n<p><strong>Fun Fakt:<\/strong> Die Brennerei wurde lange vom adeligen schottischen Mackenzie-Clan gef\u00fchrt. Ein Mitglied des Clans rettete einst K\u00f6nig Alexander III. auf Hirschjagd das Leben, indem er einen ihn angreifenden Hirschen in letzter Sekunde erstach. Daraufhin war der K\u00f6nig so dankbar, dass er dem Mackenzie-Clan gestattete den k\u00f6niglichen Zw\u00f6lfender Hirschen auf ihrem Wappen zu tragen. Noch heute ist dieses Symbol auf den Dalmore Flaschen abgebildet.<\/p>\n<p><strong>Whisky\/Whiskey: 15yo<\/strong><br \/>\nDer Dalmore 15 Jahre z\u00e4hlt zu den Klassikern der Dalmore Brennerei. Er ist ein eleganter Highland Single Malt Whisky und gilt als Meisterwerk von Andrew Mackenzie. F\u00fcr den Highland Single Malt werden von Hand ausgew\u00e4hlte F\u00e4sser verwendet &#8211; aus renommierten spanischen Weinkellern und von einigen der besten Weing\u00fctern der ganzen Welt. Nachdem The Dalmore 15yo f\u00fcr 12 Jahre in erlesenen Bourbon-F\u00e4ssern gereift ist, erh\u00e4lt er sein Finish in Sherry-F\u00e4ssern, zu denen auch Apostoles, Amoroso und Matusalem Oloroso geh\u00f6ren. Das Ergebnis sind Whiskys, die durch eine einzigartige Komplexit\u00e4t \u00fcberzeugen.<\/p>\n<p><strong>Info Qualit\u00e4t der Flasche:<\/strong> Exzellent ohne Besch\u00e4digungen \/ <strong>F\u00fcllstand:<\/strong> Into neck<br \/>\n<strong>Info Qualit\u00e4t der Box: <\/strong>Mittelm\u00e4\u00dfig &#8211; Ecken unten und oben leicht eingedr\u00fcckt<\/p>\n<p><strong>Wichtiger Hinweis:<\/strong> Die Bewertung der Flaschen und Boxen erfolgt nach \u201ebesten Wissen und Gewissen\u201c. dramfolks kann keine Gew\u00e4hrleistung f\u00fcr den Inhalt der Flaschen \u00fcbernehmen. Weitere Infos &amp; Hinweise finden Sie in unseren AGBs. Wir empfehlen Ihnen, vor der Abgabe von Geboten \u00fcber die Zoomfunktion eine Besichtigung \/ genaue Pr\u00fcfung des angebotenen Whiskys vorzunehmen. Bitte kontaktieren sie uns bei Fragen direkt unter info@dramfolks.com<\/p>\n","protected":false},"excerpt":{"rendered":"<p>Destille: Dalmore Die Dalmore Brennerei wurde im Jahr 1839 gegr\u00fcndet und ist eine der bekanntesten Single Malt Brennereien \u00fcberhaupt. Sie liegt elegant an der K\u00fcste des Cromarty Firth in den n\u00f6rdlichen Highlands. Das Wasser f\u00fcr Dalmore stammt aus dem schmucken Fluss Averon. Er flie\u00dft durch die gleichnamige Kleinstadt, in der die Brennerei steht. Der Fluss[&#8230;]\n","protected":false},"featured_media":5368948,"comment_status":"closed","ping_status":"closed","template":"","meta":[],"product_brand":[],"product_cat":[1233],"product_tag":[],"class_list":{"0":"post-5368508","1":"product","2":"type-product","3":"status-publish","4":"has-post-thumbnail","6":"product_cat-no-20","8":"first","9":"instock","10":"shipping-taxable","11":"purchasable","12":"product-type-auction"},"yoast_head":"<!-- This site is optimized with the Yoast SEO plugin v27.0 - https:\/\/yoast.com\/product\/yoast-seo-wordpress\/ -->\n<title>Dalmore - 15yo - Dramfolks Whisky Auction<\/title>\n<meta name=\"robots\" content=\"index, follow, max-snippet:-1, max-image-preview:large, max-video-preview:-1\" \/>\n<link rel=\"canonical\" href=\"https:\/\/www.dramfolks-whisky-auction.com\/en\/product\/dalmore-15yo\/\" \/>\n<meta property=\"og:locale\" content=\"en_US\" \/>\n<meta property=\"og:type\" content=\"article\" \/>\n<meta property=\"og:title\" content=\"Dalmore - 15yo - Dramfolks Whisky Auction\" \/>\n<meta property=\"og:description\" content=\"Destille: Dalmore Die Dalmore Brennerei wurde im Jahr 1839 gegr\u00fcndet und ist eine der bekanntesten Single Malt Brennereien \u00fcberhaupt. Sie liegt elegant an der K\u00fcste des Cromarty Firth in den n\u00f6rdlichen Highlands. Das Wasser f\u00fcr Dalmore stammt aus dem schmucken Fluss Averon. Er flie\u00dft durch die gleichnamige Kleinstadt, in der die Brennerei steht. Der Fluss[...]\" \/>\n<meta property=\"og:url\" content=\"https:\/\/www.dramfolks-whisky-auction.com\/en\/product\/dalmore-15yo\/\" \/>\n<meta property=\"og:site_name\" content=\"Dramfolks Whisky Auction\" \/>\n<meta property=\"article:modified_time\" content=\"2025-10-11T06:59:02+00:00\" \/>\n<meta property=\"og:image\" content=\"https:\/\/www.dramfolks-whisky-auction.com\/wp-content\/uploads\/2025\/09\/Dalmore-vorne.jpg\" \/>\n\t<meta property=\"og:image:width\" content=\"2240\" \/>\n\t<meta property=\"og:image:height\" content=\"2240\" \/>\n\t<meta property=\"og:image:type\" content=\"image\/jpeg\" \/>\n<meta name=\"twitter:card\" content=\"summary_large_image\" \/>\n<meta name=\"twitter:label1\" content=\"Est. reading time\" \/>\n\t<meta name=\"twitter:data1\" content=\"3 minutes\" \/>\n<script type=\"application\/ld+json\" class=\"yoast-schema-graph\">{\"@context\":\"https:\/\/schema.org\",\"@graph\":[{\"@type\":\"WebPage\",\"@id\":\"https:\/\/www.dramfolks-whisky-auction.com\/en\/product\/dalmore-15yo\/\",\"url\":\"https:\/\/www.dramfolks-whisky-auction.com\/en\/product\/dalmore-15yo\/\",\"name\":\"Dalmore - 15yo - Dramfolks Whisky Auction\",\"isPartOf\":{\"@id\":\"https:\/\/www.dramfolks-whisky-auction.com\/en\/#website\"},\"primaryImageOfPage\":{\"@id\":\"https:\/\/www.dramfolks-whisky-auction.com\/en\/product\/dalmore-15yo\/#primaryimage\"},\"image\":{\"@id\":\"https:\/\/www.dramfolks-whisky-auction.com\/en\/product\/dalmore-15yo\/#primaryimage\"},\"thumbnailUrl\":\"https:\/\/www.dramfolks-whisky-auction.com\/wp-content\/uploads\/2025\/09\/Dalmore-vorne.jpg\",\"datePublished\":\"2025-09-19T14:07:47+00:00\",\"dateModified\":\"2025-10-11T06:59:02+00:00\",\"breadcrumb\":{\"@id\":\"https:\/\/www.dramfolks-whisky-auction.com\/en\/product\/dalmore-15yo\/#breadcrumb\"},\"inLanguage\":\"en-US\",\"potentialAction\":[{\"@type\":\"ReadAction\",\"target\":[\"https:\/\/www.dramfolks-whisky-auction.com\/en\/product\/dalmore-15yo\/\"]}]},{\"@type\":\"ImageObject\",\"inLanguage\":\"en-US\",\"@id\":\"https:\/\/www.dramfolks-whisky-auction.com\/en\/product\/dalmore-15yo\/#primaryimage\",\"url\":\"https:\/\/www.dramfolks-whisky-auction.com\/wp-content\/uploads\/2025\/09\/Dalmore-vorne.jpg\",\"contentUrl\":\"https:\/\/www.dramfolks-whisky-auction.com\/wp-content\/uploads\/2025\/09\/Dalmore-vorne.jpg\",\"width\":2240,\"height\":2240},{\"@type\":\"BreadcrumbList\",\"@id\":\"https:\/\/www.dramfolks-whisky-auction.com\/en\/product\/dalmore-15yo\/#breadcrumb\",\"itemListElement\":[{\"@type\":\"ListItem\",\"position\":1,\"name\":\"Startseite\",\"item\":\"https:\/\/www.dramfolks-whisky-auction.com\/en\/\"},{\"@type\":\"ListItem\",\"position\":2,\"name\":\"Shop\",\"item\":\"https:\/\/www.dramfolks-whisky-auction.com\/en\/shop\/\"},{\"@type\":\"ListItem\",\"position\":3,\"name\":\"Dalmore &#8211; 15yo\"}]},{\"@type\":\"WebSite\",\"@id\":\"https:\/\/www.dramfolks-whisky-auction.com\/en\/#website\",\"url\":\"https:\/\/www.dramfolks-whisky-auction.com\/en\/\",\"name\":\"Dramfolks Whisky Auction\",\"description\":\"\",\"potentialAction\":[{\"@type\":\"SearchAction\",\"target\":{\"@type\":\"EntryPoint\",\"urlTemplate\":\"https:\/\/www.dramfolks-whisky-auction.com\/en\/?s={search_term_string}\"},\"query-input\":{\"@type\":\"PropertyValueSpecification\",\"valueRequired\":true,\"valueName\":\"search_term_string\"}}],\"inLanguage\":\"en-US\"}]}<\/script>\n<!-- \/ Yoast SEO plugin. -->","yoast_head_json":{"title":"Dalmore - 15yo - Dramfolks Whisky Auction","robots":{"index":"index","follow":"follow","max-snippet":"max-snippet:-1","max-image-preview":"max-image-preview:large","max-video-preview":"max-video-preview:-1"},"canonical":"https:\/\/www.dramfolks-whisky-auction.com\/en\/product\/dalmore-15yo\/","og_locale":"en_US","og_type":"article","og_title":"Dalmore - 15yo - Dramfolks Whisky Auction","og_description":"Destille: Dalmore Die Dalmore Brennerei wurde im Jahr 1839 gegr\u00fcndet und ist eine der bekanntesten Single Malt Brennereien \u00fcberhaupt. Sie liegt elegant an der K\u00fcste des Cromarty Firth in den n\u00f6rdlichen Highlands. Das Wasser f\u00fcr Dalmore stammt aus dem schmucken Fluss Averon. Er flie\u00dft durch die gleichnamige Kleinstadt, in der die Brennerei steht. Der Fluss[...]","og_url":"https:\/\/www.dramfolks-whisky-auction.com\/en\/product\/dalmore-15yo\/","og_site_name":"Dramfolks Whisky Auction","article_modified_time":"2025-10-11T06:59:02+00:00","og_image":[{"width":2240,"height":2240,"url":"https:\/\/www.dramfolks-whisky-auction.com\/wp-content\/uploads\/2025\/09\/Dalmore-vorne.jpg","type":"image\/jpeg"}],"twitter_card":"summary_large_image","twitter_misc":{"Est. reading time":"3 minutes"},"schema":{"@context":"https:\/\/schema.org","@graph":[{"@type":"WebPage","@id":"https:\/\/www.dramfolks-whisky-auction.com\/en\/product\/dalmore-15yo\/","url":"https:\/\/www.dramfolks-whisky-auction.com\/en\/product\/dalmore-15yo\/","name":"Dalmore - 15yo - Dramfolks Whisky Auction","isPartOf":{"@id":"https:\/\/www.dramfolks-whisky-auction.com\/en\/#website"},"primaryImageOfPage":{"@id":"https:\/\/www.dramfolks-whisky-auction.com\/en\/product\/dalmore-15yo\/#primaryimage"},"image":{"@id":"https:\/\/www.dramfolks-whisky-auction.com\/en\/product\/dalmore-15yo\/#primaryimage"},"thumbnailUrl":"https:\/\/www.dramfolks-whisky-auction.com\/wp-content\/uploads\/2025\/09\/Dalmore-vorne.jpg","datePublished":"2025-09-19T14:07:47+00:00","dateModified":"2025-10-11T06:59:02+00:00","breadcrumb":{"@id":"https:\/\/www.dramfolks-whisky-auction.com\/en\/product\/dalmore-15yo\/#breadcrumb"},"inLanguage":"en-US","potentialAction":[{"@type":"ReadAction","target":["https:\/\/www.dramfolks-whisky-auction.com\/en\/product\/dalmore-15yo\/"]}]},{"@type":"ImageObject","inLanguage":"en-US","@id":"https:\/\/www.dramfolks-whisky-auction.com\/en\/product\/dalmore-15yo\/#primaryimage","url":"https:\/\/www.dramfolks-whisky-auction.com\/wp-content\/uploads\/2025\/09\/Dalmore-vorne.jpg","contentUrl":"https:\/\/www.dramfolks-whisky-auction.com\/wp-content\/uploads\/2025\/09\/Dalmore-vorne.jpg","width":2240,"height":2240},{"@type":"BreadcrumbList","@id":"https:\/\/www.dramfolks-whisky-auction.com\/en\/product\/dalmore-15yo\/#breadcrumb","itemListElement":[{"@type":"ListItem","position":1,"name":"Startseite","item":"https:\/\/www.dramfolks-whisky-auction.com\/en\/"},{"@type":"ListItem","position":2,"name":"Shop","item":"https:\/\/www.dramfolks-whisky-auction.com\/en\/shop\/"},{"@type":"ListItem","position":3,"name":"Dalmore &#8211; 15yo"}]},{"@type":"WebSite","@id":"https:\/\/www.dramfolks-whisky-auction.com\/en\/#website","url":"https:\/\/www.dramfolks-whisky-auction.com\/en\/","name":"Dramfolks Whisky Auction","description":"","potentialAction":[{"@type":"SearchAction","target":{"@type":"EntryPoint","urlTemplate":"https:\/\/www.dramfolks-whisky-auction.com\/en\/?s={search_term_string}"},"query-input":{"@type":"PropertyValueSpecification","valueRequired":true,"valueName":"search_term_string"}}],"inLanguage":"en-US"}]}},"_links":{"self":[{"href":"https:\/\/www.dramfolks-whisky-auction.com\/en\/wp-json\/wp\/v2\/product\/5368508","targetHints":{"allow":["GET"]}}],"collection":[{"href":"https:\/\/www.dramfolks-whisky-auction.com\/en\/wp-json\/wp\/v2\/product"}],"about":[{"href":"https:\/\/www.dramfolks-whisky-auction.com\/en\/wp-json\/wp\/v2\/types\/product"}],"replies":[{"embeddable":true,"href":"https:\/\/www.dramfolks-whisky-auction.com\/en\/wp-json\/wp\/v2\/comments?post=5368508"}],"wp:featuredmedia":[{"embeddable":true,"href":"https:\/\/www.dramfolks-whisky-auction.com\/en\/wp-json\/wp\/v2\/media\/5368948"}],"wp:attachment":[{"href":"https:\/\/www.dramfolks-whisky-auction.com\/en\/wp-json\/wp\/v2\/media?parent=5368508"}],"wp:term":[{"taxonomy":"product_brand","embeddable":true,"href":"https:\/\/www.dramfolks-whisky-auction.com\/en\/wp-json\/wp\/v2\/product_brand?post=5368508"},{"taxonomy":"product_cat","embeddable":true,"href":"https:\/\/www.dramfolks-whisky-auction.com\/en\/wp-json\/wp\/v2\/product_cat?post=5368508"},{"taxonomy":"product_tag","embeddable":true,"href":"https:\/\/www.dramfolks-whisky-auction.com\/en\/wp-json\/wp\/v2\/product_tag?post=5368508"}],"curies":[{"name":"wp","href":"https:\/\/api.w.org\/{rel}","templated":true}]}}