{"id":5368505,"date":"2025-09-19T15:58:18","date_gmt":"2025-09-19T13:58:18","guid":{"rendered":"https:\/\/www.dramfolks-whisky-auction.com\/?post_type=product&#038;p=5368505"},"modified":"2025-10-05T19:15:53","modified_gmt":"2025-10-05T17:15:53","slug":"glendalough-pot-still-irish-oak","status":"publish","type":"product","link":"https:\/\/www.dramfolks-whisky-auction.com\/en\/product\/glendalough-pot-still-irish-oak\/","title":{"rendered":"Glendalough &#8211; Pot Still Irish Oak"},"content":{"rendered":"<p><strong>Destille: Glendalough<br \/>\n<\/strong>Glendalough hei\u00dft auf G\u00e4lisch \u2018Tal der zwei Seen\u2018. Das Tal wird auch Garten Irlands genannt und liegt in den Wicklow Mountains s\u00fcdlich von Dublin. Hier gr\u00fcndeten f\u00fcnf Freunde die erste Craft Brennerei Irlands. Glendalough ist auch f\u00fcr seine Klostersiedlung aus dem 6. Jahrhundert bekannt. Diese wurde von dem M\u00f6nch St. Kevin gegr\u00fcndet, dessen Geschichte und Sagen auch die <span class=\"tx-datamintslossaryextension-no-replacement\">Brennerei<\/span> Gr\u00fcnder inspirierte und dessen Gestalt daher die Flaschen von Glendalough ziert.<\/p>\n<p><strong>Fun Fakt:<\/strong> Die Geschichte von Glendalough geht zur\u00fcck bis ins Jahr 518. Zu dieser Zeit zog sich der Heilige St. Kevin in die irische Wildnis zur\u00fcck, wo er sieben Jahre lebte. Der Legende nach stand er f\u00fcr 13 Tage und 13 N\u00e4chte im Wasser mit Amsel-Eiern in seinen H\u00e4nden bis die K\u00fcken schl\u00fcpften. Weitere 13 Tage harrte er dort aus, bis sie fl\u00fcgge wurden.<\/p>\n<p><strong>Whisky\/Whiskey: Pot Still Irish Oak<br \/>\n<\/strong>Der \u201eGlendalough Pot Still Irish Oak\u201c (43 Vol%) ist der erste Single Pot Still Whiskey der jungen Brennerei. Der Rohbrand, hergestellt in einer nicht n\u00e4her benannten Destillerie, wird nach genauen Vorgaben des Glendalough-Teams aus 67% ungem\u00e4lzter und 33% gem\u00e4lzter Gerste in halb bef\u00fcllten Pot Stills destilliert. Nach einer dreij\u00e4hrigen Reifung in ehemaligen Bourbon-F\u00e4ssern erh\u00e4lt der Whiskey ein weiteres Jahr Finishing in F\u00e4ssern aus irischer Eiche, deren Holz aus nachhaltiger Forstwirtschaft in Wicklow stammt.<\/p>\n<p>Es handelt sich hier um Cask: 5 , Batch No: 1und Bottle Nr.: 31!<\/p>\n<p><strong>Info Qualit\u00e4t der Flasche:<\/strong> Exzellent ohne Besch\u00e4digungen \/ <strong>F\u00fcllstand:<\/strong> Top shoulder<br \/>\n<strong>Info Qualit\u00e4t der Box:<\/strong> Exzellent ohne Besch\u00e4digungen<\/p>\n<p><strong>Wichtiger Hinweis:<\/strong> Die Bewertung der Flaschen und Boxen erfolgt nach \u201ebesten Wissen und Gewissen\u201c. dramfolks kann keine Gew\u00e4hrleistung f\u00fcr den Inhalt der Flaschen \u00fcbernehmen. Weitere Infos &amp; Hinweise finden Sie in unseren AGBs. Wir empfehlen Ihnen, vor der Abgabe von Geboten \u00fcber die Zoomfunktion eine Besichtigung \/ genaue Pr\u00fcfung des angebotenen Whiskys vorzunehmen. Bitte kontaktieren sie uns bei Fragen direkt unter info@dramfolks.com<\/p>\n","protected":false},"excerpt":{"rendered":"<p>Destille: Glendalough Glendalough hei\u00dft auf G\u00e4lisch \u2018Tal der zwei Seen\u2018. Das Tal wird auch Garten Irlands genannt und liegt in den Wicklow Mountains s\u00fcdlich von Dublin. Hier gr\u00fcndeten f\u00fcnf Freunde die erste Craft Brennerei Irlands. Glendalough ist auch f\u00fcr seine Klostersiedlung aus dem 6. Jahrhundert bekannt. Diese wurde von dem M\u00f6nch St. Kevin gegr\u00fcndet, dessen[&#8230;]\n","protected":false},"featured_media":5368936,"comment_status":"closed","ping_status":"closed","template":"","meta":[],"product_brand":[],"product_cat":[1233],"product_tag":[],"class_list":{"0":"post-5368505","1":"product","2":"type-product","3":"status-publish","4":"has-post-thumbnail","6":"product_cat-no-20","8":"first","9":"instock","10":"shipping-taxable","11":"purchasable","12":"product-type-auction"},"yoast_head":"<!-- This site is optimized with the Yoast SEO plugin v27.0 - https:\/\/yoast.com\/product\/yoast-seo-wordpress\/ -->\n<title>Glendalough - Pot Still Irish Oak - Dramfolks Whisky Auction<\/title>\n<meta name=\"robots\" content=\"index, follow, max-snippet:-1, max-image-preview:large, max-video-preview:-1\" \/>\n<link rel=\"canonical\" href=\"https:\/\/www.dramfolks-whisky-auction.com\/en\/product\/glendalough-pot-still-irish-oak\/\" \/>\n<meta property=\"og:locale\" content=\"en_US\" \/>\n<meta property=\"og:type\" content=\"article\" \/>\n<meta property=\"og:title\" content=\"Glendalough - Pot Still Irish Oak - Dramfolks Whisky Auction\" \/>\n<meta property=\"og:description\" content=\"Destille: Glendalough Glendalough hei\u00dft auf G\u00e4lisch \u2018Tal der zwei Seen\u2018. Das Tal wird auch Garten Irlands genannt und liegt in den Wicklow Mountains s\u00fcdlich von Dublin. Hier gr\u00fcndeten f\u00fcnf Freunde die erste Craft Brennerei Irlands. Glendalough ist auch f\u00fcr seine Klostersiedlung aus dem 6. Jahrhundert bekannt. Diese wurde von dem M\u00f6nch St. Kevin gegr\u00fcndet, dessen[...]\" \/>\n<meta property=\"og:url\" content=\"https:\/\/www.dramfolks-whisky-auction.com\/en\/product\/glendalough-pot-still-irish-oak\/\" \/>\n<meta property=\"og:site_name\" content=\"Dramfolks Whisky Auction\" \/>\n<meta property=\"article:modified_time\" content=\"2025-10-05T17:15:53+00:00\" \/>\n<meta property=\"og:image\" content=\"https:\/\/www.dramfolks-whisky-auction.com\/wp-content\/uploads\/2025\/09\/Glendalough-vorne-scaled.jpg\" \/>\n\t<meta property=\"og:image:width\" content=\"2560\" \/>\n\t<meta property=\"og:image:height\" content=\"2560\" \/>\n\t<meta property=\"og:image:type\" content=\"image\/jpeg\" \/>\n<meta name=\"twitter:card\" content=\"summary_large_image\" \/>\n<meta name=\"twitter:label1\" content=\"Est. reading time\" \/>\n\t<meta name=\"twitter:data1\" content=\"2 minutes\" \/>\n<script type=\"application\/ld+json\" class=\"yoast-schema-graph\">{\"@context\":\"https:\/\/schema.org\",\"@graph\":[{\"@type\":\"WebPage\",\"@id\":\"https:\/\/www.dramfolks-whisky-auction.com\/en\/product\/glendalough-pot-still-irish-oak\/\",\"url\":\"https:\/\/www.dramfolks-whisky-auction.com\/en\/product\/glendalough-pot-still-irish-oak\/\",\"name\":\"Glendalough - Pot Still Irish Oak - Dramfolks Whisky Auction\",\"isPartOf\":{\"@id\":\"https:\/\/www.dramfolks-whisky-auction.com\/en\/#website\"},\"primaryImageOfPage\":{\"@id\":\"https:\/\/www.dramfolks-whisky-auction.com\/en\/product\/glendalough-pot-still-irish-oak\/#primaryimage\"},\"image\":{\"@id\":\"https:\/\/www.dramfolks-whisky-auction.com\/en\/product\/glendalough-pot-still-irish-oak\/#primaryimage\"},\"thumbnailUrl\":\"https:\/\/www.dramfolks-whisky-auction.com\/wp-content\/uploads\/2025\/09\/Glendalough-vorne-scaled.jpg\",\"datePublished\":\"2025-09-19T13:58:18+00:00\",\"dateModified\":\"2025-10-05T17:15:53+00:00\",\"breadcrumb\":{\"@id\":\"https:\/\/www.dramfolks-whisky-auction.com\/en\/product\/glendalough-pot-still-irish-oak\/#breadcrumb\"},\"inLanguage\":\"en-US\",\"potentialAction\":[{\"@type\":\"ReadAction\",\"target\":[\"https:\/\/www.dramfolks-whisky-auction.com\/en\/product\/glendalough-pot-still-irish-oak\/\"]}]},{\"@type\":\"ImageObject\",\"inLanguage\":\"en-US\",\"@id\":\"https:\/\/www.dramfolks-whisky-auction.com\/en\/product\/glendalough-pot-still-irish-oak\/#primaryimage\",\"url\":\"https:\/\/www.dramfolks-whisky-auction.com\/wp-content\/uploads\/2025\/09\/Glendalough-vorne-scaled.jpg\",\"contentUrl\":\"https:\/\/www.dramfolks-whisky-auction.com\/wp-content\/uploads\/2025\/09\/Glendalough-vorne-scaled.jpg\",\"width\":2560,\"height\":2560},{\"@type\":\"BreadcrumbList\",\"@id\":\"https:\/\/www.dramfolks-whisky-auction.com\/en\/product\/glendalough-pot-still-irish-oak\/#breadcrumb\",\"itemListElement\":[{\"@type\":\"ListItem\",\"position\":1,\"name\":\"Startseite\",\"item\":\"https:\/\/www.dramfolks-whisky-auction.com\/en\/\"},{\"@type\":\"ListItem\",\"position\":2,\"name\":\"Shop\",\"item\":\"https:\/\/www.dramfolks-whisky-auction.com\/en\/shop\/\"},{\"@type\":\"ListItem\",\"position\":3,\"name\":\"Glendalough &#8211; Pot Still Irish Oak\"}]},{\"@type\":\"WebSite\",\"@id\":\"https:\/\/www.dramfolks-whisky-auction.com\/en\/#website\",\"url\":\"https:\/\/www.dramfolks-whisky-auction.com\/en\/\",\"name\":\"Dramfolks Whisky Auction\",\"description\":\"\",\"potentialAction\":[{\"@type\":\"SearchAction\",\"target\":{\"@type\":\"EntryPoint\",\"urlTemplate\":\"https:\/\/www.dramfolks-whisky-auction.com\/en\/?s={search_term_string}\"},\"query-input\":{\"@type\":\"PropertyValueSpecification\",\"valueRequired\":true,\"valueName\":\"search_term_string\"}}],\"inLanguage\":\"en-US\"}]}<\/script>\n<!-- \/ Yoast SEO plugin. -->","yoast_head_json":{"title":"Glendalough - Pot Still Irish Oak - Dramfolks Whisky Auction","robots":{"index":"index","follow":"follow","max-snippet":"max-snippet:-1","max-image-preview":"max-image-preview:large","max-video-preview":"max-video-preview:-1"},"canonical":"https:\/\/www.dramfolks-whisky-auction.com\/en\/product\/glendalough-pot-still-irish-oak\/","og_locale":"en_US","og_type":"article","og_title":"Glendalough - Pot Still Irish Oak - Dramfolks Whisky Auction","og_description":"Destille: Glendalough Glendalough hei\u00dft auf G\u00e4lisch \u2018Tal der zwei Seen\u2018. Das Tal wird auch Garten Irlands genannt und liegt in den Wicklow Mountains s\u00fcdlich von Dublin. Hier gr\u00fcndeten f\u00fcnf Freunde die erste Craft Brennerei Irlands. Glendalough ist auch f\u00fcr seine Klostersiedlung aus dem 6. Jahrhundert bekannt. Diese wurde von dem M\u00f6nch St. Kevin gegr\u00fcndet, dessen[...]","og_url":"https:\/\/www.dramfolks-whisky-auction.com\/en\/product\/glendalough-pot-still-irish-oak\/","og_site_name":"Dramfolks Whisky Auction","article_modified_time":"2025-10-05T17:15:53+00:00","og_image":[{"width":2560,"height":2560,"url":"https:\/\/www.dramfolks-whisky-auction.com\/wp-content\/uploads\/2025\/09\/Glendalough-vorne-scaled.jpg","type":"image\/jpeg"}],"twitter_card":"summary_large_image","twitter_misc":{"Est. reading time":"2 minutes"},"schema":{"@context":"https:\/\/schema.org","@graph":[{"@type":"WebPage","@id":"https:\/\/www.dramfolks-whisky-auction.com\/en\/product\/glendalough-pot-still-irish-oak\/","url":"https:\/\/www.dramfolks-whisky-auction.com\/en\/product\/glendalough-pot-still-irish-oak\/","name":"Glendalough - Pot Still Irish Oak - Dramfolks Whisky Auction","isPartOf":{"@id":"https:\/\/www.dramfolks-whisky-auction.com\/en\/#website"},"primaryImageOfPage":{"@id":"https:\/\/www.dramfolks-whisky-auction.com\/en\/product\/glendalough-pot-still-irish-oak\/#primaryimage"},"image":{"@id":"https:\/\/www.dramfolks-whisky-auction.com\/en\/product\/glendalough-pot-still-irish-oak\/#primaryimage"},"thumbnailUrl":"https:\/\/www.dramfolks-whisky-auction.com\/wp-content\/uploads\/2025\/09\/Glendalough-vorne-scaled.jpg","datePublished":"2025-09-19T13:58:18+00:00","dateModified":"2025-10-05T17:15:53+00:00","breadcrumb":{"@id":"https:\/\/www.dramfolks-whisky-auction.com\/en\/product\/glendalough-pot-still-irish-oak\/#breadcrumb"},"inLanguage":"en-US","potentialAction":[{"@type":"ReadAction","target":["https:\/\/www.dramfolks-whisky-auction.com\/en\/product\/glendalough-pot-still-irish-oak\/"]}]},{"@type":"ImageObject","inLanguage":"en-US","@id":"https:\/\/www.dramfolks-whisky-auction.com\/en\/product\/glendalough-pot-still-irish-oak\/#primaryimage","url":"https:\/\/www.dramfolks-whisky-auction.com\/wp-content\/uploads\/2025\/09\/Glendalough-vorne-scaled.jpg","contentUrl":"https:\/\/www.dramfolks-whisky-auction.com\/wp-content\/uploads\/2025\/09\/Glendalough-vorne-scaled.jpg","width":2560,"height":2560},{"@type":"BreadcrumbList","@id":"https:\/\/www.dramfolks-whisky-auction.com\/en\/product\/glendalough-pot-still-irish-oak\/#breadcrumb","itemListElement":[{"@type":"ListItem","position":1,"name":"Startseite","item":"https:\/\/www.dramfolks-whisky-auction.com\/en\/"},{"@type":"ListItem","position":2,"name":"Shop","item":"https:\/\/www.dramfolks-whisky-auction.com\/en\/shop\/"},{"@type":"ListItem","position":3,"name":"Glendalough &#8211; Pot Still Irish Oak"}]},{"@type":"WebSite","@id":"https:\/\/www.dramfolks-whisky-auction.com\/en\/#website","url":"https:\/\/www.dramfolks-whisky-auction.com\/en\/","name":"Dramfolks Whisky Auction","description":"","potentialAction":[{"@type":"SearchAction","target":{"@type":"EntryPoint","urlTemplate":"https:\/\/www.dramfolks-whisky-auction.com\/en\/?s={search_term_string}"},"query-input":{"@type":"PropertyValueSpecification","valueRequired":true,"valueName":"search_term_string"}}],"inLanguage":"en-US"}]}},"_links":{"self":[{"href":"https:\/\/www.dramfolks-whisky-auction.com\/en\/wp-json\/wp\/v2\/product\/5368505","targetHints":{"allow":["GET"]}}],"collection":[{"href":"https:\/\/www.dramfolks-whisky-auction.com\/en\/wp-json\/wp\/v2\/product"}],"about":[{"href":"https:\/\/www.dramfolks-whisky-auction.com\/en\/wp-json\/wp\/v2\/types\/product"}],"replies":[{"embeddable":true,"href":"https:\/\/www.dramfolks-whisky-auction.com\/en\/wp-json\/wp\/v2\/comments?post=5368505"}],"wp:featuredmedia":[{"embeddable":true,"href":"https:\/\/www.dramfolks-whisky-auction.com\/en\/wp-json\/wp\/v2\/media\/5368936"}],"wp:attachment":[{"href":"https:\/\/www.dramfolks-whisky-auction.com\/en\/wp-json\/wp\/v2\/media?parent=5368505"}],"wp:term":[{"taxonomy":"product_brand","embeddable":true,"href":"https:\/\/www.dramfolks-whisky-auction.com\/en\/wp-json\/wp\/v2\/product_brand?post=5368505"},{"taxonomy":"product_cat","embeddable":true,"href":"https:\/\/www.dramfolks-whisky-auction.com\/en\/wp-json\/wp\/v2\/product_cat?post=5368505"},{"taxonomy":"product_tag","embeddable":true,"href":"https:\/\/www.dramfolks-whisky-auction.com\/en\/wp-json\/wp\/v2\/product_tag?post=5368505"}],"curies":[{"name":"wp","href":"https:\/\/api.w.org\/{rel}","templated":true}]}}