{"id":5368493,"date":"2025-09-19T15:43:17","date_gmt":"2025-09-19T13:43:17","guid":{"rendered":"https:\/\/www.dramfolks-whisky-auction.com\/?post_type=product&#038;p=5368493"},"modified":"2025-10-05T19:45:16","modified_gmt":"2025-10-05T17:45:16","slug":"laphroaig-10yo-sherry-oak-3","status":"publish","type":"product","link":"https:\/\/www.dramfolks-whisky-auction.com\/en\/product\/laphroaig-10yo-sherry-oak-3\/","title":{"rendered":"Laphroaig &#8211; 10yo Sherry Oak"},"content":{"rendered":"<p><strong>Destille: Laphroaig<br \/>\n<\/strong>Laphroaig (sprich: la-froig) ist eine Whiskybrennerei auf der schottischen Hebriden-Insel Islay. Laphroaig liegt an einer kleinen naturbelassenen Bucht. Die Destillerie wurde offiziell 1815 von den Br\u00fcdern Donald und Alex Johnston gegr\u00fcndet. Urspr\u00fcnglich war sie eine Farm-Brennerei f\u00fcr den Eigenbedarf. Schon der Vater John der beiden Gr\u00fcnder errichtete eine der beiden illegalen Brennereien, aus denen sp\u00e4ter Lagavulin wurde. Au\u00dferdem gab es von 1837 bis 1868 auf dem von der Destillerie genutzten Gel\u00e4nde eine weitere Brennerei: Die alte Ardenistiel Distillery von Andrew und James Gairdner, die auch als Kildalton Distillery (1849\u20131852) und Islay Distillery (1852\u20131866) bekannt wurde. Das Wasser f\u00fcr die Herstellung stammte aus dem Sanaig Burn, welcher damals auch Laphroaig als Wasserquelle diente. 1923 wurden zwei Stills angeschafft und 1969 zwei weitere. 1974 kam die letzte Brennblase hinzu, womit die Anzahl auf insgesamt sieben stieg. Als Long John Distillers 1975 in Whitbread aufgingen, welches wiederum zu Allied Domecq geh\u00f6rte, wechselte auch f\u00fcr Laphroaig der Eigent\u00fcmer. Allied Domecq wurde 2005 von Pernod Ricard \u00fcbernommen. Um die Auflagen des Kartellamtes zu erf\u00fcllen, trennte sich Pernod Ricard von Laphroaig. Dadurch wurde Beam Global Spirits &amp; Wine, eine Tochter von Fortune Brands, der neue Eigent\u00fcmer. Ende April 2014 schloss der japanische Getr\u00e4nkekonzern Suntory die \u00dcbernahme von Beam Global ab. Seitdem z\u00e4hlt Laphroaig zum Portfolio von Suntory. J\u00e4hrliche Produktionsmenge: ca. 2,7 Millionen Liter Alkohol.<\/p>\n<p><strong>Fun Fakt 1: <\/strong>Adelig&#8230; Seit 1994 ist Laphroaig Hoflieferant des Prince of Wales f\u00fcr Single-Malt-Whisky.<br \/>\n<strong>Fun fact 2:<\/strong> Starke Frau!!! Die Brennerei blieb bis 1954 im Familienbesitz der Johnstons. Der letzte aus dem Johnston-Clan, Ian Hunter, hinterlie\u00df die Firma seiner Sekret\u00e4rin Bessie Williamson. Diese verkaufte 1967 an Long John Distillers und f\u00fchrte die Destille weiter, bis sie sich 1972 zur Ruhe setzte.<\/p>\n<p><strong>Whisky\/Whiskey: 10yo Sherry Oak<br \/>\n<\/strong>Der Laphroaig 10 Years Sherry Oak Finish ist eine exklusive Variante des klassischen Laphroaig 10 Years, veredelt durch eine zus\u00e4tzliche Reifung in ausgew\u00e4hlten Sherry-F\u00e4ssern. Diese besondere Finishing-Methode verleiht dem Whisky eine au\u00dfergew\u00f6hnliche Tiefe und eine komplexe Aromenvielfalt. Charakteristisch f\u00fcr Laphroaig ist das unverwechselbare rauchige Profil, das durch die Sherry-Fassreifung mit Noten von getrockneten Fr\u00fcchten und Gew\u00fcrzen angereichert wird. Der Laphroaig 10 Jahre Sherry Oak ist eine limitierte Edition die bereits nach kurzer Zeit Kultstatus erreichte. Der Grund hierf\u00fcr ist sicherlich, dass die Laphroaig typische Aromatik perfekt zu den s\u00fc\u00dfen Aromen einer Sherry Cask Reifung passt.<\/p>\n<div class=\"description-long\"><strong>Info Qualit\u00e4t der Flasche:<\/strong> Exzellent &#8211; ohne Besch\u00e4digungen \/ <strong>F\u00fcllstand: <\/strong>High fill<br \/>\n<strong>Info Qualit\u00e4t der Box: <\/strong>Exzellent &#8211; ohne Besch\u00e4digungen<\/div>\n<p><strong>Wichtiger Hinweis:<\/strong> Die Bewertung der Flaschen und Boxen erfolgt nach \u201ebesten Wissen und Gewissen\u201c. dramfolks kann keine Gew\u00e4hrleistung f\u00fcr den Inhalt der Flaschen \u00fcbernehmen. Weitere Infos &amp; Hinweise finden Sie in unseren AGBs. Wir empfehlen Ihnen, vor der Abgabe von Geboten \u00fcber die Zoomfunktion eine Besichtigung \/ genaue Pr\u00fcfung des angebotenen Whiskys vorzunehmen. Bitte kontaktieren sie uns bei Fragen direkt unter info@dramfolks.com<\/p>\n","protected":false},"excerpt":{"rendered":"<p>Destille: Laphroaig Laphroaig (sprich: la-froig) ist eine Whiskybrennerei auf der schottischen Hebriden-Insel Islay. Laphroaig liegt an einer kleinen naturbelassenen Bucht. Die Destillerie wurde offiziell 1815 von den Br\u00fcdern Donald und Alex Johnston gegr\u00fcndet. Urspr\u00fcnglich war sie eine Farm-Brennerei f\u00fcr den Eigenbedarf. Schon der Vater John der beiden Gr\u00fcnder errichtete eine der beiden illegalen Brennereien, aus[&#8230;]\n","protected":false},"featured_media":534994,"comment_status":"closed","ping_status":"closed","template":"","meta":[],"product_brand":[],"product_cat":[1233],"product_tag":[],"class_list":{"0":"post-5368493","1":"product","2":"type-product","3":"status-publish","4":"has-post-thumbnail","6":"product_cat-no-20","8":"first","9":"instock","10":"shipping-taxable","11":"purchasable","12":"product-type-auction"},"yoast_head":"<!-- This site is optimized with the Yoast SEO plugin v27.0 - https:\/\/yoast.com\/product\/yoast-seo-wordpress\/ -->\n<title>Laphroaig - 10yo Sherry Oak - Dramfolks Whisky Auction<\/title>\n<meta name=\"robots\" content=\"index, follow, max-snippet:-1, max-image-preview:large, max-video-preview:-1\" \/>\n<link rel=\"canonical\" href=\"https:\/\/www.dramfolks-whisky-auction.com\/en\/product\/laphroaig-10yo-sherry-oak-3\/\" \/>\n<meta property=\"og:locale\" content=\"en_US\" \/>\n<meta property=\"og:type\" content=\"article\" \/>\n<meta property=\"og:title\" content=\"Laphroaig - 10yo Sherry Oak - Dramfolks Whisky Auction\" \/>\n<meta property=\"og:description\" content=\"Destille: Laphroaig Laphroaig (sprich: la-froig) ist eine Whiskybrennerei auf der schottischen Hebriden-Insel Islay. Laphroaig liegt an einer kleinen naturbelassenen Bucht. Die Destillerie wurde offiziell 1815 von den Br\u00fcdern Donald und Alex Johnston gegr\u00fcndet. Urspr\u00fcnglich war sie eine Farm-Brennerei f\u00fcr den Eigenbedarf. Schon der Vater John der beiden Gr\u00fcnder errichtete eine der beiden illegalen Brennereien, aus[...]\" \/>\n<meta property=\"og:url\" content=\"https:\/\/www.dramfolks-whisky-auction.com\/en\/product\/laphroaig-10yo-sherry-oak-3\/\" \/>\n<meta property=\"og:site_name\" content=\"Dramfolks Whisky Auction\" \/>\n<meta property=\"article:modified_time\" content=\"2025-10-05T17:45:16+00:00\" \/>\n<meta property=\"og:image\" content=\"https:\/\/www.dramfolks-whisky-auction.com\/wp-content\/uploads\/2024\/09\/Laphroaig-10yo-Sherry-Oak-vorne-scaled.jpg\" \/>\n\t<meta property=\"og:image:width\" content=\"2560\" \/>\n\t<meta property=\"og:image:height\" content=\"2560\" \/>\n\t<meta property=\"og:image:type\" content=\"image\/jpeg\" \/>\n<meta name=\"twitter:card\" content=\"summary_large_image\" \/>\n<meta name=\"twitter:label1\" content=\"Est. reading time\" \/>\n\t<meta name=\"twitter:data1\" content=\"3 minutes\" \/>\n<script type=\"application\/ld+json\" class=\"yoast-schema-graph\">{\"@context\":\"https:\/\/schema.org\",\"@graph\":[{\"@type\":\"WebPage\",\"@id\":\"https:\/\/www.dramfolks-whisky-auction.com\/en\/product\/laphroaig-10yo-sherry-oak-3\/\",\"url\":\"https:\/\/www.dramfolks-whisky-auction.com\/en\/product\/laphroaig-10yo-sherry-oak-3\/\",\"name\":\"Laphroaig - 10yo Sherry Oak - Dramfolks Whisky Auction\",\"isPartOf\":{\"@id\":\"https:\/\/www.dramfolks-whisky-auction.com\/en\/#website\"},\"primaryImageOfPage\":{\"@id\":\"https:\/\/www.dramfolks-whisky-auction.com\/en\/product\/laphroaig-10yo-sherry-oak-3\/#primaryimage\"},\"image\":{\"@id\":\"https:\/\/www.dramfolks-whisky-auction.com\/en\/product\/laphroaig-10yo-sherry-oak-3\/#primaryimage\"},\"thumbnailUrl\":\"https:\/\/www.dramfolks-whisky-auction.com\/wp-content\/uploads\/2024\/09\/Laphroaig-10yo-Sherry-Oak-vorne-scaled.jpg\",\"datePublished\":\"2025-09-19T13:43:17+00:00\",\"dateModified\":\"2025-10-05T17:45:16+00:00\",\"breadcrumb\":{\"@id\":\"https:\/\/www.dramfolks-whisky-auction.com\/en\/product\/laphroaig-10yo-sherry-oak-3\/#breadcrumb\"},\"inLanguage\":\"en-US\",\"potentialAction\":[{\"@type\":\"ReadAction\",\"target\":[\"https:\/\/www.dramfolks-whisky-auction.com\/en\/product\/laphroaig-10yo-sherry-oak-3\/\"]}]},{\"@type\":\"ImageObject\",\"inLanguage\":\"en-US\",\"@id\":\"https:\/\/www.dramfolks-whisky-auction.com\/en\/product\/laphroaig-10yo-sherry-oak-3\/#primaryimage\",\"url\":\"https:\/\/www.dramfolks-whisky-auction.com\/wp-content\/uploads\/2024\/09\/Laphroaig-10yo-Sherry-Oak-vorne-scaled.jpg\",\"contentUrl\":\"https:\/\/www.dramfolks-whisky-auction.com\/wp-content\/uploads\/2024\/09\/Laphroaig-10yo-Sherry-Oak-vorne-scaled.jpg\",\"width\":2560,\"height\":2560},{\"@type\":\"BreadcrumbList\",\"@id\":\"https:\/\/www.dramfolks-whisky-auction.com\/en\/product\/laphroaig-10yo-sherry-oak-3\/#breadcrumb\",\"itemListElement\":[{\"@type\":\"ListItem\",\"position\":1,\"name\":\"Startseite\",\"item\":\"https:\/\/www.dramfolks-whisky-auction.com\/en\/\"},{\"@type\":\"ListItem\",\"position\":2,\"name\":\"Shop\",\"item\":\"https:\/\/www.dramfolks-whisky-auction.com\/en\/shop\/\"},{\"@type\":\"ListItem\",\"position\":3,\"name\":\"Laphroaig &#8211; 10yo Sherry Oak\"}]},{\"@type\":\"WebSite\",\"@id\":\"https:\/\/www.dramfolks-whisky-auction.com\/en\/#website\",\"url\":\"https:\/\/www.dramfolks-whisky-auction.com\/en\/\",\"name\":\"Dramfolks Whisky Auction\",\"description\":\"\",\"potentialAction\":[{\"@type\":\"SearchAction\",\"target\":{\"@type\":\"EntryPoint\",\"urlTemplate\":\"https:\/\/www.dramfolks-whisky-auction.com\/en\/?s={search_term_string}\"},\"query-input\":{\"@type\":\"PropertyValueSpecification\",\"valueRequired\":true,\"valueName\":\"search_term_string\"}}],\"inLanguage\":\"en-US\"}]}<\/script>\n<!-- \/ Yoast SEO plugin. -->","yoast_head_json":{"title":"Laphroaig - 10yo Sherry Oak - Dramfolks Whisky Auction","robots":{"index":"index","follow":"follow","max-snippet":"max-snippet:-1","max-image-preview":"max-image-preview:large","max-video-preview":"max-video-preview:-1"},"canonical":"https:\/\/www.dramfolks-whisky-auction.com\/en\/product\/laphroaig-10yo-sherry-oak-3\/","og_locale":"en_US","og_type":"article","og_title":"Laphroaig - 10yo Sherry Oak - Dramfolks Whisky Auction","og_description":"Destille: Laphroaig Laphroaig (sprich: la-froig) ist eine Whiskybrennerei auf der schottischen Hebriden-Insel Islay. Laphroaig liegt an einer kleinen naturbelassenen Bucht. Die Destillerie wurde offiziell 1815 von den Br\u00fcdern Donald und Alex Johnston gegr\u00fcndet. Urspr\u00fcnglich war sie eine Farm-Brennerei f\u00fcr den Eigenbedarf. Schon der Vater John der beiden Gr\u00fcnder errichtete eine der beiden illegalen Brennereien, aus[...]","og_url":"https:\/\/www.dramfolks-whisky-auction.com\/en\/product\/laphroaig-10yo-sherry-oak-3\/","og_site_name":"Dramfolks Whisky Auction","article_modified_time":"2025-10-05T17:45:16+00:00","og_image":[{"width":2560,"height":2560,"url":"https:\/\/www.dramfolks-whisky-auction.com\/wp-content\/uploads\/2024\/09\/Laphroaig-10yo-Sherry-Oak-vorne-scaled.jpg","type":"image\/jpeg"}],"twitter_card":"summary_large_image","twitter_misc":{"Est. reading time":"3 minutes"},"schema":{"@context":"https:\/\/schema.org","@graph":[{"@type":"WebPage","@id":"https:\/\/www.dramfolks-whisky-auction.com\/en\/product\/laphroaig-10yo-sherry-oak-3\/","url":"https:\/\/www.dramfolks-whisky-auction.com\/en\/product\/laphroaig-10yo-sherry-oak-3\/","name":"Laphroaig - 10yo Sherry Oak - Dramfolks Whisky Auction","isPartOf":{"@id":"https:\/\/www.dramfolks-whisky-auction.com\/en\/#website"},"primaryImageOfPage":{"@id":"https:\/\/www.dramfolks-whisky-auction.com\/en\/product\/laphroaig-10yo-sherry-oak-3\/#primaryimage"},"image":{"@id":"https:\/\/www.dramfolks-whisky-auction.com\/en\/product\/laphroaig-10yo-sherry-oak-3\/#primaryimage"},"thumbnailUrl":"https:\/\/www.dramfolks-whisky-auction.com\/wp-content\/uploads\/2024\/09\/Laphroaig-10yo-Sherry-Oak-vorne-scaled.jpg","datePublished":"2025-09-19T13:43:17+00:00","dateModified":"2025-10-05T17:45:16+00:00","breadcrumb":{"@id":"https:\/\/www.dramfolks-whisky-auction.com\/en\/product\/laphroaig-10yo-sherry-oak-3\/#breadcrumb"},"inLanguage":"en-US","potentialAction":[{"@type":"ReadAction","target":["https:\/\/www.dramfolks-whisky-auction.com\/en\/product\/laphroaig-10yo-sherry-oak-3\/"]}]},{"@type":"ImageObject","inLanguage":"en-US","@id":"https:\/\/www.dramfolks-whisky-auction.com\/en\/product\/laphroaig-10yo-sherry-oak-3\/#primaryimage","url":"https:\/\/www.dramfolks-whisky-auction.com\/wp-content\/uploads\/2024\/09\/Laphroaig-10yo-Sherry-Oak-vorne-scaled.jpg","contentUrl":"https:\/\/www.dramfolks-whisky-auction.com\/wp-content\/uploads\/2024\/09\/Laphroaig-10yo-Sherry-Oak-vorne-scaled.jpg","width":2560,"height":2560},{"@type":"BreadcrumbList","@id":"https:\/\/www.dramfolks-whisky-auction.com\/en\/product\/laphroaig-10yo-sherry-oak-3\/#breadcrumb","itemListElement":[{"@type":"ListItem","position":1,"name":"Startseite","item":"https:\/\/www.dramfolks-whisky-auction.com\/en\/"},{"@type":"ListItem","position":2,"name":"Shop","item":"https:\/\/www.dramfolks-whisky-auction.com\/en\/shop\/"},{"@type":"ListItem","position":3,"name":"Laphroaig &#8211; 10yo Sherry Oak"}]},{"@type":"WebSite","@id":"https:\/\/www.dramfolks-whisky-auction.com\/en\/#website","url":"https:\/\/www.dramfolks-whisky-auction.com\/en\/","name":"Dramfolks Whisky Auction","description":"","potentialAction":[{"@type":"SearchAction","target":{"@type":"EntryPoint","urlTemplate":"https:\/\/www.dramfolks-whisky-auction.com\/en\/?s={search_term_string}"},"query-input":{"@type":"PropertyValueSpecification","valueRequired":true,"valueName":"search_term_string"}}],"inLanguage":"en-US"}]}},"_links":{"self":[{"href":"https:\/\/www.dramfolks-whisky-auction.com\/en\/wp-json\/wp\/v2\/product\/5368493","targetHints":{"allow":["GET"]}}],"collection":[{"href":"https:\/\/www.dramfolks-whisky-auction.com\/en\/wp-json\/wp\/v2\/product"}],"about":[{"href":"https:\/\/www.dramfolks-whisky-auction.com\/en\/wp-json\/wp\/v2\/types\/product"}],"replies":[{"embeddable":true,"href":"https:\/\/www.dramfolks-whisky-auction.com\/en\/wp-json\/wp\/v2\/comments?post=5368493"}],"wp:featuredmedia":[{"embeddable":true,"href":"https:\/\/www.dramfolks-whisky-auction.com\/en\/wp-json\/wp\/v2\/media\/534994"}],"wp:attachment":[{"href":"https:\/\/www.dramfolks-whisky-auction.com\/en\/wp-json\/wp\/v2\/media?parent=5368493"}],"wp:term":[{"taxonomy":"product_brand","embeddable":true,"href":"https:\/\/www.dramfolks-whisky-auction.com\/en\/wp-json\/wp\/v2\/product_brand?post=5368493"},{"taxonomy":"product_cat","embeddable":true,"href":"https:\/\/www.dramfolks-whisky-auction.com\/en\/wp-json\/wp\/v2\/product_cat?post=5368493"},{"taxonomy":"product_tag","embeddable":true,"href":"https:\/\/www.dramfolks-whisky-auction.com\/en\/wp-json\/wp\/v2\/product_tag?post=5368493"}],"curies":[{"name":"wp","href":"https:\/\/api.w.org\/{rel}","templated":true}]}}