{"id":5367075,"date":"2025-09-19T12:15:04","date_gmt":"2025-09-19T10:15:04","guid":{"rendered":"https:\/\/www.dramfolks-whisky-auction.com\/?post_type=product&#038;p=5367075"},"modified":"2025-10-05T19:45:16","modified_gmt":"2025-10-05T17:45:16","slug":"macallan-12yo-double-cask-3","status":"publish","type":"product","link":"https:\/\/www.dramfolks-whisky-auction.com\/en\/product\/macallan-12yo-double-cask-3\/","title":{"rendered":"Macallan &#8211; 12yo Double Cask"},"content":{"rendered":"<p><strong>Destille: <span class=\"v1s2\">Macallan<br \/>\n<\/span><\/strong><span class=\"v1s2\">Macallan ist eine Single Malt Scotch Whisky Destillerie in Craigellachie, Moray. Sie ist eine der \u00e4ltesten lizensierten Brennereien Schottlands und geh\u00f6rt als \u201eRolls Royce unter den Malts\u201c heute weltweit zu den bekanntesten Single Malt Whisky Marken. Neben seiner einzigartigen Whiskys hat Macallan im Jahr 2018 eine komplett neue Brennerei von den Architekten von Rogers Stirk Harbour + Partners bauen lassen. Ein 140 Millionen Pfund teures Unternehmen, mit 36 Brennblasen (12 Wash Stills und 24 Spirit Stills) und einem besonderen Meisterst\u00fcck: das Dach. Es wurden tausende, einzelne Komponenten wabengleich zusammengesetzt, die sich in f\u00fcnf Kuppeln (mit etwa 14.000 m\u00b2 Rasen bedeckt) \u00fcber die gesamt Anlage schwingen. J\u00e4hrliches Produktionsvolumen: ca. 15 Mio. Liter.<\/span><\/p>\n<p><strong>Fun Fakt:<\/strong> Macallan h\u00e4lt den einzigartigen Rekord des &#8220;teuersten Whiskys auf der Welt&#8221; (Stand Dez. 2022). Bei einer Auktion erzielte der extrem seltene Single Malt &#8220;1926&#8221; den bisherigen Weltrekordpreis von rund 1,7 Millionen Euro. Destilliert wurde die unglaublich kostbare Fl\u00fcssigkeit im Jahr 1926 und 1986 aus dem Macallan-Fass mit der Nummer 263 abgef\u00fcllt \u2013 also erst nach 60-j\u00e4hriger Reifezeit. Vom Label &#8220;Fine &amp; Rare&#8221; wurden beim Macallan 1926 nur 14 Flaschen insgesamt abgef\u00fcllt, was die besonders strenge Limitierung dieses Whiskys unterstreicht.<\/p>\n<p><strong>Whisky\/Whiskey: 12yo Double Cask<\/strong><br \/>\nEin aufregender New Age Statement Single Malt Scotch Whisky von Macallan, der mindestens 12 Jahre in einer Kombination aus amerikanischer und europ\u00e4ischer Sherry-Eiche gereift ist. Hier ist der Anteil an Ex-Sherryf\u00e4ssern aus amerikanischer Eiche h\u00f6her als bei der 12 Jahre alten Sherry Eiche, es werden jedoch keine Ex-Bourbonf\u00e4sser verwendet, wie es bei der 12 Jahre alten Fine Oak Ver\u00f6ffentlichung der Fall ist.<br \/>\nIn der Nase \u00f6ffnen sich&#8230; &#8220;klassisches Territorium von Trockenfr\u00fcchten, wenn auch weniger intensiv als die Sherry-Eiche und aromatischer Butterscotch&#8221;. Das Ganze wird gefolgt am Gaumen mit &#8220;einer Cremigkeit und honigs\u00fc\u00df mit etwas dick geschnittener Marmelade, Zimt und warmem Geb\u00e4ck&#8221; und schlie\u00dft dann im Abgang mit &#8220;Fruchtigkeit, mit Vanille und Sultan&#8221; ab. (Quelle: <a href=\"http:\/\/www.masterofmalts.com\" target=\"_blank\" rel=\"noopener noreferrer\">www.masterofmalts.com<\/a>)<\/p>\n<p><strong>Info Qualit\u00e4t der Flasche:<\/strong> Exzellent &#8211; ohne Besch\u00e4digungen mit originalem Macallan Siegel \/ <strong>F\u00fcllstand:<\/strong> Top shoulder<br \/>\n<strong>Info Qualit\u00e4t der Box:<\/strong> Exzellent &#8211; ohne Besch\u00e4digungen<\/p>\n<p><strong>Wichtiger Hinweis:<\/strong> Die Bewertung der Flaschen und Boxen erfolgt nach \u201ebesten Wissen und Gewissen\u201c. dramfolks kann keine Gew\u00e4hrleistung f\u00fcr den Inhalt der Flaschen \u00fcbernehmen. Weitere Infos &amp; Hinweise finden Sie in unseren AGBs. Wir empfehlen Ihnen, vor der Abgabe von Geboten \u00fcber die Zoomfunktion eine Besichtigung \/ genaue Pr\u00fcfung des angebotenen Whiskys vorzunehmen. Bitte kontaktieren sie uns bei Fragen direkt unter info@dramfolks.com<\/p>\n","protected":false},"excerpt":{"rendered":"<p>Destille: Macallan Macallan ist eine Single Malt Scotch Whisky Destillerie in Craigellachie, Moray. Sie ist eine der \u00e4ltesten lizensierten Brennereien Schottlands und geh\u00f6rt als \u201eRolls Royce unter den Malts\u201c heute weltweit zu den bekanntesten Single Malt Whisky Marken. Neben seiner einzigartigen Whiskys hat Macallan im Jahr 2018 eine komplett neue Brennerei von den Architekten von[&#8230;]\n","protected":false},"featured_media":1311510,"comment_status":"closed","ping_status":"closed","template":"","meta":[],"product_brand":[],"product_cat":[1233],"product_tag":[],"class_list":{"0":"post-5367075","1":"product","2":"type-product","3":"status-publish","4":"has-post-thumbnail","6":"product_cat-no-20","8":"first","9":"instock","10":"shipping-taxable","11":"purchasable","12":"product-type-auction"},"yoast_head":"<!-- This site is optimized with the Yoast SEO plugin v27.0 - https:\/\/yoast.com\/product\/yoast-seo-wordpress\/ -->\n<title>Macallan - 12yo Double Cask - Dramfolks Whisky Auction<\/title>\n<meta name=\"robots\" content=\"index, follow, max-snippet:-1, max-image-preview:large, max-video-preview:-1\" \/>\n<link rel=\"canonical\" href=\"https:\/\/www.dramfolks-whisky-auction.com\/en\/product\/macallan-12yo-double-cask-3\/\" \/>\n<meta property=\"og:locale\" content=\"en_US\" \/>\n<meta property=\"og:type\" content=\"article\" \/>\n<meta property=\"og:title\" content=\"Macallan - 12yo Double Cask - Dramfolks Whisky Auction\" \/>\n<meta property=\"og:description\" content=\"Destille: Macallan Macallan ist eine Single Malt Scotch Whisky Destillerie in Craigellachie, Moray. Sie ist eine der \u00e4ltesten lizensierten Brennereien Schottlands und geh\u00f6rt als \u201eRolls Royce unter den Malts\u201c heute weltweit zu den bekanntesten Single Malt Whisky Marken. Neben seiner einzigartigen Whiskys hat Macallan im Jahr 2018 eine komplett neue Brennerei von den Architekten von[...]\" \/>\n<meta property=\"og:url\" content=\"https:\/\/www.dramfolks-whisky-auction.com\/en\/product\/macallan-12yo-double-cask-3\/\" \/>\n<meta property=\"og:site_name\" content=\"Dramfolks Whisky Auction\" \/>\n<meta property=\"article:modified_time\" content=\"2025-10-05T17:45:16+00:00\" \/>\n<meta property=\"og:image\" content=\"https:\/\/www.dramfolks-whisky-auction.com\/wp-content\/uploads\/2024\/12\/Macallan-12yo-vorne-scaled.jpg\" \/>\n\t<meta property=\"og:image:width\" content=\"2560\" \/>\n\t<meta property=\"og:image:height\" content=\"2560\" \/>\n\t<meta property=\"og:image:type\" content=\"image\/jpeg\" \/>\n<meta name=\"twitter:card\" content=\"summary_large_image\" \/>\n<meta name=\"twitter:label1\" content=\"Est. reading time\" \/>\n\t<meta name=\"twitter:data1\" content=\"3 minutes\" \/>\n<script type=\"application\/ld+json\" class=\"yoast-schema-graph\">{\"@context\":\"https:\/\/schema.org\",\"@graph\":[{\"@type\":\"WebPage\",\"@id\":\"https:\/\/www.dramfolks-whisky-auction.com\/en\/product\/macallan-12yo-double-cask-3\/\",\"url\":\"https:\/\/www.dramfolks-whisky-auction.com\/en\/product\/macallan-12yo-double-cask-3\/\",\"name\":\"Macallan - 12yo Double Cask - Dramfolks Whisky Auction\",\"isPartOf\":{\"@id\":\"https:\/\/www.dramfolks-whisky-auction.com\/en\/#website\"},\"primaryImageOfPage\":{\"@id\":\"https:\/\/www.dramfolks-whisky-auction.com\/en\/product\/macallan-12yo-double-cask-3\/#primaryimage\"},\"image\":{\"@id\":\"https:\/\/www.dramfolks-whisky-auction.com\/en\/product\/macallan-12yo-double-cask-3\/#primaryimage\"},\"thumbnailUrl\":\"https:\/\/www.dramfolks-whisky-auction.com\/wp-content\/uploads\/2024\/12\/Macallan-12yo-vorne-scaled.jpg\",\"datePublished\":\"2025-09-19T10:15:04+00:00\",\"dateModified\":\"2025-10-05T17:45:16+00:00\",\"breadcrumb\":{\"@id\":\"https:\/\/www.dramfolks-whisky-auction.com\/en\/product\/macallan-12yo-double-cask-3\/#breadcrumb\"},\"inLanguage\":\"en-US\",\"potentialAction\":[{\"@type\":\"ReadAction\",\"target\":[\"https:\/\/www.dramfolks-whisky-auction.com\/en\/product\/macallan-12yo-double-cask-3\/\"]}]},{\"@type\":\"ImageObject\",\"inLanguage\":\"en-US\",\"@id\":\"https:\/\/www.dramfolks-whisky-auction.com\/en\/product\/macallan-12yo-double-cask-3\/#primaryimage\",\"url\":\"https:\/\/www.dramfolks-whisky-auction.com\/wp-content\/uploads\/2024\/12\/Macallan-12yo-vorne-scaled.jpg\",\"contentUrl\":\"https:\/\/www.dramfolks-whisky-auction.com\/wp-content\/uploads\/2024\/12\/Macallan-12yo-vorne-scaled.jpg\",\"width\":2560,\"height\":2560},{\"@type\":\"BreadcrumbList\",\"@id\":\"https:\/\/www.dramfolks-whisky-auction.com\/en\/product\/macallan-12yo-double-cask-3\/#breadcrumb\",\"itemListElement\":[{\"@type\":\"ListItem\",\"position\":1,\"name\":\"Startseite\",\"item\":\"https:\/\/www.dramfolks-whisky-auction.com\/en\/\"},{\"@type\":\"ListItem\",\"position\":2,\"name\":\"Shop\",\"item\":\"https:\/\/www.dramfolks-whisky-auction.com\/en\/shop\/\"},{\"@type\":\"ListItem\",\"position\":3,\"name\":\"Macallan &#8211; 12yo Double Cask\"}]},{\"@type\":\"WebSite\",\"@id\":\"https:\/\/www.dramfolks-whisky-auction.com\/en\/#website\",\"url\":\"https:\/\/www.dramfolks-whisky-auction.com\/en\/\",\"name\":\"Dramfolks Whisky Auction\",\"description\":\"\",\"potentialAction\":[{\"@type\":\"SearchAction\",\"target\":{\"@type\":\"EntryPoint\",\"urlTemplate\":\"https:\/\/www.dramfolks-whisky-auction.com\/en\/?s={search_term_string}\"},\"query-input\":{\"@type\":\"PropertyValueSpecification\",\"valueRequired\":true,\"valueName\":\"search_term_string\"}}],\"inLanguage\":\"en-US\"}]}<\/script>\n<!-- \/ Yoast SEO plugin. -->","yoast_head_json":{"title":"Macallan - 12yo Double Cask - Dramfolks Whisky Auction","robots":{"index":"index","follow":"follow","max-snippet":"max-snippet:-1","max-image-preview":"max-image-preview:large","max-video-preview":"max-video-preview:-1"},"canonical":"https:\/\/www.dramfolks-whisky-auction.com\/en\/product\/macallan-12yo-double-cask-3\/","og_locale":"en_US","og_type":"article","og_title":"Macallan - 12yo Double Cask - Dramfolks Whisky Auction","og_description":"Destille: Macallan Macallan ist eine Single Malt Scotch Whisky Destillerie in Craigellachie, Moray. Sie ist eine der \u00e4ltesten lizensierten Brennereien Schottlands und geh\u00f6rt als \u201eRolls Royce unter den Malts\u201c heute weltweit zu den bekanntesten Single Malt Whisky Marken. Neben seiner einzigartigen Whiskys hat Macallan im Jahr 2018 eine komplett neue Brennerei von den Architekten von[...]","og_url":"https:\/\/www.dramfolks-whisky-auction.com\/en\/product\/macallan-12yo-double-cask-3\/","og_site_name":"Dramfolks Whisky Auction","article_modified_time":"2025-10-05T17:45:16+00:00","og_image":[{"width":2560,"height":2560,"url":"https:\/\/www.dramfolks-whisky-auction.com\/wp-content\/uploads\/2024\/12\/Macallan-12yo-vorne-scaled.jpg","type":"image\/jpeg"}],"twitter_card":"summary_large_image","twitter_misc":{"Est. reading time":"3 minutes"},"schema":{"@context":"https:\/\/schema.org","@graph":[{"@type":"WebPage","@id":"https:\/\/www.dramfolks-whisky-auction.com\/en\/product\/macallan-12yo-double-cask-3\/","url":"https:\/\/www.dramfolks-whisky-auction.com\/en\/product\/macallan-12yo-double-cask-3\/","name":"Macallan - 12yo Double Cask - Dramfolks Whisky Auction","isPartOf":{"@id":"https:\/\/www.dramfolks-whisky-auction.com\/en\/#website"},"primaryImageOfPage":{"@id":"https:\/\/www.dramfolks-whisky-auction.com\/en\/product\/macallan-12yo-double-cask-3\/#primaryimage"},"image":{"@id":"https:\/\/www.dramfolks-whisky-auction.com\/en\/product\/macallan-12yo-double-cask-3\/#primaryimage"},"thumbnailUrl":"https:\/\/www.dramfolks-whisky-auction.com\/wp-content\/uploads\/2024\/12\/Macallan-12yo-vorne-scaled.jpg","datePublished":"2025-09-19T10:15:04+00:00","dateModified":"2025-10-05T17:45:16+00:00","breadcrumb":{"@id":"https:\/\/www.dramfolks-whisky-auction.com\/en\/product\/macallan-12yo-double-cask-3\/#breadcrumb"},"inLanguage":"en-US","potentialAction":[{"@type":"ReadAction","target":["https:\/\/www.dramfolks-whisky-auction.com\/en\/product\/macallan-12yo-double-cask-3\/"]}]},{"@type":"ImageObject","inLanguage":"en-US","@id":"https:\/\/www.dramfolks-whisky-auction.com\/en\/product\/macallan-12yo-double-cask-3\/#primaryimage","url":"https:\/\/www.dramfolks-whisky-auction.com\/wp-content\/uploads\/2024\/12\/Macallan-12yo-vorne-scaled.jpg","contentUrl":"https:\/\/www.dramfolks-whisky-auction.com\/wp-content\/uploads\/2024\/12\/Macallan-12yo-vorne-scaled.jpg","width":2560,"height":2560},{"@type":"BreadcrumbList","@id":"https:\/\/www.dramfolks-whisky-auction.com\/en\/product\/macallan-12yo-double-cask-3\/#breadcrumb","itemListElement":[{"@type":"ListItem","position":1,"name":"Startseite","item":"https:\/\/www.dramfolks-whisky-auction.com\/en\/"},{"@type":"ListItem","position":2,"name":"Shop","item":"https:\/\/www.dramfolks-whisky-auction.com\/en\/shop\/"},{"@type":"ListItem","position":3,"name":"Macallan &#8211; 12yo Double Cask"}]},{"@type":"WebSite","@id":"https:\/\/www.dramfolks-whisky-auction.com\/en\/#website","url":"https:\/\/www.dramfolks-whisky-auction.com\/en\/","name":"Dramfolks Whisky Auction","description":"","potentialAction":[{"@type":"SearchAction","target":{"@type":"EntryPoint","urlTemplate":"https:\/\/www.dramfolks-whisky-auction.com\/en\/?s={search_term_string}"},"query-input":{"@type":"PropertyValueSpecification","valueRequired":true,"valueName":"search_term_string"}}],"inLanguage":"en-US"}]}},"_links":{"self":[{"href":"https:\/\/www.dramfolks-whisky-auction.com\/en\/wp-json\/wp\/v2\/product\/5367075","targetHints":{"allow":["GET"]}}],"collection":[{"href":"https:\/\/www.dramfolks-whisky-auction.com\/en\/wp-json\/wp\/v2\/product"}],"about":[{"href":"https:\/\/www.dramfolks-whisky-auction.com\/en\/wp-json\/wp\/v2\/types\/product"}],"replies":[{"embeddable":true,"href":"https:\/\/www.dramfolks-whisky-auction.com\/en\/wp-json\/wp\/v2\/comments?post=5367075"}],"wp:featuredmedia":[{"embeddable":true,"href":"https:\/\/www.dramfolks-whisky-auction.com\/en\/wp-json\/wp\/v2\/media\/1311510"}],"wp:attachment":[{"href":"https:\/\/www.dramfolks-whisky-auction.com\/en\/wp-json\/wp\/v2\/media?parent=5367075"}],"wp:term":[{"taxonomy":"product_brand","embeddable":true,"href":"https:\/\/www.dramfolks-whisky-auction.com\/en\/wp-json\/wp\/v2\/product_brand?post=5367075"},{"taxonomy":"product_cat","embeddable":true,"href":"https:\/\/www.dramfolks-whisky-auction.com\/en\/wp-json\/wp\/v2\/product_cat?post=5367075"},{"taxonomy":"product_tag","embeddable":true,"href":"https:\/\/www.dramfolks-whisky-auction.com\/en\/wp-json\/wp\/v2\/product_tag?post=5367075"}],"curies":[{"name":"wp","href":"https:\/\/api.w.org\/{rel}","templated":true}]}}