{"id":5356734,"date":"2025-09-19T08:24:40","date_gmt":"2025-09-19T06:24:40","guid":{"rendered":"https:\/\/www.dramfolks-whisky-auction.com\/?post_type=product&#038;p=5356734"},"modified":"2025-10-05T19:00:13","modified_gmt":"2025-10-05T17:00:13","slug":"nikka-from-the-barrel-3","status":"publish","type":"product","link":"https:\/\/www.dramfolks-whisky-auction.com\/en\/product\/nikka-from-the-barrel-3\/","title":{"rendered":"Nikka &#8211; From the Barrel"},"content":{"rendered":"<p><strong>Destille: Nikka<br \/>\n<\/strong>Die Nikka Whisky Distilling Co. Ltd. ist ein 1934 von Masataka Taketsuru gegr\u00fcndeter Hersteller von japanischem Whisky und anderen Getr\u00e4nken mit Hauptsitz in Tokio. 1954 \u00fcbernahm die ASAHI Breweries Co.Ltd. 50 % der Anteile von Nikka und kaufte die restlichen 50 % der Anteile 2001. Das Unternehmen betreibt eine Reihe von Brennereien in Japan, darunter zwei Whisky-Brennereien, die Yoichi-Brennerei in Yoichi, Hokkaid\u014d (gegr\u00fcndet 1934), und die Miyagikyo-Brennerei in Aoba-ku, Sendai, Pr\u00e4fektur Miyagi, Nord-Honsh\u016b (gegr\u00fcndet 1969). Au\u00dferdem besitzt sie die Ben Nevis Distillery (1989 erworben) in Schottland.<\/p>\n<p><strong>Fun fact:\u00a0<\/strong>Der Gr\u00fcnder, Masataka Taketsuru, galt als Begr\u00fcnder der japanischen Whiskyindustrie, denn er hat mit Nikka und Suntory jeweils die erste Brennerei der beiden gr\u00f6\u00dften Destillerien Japans gegr\u00fcndet. Nach seinem Tod wurde das Unternehmen von seinem Adoptivsohn Takeshi Taketsuru geleitet, der es erheblich ausbaute. Unter Takeshis F\u00fchrung sind die Exporte von Nikka auf rund 100.000 Kisten pro Jahr gestiegen, und 2001 wurde der Nikka Yoichi 10-Years-Old Single Cask als erster Nicht-Scotch-Whisky vom Whisky Magazine mit dem Preis \u201eBest of the Best\u201c ausgezeichnet. Takeshi Taketsuru verstarb im Jahre 2015, kurz nach seinem 90ten Geburtstag.<\/p>\n<p><strong>Whisky\/Whiskey: From the Barrel<\/strong><br \/>\nNikkas ikonischer Whisky, From The Barrel, ist ein \u00e4u\u00dferst komplexer Blended Whisky, der \u00fcppige und volle Aromen enth\u00e4lt. Er fordert heraus. Er fesselt die Sinne. Er hat seinen ganz eigenen Stil.<br \/>\nIn der Nase&#8230; &#8220;fein und komplex. Blumig (Flieder), fruchtig (Aprikose), w\u00fcrzig (Nelke) und einige Ledernoten&#8221;. Am Gaumen sp\u00fcrt man&#8230;&#8221;Kraft und Robustheit. Pfeffrig, eichig, fruchtig (Pfirsich, karamellisierter Apfel) und blumig (Gei\u00dfblatt)&#8221;, was dann final im Nachklang mit&#8230; &#8220;K\u00fcstennoten, fruchtig (Pflaume), eichig und Vanillenoten&#8221; abschlie\u00dft.<br \/>\n(Quelle: <a href=\"http:\/\/www.schwarzbachspirits.de\" target=\"_blank\" rel=\"noopener noreferrer\">www.schwarzbachspirits.de<\/a>)<\/p>\n<p><strong>Info Qualit\u00e4t der Flasche:<\/strong> Exzellent &#8211; ohne Besch\u00e4digungen\/ <strong>F\u00fcllstand:<\/strong> High fill<br \/>\n<strong>Info Qualit\u00e4t der Box:<\/strong> Exzellent &#8211; ohne Besch\u00e4digungen<\/p>\n<p><strong>Wichtiger Hinweis:<\/strong> Die Bewertung der Flaschen und Boxen erfolgt nach \u201ebesten Wissen und Gewissen\u201c. dramfolks kann keine Gew\u00e4hrleistung f\u00fcr den Inhalt der Flaschen \u00fcbernehmen. Weitere Infos &amp; Hinweise finden Sie in unseren AGBs. Wir empfehlen Ihnen, vor der Abgabe von Geboten \u00fcber die Zoomfunktion eine Besichtigung \/ genaue Pr\u00fcfung des angebotenen Whiskys vorzunehmen. Bitte kontaktieren sie uns bei Fragen direkt unter info@dramfolks.com<\/p>\n","protected":false},"excerpt":{"rendered":"<p>Destille: Nikka Die Nikka Whisky Distilling Co. Ltd. ist ein 1934 von Masataka Taketsuru gegr\u00fcndeter Hersteller von japanischem Whisky und anderen Getr\u00e4nken mit Hauptsitz in Tokio. 1954 \u00fcbernahm die ASAHI Breweries Co.Ltd. 50 % der Anteile von Nikka und kaufte die restlichen 50 % der Anteile 2001. Das Unternehmen betreibt eine Reihe von Brennereien in[&#8230;]\n","protected":false},"featured_media":1311517,"comment_status":"closed","ping_status":"closed","template":"","meta":[],"product_brand":[],"product_cat":[1233],"product_tag":[],"class_list":{"0":"post-5356734","1":"product","2":"type-product","3":"status-publish","4":"has-post-thumbnail","6":"product_cat-no-20","8":"first","9":"instock","10":"shipping-taxable","11":"purchasable","12":"product-type-auction"},"yoast_head":"<!-- This site is optimized with the Yoast SEO plugin v27.0 - https:\/\/yoast.com\/product\/yoast-seo-wordpress\/ -->\n<title>Nikka - From the Barrel - Dramfolks Whisky Auction<\/title>\n<meta name=\"robots\" content=\"index, follow, max-snippet:-1, max-image-preview:large, max-video-preview:-1\" \/>\n<link rel=\"canonical\" href=\"https:\/\/www.dramfolks-whisky-auction.com\/en\/product\/nikka-from-the-barrel-3\/\" \/>\n<meta property=\"og:locale\" content=\"en_US\" \/>\n<meta property=\"og:type\" content=\"article\" \/>\n<meta property=\"og:title\" content=\"Nikka - From the Barrel - Dramfolks Whisky Auction\" \/>\n<meta property=\"og:description\" content=\"Destille: Nikka Die Nikka Whisky Distilling Co. Ltd. ist ein 1934 von Masataka Taketsuru gegr\u00fcndeter Hersteller von japanischem Whisky und anderen Getr\u00e4nken mit Hauptsitz in Tokio. 1954 \u00fcbernahm die ASAHI Breweries Co.Ltd. 50 % der Anteile von Nikka und kaufte die restlichen 50 % der Anteile 2001. Das Unternehmen betreibt eine Reihe von Brennereien in[...]\" \/>\n<meta property=\"og:url\" content=\"https:\/\/www.dramfolks-whisky-auction.com\/en\/product\/nikka-from-the-barrel-3\/\" \/>\n<meta property=\"og:site_name\" content=\"Dramfolks Whisky Auction\" \/>\n<meta property=\"article:modified_time\" content=\"2025-10-05T17:00:13+00:00\" \/>\n<meta property=\"og:image\" content=\"https:\/\/www.dramfolks-whisky-auction.com\/wp-content\/uploads\/2024\/12\/Nikka-vorne-scaled.jpg\" \/>\n\t<meta property=\"og:image:width\" content=\"2560\" \/>\n\t<meta property=\"og:image:height\" content=\"2560\" \/>\n\t<meta property=\"og:image:type\" content=\"image\/jpeg\" \/>\n<meta name=\"twitter:card\" content=\"summary_large_image\" \/>\n<meta name=\"twitter:label1\" content=\"Est. reading time\" \/>\n\t<meta name=\"twitter:data1\" content=\"3 minutes\" \/>\n<script type=\"application\/ld+json\" class=\"yoast-schema-graph\">{\"@context\":\"https:\/\/schema.org\",\"@graph\":[{\"@type\":\"WebPage\",\"@id\":\"https:\/\/www.dramfolks-whisky-auction.com\/en\/product\/nikka-from-the-barrel-3\/\",\"url\":\"https:\/\/www.dramfolks-whisky-auction.com\/en\/product\/nikka-from-the-barrel-3\/\",\"name\":\"Nikka - From the Barrel - Dramfolks Whisky Auction\",\"isPartOf\":{\"@id\":\"https:\/\/www.dramfolks-whisky-auction.com\/en\/#website\"},\"primaryImageOfPage\":{\"@id\":\"https:\/\/www.dramfolks-whisky-auction.com\/en\/product\/nikka-from-the-barrel-3\/#primaryimage\"},\"image\":{\"@id\":\"https:\/\/www.dramfolks-whisky-auction.com\/en\/product\/nikka-from-the-barrel-3\/#primaryimage\"},\"thumbnailUrl\":\"https:\/\/www.dramfolks-whisky-auction.com\/wp-content\/uploads\/2024\/12\/Nikka-vorne-scaled.jpg\",\"datePublished\":\"2025-09-19T06:24:40+00:00\",\"dateModified\":\"2025-10-05T17:00:13+00:00\",\"breadcrumb\":{\"@id\":\"https:\/\/www.dramfolks-whisky-auction.com\/en\/product\/nikka-from-the-barrel-3\/#breadcrumb\"},\"inLanguage\":\"en-US\",\"potentialAction\":[{\"@type\":\"ReadAction\",\"target\":[\"https:\/\/www.dramfolks-whisky-auction.com\/en\/product\/nikka-from-the-barrel-3\/\"]}]},{\"@type\":\"ImageObject\",\"inLanguage\":\"en-US\",\"@id\":\"https:\/\/www.dramfolks-whisky-auction.com\/en\/product\/nikka-from-the-barrel-3\/#primaryimage\",\"url\":\"https:\/\/www.dramfolks-whisky-auction.com\/wp-content\/uploads\/2024\/12\/Nikka-vorne-scaled.jpg\",\"contentUrl\":\"https:\/\/www.dramfolks-whisky-auction.com\/wp-content\/uploads\/2024\/12\/Nikka-vorne-scaled.jpg\",\"width\":2560,\"height\":2560},{\"@type\":\"BreadcrumbList\",\"@id\":\"https:\/\/www.dramfolks-whisky-auction.com\/en\/product\/nikka-from-the-barrel-3\/#breadcrumb\",\"itemListElement\":[{\"@type\":\"ListItem\",\"position\":1,\"name\":\"Startseite\",\"item\":\"https:\/\/www.dramfolks-whisky-auction.com\/en\/\"},{\"@type\":\"ListItem\",\"position\":2,\"name\":\"Shop\",\"item\":\"https:\/\/www.dramfolks-whisky-auction.com\/en\/shop\/\"},{\"@type\":\"ListItem\",\"position\":3,\"name\":\"Nikka &#8211; From the Barrel\"}]},{\"@type\":\"WebSite\",\"@id\":\"https:\/\/www.dramfolks-whisky-auction.com\/en\/#website\",\"url\":\"https:\/\/www.dramfolks-whisky-auction.com\/en\/\",\"name\":\"Dramfolks Whisky Auction\",\"description\":\"\",\"potentialAction\":[{\"@type\":\"SearchAction\",\"target\":{\"@type\":\"EntryPoint\",\"urlTemplate\":\"https:\/\/www.dramfolks-whisky-auction.com\/en\/?s={search_term_string}\"},\"query-input\":{\"@type\":\"PropertyValueSpecification\",\"valueRequired\":true,\"valueName\":\"search_term_string\"}}],\"inLanguage\":\"en-US\"}]}<\/script>\n<!-- \/ Yoast SEO plugin. -->","yoast_head_json":{"title":"Nikka - From the Barrel - Dramfolks Whisky Auction","robots":{"index":"index","follow":"follow","max-snippet":"max-snippet:-1","max-image-preview":"max-image-preview:large","max-video-preview":"max-video-preview:-1"},"canonical":"https:\/\/www.dramfolks-whisky-auction.com\/en\/product\/nikka-from-the-barrel-3\/","og_locale":"en_US","og_type":"article","og_title":"Nikka - From the Barrel - Dramfolks Whisky Auction","og_description":"Destille: Nikka Die Nikka Whisky Distilling Co. Ltd. ist ein 1934 von Masataka Taketsuru gegr\u00fcndeter Hersteller von japanischem Whisky und anderen Getr\u00e4nken mit Hauptsitz in Tokio. 1954 \u00fcbernahm die ASAHI Breweries Co.Ltd. 50 % der Anteile von Nikka und kaufte die restlichen 50 % der Anteile 2001. Das Unternehmen betreibt eine Reihe von Brennereien in[...]","og_url":"https:\/\/www.dramfolks-whisky-auction.com\/en\/product\/nikka-from-the-barrel-3\/","og_site_name":"Dramfolks Whisky Auction","article_modified_time":"2025-10-05T17:00:13+00:00","og_image":[{"width":2560,"height":2560,"url":"https:\/\/www.dramfolks-whisky-auction.com\/wp-content\/uploads\/2024\/12\/Nikka-vorne-scaled.jpg","type":"image\/jpeg"}],"twitter_card":"summary_large_image","twitter_misc":{"Est. reading time":"3 minutes"},"schema":{"@context":"https:\/\/schema.org","@graph":[{"@type":"WebPage","@id":"https:\/\/www.dramfolks-whisky-auction.com\/en\/product\/nikka-from-the-barrel-3\/","url":"https:\/\/www.dramfolks-whisky-auction.com\/en\/product\/nikka-from-the-barrel-3\/","name":"Nikka - From the Barrel - Dramfolks Whisky Auction","isPartOf":{"@id":"https:\/\/www.dramfolks-whisky-auction.com\/en\/#website"},"primaryImageOfPage":{"@id":"https:\/\/www.dramfolks-whisky-auction.com\/en\/product\/nikka-from-the-barrel-3\/#primaryimage"},"image":{"@id":"https:\/\/www.dramfolks-whisky-auction.com\/en\/product\/nikka-from-the-barrel-3\/#primaryimage"},"thumbnailUrl":"https:\/\/www.dramfolks-whisky-auction.com\/wp-content\/uploads\/2024\/12\/Nikka-vorne-scaled.jpg","datePublished":"2025-09-19T06:24:40+00:00","dateModified":"2025-10-05T17:00:13+00:00","breadcrumb":{"@id":"https:\/\/www.dramfolks-whisky-auction.com\/en\/product\/nikka-from-the-barrel-3\/#breadcrumb"},"inLanguage":"en-US","potentialAction":[{"@type":"ReadAction","target":["https:\/\/www.dramfolks-whisky-auction.com\/en\/product\/nikka-from-the-barrel-3\/"]}]},{"@type":"ImageObject","inLanguage":"en-US","@id":"https:\/\/www.dramfolks-whisky-auction.com\/en\/product\/nikka-from-the-barrel-3\/#primaryimage","url":"https:\/\/www.dramfolks-whisky-auction.com\/wp-content\/uploads\/2024\/12\/Nikka-vorne-scaled.jpg","contentUrl":"https:\/\/www.dramfolks-whisky-auction.com\/wp-content\/uploads\/2024\/12\/Nikka-vorne-scaled.jpg","width":2560,"height":2560},{"@type":"BreadcrumbList","@id":"https:\/\/www.dramfolks-whisky-auction.com\/en\/product\/nikka-from-the-barrel-3\/#breadcrumb","itemListElement":[{"@type":"ListItem","position":1,"name":"Startseite","item":"https:\/\/www.dramfolks-whisky-auction.com\/en\/"},{"@type":"ListItem","position":2,"name":"Shop","item":"https:\/\/www.dramfolks-whisky-auction.com\/en\/shop\/"},{"@type":"ListItem","position":3,"name":"Nikka &#8211; From the Barrel"}]},{"@type":"WebSite","@id":"https:\/\/www.dramfolks-whisky-auction.com\/en\/#website","url":"https:\/\/www.dramfolks-whisky-auction.com\/en\/","name":"Dramfolks Whisky Auction","description":"","potentialAction":[{"@type":"SearchAction","target":{"@type":"EntryPoint","urlTemplate":"https:\/\/www.dramfolks-whisky-auction.com\/en\/?s={search_term_string}"},"query-input":{"@type":"PropertyValueSpecification","valueRequired":true,"valueName":"search_term_string"}}],"inLanguage":"en-US"}]}},"_links":{"self":[{"href":"https:\/\/www.dramfolks-whisky-auction.com\/en\/wp-json\/wp\/v2\/product\/5356734","targetHints":{"allow":["GET"]}}],"collection":[{"href":"https:\/\/www.dramfolks-whisky-auction.com\/en\/wp-json\/wp\/v2\/product"}],"about":[{"href":"https:\/\/www.dramfolks-whisky-auction.com\/en\/wp-json\/wp\/v2\/types\/product"}],"replies":[{"embeddable":true,"href":"https:\/\/www.dramfolks-whisky-auction.com\/en\/wp-json\/wp\/v2\/comments?post=5356734"}],"wp:featuredmedia":[{"embeddable":true,"href":"https:\/\/www.dramfolks-whisky-auction.com\/en\/wp-json\/wp\/v2\/media\/1311517"}],"wp:attachment":[{"href":"https:\/\/www.dramfolks-whisky-auction.com\/en\/wp-json\/wp\/v2\/media?parent=5356734"}],"wp:term":[{"taxonomy":"product_brand","embeddable":true,"href":"https:\/\/www.dramfolks-whisky-auction.com\/en\/wp-json\/wp\/v2\/product_brand?post=5356734"},{"taxonomy":"product_cat","embeddable":true,"href":"https:\/\/www.dramfolks-whisky-auction.com\/en\/wp-json\/wp\/v2\/product_cat?post=5356734"},{"taxonomy":"product_tag","embeddable":true,"href":"https:\/\/www.dramfolks-whisky-auction.com\/en\/wp-json\/wp\/v2\/product_tag?post=5356734"}],"curies":[{"name":"wp","href":"https:\/\/api.w.org\/{rel}","templated":true}]}}