{"id":5354650,"date":"2025-09-19T08:16:11","date_gmt":"2025-09-19T06:16:11","guid":{"rendered":"https:\/\/www.dramfolks-whisky-auction.com\/?post_type=product&#038;p=5354650"},"modified":"2025-10-05T19:45:15","modified_gmt":"2025-10-05T17:45:15","slug":"tobermory-ledaig-cuvee-no-3-signatory-vintage-3","status":"publish","type":"product","link":"https:\/\/www.dramfolks-whisky-auction.com\/en\/product\/tobermory-ledaig-cuvee-no-3-signatory-vintage-3\/","title":{"rendered":"Tobermory &#8211; Ledaig Cuv\u00e9e No. 3 (Signatory Vintage)"},"content":{"rendered":"<p><strong>Destille: <span class=\"v1s2\">Tobermory<br \/>\n<\/span><\/strong>Tobermory ist eine Whiskybrennerei in der Stadt Tobermory auf der Insel Mull (Argyll and Bute), Schottland. Ziemlich wechselhafte Geschichte und Besitzer&#8230; Die Tobermory Distillery wurde 1798 gegr\u00fcndet, war aber bereits im 19. Jahrhundert \u00fcber l\u00e4ngere Zeitr\u00e4ume geschlossen. Von 1916 bis 1930 war sie im Besitz der Distillers Company Ltd. (DCL). Von 1930 bis 1972 wurde sie wieder geschlossen. 1972 wurde die Destillerie wiederer\u00f6ffnet und auf 4 Brennblasen erweitert. Leider musste sie jedoch schon bald nach einem Konkurs 1975 wieder schlie\u00dfen. 1978 wurde die Destillerie an Kirkleavington Property verkauft. Von 1981 bis 1989 war die Destillerie geschlossen. Ab 1990 wurde wieder in kleinem Umfang produziert, bevor sie 1993 von Burn Stewart Distillers Ltd. \u00fcbernommen wurde. 2013 kaufte die s\u00fcdafrikanische Distell Group Ltd. die Burn Stewart Distillers, wo sie sich bis heute im Besitz befindet. J\u00e4hrliches Produktionsvol.: ca. 1 Mio. Liter.<\/p>\n<p><strong>Fun Fakt:<\/strong> Erst Tobermory, dann Ledaig und dann wieder Rolle r\u00fcckw\u00e4rts&#8230;<br \/>\nBei der Gr\u00fcndung 1798 hie\u00df sie, wie heute, Tobermory. Als sie dann 1972 wiederer\u00f6ffnet wurde, nannte man sich um in Ledaig Distillery (Tobermory) Ltd. Dieser Name hielt aber nur 6 Jahre, denn als 1978 die Destillerie an Kirkleavington Property verkauft wurde, \u00e4nderte man den Namen wieder in Tobermory. Ledaig bleibt aber erhalten und ist heute eine eingetragene Marke von Tobermory, bzw. der Distell Group Ltd.<\/p>\n<p><strong>Whisky\/Whiskey: Ledaig Cuv\u00e9e No. 3 (Signatory Vintage)<br \/>\n<\/strong>Die Cuvee Series von Signatory Vintage setzt auf die Verm\u00e4hlung von Destillaten aus ausschlie\u00dflich mit Wein und Sherry vorbelegten F\u00e4ssern. Nummer 3 der Serie reifte nach dem Destillieren am 05.09.2011 zun\u00e4chst in Refill Spanish Butts. Anschlie\u00dfend hat der unabh\u00e4ngige Abf\u00fcller den Whisky im Refill Burgundy Hogshead Fass veredelt. Abgef\u00fcllt wurde der 8 Jahre alte Single Malt Whisky am 10.03.2020 in Fassst\u00e4rke bei 60,8 Volumenprozent ohne F\u00e4rbung und K\u00fchlfiltrierung. Das Ergebnis sind gerade einmal 674 Flaschen eines spannenden und erstklassigen Whiskys!!<\/p>\n<p><strong>Side Note zum Abf\u00fcller: Signatory Vintage<\/strong><br \/>\nSignatory Vintage Scotch Whisky wurde 1988 von Andrew Symington gegr\u00fcndet, der zuvor das renommierte Prestonfield House Hotel in Edinburgh geleitet hatte. Das erste Fass, das von Symington in Flaschen abgef\u00fcllt wurde, war ein 1968 in Sherryf\u00e4ssern gereifter Glenlivet. Im Jahr 2002 erwarb Signatory die Destillerie Edradour von Pernod Ricard und verlegte anschlie\u00dfend alle seine Aktivit\u00e4ten nach Norden in den malerischen Standort Perthshire. Die Whiskys werden in der Regel in verschiedenen \u201eCollections\u201c abgef\u00fcllt\u2026 darunter die Un-chill Filtered Collection, die Cask Strength Collection und die Single Grain Collection.<\/p>\n<p><strong>Info Qualit\u00e4t der Flasche:<\/strong> Exzellent &#8211; ohne Besch\u00e4digungen \/ <strong>F\u00fcllstand:<\/strong> High fill<br \/>\n<strong>Info Qualit\u00e4t der Box:\u00a0<\/strong>Exzellent &#8211; ohne Besch\u00e4digungen<\/p>\n<p><strong>Wichtiger Hinweis:<\/strong> Die Bewertung der Flaschen und Boxen erfolgt nach \u201ebesten Wissen und Gewissen\u201c. dramfolks kann keine Gew\u00e4hrleistung f\u00fcr den Inhalt der Flaschen \u00fcbernehmen. Weitere Infos &amp; Hinweise finden Sie in unseren AGBs. Wir empfehlen Ihnen, vor der Abgabe von Geboten \u00fcber die Zoomfunktion eine Besichtigung \/ genaue Pr\u00fcfung des angebotenen Whiskys vorzunehmen. Bitte kontaktieren sie uns bei Fragen direkt unter info@dramfolks.com<\/p>\n","protected":false},"excerpt":{"rendered":"<p>Destille: Tobermory Tobermory ist eine Whiskybrennerei in der Stadt Tobermory auf der Insel Mull (Argyll and Bute), Schottland. Ziemlich wechselhafte Geschichte und Besitzer&#8230; Die Tobermory Distillery wurde 1798 gegr\u00fcndet, war aber bereits im 19. Jahrhundert \u00fcber l\u00e4ngere Zeitr\u00e4ume geschlossen. Von 1916 bis 1930 war sie im Besitz der Distillers Company Ltd. (DCL). Von 1930 bis[&#8230;]\n","protected":false},"featured_media":862026,"comment_status":"closed","ping_status":"closed","template":"","meta":[],"product_brand":[],"product_cat":[1233],"product_tag":[],"class_list":{"0":"post-5354650","1":"product","2":"type-product","3":"status-publish","4":"has-post-thumbnail","6":"product_cat-no-20","8":"first","9":"instock","10":"shipping-taxable","11":"purchasable","12":"product-type-auction"},"yoast_head":"<!-- This site is optimized with the Yoast SEO plugin v27.0 - https:\/\/yoast.com\/product\/yoast-seo-wordpress\/ -->\n<title>Tobermory - Ledaig Cuv\u00e9e No. 3 (Signatory Vintage) - Dramfolks Whisky Auction<\/title>\n<meta name=\"robots\" content=\"index, follow, max-snippet:-1, max-image-preview:large, max-video-preview:-1\" \/>\n<link rel=\"canonical\" href=\"https:\/\/www.dramfolks-whisky-auction.com\/en\/product\/tobermory-ledaig-cuvee-no-3-signatory-vintage-3\/\" \/>\n<meta property=\"og:locale\" content=\"en_US\" \/>\n<meta property=\"og:type\" content=\"article\" \/>\n<meta property=\"og:title\" content=\"Tobermory - Ledaig Cuv\u00e9e No. 3 (Signatory Vintage) - Dramfolks Whisky Auction\" \/>\n<meta property=\"og:description\" content=\"Destille: Tobermory Tobermory ist eine Whiskybrennerei in der Stadt Tobermory auf der Insel Mull (Argyll and Bute), Schottland. Ziemlich wechselhafte Geschichte und Besitzer&#8230; Die Tobermory Distillery wurde 1798 gegr\u00fcndet, war aber bereits im 19. Jahrhundert \u00fcber l\u00e4ngere Zeitr\u00e4ume geschlossen. Von 1916 bis 1930 war sie im Besitz der Distillers Company Ltd. (DCL). Von 1930 bis[...]\" \/>\n<meta property=\"og:url\" content=\"https:\/\/www.dramfolks-whisky-auction.com\/en\/product\/tobermory-ledaig-cuvee-no-3-signatory-vintage-3\/\" \/>\n<meta property=\"og:site_name\" content=\"Dramfolks Whisky Auction\" \/>\n<meta property=\"article:modified_time\" content=\"2025-10-05T17:45:15+00:00\" \/>\n<meta property=\"og:image\" content=\"https:\/\/www.dramfolks-whisky-auction.com\/wp-content\/uploads\/2024\/11\/SV-2011-vorne-scaled.jpg\" \/>\n\t<meta property=\"og:image:width\" content=\"2560\" \/>\n\t<meta property=\"og:image:height\" content=\"2560\" \/>\n\t<meta property=\"og:image:type\" content=\"image\/jpeg\" \/>\n<meta name=\"twitter:card\" content=\"summary_large_image\" \/>\n<meta name=\"twitter:label1\" content=\"Est. reading time\" \/>\n\t<meta name=\"twitter:data1\" content=\"3 minutes\" \/>\n<script type=\"application\/ld+json\" class=\"yoast-schema-graph\">{\"@context\":\"https:\/\/schema.org\",\"@graph\":[{\"@type\":\"WebPage\",\"@id\":\"https:\/\/www.dramfolks-whisky-auction.com\/en\/product\/tobermory-ledaig-cuvee-no-3-signatory-vintage-3\/\",\"url\":\"https:\/\/www.dramfolks-whisky-auction.com\/en\/product\/tobermory-ledaig-cuvee-no-3-signatory-vintage-3\/\",\"name\":\"Tobermory - Ledaig Cuv\u00e9e No. 3 (Signatory Vintage) - Dramfolks Whisky Auction\",\"isPartOf\":{\"@id\":\"https:\/\/www.dramfolks-whisky-auction.com\/en\/#website\"},\"primaryImageOfPage\":{\"@id\":\"https:\/\/www.dramfolks-whisky-auction.com\/en\/product\/tobermory-ledaig-cuvee-no-3-signatory-vintage-3\/#primaryimage\"},\"image\":{\"@id\":\"https:\/\/www.dramfolks-whisky-auction.com\/en\/product\/tobermory-ledaig-cuvee-no-3-signatory-vintage-3\/#primaryimage\"},\"thumbnailUrl\":\"https:\/\/www.dramfolks-whisky-auction.com\/wp-content\/uploads\/2024\/11\/SV-2011-vorne-scaled.jpg\",\"datePublished\":\"2025-09-19T06:16:11+00:00\",\"dateModified\":\"2025-10-05T17:45:15+00:00\",\"breadcrumb\":{\"@id\":\"https:\/\/www.dramfolks-whisky-auction.com\/en\/product\/tobermory-ledaig-cuvee-no-3-signatory-vintage-3\/#breadcrumb\"},\"inLanguage\":\"en-US\",\"potentialAction\":[{\"@type\":\"ReadAction\",\"target\":[\"https:\/\/www.dramfolks-whisky-auction.com\/en\/product\/tobermory-ledaig-cuvee-no-3-signatory-vintage-3\/\"]}]},{\"@type\":\"ImageObject\",\"inLanguage\":\"en-US\",\"@id\":\"https:\/\/www.dramfolks-whisky-auction.com\/en\/product\/tobermory-ledaig-cuvee-no-3-signatory-vintage-3\/#primaryimage\",\"url\":\"https:\/\/www.dramfolks-whisky-auction.com\/wp-content\/uploads\/2024\/11\/SV-2011-vorne-scaled.jpg\",\"contentUrl\":\"https:\/\/www.dramfolks-whisky-auction.com\/wp-content\/uploads\/2024\/11\/SV-2011-vorne-scaled.jpg\",\"width\":2560,\"height\":2560},{\"@type\":\"BreadcrumbList\",\"@id\":\"https:\/\/www.dramfolks-whisky-auction.com\/en\/product\/tobermory-ledaig-cuvee-no-3-signatory-vintage-3\/#breadcrumb\",\"itemListElement\":[{\"@type\":\"ListItem\",\"position\":1,\"name\":\"Startseite\",\"item\":\"https:\/\/www.dramfolks-whisky-auction.com\/en\/\"},{\"@type\":\"ListItem\",\"position\":2,\"name\":\"Shop\",\"item\":\"https:\/\/www.dramfolks-whisky-auction.com\/en\/shop\/\"},{\"@type\":\"ListItem\",\"position\":3,\"name\":\"Tobermory &#8211; Ledaig Cuv\u00e9e No. 3 (Signatory Vintage)\"}]},{\"@type\":\"WebSite\",\"@id\":\"https:\/\/www.dramfolks-whisky-auction.com\/en\/#website\",\"url\":\"https:\/\/www.dramfolks-whisky-auction.com\/en\/\",\"name\":\"Dramfolks Whisky Auction\",\"description\":\"\",\"potentialAction\":[{\"@type\":\"SearchAction\",\"target\":{\"@type\":\"EntryPoint\",\"urlTemplate\":\"https:\/\/www.dramfolks-whisky-auction.com\/en\/?s={search_term_string}\"},\"query-input\":{\"@type\":\"PropertyValueSpecification\",\"valueRequired\":true,\"valueName\":\"search_term_string\"}}],\"inLanguage\":\"en-US\"}]}<\/script>\n<!-- \/ Yoast SEO plugin. -->","yoast_head_json":{"title":"Tobermory - Ledaig Cuv\u00e9e No. 3 (Signatory Vintage) - Dramfolks Whisky Auction","robots":{"index":"index","follow":"follow","max-snippet":"max-snippet:-1","max-image-preview":"max-image-preview:large","max-video-preview":"max-video-preview:-1"},"canonical":"https:\/\/www.dramfolks-whisky-auction.com\/en\/product\/tobermory-ledaig-cuvee-no-3-signatory-vintage-3\/","og_locale":"en_US","og_type":"article","og_title":"Tobermory - Ledaig Cuv\u00e9e No. 3 (Signatory Vintage) - Dramfolks Whisky Auction","og_description":"Destille: Tobermory Tobermory ist eine Whiskybrennerei in der Stadt Tobermory auf der Insel Mull (Argyll and Bute), Schottland. Ziemlich wechselhafte Geschichte und Besitzer&#8230; Die Tobermory Distillery wurde 1798 gegr\u00fcndet, war aber bereits im 19. Jahrhundert \u00fcber l\u00e4ngere Zeitr\u00e4ume geschlossen. Von 1916 bis 1930 war sie im Besitz der Distillers Company Ltd. (DCL). Von 1930 bis[...]","og_url":"https:\/\/www.dramfolks-whisky-auction.com\/en\/product\/tobermory-ledaig-cuvee-no-3-signatory-vintage-3\/","og_site_name":"Dramfolks Whisky Auction","article_modified_time":"2025-10-05T17:45:15+00:00","og_image":[{"width":2560,"height":2560,"url":"https:\/\/www.dramfolks-whisky-auction.com\/wp-content\/uploads\/2024\/11\/SV-2011-vorne-scaled.jpg","type":"image\/jpeg"}],"twitter_card":"summary_large_image","twitter_misc":{"Est. reading time":"3 minutes"},"schema":{"@context":"https:\/\/schema.org","@graph":[{"@type":"WebPage","@id":"https:\/\/www.dramfolks-whisky-auction.com\/en\/product\/tobermory-ledaig-cuvee-no-3-signatory-vintage-3\/","url":"https:\/\/www.dramfolks-whisky-auction.com\/en\/product\/tobermory-ledaig-cuvee-no-3-signatory-vintage-3\/","name":"Tobermory - Ledaig Cuv\u00e9e No. 3 (Signatory Vintage) - Dramfolks Whisky Auction","isPartOf":{"@id":"https:\/\/www.dramfolks-whisky-auction.com\/en\/#website"},"primaryImageOfPage":{"@id":"https:\/\/www.dramfolks-whisky-auction.com\/en\/product\/tobermory-ledaig-cuvee-no-3-signatory-vintage-3\/#primaryimage"},"image":{"@id":"https:\/\/www.dramfolks-whisky-auction.com\/en\/product\/tobermory-ledaig-cuvee-no-3-signatory-vintage-3\/#primaryimage"},"thumbnailUrl":"https:\/\/www.dramfolks-whisky-auction.com\/wp-content\/uploads\/2024\/11\/SV-2011-vorne-scaled.jpg","datePublished":"2025-09-19T06:16:11+00:00","dateModified":"2025-10-05T17:45:15+00:00","breadcrumb":{"@id":"https:\/\/www.dramfolks-whisky-auction.com\/en\/product\/tobermory-ledaig-cuvee-no-3-signatory-vintage-3\/#breadcrumb"},"inLanguage":"en-US","potentialAction":[{"@type":"ReadAction","target":["https:\/\/www.dramfolks-whisky-auction.com\/en\/product\/tobermory-ledaig-cuvee-no-3-signatory-vintage-3\/"]}]},{"@type":"ImageObject","inLanguage":"en-US","@id":"https:\/\/www.dramfolks-whisky-auction.com\/en\/product\/tobermory-ledaig-cuvee-no-3-signatory-vintage-3\/#primaryimage","url":"https:\/\/www.dramfolks-whisky-auction.com\/wp-content\/uploads\/2024\/11\/SV-2011-vorne-scaled.jpg","contentUrl":"https:\/\/www.dramfolks-whisky-auction.com\/wp-content\/uploads\/2024\/11\/SV-2011-vorne-scaled.jpg","width":2560,"height":2560},{"@type":"BreadcrumbList","@id":"https:\/\/www.dramfolks-whisky-auction.com\/en\/product\/tobermory-ledaig-cuvee-no-3-signatory-vintage-3\/#breadcrumb","itemListElement":[{"@type":"ListItem","position":1,"name":"Startseite","item":"https:\/\/www.dramfolks-whisky-auction.com\/en\/"},{"@type":"ListItem","position":2,"name":"Shop","item":"https:\/\/www.dramfolks-whisky-auction.com\/en\/shop\/"},{"@type":"ListItem","position":3,"name":"Tobermory &#8211; Ledaig Cuv\u00e9e No. 3 (Signatory Vintage)"}]},{"@type":"WebSite","@id":"https:\/\/www.dramfolks-whisky-auction.com\/en\/#website","url":"https:\/\/www.dramfolks-whisky-auction.com\/en\/","name":"Dramfolks Whisky Auction","description":"","potentialAction":[{"@type":"SearchAction","target":{"@type":"EntryPoint","urlTemplate":"https:\/\/www.dramfolks-whisky-auction.com\/en\/?s={search_term_string}"},"query-input":{"@type":"PropertyValueSpecification","valueRequired":true,"valueName":"search_term_string"}}],"inLanguage":"en-US"}]}},"_links":{"self":[{"href":"https:\/\/www.dramfolks-whisky-auction.com\/en\/wp-json\/wp\/v2\/product\/5354650","targetHints":{"allow":["GET"]}}],"collection":[{"href":"https:\/\/www.dramfolks-whisky-auction.com\/en\/wp-json\/wp\/v2\/product"}],"about":[{"href":"https:\/\/www.dramfolks-whisky-auction.com\/en\/wp-json\/wp\/v2\/types\/product"}],"replies":[{"embeddable":true,"href":"https:\/\/www.dramfolks-whisky-auction.com\/en\/wp-json\/wp\/v2\/comments?post=5354650"}],"wp:featuredmedia":[{"embeddable":true,"href":"https:\/\/www.dramfolks-whisky-auction.com\/en\/wp-json\/wp\/v2\/media\/862026"}],"wp:attachment":[{"href":"https:\/\/www.dramfolks-whisky-auction.com\/en\/wp-json\/wp\/v2\/media?parent=5354650"}],"wp:term":[{"taxonomy":"product_brand","embeddable":true,"href":"https:\/\/www.dramfolks-whisky-auction.com\/en\/wp-json\/wp\/v2\/product_brand?post=5354650"},{"taxonomy":"product_cat","embeddable":true,"href":"https:\/\/www.dramfolks-whisky-auction.com\/en\/wp-json\/wp\/v2\/product_cat?post=5354650"},{"taxonomy":"product_tag","embeddable":true,"href":"https:\/\/www.dramfolks-whisky-auction.com\/en\/wp-json\/wp\/v2\/product_tag?post=5354650"}],"curies":[{"name":"wp","href":"https:\/\/api.w.org\/{rel}","templated":true}]}}