{"id":535434,"date":"2024-09-26T20:44:10","date_gmt":"2024-09-26T18:44:10","guid":{"rendered":"https:\/\/www.dramfolks-whisky-auction.com\/?post_type=product&#038;p=535434"},"modified":"2024-10-13T19:45:16","modified_gmt":"2024-10-13T17:45:16","slug":"kilchoman-fino-sherry-cask-matured-2023","status":"publish","type":"product","link":"https:\/\/www.dramfolks-whisky-auction.com\/en\/product\/kilchoman-fino-sherry-cask-matured-2023\/","title":{"rendered":"Kilchoman &#8211; Fino Sherry Cask Matured 2023"},"content":{"rendered":"<p><strong>Destille: Kilchoman<br \/>\n<\/strong>Kilchoman Distillery (ausgesprochen Kil-ho-man) ist eine Destillerie, die Single Malt Scotch Whisky auf Islay (Schottland) herstellt. Sie liegt im Nordwesten der Insel, in der N\u00e4he von Machir Bay. Kilchoman wurde von Anthony Wills gegr\u00fcndet und ist nach wie vor eine unabh\u00e4ngige, familiengef\u00fchrte Destillerie. Die Brennerei begann die Produktion im Dez. 2005 und war die erste, die seit 1908 auf Islay gebaut wurde. Die Destillerie verwendet Gerste, die vor Ort auf der Rockside Farm angebaut und in der Brennerei gem\u00e4lzt wird, sowie Malz aus den M\u00e4lzereien von Port Ellen. Kilchoman ist eine von nur sechs schottischen Destillerien, die immer noch mit traditionellen Bodenm\u00e4lzereien arbeiten. J\u00e4hrliches Produktionsvolumen: ca. 0,5 Mio. Liter<\/p>\n<p><strong>Fun Fakt:\u00a0<\/strong>Die Lage von Kilchoman an der Westk\u00fcste von Islay hat einige historische Erw\u00e4hnungen. In dieser Gemeinde lie\u00df sich u.a. die Familie MacBeatha\/Beaton nieder, als sie 1300 aus dem heutigen County Antrim (Nordirland) kam. Sie waren \u00c4rzte (ein Beaton war jahrhundertelang der Leibarzt der K\u00f6nige von Schottland), die medizinische Texte \u00fcber die Destillation aus dem Lateinischen ins G\u00e4lische \u00fcbersetzten. Jetzt wieder Mythos&#8230; Es gibt daher eine Theorie, dass Islay bzw. Kilchoman Parish der erste Ort war, an dem die Destillation in Schottland stattfand.<\/p>\n<p><strong>Whisky\/Whiskey: Fino Sherry Cask Matured 2023<br \/>\n<\/strong>Der Kilchoman Fino Sherry Cask 2023 ist die zweite limitierte Sonderabf\u00fcllung f\u00fcr das Jahr 2023 (15650 Bottles). Der Single Malt erhielt eine mindestens f\u00fcnf Jahre lange Reifung in 20 Fino-Sherry-F\u00e4ssern, die zuvor von der Bodega Jose y Miguel Martin handverlesen wurden. Die Reifung in diesen besonderen F\u00e4ssern verleiht dem edlen Whisky s\u00fc\u00dfliche Zitrusnoten gepaart mit den typisch maritimen Torfrauchfacetten von Kilchoman.<\/p>\n<p><strong>Info Qualit\u00e4t der Flasche:<\/strong> Exzellent &#8211; ohne Besch\u00e4digungen \/ <strong>F\u00fcllstand:<\/strong> Top shoulder<br \/>\n<strong>Info Qualit\u00e4t der Box:\u00a0<\/strong>Exzellent &#8211; ohne Besch\u00e4digungen<\/p>\n<p><strong>Wichtiger Hinweis:<\/strong> Die Bewertung der Flaschen und Boxen erfolgt nach \u201ebesten Wissen und Gewissen\u201c. dramfolks kann keine Gew\u00e4hrleistung f\u00fcr den Inhalt der Flaschen \u00fcbernehmen. Weitere Infos &amp; Hinweise finden Sie in unseren AGBs. Wir empfehlen Ihnen, vor der Abgabe von Geboten \u00fcber die Zoomfunktion eine Besichtigung \/ genaue Pr\u00fcfung des angebotenen Whiskys vorzunehmen. Bitte kontaktieren sie uns bei Fragen direkt unter info@dramfolks.com<\/p>\n","protected":false},"excerpt":{"rendered":"<p>Destille: Kilchoman Kilchoman Distillery (ausgesprochen Kil-ho-man) ist eine Destillerie, die Single Malt Scotch Whisky auf Islay (Schottland) herstellt. Sie liegt im Nordwesten der Insel, in der N\u00e4he von Machir Bay. Kilchoman wurde von Anthony Wills gegr\u00fcndet und ist nach wie vor eine unabh\u00e4ngige, familiengef\u00fchrte Destillerie. Die Brennerei begann die Produktion im Dez. 2005 und war[&#8230;]\n","protected":false},"featured_media":535435,"comment_status":"closed","ping_status":"closed","template":"","meta":[],"product_brand":[],"product_cat":[933],"product_tag":[],"class_list":{"0":"post-535434","1":"product","2":"type-product","3":"status-publish","4":"has-post-thumbnail","6":"product_cat-no-13","8":"first","9":"instock","10":"shipping-taxable","11":"purchasable","12":"product-type-auction"},"yoast_head":"<!-- This site is optimized with the Yoast SEO plugin v27.0 - https:\/\/yoast.com\/product\/yoast-seo-wordpress\/ -->\n<title>Kilchoman - Fino Sherry Cask Matured 2023 - Dramfolks Whisky Auction<\/title>\n<meta name=\"robots\" content=\"index, follow, max-snippet:-1, max-image-preview:large, max-video-preview:-1\" \/>\n<link rel=\"canonical\" href=\"https:\/\/www.dramfolks-whisky-auction.com\/en\/product\/kilchoman-fino-sherry-cask-matured-2023\/\" \/>\n<meta property=\"og:locale\" content=\"en_US\" \/>\n<meta property=\"og:type\" content=\"article\" \/>\n<meta property=\"og:title\" content=\"Kilchoman - Fino Sherry Cask Matured 2023 - Dramfolks Whisky Auction\" \/>\n<meta property=\"og:description\" content=\"Destille: Kilchoman Kilchoman Distillery (ausgesprochen Kil-ho-man) ist eine Destillerie, die Single Malt Scotch Whisky auf Islay (Schottland) herstellt. Sie liegt im Nordwesten der Insel, in der N\u00e4he von Machir Bay. Kilchoman wurde von Anthony Wills gegr\u00fcndet und ist nach wie vor eine unabh\u00e4ngige, familiengef\u00fchrte Destillerie. Die Brennerei begann die Produktion im Dez. 2005 und war[...]\" \/>\n<meta property=\"og:url\" content=\"https:\/\/www.dramfolks-whisky-auction.com\/en\/product\/kilchoman-fino-sherry-cask-matured-2023\/\" \/>\n<meta property=\"og:site_name\" content=\"Dramfolks Whisky Auction\" \/>\n<meta property=\"article:modified_time\" content=\"2024-10-13T17:45:16+00:00\" \/>\n<meta property=\"og:image\" content=\"https:\/\/www.dramfolks-whisky-auction.com\/wp-content\/uploads\/2024\/09\/Kilchoman-Fino-Sherry-vorne-scaled.jpg\" \/>\n\t<meta property=\"og:image:width\" content=\"2560\" \/>\n\t<meta property=\"og:image:height\" content=\"2560\" \/>\n\t<meta property=\"og:image:type\" content=\"image\/jpeg\" \/>\n<meta name=\"twitter:card\" content=\"summary_large_image\" \/>\n<meta name=\"twitter:label1\" content=\"Est. reading time\" \/>\n\t<meta name=\"twitter:data1\" content=\"3 minutes\" \/>\n<script type=\"application\/ld+json\" class=\"yoast-schema-graph\">{\"@context\":\"https:\/\/schema.org\",\"@graph\":[{\"@type\":\"WebPage\",\"@id\":\"https:\/\/www.dramfolks-whisky-auction.com\/en\/product\/kilchoman-fino-sherry-cask-matured-2023\/\",\"url\":\"https:\/\/www.dramfolks-whisky-auction.com\/en\/product\/kilchoman-fino-sherry-cask-matured-2023\/\",\"name\":\"Kilchoman - Fino Sherry Cask Matured 2023 - Dramfolks Whisky Auction\",\"isPartOf\":{\"@id\":\"https:\/\/www.dramfolks-whisky-auction.com\/en\/#website\"},\"primaryImageOfPage\":{\"@id\":\"https:\/\/www.dramfolks-whisky-auction.com\/en\/product\/kilchoman-fino-sherry-cask-matured-2023\/#primaryimage\"},\"image\":{\"@id\":\"https:\/\/www.dramfolks-whisky-auction.com\/en\/product\/kilchoman-fino-sherry-cask-matured-2023\/#primaryimage\"},\"thumbnailUrl\":\"https:\/\/www.dramfolks-whisky-auction.com\/wp-content\/uploads\/2024\/09\/Kilchoman-Fino-Sherry-vorne-scaled.jpg\",\"datePublished\":\"2024-09-26T18:44:10+00:00\",\"dateModified\":\"2024-10-13T17:45:16+00:00\",\"breadcrumb\":{\"@id\":\"https:\/\/www.dramfolks-whisky-auction.com\/en\/product\/kilchoman-fino-sherry-cask-matured-2023\/#breadcrumb\"},\"inLanguage\":\"en-US\",\"potentialAction\":[{\"@type\":\"ReadAction\",\"target\":[\"https:\/\/www.dramfolks-whisky-auction.com\/en\/product\/kilchoman-fino-sherry-cask-matured-2023\/\"]}]},{\"@type\":\"ImageObject\",\"inLanguage\":\"en-US\",\"@id\":\"https:\/\/www.dramfolks-whisky-auction.com\/en\/product\/kilchoman-fino-sherry-cask-matured-2023\/#primaryimage\",\"url\":\"https:\/\/www.dramfolks-whisky-auction.com\/wp-content\/uploads\/2024\/09\/Kilchoman-Fino-Sherry-vorne-scaled.jpg\",\"contentUrl\":\"https:\/\/www.dramfolks-whisky-auction.com\/wp-content\/uploads\/2024\/09\/Kilchoman-Fino-Sherry-vorne-scaled.jpg\",\"width\":2560,\"height\":2560},{\"@type\":\"BreadcrumbList\",\"@id\":\"https:\/\/www.dramfolks-whisky-auction.com\/en\/product\/kilchoman-fino-sherry-cask-matured-2023\/#breadcrumb\",\"itemListElement\":[{\"@type\":\"ListItem\",\"position\":1,\"name\":\"Startseite\",\"item\":\"https:\/\/www.dramfolks-whisky-auction.com\/en\/\"},{\"@type\":\"ListItem\",\"position\":2,\"name\":\"Shop\",\"item\":\"https:\/\/www.dramfolks-whisky-auction.com\/en\/shop\/\"},{\"@type\":\"ListItem\",\"position\":3,\"name\":\"Kilchoman &#8211; Fino Sherry Cask Matured 2023\"}]},{\"@type\":\"WebSite\",\"@id\":\"https:\/\/www.dramfolks-whisky-auction.com\/en\/#website\",\"url\":\"https:\/\/www.dramfolks-whisky-auction.com\/en\/\",\"name\":\"Dramfolks Whisky Auction\",\"description\":\"\",\"potentialAction\":[{\"@type\":\"SearchAction\",\"target\":{\"@type\":\"EntryPoint\",\"urlTemplate\":\"https:\/\/www.dramfolks-whisky-auction.com\/en\/?s={search_term_string}\"},\"query-input\":{\"@type\":\"PropertyValueSpecification\",\"valueRequired\":true,\"valueName\":\"search_term_string\"}}],\"inLanguage\":\"en-US\"}]}<\/script>\n<!-- \/ Yoast SEO plugin. -->","yoast_head_json":{"title":"Kilchoman - Fino Sherry Cask Matured 2023 - Dramfolks Whisky Auction","robots":{"index":"index","follow":"follow","max-snippet":"max-snippet:-1","max-image-preview":"max-image-preview:large","max-video-preview":"max-video-preview:-1"},"canonical":"https:\/\/www.dramfolks-whisky-auction.com\/en\/product\/kilchoman-fino-sherry-cask-matured-2023\/","og_locale":"en_US","og_type":"article","og_title":"Kilchoman - Fino Sherry Cask Matured 2023 - Dramfolks Whisky Auction","og_description":"Destille: Kilchoman Kilchoman Distillery (ausgesprochen Kil-ho-man) ist eine Destillerie, die Single Malt Scotch Whisky auf Islay (Schottland) herstellt. Sie liegt im Nordwesten der Insel, in der N\u00e4he von Machir Bay. Kilchoman wurde von Anthony Wills gegr\u00fcndet und ist nach wie vor eine unabh\u00e4ngige, familiengef\u00fchrte Destillerie. Die Brennerei begann die Produktion im Dez. 2005 und war[...]","og_url":"https:\/\/www.dramfolks-whisky-auction.com\/en\/product\/kilchoman-fino-sherry-cask-matured-2023\/","og_site_name":"Dramfolks Whisky Auction","article_modified_time":"2024-10-13T17:45:16+00:00","og_image":[{"width":2560,"height":2560,"url":"https:\/\/www.dramfolks-whisky-auction.com\/wp-content\/uploads\/2024\/09\/Kilchoman-Fino-Sherry-vorne-scaled.jpg","type":"image\/jpeg"}],"twitter_card":"summary_large_image","twitter_misc":{"Est. reading time":"3 minutes"},"schema":{"@context":"https:\/\/schema.org","@graph":[{"@type":"WebPage","@id":"https:\/\/www.dramfolks-whisky-auction.com\/en\/product\/kilchoman-fino-sherry-cask-matured-2023\/","url":"https:\/\/www.dramfolks-whisky-auction.com\/en\/product\/kilchoman-fino-sherry-cask-matured-2023\/","name":"Kilchoman - Fino Sherry Cask Matured 2023 - Dramfolks Whisky Auction","isPartOf":{"@id":"https:\/\/www.dramfolks-whisky-auction.com\/en\/#website"},"primaryImageOfPage":{"@id":"https:\/\/www.dramfolks-whisky-auction.com\/en\/product\/kilchoman-fino-sherry-cask-matured-2023\/#primaryimage"},"image":{"@id":"https:\/\/www.dramfolks-whisky-auction.com\/en\/product\/kilchoman-fino-sherry-cask-matured-2023\/#primaryimage"},"thumbnailUrl":"https:\/\/www.dramfolks-whisky-auction.com\/wp-content\/uploads\/2024\/09\/Kilchoman-Fino-Sherry-vorne-scaled.jpg","datePublished":"2024-09-26T18:44:10+00:00","dateModified":"2024-10-13T17:45:16+00:00","breadcrumb":{"@id":"https:\/\/www.dramfolks-whisky-auction.com\/en\/product\/kilchoman-fino-sherry-cask-matured-2023\/#breadcrumb"},"inLanguage":"en-US","potentialAction":[{"@type":"ReadAction","target":["https:\/\/www.dramfolks-whisky-auction.com\/en\/product\/kilchoman-fino-sherry-cask-matured-2023\/"]}]},{"@type":"ImageObject","inLanguage":"en-US","@id":"https:\/\/www.dramfolks-whisky-auction.com\/en\/product\/kilchoman-fino-sherry-cask-matured-2023\/#primaryimage","url":"https:\/\/www.dramfolks-whisky-auction.com\/wp-content\/uploads\/2024\/09\/Kilchoman-Fino-Sherry-vorne-scaled.jpg","contentUrl":"https:\/\/www.dramfolks-whisky-auction.com\/wp-content\/uploads\/2024\/09\/Kilchoman-Fino-Sherry-vorne-scaled.jpg","width":2560,"height":2560},{"@type":"BreadcrumbList","@id":"https:\/\/www.dramfolks-whisky-auction.com\/en\/product\/kilchoman-fino-sherry-cask-matured-2023\/#breadcrumb","itemListElement":[{"@type":"ListItem","position":1,"name":"Startseite","item":"https:\/\/www.dramfolks-whisky-auction.com\/en\/"},{"@type":"ListItem","position":2,"name":"Shop","item":"https:\/\/www.dramfolks-whisky-auction.com\/en\/shop\/"},{"@type":"ListItem","position":3,"name":"Kilchoman &#8211; Fino Sherry Cask Matured 2023"}]},{"@type":"WebSite","@id":"https:\/\/www.dramfolks-whisky-auction.com\/en\/#website","url":"https:\/\/www.dramfolks-whisky-auction.com\/en\/","name":"Dramfolks Whisky Auction","description":"","potentialAction":[{"@type":"SearchAction","target":{"@type":"EntryPoint","urlTemplate":"https:\/\/www.dramfolks-whisky-auction.com\/en\/?s={search_term_string}"},"query-input":{"@type":"PropertyValueSpecification","valueRequired":true,"valueName":"search_term_string"}}],"inLanguage":"en-US"}]}},"_links":{"self":[{"href":"https:\/\/www.dramfolks-whisky-auction.com\/en\/wp-json\/wp\/v2\/product\/535434","targetHints":{"allow":["GET"]}}],"collection":[{"href":"https:\/\/www.dramfolks-whisky-auction.com\/en\/wp-json\/wp\/v2\/product"}],"about":[{"href":"https:\/\/www.dramfolks-whisky-auction.com\/en\/wp-json\/wp\/v2\/types\/product"}],"replies":[{"embeddable":true,"href":"https:\/\/www.dramfolks-whisky-auction.com\/en\/wp-json\/wp\/v2\/comments?post=535434"}],"wp:featuredmedia":[{"embeddable":true,"href":"https:\/\/www.dramfolks-whisky-auction.com\/en\/wp-json\/wp\/v2\/media\/535435"}],"wp:attachment":[{"href":"https:\/\/www.dramfolks-whisky-auction.com\/en\/wp-json\/wp\/v2\/media?parent=535434"}],"wp:term":[{"taxonomy":"product_brand","embeddable":true,"href":"https:\/\/www.dramfolks-whisky-auction.com\/en\/wp-json\/wp\/v2\/product_brand?post=535434"},{"taxonomy":"product_cat","embeddable":true,"href":"https:\/\/www.dramfolks-whisky-auction.com\/en\/wp-json\/wp\/v2\/product_cat?post=535434"},{"taxonomy":"product_tag","embeddable":true,"href":"https:\/\/www.dramfolks-whisky-auction.com\/en\/wp-json\/wp\/v2\/product_tag?post=535434"}],"curies":[{"name":"wp","href":"https:\/\/api.w.org\/{rel}","templated":true}]}}