{"id":535415,"date":"2024-09-26T20:11:17","date_gmt":"2024-09-26T18:11:17","guid":{"rendered":"https:\/\/www.dramfolks-whisky-auction.com\/?post_type=product&#038;p=535415"},"modified":"2024-10-13T19:30:10","modified_gmt":"2024-10-13T17:30:10","slug":"edradour-ballechin-12yo-sftc-2010-2022-bourbon-cask","status":"publish","type":"product","link":"https:\/\/www.dramfolks-whisky-auction.com\/en\/product\/edradour-ballechin-12yo-sftc-2010-2022-bourbon-cask\/","title":{"rendered":"Edradour &#8211; Ballechin 12yo SFTC 2010\/2022 Bourbon Cask"},"content":{"rendered":"<p><strong>Destille: Edradour<br \/>\n<\/strong><span class=\"v1s2\">Edradour gilt als die ehemals kleinste produzierende Destillerie Schottlands. Sie liegt in den Bergen \u00f6stlich von Pitlochry und produziert dort ihren unverkennbaren Malt noch mit Verfahren, die bei anderen Brennereien schon l\u00e4ngst der Vergangenheit angeh\u00f6ren. Gerade mal zw\u00f6lf F\u00e4sser die Woche wurden vor 2014 in der Brennerei in einer Woche abgef\u00fcllt. Vielleicht ist genau das der Grund, warum Edradour etwas ganz Besonderes ist. Nach der \u00dcbernahme durch Signatory wurde die Ausbringungsmenge verdoppelt. Es wurde jedoch auch stets darauf geachtet, die Qualit\u00e4t, Tradition und Handarbeit beizubehalten und so einen vollmundigen und intensiven Single Malt zu kreieren. J\u00e4hrliches Produktionsvolumen: 0,5 Mio. Liter.<br \/>\n<\/span><\/p>\n<p><strong>Fun Fakt:<\/strong>\u00a0Ein (Mit)Besitzer von Edradour war mal ein Mafiaboss!!! 1933 verkaufte die Mackintosh-Familie Edradour an William Whiteley. Die Firma von Whiteley hatte w\u00e4hrend der Prohibition mit ihrer King&#8217;s Ransom-Mischung ein solides Gesch\u00e4ft in den USA aufgebaut. Der Mafiaboss Frank Costello ernannte Whiteley seinerzeit zu seinem US-Handelsvertreter. F\u00fcnf Jahre sp\u00e4ter \u00fcbernahm Costellos Partner Irving Haim die Eigent\u00fcmerschaft von Edradour, wobei Costello (und seine Firma) einen Anteil am Umsatz von King&#8217;s Ransom \u00fcbernahmen. Dieses etwas ungew\u00f6hnliche Arrangement dauerte bis zu Haims Tod 1976.<\/p>\n<p><strong>Whisky\/Whiskey: Ballechin 12yo SFTC 2010\/2022 Bourbon Cask <\/strong><br \/>\nUnter dem Namen Ballechin f\u00fcllt die Brennerei Edradour ihre rauchigen Single Malts ab. Der Whisky wurde 2010 gebrannt und lagerte fortan bis zur Abf\u00fcllung 2022 in ehemaligen Bourbon Barrels (Cask No. 214+219). Der ohnehin sehr geschmackvolle, rauchige Spirit des Ballechins, erhielt so an Tiefe und Komplexit\u00e4t. Als Teil der Straight from the Cask Serie, wurde er nat\u00fcrlich unverf\u00e4lscht in Fassst\u00e4rke abgef\u00fcllt. Die Abf\u00fcllung ist auf 703 Flaschen weltweit limitiert!<\/p>\n<p><strong>Info Qualit\u00e4t der Flasche:<\/strong> Exzellent &#8211; ohne Besch\u00e4digungen \/ <strong>F\u00fcllstand:<\/strong> Top shoulder<br \/>\n<strong>Info Qualit\u00e4t der Box:<\/strong> Exzellent &#8211; ohne Besch\u00e4digungen<\/p>\n<p><strong>Wichtiger Hinweis:<\/strong> Die Bewertung der Flaschen und Boxen erfolgt nach \u201ebesten Wissen und Gewissen\u201c. dramfolks kann keine Gew\u00e4hrleistung f\u00fcr den Inhalt der Flaschen \u00fcbernehmen. Weitere Infos &amp; Hinweise finden Sie in unseren AGBs. Wir empfehlen Ihnen, vor der Abgabe von Geboten \u00fcber die Zoomfunktion eine Besichtigung \/ genaue Pr\u00fcfung des angebotenen Whiskys vorzunehmen. Bitte kontaktieren sie uns bei Fragen direkt unter info@dramfolks.com<\/p>\n","protected":false},"excerpt":{"rendered":"<p>Destille: Edradour Edradour gilt als die ehemals kleinste produzierende Destillerie Schottlands. Sie liegt in den Bergen \u00f6stlich von Pitlochry und produziert dort ihren unverkennbaren Malt noch mit Verfahren, die bei anderen Brennereien schon l\u00e4ngst der Vergangenheit angeh\u00f6ren. Gerade mal zw\u00f6lf F\u00e4sser die Woche wurden vor 2014 in der Brennerei in einer Woche abgef\u00fcllt. Vielleicht ist[&#8230;]\n","protected":false},"featured_media":535416,"comment_status":"closed","ping_status":"closed","template":"","meta":[],"product_brand":[],"product_cat":[933],"product_tag":[],"class_list":{"0":"post-535415","1":"product","2":"type-product","3":"status-publish","4":"has-post-thumbnail","6":"product_cat-no-13","8":"first","9":"instock","10":"shipping-taxable","11":"purchasable","12":"product-type-auction"},"yoast_head":"<!-- This site is optimized with the Yoast SEO plugin v27.0 - https:\/\/yoast.com\/product\/yoast-seo-wordpress\/ -->\n<title>Edradour - Ballechin 12yo SFTC 2010\/2022 Bourbon Cask - Dramfolks Whisky Auction<\/title>\n<meta name=\"robots\" content=\"index, follow, max-snippet:-1, max-image-preview:large, max-video-preview:-1\" \/>\n<link rel=\"canonical\" href=\"https:\/\/www.dramfolks-whisky-auction.com\/en\/product\/edradour-ballechin-12yo-sftc-2010-2022-bourbon-cask\/\" \/>\n<meta property=\"og:locale\" content=\"en_US\" \/>\n<meta property=\"og:type\" content=\"article\" \/>\n<meta property=\"og:title\" content=\"Edradour - Ballechin 12yo SFTC 2010\/2022 Bourbon Cask - Dramfolks Whisky Auction\" \/>\n<meta property=\"og:description\" content=\"Destille: Edradour Edradour gilt als die ehemals kleinste produzierende Destillerie Schottlands. Sie liegt in den Bergen \u00f6stlich von Pitlochry und produziert dort ihren unverkennbaren Malt noch mit Verfahren, die bei anderen Brennereien schon l\u00e4ngst der Vergangenheit angeh\u00f6ren. Gerade mal zw\u00f6lf F\u00e4sser die Woche wurden vor 2014 in der Brennerei in einer Woche abgef\u00fcllt. Vielleicht ist[...]\" \/>\n<meta property=\"og:url\" content=\"https:\/\/www.dramfolks-whisky-auction.com\/en\/product\/edradour-ballechin-12yo-sftc-2010-2022-bourbon-cask\/\" \/>\n<meta property=\"og:site_name\" content=\"Dramfolks Whisky Auction\" \/>\n<meta property=\"article:modified_time\" content=\"2024-10-13T17:30:10+00:00\" \/>\n<meta property=\"og:image\" content=\"https:\/\/www.dramfolks-whisky-auction.com\/wp-content\/uploads\/2024\/09\/Ballechin-vorne-scaled.jpg\" \/>\n\t<meta property=\"og:image:width\" content=\"2560\" \/>\n\t<meta property=\"og:image:height\" content=\"2560\" \/>\n\t<meta property=\"og:image:type\" content=\"image\/jpeg\" \/>\n<meta name=\"twitter:card\" content=\"summary_large_image\" \/>\n<meta name=\"twitter:label1\" content=\"Est. reading time\" \/>\n\t<meta name=\"twitter:data1\" content=\"3 minutes\" \/>\n<script type=\"application\/ld+json\" class=\"yoast-schema-graph\">{\"@context\":\"https:\/\/schema.org\",\"@graph\":[{\"@type\":\"WebPage\",\"@id\":\"https:\/\/www.dramfolks-whisky-auction.com\/en\/product\/edradour-ballechin-12yo-sftc-2010-2022-bourbon-cask\/\",\"url\":\"https:\/\/www.dramfolks-whisky-auction.com\/en\/product\/edradour-ballechin-12yo-sftc-2010-2022-bourbon-cask\/\",\"name\":\"Edradour - Ballechin 12yo SFTC 2010\/2022 Bourbon Cask - Dramfolks Whisky Auction\",\"isPartOf\":{\"@id\":\"https:\/\/www.dramfolks-whisky-auction.com\/en\/#website\"},\"primaryImageOfPage\":{\"@id\":\"https:\/\/www.dramfolks-whisky-auction.com\/en\/product\/edradour-ballechin-12yo-sftc-2010-2022-bourbon-cask\/#primaryimage\"},\"image\":{\"@id\":\"https:\/\/www.dramfolks-whisky-auction.com\/en\/product\/edradour-ballechin-12yo-sftc-2010-2022-bourbon-cask\/#primaryimage\"},\"thumbnailUrl\":\"https:\/\/www.dramfolks-whisky-auction.com\/wp-content\/uploads\/2024\/09\/Ballechin-vorne-scaled.jpg\",\"datePublished\":\"2024-09-26T18:11:17+00:00\",\"dateModified\":\"2024-10-13T17:30:10+00:00\",\"breadcrumb\":{\"@id\":\"https:\/\/www.dramfolks-whisky-auction.com\/en\/product\/edradour-ballechin-12yo-sftc-2010-2022-bourbon-cask\/#breadcrumb\"},\"inLanguage\":\"en-US\",\"potentialAction\":[{\"@type\":\"ReadAction\",\"target\":[\"https:\/\/www.dramfolks-whisky-auction.com\/en\/product\/edradour-ballechin-12yo-sftc-2010-2022-bourbon-cask\/\"]}]},{\"@type\":\"ImageObject\",\"inLanguage\":\"en-US\",\"@id\":\"https:\/\/www.dramfolks-whisky-auction.com\/en\/product\/edradour-ballechin-12yo-sftc-2010-2022-bourbon-cask\/#primaryimage\",\"url\":\"https:\/\/www.dramfolks-whisky-auction.com\/wp-content\/uploads\/2024\/09\/Ballechin-vorne-scaled.jpg\",\"contentUrl\":\"https:\/\/www.dramfolks-whisky-auction.com\/wp-content\/uploads\/2024\/09\/Ballechin-vorne-scaled.jpg\",\"width\":2560,\"height\":2560},{\"@type\":\"BreadcrumbList\",\"@id\":\"https:\/\/www.dramfolks-whisky-auction.com\/en\/product\/edradour-ballechin-12yo-sftc-2010-2022-bourbon-cask\/#breadcrumb\",\"itemListElement\":[{\"@type\":\"ListItem\",\"position\":1,\"name\":\"Startseite\",\"item\":\"https:\/\/www.dramfolks-whisky-auction.com\/en\/\"},{\"@type\":\"ListItem\",\"position\":2,\"name\":\"Shop\",\"item\":\"https:\/\/www.dramfolks-whisky-auction.com\/en\/shop\/\"},{\"@type\":\"ListItem\",\"position\":3,\"name\":\"Edradour &#8211; Ballechin 12yo SFTC 2010\/2022 Bourbon Cask\"}]},{\"@type\":\"WebSite\",\"@id\":\"https:\/\/www.dramfolks-whisky-auction.com\/en\/#website\",\"url\":\"https:\/\/www.dramfolks-whisky-auction.com\/en\/\",\"name\":\"Dramfolks Whisky Auction\",\"description\":\"\",\"potentialAction\":[{\"@type\":\"SearchAction\",\"target\":{\"@type\":\"EntryPoint\",\"urlTemplate\":\"https:\/\/www.dramfolks-whisky-auction.com\/en\/?s={search_term_string}\"},\"query-input\":{\"@type\":\"PropertyValueSpecification\",\"valueRequired\":true,\"valueName\":\"search_term_string\"}}],\"inLanguage\":\"en-US\"}]}<\/script>\n<!-- \/ Yoast SEO plugin. -->","yoast_head_json":{"title":"Edradour - Ballechin 12yo SFTC 2010\/2022 Bourbon Cask - Dramfolks Whisky Auction","robots":{"index":"index","follow":"follow","max-snippet":"max-snippet:-1","max-image-preview":"max-image-preview:large","max-video-preview":"max-video-preview:-1"},"canonical":"https:\/\/www.dramfolks-whisky-auction.com\/en\/product\/edradour-ballechin-12yo-sftc-2010-2022-bourbon-cask\/","og_locale":"en_US","og_type":"article","og_title":"Edradour - Ballechin 12yo SFTC 2010\/2022 Bourbon Cask - Dramfolks Whisky Auction","og_description":"Destille: Edradour Edradour gilt als die ehemals kleinste produzierende Destillerie Schottlands. Sie liegt in den Bergen \u00f6stlich von Pitlochry und produziert dort ihren unverkennbaren Malt noch mit Verfahren, die bei anderen Brennereien schon l\u00e4ngst der Vergangenheit angeh\u00f6ren. Gerade mal zw\u00f6lf F\u00e4sser die Woche wurden vor 2014 in der Brennerei in einer Woche abgef\u00fcllt. Vielleicht ist[...]","og_url":"https:\/\/www.dramfolks-whisky-auction.com\/en\/product\/edradour-ballechin-12yo-sftc-2010-2022-bourbon-cask\/","og_site_name":"Dramfolks Whisky Auction","article_modified_time":"2024-10-13T17:30:10+00:00","og_image":[{"width":2560,"height":2560,"url":"https:\/\/www.dramfolks-whisky-auction.com\/wp-content\/uploads\/2024\/09\/Ballechin-vorne-scaled.jpg","type":"image\/jpeg"}],"twitter_card":"summary_large_image","twitter_misc":{"Est. reading time":"3 minutes"},"schema":{"@context":"https:\/\/schema.org","@graph":[{"@type":"WebPage","@id":"https:\/\/www.dramfolks-whisky-auction.com\/en\/product\/edradour-ballechin-12yo-sftc-2010-2022-bourbon-cask\/","url":"https:\/\/www.dramfolks-whisky-auction.com\/en\/product\/edradour-ballechin-12yo-sftc-2010-2022-bourbon-cask\/","name":"Edradour - Ballechin 12yo SFTC 2010\/2022 Bourbon Cask - Dramfolks Whisky Auction","isPartOf":{"@id":"https:\/\/www.dramfolks-whisky-auction.com\/en\/#website"},"primaryImageOfPage":{"@id":"https:\/\/www.dramfolks-whisky-auction.com\/en\/product\/edradour-ballechin-12yo-sftc-2010-2022-bourbon-cask\/#primaryimage"},"image":{"@id":"https:\/\/www.dramfolks-whisky-auction.com\/en\/product\/edradour-ballechin-12yo-sftc-2010-2022-bourbon-cask\/#primaryimage"},"thumbnailUrl":"https:\/\/www.dramfolks-whisky-auction.com\/wp-content\/uploads\/2024\/09\/Ballechin-vorne-scaled.jpg","datePublished":"2024-09-26T18:11:17+00:00","dateModified":"2024-10-13T17:30:10+00:00","breadcrumb":{"@id":"https:\/\/www.dramfolks-whisky-auction.com\/en\/product\/edradour-ballechin-12yo-sftc-2010-2022-bourbon-cask\/#breadcrumb"},"inLanguage":"en-US","potentialAction":[{"@type":"ReadAction","target":["https:\/\/www.dramfolks-whisky-auction.com\/en\/product\/edradour-ballechin-12yo-sftc-2010-2022-bourbon-cask\/"]}]},{"@type":"ImageObject","inLanguage":"en-US","@id":"https:\/\/www.dramfolks-whisky-auction.com\/en\/product\/edradour-ballechin-12yo-sftc-2010-2022-bourbon-cask\/#primaryimage","url":"https:\/\/www.dramfolks-whisky-auction.com\/wp-content\/uploads\/2024\/09\/Ballechin-vorne-scaled.jpg","contentUrl":"https:\/\/www.dramfolks-whisky-auction.com\/wp-content\/uploads\/2024\/09\/Ballechin-vorne-scaled.jpg","width":2560,"height":2560},{"@type":"BreadcrumbList","@id":"https:\/\/www.dramfolks-whisky-auction.com\/en\/product\/edradour-ballechin-12yo-sftc-2010-2022-bourbon-cask\/#breadcrumb","itemListElement":[{"@type":"ListItem","position":1,"name":"Startseite","item":"https:\/\/www.dramfolks-whisky-auction.com\/en\/"},{"@type":"ListItem","position":2,"name":"Shop","item":"https:\/\/www.dramfolks-whisky-auction.com\/en\/shop\/"},{"@type":"ListItem","position":3,"name":"Edradour &#8211; Ballechin 12yo SFTC 2010\/2022 Bourbon Cask"}]},{"@type":"WebSite","@id":"https:\/\/www.dramfolks-whisky-auction.com\/en\/#website","url":"https:\/\/www.dramfolks-whisky-auction.com\/en\/","name":"Dramfolks Whisky Auction","description":"","potentialAction":[{"@type":"SearchAction","target":{"@type":"EntryPoint","urlTemplate":"https:\/\/www.dramfolks-whisky-auction.com\/en\/?s={search_term_string}"},"query-input":{"@type":"PropertyValueSpecification","valueRequired":true,"valueName":"search_term_string"}}],"inLanguage":"en-US"}]}},"_links":{"self":[{"href":"https:\/\/www.dramfolks-whisky-auction.com\/en\/wp-json\/wp\/v2\/product\/535415","targetHints":{"allow":["GET"]}}],"collection":[{"href":"https:\/\/www.dramfolks-whisky-auction.com\/en\/wp-json\/wp\/v2\/product"}],"about":[{"href":"https:\/\/www.dramfolks-whisky-auction.com\/en\/wp-json\/wp\/v2\/types\/product"}],"replies":[{"embeddable":true,"href":"https:\/\/www.dramfolks-whisky-auction.com\/en\/wp-json\/wp\/v2\/comments?post=535415"}],"wp:featuredmedia":[{"embeddable":true,"href":"https:\/\/www.dramfolks-whisky-auction.com\/en\/wp-json\/wp\/v2\/media\/535416"}],"wp:attachment":[{"href":"https:\/\/www.dramfolks-whisky-auction.com\/en\/wp-json\/wp\/v2\/media?parent=535415"}],"wp:term":[{"taxonomy":"product_brand","embeddable":true,"href":"https:\/\/www.dramfolks-whisky-auction.com\/en\/wp-json\/wp\/v2\/product_brand?post=535415"},{"taxonomy":"product_cat","embeddable":true,"href":"https:\/\/www.dramfolks-whisky-auction.com\/en\/wp-json\/wp\/v2\/product_cat?post=535415"},{"taxonomy":"product_tag","embeddable":true,"href":"https:\/\/www.dramfolks-whisky-auction.com\/en\/wp-json\/wp\/v2\/product_tag?post=535415"}],"curies":[{"name":"wp","href":"https:\/\/api.w.org\/{rel}","templated":true}]}}