{"id":535391,"date":"2024-09-26T19:36:06","date_gmt":"2024-09-26T17:36:06","guid":{"rendered":"https:\/\/www.dramfolks-whisky-auction.com\/?post_type=product&#038;p=535391"},"modified":"2024-10-13T19:45:21","modified_gmt":"2024-10-13T17:45:21","slug":"tullibardine-2008-2022-the-murray-the-marquess-collection","status":"publish","type":"product","link":"https:\/\/www.dramfolks-whisky-auction.com\/en\/product\/tullibardine-2008-2022-the-murray-the-marquess-collection\/","title":{"rendered":"Tullibardine &#8211; 2008\/2022 The Murray The Marquess Collection"},"content":{"rendered":"<p><strong>Destille: Tullibardine<span class=\"v1s2\"><br \/>\n<\/span><\/strong>Die Tullibardine Distillery ist eine schottische Destillerie seit 1949, die einen Single Malt Whisky herstellt. Die Whisky-Destillerie befindet sich in Blackford, Perth und Kinross, in der N\u00e4he der Ochil Hills und des Danny Burn, ihren Hauptwasserquellen. Lange Geschichte&#8230; Im Jahr 1798 er\u00f6ffneten William &amp; Henry Bannerman die erste Tullibardine-Destillerie, die jedoch nur ein Jahr lang in Betrieb war. Im Jahr 1814 versuchte es Andrew Bannerman (vermutlich ein Verwandter) erneut. Diesmal war sie bis 1837 in Betrieb. Im 19. Jahrhundert gab es in der Stadt eine M\u00e4lzerei und drei Brauereien (u.a. Gleneagles Brewery), die damals im Besitz der Familie Sharp und der Familie Eadie waren. 1949 kaufte der ber\u00fchmte Destillerie-Designer William Delme-Evans das Gel\u00e4nde der Gleneagles Brewery und baute dort eine neue Destillerie. Es war die erste Destillerie zu diesem Zeitpunkt, die seit 1900 in Schottland neu gebaut wurde. Im Jahr 1953 wurde es von der Mischfirma Brodie Hepburn gekauft, die ihre Kapazit\u00e4t erh\u00f6hte und von dort \u00fcber Invergordon (die Brodie Hepburn kaufte) zu Whyte &amp; Mackay (die wiederum Invergordon kaufte) \u00fcberging. Tullibardine lag von 1994 bis 2003 still, als es von einem Unternehmenskonsortium aufgekauft wurde. Ihre Idee war es, einen Teil des Gel\u00e4ndes als Fachmarktzentrum zu verkaufen und mit dem gesammelten Geld die Destillation wieder in Gang zu bringen. Im Jahr 2011 wurde die Brennerei an die franz\u00f6sische Firma Picard Vins &amp; Spiritueux verkauft. Diese Firma gr\u00fcndete 2013 eine Einheit f\u00fcr die Spirituosen mit dem Namen Terroirs Distillers. J\u00e4hrliche Produktionskapazit\u00e4t: ca. 2,7 Mio. Liter.<\/p>\n<p><strong>Fun Fact: <\/strong>Whisky &amp; Ale&#8230; In Anlehnung an die Tradition hat sich Tullibardine mit der Brauerei Bridge of Allan zusammengetan, um ein Ale herzustellen, das passenderweise 1488 genannt wird. Die Jahreszahl, in der es nur eine Brauerei in Schottland gab, als Jakob IV. nach seiner Kr\u00f6nung in Scone anhielt, um ein Fass Bier zu kaufen.<strong><br \/>\n<\/strong><\/p>\n<p><strong>Whisky\/Whiskey: 2008\/2022 The Murray The Marquess Collection<\/strong><br \/>\nDie Marquess Collection ist eine Anspielung auf historische Pers\u00f6nlichkeiten, die in Schottland jahrhundertelang den Titel Marquess of Tullibardine trugen. Der Name Murray leitet sich vom 2. Marquess of Tullibardine ab, Sir William Murray, der in der Schlacht von Sheriffmuir auf den H\u00fcgeln \u00fcber der Tullibardine-Brennerei f\u00fcr die Jakobiten k\u00e4mpfte. Dieser Tullibardine The Murray Triple Port Edition ist bereits die neunte Ausgabe in dieser Kollektion. Dieser Single Malt reifte zun\u00e4chst in First Fill Bourbonf\u00e4ssern, ein abschlie\u00dfendes Finish erhielt er dann in White, Tawny and Ruby Port Casks. Limitiert auf 18.278 Flaschen weltweit ist dieser SSingle Malt mit 46,0 % Alc.vol. abgef\u00fcllt worden.<\/p>\n<p><strong>Info Qualit\u00e4t der Flasche:<\/strong> Exzellent &#8211; ohne Besch\u00e4digungen \/ <strong>F\u00fcllstand:<\/strong> High fill<br \/>\n<strong>Info Qualit\u00e4t der Box:\u00a0<\/strong>Exzellent &#8211; ohne Besch\u00e4digungen<\/p>\n<p><strong>Wichtiger Hinweis:<\/strong> Die Bewertung der Flaschen und Boxen erfolgt nach \u201ebesten Wissen und Gewissen\u201c. dramfolks kann keine Gew\u00e4hrleistung f\u00fcr den Inhalt der Flaschen \u00fcbernehmen. Weitere Infos &amp; Hinweise finden Sie in unseren AGBs. Wir empfehlen Ihnen, vor der Abgabe von Geboten \u00fcber die Zoomfunktion eine Besichtigung \/ genaue Pr\u00fcfung des angebotenen Whiskys vorzunehmen. Bitte kontaktieren sie uns bei Fragen direkt unter info@dramfolks.com<\/p>\n","protected":false},"excerpt":{"rendered":"<p>Destille: Tullibardine Die Tullibardine Distillery ist eine schottische Destillerie seit 1949, die einen Single Malt Whisky herstellt. Die Whisky-Destillerie befindet sich in Blackford, Perth und Kinross, in der N\u00e4he der Ochil Hills und des Danny Burn, ihren Hauptwasserquellen. Lange Geschichte&#8230; Im Jahr 1798 er\u00f6ffneten William &amp; Henry Bannerman die erste Tullibardine-Destillerie, die jedoch nur ein[&#8230;]\n","protected":false},"featured_media":536366,"comment_status":"closed","ping_status":"closed","template":"","meta":[],"product_brand":[],"product_cat":[933],"product_tag":[],"class_list":{"0":"post-535391","1":"product","2":"type-product","3":"status-publish","4":"has-post-thumbnail","6":"product_cat-no-13","8":"first","9":"instock","10":"shipping-taxable","11":"purchasable","12":"product-type-auction"},"yoast_head":"<!-- This site is optimized with the Yoast SEO plugin v27.4 - https:\/\/yoast.com\/product\/yoast-seo-wordpress\/ -->\n<title>Tullibardine - 2008\/2022 The Murray The Marquess Collection - Dramfolks Whisky Auction<\/title>\n<meta name=\"robots\" content=\"index, follow, max-snippet:-1, max-image-preview:large, max-video-preview:-1\" \/>\n<link rel=\"canonical\" href=\"https:\/\/www.dramfolks-whisky-auction.com\/en\/product\/tullibardine-2008-2022-the-murray-the-marquess-collection\/\" \/>\n<meta property=\"og:locale\" content=\"en_US\" \/>\n<meta property=\"og:type\" content=\"article\" \/>\n<meta property=\"og:title\" content=\"Tullibardine - 2008\/2022 The Murray The Marquess Collection - Dramfolks Whisky Auction\" \/>\n<meta property=\"og:description\" content=\"Destille: Tullibardine Die Tullibardine Distillery ist eine schottische Destillerie seit 1949, die einen Single Malt Whisky herstellt. Die Whisky-Destillerie befindet sich in Blackford, Perth und Kinross, in der N\u00e4he der Ochil Hills und des Danny Burn, ihren Hauptwasserquellen. Lange Geschichte&#8230; Im Jahr 1798 er\u00f6ffneten William &amp; Henry Bannerman die erste Tullibardine-Destillerie, die jedoch nur ein[...]\" \/>\n<meta property=\"og:url\" content=\"https:\/\/www.dramfolks-whisky-auction.com\/en\/product\/tullibardine-2008-2022-the-murray-the-marquess-collection\/\" \/>\n<meta property=\"og:site_name\" content=\"Dramfolks Whisky Auction\" \/>\n<meta property=\"article:modified_time\" content=\"2024-10-13T17:45:21+00:00\" \/>\n<meta property=\"og:image\" content=\"https:\/\/www.dramfolks-whisky-auction.com\/wp-content\/uploads\/2024\/09\/Tullibardine-The-Murray-vorne-scaled.jpg\" \/>\n\t<meta property=\"og:image:width\" content=\"2560\" \/>\n\t<meta property=\"og:image:height\" content=\"2560\" \/>\n\t<meta property=\"og:image:type\" content=\"image\/jpeg\" \/>\n<meta name=\"twitter:card\" content=\"summary_large_image\" \/>\n<meta name=\"twitter:label1\" content=\"Est. reading time\" \/>\n\t<meta name=\"twitter:data1\" content=\"3 minutes\" \/>\n<script type=\"application\/ld+json\" class=\"yoast-schema-graph\">{\"@context\":\"https:\\\/\\\/schema.org\",\"@graph\":[{\"@type\":\"WebPage\",\"@id\":\"https:\\\/\\\/www.dramfolks-whisky-auction.com\\\/en\\\/product\\\/tullibardine-2008-2022-the-murray-the-marquess-collection\\\/\",\"url\":\"https:\\\/\\\/www.dramfolks-whisky-auction.com\\\/en\\\/product\\\/tullibardine-2008-2022-the-murray-the-marquess-collection\\\/\",\"name\":\"Tullibardine - 2008\\\/2022 The Murray The Marquess Collection - Dramfolks Whisky Auction\",\"isPartOf\":{\"@id\":\"https:\\\/\\\/www.dramfolks-whisky-auction.com\\\/en\\\/#website\"},\"primaryImageOfPage\":{\"@id\":\"https:\\\/\\\/www.dramfolks-whisky-auction.com\\\/en\\\/product\\\/tullibardine-2008-2022-the-murray-the-marquess-collection\\\/#primaryimage\"},\"image\":{\"@id\":\"https:\\\/\\\/www.dramfolks-whisky-auction.com\\\/en\\\/product\\\/tullibardine-2008-2022-the-murray-the-marquess-collection\\\/#primaryimage\"},\"thumbnailUrl\":\"https:\\\/\\\/www.dramfolks-whisky-auction.com\\\/wp-content\\\/uploads\\\/2024\\\/09\\\/Tullibardine-The-Murray-vorne-scaled.jpg\",\"datePublished\":\"2024-09-26T17:36:06+00:00\",\"dateModified\":\"2024-10-13T17:45:21+00:00\",\"breadcrumb\":{\"@id\":\"https:\\\/\\\/www.dramfolks-whisky-auction.com\\\/en\\\/product\\\/tullibardine-2008-2022-the-murray-the-marquess-collection\\\/#breadcrumb\"},\"inLanguage\":\"en-US\",\"potentialAction\":[{\"@type\":\"ReadAction\",\"target\":[\"https:\\\/\\\/www.dramfolks-whisky-auction.com\\\/en\\\/product\\\/tullibardine-2008-2022-the-murray-the-marquess-collection\\\/\"]}]},{\"@type\":\"ImageObject\",\"inLanguage\":\"en-US\",\"@id\":\"https:\\\/\\\/www.dramfolks-whisky-auction.com\\\/en\\\/product\\\/tullibardine-2008-2022-the-murray-the-marquess-collection\\\/#primaryimage\",\"url\":\"https:\\\/\\\/www.dramfolks-whisky-auction.com\\\/wp-content\\\/uploads\\\/2024\\\/09\\\/Tullibardine-The-Murray-vorne-scaled.jpg\",\"contentUrl\":\"https:\\\/\\\/www.dramfolks-whisky-auction.com\\\/wp-content\\\/uploads\\\/2024\\\/09\\\/Tullibardine-The-Murray-vorne-scaled.jpg\",\"width\":2560,\"height\":2560},{\"@type\":\"BreadcrumbList\",\"@id\":\"https:\\\/\\\/www.dramfolks-whisky-auction.com\\\/en\\\/product\\\/tullibardine-2008-2022-the-murray-the-marquess-collection\\\/#breadcrumb\",\"itemListElement\":[{\"@type\":\"ListItem\",\"position\":1,\"name\":\"Startseite\",\"item\":\"https:\\\/\\\/www.dramfolks-whisky-auction.com\\\/en\\\/\"},{\"@type\":\"ListItem\",\"position\":2,\"name\":\"Shop\",\"item\":\"https:\\\/\\\/www.dramfolks-whisky-auction.com\\\/en\\\/shop\\\/\"},{\"@type\":\"ListItem\",\"position\":3,\"name\":\"Tullibardine &#8211; 2008\\\/2022 The Murray The Marquess Collection\"}]},{\"@type\":\"WebSite\",\"@id\":\"https:\\\/\\\/www.dramfolks-whisky-auction.com\\\/en\\\/#website\",\"url\":\"https:\\\/\\\/www.dramfolks-whisky-auction.com\\\/en\\\/\",\"name\":\"Dramfolks Whisky Auction\",\"description\":\"\",\"potentialAction\":[{\"@type\":\"SearchAction\",\"target\":{\"@type\":\"EntryPoint\",\"urlTemplate\":\"https:\\\/\\\/www.dramfolks-whisky-auction.com\\\/en\\\/?s={search_term_string}\"},\"query-input\":{\"@type\":\"PropertyValueSpecification\",\"valueRequired\":true,\"valueName\":\"search_term_string\"}}],\"inLanguage\":\"en-US\"}]}<\/script>\n<!-- \/ Yoast SEO plugin. -->","yoast_head_json":{"title":"Tullibardine - 2008\/2022 The Murray The Marquess Collection - Dramfolks Whisky Auction","robots":{"index":"index","follow":"follow","max-snippet":"max-snippet:-1","max-image-preview":"max-image-preview:large","max-video-preview":"max-video-preview:-1"},"canonical":"https:\/\/www.dramfolks-whisky-auction.com\/en\/product\/tullibardine-2008-2022-the-murray-the-marquess-collection\/","og_locale":"en_US","og_type":"article","og_title":"Tullibardine - 2008\/2022 The Murray The Marquess Collection - Dramfolks Whisky Auction","og_description":"Destille: Tullibardine Die Tullibardine Distillery ist eine schottische Destillerie seit 1949, die einen Single Malt Whisky herstellt. Die Whisky-Destillerie befindet sich in Blackford, Perth und Kinross, in der N\u00e4he der Ochil Hills und des Danny Burn, ihren Hauptwasserquellen. Lange Geschichte&#8230; Im Jahr 1798 er\u00f6ffneten William &amp; Henry Bannerman die erste Tullibardine-Destillerie, die jedoch nur ein[...]","og_url":"https:\/\/www.dramfolks-whisky-auction.com\/en\/product\/tullibardine-2008-2022-the-murray-the-marquess-collection\/","og_site_name":"Dramfolks Whisky Auction","article_modified_time":"2024-10-13T17:45:21+00:00","og_image":[{"width":2560,"height":2560,"url":"https:\/\/www.dramfolks-whisky-auction.com\/wp-content\/uploads\/2024\/09\/Tullibardine-The-Murray-vorne-scaled.jpg","type":"image\/jpeg"}],"twitter_card":"summary_large_image","twitter_misc":{"Est. reading time":"3 minutes"},"schema":{"@context":"https:\/\/schema.org","@graph":[{"@type":"WebPage","@id":"https:\/\/www.dramfolks-whisky-auction.com\/en\/product\/tullibardine-2008-2022-the-murray-the-marquess-collection\/","url":"https:\/\/www.dramfolks-whisky-auction.com\/en\/product\/tullibardine-2008-2022-the-murray-the-marquess-collection\/","name":"Tullibardine - 2008\/2022 The Murray The Marquess Collection - Dramfolks Whisky Auction","isPartOf":{"@id":"https:\/\/www.dramfolks-whisky-auction.com\/en\/#website"},"primaryImageOfPage":{"@id":"https:\/\/www.dramfolks-whisky-auction.com\/en\/product\/tullibardine-2008-2022-the-murray-the-marquess-collection\/#primaryimage"},"image":{"@id":"https:\/\/www.dramfolks-whisky-auction.com\/en\/product\/tullibardine-2008-2022-the-murray-the-marquess-collection\/#primaryimage"},"thumbnailUrl":"https:\/\/www.dramfolks-whisky-auction.com\/wp-content\/uploads\/2024\/09\/Tullibardine-The-Murray-vorne-scaled.jpg","datePublished":"2024-09-26T17:36:06+00:00","dateModified":"2024-10-13T17:45:21+00:00","breadcrumb":{"@id":"https:\/\/www.dramfolks-whisky-auction.com\/en\/product\/tullibardine-2008-2022-the-murray-the-marquess-collection\/#breadcrumb"},"inLanguage":"en-US","potentialAction":[{"@type":"ReadAction","target":["https:\/\/www.dramfolks-whisky-auction.com\/en\/product\/tullibardine-2008-2022-the-murray-the-marquess-collection\/"]}]},{"@type":"ImageObject","inLanguage":"en-US","@id":"https:\/\/www.dramfolks-whisky-auction.com\/en\/product\/tullibardine-2008-2022-the-murray-the-marquess-collection\/#primaryimage","url":"https:\/\/www.dramfolks-whisky-auction.com\/wp-content\/uploads\/2024\/09\/Tullibardine-The-Murray-vorne-scaled.jpg","contentUrl":"https:\/\/www.dramfolks-whisky-auction.com\/wp-content\/uploads\/2024\/09\/Tullibardine-The-Murray-vorne-scaled.jpg","width":2560,"height":2560},{"@type":"BreadcrumbList","@id":"https:\/\/www.dramfolks-whisky-auction.com\/en\/product\/tullibardine-2008-2022-the-murray-the-marquess-collection\/#breadcrumb","itemListElement":[{"@type":"ListItem","position":1,"name":"Startseite","item":"https:\/\/www.dramfolks-whisky-auction.com\/en\/"},{"@type":"ListItem","position":2,"name":"Shop","item":"https:\/\/www.dramfolks-whisky-auction.com\/en\/shop\/"},{"@type":"ListItem","position":3,"name":"Tullibardine &#8211; 2008\/2022 The Murray The Marquess Collection"}]},{"@type":"WebSite","@id":"https:\/\/www.dramfolks-whisky-auction.com\/en\/#website","url":"https:\/\/www.dramfolks-whisky-auction.com\/en\/","name":"Dramfolks Whisky Auction","description":"","potentialAction":[{"@type":"SearchAction","target":{"@type":"EntryPoint","urlTemplate":"https:\/\/www.dramfolks-whisky-auction.com\/en\/?s={search_term_string}"},"query-input":{"@type":"PropertyValueSpecification","valueRequired":true,"valueName":"search_term_string"}}],"inLanguage":"en-US"}]}},"_links":{"self":[{"href":"https:\/\/www.dramfolks-whisky-auction.com\/en\/wp-json\/wp\/v2\/product\/535391","targetHints":{"allow":["GET"]}}],"collection":[{"href":"https:\/\/www.dramfolks-whisky-auction.com\/en\/wp-json\/wp\/v2\/product"}],"about":[{"href":"https:\/\/www.dramfolks-whisky-auction.com\/en\/wp-json\/wp\/v2\/types\/product"}],"replies":[{"embeddable":true,"href":"https:\/\/www.dramfolks-whisky-auction.com\/en\/wp-json\/wp\/v2\/comments?post=535391"}],"wp:featuredmedia":[{"embeddable":true,"href":"https:\/\/www.dramfolks-whisky-auction.com\/en\/wp-json\/wp\/v2\/media\/536366"}],"wp:attachment":[{"href":"https:\/\/www.dramfolks-whisky-auction.com\/en\/wp-json\/wp\/v2\/media?parent=535391"}],"wp:term":[{"taxonomy":"product_brand","embeddable":true,"href":"https:\/\/www.dramfolks-whisky-auction.com\/en\/wp-json\/wp\/v2\/product_brand?post=535391"},{"taxonomy":"product_cat","embeddable":true,"href":"https:\/\/www.dramfolks-whisky-auction.com\/en\/wp-json\/wp\/v2\/product_cat?post=535391"},{"taxonomy":"product_tag","embeddable":true,"href":"https:\/\/www.dramfolks-whisky-auction.com\/en\/wp-json\/wp\/v2\/product_tag?post=535391"}],"curies":[{"name":"wp","href":"https:\/\/api.w.org\/{rel}","templated":true}]}}