{"id":535389,"date":"2024-09-26T19:34:52","date_gmt":"2024-09-26T17:34:52","guid":{"rendered":"https:\/\/www.dramfolks-whisky-auction.com\/?post_type=product&#038;p=535389"},"modified":"2024-10-13T19:00:21","modified_gmt":"2024-10-13T17:00:21","slug":"brennerei-ziegler-freud-whisky-distillers-cut","status":"publish","type":"product","link":"https:\/\/www.dramfolks-whisky-auction.com\/en\/product\/brennerei-ziegler-freud-whisky-distillers-cut\/","title":{"rendered":"Brennerei Ziegler &#8211; Freud Whisky Distillers Cut"},"content":{"rendered":"<p><strong>Destille: Brennerei Ziegler<br \/>\n<\/strong>Ziegler &#8211; Das Nonplusultra der deutschen Br\u00e4nde!<br \/>\nMildes, mediterranes Klima und langer Fr\u00fchling &#8211; ein St\u00fcck Italien in Deutschlands S\u00fcden. Inmitten der idyllischen Landschaft an der Mainschleife nahe Miltenberg wurde die Destillerie 1865 in Freudenberg am Main gegr\u00fcndet. Damals gab es wenige Destillerien, die legal brennen durften, doch Ziegler war eine davon. Durch ihr Brennrecht, hob sie sich schon damals von den illegalen Destillerien ab. Zwischen Sandsteinfelsen und Flusslauf eingebettet h\u00e4lt die Brennerei Ziegler ihre Traditionen in ihren Herzen und richtet ihren Blick in das Unbekannte. Noch heute liegt die Brennerei auf ihrem urspr\u00fcnglichen Gel\u00e4nde und immer noch feinste Handarbeit in die Herstellung ihrer Edeldestillate steckt. Die Einf\u00fchrung des Aureum, der erste Single Malt Whisky vom Untermain, im Jahr 2008 ist bis heute ein Meilenstein in der Geschichte. Mit ihren feinen Destillaten ist die Brennerei heute f\u00fchrend in ganz Deutschland.<\/p>\n<p><strong>Fun fact: <\/strong>EINE BRAUEREI MIT SONDERRECHT&#8230;<br \/>\nSchon der Start der Ziegler Geschichte beschreibt am besten ihre Geisteshaltung. Als ihr Gr\u00fcnder Gustav Joseph Ziegler sein Handwerk als Braumeister erlernt hatte, wurde ihm schnell klar, dass ihm das Brauen von Bier nicht reicht. Er nutzte ein altes Sonderrecht, das dem Hof der Eltern das Destillieren von Branntwein erlaubte. Mit Erfolg! Und mit der gleichen Perfektion, die er ans Brauen anlegte, wurden die Br\u00e4nde von Ziegler schnell \u00fcber die Grenzen des eigenen Dorfs bekannt. So ist es kein Wunder, dass Gustav Joseph Ziegler am Ende drei Meistertitel trug: Bierbrauermeister, Ku\u0308fermeister und Destillateurmeister.<\/p>\n<p><strong>Whisky\/Whiskey: Freud Whisky Distillers Cut<br \/>\n<\/strong>Freud Whisky \u2013 eine Hommage an Freudenberg, die stolze Heimat der legend\u00e4ren Brennerei. Unser erster Whisky, der Freud \u201dDistillers Cut\u201c reift im Kastanien- und Ex-Bourbonfass, bevor er in dem charakteristischen Ziegler Alte Zwetschge Fass zur Abrundung kommt. Ein komplexer Malt Whisky, der mit 41.5% vol. angenehm zug\u00e4nglich ist und sowohl pur als auch gemixt Anklang findet.<br \/>\nInsgesamt zeichnet sich der Whisky in der Sensorik durch &#8220;s\u00fc\u00dfe Zitrusnoten, florale Bl\u00fcten, dunkle Fruchtnoten, leichte rauchige Malzw\u00fcrze, Ankl\u00e4nge von ger\u00f6steten N\u00fcssen und kandierten \u00c4pfeln&#8221; aus.<\/p>\n<p><strong>Info Qualit\u00e4t der Flasche:<\/strong> Exzellent &#8211; ohne Besch\u00e4digungen \/ <strong>F\u00fcllstand:<\/strong> Top shoulder<br \/>\n<strong>Info Qualit\u00e4t der Box:<\/strong> keine Box vorhanden<\/p>\n<p><strong>Wichtiger Hinweis:<\/strong> Die Bewertung der Flaschen und Boxen erfolgt nach \u201ebesten Wissen und Gewissen\u201c. dramfolks kann keine Gew\u00e4hrleistung f\u00fcr den Inhalt der Flaschen \u00fcbernehmen. Weitere Infos &amp; Hinweise finden Sie in unseren AGBs. Wir empfehlen Ihnen, vor der Abgabe von Geboten \u00fcber die Zoomfunktion eine Besichtigung \/ genaue Pr\u00fcfung des angebotenen Whiskys vorzunehmen. Bitte kontaktieren sie uns bei Fragen direkt unter info@dramfolks.com<\/p>\n","protected":false},"excerpt":{"rendered":"<p>Destille: Brennerei Ziegler Ziegler &#8211; Das Nonplusultra der deutschen Br\u00e4nde! Mildes, mediterranes Klima und langer Fr\u00fchling &#8211; ein St\u00fcck Italien in Deutschlands S\u00fcden. Inmitten der idyllischen Landschaft an der Mainschleife nahe Miltenberg wurde die Destillerie 1865 in Freudenberg am Main gegr\u00fcndet. Damals gab es wenige Destillerien, die legal brennen durften, doch Ziegler war eine davon.[&#8230;]\n","protected":false},"featured_media":536360,"comment_status":"closed","ping_status":"closed","template":"","meta":[],"product_brand":[],"product_cat":[933],"product_tag":[],"class_list":{"0":"post-535389","1":"product","2":"type-product","3":"status-publish","4":"has-post-thumbnail","6":"product_cat-no-13","8":"first","9":"instock","10":"shipping-taxable","11":"purchasable","12":"product-type-auction"},"yoast_head":"<!-- This site is optimized with the Yoast SEO plugin v27.4 - https:\/\/yoast.com\/product\/yoast-seo-wordpress\/ -->\n<title>Brennerei Ziegler - Freud Whisky Distillers Cut - Dramfolks Whisky Auction<\/title>\n<meta name=\"robots\" content=\"index, follow, max-snippet:-1, max-image-preview:large, max-video-preview:-1\" \/>\n<link rel=\"canonical\" href=\"https:\/\/www.dramfolks-whisky-auction.com\/en\/product\/brennerei-ziegler-freud-whisky-distillers-cut\/\" \/>\n<meta property=\"og:locale\" content=\"en_US\" \/>\n<meta property=\"og:type\" content=\"article\" \/>\n<meta property=\"og:title\" content=\"Brennerei Ziegler - Freud Whisky Distillers Cut - Dramfolks Whisky Auction\" \/>\n<meta property=\"og:description\" content=\"Destille: Brennerei Ziegler Ziegler &#8211; Das Nonplusultra der deutschen Br\u00e4nde! Mildes, mediterranes Klima und langer Fr\u00fchling &#8211; ein St\u00fcck Italien in Deutschlands S\u00fcden. Inmitten der idyllischen Landschaft an der Mainschleife nahe Miltenberg wurde die Destillerie 1865 in Freudenberg am Main gegr\u00fcndet. Damals gab es wenige Destillerien, die legal brennen durften, doch Ziegler war eine davon.[...]\" \/>\n<meta property=\"og:url\" content=\"https:\/\/www.dramfolks-whisky-auction.com\/en\/product\/brennerei-ziegler-freud-whisky-distillers-cut\/\" \/>\n<meta property=\"og:site_name\" content=\"Dramfolks Whisky Auction\" \/>\n<meta property=\"article:modified_time\" content=\"2024-10-13T17:00:21+00:00\" \/>\n<meta property=\"og:image\" content=\"https:\/\/www.dramfolks-whisky-auction.com\/wp-content\/uploads\/2024\/09\/Freud-vorne-scaled.jpg\" \/>\n\t<meta property=\"og:image:width\" content=\"2560\" \/>\n\t<meta property=\"og:image:height\" content=\"2560\" \/>\n\t<meta property=\"og:image:type\" content=\"image\/jpeg\" \/>\n<meta name=\"twitter:card\" content=\"summary_large_image\" \/>\n<meta name=\"twitter:label1\" content=\"Est. reading time\" \/>\n\t<meta name=\"twitter:data1\" content=\"3 minutes\" \/>\n<script type=\"application\/ld+json\" class=\"yoast-schema-graph\">{\"@context\":\"https:\\\/\\\/schema.org\",\"@graph\":[{\"@type\":\"WebPage\",\"@id\":\"https:\\\/\\\/www.dramfolks-whisky-auction.com\\\/en\\\/product\\\/brennerei-ziegler-freud-whisky-distillers-cut\\\/\",\"url\":\"https:\\\/\\\/www.dramfolks-whisky-auction.com\\\/en\\\/product\\\/brennerei-ziegler-freud-whisky-distillers-cut\\\/\",\"name\":\"Brennerei Ziegler - Freud Whisky Distillers Cut - Dramfolks Whisky Auction\",\"isPartOf\":{\"@id\":\"https:\\\/\\\/www.dramfolks-whisky-auction.com\\\/en\\\/#website\"},\"primaryImageOfPage\":{\"@id\":\"https:\\\/\\\/www.dramfolks-whisky-auction.com\\\/en\\\/product\\\/brennerei-ziegler-freud-whisky-distillers-cut\\\/#primaryimage\"},\"image\":{\"@id\":\"https:\\\/\\\/www.dramfolks-whisky-auction.com\\\/en\\\/product\\\/brennerei-ziegler-freud-whisky-distillers-cut\\\/#primaryimage\"},\"thumbnailUrl\":\"https:\\\/\\\/www.dramfolks-whisky-auction.com\\\/wp-content\\\/uploads\\\/2024\\\/09\\\/Freud-vorne-scaled.jpg\",\"datePublished\":\"2024-09-26T17:34:52+00:00\",\"dateModified\":\"2024-10-13T17:00:21+00:00\",\"breadcrumb\":{\"@id\":\"https:\\\/\\\/www.dramfolks-whisky-auction.com\\\/en\\\/product\\\/brennerei-ziegler-freud-whisky-distillers-cut\\\/#breadcrumb\"},\"inLanguage\":\"en-US\",\"potentialAction\":[{\"@type\":\"ReadAction\",\"target\":[\"https:\\\/\\\/www.dramfolks-whisky-auction.com\\\/en\\\/product\\\/brennerei-ziegler-freud-whisky-distillers-cut\\\/\"]}]},{\"@type\":\"ImageObject\",\"inLanguage\":\"en-US\",\"@id\":\"https:\\\/\\\/www.dramfolks-whisky-auction.com\\\/en\\\/product\\\/brennerei-ziegler-freud-whisky-distillers-cut\\\/#primaryimage\",\"url\":\"https:\\\/\\\/www.dramfolks-whisky-auction.com\\\/wp-content\\\/uploads\\\/2024\\\/09\\\/Freud-vorne-scaled.jpg\",\"contentUrl\":\"https:\\\/\\\/www.dramfolks-whisky-auction.com\\\/wp-content\\\/uploads\\\/2024\\\/09\\\/Freud-vorne-scaled.jpg\",\"width\":2560,\"height\":2560},{\"@type\":\"BreadcrumbList\",\"@id\":\"https:\\\/\\\/www.dramfolks-whisky-auction.com\\\/en\\\/product\\\/brennerei-ziegler-freud-whisky-distillers-cut\\\/#breadcrumb\",\"itemListElement\":[{\"@type\":\"ListItem\",\"position\":1,\"name\":\"Startseite\",\"item\":\"https:\\\/\\\/www.dramfolks-whisky-auction.com\\\/en\\\/\"},{\"@type\":\"ListItem\",\"position\":2,\"name\":\"Shop\",\"item\":\"https:\\\/\\\/www.dramfolks-whisky-auction.com\\\/en\\\/shop\\\/\"},{\"@type\":\"ListItem\",\"position\":3,\"name\":\"Brennerei Ziegler &#8211; Freud Whisky Distillers Cut\"}]},{\"@type\":\"WebSite\",\"@id\":\"https:\\\/\\\/www.dramfolks-whisky-auction.com\\\/en\\\/#website\",\"url\":\"https:\\\/\\\/www.dramfolks-whisky-auction.com\\\/en\\\/\",\"name\":\"Dramfolks Whisky Auction\",\"description\":\"\",\"potentialAction\":[{\"@type\":\"SearchAction\",\"target\":{\"@type\":\"EntryPoint\",\"urlTemplate\":\"https:\\\/\\\/www.dramfolks-whisky-auction.com\\\/en\\\/?s={search_term_string}\"},\"query-input\":{\"@type\":\"PropertyValueSpecification\",\"valueRequired\":true,\"valueName\":\"search_term_string\"}}],\"inLanguage\":\"en-US\"}]}<\/script>\n<!-- \/ Yoast SEO plugin. -->","yoast_head_json":{"title":"Brennerei Ziegler - Freud Whisky Distillers Cut - Dramfolks Whisky Auction","robots":{"index":"index","follow":"follow","max-snippet":"max-snippet:-1","max-image-preview":"max-image-preview:large","max-video-preview":"max-video-preview:-1"},"canonical":"https:\/\/www.dramfolks-whisky-auction.com\/en\/product\/brennerei-ziegler-freud-whisky-distillers-cut\/","og_locale":"en_US","og_type":"article","og_title":"Brennerei Ziegler - Freud Whisky Distillers Cut - Dramfolks Whisky Auction","og_description":"Destille: Brennerei Ziegler Ziegler &#8211; Das Nonplusultra der deutschen Br\u00e4nde! Mildes, mediterranes Klima und langer Fr\u00fchling &#8211; ein St\u00fcck Italien in Deutschlands S\u00fcden. Inmitten der idyllischen Landschaft an der Mainschleife nahe Miltenberg wurde die Destillerie 1865 in Freudenberg am Main gegr\u00fcndet. Damals gab es wenige Destillerien, die legal brennen durften, doch Ziegler war eine davon.[...]","og_url":"https:\/\/www.dramfolks-whisky-auction.com\/en\/product\/brennerei-ziegler-freud-whisky-distillers-cut\/","og_site_name":"Dramfolks Whisky Auction","article_modified_time":"2024-10-13T17:00:21+00:00","og_image":[{"width":2560,"height":2560,"url":"https:\/\/www.dramfolks-whisky-auction.com\/wp-content\/uploads\/2024\/09\/Freud-vorne-scaled.jpg","type":"image\/jpeg"}],"twitter_card":"summary_large_image","twitter_misc":{"Est. reading time":"3 minutes"},"schema":{"@context":"https:\/\/schema.org","@graph":[{"@type":"WebPage","@id":"https:\/\/www.dramfolks-whisky-auction.com\/en\/product\/brennerei-ziegler-freud-whisky-distillers-cut\/","url":"https:\/\/www.dramfolks-whisky-auction.com\/en\/product\/brennerei-ziegler-freud-whisky-distillers-cut\/","name":"Brennerei Ziegler - Freud Whisky Distillers Cut - Dramfolks Whisky Auction","isPartOf":{"@id":"https:\/\/www.dramfolks-whisky-auction.com\/en\/#website"},"primaryImageOfPage":{"@id":"https:\/\/www.dramfolks-whisky-auction.com\/en\/product\/brennerei-ziegler-freud-whisky-distillers-cut\/#primaryimage"},"image":{"@id":"https:\/\/www.dramfolks-whisky-auction.com\/en\/product\/brennerei-ziegler-freud-whisky-distillers-cut\/#primaryimage"},"thumbnailUrl":"https:\/\/www.dramfolks-whisky-auction.com\/wp-content\/uploads\/2024\/09\/Freud-vorne-scaled.jpg","datePublished":"2024-09-26T17:34:52+00:00","dateModified":"2024-10-13T17:00:21+00:00","breadcrumb":{"@id":"https:\/\/www.dramfolks-whisky-auction.com\/en\/product\/brennerei-ziegler-freud-whisky-distillers-cut\/#breadcrumb"},"inLanguage":"en-US","potentialAction":[{"@type":"ReadAction","target":["https:\/\/www.dramfolks-whisky-auction.com\/en\/product\/brennerei-ziegler-freud-whisky-distillers-cut\/"]}]},{"@type":"ImageObject","inLanguage":"en-US","@id":"https:\/\/www.dramfolks-whisky-auction.com\/en\/product\/brennerei-ziegler-freud-whisky-distillers-cut\/#primaryimage","url":"https:\/\/www.dramfolks-whisky-auction.com\/wp-content\/uploads\/2024\/09\/Freud-vorne-scaled.jpg","contentUrl":"https:\/\/www.dramfolks-whisky-auction.com\/wp-content\/uploads\/2024\/09\/Freud-vorne-scaled.jpg","width":2560,"height":2560},{"@type":"BreadcrumbList","@id":"https:\/\/www.dramfolks-whisky-auction.com\/en\/product\/brennerei-ziegler-freud-whisky-distillers-cut\/#breadcrumb","itemListElement":[{"@type":"ListItem","position":1,"name":"Startseite","item":"https:\/\/www.dramfolks-whisky-auction.com\/en\/"},{"@type":"ListItem","position":2,"name":"Shop","item":"https:\/\/www.dramfolks-whisky-auction.com\/en\/shop\/"},{"@type":"ListItem","position":3,"name":"Brennerei Ziegler &#8211; Freud Whisky Distillers Cut"}]},{"@type":"WebSite","@id":"https:\/\/www.dramfolks-whisky-auction.com\/en\/#website","url":"https:\/\/www.dramfolks-whisky-auction.com\/en\/","name":"Dramfolks Whisky Auction","description":"","potentialAction":[{"@type":"SearchAction","target":{"@type":"EntryPoint","urlTemplate":"https:\/\/www.dramfolks-whisky-auction.com\/en\/?s={search_term_string}"},"query-input":{"@type":"PropertyValueSpecification","valueRequired":true,"valueName":"search_term_string"}}],"inLanguage":"en-US"}]}},"_links":{"self":[{"href":"https:\/\/www.dramfolks-whisky-auction.com\/en\/wp-json\/wp\/v2\/product\/535389","targetHints":{"allow":["GET"]}}],"collection":[{"href":"https:\/\/www.dramfolks-whisky-auction.com\/en\/wp-json\/wp\/v2\/product"}],"about":[{"href":"https:\/\/www.dramfolks-whisky-auction.com\/en\/wp-json\/wp\/v2\/types\/product"}],"replies":[{"embeddable":true,"href":"https:\/\/www.dramfolks-whisky-auction.com\/en\/wp-json\/wp\/v2\/comments?post=535389"}],"wp:featuredmedia":[{"embeddable":true,"href":"https:\/\/www.dramfolks-whisky-auction.com\/en\/wp-json\/wp\/v2\/media\/536360"}],"wp:attachment":[{"href":"https:\/\/www.dramfolks-whisky-auction.com\/en\/wp-json\/wp\/v2\/media?parent=535389"}],"wp:term":[{"taxonomy":"product_brand","embeddable":true,"href":"https:\/\/www.dramfolks-whisky-auction.com\/en\/wp-json\/wp\/v2\/product_brand?post=535389"},{"taxonomy":"product_cat","embeddable":true,"href":"https:\/\/www.dramfolks-whisky-auction.com\/en\/wp-json\/wp\/v2\/product_cat?post=535389"},{"taxonomy":"product_tag","embeddable":true,"href":"https:\/\/www.dramfolks-whisky-auction.com\/en\/wp-json\/wp\/v2\/product_tag?post=535389"}],"curies":[{"name":"wp","href":"https:\/\/api.w.org\/{rel}","templated":true}]}}