{"id":535377,"date":"2024-09-26T18:59:41","date_gmt":"2024-09-26T16:59:41","guid":{"rendered":"https:\/\/www.dramfolks-whisky-auction.com\/?post_type=product&#038;p=535377"},"modified":"2024-09-26T19:00:36","modified_gmt":"2024-09-26T17:00:36","slug":"glendalough-mizunara-cask-7-yo-5","status":"publish","type":"product","link":"https:\/\/www.dramfolks-whisky-auction.com\/en\/product\/glendalough-mizunara-cask-7-yo-5\/","title":{"rendered":"Glendalough &#8211; Mizunara Cask 7 yo"},"content":{"rendered":"<p><strong>Destille: Glendalough<br \/>\n<\/strong>Glendalough hei\u00dft auf G\u00e4lisch \u2018Tal der zwei Seen\u2018. Das Tal wird auch Garten Irlands genannt und liegt in den Wicklow Mountains s\u00fcdlich von Dublin. Hier gr\u00fcndeten f\u00fcnf Freunde die erste Craft Brennerei Irlands. Glendalough ist auch f\u00fcr seine Klostersiedlung aus dem 6. Jahrhundert bekannt. Diese wurde von dem M\u00f6nch St. Kevin gegr\u00fcndet, dessen Geschichte und Sagen auch die <span class=\"tx-datamintslossaryextension-no-replacement\">Brennerei<\/span> Gr\u00fcnder inspirierte und dessen Gestalt daher die Flaschen von Glendalough ziert.<\/p>\n<p><strong>Fun Fakt:<\/strong> Die Geschichte von Glendalough geht zur\u00fcck bis ins Jahr 518. Zu dieser Zeit zog sich der Heilige St. Kevin in die irische Wildnis zur\u00fcck, wo er sieben Jahre lebte. Der Legende nach stand er f\u00fcr 13 Tage und 13 N\u00e4chte im Wasser mit Amsel-Eiern in seinen H\u00e4nden bis die K\u00fcken schl\u00fcpften. Weitere 13 Tage harrte er dort aus, bis sie fl\u00fcgge wurden.<\/p>\n<p><strong>Whisky\/Whiskey: Mizunara Cask 7 yo<\/strong><br \/>\nDiese Abf\u00fcllung des irischen Whiskeys reifte zur Hauptreifung f\u00fcr 7 Jahre in ehemaligen amerikanischen Eichen- und Bourbonf\u00e4ssern und anschlie\u00dfend folgte ein Finish f\u00fcr 6 bis 12 Monate in ausgebrannten japanischen Mizunara-Wei\u00dfeiche F\u00e4ssern. Diese F\u00e4sser geben dem Whiskey Noten von dunkler Schokolade, Sandelholz und Zimt. Mizunara Eiche ist sehr rar und kostet mehr als das Zehnfache eines durchschnittlichen Fasses. \u201eMizunara\u201c bedeutet Wassereiche; aufgrund ihrer Feuchtigkeit dauert es drei Jahre, das Holz zu trocknen. Danach ist es sehr schwer zu bearbeiten und so por\u00f6s, dass die F\u00e4sser daraus undichter sind als andere. Doch genau hierin liegt die Kraft dieses Holzes. Ein gr\u00f6\u00dferer Anteil Whiskey gelangt tiefer in das Holz und entnimmt ihm seine wunderbar exotischen Aromen. Mizunara ist daher die vielleicht begehrteste Eiche der Whiskey-Welt.<\/p>\n<p><strong>Info Qualit\u00e4t der Flasche:<\/strong> Exzellent ohne Besch\u00e4digungen \/ <strong>F\u00fcllstand:<\/strong> Into neck<br \/>\n<strong>Info Qualit\u00e4t der Box:<\/strong> Leichte Besch\u00e4digung auf der R\u00fcckseite beim Klebeetikett<\/p>\n<p><strong>Wichtiger Hinweis:<\/strong> Die Bewertung der Flaschen und Boxen erfolgt nach \u201ebesten Wissen und Gewissen\u201c. dramfolks kann keine Gew\u00e4hrleistung f\u00fcr den Inhalt der Flaschen \u00fcbernehmen. Weitere Infos &amp; Hinweise finden Sie in unseren AGBs. Wir empfehlen Ihnen, vor der Abgabe von Geboten \u00fcber die Zoomfunktion eine Besichtigung \/ genaue Pr\u00fcfung des angebotenen Whiskys vorzunehmen. Bitte kontaktieren sie uns bei Fragen direkt unter info@dramfolks.com<\/p>\n","protected":false},"excerpt":{"rendered":"<p>Destille: Glendalough Glendalough hei\u00dft auf G\u00e4lisch \u2018Tal der zwei Seen\u2018. Das Tal wird auch Garten Irlands genannt und liegt in den Wicklow Mountains s\u00fcdlich von Dublin. Hier gr\u00fcndeten f\u00fcnf Freunde die erste Craft Brennerei Irlands. Glendalough ist auch f\u00fcr seine Klostersiedlung aus dem 6. Jahrhundert bekannt. Diese wurde von dem M\u00f6nch St. Kevin gegr\u00fcndet, dessen[&#8230;]\n","protected":false},"featured_media":5028,"comment_status":"closed","ping_status":"closed","template":"","meta":[],"product_brand":[],"product_cat":[933],"product_tag":[],"class_list":{"0":"post-535377","1":"product","2":"type-product","3":"status-publish","4":"has-post-thumbnail","6":"product_cat-no-13","8":"first","9":"instock","10":"shipping-taxable","11":"purchasable","12":"product-type-auction"},"yoast_head":"<!-- This site is optimized with the Yoast SEO plugin v27.0 - https:\/\/yoast.com\/product\/yoast-seo-wordpress\/ -->\n<title>Glendalough - Mizunara Cask 7 yo - Dramfolks Whisky Auction<\/title>\n<meta name=\"robots\" content=\"index, follow, max-snippet:-1, max-image-preview:large, max-video-preview:-1\" \/>\n<link rel=\"canonical\" href=\"https:\/\/www.dramfolks-whisky-auction.com\/en\/product\/glendalough-mizunara-cask-7-yo-5\/\" \/>\n<meta property=\"og:locale\" content=\"en_US\" \/>\n<meta property=\"og:type\" content=\"article\" \/>\n<meta property=\"og:title\" content=\"Glendalough - Mizunara Cask 7 yo - Dramfolks Whisky Auction\" \/>\n<meta property=\"og:description\" content=\"Destille: Glendalough Glendalough hei\u00dft auf G\u00e4lisch \u2018Tal der zwei Seen\u2018. Das Tal wird auch Garten Irlands genannt und liegt in den Wicklow Mountains s\u00fcdlich von Dublin. Hier gr\u00fcndeten f\u00fcnf Freunde die erste Craft Brennerei Irlands. Glendalough ist auch f\u00fcr seine Klostersiedlung aus dem 6. Jahrhundert bekannt. Diese wurde von dem M\u00f6nch St. Kevin gegr\u00fcndet, dessen[...]\" \/>\n<meta property=\"og:url\" content=\"https:\/\/www.dramfolks-whisky-auction.com\/en\/product\/glendalough-mizunara-cask-7-yo-5\/\" \/>\n<meta property=\"og:site_name\" content=\"Dramfolks Whisky Auction\" \/>\n<meta property=\"article:modified_time\" content=\"2024-09-26T17:00:36+00:00\" \/>\n<meta property=\"og:image\" content=\"https:\/\/www.dramfolks-whisky-auction.com\/wp-content\/uploads\/2023\/12\/Glendalough-Mizunara-vorne-scaled.jpg\" \/>\n\t<meta property=\"og:image:width\" content=\"2560\" \/>\n\t<meta property=\"og:image:height\" content=\"2049\" \/>\n\t<meta property=\"og:image:type\" content=\"image\/jpeg\" \/>\n<meta name=\"twitter:card\" content=\"summary_large_image\" \/>\n<meta name=\"twitter:label1\" content=\"Est. reading time\" \/>\n\t<meta name=\"twitter:data1\" content=\"3 minutes\" \/>\n<script type=\"application\/ld+json\" class=\"yoast-schema-graph\">{\"@context\":\"https:\/\/schema.org\",\"@graph\":[{\"@type\":\"WebPage\",\"@id\":\"https:\/\/www.dramfolks-whisky-auction.com\/en\/product\/glendalough-mizunara-cask-7-yo-5\/\",\"url\":\"https:\/\/www.dramfolks-whisky-auction.com\/en\/product\/glendalough-mizunara-cask-7-yo-5\/\",\"name\":\"Glendalough - Mizunara Cask 7 yo - Dramfolks Whisky Auction\",\"isPartOf\":{\"@id\":\"https:\/\/www.dramfolks-whisky-auction.com\/en\/#website\"},\"primaryImageOfPage\":{\"@id\":\"https:\/\/www.dramfolks-whisky-auction.com\/en\/product\/glendalough-mizunara-cask-7-yo-5\/#primaryimage\"},\"image\":{\"@id\":\"https:\/\/www.dramfolks-whisky-auction.com\/en\/product\/glendalough-mizunara-cask-7-yo-5\/#primaryimage\"},\"thumbnailUrl\":\"https:\/\/www.dramfolks-whisky-auction.com\/wp-content\/uploads\/2023\/12\/Glendalough-Mizunara-vorne-scaled.jpg\",\"datePublished\":\"2024-09-26T16:59:41+00:00\",\"dateModified\":\"2024-09-26T17:00:36+00:00\",\"breadcrumb\":{\"@id\":\"https:\/\/www.dramfolks-whisky-auction.com\/en\/product\/glendalough-mizunara-cask-7-yo-5\/#breadcrumb\"},\"inLanguage\":\"en-US\",\"potentialAction\":[{\"@type\":\"ReadAction\",\"target\":[\"https:\/\/www.dramfolks-whisky-auction.com\/en\/product\/glendalough-mizunara-cask-7-yo-5\/\"]}]},{\"@type\":\"ImageObject\",\"inLanguage\":\"en-US\",\"@id\":\"https:\/\/www.dramfolks-whisky-auction.com\/en\/product\/glendalough-mizunara-cask-7-yo-5\/#primaryimage\",\"url\":\"https:\/\/www.dramfolks-whisky-auction.com\/wp-content\/uploads\/2023\/12\/Glendalough-Mizunara-vorne-scaled.jpg\",\"contentUrl\":\"https:\/\/www.dramfolks-whisky-auction.com\/wp-content\/uploads\/2023\/12\/Glendalough-Mizunara-vorne-scaled.jpg\",\"width\":2560,\"height\":2049},{\"@type\":\"BreadcrumbList\",\"@id\":\"https:\/\/www.dramfolks-whisky-auction.com\/en\/product\/glendalough-mizunara-cask-7-yo-5\/#breadcrumb\",\"itemListElement\":[{\"@type\":\"ListItem\",\"position\":1,\"name\":\"Startseite\",\"item\":\"https:\/\/www.dramfolks-whisky-auction.com\/en\/\"},{\"@type\":\"ListItem\",\"position\":2,\"name\":\"Shop\",\"item\":\"https:\/\/www.dramfolks-whisky-auction.com\/en\/shop\/\"},{\"@type\":\"ListItem\",\"position\":3,\"name\":\"Glendalough &#8211; Mizunara Cask 7 yo\"}]},{\"@type\":\"WebSite\",\"@id\":\"https:\/\/www.dramfolks-whisky-auction.com\/en\/#website\",\"url\":\"https:\/\/www.dramfolks-whisky-auction.com\/en\/\",\"name\":\"Dramfolks Whisky Auction\",\"description\":\"\",\"potentialAction\":[{\"@type\":\"SearchAction\",\"target\":{\"@type\":\"EntryPoint\",\"urlTemplate\":\"https:\/\/www.dramfolks-whisky-auction.com\/en\/?s={search_term_string}\"},\"query-input\":{\"@type\":\"PropertyValueSpecification\",\"valueRequired\":true,\"valueName\":\"search_term_string\"}}],\"inLanguage\":\"en-US\"}]}<\/script>\n<!-- \/ Yoast SEO plugin. -->","yoast_head_json":{"title":"Glendalough - Mizunara Cask 7 yo - Dramfolks Whisky Auction","robots":{"index":"index","follow":"follow","max-snippet":"max-snippet:-1","max-image-preview":"max-image-preview:large","max-video-preview":"max-video-preview:-1"},"canonical":"https:\/\/www.dramfolks-whisky-auction.com\/en\/product\/glendalough-mizunara-cask-7-yo-5\/","og_locale":"en_US","og_type":"article","og_title":"Glendalough - Mizunara Cask 7 yo - Dramfolks Whisky Auction","og_description":"Destille: Glendalough Glendalough hei\u00dft auf G\u00e4lisch \u2018Tal der zwei Seen\u2018. Das Tal wird auch Garten Irlands genannt und liegt in den Wicklow Mountains s\u00fcdlich von Dublin. Hier gr\u00fcndeten f\u00fcnf Freunde die erste Craft Brennerei Irlands. Glendalough ist auch f\u00fcr seine Klostersiedlung aus dem 6. Jahrhundert bekannt. Diese wurde von dem M\u00f6nch St. Kevin gegr\u00fcndet, dessen[...]","og_url":"https:\/\/www.dramfolks-whisky-auction.com\/en\/product\/glendalough-mizunara-cask-7-yo-5\/","og_site_name":"Dramfolks Whisky Auction","article_modified_time":"2024-09-26T17:00:36+00:00","og_image":[{"width":2560,"height":2049,"url":"https:\/\/www.dramfolks-whisky-auction.com\/wp-content\/uploads\/2023\/12\/Glendalough-Mizunara-vorne-scaled.jpg","type":"image\/jpeg"}],"twitter_card":"summary_large_image","twitter_misc":{"Est. reading time":"3 minutes"},"schema":{"@context":"https:\/\/schema.org","@graph":[{"@type":"WebPage","@id":"https:\/\/www.dramfolks-whisky-auction.com\/en\/product\/glendalough-mizunara-cask-7-yo-5\/","url":"https:\/\/www.dramfolks-whisky-auction.com\/en\/product\/glendalough-mizunara-cask-7-yo-5\/","name":"Glendalough - Mizunara Cask 7 yo - Dramfolks Whisky Auction","isPartOf":{"@id":"https:\/\/www.dramfolks-whisky-auction.com\/en\/#website"},"primaryImageOfPage":{"@id":"https:\/\/www.dramfolks-whisky-auction.com\/en\/product\/glendalough-mizunara-cask-7-yo-5\/#primaryimage"},"image":{"@id":"https:\/\/www.dramfolks-whisky-auction.com\/en\/product\/glendalough-mizunara-cask-7-yo-5\/#primaryimage"},"thumbnailUrl":"https:\/\/www.dramfolks-whisky-auction.com\/wp-content\/uploads\/2023\/12\/Glendalough-Mizunara-vorne-scaled.jpg","datePublished":"2024-09-26T16:59:41+00:00","dateModified":"2024-09-26T17:00:36+00:00","breadcrumb":{"@id":"https:\/\/www.dramfolks-whisky-auction.com\/en\/product\/glendalough-mizunara-cask-7-yo-5\/#breadcrumb"},"inLanguage":"en-US","potentialAction":[{"@type":"ReadAction","target":["https:\/\/www.dramfolks-whisky-auction.com\/en\/product\/glendalough-mizunara-cask-7-yo-5\/"]}]},{"@type":"ImageObject","inLanguage":"en-US","@id":"https:\/\/www.dramfolks-whisky-auction.com\/en\/product\/glendalough-mizunara-cask-7-yo-5\/#primaryimage","url":"https:\/\/www.dramfolks-whisky-auction.com\/wp-content\/uploads\/2023\/12\/Glendalough-Mizunara-vorne-scaled.jpg","contentUrl":"https:\/\/www.dramfolks-whisky-auction.com\/wp-content\/uploads\/2023\/12\/Glendalough-Mizunara-vorne-scaled.jpg","width":2560,"height":2049},{"@type":"BreadcrumbList","@id":"https:\/\/www.dramfolks-whisky-auction.com\/en\/product\/glendalough-mizunara-cask-7-yo-5\/#breadcrumb","itemListElement":[{"@type":"ListItem","position":1,"name":"Startseite","item":"https:\/\/www.dramfolks-whisky-auction.com\/en\/"},{"@type":"ListItem","position":2,"name":"Shop","item":"https:\/\/www.dramfolks-whisky-auction.com\/en\/shop\/"},{"@type":"ListItem","position":3,"name":"Glendalough &#8211; Mizunara Cask 7 yo"}]},{"@type":"WebSite","@id":"https:\/\/www.dramfolks-whisky-auction.com\/en\/#website","url":"https:\/\/www.dramfolks-whisky-auction.com\/en\/","name":"Dramfolks Whisky Auction","description":"","potentialAction":[{"@type":"SearchAction","target":{"@type":"EntryPoint","urlTemplate":"https:\/\/www.dramfolks-whisky-auction.com\/en\/?s={search_term_string}"},"query-input":{"@type":"PropertyValueSpecification","valueRequired":true,"valueName":"search_term_string"}}],"inLanguage":"en-US"}]}},"_links":{"self":[{"href":"https:\/\/www.dramfolks-whisky-auction.com\/en\/wp-json\/wp\/v2\/product\/535377","targetHints":{"allow":["GET"]}}],"collection":[{"href":"https:\/\/www.dramfolks-whisky-auction.com\/en\/wp-json\/wp\/v2\/product"}],"about":[{"href":"https:\/\/www.dramfolks-whisky-auction.com\/en\/wp-json\/wp\/v2\/types\/product"}],"replies":[{"embeddable":true,"href":"https:\/\/www.dramfolks-whisky-auction.com\/en\/wp-json\/wp\/v2\/comments?post=535377"}],"wp:featuredmedia":[{"embeddable":true,"href":"https:\/\/www.dramfolks-whisky-auction.com\/en\/wp-json\/wp\/v2\/media\/5028"}],"wp:attachment":[{"href":"https:\/\/www.dramfolks-whisky-auction.com\/en\/wp-json\/wp\/v2\/media?parent=535377"}],"wp:term":[{"taxonomy":"product_brand","embeddable":true,"href":"https:\/\/www.dramfolks-whisky-auction.com\/en\/wp-json\/wp\/v2\/product_brand?post=535377"},{"taxonomy":"product_cat","embeddable":true,"href":"https:\/\/www.dramfolks-whisky-auction.com\/en\/wp-json\/wp\/v2\/product_cat?post=535377"},{"taxonomy":"product_tag","embeddable":true,"href":"https:\/\/www.dramfolks-whisky-auction.com\/en\/wp-json\/wp\/v2\/product_tag?post=535377"}],"curies":[{"name":"wp","href":"https:\/\/api.w.org\/{rel}","templated":true}]}}