{"id":535375,"date":"2024-09-26T18:55:48","date_gmt":"2024-09-26T16:55:48","guid":{"rendered":"https:\/\/www.dramfolks-whisky-auction.com\/?post_type=product&#038;p=535375"},"modified":"2024-10-13T19:45:11","modified_gmt":"2024-10-13T17:45:11","slug":"mortlach-game-of-thrones-six-kingdoms-15yo-5","status":"publish","type":"product","link":"https:\/\/www.dramfolks-whisky-auction.com\/en\/product\/mortlach-game-of-thrones-six-kingdoms-15yo-5\/","title":{"rendered":"Mortlach &#8211; Game of Thrones Six Kingdoms 15yo"},"content":{"rendered":"<p><strong>Destille: Mortlach<br \/>\n<\/strong>Mortlach ist die \u00e4lteste legale Whiskybrennerei in Dufftown, Banffshire, Schottland. Gegr\u00fcndet wurde die Brennerei 1823 durch James Findlater, Donald Mackintosh und Alexander Gordon. Urspr\u00fcnglich firmierte die Brennerei unter dem Namen Dufftown Distillery und geh\u00f6rte eine Zeit lang John und James Grant von Glen Grant, sp\u00e4ter dann George Cowie, bevor sie \u00fcber die Distillers Company Ltd. (DCL) und die United Distillers (UD) schlie\u00dflich zu Diageo kam, in deren Besitz sie heute noch ist. Bei Mortlach wird der Whisky als 2,81-fach destilliert bezeichnet, weil er anf\u00e4nglich 3-fach destilliert wird um dann in einem anschlie\u00dfenden, individuellen Verfahren zu einem Single Malt heranzureifen. J\u00e4hrliche Produktionskapazit\u00e4t: ca. 3,7 Mio. Liter.<\/p>\n<p><strong>Fun fact 1: <\/strong>Kriegerischer Whisky&#8230; Der Name Mortlach wird unterschiedlich gedeutet, neben den \u00dcbersetzungen \u201egro\u00dfer gr\u00fcner H\u00fcgel\u201c oder \u201esch\u00fcsself\u00f6rmiges Tal\u201c wird er manchmal als \u201eMassaker an den Wildg\u00e4nsen\u201c \u00fcbersetzt, wobei mit \u201eWildg\u00e4nsen\u201c das d\u00e4nische Heer gemeint ist, welches vom schottischen K\u00f6nig Malcolm II. im Jahr 1010 in der Gegend um Dufftown geschlagen wurde.<br \/>\n<strong>Fun fact 2:<\/strong> Ber\u00fchmtheiten ausgebildet&#8230; Der ber\u00fchmteste Lehrling der Destille war William Grant, der sp\u00e4tere Gr\u00fcnder von Glenfiddich.<\/p>\n<p><strong>Whisky\/Whiskey: Game of Thrones Six Kingdoms 15yo<br \/>\n<\/strong>Acht Sondereditionen zu Ehren der TV-Serie &#8220;Game of Thrones&#8221; gibt es vom britischen Spirituosenkonzern Diageo schon zu bewundern. Zur letzten Staffel der Serie wurden sieben Brennereien aus Schottland ausgesucht, deren Destillate jeweils vom Charakter her zu einem der sieben K\u00f6nigslande aus der Fantasiewelt Westeros passten. Das Finale der Serie brachte so einige \u00dcberraschungen mit sich, darunter die Zusammenlegung zu nur sechs H\u00e4usern bzw. K\u00f6nigslanden. Diese erhalten mit dem GoT Six Kingdoms Whisky Mortlach 15yo einen Tribut.<\/p>\n<p>Es ist ein sorgsam ausgew\u00e4hlter Single Malt, der sich von der Masse abhebt, weil er erst jahrelang in spanischen Sherryf\u00e4ssern reifte, bevor man ihn f\u00fcr eine kurze Nachlagerung in amerikanische Bourbonf\u00e4sser umf\u00fcllte. Normalerweise ist das bei Double Matured Whisky umgekehrt und es kommt ein Sherry-Finishing zum Tragen. Hinzu kommt, dass der limitierte Premium-Whisky nicht zweimal oder dreimal, sondern exakt 2,81 Male destilliert wurde.<\/p>\n<p><strong>Info Qualit\u00e4t der Flasche:<\/strong> Exzellent &#8211; ohne Besch\u00e4digungen\/ <strong>F\u00fcllstand:<\/strong> Into neck<br \/>\n<strong>Info Qualit\u00e4t der Box:<\/strong> Exzellent &#8211; ohne Besch\u00e4digungen<\/p>\n<p><strong>Wichtiger Hinweis:<\/strong> Die Bewertung der Flaschen und Boxen erfolgt nach \u201ebesten Wissen und Gewissen\u201c. dramfolks kann keine Gew\u00e4hrleistung f\u00fcr den Inhalt der Flaschen \u00fcbernehmen. Weitere Infos &amp; Hinweise finden Sie in unseren AGBs. Wir empfehlen Ihnen, vor der Abgabe von Geboten \u00fcber die Zoomfunktion eine Besichtigung \/ genaue Pr\u00fcfung des angebotenen Whiskys vorzunehmen. Bitte kontaktieren sie uns bei Fragen direkt unter info@dramfolks.com<\/p>\n","protected":false},"excerpt":{"rendered":"<p>Destille: Mortlach Mortlach ist die \u00e4lteste legale Whiskybrennerei in Dufftown, Banffshire, Schottland. Gegr\u00fcndet wurde die Brennerei 1823 durch James Findlater, Donald Mackintosh und Alexander Gordon. Urspr\u00fcnglich firmierte die Brennerei unter dem Namen Dufftown Distillery und geh\u00f6rte eine Zeit lang John und James Grant von Glen Grant, sp\u00e4ter dann George Cowie, bevor sie \u00fcber die Distillers[&#8230;]\n","protected":false},"featured_media":6534,"comment_status":"closed","ping_status":"closed","template":"","meta":[],"product_brand":[],"product_cat":[933],"product_tag":[],"class_list":{"0":"post-535375","1":"product","2":"type-product","3":"status-publish","4":"has-post-thumbnail","6":"product_cat-no-13","8":"first","9":"instock","10":"shipping-taxable","11":"purchasable","12":"product-type-auction"},"yoast_head":"<!-- This site is optimized with the Yoast SEO plugin v27.4 - https:\/\/yoast.com\/product\/yoast-seo-wordpress\/ -->\n<title>Mortlach - Game of Thrones Six Kingdoms 15yo - Dramfolks Whisky Auction<\/title>\n<meta name=\"robots\" content=\"index, follow, max-snippet:-1, max-image-preview:large, max-video-preview:-1\" \/>\n<link rel=\"canonical\" href=\"https:\/\/www.dramfolks-whisky-auction.com\/en\/product\/mortlach-game-of-thrones-six-kingdoms-15yo-5\/\" \/>\n<meta property=\"og:locale\" content=\"en_US\" \/>\n<meta property=\"og:type\" content=\"article\" \/>\n<meta property=\"og:title\" content=\"Mortlach - Game of Thrones Six Kingdoms 15yo - Dramfolks Whisky Auction\" \/>\n<meta property=\"og:description\" content=\"Destille: Mortlach Mortlach ist die \u00e4lteste legale Whiskybrennerei in Dufftown, Banffshire, Schottland. Gegr\u00fcndet wurde die Brennerei 1823 durch James Findlater, Donald Mackintosh und Alexander Gordon. Urspr\u00fcnglich firmierte die Brennerei unter dem Namen Dufftown Distillery und geh\u00f6rte eine Zeit lang John und James Grant von Glen Grant, sp\u00e4ter dann George Cowie, bevor sie \u00fcber die Distillers[...]\" \/>\n<meta property=\"og:url\" content=\"https:\/\/www.dramfolks-whisky-auction.com\/en\/product\/mortlach-game-of-thrones-six-kingdoms-15yo-5\/\" \/>\n<meta property=\"og:site_name\" content=\"Dramfolks Whisky Auction\" \/>\n<meta property=\"article:modified_time\" content=\"2024-10-13T17:45:11+00:00\" \/>\n<meta property=\"og:image\" content=\"https:\/\/www.dramfolks-whisky-auction.com\/wp-content\/uploads\/2024\/04\/Mortlach-G.o.T.-13yo-vorne-scaled.jpg\" \/>\n\t<meta property=\"og:image:width\" content=\"2560\" \/>\n\t<meta property=\"og:image:height\" content=\"2560\" \/>\n\t<meta property=\"og:image:type\" content=\"image\/jpeg\" \/>\n<meta name=\"twitter:card\" content=\"summary_large_image\" \/>\n<meta name=\"twitter:label1\" content=\"Est. reading time\" \/>\n\t<meta name=\"twitter:data1\" content=\"3 minutes\" \/>\n<script type=\"application\/ld+json\" class=\"yoast-schema-graph\">{\"@context\":\"https:\\\/\\\/schema.org\",\"@graph\":[{\"@type\":\"WebPage\",\"@id\":\"https:\\\/\\\/www.dramfolks-whisky-auction.com\\\/en\\\/product\\\/mortlach-game-of-thrones-six-kingdoms-15yo-5\\\/\",\"url\":\"https:\\\/\\\/www.dramfolks-whisky-auction.com\\\/en\\\/product\\\/mortlach-game-of-thrones-six-kingdoms-15yo-5\\\/\",\"name\":\"Mortlach - Game of Thrones Six Kingdoms 15yo - Dramfolks Whisky Auction\",\"isPartOf\":{\"@id\":\"https:\\\/\\\/www.dramfolks-whisky-auction.com\\\/en\\\/#website\"},\"primaryImageOfPage\":{\"@id\":\"https:\\\/\\\/www.dramfolks-whisky-auction.com\\\/en\\\/product\\\/mortlach-game-of-thrones-six-kingdoms-15yo-5\\\/#primaryimage\"},\"image\":{\"@id\":\"https:\\\/\\\/www.dramfolks-whisky-auction.com\\\/en\\\/product\\\/mortlach-game-of-thrones-six-kingdoms-15yo-5\\\/#primaryimage\"},\"thumbnailUrl\":\"https:\\\/\\\/www.dramfolks-whisky-auction.com\\\/wp-content\\\/uploads\\\/2024\\\/04\\\/Mortlach-G.o.T.-13yo-vorne-scaled.jpg\",\"datePublished\":\"2024-09-26T16:55:48+00:00\",\"dateModified\":\"2024-10-13T17:45:11+00:00\",\"breadcrumb\":{\"@id\":\"https:\\\/\\\/www.dramfolks-whisky-auction.com\\\/en\\\/product\\\/mortlach-game-of-thrones-six-kingdoms-15yo-5\\\/#breadcrumb\"},\"inLanguage\":\"en-US\",\"potentialAction\":[{\"@type\":\"ReadAction\",\"target\":[\"https:\\\/\\\/www.dramfolks-whisky-auction.com\\\/en\\\/product\\\/mortlach-game-of-thrones-six-kingdoms-15yo-5\\\/\"]}]},{\"@type\":\"ImageObject\",\"inLanguage\":\"en-US\",\"@id\":\"https:\\\/\\\/www.dramfolks-whisky-auction.com\\\/en\\\/product\\\/mortlach-game-of-thrones-six-kingdoms-15yo-5\\\/#primaryimage\",\"url\":\"https:\\\/\\\/www.dramfolks-whisky-auction.com\\\/wp-content\\\/uploads\\\/2024\\\/04\\\/Mortlach-G.o.T.-13yo-vorne-scaled.jpg\",\"contentUrl\":\"https:\\\/\\\/www.dramfolks-whisky-auction.com\\\/wp-content\\\/uploads\\\/2024\\\/04\\\/Mortlach-G.o.T.-13yo-vorne-scaled.jpg\",\"width\":2560,\"height\":2560},{\"@type\":\"BreadcrumbList\",\"@id\":\"https:\\\/\\\/www.dramfolks-whisky-auction.com\\\/en\\\/product\\\/mortlach-game-of-thrones-six-kingdoms-15yo-5\\\/#breadcrumb\",\"itemListElement\":[{\"@type\":\"ListItem\",\"position\":1,\"name\":\"Startseite\",\"item\":\"https:\\\/\\\/www.dramfolks-whisky-auction.com\\\/en\\\/\"},{\"@type\":\"ListItem\",\"position\":2,\"name\":\"Shop\",\"item\":\"https:\\\/\\\/www.dramfolks-whisky-auction.com\\\/en\\\/shop\\\/\"},{\"@type\":\"ListItem\",\"position\":3,\"name\":\"Mortlach &#8211; Game of Thrones Six Kingdoms 15yo\"}]},{\"@type\":\"WebSite\",\"@id\":\"https:\\\/\\\/www.dramfolks-whisky-auction.com\\\/en\\\/#website\",\"url\":\"https:\\\/\\\/www.dramfolks-whisky-auction.com\\\/en\\\/\",\"name\":\"Dramfolks Whisky Auction\",\"description\":\"\",\"potentialAction\":[{\"@type\":\"SearchAction\",\"target\":{\"@type\":\"EntryPoint\",\"urlTemplate\":\"https:\\\/\\\/www.dramfolks-whisky-auction.com\\\/en\\\/?s={search_term_string}\"},\"query-input\":{\"@type\":\"PropertyValueSpecification\",\"valueRequired\":true,\"valueName\":\"search_term_string\"}}],\"inLanguage\":\"en-US\"}]}<\/script>\n<!-- \/ Yoast SEO plugin. -->","yoast_head_json":{"title":"Mortlach - Game of Thrones Six Kingdoms 15yo - Dramfolks Whisky Auction","robots":{"index":"index","follow":"follow","max-snippet":"max-snippet:-1","max-image-preview":"max-image-preview:large","max-video-preview":"max-video-preview:-1"},"canonical":"https:\/\/www.dramfolks-whisky-auction.com\/en\/product\/mortlach-game-of-thrones-six-kingdoms-15yo-5\/","og_locale":"en_US","og_type":"article","og_title":"Mortlach - Game of Thrones Six Kingdoms 15yo - Dramfolks Whisky Auction","og_description":"Destille: Mortlach Mortlach ist die \u00e4lteste legale Whiskybrennerei in Dufftown, Banffshire, Schottland. Gegr\u00fcndet wurde die Brennerei 1823 durch James Findlater, Donald Mackintosh und Alexander Gordon. Urspr\u00fcnglich firmierte die Brennerei unter dem Namen Dufftown Distillery und geh\u00f6rte eine Zeit lang John und James Grant von Glen Grant, sp\u00e4ter dann George Cowie, bevor sie \u00fcber die Distillers[...]","og_url":"https:\/\/www.dramfolks-whisky-auction.com\/en\/product\/mortlach-game-of-thrones-six-kingdoms-15yo-5\/","og_site_name":"Dramfolks Whisky Auction","article_modified_time":"2024-10-13T17:45:11+00:00","og_image":[{"width":2560,"height":2560,"url":"https:\/\/www.dramfolks-whisky-auction.com\/wp-content\/uploads\/2024\/04\/Mortlach-G.o.T.-13yo-vorne-scaled.jpg","type":"image\/jpeg"}],"twitter_card":"summary_large_image","twitter_misc":{"Est. reading time":"3 minutes"},"schema":{"@context":"https:\/\/schema.org","@graph":[{"@type":"WebPage","@id":"https:\/\/www.dramfolks-whisky-auction.com\/en\/product\/mortlach-game-of-thrones-six-kingdoms-15yo-5\/","url":"https:\/\/www.dramfolks-whisky-auction.com\/en\/product\/mortlach-game-of-thrones-six-kingdoms-15yo-5\/","name":"Mortlach - Game of Thrones Six Kingdoms 15yo - Dramfolks Whisky Auction","isPartOf":{"@id":"https:\/\/www.dramfolks-whisky-auction.com\/en\/#website"},"primaryImageOfPage":{"@id":"https:\/\/www.dramfolks-whisky-auction.com\/en\/product\/mortlach-game-of-thrones-six-kingdoms-15yo-5\/#primaryimage"},"image":{"@id":"https:\/\/www.dramfolks-whisky-auction.com\/en\/product\/mortlach-game-of-thrones-six-kingdoms-15yo-5\/#primaryimage"},"thumbnailUrl":"https:\/\/www.dramfolks-whisky-auction.com\/wp-content\/uploads\/2024\/04\/Mortlach-G.o.T.-13yo-vorne-scaled.jpg","datePublished":"2024-09-26T16:55:48+00:00","dateModified":"2024-10-13T17:45:11+00:00","breadcrumb":{"@id":"https:\/\/www.dramfolks-whisky-auction.com\/en\/product\/mortlach-game-of-thrones-six-kingdoms-15yo-5\/#breadcrumb"},"inLanguage":"en-US","potentialAction":[{"@type":"ReadAction","target":["https:\/\/www.dramfolks-whisky-auction.com\/en\/product\/mortlach-game-of-thrones-six-kingdoms-15yo-5\/"]}]},{"@type":"ImageObject","inLanguage":"en-US","@id":"https:\/\/www.dramfolks-whisky-auction.com\/en\/product\/mortlach-game-of-thrones-six-kingdoms-15yo-5\/#primaryimage","url":"https:\/\/www.dramfolks-whisky-auction.com\/wp-content\/uploads\/2024\/04\/Mortlach-G.o.T.-13yo-vorne-scaled.jpg","contentUrl":"https:\/\/www.dramfolks-whisky-auction.com\/wp-content\/uploads\/2024\/04\/Mortlach-G.o.T.-13yo-vorne-scaled.jpg","width":2560,"height":2560},{"@type":"BreadcrumbList","@id":"https:\/\/www.dramfolks-whisky-auction.com\/en\/product\/mortlach-game-of-thrones-six-kingdoms-15yo-5\/#breadcrumb","itemListElement":[{"@type":"ListItem","position":1,"name":"Startseite","item":"https:\/\/www.dramfolks-whisky-auction.com\/en\/"},{"@type":"ListItem","position":2,"name":"Shop","item":"https:\/\/www.dramfolks-whisky-auction.com\/en\/shop\/"},{"@type":"ListItem","position":3,"name":"Mortlach &#8211; Game of Thrones Six Kingdoms 15yo"}]},{"@type":"WebSite","@id":"https:\/\/www.dramfolks-whisky-auction.com\/en\/#website","url":"https:\/\/www.dramfolks-whisky-auction.com\/en\/","name":"Dramfolks Whisky Auction","description":"","potentialAction":[{"@type":"SearchAction","target":{"@type":"EntryPoint","urlTemplate":"https:\/\/www.dramfolks-whisky-auction.com\/en\/?s={search_term_string}"},"query-input":{"@type":"PropertyValueSpecification","valueRequired":true,"valueName":"search_term_string"}}],"inLanguage":"en-US"}]}},"_links":{"self":[{"href":"https:\/\/www.dramfolks-whisky-auction.com\/en\/wp-json\/wp\/v2\/product\/535375","targetHints":{"allow":["GET"]}}],"collection":[{"href":"https:\/\/www.dramfolks-whisky-auction.com\/en\/wp-json\/wp\/v2\/product"}],"about":[{"href":"https:\/\/www.dramfolks-whisky-auction.com\/en\/wp-json\/wp\/v2\/types\/product"}],"replies":[{"embeddable":true,"href":"https:\/\/www.dramfolks-whisky-auction.com\/en\/wp-json\/wp\/v2\/comments?post=535375"}],"wp:featuredmedia":[{"embeddable":true,"href":"https:\/\/www.dramfolks-whisky-auction.com\/en\/wp-json\/wp\/v2\/media\/6534"}],"wp:attachment":[{"href":"https:\/\/www.dramfolks-whisky-auction.com\/en\/wp-json\/wp\/v2\/media?parent=535375"}],"wp:term":[{"taxonomy":"product_brand","embeddable":true,"href":"https:\/\/www.dramfolks-whisky-auction.com\/en\/wp-json\/wp\/v2\/product_brand?post=535375"},{"taxonomy":"product_cat","embeddable":true,"href":"https:\/\/www.dramfolks-whisky-auction.com\/en\/wp-json\/wp\/v2\/product_cat?post=535375"},{"taxonomy":"product_tag","embeddable":true,"href":"https:\/\/www.dramfolks-whisky-auction.com\/en\/wp-json\/wp\/v2\/product_tag?post=535375"}],"curies":[{"name":"wp","href":"https:\/\/api.w.org\/{rel}","templated":true}]}}