{"id":5352923,"date":"2025-09-19T08:09:14","date_gmt":"2025-09-19T06:09:14","guid":{"rendered":"https:\/\/www.dramfolks-whisky-auction.com\/?post_type=product&#038;p=5352923"},"modified":"2025-10-05T19:00:11","modified_gmt":"2025-10-05T17:00:11","slug":"american-distilling-company-pennypacker-6yo-1970er-3","status":"publish","type":"product","link":"https:\/\/www.dramfolks-whisky-auction.com\/en\/product\/american-distilling-company-pennypacker-6yo-1970er-3\/","title":{"rendered":"American Distilling Company &#8211; PennyPacker \/ 6yo (1970er)"},"content":{"rendered":"<p><strong>Destille: American Distilling Company<br \/>\n<\/strong>Die American Distilling Company wurde 1892 an der Stelle einer \u00e4lteren Brennerei errichtet, die durch einen Brand zerst\u00f6rt worden war. Everett Woodruff Wilson, ein beliebter Lokalpolitiker und Mitbegr\u00fcnder der Deutsch-Amerikanischen Bank of Peoria, war einer der Gr\u00fcnder und der erste Pr\u00e4sident der Brennerei. Im Jahr 1908 \u00fcbernahm ADC ein Konglomerat aus drei anderen Brennereien und baute seine Produktion weiter aus. Die Brennerei blieb w\u00e4hrend der Prohibition ge\u00f6ffnet und verkaufte medizinische Whiskys unter dem Namen &#8220;American Commercial Alcohol Corporation&#8221;. Everett Wilson verkaufte die Brennerei am Ende der Prohibition. Ein New Yorker Vertriebsb\u00fcro und ein Team von Marketingagenten wurden mit der Wiederbelebung der Bourbon-Industrie beauftragt und f\u00fchrten eine neue Reihe von Marken auf den Markt ein. Heute befindet sich der ADC in den H\u00e4nden von MGP und produziert Alkohol in Industriequalit\u00e4t.<\/p>\n<p><strong>Fun Fakt:\u00a0 <\/strong>ADC hie\u00df vorher mal Hamburg Distillery&#8230; John Wilson hatte ein Interesse an der Herstellung von Whiskey. Ein Mann namens C.J.D. Rupert hatte 1861 im nahe gelegenen Pekin, Illinois, eine fr\u00fche Destillerie gegr\u00fcndet und sie die Hamburg Distillery genannt. Irgendwann in den 1870er Jahren kaufte John die Destillerie auf und wurde Pr\u00e4sident des Unternehmens. 1886 musste Wilson die Brennerei schlie\u00dfen. 1891 wurde die verfallene Hamburger Brennerei durch einen Brand zerst\u00f6rt. Ein Jahr sp\u00e4ter wurde auf dem Gel\u00e4nde in der 1301 S Front Street in Pekin, Illinois, die Anlage einer neuen Destillerie errichtet&#8230; der American Distillery Company!<\/p>\n<p><strong>Whisky\/Whiskey: PennyPacker \/ 6yo (1970er)<br \/>\n<\/strong>PennyPacker ist eine alte Bourbonmarke, die urspr\u00fcnglich von der American Distilling Company in Pekin, Illinois, hergestellt wurde. Die Marke wurde 1972 vom deutschen Importeur Borco-Marken gekauft, der sie zu einem der f\u00fchrenden Bourbons in Europa machte. Heute ist PennyPacker im Besitz von Heaven Hill, die den Bourbon 2013 wieder einf\u00fchrten. Diese Flasche aus den 1970er Jahren reifte mindestens 6 Jahre und wird mit 86 Proof abgef\u00fcllt.<\/p>\n<p><strong>Info Qualit\u00e4t der Flasche:<\/strong> Exzellent &#8211; ohne Besch\u00e4digungen \/ <strong>F\u00fcllstand: <\/strong>High fill<br \/>\n<strong>Info Qualit\u00e4t der Box:<\/strong> keine Box vorhanden<strong><br \/>\n<\/strong><\/p>\n<p><strong>Wichtiger Hinweis:<\/strong> Die Bewertung der Flaschen und Boxen erfolgt nach \u201ebesten Wissen und Gewissen\u201c. dramfolks kann keine Gew\u00e4hrleistung f\u00fcr den Inhalt der Flaschen \u00fcbernehmen. Weitere Infos &amp; Hinweise finden Sie in unseren AGBs. Wir empfehlen Ihnen, vor der Abgabe von Geboten \u00fcber die Zoomfunktion eine Besichtigung \/ genaue Pr\u00fcfung des angebotenen Whiskys vorzunehmen. Bitte kontaktieren sie uns bei Fragen direkt unter info@dramfolks.com<\/p>\n","protected":false},"excerpt":{"rendered":"<p>Destille: American Distilling Company Die American Distilling Company wurde 1892 an der Stelle einer \u00e4lteren Brennerei errichtet, die durch einen Brand zerst\u00f6rt worden war. Everett Woodruff Wilson, ein beliebter Lokalpolitiker und Mitbegr\u00fcnder der Deutsch-Amerikanischen Bank of Peoria, war einer der Gr\u00fcnder und der erste Pr\u00e4sident der Brennerei. Im Jahr 1908 \u00fcbernahm ADC ein Konglomerat aus[&#8230;]\n","protected":false},"featured_media":4743456,"comment_status":"closed","ping_status":"closed","template":"","meta":[],"product_brand":[],"product_cat":[1233],"product_tag":[],"class_list":{"0":"post-5352923","1":"product","2":"type-product","3":"status-publish","4":"has-post-thumbnail","6":"product_cat-no-20","8":"first","9":"instock","10":"shipping-taxable","11":"purchasable","12":"product-type-auction"},"yoast_head":"<!-- This site is optimized with the Yoast SEO plugin v27.0 - https:\/\/yoast.com\/product\/yoast-seo-wordpress\/ -->\n<title>American Distilling Company - PennyPacker \/ 6yo (1970er) - Dramfolks Whisky Auction<\/title>\n<meta name=\"robots\" content=\"index, follow, max-snippet:-1, max-image-preview:large, max-video-preview:-1\" \/>\n<link rel=\"canonical\" href=\"https:\/\/www.dramfolks-whisky-auction.com\/en\/product\/american-distilling-company-pennypacker-6yo-1970er-3\/\" \/>\n<meta property=\"og:locale\" content=\"en_US\" \/>\n<meta property=\"og:type\" content=\"article\" \/>\n<meta property=\"og:title\" content=\"American Distilling Company - PennyPacker \/ 6yo (1970er) - Dramfolks Whisky Auction\" \/>\n<meta property=\"og:description\" content=\"Destille: American Distilling Company Die American Distilling Company wurde 1892 an der Stelle einer \u00e4lteren Brennerei errichtet, die durch einen Brand zerst\u00f6rt worden war. Everett Woodruff Wilson, ein beliebter Lokalpolitiker und Mitbegr\u00fcnder der Deutsch-Amerikanischen Bank of Peoria, war einer der Gr\u00fcnder und der erste Pr\u00e4sident der Brennerei. Im Jahr 1908 \u00fcbernahm ADC ein Konglomerat aus[...]\" \/>\n<meta property=\"og:url\" content=\"https:\/\/www.dramfolks-whisky-auction.com\/en\/product\/american-distilling-company-pennypacker-6yo-1970er-3\/\" \/>\n<meta property=\"og:site_name\" content=\"Dramfolks Whisky Auction\" \/>\n<meta property=\"article:modified_time\" content=\"2025-10-05T17:00:11+00:00\" \/>\n<meta property=\"og:image\" content=\"https:\/\/www.dramfolks-whisky-auction.com\/wp-content\/uploads\/2025\/08\/Pennypacker-vorne.jpg\" \/>\n\t<meta property=\"og:image:width\" content=\"2272\" \/>\n\t<meta property=\"og:image:height\" content=\"2272\" \/>\n\t<meta property=\"og:image:type\" content=\"image\/jpeg\" \/>\n<meta name=\"twitter:card\" content=\"summary_large_image\" \/>\n<meta name=\"twitter:label1\" content=\"Est. reading time\" \/>\n\t<meta name=\"twitter:data1\" content=\"3 minutes\" \/>\n<script type=\"application\/ld+json\" class=\"yoast-schema-graph\">{\"@context\":\"https:\/\/schema.org\",\"@graph\":[{\"@type\":\"WebPage\",\"@id\":\"https:\/\/www.dramfolks-whisky-auction.com\/en\/product\/american-distilling-company-pennypacker-6yo-1970er-3\/\",\"url\":\"https:\/\/www.dramfolks-whisky-auction.com\/en\/product\/american-distilling-company-pennypacker-6yo-1970er-3\/\",\"name\":\"American Distilling Company - PennyPacker \/ 6yo (1970er) - Dramfolks Whisky Auction\",\"isPartOf\":{\"@id\":\"https:\/\/www.dramfolks-whisky-auction.com\/en\/#website\"},\"primaryImageOfPage\":{\"@id\":\"https:\/\/www.dramfolks-whisky-auction.com\/en\/product\/american-distilling-company-pennypacker-6yo-1970er-3\/#primaryimage\"},\"image\":{\"@id\":\"https:\/\/www.dramfolks-whisky-auction.com\/en\/product\/american-distilling-company-pennypacker-6yo-1970er-3\/#primaryimage\"},\"thumbnailUrl\":\"https:\/\/www.dramfolks-whisky-auction.com\/wp-content\/uploads\/2025\/08\/Pennypacker-vorne.jpg\",\"datePublished\":\"2025-09-19T06:09:14+00:00\",\"dateModified\":\"2025-10-05T17:00:11+00:00\",\"breadcrumb\":{\"@id\":\"https:\/\/www.dramfolks-whisky-auction.com\/en\/product\/american-distilling-company-pennypacker-6yo-1970er-3\/#breadcrumb\"},\"inLanguage\":\"en-US\",\"potentialAction\":[{\"@type\":\"ReadAction\",\"target\":[\"https:\/\/www.dramfolks-whisky-auction.com\/en\/product\/american-distilling-company-pennypacker-6yo-1970er-3\/\"]}]},{\"@type\":\"ImageObject\",\"inLanguage\":\"en-US\",\"@id\":\"https:\/\/www.dramfolks-whisky-auction.com\/en\/product\/american-distilling-company-pennypacker-6yo-1970er-3\/#primaryimage\",\"url\":\"https:\/\/www.dramfolks-whisky-auction.com\/wp-content\/uploads\/2025\/08\/Pennypacker-vorne.jpg\",\"contentUrl\":\"https:\/\/www.dramfolks-whisky-auction.com\/wp-content\/uploads\/2025\/08\/Pennypacker-vorne.jpg\",\"width\":2272,\"height\":2272},{\"@type\":\"BreadcrumbList\",\"@id\":\"https:\/\/www.dramfolks-whisky-auction.com\/en\/product\/american-distilling-company-pennypacker-6yo-1970er-3\/#breadcrumb\",\"itemListElement\":[{\"@type\":\"ListItem\",\"position\":1,\"name\":\"Startseite\",\"item\":\"https:\/\/www.dramfolks-whisky-auction.com\/en\/\"},{\"@type\":\"ListItem\",\"position\":2,\"name\":\"Shop\",\"item\":\"https:\/\/www.dramfolks-whisky-auction.com\/en\/shop\/\"},{\"@type\":\"ListItem\",\"position\":3,\"name\":\"American Distilling Company &#8211; PennyPacker \/ 6yo (1970er)\"}]},{\"@type\":\"WebSite\",\"@id\":\"https:\/\/www.dramfolks-whisky-auction.com\/en\/#website\",\"url\":\"https:\/\/www.dramfolks-whisky-auction.com\/en\/\",\"name\":\"Dramfolks Whisky Auction\",\"description\":\"\",\"potentialAction\":[{\"@type\":\"SearchAction\",\"target\":{\"@type\":\"EntryPoint\",\"urlTemplate\":\"https:\/\/www.dramfolks-whisky-auction.com\/en\/?s={search_term_string}\"},\"query-input\":{\"@type\":\"PropertyValueSpecification\",\"valueRequired\":true,\"valueName\":\"search_term_string\"}}],\"inLanguage\":\"en-US\"}]}<\/script>\n<!-- \/ Yoast SEO plugin. -->","yoast_head_json":{"title":"American Distilling Company - PennyPacker \/ 6yo (1970er) - Dramfolks Whisky Auction","robots":{"index":"index","follow":"follow","max-snippet":"max-snippet:-1","max-image-preview":"max-image-preview:large","max-video-preview":"max-video-preview:-1"},"canonical":"https:\/\/www.dramfolks-whisky-auction.com\/en\/product\/american-distilling-company-pennypacker-6yo-1970er-3\/","og_locale":"en_US","og_type":"article","og_title":"American Distilling Company - PennyPacker \/ 6yo (1970er) - Dramfolks Whisky Auction","og_description":"Destille: American Distilling Company Die American Distilling Company wurde 1892 an der Stelle einer \u00e4lteren Brennerei errichtet, die durch einen Brand zerst\u00f6rt worden war. Everett Woodruff Wilson, ein beliebter Lokalpolitiker und Mitbegr\u00fcnder der Deutsch-Amerikanischen Bank of Peoria, war einer der Gr\u00fcnder und der erste Pr\u00e4sident der Brennerei. Im Jahr 1908 \u00fcbernahm ADC ein Konglomerat aus[...]","og_url":"https:\/\/www.dramfolks-whisky-auction.com\/en\/product\/american-distilling-company-pennypacker-6yo-1970er-3\/","og_site_name":"Dramfolks Whisky Auction","article_modified_time":"2025-10-05T17:00:11+00:00","og_image":[{"width":2272,"height":2272,"url":"https:\/\/www.dramfolks-whisky-auction.com\/wp-content\/uploads\/2025\/08\/Pennypacker-vorne.jpg","type":"image\/jpeg"}],"twitter_card":"summary_large_image","twitter_misc":{"Est. reading time":"3 minutes"},"schema":{"@context":"https:\/\/schema.org","@graph":[{"@type":"WebPage","@id":"https:\/\/www.dramfolks-whisky-auction.com\/en\/product\/american-distilling-company-pennypacker-6yo-1970er-3\/","url":"https:\/\/www.dramfolks-whisky-auction.com\/en\/product\/american-distilling-company-pennypacker-6yo-1970er-3\/","name":"American Distilling Company - PennyPacker \/ 6yo (1970er) - Dramfolks Whisky Auction","isPartOf":{"@id":"https:\/\/www.dramfolks-whisky-auction.com\/en\/#website"},"primaryImageOfPage":{"@id":"https:\/\/www.dramfolks-whisky-auction.com\/en\/product\/american-distilling-company-pennypacker-6yo-1970er-3\/#primaryimage"},"image":{"@id":"https:\/\/www.dramfolks-whisky-auction.com\/en\/product\/american-distilling-company-pennypacker-6yo-1970er-3\/#primaryimage"},"thumbnailUrl":"https:\/\/www.dramfolks-whisky-auction.com\/wp-content\/uploads\/2025\/08\/Pennypacker-vorne.jpg","datePublished":"2025-09-19T06:09:14+00:00","dateModified":"2025-10-05T17:00:11+00:00","breadcrumb":{"@id":"https:\/\/www.dramfolks-whisky-auction.com\/en\/product\/american-distilling-company-pennypacker-6yo-1970er-3\/#breadcrumb"},"inLanguage":"en-US","potentialAction":[{"@type":"ReadAction","target":["https:\/\/www.dramfolks-whisky-auction.com\/en\/product\/american-distilling-company-pennypacker-6yo-1970er-3\/"]}]},{"@type":"ImageObject","inLanguage":"en-US","@id":"https:\/\/www.dramfolks-whisky-auction.com\/en\/product\/american-distilling-company-pennypacker-6yo-1970er-3\/#primaryimage","url":"https:\/\/www.dramfolks-whisky-auction.com\/wp-content\/uploads\/2025\/08\/Pennypacker-vorne.jpg","contentUrl":"https:\/\/www.dramfolks-whisky-auction.com\/wp-content\/uploads\/2025\/08\/Pennypacker-vorne.jpg","width":2272,"height":2272},{"@type":"BreadcrumbList","@id":"https:\/\/www.dramfolks-whisky-auction.com\/en\/product\/american-distilling-company-pennypacker-6yo-1970er-3\/#breadcrumb","itemListElement":[{"@type":"ListItem","position":1,"name":"Startseite","item":"https:\/\/www.dramfolks-whisky-auction.com\/en\/"},{"@type":"ListItem","position":2,"name":"Shop","item":"https:\/\/www.dramfolks-whisky-auction.com\/en\/shop\/"},{"@type":"ListItem","position":3,"name":"American Distilling Company &#8211; PennyPacker \/ 6yo (1970er)"}]},{"@type":"WebSite","@id":"https:\/\/www.dramfolks-whisky-auction.com\/en\/#website","url":"https:\/\/www.dramfolks-whisky-auction.com\/en\/","name":"Dramfolks Whisky Auction","description":"","potentialAction":[{"@type":"SearchAction","target":{"@type":"EntryPoint","urlTemplate":"https:\/\/www.dramfolks-whisky-auction.com\/en\/?s={search_term_string}"},"query-input":{"@type":"PropertyValueSpecification","valueRequired":true,"valueName":"search_term_string"}}],"inLanguage":"en-US"}]}},"_links":{"self":[{"href":"https:\/\/www.dramfolks-whisky-auction.com\/en\/wp-json\/wp\/v2\/product\/5352923","targetHints":{"allow":["GET"]}}],"collection":[{"href":"https:\/\/www.dramfolks-whisky-auction.com\/en\/wp-json\/wp\/v2\/product"}],"about":[{"href":"https:\/\/www.dramfolks-whisky-auction.com\/en\/wp-json\/wp\/v2\/types\/product"}],"replies":[{"embeddable":true,"href":"https:\/\/www.dramfolks-whisky-auction.com\/en\/wp-json\/wp\/v2\/comments?post=5352923"}],"wp:featuredmedia":[{"embeddable":true,"href":"https:\/\/www.dramfolks-whisky-auction.com\/en\/wp-json\/wp\/v2\/media\/4743456"}],"wp:attachment":[{"href":"https:\/\/www.dramfolks-whisky-auction.com\/en\/wp-json\/wp\/v2\/media?parent=5352923"}],"wp:term":[{"taxonomy":"product_brand","embeddable":true,"href":"https:\/\/www.dramfolks-whisky-auction.com\/en\/wp-json\/wp\/v2\/product_brand?post=5352923"},{"taxonomy":"product_cat","embeddable":true,"href":"https:\/\/www.dramfolks-whisky-auction.com\/en\/wp-json\/wp\/v2\/product_cat?post=5352923"},{"taxonomy":"product_tag","embeddable":true,"href":"https:\/\/www.dramfolks-whisky-auction.com\/en\/wp-json\/wp\/v2\/product_tag?post=5352923"}],"curies":[{"name":"wp","href":"https:\/\/api.w.org\/{rel}","templated":true}]}}