{"id":5352091,"date":"2025-09-19T08:05:55","date_gmt":"2025-09-19T06:05:55","guid":{"rendered":"https:\/\/www.dramfolks-whisky-auction.com\/?post_type=product&#038;p=5352091"},"modified":"2025-10-05T19:15:55","modified_gmt":"2025-10-05T17:15:55","slug":"glenfiddich-clans-of-the-highlands-clan-sutherland-4","status":"publish","type":"product","link":"https:\/\/www.dramfolks-whisky-auction.com\/en\/product\/glenfiddich-clans-of-the-highlands-clan-sutherland-4\/","title":{"rendered":"Glenfiddich &#8211; Clans of the Highlands Clan Sutherland"},"content":{"rendered":"<p><strong>Destille: Glenfiddich<br \/>\n<\/strong>Glenfiddich ist die bekannteste und erfolgreichste Brennerei Schottlands. Die Destillerie erhielt ihren Namen aus dem G\u00e4lischen und bedeutet \u201eTal der Hirsche\u201c. Der Hirsch ist als Wappentier auf jeder Flasche Glenfiddich zu finden. Sie liegt im Herzen der Speyside, genauer gesagt in Dufftown. Auch &#8220;The Giant&#8221; genannt, hat sie eine eindrucksvolle Produktionskapazit\u00e4t von j\u00e4hrlich 10 Millionen Litern. Kein anderer Single Malt ist weltweit so beliebt. Meist reifen die Whisky von Glenfiddich in kleinen Ex-Bourbonf\u00e4ssern aus milder amerikanischer Wei\u00dfeiche.<\/p>\n<p><strong>Fun fact:<\/strong> 1961 entwarf der Designer Hans Schleger die ber\u00fchmte dreieckige Flasche von Glenfiddich. Sie gilt als Meilenstein im Marketing, denn durch die einzigartige Form unterschieden sich die Flaschen von Glenfiddich deutlich von anderen Flaschen im Regal. Glenfiddich wurde zu einer einzigartigen (Whisky)Marke.<\/p>\n<p><strong>Whisky\/Whiskey: Clans of the Highlands Clan Sutherland<\/strong><br \/>\nDiese interessante Sonderedition ist Teil der &#8216;Clans of the Highlands&#8217;-Serie. Glenfiddich hat Clans of the Highlands in den 90igern herausgebracht. Individuell illustrierte Dosen um einige der ber\u00fchmtesten Highland-Clans zu feiern. Jede dieser Pr\u00e4sentationsdosen enthielt eine Geschichte des real existierenden Clans.<br \/>\nDiese Ver\u00f6ffentlichung feiert die Geschichte des Clans Sutherland. Die Dose zeigt ein Gem\u00e4lde von Kenneth Sutherland, 3Rd Lord of Duffus. Der ausgereifte Scotch wurde mit 40 Vol.-% abgef\u00fcllt. Seine stilvolle Flasche vereint Nostalgie mit der hohen Kunst der Whiskyproduktion. W\u00e4hrend seiner Reifezeit nahm der Single Malt Whisky eine goldene Farbe mit dunklen Nuancen an. Von ihm geht eine \u00fcberraschend fruchtreiche Frische aus. An der Gaumenpartie bilden Profile von Birnen, Kalkstein und Pinienholz eine k\u00f6stliche Einheit. Der Abgang ist ausdauernd und rundet das Geschmackserlebnis ab.<\/p>\n<p><strong>Info Qualit\u00e4t der Flasche:<\/strong> Exzellent ohne Besch\u00e4digungen \/ <strong>F\u00fcllstand:<\/strong> Into neck<br \/>\n<strong>Info Qualit\u00e4t der Box:<\/strong> Exzellent ohne Besch\u00e4digungen<\/p>\n<p><strong>Wichtiger Hinweis:<\/strong> Die Bewertung der Flaschen und Boxen erfolgt nach \u201ebesten Wissen und Gewissen\u201c. dramfolks kann keine Gew\u00e4hrleistung f\u00fcr den Inhalt der Flaschen \u00fcbernehmen. Weitere Infos &amp; Hinweise finden Sie in unseren AGBs. Wir empfehlen Ihnen, vor der Abgabe von Geboten \u00fcber die Zoomfunktion eine Besichtigung \/ genaue Pr\u00fcfung des angebotenen Whiskys vorzunehmen. Bitte kontaktieren sie uns bei Fragen direkt unter info@dramfolks.com<\/p>\n","protected":false},"excerpt":{"rendered":"<p>Destille: Glenfiddich Glenfiddich ist die bekannteste und erfolgreichste Brennerei Schottlands. Die Destillerie erhielt ihren Namen aus dem G\u00e4lischen und bedeutet \u201eTal der Hirsche\u201c. Der Hirsch ist als Wappentier auf jeder Flasche Glenfiddich zu finden. Sie liegt im Herzen der Speyside, genauer gesagt in Dufftown. Auch &#8220;The Giant&#8221; genannt, hat sie eine eindrucksvolle Produktionskapazit\u00e4t von j\u00e4hrlich[&#8230;]\n","protected":false},"featured_media":3689049,"comment_status":"closed","ping_status":"closed","template":"","meta":[],"product_brand":[],"product_cat":[1233],"product_tag":[],"class_list":{"0":"post-5352091","1":"product","2":"type-product","3":"status-publish","4":"has-post-thumbnail","6":"product_cat-no-20","8":"first","9":"instock","10":"shipping-taxable","11":"purchasable","12":"product-type-auction"},"yoast_head":"<!-- This site is optimized with the Yoast SEO plugin v27.0 - https:\/\/yoast.com\/product\/yoast-seo-wordpress\/ -->\n<title>Glenfiddich - Clans of the Highlands Clan Sutherland - Dramfolks Whisky Auction<\/title>\n<meta name=\"robots\" content=\"index, follow, max-snippet:-1, max-image-preview:large, max-video-preview:-1\" \/>\n<link rel=\"canonical\" href=\"https:\/\/www.dramfolks-whisky-auction.com\/en\/product\/glenfiddich-clans-of-the-highlands-clan-sutherland-4\/\" \/>\n<meta property=\"og:locale\" content=\"en_US\" \/>\n<meta property=\"og:type\" content=\"article\" \/>\n<meta property=\"og:title\" content=\"Glenfiddich - Clans of the Highlands Clan Sutherland - Dramfolks Whisky Auction\" \/>\n<meta property=\"og:description\" content=\"Destille: Glenfiddich Glenfiddich ist die bekannteste und erfolgreichste Brennerei Schottlands. Die Destillerie erhielt ihren Namen aus dem G\u00e4lischen und bedeutet \u201eTal der Hirsche\u201c. Der Hirsch ist als Wappentier auf jeder Flasche Glenfiddich zu finden. Sie liegt im Herzen der Speyside, genauer gesagt in Dufftown. Auch &#8220;The Giant&#8221; genannt, hat sie eine eindrucksvolle Produktionskapazit\u00e4t von j\u00e4hrlich[...]\" \/>\n<meta property=\"og:url\" content=\"https:\/\/www.dramfolks-whisky-auction.com\/en\/product\/glenfiddich-clans-of-the-highlands-clan-sutherland-4\/\" \/>\n<meta property=\"og:site_name\" content=\"Dramfolks Whisky Auction\" \/>\n<meta property=\"article:modified_time\" content=\"2025-10-05T17:15:55+00:00\" \/>\n<meta property=\"og:image\" content=\"https:\/\/www.dramfolks-whisky-auction.com\/wp-content\/uploads\/2025\/06\/Glenfiddich-Clan-Sutherland-vorne-scaled.jpg\" \/>\n\t<meta property=\"og:image:width\" content=\"2560\" \/>\n\t<meta property=\"og:image:height\" content=\"2560\" \/>\n\t<meta property=\"og:image:type\" content=\"image\/jpeg\" \/>\n<meta name=\"twitter:card\" content=\"summary_large_image\" \/>\n<meta name=\"twitter:label1\" content=\"Est. reading time\" \/>\n\t<meta name=\"twitter:data1\" content=\"3 minutes\" \/>\n<script type=\"application\/ld+json\" class=\"yoast-schema-graph\">{\"@context\":\"https:\/\/schema.org\",\"@graph\":[{\"@type\":\"WebPage\",\"@id\":\"https:\/\/www.dramfolks-whisky-auction.com\/en\/product\/glenfiddich-clans-of-the-highlands-clan-sutherland-4\/\",\"url\":\"https:\/\/www.dramfolks-whisky-auction.com\/en\/product\/glenfiddich-clans-of-the-highlands-clan-sutherland-4\/\",\"name\":\"Glenfiddich - Clans of the Highlands Clan Sutherland - Dramfolks Whisky Auction\",\"isPartOf\":{\"@id\":\"https:\/\/www.dramfolks-whisky-auction.com\/en\/#website\"},\"primaryImageOfPage\":{\"@id\":\"https:\/\/www.dramfolks-whisky-auction.com\/en\/product\/glenfiddich-clans-of-the-highlands-clan-sutherland-4\/#primaryimage\"},\"image\":{\"@id\":\"https:\/\/www.dramfolks-whisky-auction.com\/en\/product\/glenfiddich-clans-of-the-highlands-clan-sutherland-4\/#primaryimage\"},\"thumbnailUrl\":\"https:\/\/www.dramfolks-whisky-auction.com\/wp-content\/uploads\/2025\/06\/Glenfiddich-Clan-Sutherland-vorne-scaled.jpg\",\"datePublished\":\"2025-09-19T06:05:55+00:00\",\"dateModified\":\"2025-10-05T17:15:55+00:00\",\"breadcrumb\":{\"@id\":\"https:\/\/www.dramfolks-whisky-auction.com\/en\/product\/glenfiddich-clans-of-the-highlands-clan-sutherland-4\/#breadcrumb\"},\"inLanguage\":\"en-US\",\"potentialAction\":[{\"@type\":\"ReadAction\",\"target\":[\"https:\/\/www.dramfolks-whisky-auction.com\/en\/product\/glenfiddich-clans-of-the-highlands-clan-sutherland-4\/\"]}]},{\"@type\":\"ImageObject\",\"inLanguage\":\"en-US\",\"@id\":\"https:\/\/www.dramfolks-whisky-auction.com\/en\/product\/glenfiddich-clans-of-the-highlands-clan-sutherland-4\/#primaryimage\",\"url\":\"https:\/\/www.dramfolks-whisky-auction.com\/wp-content\/uploads\/2025\/06\/Glenfiddich-Clan-Sutherland-vorne-scaled.jpg\",\"contentUrl\":\"https:\/\/www.dramfolks-whisky-auction.com\/wp-content\/uploads\/2025\/06\/Glenfiddich-Clan-Sutherland-vorne-scaled.jpg\",\"width\":2560,\"height\":2560},{\"@type\":\"BreadcrumbList\",\"@id\":\"https:\/\/www.dramfolks-whisky-auction.com\/en\/product\/glenfiddich-clans-of-the-highlands-clan-sutherland-4\/#breadcrumb\",\"itemListElement\":[{\"@type\":\"ListItem\",\"position\":1,\"name\":\"Startseite\",\"item\":\"https:\/\/www.dramfolks-whisky-auction.com\/en\/\"},{\"@type\":\"ListItem\",\"position\":2,\"name\":\"Shop\",\"item\":\"https:\/\/www.dramfolks-whisky-auction.com\/en\/shop\/\"},{\"@type\":\"ListItem\",\"position\":3,\"name\":\"Glenfiddich &#8211; Clans of the Highlands Clan Sutherland\"}]},{\"@type\":\"WebSite\",\"@id\":\"https:\/\/www.dramfolks-whisky-auction.com\/en\/#website\",\"url\":\"https:\/\/www.dramfolks-whisky-auction.com\/en\/\",\"name\":\"Dramfolks Whisky Auction\",\"description\":\"\",\"potentialAction\":[{\"@type\":\"SearchAction\",\"target\":{\"@type\":\"EntryPoint\",\"urlTemplate\":\"https:\/\/www.dramfolks-whisky-auction.com\/en\/?s={search_term_string}\"},\"query-input\":{\"@type\":\"PropertyValueSpecification\",\"valueRequired\":true,\"valueName\":\"search_term_string\"}}],\"inLanguage\":\"en-US\"}]}<\/script>\n<!-- \/ Yoast SEO plugin. -->","yoast_head_json":{"title":"Glenfiddich - Clans of the Highlands Clan Sutherland - Dramfolks Whisky Auction","robots":{"index":"index","follow":"follow","max-snippet":"max-snippet:-1","max-image-preview":"max-image-preview:large","max-video-preview":"max-video-preview:-1"},"canonical":"https:\/\/www.dramfolks-whisky-auction.com\/en\/product\/glenfiddich-clans-of-the-highlands-clan-sutherland-4\/","og_locale":"en_US","og_type":"article","og_title":"Glenfiddich - Clans of the Highlands Clan Sutherland - Dramfolks Whisky Auction","og_description":"Destille: Glenfiddich Glenfiddich ist die bekannteste und erfolgreichste Brennerei Schottlands. Die Destillerie erhielt ihren Namen aus dem G\u00e4lischen und bedeutet \u201eTal der Hirsche\u201c. Der Hirsch ist als Wappentier auf jeder Flasche Glenfiddich zu finden. Sie liegt im Herzen der Speyside, genauer gesagt in Dufftown. Auch &#8220;The Giant&#8221; genannt, hat sie eine eindrucksvolle Produktionskapazit\u00e4t von j\u00e4hrlich[...]","og_url":"https:\/\/www.dramfolks-whisky-auction.com\/en\/product\/glenfiddich-clans-of-the-highlands-clan-sutherland-4\/","og_site_name":"Dramfolks Whisky Auction","article_modified_time":"2025-10-05T17:15:55+00:00","og_image":[{"width":2560,"height":2560,"url":"https:\/\/www.dramfolks-whisky-auction.com\/wp-content\/uploads\/2025\/06\/Glenfiddich-Clan-Sutherland-vorne-scaled.jpg","type":"image\/jpeg"}],"twitter_card":"summary_large_image","twitter_misc":{"Est. reading time":"3 minutes"},"schema":{"@context":"https:\/\/schema.org","@graph":[{"@type":"WebPage","@id":"https:\/\/www.dramfolks-whisky-auction.com\/en\/product\/glenfiddich-clans-of-the-highlands-clan-sutherland-4\/","url":"https:\/\/www.dramfolks-whisky-auction.com\/en\/product\/glenfiddich-clans-of-the-highlands-clan-sutherland-4\/","name":"Glenfiddich - Clans of the Highlands Clan Sutherland - Dramfolks Whisky Auction","isPartOf":{"@id":"https:\/\/www.dramfolks-whisky-auction.com\/en\/#website"},"primaryImageOfPage":{"@id":"https:\/\/www.dramfolks-whisky-auction.com\/en\/product\/glenfiddich-clans-of-the-highlands-clan-sutherland-4\/#primaryimage"},"image":{"@id":"https:\/\/www.dramfolks-whisky-auction.com\/en\/product\/glenfiddich-clans-of-the-highlands-clan-sutherland-4\/#primaryimage"},"thumbnailUrl":"https:\/\/www.dramfolks-whisky-auction.com\/wp-content\/uploads\/2025\/06\/Glenfiddich-Clan-Sutherland-vorne-scaled.jpg","datePublished":"2025-09-19T06:05:55+00:00","dateModified":"2025-10-05T17:15:55+00:00","breadcrumb":{"@id":"https:\/\/www.dramfolks-whisky-auction.com\/en\/product\/glenfiddich-clans-of-the-highlands-clan-sutherland-4\/#breadcrumb"},"inLanguage":"en-US","potentialAction":[{"@type":"ReadAction","target":["https:\/\/www.dramfolks-whisky-auction.com\/en\/product\/glenfiddich-clans-of-the-highlands-clan-sutherland-4\/"]}]},{"@type":"ImageObject","inLanguage":"en-US","@id":"https:\/\/www.dramfolks-whisky-auction.com\/en\/product\/glenfiddich-clans-of-the-highlands-clan-sutherland-4\/#primaryimage","url":"https:\/\/www.dramfolks-whisky-auction.com\/wp-content\/uploads\/2025\/06\/Glenfiddich-Clan-Sutherland-vorne-scaled.jpg","contentUrl":"https:\/\/www.dramfolks-whisky-auction.com\/wp-content\/uploads\/2025\/06\/Glenfiddich-Clan-Sutherland-vorne-scaled.jpg","width":2560,"height":2560},{"@type":"BreadcrumbList","@id":"https:\/\/www.dramfolks-whisky-auction.com\/en\/product\/glenfiddich-clans-of-the-highlands-clan-sutherland-4\/#breadcrumb","itemListElement":[{"@type":"ListItem","position":1,"name":"Startseite","item":"https:\/\/www.dramfolks-whisky-auction.com\/en\/"},{"@type":"ListItem","position":2,"name":"Shop","item":"https:\/\/www.dramfolks-whisky-auction.com\/en\/shop\/"},{"@type":"ListItem","position":3,"name":"Glenfiddich &#8211; Clans of the Highlands Clan Sutherland"}]},{"@type":"WebSite","@id":"https:\/\/www.dramfolks-whisky-auction.com\/en\/#website","url":"https:\/\/www.dramfolks-whisky-auction.com\/en\/","name":"Dramfolks Whisky Auction","description":"","potentialAction":[{"@type":"SearchAction","target":{"@type":"EntryPoint","urlTemplate":"https:\/\/www.dramfolks-whisky-auction.com\/en\/?s={search_term_string}"},"query-input":{"@type":"PropertyValueSpecification","valueRequired":true,"valueName":"search_term_string"}}],"inLanguage":"en-US"}]}},"_links":{"self":[{"href":"https:\/\/www.dramfolks-whisky-auction.com\/en\/wp-json\/wp\/v2\/product\/5352091","targetHints":{"allow":["GET"]}}],"collection":[{"href":"https:\/\/www.dramfolks-whisky-auction.com\/en\/wp-json\/wp\/v2\/product"}],"about":[{"href":"https:\/\/www.dramfolks-whisky-auction.com\/en\/wp-json\/wp\/v2\/types\/product"}],"replies":[{"embeddable":true,"href":"https:\/\/www.dramfolks-whisky-auction.com\/en\/wp-json\/wp\/v2\/comments?post=5352091"}],"wp:featuredmedia":[{"embeddable":true,"href":"https:\/\/www.dramfolks-whisky-auction.com\/en\/wp-json\/wp\/v2\/media\/3689049"}],"wp:attachment":[{"href":"https:\/\/www.dramfolks-whisky-auction.com\/en\/wp-json\/wp\/v2\/media?parent=5352091"}],"wp:term":[{"taxonomy":"product_brand","embeddable":true,"href":"https:\/\/www.dramfolks-whisky-auction.com\/en\/wp-json\/wp\/v2\/product_brand?post=5352091"},{"taxonomy":"product_cat","embeddable":true,"href":"https:\/\/www.dramfolks-whisky-auction.com\/en\/wp-json\/wp\/v2\/product_cat?post=5352091"},{"taxonomy":"product_tag","embeddable":true,"href":"https:\/\/www.dramfolks-whisky-auction.com\/en\/wp-json\/wp\/v2\/product_tag?post=5352091"}],"curies":[{"name":"wp","href":"https:\/\/api.w.org\/{rel}","templated":true}]}}