{"id":5351749,"date":"2025-09-19T08:04:32","date_gmt":"2025-09-19T06:04:32","guid":{"rendered":"https:\/\/www.dramfolks-whisky-auction.com\/?post_type=product&#038;p=5351749"},"modified":"2025-10-05T19:15:55","modified_gmt":"2025-10-05T17:15:55","slug":"glenfiddich-clans-of-the-highlands-clan-drummond-4","status":"publish","type":"product","link":"https:\/\/www.dramfolks-whisky-auction.com\/en\/product\/glenfiddich-clans-of-the-highlands-clan-drummond-4\/","title":{"rendered":"Glenfiddich &#8211; Clans of the Highlands Clan Drummond"},"content":{"rendered":"<p><strong>Destille: Glenfiddich<br \/>\n<\/strong>Glenfiddich ist die bekannteste und erfolgreichste Brennerei Schottlands. Die Destillerie erhielt ihren Namen aus dem G\u00e4lischen und bedeutet \u201eTal der Hirsche\u201c. Der Hirsch ist als Wappentier auf jeder Flasche Glenfiddich zu finden. Sie liegt im Herzen der Speyside, genauer gesagt in Dufftown. Auch &#8220;The Giant&#8221; genannt, hat sie eine eindrucksvolle Produktionskapazit\u00e4t von j\u00e4hrlich 10 Millionen Litern. Kein anderer Single Malt ist weltweit so beliebt. Meist reifen die Whisky von Glenfiddich in kleinen Ex-Bourbonf\u00e4ssern aus milder amerikanischer Wei\u00dfeiche.<\/p>\n<p><strong>Fun fact:<\/strong> 1961 entwarf der Designer Hans Schleger die ber\u00fchmte dreieckige Flasche von Glenfiddich. Sie gilt als Meilenstein im Marketing, denn durch die einzigartige Form unterschieden sich die Flaschen von Glenfiddich deutlich von anderen Flaschen im Regal. Glenfiddich wurde zu einer einzigartigen (Whisky)Marke.<\/p>\n<p><strong>Whisky\/Whiskey: Clans of the Highlands Clan Drummond<\/strong><br \/>\nGlenfiddich hat Clans of the Highlands in den 90igern herausgebracht. Individuell illustrierte Dosen um einige der ber\u00fchmtesten Highland-Clans zu feiern. Jede dieser Pr\u00e4sentationsdosen enthielt eine Geschichte des real existierenden Clans.<br \/>\nDie Clans of the Highlands-Kollektion von Glenfiddich, zu der auch der Clan Drummond geh\u00f6rt, hat in der Whiskybranche breite Anerkennung und zahlreiche Auszeichnungen erhalten. Das Engagement der Kollektion f\u00fcr Qualit\u00e4t und Kunstfertigkeit hat die Bewunderung von Whiskykennern und Experten gleicherma\u00dfen verdient. Der unverwechselbare Charakter und die tadellose Handwerkskunst des Clan Drummond machen ihn zu einer gesch\u00e4tzten Erg\u00e4nzung jeder Whisky-Sammlung und zeigen das Verm\u00e4chtnis und Erbe von Glenfiddich und Clan Drummond.<br \/>\nEine Hommage an den Clan Drummond&#8230; Der Clan Drummond, ein fester Bestandteil der schottischen Geschichte, hat Glenfiddich zu diesem bemerkenswerten Ausdruck inspiriert. Als einer der \u00e4ltesten und angesehensten Clans hat der Clan Drummond das kulturelle Erbe Schottlands unausl\u00f6schlich gepr\u00e4gt. Mit diesem Whisky zollt Glenfiddich ihrem Verm\u00e4chtnis Tribut und zelebriert ihren anhaltenden Geist und ihr Gef\u00fchl des Stolzes.<\/p>\n<p><strong>Info Qualit\u00e4t der Flasche:<\/strong> Exzellent ohne Besch\u00e4digungen \/ <strong>F\u00fcllstand:<\/strong> Into neck<br \/>\n<strong>Info Qualit\u00e4t der Box:<\/strong> Exzellent ohne Besch\u00e4digungen &#8211; Aufkleber vorne auf Dose leicht besch\u00e4digt (siehe Foto)<\/p>\n<p><strong>Wichtiger Hinweis:<\/strong> Die Bewertung der Flaschen und Boxen erfolgt nach \u201ebesten Wissen und Gewissen\u201c. dramfolks kann keine Gew\u00e4hrleistung f\u00fcr den Inhalt der Flaschen \u00fcbernehmen. Weitere Infos &amp; Hinweise finden Sie in unseren AGBs. Wir empfehlen Ihnen, vor der Abgabe von Geboten \u00fcber die Zoomfunktion eine Besichtigung \/ genaue Pr\u00fcfung des angebotenen Whiskys vorzunehmen. Bitte kontaktieren sie uns bei Fragen direkt unter info@dramfolks.com<\/p>\n","protected":false},"excerpt":{"rendered":"<p>Destille: Glenfiddich Glenfiddich ist die bekannteste und erfolgreichste Brennerei Schottlands. Die Destillerie erhielt ihren Namen aus dem G\u00e4lischen und bedeutet \u201eTal der Hirsche\u201c. Der Hirsch ist als Wappentier auf jeder Flasche Glenfiddich zu finden. Sie liegt im Herzen der Speyside, genauer gesagt in Dufftown. Auch &#8220;The Giant&#8221; genannt, hat sie eine eindrucksvolle Produktionskapazit\u00e4t von j\u00e4hrlich[&#8230;]\n","protected":false},"featured_media":3711218,"comment_status":"closed","ping_status":"closed","template":"","meta":[],"product_brand":[],"product_cat":[1233],"product_tag":[],"class_list":{"0":"post-5351749","1":"product","2":"type-product","3":"status-publish","4":"has-post-thumbnail","6":"product_cat-no-20","8":"first","9":"instock","10":"shipping-taxable","11":"purchasable","12":"product-type-auction"},"yoast_head":"<!-- This site is optimized with the Yoast SEO plugin v27.0 - https:\/\/yoast.com\/product\/yoast-seo-wordpress\/ -->\n<title>Glenfiddich - Clans of the Highlands Clan Drummond - Dramfolks Whisky Auction<\/title>\n<meta name=\"robots\" content=\"index, follow, max-snippet:-1, max-image-preview:large, max-video-preview:-1\" \/>\n<link rel=\"canonical\" href=\"https:\/\/www.dramfolks-whisky-auction.com\/en\/product\/glenfiddich-clans-of-the-highlands-clan-drummond-4\/\" \/>\n<meta property=\"og:locale\" content=\"en_US\" \/>\n<meta property=\"og:type\" content=\"article\" \/>\n<meta property=\"og:title\" content=\"Glenfiddich - Clans of the Highlands Clan Drummond - Dramfolks Whisky Auction\" \/>\n<meta property=\"og:description\" content=\"Destille: Glenfiddich Glenfiddich ist die bekannteste und erfolgreichste Brennerei Schottlands. Die Destillerie erhielt ihren Namen aus dem G\u00e4lischen und bedeutet \u201eTal der Hirsche\u201c. Der Hirsch ist als Wappentier auf jeder Flasche Glenfiddich zu finden. Sie liegt im Herzen der Speyside, genauer gesagt in Dufftown. Auch &#8220;The Giant&#8221; genannt, hat sie eine eindrucksvolle Produktionskapazit\u00e4t von j\u00e4hrlich[...]\" \/>\n<meta property=\"og:url\" content=\"https:\/\/www.dramfolks-whisky-auction.com\/en\/product\/glenfiddich-clans-of-the-highlands-clan-drummond-4\/\" \/>\n<meta property=\"og:site_name\" content=\"Dramfolks Whisky Auction\" \/>\n<meta property=\"article:modified_time\" content=\"2025-10-05T17:15:55+00:00\" \/>\n<meta property=\"og:image\" content=\"https:\/\/www.dramfolks-whisky-auction.com\/wp-content\/uploads\/2025\/06\/Glenfiddich-Clan-Drummond-vorne-scaled.jpg\" \/>\n\t<meta property=\"og:image:width\" content=\"2560\" \/>\n\t<meta property=\"og:image:height\" content=\"2560\" \/>\n\t<meta property=\"og:image:type\" content=\"image\/jpeg\" \/>\n<meta name=\"twitter:card\" content=\"summary_large_image\" \/>\n<meta name=\"twitter:label1\" content=\"Est. reading time\" \/>\n\t<meta name=\"twitter:data1\" content=\"3 minutes\" \/>\n<script type=\"application\/ld+json\" class=\"yoast-schema-graph\">{\"@context\":\"https:\/\/schema.org\",\"@graph\":[{\"@type\":\"WebPage\",\"@id\":\"https:\/\/www.dramfolks-whisky-auction.com\/en\/product\/glenfiddich-clans-of-the-highlands-clan-drummond-4\/\",\"url\":\"https:\/\/www.dramfolks-whisky-auction.com\/en\/product\/glenfiddich-clans-of-the-highlands-clan-drummond-4\/\",\"name\":\"Glenfiddich - Clans of the Highlands Clan Drummond - Dramfolks Whisky Auction\",\"isPartOf\":{\"@id\":\"https:\/\/www.dramfolks-whisky-auction.com\/en\/#website\"},\"primaryImageOfPage\":{\"@id\":\"https:\/\/www.dramfolks-whisky-auction.com\/en\/product\/glenfiddich-clans-of-the-highlands-clan-drummond-4\/#primaryimage\"},\"image\":{\"@id\":\"https:\/\/www.dramfolks-whisky-auction.com\/en\/product\/glenfiddich-clans-of-the-highlands-clan-drummond-4\/#primaryimage\"},\"thumbnailUrl\":\"https:\/\/www.dramfolks-whisky-auction.com\/wp-content\/uploads\/2025\/06\/Glenfiddich-Clan-Drummond-vorne-scaled.jpg\",\"datePublished\":\"2025-09-19T06:04:32+00:00\",\"dateModified\":\"2025-10-05T17:15:55+00:00\",\"breadcrumb\":{\"@id\":\"https:\/\/www.dramfolks-whisky-auction.com\/en\/product\/glenfiddich-clans-of-the-highlands-clan-drummond-4\/#breadcrumb\"},\"inLanguage\":\"en-US\",\"potentialAction\":[{\"@type\":\"ReadAction\",\"target\":[\"https:\/\/www.dramfolks-whisky-auction.com\/en\/product\/glenfiddich-clans-of-the-highlands-clan-drummond-4\/\"]}]},{\"@type\":\"ImageObject\",\"inLanguage\":\"en-US\",\"@id\":\"https:\/\/www.dramfolks-whisky-auction.com\/en\/product\/glenfiddich-clans-of-the-highlands-clan-drummond-4\/#primaryimage\",\"url\":\"https:\/\/www.dramfolks-whisky-auction.com\/wp-content\/uploads\/2025\/06\/Glenfiddich-Clan-Drummond-vorne-scaled.jpg\",\"contentUrl\":\"https:\/\/www.dramfolks-whisky-auction.com\/wp-content\/uploads\/2025\/06\/Glenfiddich-Clan-Drummond-vorne-scaled.jpg\",\"width\":2560,\"height\":2560},{\"@type\":\"BreadcrumbList\",\"@id\":\"https:\/\/www.dramfolks-whisky-auction.com\/en\/product\/glenfiddich-clans-of-the-highlands-clan-drummond-4\/#breadcrumb\",\"itemListElement\":[{\"@type\":\"ListItem\",\"position\":1,\"name\":\"Startseite\",\"item\":\"https:\/\/www.dramfolks-whisky-auction.com\/en\/\"},{\"@type\":\"ListItem\",\"position\":2,\"name\":\"Shop\",\"item\":\"https:\/\/www.dramfolks-whisky-auction.com\/en\/shop\/\"},{\"@type\":\"ListItem\",\"position\":3,\"name\":\"Glenfiddich &#8211; Clans of the Highlands Clan Drummond\"}]},{\"@type\":\"WebSite\",\"@id\":\"https:\/\/www.dramfolks-whisky-auction.com\/en\/#website\",\"url\":\"https:\/\/www.dramfolks-whisky-auction.com\/en\/\",\"name\":\"Dramfolks Whisky Auction\",\"description\":\"\",\"potentialAction\":[{\"@type\":\"SearchAction\",\"target\":{\"@type\":\"EntryPoint\",\"urlTemplate\":\"https:\/\/www.dramfolks-whisky-auction.com\/en\/?s={search_term_string}\"},\"query-input\":{\"@type\":\"PropertyValueSpecification\",\"valueRequired\":true,\"valueName\":\"search_term_string\"}}],\"inLanguage\":\"en-US\"}]}<\/script>\n<!-- \/ Yoast SEO plugin. -->","yoast_head_json":{"title":"Glenfiddich - Clans of the Highlands Clan Drummond - Dramfolks Whisky Auction","robots":{"index":"index","follow":"follow","max-snippet":"max-snippet:-1","max-image-preview":"max-image-preview:large","max-video-preview":"max-video-preview:-1"},"canonical":"https:\/\/www.dramfolks-whisky-auction.com\/en\/product\/glenfiddich-clans-of-the-highlands-clan-drummond-4\/","og_locale":"en_US","og_type":"article","og_title":"Glenfiddich - Clans of the Highlands Clan Drummond - Dramfolks Whisky Auction","og_description":"Destille: Glenfiddich Glenfiddich ist die bekannteste und erfolgreichste Brennerei Schottlands. Die Destillerie erhielt ihren Namen aus dem G\u00e4lischen und bedeutet \u201eTal der Hirsche\u201c. Der Hirsch ist als Wappentier auf jeder Flasche Glenfiddich zu finden. Sie liegt im Herzen der Speyside, genauer gesagt in Dufftown. Auch &#8220;The Giant&#8221; genannt, hat sie eine eindrucksvolle Produktionskapazit\u00e4t von j\u00e4hrlich[...]","og_url":"https:\/\/www.dramfolks-whisky-auction.com\/en\/product\/glenfiddich-clans-of-the-highlands-clan-drummond-4\/","og_site_name":"Dramfolks Whisky Auction","article_modified_time":"2025-10-05T17:15:55+00:00","og_image":[{"width":2560,"height":2560,"url":"https:\/\/www.dramfolks-whisky-auction.com\/wp-content\/uploads\/2025\/06\/Glenfiddich-Clan-Drummond-vorne-scaled.jpg","type":"image\/jpeg"}],"twitter_card":"summary_large_image","twitter_misc":{"Est. reading time":"3 minutes"},"schema":{"@context":"https:\/\/schema.org","@graph":[{"@type":"WebPage","@id":"https:\/\/www.dramfolks-whisky-auction.com\/en\/product\/glenfiddich-clans-of-the-highlands-clan-drummond-4\/","url":"https:\/\/www.dramfolks-whisky-auction.com\/en\/product\/glenfiddich-clans-of-the-highlands-clan-drummond-4\/","name":"Glenfiddich - Clans of the Highlands Clan Drummond - Dramfolks Whisky Auction","isPartOf":{"@id":"https:\/\/www.dramfolks-whisky-auction.com\/en\/#website"},"primaryImageOfPage":{"@id":"https:\/\/www.dramfolks-whisky-auction.com\/en\/product\/glenfiddich-clans-of-the-highlands-clan-drummond-4\/#primaryimage"},"image":{"@id":"https:\/\/www.dramfolks-whisky-auction.com\/en\/product\/glenfiddich-clans-of-the-highlands-clan-drummond-4\/#primaryimage"},"thumbnailUrl":"https:\/\/www.dramfolks-whisky-auction.com\/wp-content\/uploads\/2025\/06\/Glenfiddich-Clan-Drummond-vorne-scaled.jpg","datePublished":"2025-09-19T06:04:32+00:00","dateModified":"2025-10-05T17:15:55+00:00","breadcrumb":{"@id":"https:\/\/www.dramfolks-whisky-auction.com\/en\/product\/glenfiddich-clans-of-the-highlands-clan-drummond-4\/#breadcrumb"},"inLanguage":"en-US","potentialAction":[{"@type":"ReadAction","target":["https:\/\/www.dramfolks-whisky-auction.com\/en\/product\/glenfiddich-clans-of-the-highlands-clan-drummond-4\/"]}]},{"@type":"ImageObject","inLanguage":"en-US","@id":"https:\/\/www.dramfolks-whisky-auction.com\/en\/product\/glenfiddich-clans-of-the-highlands-clan-drummond-4\/#primaryimage","url":"https:\/\/www.dramfolks-whisky-auction.com\/wp-content\/uploads\/2025\/06\/Glenfiddich-Clan-Drummond-vorne-scaled.jpg","contentUrl":"https:\/\/www.dramfolks-whisky-auction.com\/wp-content\/uploads\/2025\/06\/Glenfiddich-Clan-Drummond-vorne-scaled.jpg","width":2560,"height":2560},{"@type":"BreadcrumbList","@id":"https:\/\/www.dramfolks-whisky-auction.com\/en\/product\/glenfiddich-clans-of-the-highlands-clan-drummond-4\/#breadcrumb","itemListElement":[{"@type":"ListItem","position":1,"name":"Startseite","item":"https:\/\/www.dramfolks-whisky-auction.com\/en\/"},{"@type":"ListItem","position":2,"name":"Shop","item":"https:\/\/www.dramfolks-whisky-auction.com\/en\/shop\/"},{"@type":"ListItem","position":3,"name":"Glenfiddich &#8211; Clans of the Highlands Clan Drummond"}]},{"@type":"WebSite","@id":"https:\/\/www.dramfolks-whisky-auction.com\/en\/#website","url":"https:\/\/www.dramfolks-whisky-auction.com\/en\/","name":"Dramfolks Whisky Auction","description":"","potentialAction":[{"@type":"SearchAction","target":{"@type":"EntryPoint","urlTemplate":"https:\/\/www.dramfolks-whisky-auction.com\/en\/?s={search_term_string}"},"query-input":{"@type":"PropertyValueSpecification","valueRequired":true,"valueName":"search_term_string"}}],"inLanguage":"en-US"}]}},"_links":{"self":[{"href":"https:\/\/www.dramfolks-whisky-auction.com\/en\/wp-json\/wp\/v2\/product\/5351749","targetHints":{"allow":["GET"]}}],"collection":[{"href":"https:\/\/www.dramfolks-whisky-auction.com\/en\/wp-json\/wp\/v2\/product"}],"about":[{"href":"https:\/\/www.dramfolks-whisky-auction.com\/en\/wp-json\/wp\/v2\/types\/product"}],"replies":[{"embeddable":true,"href":"https:\/\/www.dramfolks-whisky-auction.com\/en\/wp-json\/wp\/v2\/comments?post=5351749"}],"wp:featuredmedia":[{"embeddable":true,"href":"https:\/\/www.dramfolks-whisky-auction.com\/en\/wp-json\/wp\/v2\/media\/3711218"}],"wp:attachment":[{"href":"https:\/\/www.dramfolks-whisky-auction.com\/en\/wp-json\/wp\/v2\/media?parent=5351749"}],"wp:term":[{"taxonomy":"product_brand","embeddable":true,"href":"https:\/\/www.dramfolks-whisky-auction.com\/en\/wp-json\/wp\/v2\/product_brand?post=5351749"},{"taxonomy":"product_cat","embeddable":true,"href":"https:\/\/www.dramfolks-whisky-auction.com\/en\/wp-json\/wp\/v2\/product_cat?post=5351749"},{"taxonomy":"product_tag","embeddable":true,"href":"https:\/\/www.dramfolks-whisky-auction.com\/en\/wp-json\/wp\/v2\/product_tag?post=5351749"}],"curies":[{"name":"wp","href":"https:\/\/api.w.org\/{rel}","templated":true}]}}