{"id":5351208,"date":"2025-09-19T08:02:25","date_gmt":"2025-09-19T06:02:25","guid":{"rendered":"https:\/\/www.dramfolks-whisky-auction.com\/?post_type=product&#038;p=5351208"},"modified":"2025-10-05T19:30:20","modified_gmt":"2025-10-05T17:30:20","slug":"black-velvet-distillery-imported-canadian-whisky-1979-1980-4","status":"publish","type":"product","link":"https:\/\/www.dramfolks-whisky-auction.com\/en\/product\/black-velvet-distillery-imported-canadian-whisky-1979-1980-4\/","title":{"rendered":"Black Velvet Distillery &#8211; Imported Canadian Whisky 1979\/1980"},"content":{"rendered":"<p><strong>Destille: Black Velvet Distillery<br \/>\n<\/strong>Black Velvet Whisky ist eine kanadische Whiskymarke, die sich im Besitz von Heaven Hill befindet und in der Black Velvet Distillery in Lethbridge, Alberta, hergestellt wird. Es hat einen weichen Geschmack und ist bekannt f\u00fcr seine schwarze Etikettierung.<br \/>\nBlack Velvet wurde urspr\u00fcnglich bei Schenley Industries in Valleyfield, Quebec, Kanada, hergestellt. Schenley&#8217;s Black Velvet DeLuxe war im Zweiten Weltkrieg der einzige Schnaps, der den U-Boot-Offizieren in Midway zur Verf\u00fcgung stand, wo er wenig gesch\u00e4tzt wurde und als &#8220;Schenley&#8217;s Black Death&#8221; bekannt war.<br \/>\nDer urspr\u00fcngliche Besitzer Heublein wurde 1987 an Grand Metropolitan verkauft. Grand Metropolitan und Guinness fusionierten 1997 zu Diageo. Im Jahr 1999 wurde die Brennerei von Diageo an Canandaigua Brands verkauft. Sie besa\u00dfen die Destillerie und die Marke 20 Jahre lang, bevor sie sie zusammen mit einem Bestand an reifendem Whisky f\u00fcr 266 Millionen US-Dollar an Heaven Hill verkauften.<br \/>\nUrspr\u00fcnglich unter dem Namen &#8220;Black Label&#8221; genannt, wurde der Name in den sp\u00e4ten 1940er Jahren auf Anregung des Master Distillers Jack Napier in &#8220;Black Velvet&#8221; ge\u00e4ndert, weil er der Meinung war, dass er einen samtigen Geschmack und eine Geschmeidigkeit hat.<\/p>\n<p><strong>Fun fact:<\/strong> Ladies first&#8230; Die erste Black Velvet Lady, Patricia Victoria Miller, wurde 1969 der Welt als Werbemittel f\u00fcr Black Velvet vorgestellt. Seitdem sind so ber\u00fchmte Namen wie Christie Brinkley, Cybill Shepherd, Kim Alexis, Cheryl Tiegs, Micah Wylde und Kelly Emberg alle Black Velvet Ladies. Dar\u00fcber hinaus sind die Schauspieler Telly Savalas, Larry Hagman, George Burns und die Country-S\u00e4ngerin Tanya Tucker in den Werbespots zu sehen. Die aktuelle Black Velvet Lady ist Tami Donaldson, geboren und aufgewachsen in Hollywood, Florida.<\/p>\n<p><strong>Whisky\/Whiskey: Imported Canadian Whisky 1979\/1980<\/strong><br \/>\nDiese Ein-Liter-Flasche Black Velvet Imported Canadian Whisky repr\u00e4sentiert ein St\u00fcck Destillationsgeschichte aus dem Jahr 1979\/1980. Black Velvet wird in der reichen Tradition der kanadischen Whiskyherstellung hergestellt und ist seit seiner Einf\u00fchrung in den 1940er Jahren f\u00fcr seinen weichen, zug\u00e4nglichen Charakter bekannt. Das gr\u00f6\u00dfere Literformat war in den sp\u00e4ten 1970er Jahren beliebt und bot den Verbrauchern mehr von ihrer Lieblingsspirituose zum Genie\u00dfen und Teilen. Diese Vintage-Flasche zeigt die klassische Black Velvet-Etikettierung und -Verpackung aus dieser Zeit und ist damit ein Sammlerst\u00fcck f\u00fcr Whisky-Enthusiasten und eine nostalgische Erinnerung an vergangene Zeiten. Egal, ob Sie ein langj\u00e4hriger Fan von kanadischem Whisky oder ein neugieriger Sammler sind, dieser 1979\/80er Black Velvet bietet einen Einblick in die Welt der Spirituosen von vor \u00fcber vier Jahrzehnten.<\/p>\n<p><strong>Info Qualit\u00e4t der Flasche:<\/strong> Exzellent ohne Besch\u00e4digungen \/ <strong>F\u00fcllstand:<\/strong> Into neck<br \/>\n<strong>Info Qualit\u00e4t der Box:<\/strong> keine Box vorhanden<\/p>\n<p><strong>Wichtiger Hinweis:<\/strong> Die Bewertung der Flaschen und Boxen erfolgt nach \u201ebesten Wissen und Gewissen\u201c. dramfolks kann keine Gew\u00e4hrleistung f\u00fcr den Inhalt der Flaschen \u00fcbernehmen. Weitere Infos &amp; Hinweise finden Sie in unseren AGBs. Wir empfehlen Ihnen, vor der Abgabe von Geboten \u00fcber die Zoomfunktion eine Besichtigung \/ genaue Pr\u00fcfung des angebotenen Whiskys vorzunehmen. Bitte kontaktieren sie uns bei Fragen direkt unter info@dramfolks.com<\/p>\n","protected":false},"excerpt":{"rendered":"<p>Destille: Black Velvet Distillery Black Velvet Whisky ist eine kanadische Whiskymarke, die sich im Besitz von Heaven Hill befindet und in der Black Velvet Distillery in Lethbridge, Alberta, hergestellt wird. Es hat einen weichen Geschmack und ist bekannt f\u00fcr seine schwarze Etikettierung. Black Velvet wurde urspr\u00fcnglich bei Schenley Industries in Valleyfield, Quebec, Kanada, hergestellt. Schenley&#8217;s[&#8230;]\n","protected":false},"featured_media":3711385,"comment_status":"closed","ping_status":"closed","template":"","meta":[],"product_brand":[],"product_cat":[1233],"product_tag":[],"class_list":{"0":"post-5351208","1":"product","2":"type-product","3":"status-publish","4":"has-post-thumbnail","6":"product_cat-no-20","8":"first","9":"instock","10":"shipping-taxable","11":"purchasable","12":"product-type-auction"},"yoast_head":"<!-- This site is optimized with the Yoast SEO plugin v27.0 - https:\/\/yoast.com\/product\/yoast-seo-wordpress\/ -->\n<title>Black Velvet Distillery - Imported Canadian Whisky 1979\/1980 - Dramfolks Whisky Auction<\/title>\n<meta name=\"robots\" content=\"index, follow, max-snippet:-1, max-image-preview:large, max-video-preview:-1\" \/>\n<link rel=\"canonical\" href=\"https:\/\/www.dramfolks-whisky-auction.com\/en\/product\/black-velvet-distillery-imported-canadian-whisky-1979-1980-4\/\" \/>\n<meta property=\"og:locale\" content=\"en_US\" \/>\n<meta property=\"og:type\" content=\"article\" \/>\n<meta property=\"og:title\" content=\"Black Velvet Distillery - Imported Canadian Whisky 1979\/1980 - Dramfolks Whisky Auction\" \/>\n<meta property=\"og:description\" content=\"Destille: Black Velvet Distillery Black Velvet Whisky ist eine kanadische Whiskymarke, die sich im Besitz von Heaven Hill befindet und in der Black Velvet Distillery in Lethbridge, Alberta, hergestellt wird. Es hat einen weichen Geschmack und ist bekannt f\u00fcr seine schwarze Etikettierung. Black Velvet wurde urspr\u00fcnglich bei Schenley Industries in Valleyfield, Quebec, Kanada, hergestellt. Schenley&#8217;s[...]\" \/>\n<meta property=\"og:url\" content=\"https:\/\/www.dramfolks-whisky-auction.com\/en\/product\/black-velvet-distillery-imported-canadian-whisky-1979-1980-4\/\" \/>\n<meta property=\"og:site_name\" content=\"Dramfolks Whisky Auction\" \/>\n<meta property=\"article:modified_time\" content=\"2025-10-05T17:30:20+00:00\" \/>\n<meta property=\"og:image\" content=\"https:\/\/www.dramfolks-whisky-auction.com\/wp-content\/uploads\/2025\/06\/Black-Velvet-vorne-scaled.jpg\" \/>\n\t<meta property=\"og:image:width\" content=\"2560\" \/>\n\t<meta property=\"og:image:height\" content=\"2560\" \/>\n\t<meta property=\"og:image:type\" content=\"image\/jpeg\" \/>\n<meta name=\"twitter:card\" content=\"summary_large_image\" \/>\n<meta name=\"twitter:label1\" content=\"Est. reading time\" \/>\n\t<meta name=\"twitter:data1\" content=\"3 minutes\" \/>\n<script type=\"application\/ld+json\" class=\"yoast-schema-graph\">{\"@context\":\"https:\/\/schema.org\",\"@graph\":[{\"@type\":\"WebPage\",\"@id\":\"https:\/\/www.dramfolks-whisky-auction.com\/en\/product\/black-velvet-distillery-imported-canadian-whisky-1979-1980-4\/\",\"url\":\"https:\/\/www.dramfolks-whisky-auction.com\/en\/product\/black-velvet-distillery-imported-canadian-whisky-1979-1980-4\/\",\"name\":\"Black Velvet Distillery - Imported Canadian Whisky 1979\/1980 - Dramfolks Whisky Auction\",\"isPartOf\":{\"@id\":\"https:\/\/www.dramfolks-whisky-auction.com\/en\/#website\"},\"primaryImageOfPage\":{\"@id\":\"https:\/\/www.dramfolks-whisky-auction.com\/en\/product\/black-velvet-distillery-imported-canadian-whisky-1979-1980-4\/#primaryimage\"},\"image\":{\"@id\":\"https:\/\/www.dramfolks-whisky-auction.com\/en\/product\/black-velvet-distillery-imported-canadian-whisky-1979-1980-4\/#primaryimage\"},\"thumbnailUrl\":\"https:\/\/www.dramfolks-whisky-auction.com\/wp-content\/uploads\/2025\/06\/Black-Velvet-vorne-scaled.jpg\",\"datePublished\":\"2025-09-19T06:02:25+00:00\",\"dateModified\":\"2025-10-05T17:30:20+00:00\",\"breadcrumb\":{\"@id\":\"https:\/\/www.dramfolks-whisky-auction.com\/en\/product\/black-velvet-distillery-imported-canadian-whisky-1979-1980-4\/#breadcrumb\"},\"inLanguage\":\"en-US\",\"potentialAction\":[{\"@type\":\"ReadAction\",\"target\":[\"https:\/\/www.dramfolks-whisky-auction.com\/en\/product\/black-velvet-distillery-imported-canadian-whisky-1979-1980-4\/\"]}]},{\"@type\":\"ImageObject\",\"inLanguage\":\"en-US\",\"@id\":\"https:\/\/www.dramfolks-whisky-auction.com\/en\/product\/black-velvet-distillery-imported-canadian-whisky-1979-1980-4\/#primaryimage\",\"url\":\"https:\/\/www.dramfolks-whisky-auction.com\/wp-content\/uploads\/2025\/06\/Black-Velvet-vorne-scaled.jpg\",\"contentUrl\":\"https:\/\/www.dramfolks-whisky-auction.com\/wp-content\/uploads\/2025\/06\/Black-Velvet-vorne-scaled.jpg\",\"width\":2560,\"height\":2560},{\"@type\":\"BreadcrumbList\",\"@id\":\"https:\/\/www.dramfolks-whisky-auction.com\/en\/product\/black-velvet-distillery-imported-canadian-whisky-1979-1980-4\/#breadcrumb\",\"itemListElement\":[{\"@type\":\"ListItem\",\"position\":1,\"name\":\"Startseite\",\"item\":\"https:\/\/www.dramfolks-whisky-auction.com\/en\/\"},{\"@type\":\"ListItem\",\"position\":2,\"name\":\"Shop\",\"item\":\"https:\/\/www.dramfolks-whisky-auction.com\/en\/shop\/\"},{\"@type\":\"ListItem\",\"position\":3,\"name\":\"Black Velvet Distillery &#8211; Imported Canadian Whisky 1979\/1980\"}]},{\"@type\":\"WebSite\",\"@id\":\"https:\/\/www.dramfolks-whisky-auction.com\/en\/#website\",\"url\":\"https:\/\/www.dramfolks-whisky-auction.com\/en\/\",\"name\":\"Dramfolks Whisky Auction\",\"description\":\"\",\"potentialAction\":[{\"@type\":\"SearchAction\",\"target\":{\"@type\":\"EntryPoint\",\"urlTemplate\":\"https:\/\/www.dramfolks-whisky-auction.com\/en\/?s={search_term_string}\"},\"query-input\":{\"@type\":\"PropertyValueSpecification\",\"valueRequired\":true,\"valueName\":\"search_term_string\"}}],\"inLanguage\":\"en-US\"}]}<\/script>\n<!-- \/ Yoast SEO plugin. -->","yoast_head_json":{"title":"Black Velvet Distillery - Imported Canadian Whisky 1979\/1980 - Dramfolks Whisky Auction","robots":{"index":"index","follow":"follow","max-snippet":"max-snippet:-1","max-image-preview":"max-image-preview:large","max-video-preview":"max-video-preview:-1"},"canonical":"https:\/\/www.dramfolks-whisky-auction.com\/en\/product\/black-velvet-distillery-imported-canadian-whisky-1979-1980-4\/","og_locale":"en_US","og_type":"article","og_title":"Black Velvet Distillery - Imported Canadian Whisky 1979\/1980 - Dramfolks Whisky Auction","og_description":"Destille: Black Velvet Distillery Black Velvet Whisky ist eine kanadische Whiskymarke, die sich im Besitz von Heaven Hill befindet und in der Black Velvet Distillery in Lethbridge, Alberta, hergestellt wird. Es hat einen weichen Geschmack und ist bekannt f\u00fcr seine schwarze Etikettierung. Black Velvet wurde urspr\u00fcnglich bei Schenley Industries in Valleyfield, Quebec, Kanada, hergestellt. Schenley&#8217;s[...]","og_url":"https:\/\/www.dramfolks-whisky-auction.com\/en\/product\/black-velvet-distillery-imported-canadian-whisky-1979-1980-4\/","og_site_name":"Dramfolks Whisky Auction","article_modified_time":"2025-10-05T17:30:20+00:00","og_image":[{"width":2560,"height":2560,"url":"https:\/\/www.dramfolks-whisky-auction.com\/wp-content\/uploads\/2025\/06\/Black-Velvet-vorne-scaled.jpg","type":"image\/jpeg"}],"twitter_card":"summary_large_image","twitter_misc":{"Est. reading time":"3 minutes"},"schema":{"@context":"https:\/\/schema.org","@graph":[{"@type":"WebPage","@id":"https:\/\/www.dramfolks-whisky-auction.com\/en\/product\/black-velvet-distillery-imported-canadian-whisky-1979-1980-4\/","url":"https:\/\/www.dramfolks-whisky-auction.com\/en\/product\/black-velvet-distillery-imported-canadian-whisky-1979-1980-4\/","name":"Black Velvet Distillery - Imported Canadian Whisky 1979\/1980 - Dramfolks Whisky Auction","isPartOf":{"@id":"https:\/\/www.dramfolks-whisky-auction.com\/en\/#website"},"primaryImageOfPage":{"@id":"https:\/\/www.dramfolks-whisky-auction.com\/en\/product\/black-velvet-distillery-imported-canadian-whisky-1979-1980-4\/#primaryimage"},"image":{"@id":"https:\/\/www.dramfolks-whisky-auction.com\/en\/product\/black-velvet-distillery-imported-canadian-whisky-1979-1980-4\/#primaryimage"},"thumbnailUrl":"https:\/\/www.dramfolks-whisky-auction.com\/wp-content\/uploads\/2025\/06\/Black-Velvet-vorne-scaled.jpg","datePublished":"2025-09-19T06:02:25+00:00","dateModified":"2025-10-05T17:30:20+00:00","breadcrumb":{"@id":"https:\/\/www.dramfolks-whisky-auction.com\/en\/product\/black-velvet-distillery-imported-canadian-whisky-1979-1980-4\/#breadcrumb"},"inLanguage":"en-US","potentialAction":[{"@type":"ReadAction","target":["https:\/\/www.dramfolks-whisky-auction.com\/en\/product\/black-velvet-distillery-imported-canadian-whisky-1979-1980-4\/"]}]},{"@type":"ImageObject","inLanguage":"en-US","@id":"https:\/\/www.dramfolks-whisky-auction.com\/en\/product\/black-velvet-distillery-imported-canadian-whisky-1979-1980-4\/#primaryimage","url":"https:\/\/www.dramfolks-whisky-auction.com\/wp-content\/uploads\/2025\/06\/Black-Velvet-vorne-scaled.jpg","contentUrl":"https:\/\/www.dramfolks-whisky-auction.com\/wp-content\/uploads\/2025\/06\/Black-Velvet-vorne-scaled.jpg","width":2560,"height":2560},{"@type":"BreadcrumbList","@id":"https:\/\/www.dramfolks-whisky-auction.com\/en\/product\/black-velvet-distillery-imported-canadian-whisky-1979-1980-4\/#breadcrumb","itemListElement":[{"@type":"ListItem","position":1,"name":"Startseite","item":"https:\/\/www.dramfolks-whisky-auction.com\/en\/"},{"@type":"ListItem","position":2,"name":"Shop","item":"https:\/\/www.dramfolks-whisky-auction.com\/en\/shop\/"},{"@type":"ListItem","position":3,"name":"Black Velvet Distillery &#8211; Imported Canadian Whisky 1979\/1980"}]},{"@type":"WebSite","@id":"https:\/\/www.dramfolks-whisky-auction.com\/en\/#website","url":"https:\/\/www.dramfolks-whisky-auction.com\/en\/","name":"Dramfolks Whisky Auction","description":"","potentialAction":[{"@type":"SearchAction","target":{"@type":"EntryPoint","urlTemplate":"https:\/\/www.dramfolks-whisky-auction.com\/en\/?s={search_term_string}"},"query-input":{"@type":"PropertyValueSpecification","valueRequired":true,"valueName":"search_term_string"}}],"inLanguage":"en-US"}]}},"_links":{"self":[{"href":"https:\/\/www.dramfolks-whisky-auction.com\/en\/wp-json\/wp\/v2\/product\/5351208","targetHints":{"allow":["GET"]}}],"collection":[{"href":"https:\/\/www.dramfolks-whisky-auction.com\/en\/wp-json\/wp\/v2\/product"}],"about":[{"href":"https:\/\/www.dramfolks-whisky-auction.com\/en\/wp-json\/wp\/v2\/types\/product"}],"replies":[{"embeddable":true,"href":"https:\/\/www.dramfolks-whisky-auction.com\/en\/wp-json\/wp\/v2\/comments?post=5351208"}],"wp:featuredmedia":[{"embeddable":true,"href":"https:\/\/www.dramfolks-whisky-auction.com\/en\/wp-json\/wp\/v2\/media\/3711385"}],"wp:attachment":[{"href":"https:\/\/www.dramfolks-whisky-auction.com\/en\/wp-json\/wp\/v2\/media?parent=5351208"}],"wp:term":[{"taxonomy":"product_brand","embeddable":true,"href":"https:\/\/www.dramfolks-whisky-auction.com\/en\/wp-json\/wp\/v2\/product_brand?post=5351208"},{"taxonomy":"product_cat","embeddable":true,"href":"https:\/\/www.dramfolks-whisky-auction.com\/en\/wp-json\/wp\/v2\/product_cat?post=5351208"},{"taxonomy":"product_tag","embeddable":true,"href":"https:\/\/www.dramfolks-whisky-auction.com\/en\/wp-json\/wp\/v2\/product_tag?post=5351208"}],"curies":[{"name":"wp","href":"https:\/\/api.w.org\/{rel}","templated":true}]}}