{"id":5283506,"date":"2025-09-18T15:02:44","date_gmt":"2025-09-18T13:02:44","guid":{"rendered":"https:\/\/www.dramfolks-whisky-auction.com\/?post_type=product&#038;p=5283506"},"modified":"2025-10-05T19:45:14","modified_gmt":"2025-10-05T17:45:14","slug":"mc-elegance-the-art-of-whisky-house-of-mccallum-5","status":"publish","type":"product","link":"https:\/\/www.dramfolks-whisky-auction.com\/en\/product\/mc-elegance-the-art-of-whisky-house-of-mccallum-5\/","title":{"rendered":"Mc Elegance The Art of Whisky (House of McCallum)"},"content":{"rendered":"<p><strong>Destille: Unbekannt<\/strong><br \/>\n&#8230;leider k\u00f6nnen wir euch an dieser Stelle nur mitteilen, dass eine Destillerie in den Highlands von Schottland ist.<\/p>\n<p><strong>Fun Fakt:<\/strong> &#8211;<\/p>\n<p><strong>Whisky\/Whiskey: Mc Elegance The Art of Whisky (House of McCallum)<br \/>\n<\/strong>Ein Single Malt von der der Speyside, aus der &#8220;The Art of Whisky&#8221; Reihe, mit einem Sauternes-Fass-Finish. All die Eleganz und Raffinesse, die man von einem Speyside Whisky erwarten w\u00fcrde. Dies zeigt das sch\u00f6ne Gem\u00e4lde des zweiten Cousins, des ber\u00fchmten schottischen K\u00fcnstlers Archibald Dunbar McIntosh, der in seinem Gem\u00e4lde die W\u00e4rme der schottischen Landschaft und die sich einzigartig ver\u00e4ndernden Konturen offenbart.<br \/>\nIn der Nase offenbaren sich&#8230; &#8220;Sommerbl\u00fcte, Stachelbeeren, Ingwer&#8221;. Am Gaumen dagegen kann man&#8230; &#8220;Haseln\u00fcsse, Biskuit, Honig und Ingwermarmelade&#8221; vernehmen, die sich dann im Finish zu einer &#8220;S\u00fc\u00dfe, elegant, Sommerwiesen und leichte Holzigkeit&#8221; verabschieden.<\/p>\n<p><strong>Side Note zum Abf\u00fcller: House of McCallum<\/strong><br \/>\nHouse of McCallum ist eine neue Kollektion von Scotch Whiskys, die von Antony McCallum, Malt Master, Blender und Sch\u00f6pfer au\u00dfergew\u00f6hnlicher Whiskys, mit 24 Jahren Erfahrung in der Whiskyindustrie in Schottland, hergestellt wird.<br \/>\nDer Clan McCallum ist einer der \u00e4ltesten Adelsclans in Schottland von der Westk\u00fcste Schottlands. Die Vorfahren lassen sich bis zu einigen der ersten K\u00f6nige Schottlands zur\u00fcckverfolgen. House of McCallum besteht aus zwei unterschiedlichen Serien: der Art of Whisky Collection &amp; Auld Alliance Vintage Collection und der Art of Rum. Dabei handelt es sich um limitierte Craft-Releases mit ausgew\u00e4hlten F\u00e4ssern f\u00fcr jede neue j\u00e4hrliche Ver\u00f6ffentlichung. Das gesamte Sortiment ist naturfarben und ungek\u00fchlt. Warum die 43,5% oder die 46,5% f\u00fcr die Jahrg\u00e4nge? Dies sind die von Anthony McCallum gew\u00e4hlten St\u00e4rken f\u00fcr die beste Balance, um die Aromen der Spirituose in jeder der Selektionen freizusetzen, mit etwas h\u00f6heren St\u00e4rken f\u00fcr einige ausgew\u00e4hlte F\u00e4sser. Warum die .5. Dies ist seine &#8220;Unterschrift&#8221; und basiert auf der Numerologie, die bis zu den Urspr\u00fcngen unserer Familie zur\u00fcckreicht.<\/p>\n<p><strong>Info Qualit\u00e4t der Flasche:<\/strong> Exzellent ohne Besch\u00e4digungen \/ <strong>F\u00fcllstand:<\/strong> Into neck<br \/>\n<strong>Info Qualit\u00e4t der Box:<\/strong> Exzellent ohne Besch\u00e4digungen<\/p>\n<p><strong>Wichtiger Hinweis:<\/strong> Die Bewertung der Flaschen und Boxen erfolgt nach &#8220;besten Wissen und Gewissen&#8221;. dramfolks kann keine Gew\u00e4hrleistung f\u00fcr den Inhalt der Flaschen \u00fcbernehmen. Weitere Infos &amp; Hinweise finden Sie in unseren AGBs. Wir empfehlen Ihnen, vor der Abgabe von Geboten \u00fcber die Zoomfunktion eine Besichtigung \/ genaue Pr\u00fcfung des angebotenen Whiskys vorzunehmen. Bitte kontaktieren sie uns bei Fragen direkt unter info@dramfolks.com<\/p>\n","protected":false},"excerpt":{"rendered":"<p>Destille: Unbekannt &#8230;leider k\u00f6nnen wir euch an dieser Stelle nur mitteilen, dass eine Destillerie in den Highlands von Schottland ist. Fun Fakt: &#8211; Whisky\/Whiskey: Mc Elegance The Art of Whisky (House of McCallum) Ein Single Malt von der der Speyside, aus der &#8220;The Art of Whisky&#8221; Reihe, mit einem Sauternes-Fass-Finish. All die Eleganz und Raffinesse,[&#8230;]\n","protected":false},"featured_media":1311533,"comment_status":"closed","ping_status":"closed","template":"","meta":[],"product_brand":[],"product_cat":[1233],"product_tag":[],"class_list":{"0":"post-5283506","1":"product","2":"type-product","3":"status-publish","4":"has-post-thumbnail","6":"product_cat-no-20","8":"first","9":"instock","10":"shipping-taxable","11":"purchasable","12":"product-type-auction"},"yoast_head":"<!-- This site is optimized with the Yoast SEO plugin v27.0 - https:\/\/yoast.com\/product\/yoast-seo-wordpress\/ -->\n<title>Mc Elegance The Art of Whisky (House of McCallum) - Dramfolks Whisky Auction<\/title>\n<meta name=\"robots\" content=\"index, follow, max-snippet:-1, max-image-preview:large, max-video-preview:-1\" \/>\n<link rel=\"canonical\" href=\"https:\/\/www.dramfolks-whisky-auction.com\/en\/product\/mc-elegance-the-art-of-whisky-house-of-mccallum-5\/\" \/>\n<meta property=\"og:locale\" content=\"en_US\" \/>\n<meta property=\"og:type\" content=\"article\" \/>\n<meta property=\"og:title\" content=\"Mc Elegance The Art of Whisky (House of McCallum) - Dramfolks Whisky Auction\" \/>\n<meta property=\"og:description\" content=\"Destille: Unbekannt &#8230;leider k\u00f6nnen wir euch an dieser Stelle nur mitteilen, dass eine Destillerie in den Highlands von Schottland ist. Fun Fakt: &#8211; Whisky\/Whiskey: Mc Elegance The Art of Whisky (House of McCallum) Ein Single Malt von der der Speyside, aus der &#8220;The Art of Whisky&#8221; Reihe, mit einem Sauternes-Fass-Finish. All die Eleganz und Raffinesse,[...]\" \/>\n<meta property=\"og:url\" content=\"https:\/\/www.dramfolks-whisky-auction.com\/en\/product\/mc-elegance-the-art-of-whisky-house-of-mccallum-5\/\" \/>\n<meta property=\"og:site_name\" content=\"Dramfolks Whisky Auction\" \/>\n<meta property=\"article:modified_time\" content=\"2025-10-05T17:45:14+00:00\" \/>\n<meta property=\"og:image\" content=\"https:\/\/www.dramfolks-whisky-auction.com\/wp-content\/uploads\/2024\/12\/Mc-Callum-Elegance-vorne-scaled.jpg\" \/>\n\t<meta property=\"og:image:width\" content=\"2560\" \/>\n\t<meta property=\"og:image:height\" content=\"2560\" \/>\n\t<meta property=\"og:image:type\" content=\"image\/jpeg\" \/>\n<meta name=\"twitter:card\" content=\"summary_large_image\" \/>\n<meta name=\"twitter:label1\" content=\"Est. reading time\" \/>\n\t<meta name=\"twitter:data1\" content=\"3 minutes\" \/>\n<script type=\"application\/ld+json\" class=\"yoast-schema-graph\">{\"@context\":\"https:\/\/schema.org\",\"@graph\":[{\"@type\":\"WebPage\",\"@id\":\"https:\/\/www.dramfolks-whisky-auction.com\/en\/product\/mc-elegance-the-art-of-whisky-house-of-mccallum-5\/\",\"url\":\"https:\/\/www.dramfolks-whisky-auction.com\/en\/product\/mc-elegance-the-art-of-whisky-house-of-mccallum-5\/\",\"name\":\"Mc Elegance The Art of Whisky (House of McCallum) - Dramfolks Whisky Auction\",\"isPartOf\":{\"@id\":\"https:\/\/www.dramfolks-whisky-auction.com\/en\/#website\"},\"primaryImageOfPage\":{\"@id\":\"https:\/\/www.dramfolks-whisky-auction.com\/en\/product\/mc-elegance-the-art-of-whisky-house-of-mccallum-5\/#primaryimage\"},\"image\":{\"@id\":\"https:\/\/www.dramfolks-whisky-auction.com\/en\/product\/mc-elegance-the-art-of-whisky-house-of-mccallum-5\/#primaryimage\"},\"thumbnailUrl\":\"https:\/\/www.dramfolks-whisky-auction.com\/wp-content\/uploads\/2024\/12\/Mc-Callum-Elegance-vorne-scaled.jpg\",\"datePublished\":\"2025-09-18T13:02:44+00:00\",\"dateModified\":\"2025-10-05T17:45:14+00:00\",\"breadcrumb\":{\"@id\":\"https:\/\/www.dramfolks-whisky-auction.com\/en\/product\/mc-elegance-the-art-of-whisky-house-of-mccallum-5\/#breadcrumb\"},\"inLanguage\":\"en-US\",\"potentialAction\":[{\"@type\":\"ReadAction\",\"target\":[\"https:\/\/www.dramfolks-whisky-auction.com\/en\/product\/mc-elegance-the-art-of-whisky-house-of-mccallum-5\/\"]}]},{\"@type\":\"ImageObject\",\"inLanguage\":\"en-US\",\"@id\":\"https:\/\/www.dramfolks-whisky-auction.com\/en\/product\/mc-elegance-the-art-of-whisky-house-of-mccallum-5\/#primaryimage\",\"url\":\"https:\/\/www.dramfolks-whisky-auction.com\/wp-content\/uploads\/2024\/12\/Mc-Callum-Elegance-vorne-scaled.jpg\",\"contentUrl\":\"https:\/\/www.dramfolks-whisky-auction.com\/wp-content\/uploads\/2024\/12\/Mc-Callum-Elegance-vorne-scaled.jpg\",\"width\":2560,\"height\":2560},{\"@type\":\"BreadcrumbList\",\"@id\":\"https:\/\/www.dramfolks-whisky-auction.com\/en\/product\/mc-elegance-the-art-of-whisky-house-of-mccallum-5\/#breadcrumb\",\"itemListElement\":[{\"@type\":\"ListItem\",\"position\":1,\"name\":\"Startseite\",\"item\":\"https:\/\/www.dramfolks-whisky-auction.com\/en\/\"},{\"@type\":\"ListItem\",\"position\":2,\"name\":\"Shop\",\"item\":\"https:\/\/www.dramfolks-whisky-auction.com\/en\/shop\/\"},{\"@type\":\"ListItem\",\"position\":3,\"name\":\"Mc Elegance The Art of Whisky (House of McCallum)\"}]},{\"@type\":\"WebSite\",\"@id\":\"https:\/\/www.dramfolks-whisky-auction.com\/en\/#website\",\"url\":\"https:\/\/www.dramfolks-whisky-auction.com\/en\/\",\"name\":\"Dramfolks Whisky Auction\",\"description\":\"\",\"potentialAction\":[{\"@type\":\"SearchAction\",\"target\":{\"@type\":\"EntryPoint\",\"urlTemplate\":\"https:\/\/www.dramfolks-whisky-auction.com\/en\/?s={search_term_string}\"},\"query-input\":{\"@type\":\"PropertyValueSpecification\",\"valueRequired\":true,\"valueName\":\"search_term_string\"}}],\"inLanguage\":\"en-US\"}]}<\/script>\n<!-- \/ Yoast SEO plugin. -->","yoast_head_json":{"title":"Mc Elegance The Art of Whisky (House of McCallum) - Dramfolks Whisky Auction","robots":{"index":"index","follow":"follow","max-snippet":"max-snippet:-1","max-image-preview":"max-image-preview:large","max-video-preview":"max-video-preview:-1"},"canonical":"https:\/\/www.dramfolks-whisky-auction.com\/en\/product\/mc-elegance-the-art-of-whisky-house-of-mccallum-5\/","og_locale":"en_US","og_type":"article","og_title":"Mc Elegance The Art of Whisky (House of McCallum) - Dramfolks Whisky Auction","og_description":"Destille: Unbekannt &#8230;leider k\u00f6nnen wir euch an dieser Stelle nur mitteilen, dass eine Destillerie in den Highlands von Schottland ist. Fun Fakt: &#8211; Whisky\/Whiskey: Mc Elegance The Art of Whisky (House of McCallum) Ein Single Malt von der der Speyside, aus der &#8220;The Art of Whisky&#8221; Reihe, mit einem Sauternes-Fass-Finish. All die Eleganz und Raffinesse,[...]","og_url":"https:\/\/www.dramfolks-whisky-auction.com\/en\/product\/mc-elegance-the-art-of-whisky-house-of-mccallum-5\/","og_site_name":"Dramfolks Whisky Auction","article_modified_time":"2025-10-05T17:45:14+00:00","og_image":[{"width":2560,"height":2560,"url":"https:\/\/www.dramfolks-whisky-auction.com\/wp-content\/uploads\/2024\/12\/Mc-Callum-Elegance-vorne-scaled.jpg","type":"image\/jpeg"}],"twitter_card":"summary_large_image","twitter_misc":{"Est. reading time":"3 minutes"},"schema":{"@context":"https:\/\/schema.org","@graph":[{"@type":"WebPage","@id":"https:\/\/www.dramfolks-whisky-auction.com\/en\/product\/mc-elegance-the-art-of-whisky-house-of-mccallum-5\/","url":"https:\/\/www.dramfolks-whisky-auction.com\/en\/product\/mc-elegance-the-art-of-whisky-house-of-mccallum-5\/","name":"Mc Elegance The Art of Whisky (House of McCallum) - Dramfolks Whisky Auction","isPartOf":{"@id":"https:\/\/www.dramfolks-whisky-auction.com\/en\/#website"},"primaryImageOfPage":{"@id":"https:\/\/www.dramfolks-whisky-auction.com\/en\/product\/mc-elegance-the-art-of-whisky-house-of-mccallum-5\/#primaryimage"},"image":{"@id":"https:\/\/www.dramfolks-whisky-auction.com\/en\/product\/mc-elegance-the-art-of-whisky-house-of-mccallum-5\/#primaryimage"},"thumbnailUrl":"https:\/\/www.dramfolks-whisky-auction.com\/wp-content\/uploads\/2024\/12\/Mc-Callum-Elegance-vorne-scaled.jpg","datePublished":"2025-09-18T13:02:44+00:00","dateModified":"2025-10-05T17:45:14+00:00","breadcrumb":{"@id":"https:\/\/www.dramfolks-whisky-auction.com\/en\/product\/mc-elegance-the-art-of-whisky-house-of-mccallum-5\/#breadcrumb"},"inLanguage":"en-US","potentialAction":[{"@type":"ReadAction","target":["https:\/\/www.dramfolks-whisky-auction.com\/en\/product\/mc-elegance-the-art-of-whisky-house-of-mccallum-5\/"]}]},{"@type":"ImageObject","inLanguage":"en-US","@id":"https:\/\/www.dramfolks-whisky-auction.com\/en\/product\/mc-elegance-the-art-of-whisky-house-of-mccallum-5\/#primaryimage","url":"https:\/\/www.dramfolks-whisky-auction.com\/wp-content\/uploads\/2024\/12\/Mc-Callum-Elegance-vorne-scaled.jpg","contentUrl":"https:\/\/www.dramfolks-whisky-auction.com\/wp-content\/uploads\/2024\/12\/Mc-Callum-Elegance-vorne-scaled.jpg","width":2560,"height":2560},{"@type":"BreadcrumbList","@id":"https:\/\/www.dramfolks-whisky-auction.com\/en\/product\/mc-elegance-the-art-of-whisky-house-of-mccallum-5\/#breadcrumb","itemListElement":[{"@type":"ListItem","position":1,"name":"Startseite","item":"https:\/\/www.dramfolks-whisky-auction.com\/en\/"},{"@type":"ListItem","position":2,"name":"Shop","item":"https:\/\/www.dramfolks-whisky-auction.com\/en\/shop\/"},{"@type":"ListItem","position":3,"name":"Mc Elegance The Art of Whisky (House of McCallum)"}]},{"@type":"WebSite","@id":"https:\/\/www.dramfolks-whisky-auction.com\/en\/#website","url":"https:\/\/www.dramfolks-whisky-auction.com\/en\/","name":"Dramfolks Whisky Auction","description":"","potentialAction":[{"@type":"SearchAction","target":{"@type":"EntryPoint","urlTemplate":"https:\/\/www.dramfolks-whisky-auction.com\/en\/?s={search_term_string}"},"query-input":{"@type":"PropertyValueSpecification","valueRequired":true,"valueName":"search_term_string"}}],"inLanguage":"en-US"}]}},"_links":{"self":[{"href":"https:\/\/www.dramfolks-whisky-auction.com\/en\/wp-json\/wp\/v2\/product\/5283506","targetHints":{"allow":["GET"]}}],"collection":[{"href":"https:\/\/www.dramfolks-whisky-auction.com\/en\/wp-json\/wp\/v2\/product"}],"about":[{"href":"https:\/\/www.dramfolks-whisky-auction.com\/en\/wp-json\/wp\/v2\/types\/product"}],"replies":[{"embeddable":true,"href":"https:\/\/www.dramfolks-whisky-auction.com\/en\/wp-json\/wp\/v2\/comments?post=5283506"}],"wp:featuredmedia":[{"embeddable":true,"href":"https:\/\/www.dramfolks-whisky-auction.com\/en\/wp-json\/wp\/v2\/media\/1311533"}],"wp:attachment":[{"href":"https:\/\/www.dramfolks-whisky-auction.com\/en\/wp-json\/wp\/v2\/media?parent=5283506"}],"wp:term":[{"taxonomy":"product_brand","embeddable":true,"href":"https:\/\/www.dramfolks-whisky-auction.com\/en\/wp-json\/wp\/v2\/product_brand?post=5283506"},{"taxonomy":"product_cat","embeddable":true,"href":"https:\/\/www.dramfolks-whisky-auction.com\/en\/wp-json\/wp\/v2\/product_cat?post=5283506"},{"taxonomy":"product_tag","embeddable":true,"href":"https:\/\/www.dramfolks-whisky-auction.com\/en\/wp-json\/wp\/v2\/product_tag?post=5283506"}],"curies":[{"name":"wp","href":"https:\/\/api.w.org\/{rel}","templated":true}]}}