{"id":5278140,"date":"2025-09-18T08:13:24","date_gmt":"2025-09-18T06:13:24","guid":{"rendered":"https:\/\/www.dramfolks-whisky-auction.com\/?post_type=product&#038;p=5278140"},"modified":"2025-10-11T07:46:58","modified_gmt":"2025-10-11T05:46:58","slug":"badachro-distillery-bad-na-h-achlaise-tuscan-oak-cask-no-18-40-4","status":"publish","type":"product","link":"https:\/\/www.dramfolks-whisky-auction.com\/en\/product\/badachro-distillery-bad-na-h-achlaise-tuscan-oak-cask-no-18-40-4\/","title":{"rendered":"Badachro Distillery &#8211; Bad na h-Achlaise (Tuscan Oak) Cask No. 18\/40"},"content":{"rendered":"<p><strong>Destille: <span class=\"v1s2\">Badachro Distillery<br \/>\n<\/span><\/strong>Ein absoluter Neuling&#8230; Die neue, kleine und familiengef\u00fchrte Badachro Distillery aus im Nordwesten der schottischen Highlands ist eine junge Brennerei, die exquisiten Gin und Wodka aus lokalen, saisonalen und handverlesenen Pflanzen aus der unmittelbaren Umgebung herstellt. Der Single Malt Whisky wird zun\u00e4chst in einer anderen Highland-Brennerei destilliert und nach Badachro gebracht, wo er gereift, in F\u00e4sser gef\u00fcllt und in einer Reihe von individuell benoteten und ausgew\u00e4hlten Lik\u00f6rwein-, Rotwein- und Rumf\u00e4ssern verfeinert wird. Im Mittelpunkt der Badachro Distillery steht die Leidenschaft, den Geist der abgelegenen Naturumgebung mit einzigartigen, unvergesslichen Aromen zu erf\u00fcllen.<br \/>\nDer in kleinen Mengen hergestellte, handwerkliche Whisky, Gin und Wodka (das Etikettieren und das Aufzeichnen der Chargen- und Flaschennummer erfolgt per Hand) bleibt mit der Reinheit, Klarheit und dem Wunder der Highlands verbunden und bietet einen frischen, nat\u00fcrlichen und authentischen Badachro-Geschmack. All dies erfordert viel Liebe und Sorgfalt.<\/p>\n<p><strong>Fun Fakt:<\/strong> Hier trifft man noch die Gr\u00fcnder pers\u00f6nlich&#8230;<br \/>\nDie faszinierenden F\u00fchrungen und Verkostungen durch die Destillerie werden von den Gr\u00fcndern Vanessa und Gordon selbst noch durchgef\u00fchrt. Auch im hofeigenen Laden trifft man h\u00e4ufig auf die beiden. Wer dies gerne einmal \u00fcberpr\u00fcfen m\u00f6chte kann F\u00fchrungen und Verkostungen im Voraus unter <a href=\"https:\/\/www.badachrodistillery.com\/visit\/\" target=\"_blank\" rel=\"noopener noreferrer\">https:\/\/www.badachrodistillery.com\/visit\/<\/a> buchen. Weitere Einzelheiten findet ihr ebenfalls dort&#8230;<\/p>\n<p><strong>Whisky\/Whiskey: Bad na h-Achlaise (Tuscan Oak) Cask No. 18\/40<br \/>\n<\/strong>Die kleine Badachro Distillery im Nordwesten der schottischen Highlands hat zwar noch keinen eigenen Whisky, legt aber mit der Bad na h-Achlaise \u2013 Serie Whiskys auf, die die Wartezeit bis dahin \u00fcberbr\u00fccken und bereits einen Ausblick auf den Stil des Whiskys geben sollen. Badachro Bad na h-Achlaise Tuscan Oak ist ein exquisiter Single Malt Whisky. In 2 sorgf\u00e4ltig ausgew\u00e4hlten F\u00e4ssern abgef\u00fcllt und in toskanischen Rotweinf\u00e4ssern veredelt, hat er einen ausgepr\u00e4gten Geschmack und einen sch\u00f6nen Rouge-Farbton. Durchdrungen von einer leichten Torfigkeit f\u00fchlt sich ein Schluck dieses North West Highlander an wie eine warme Umarmung von einem alten Freund.<br \/>\nDie Verbindung von getorftem und ungetorftem Geist erzeugt einen feinen und ausgewogenen Ausdruck der rauen und doch romantischen nordwestlichen Highlands. Dieser atemberaubende Single Malt Whisky ist ein Genuss f\u00fcr die Sinne mit dem leichten Aroma von Rauch, das mit Zitronengras und frischem Heu angereichert ist und reifem Pfirsich und kandierten Aprikosen Platz macht. Am Gaumen bietet dieser Malt Scotch erste Ankl\u00e4nge von roten Beeren, die mit Torf bestreut sind, bevor er auf Aromen von erw\u00e4rmtem Hafer und Sahne mit frischen Fr\u00fcchten und einem Hauch von Eiche zur Ruhe kommt. (Quelle: <a href=\"http:\/\/www.aitkenwines.com\" target=\"_blank\" rel=\"noopener noreferrer\">www.aitkenwines.com<\/a>)<\/p>\n<p><strong>Info Qualit\u00e4t der Flasche:<\/strong> Exzellent &#8211; ohne Besch\u00e4digungen \/ <strong>F\u00fcllstand:<\/strong> Into neck<br \/>\n<strong>Info Qualit\u00e4t der Box: <\/strong>keine Box vorhanden<\/p>\n<p><strong>Wichtiger Hinweis:<\/strong> Die Bewertung der Flaschen und Boxen erfolgt nach \u201ebesten Wissen und Gewissen\u201c. dramfolks kann keine Gew\u00e4hrleistung f\u00fcr den Inhalt der Flaschen \u00fcbernehmen. Weitere Infos &amp; Hinweise finden Sie in unseren AGBs. Wir empfehlen Ihnen, vor der Abgabe von Geboten \u00fcber die Zoomfunktion eine Besichtigung \/ genaue Pr\u00fcfung des angebotenen Whiskys vorzunehmen. Bitte kontaktieren sie uns bei Fragen direkt unter info@dramfolks.com<\/p>\n","protected":false},"excerpt":{"rendered":"<p>Destille: Badachro Distillery Ein absoluter Neuling&#8230; Die neue, kleine und familiengef\u00fchrte Badachro Distillery aus im Nordwesten der schottischen Highlands ist eine junge Brennerei, die exquisiten Gin und Wodka aus lokalen, saisonalen und handverlesenen Pflanzen aus der unmittelbaren Umgebung herstellt. Der Single Malt Whisky wird zun\u00e4chst in einer anderen Highland-Brennerei destilliert und nach Badachro gebracht, wo[&#8230;]\n","protected":false},"featured_media":862034,"comment_status":"closed","ping_status":"closed","template":"","meta":[],"product_brand":[],"product_cat":[1233],"product_tag":[],"class_list":{"0":"post-5278140","1":"product","2":"type-product","3":"status-publish","4":"has-post-thumbnail","6":"product_cat-no-20","8":"first","9":"instock","10":"shipping-taxable","11":"purchasable","12":"product-type-auction"},"yoast_head":"<!-- This site is optimized with the Yoast SEO plugin v27.0 - https:\/\/yoast.com\/product\/yoast-seo-wordpress\/ -->\n<title>Badachro Distillery - Bad na h-Achlaise (Tuscan Oak) Cask No. 18\/40 - Dramfolks Whisky Auction<\/title>\n<meta name=\"robots\" content=\"index, follow, max-snippet:-1, max-image-preview:large, max-video-preview:-1\" \/>\n<link rel=\"canonical\" href=\"https:\/\/www.dramfolks-whisky-auction.com\/en\/product\/badachro-distillery-bad-na-h-achlaise-tuscan-oak-cask-no-18-40-4\/\" \/>\n<meta property=\"og:locale\" content=\"en_US\" \/>\n<meta property=\"og:type\" content=\"article\" \/>\n<meta property=\"og:title\" content=\"Badachro Distillery - Bad na h-Achlaise (Tuscan Oak) Cask No. 18\/40 - Dramfolks Whisky Auction\" \/>\n<meta property=\"og:description\" content=\"Destille: Badachro Distillery Ein absoluter Neuling&#8230; Die neue, kleine und familiengef\u00fchrte Badachro Distillery aus im Nordwesten der schottischen Highlands ist eine junge Brennerei, die exquisiten Gin und Wodka aus lokalen, saisonalen und handverlesenen Pflanzen aus der unmittelbaren Umgebung herstellt. Der Single Malt Whisky wird zun\u00e4chst in einer anderen Highland-Brennerei destilliert und nach Badachro gebracht, wo[...]\" \/>\n<meta property=\"og:url\" content=\"https:\/\/www.dramfolks-whisky-auction.com\/en\/product\/badachro-distillery-bad-na-h-achlaise-tuscan-oak-cask-no-18-40-4\/\" \/>\n<meta property=\"og:site_name\" content=\"Dramfolks Whisky Auction\" \/>\n<meta property=\"article:modified_time\" content=\"2025-10-11T05:46:58+00:00\" \/>\n<meta property=\"og:image\" content=\"https:\/\/www.dramfolks-whisky-auction.com\/wp-content\/uploads\/2024\/11\/Bad-Na-vorne-scaled.jpg\" \/>\n\t<meta property=\"og:image:width\" content=\"2560\" \/>\n\t<meta property=\"og:image:height\" content=\"2560\" \/>\n\t<meta property=\"og:image:type\" content=\"image\/jpeg\" \/>\n<meta name=\"twitter:card\" content=\"summary_large_image\" \/>\n<meta name=\"twitter:label1\" content=\"Est. reading time\" \/>\n\t<meta name=\"twitter:data1\" content=\"3 minutes\" \/>\n<script type=\"application\/ld+json\" class=\"yoast-schema-graph\">{\"@context\":\"https:\/\/schema.org\",\"@graph\":[{\"@type\":\"WebPage\",\"@id\":\"https:\/\/www.dramfolks-whisky-auction.com\/en\/product\/badachro-distillery-bad-na-h-achlaise-tuscan-oak-cask-no-18-40-4\/\",\"url\":\"https:\/\/www.dramfolks-whisky-auction.com\/en\/product\/badachro-distillery-bad-na-h-achlaise-tuscan-oak-cask-no-18-40-4\/\",\"name\":\"Badachro Distillery - Bad na h-Achlaise (Tuscan Oak) Cask No. 18\/40 - Dramfolks Whisky Auction\",\"isPartOf\":{\"@id\":\"https:\/\/www.dramfolks-whisky-auction.com\/en\/#website\"},\"primaryImageOfPage\":{\"@id\":\"https:\/\/www.dramfolks-whisky-auction.com\/en\/product\/badachro-distillery-bad-na-h-achlaise-tuscan-oak-cask-no-18-40-4\/#primaryimage\"},\"image\":{\"@id\":\"https:\/\/www.dramfolks-whisky-auction.com\/en\/product\/badachro-distillery-bad-na-h-achlaise-tuscan-oak-cask-no-18-40-4\/#primaryimage\"},\"thumbnailUrl\":\"https:\/\/www.dramfolks-whisky-auction.com\/wp-content\/uploads\/2024\/11\/Bad-Na-vorne-scaled.jpg\",\"datePublished\":\"2025-09-18T06:13:24+00:00\",\"dateModified\":\"2025-10-11T05:46:58+00:00\",\"breadcrumb\":{\"@id\":\"https:\/\/www.dramfolks-whisky-auction.com\/en\/product\/badachro-distillery-bad-na-h-achlaise-tuscan-oak-cask-no-18-40-4\/#breadcrumb\"},\"inLanguage\":\"en-US\",\"potentialAction\":[{\"@type\":\"ReadAction\",\"target\":[\"https:\/\/www.dramfolks-whisky-auction.com\/en\/product\/badachro-distillery-bad-na-h-achlaise-tuscan-oak-cask-no-18-40-4\/\"]}]},{\"@type\":\"ImageObject\",\"inLanguage\":\"en-US\",\"@id\":\"https:\/\/www.dramfolks-whisky-auction.com\/en\/product\/badachro-distillery-bad-na-h-achlaise-tuscan-oak-cask-no-18-40-4\/#primaryimage\",\"url\":\"https:\/\/www.dramfolks-whisky-auction.com\/wp-content\/uploads\/2024\/11\/Bad-Na-vorne-scaled.jpg\",\"contentUrl\":\"https:\/\/www.dramfolks-whisky-auction.com\/wp-content\/uploads\/2024\/11\/Bad-Na-vorne-scaled.jpg\",\"width\":2560,\"height\":2560},{\"@type\":\"BreadcrumbList\",\"@id\":\"https:\/\/www.dramfolks-whisky-auction.com\/en\/product\/badachro-distillery-bad-na-h-achlaise-tuscan-oak-cask-no-18-40-4\/#breadcrumb\",\"itemListElement\":[{\"@type\":\"ListItem\",\"position\":1,\"name\":\"Startseite\",\"item\":\"https:\/\/www.dramfolks-whisky-auction.com\/en\/\"},{\"@type\":\"ListItem\",\"position\":2,\"name\":\"Shop\",\"item\":\"https:\/\/www.dramfolks-whisky-auction.com\/en\/shop\/\"},{\"@type\":\"ListItem\",\"position\":3,\"name\":\"Badachro Distillery &#8211; Bad na h-Achlaise (Tuscan Oak) Cask No. 18\/40\"}]},{\"@type\":\"WebSite\",\"@id\":\"https:\/\/www.dramfolks-whisky-auction.com\/en\/#website\",\"url\":\"https:\/\/www.dramfolks-whisky-auction.com\/en\/\",\"name\":\"Dramfolks Whisky Auction\",\"description\":\"\",\"potentialAction\":[{\"@type\":\"SearchAction\",\"target\":{\"@type\":\"EntryPoint\",\"urlTemplate\":\"https:\/\/www.dramfolks-whisky-auction.com\/en\/?s={search_term_string}\"},\"query-input\":{\"@type\":\"PropertyValueSpecification\",\"valueRequired\":true,\"valueName\":\"search_term_string\"}}],\"inLanguage\":\"en-US\"}]}<\/script>\n<!-- \/ Yoast SEO plugin. -->","yoast_head_json":{"title":"Badachro Distillery - Bad na h-Achlaise (Tuscan Oak) Cask No. 18\/40 - Dramfolks Whisky Auction","robots":{"index":"index","follow":"follow","max-snippet":"max-snippet:-1","max-image-preview":"max-image-preview:large","max-video-preview":"max-video-preview:-1"},"canonical":"https:\/\/www.dramfolks-whisky-auction.com\/en\/product\/badachro-distillery-bad-na-h-achlaise-tuscan-oak-cask-no-18-40-4\/","og_locale":"en_US","og_type":"article","og_title":"Badachro Distillery - Bad na h-Achlaise (Tuscan Oak) Cask No. 18\/40 - Dramfolks Whisky Auction","og_description":"Destille: Badachro Distillery Ein absoluter Neuling&#8230; Die neue, kleine und familiengef\u00fchrte Badachro Distillery aus im Nordwesten der schottischen Highlands ist eine junge Brennerei, die exquisiten Gin und Wodka aus lokalen, saisonalen und handverlesenen Pflanzen aus der unmittelbaren Umgebung herstellt. Der Single Malt Whisky wird zun\u00e4chst in einer anderen Highland-Brennerei destilliert und nach Badachro gebracht, wo[...]","og_url":"https:\/\/www.dramfolks-whisky-auction.com\/en\/product\/badachro-distillery-bad-na-h-achlaise-tuscan-oak-cask-no-18-40-4\/","og_site_name":"Dramfolks Whisky Auction","article_modified_time":"2025-10-11T05:46:58+00:00","og_image":[{"width":2560,"height":2560,"url":"https:\/\/www.dramfolks-whisky-auction.com\/wp-content\/uploads\/2024\/11\/Bad-Na-vorne-scaled.jpg","type":"image\/jpeg"}],"twitter_card":"summary_large_image","twitter_misc":{"Est. reading time":"3 minutes"},"schema":{"@context":"https:\/\/schema.org","@graph":[{"@type":"WebPage","@id":"https:\/\/www.dramfolks-whisky-auction.com\/en\/product\/badachro-distillery-bad-na-h-achlaise-tuscan-oak-cask-no-18-40-4\/","url":"https:\/\/www.dramfolks-whisky-auction.com\/en\/product\/badachro-distillery-bad-na-h-achlaise-tuscan-oak-cask-no-18-40-4\/","name":"Badachro Distillery - Bad na h-Achlaise (Tuscan Oak) Cask No. 18\/40 - Dramfolks Whisky Auction","isPartOf":{"@id":"https:\/\/www.dramfolks-whisky-auction.com\/en\/#website"},"primaryImageOfPage":{"@id":"https:\/\/www.dramfolks-whisky-auction.com\/en\/product\/badachro-distillery-bad-na-h-achlaise-tuscan-oak-cask-no-18-40-4\/#primaryimage"},"image":{"@id":"https:\/\/www.dramfolks-whisky-auction.com\/en\/product\/badachro-distillery-bad-na-h-achlaise-tuscan-oak-cask-no-18-40-4\/#primaryimage"},"thumbnailUrl":"https:\/\/www.dramfolks-whisky-auction.com\/wp-content\/uploads\/2024\/11\/Bad-Na-vorne-scaled.jpg","datePublished":"2025-09-18T06:13:24+00:00","dateModified":"2025-10-11T05:46:58+00:00","breadcrumb":{"@id":"https:\/\/www.dramfolks-whisky-auction.com\/en\/product\/badachro-distillery-bad-na-h-achlaise-tuscan-oak-cask-no-18-40-4\/#breadcrumb"},"inLanguage":"en-US","potentialAction":[{"@type":"ReadAction","target":["https:\/\/www.dramfolks-whisky-auction.com\/en\/product\/badachro-distillery-bad-na-h-achlaise-tuscan-oak-cask-no-18-40-4\/"]}]},{"@type":"ImageObject","inLanguage":"en-US","@id":"https:\/\/www.dramfolks-whisky-auction.com\/en\/product\/badachro-distillery-bad-na-h-achlaise-tuscan-oak-cask-no-18-40-4\/#primaryimage","url":"https:\/\/www.dramfolks-whisky-auction.com\/wp-content\/uploads\/2024\/11\/Bad-Na-vorne-scaled.jpg","contentUrl":"https:\/\/www.dramfolks-whisky-auction.com\/wp-content\/uploads\/2024\/11\/Bad-Na-vorne-scaled.jpg","width":2560,"height":2560},{"@type":"BreadcrumbList","@id":"https:\/\/www.dramfolks-whisky-auction.com\/en\/product\/badachro-distillery-bad-na-h-achlaise-tuscan-oak-cask-no-18-40-4\/#breadcrumb","itemListElement":[{"@type":"ListItem","position":1,"name":"Startseite","item":"https:\/\/www.dramfolks-whisky-auction.com\/en\/"},{"@type":"ListItem","position":2,"name":"Shop","item":"https:\/\/www.dramfolks-whisky-auction.com\/en\/shop\/"},{"@type":"ListItem","position":3,"name":"Badachro Distillery &#8211; Bad na h-Achlaise (Tuscan Oak) Cask No. 18\/40"}]},{"@type":"WebSite","@id":"https:\/\/www.dramfolks-whisky-auction.com\/en\/#website","url":"https:\/\/www.dramfolks-whisky-auction.com\/en\/","name":"Dramfolks Whisky Auction","description":"","potentialAction":[{"@type":"SearchAction","target":{"@type":"EntryPoint","urlTemplate":"https:\/\/www.dramfolks-whisky-auction.com\/en\/?s={search_term_string}"},"query-input":{"@type":"PropertyValueSpecification","valueRequired":true,"valueName":"search_term_string"}}],"inLanguage":"en-US"}]}},"_links":{"self":[{"href":"https:\/\/www.dramfolks-whisky-auction.com\/en\/wp-json\/wp\/v2\/product\/5278140","targetHints":{"allow":["GET"]}}],"collection":[{"href":"https:\/\/www.dramfolks-whisky-auction.com\/en\/wp-json\/wp\/v2\/product"}],"about":[{"href":"https:\/\/www.dramfolks-whisky-auction.com\/en\/wp-json\/wp\/v2\/types\/product"}],"replies":[{"embeddable":true,"href":"https:\/\/www.dramfolks-whisky-auction.com\/en\/wp-json\/wp\/v2\/comments?post=5278140"}],"wp:featuredmedia":[{"embeddable":true,"href":"https:\/\/www.dramfolks-whisky-auction.com\/en\/wp-json\/wp\/v2\/media\/862034"}],"wp:attachment":[{"href":"https:\/\/www.dramfolks-whisky-auction.com\/en\/wp-json\/wp\/v2\/media?parent=5278140"}],"wp:term":[{"taxonomy":"product_brand","embeddable":true,"href":"https:\/\/www.dramfolks-whisky-auction.com\/en\/wp-json\/wp\/v2\/product_brand?post=5278140"},{"taxonomy":"product_cat","embeddable":true,"href":"https:\/\/www.dramfolks-whisky-auction.com\/en\/wp-json\/wp\/v2\/product_cat?post=5278140"},{"taxonomy":"product_tag","embeddable":true,"href":"https:\/\/www.dramfolks-whisky-auction.com\/en\/wp-json\/wp\/v2\/product_tag?post=5278140"}],"curies":[{"name":"wp","href":"https:\/\/api.w.org\/{rel}","templated":true}]}}