{"id":5278137,"date":"2025-09-18T08:09:23","date_gmt":"2025-09-18T06:09:23","guid":{"rendered":"https:\/\/www.dramfolks-whisky-auction.com\/?post_type=product&#038;p=5278137"},"modified":"2025-10-05T19:30:06","modified_gmt":"2025-10-05T17:30:06","slug":"bowmore-10yo-dark-intense-aston-martin-edition-3","status":"publish","type":"product","link":"https:\/\/www.dramfolks-whisky-auction.com\/en\/product\/bowmore-10yo-dark-intense-aston-martin-edition-3\/","title":{"rendered":"Bowmore &#8211; 10yo Dark &#038; Intense &#8211; Aston Martin Edition"},"content":{"rendered":"<p><strong>Destille: Bowmore<br \/>\n<\/strong>Die Bowmore Destellerie wurde im Jahr 1779 von David Simson in Bowmore, auf Islay gegr\u00fcndet. Wie viele der noch aktiven Betriebe, wurde die Brennerei viele Male verkauft und auch immer wieder geschlossen. Seit dem Jahr 1994 ist Bowmore im Besitz der Suntory Unternehmensgruppe. Der gr\u00f6\u00dfte Anteil der Whiskys wird in spanischen Sherryf\u00e4ssern gelagert, welche charakteristisch f\u00fcr das auszeichnende Aroma der Destillerie sind. Sein Wasser bezieht die Brennerei aus dem Fluss Laggan, welcher sich durch eine sehr torfreiche Gegend schl\u00e4ngelt. Bowmore produziert rund zwei Milllionen Liter Alkohol pro Jahr.<\/p>\n<p><strong>Fun Fakt:\u00a0<\/strong> Die Lagerh\u00e4user von Bowmore liegen direkt am Loch Indaal. Eines der Lagerh\u00e4user, das legend\u00e4re &#8216;Vault No. 1&#8217;, ist das einzige Lagerhaus in Schottland, das unter dem Meeresspiegel liegt. Durch die leicht por\u00f6sen W\u00e4nde herrscht in diesem <span class=\"tx-datamintslossaryextension-no-replacement\">Lagerhaus<\/span> stets eine klamme Feuchtigkeit. Diese besonderen Bedingungen geben dem Bowmore Scotch Single Malt die einzigartige Aromatik von Salz und Seearomen.<\/p>\n<p><strong>Whisky\/Whiskey: 10 yo Dark &amp; Intense &#8211; Aston Martin Edition<br \/>\n<\/strong>Dieser Bowmore ist der 4. Teil, der in Zusammenarbeit mit Aston-Martin kreiert wurde. Auf der Verpackung der Abf\u00fcllung ist der Aston Martin TT2 zu sehen, der am franz\u00f6sischen Grand Prix im Jahre 1922 teilnahm. Dieser 10 Jahre alte Bowmore hat einen vollen und reichen Charakter mit besonders deutlichen Sherrynoten, die das Ergebnis einer Reifung in spanischen Sherryf\u00e4ssern und Hogsheads sind.<\/p>\n<p><strong>Info Qualit\u00e4t der Flasche:<\/strong> Exzellent &#8211; ohne Besch\u00e4digungen \/ <strong>F\u00fcllstand: <\/strong>Into neck<br \/>\n<strong>Info Qualit\u00e4t der Box:\u00a0<\/strong>Exzellent &#8211; ohne Besch\u00e4digungen<\/p>\n<p><strong>Wichtiger Hinweis:<\/strong> Die Bewertung der Flaschen und Boxen erfolgt nach \u201ebesten Wissen und Gewissen\u201c. dramfolks kann keine Gew\u00e4hrleistung f\u00fcr den Inhalt der Flaschen \u00fcbernehmen. Weitere Infos &amp; Hinweise finden Sie in unseren AGBs. Wir empfehlen Ihnen, vor der Abgabe von Geboten \u00fcber die Zoomfunktion eine Besichtigung \/ genaue Pr\u00fcfung des angebotenen Whiskys vorzunehmen. Bitte kontaktieren sie uns bei Fragen direkt unter info@dramfolks.com<\/p>\n","protected":false},"excerpt":{"rendered":"<p>Destille: Bowmore Die Bowmore Destellerie wurde im Jahr 1779 von David Simson in Bowmore, auf Islay gegr\u00fcndet. Wie viele der noch aktiven Betriebe, wurde die Brennerei viele Male verkauft und auch immer wieder geschlossen. Seit dem Jahr 1994 ist Bowmore im Besitz der Suntory Unternehmensgruppe. Der gr\u00f6\u00dfte Anteil der Whiskys wird in spanischen Sherryf\u00e4ssern gelagert,[&#8230;]\n","protected":false},"featured_media":536981,"comment_status":"closed","ping_status":"closed","template":"","meta":[],"product_brand":[],"product_cat":[1233],"product_tag":[],"class_list":{"0":"post-5278137","1":"product","2":"type-product","3":"status-publish","4":"has-post-thumbnail","6":"product_cat-no-20","8":"first","9":"instock","10":"shipping-taxable","11":"purchasable","12":"product-type-auction"},"yoast_head":"<!-- This site is optimized with the Yoast SEO plugin v27.0 - https:\/\/yoast.com\/product\/yoast-seo-wordpress\/ -->\n<title>Bowmore - 10yo Dark &amp; Intense - Aston Martin Edition - Dramfolks Whisky Auction<\/title>\n<meta name=\"robots\" content=\"index, follow, max-snippet:-1, max-image-preview:large, max-video-preview:-1\" \/>\n<link rel=\"canonical\" href=\"https:\/\/www.dramfolks-whisky-auction.com\/en\/product\/bowmore-10yo-dark-intense-aston-martin-edition-3\/\" \/>\n<meta property=\"og:locale\" content=\"en_US\" \/>\n<meta property=\"og:type\" content=\"article\" \/>\n<meta property=\"og:title\" content=\"Bowmore - 10yo Dark &amp; Intense - Aston Martin Edition - Dramfolks Whisky Auction\" \/>\n<meta property=\"og:description\" content=\"Destille: Bowmore Die Bowmore Destellerie wurde im Jahr 1779 von David Simson in Bowmore, auf Islay gegr\u00fcndet. Wie viele der noch aktiven Betriebe, wurde die Brennerei viele Male verkauft und auch immer wieder geschlossen. Seit dem Jahr 1994 ist Bowmore im Besitz der Suntory Unternehmensgruppe. Der gr\u00f6\u00dfte Anteil der Whiskys wird in spanischen Sherryf\u00e4ssern gelagert,[...]\" \/>\n<meta property=\"og:url\" content=\"https:\/\/www.dramfolks-whisky-auction.com\/en\/product\/bowmore-10yo-dark-intense-aston-martin-edition-3\/\" \/>\n<meta property=\"og:site_name\" content=\"Dramfolks Whisky Auction\" \/>\n<meta property=\"article:modified_time\" content=\"2025-10-05T17:30:06+00:00\" \/>\n<meta property=\"og:image\" content=\"https:\/\/www.dramfolks-whisky-auction.com\/wp-content\/uploads\/2024\/09\/Bowmore-10yo-vorne-scaled.jpg\" \/>\n\t<meta property=\"og:image:width\" content=\"2560\" \/>\n\t<meta property=\"og:image:height\" content=\"2560\" \/>\n\t<meta property=\"og:image:type\" content=\"image\/jpeg\" \/>\n<meta name=\"twitter:card\" content=\"summary_large_image\" \/>\n<meta name=\"twitter:label1\" content=\"Est. reading time\" \/>\n\t<meta name=\"twitter:data1\" content=\"2 minutes\" \/>\n<script type=\"application\/ld+json\" class=\"yoast-schema-graph\">{\"@context\":\"https:\/\/schema.org\",\"@graph\":[{\"@type\":\"WebPage\",\"@id\":\"https:\/\/www.dramfolks-whisky-auction.com\/en\/product\/bowmore-10yo-dark-intense-aston-martin-edition-3\/\",\"url\":\"https:\/\/www.dramfolks-whisky-auction.com\/en\/product\/bowmore-10yo-dark-intense-aston-martin-edition-3\/\",\"name\":\"Bowmore - 10yo Dark & Intense - Aston Martin Edition - Dramfolks Whisky Auction\",\"isPartOf\":{\"@id\":\"https:\/\/www.dramfolks-whisky-auction.com\/en\/#website\"},\"primaryImageOfPage\":{\"@id\":\"https:\/\/www.dramfolks-whisky-auction.com\/en\/product\/bowmore-10yo-dark-intense-aston-martin-edition-3\/#primaryimage\"},\"image\":{\"@id\":\"https:\/\/www.dramfolks-whisky-auction.com\/en\/product\/bowmore-10yo-dark-intense-aston-martin-edition-3\/#primaryimage\"},\"thumbnailUrl\":\"https:\/\/www.dramfolks-whisky-auction.com\/wp-content\/uploads\/2024\/09\/Bowmore-10yo-vorne-scaled.jpg\",\"datePublished\":\"2025-09-18T06:09:23+00:00\",\"dateModified\":\"2025-10-05T17:30:06+00:00\",\"breadcrumb\":{\"@id\":\"https:\/\/www.dramfolks-whisky-auction.com\/en\/product\/bowmore-10yo-dark-intense-aston-martin-edition-3\/#breadcrumb\"},\"inLanguage\":\"en-US\",\"potentialAction\":[{\"@type\":\"ReadAction\",\"target\":[\"https:\/\/www.dramfolks-whisky-auction.com\/en\/product\/bowmore-10yo-dark-intense-aston-martin-edition-3\/\"]}]},{\"@type\":\"ImageObject\",\"inLanguage\":\"en-US\",\"@id\":\"https:\/\/www.dramfolks-whisky-auction.com\/en\/product\/bowmore-10yo-dark-intense-aston-martin-edition-3\/#primaryimage\",\"url\":\"https:\/\/www.dramfolks-whisky-auction.com\/wp-content\/uploads\/2024\/09\/Bowmore-10yo-vorne-scaled.jpg\",\"contentUrl\":\"https:\/\/www.dramfolks-whisky-auction.com\/wp-content\/uploads\/2024\/09\/Bowmore-10yo-vorne-scaled.jpg\",\"width\":2560,\"height\":2560},{\"@type\":\"BreadcrumbList\",\"@id\":\"https:\/\/www.dramfolks-whisky-auction.com\/en\/product\/bowmore-10yo-dark-intense-aston-martin-edition-3\/#breadcrumb\",\"itemListElement\":[{\"@type\":\"ListItem\",\"position\":1,\"name\":\"Startseite\",\"item\":\"https:\/\/www.dramfolks-whisky-auction.com\/en\/\"},{\"@type\":\"ListItem\",\"position\":2,\"name\":\"Shop\",\"item\":\"https:\/\/www.dramfolks-whisky-auction.com\/en\/shop\/\"},{\"@type\":\"ListItem\",\"position\":3,\"name\":\"Bowmore &#8211; 10yo Dark &#038; Intense &#8211; Aston Martin Edition\"}]},{\"@type\":\"WebSite\",\"@id\":\"https:\/\/www.dramfolks-whisky-auction.com\/en\/#website\",\"url\":\"https:\/\/www.dramfolks-whisky-auction.com\/en\/\",\"name\":\"Dramfolks Whisky Auction\",\"description\":\"\",\"potentialAction\":[{\"@type\":\"SearchAction\",\"target\":{\"@type\":\"EntryPoint\",\"urlTemplate\":\"https:\/\/www.dramfolks-whisky-auction.com\/en\/?s={search_term_string}\"},\"query-input\":{\"@type\":\"PropertyValueSpecification\",\"valueRequired\":true,\"valueName\":\"search_term_string\"}}],\"inLanguage\":\"en-US\"}]}<\/script>\n<!-- \/ Yoast SEO plugin. -->","yoast_head_json":{"title":"Bowmore - 10yo Dark & Intense - Aston Martin Edition - Dramfolks Whisky Auction","robots":{"index":"index","follow":"follow","max-snippet":"max-snippet:-1","max-image-preview":"max-image-preview:large","max-video-preview":"max-video-preview:-1"},"canonical":"https:\/\/www.dramfolks-whisky-auction.com\/en\/product\/bowmore-10yo-dark-intense-aston-martin-edition-3\/","og_locale":"en_US","og_type":"article","og_title":"Bowmore - 10yo Dark & Intense - Aston Martin Edition - Dramfolks Whisky Auction","og_description":"Destille: Bowmore Die Bowmore Destellerie wurde im Jahr 1779 von David Simson in Bowmore, auf Islay gegr\u00fcndet. Wie viele der noch aktiven Betriebe, wurde die Brennerei viele Male verkauft und auch immer wieder geschlossen. Seit dem Jahr 1994 ist Bowmore im Besitz der Suntory Unternehmensgruppe. Der gr\u00f6\u00dfte Anteil der Whiskys wird in spanischen Sherryf\u00e4ssern gelagert,[...]","og_url":"https:\/\/www.dramfolks-whisky-auction.com\/en\/product\/bowmore-10yo-dark-intense-aston-martin-edition-3\/","og_site_name":"Dramfolks Whisky Auction","article_modified_time":"2025-10-05T17:30:06+00:00","og_image":[{"width":2560,"height":2560,"url":"https:\/\/www.dramfolks-whisky-auction.com\/wp-content\/uploads\/2024\/09\/Bowmore-10yo-vorne-scaled.jpg","type":"image\/jpeg"}],"twitter_card":"summary_large_image","twitter_misc":{"Est. reading time":"2 minutes"},"schema":{"@context":"https:\/\/schema.org","@graph":[{"@type":"WebPage","@id":"https:\/\/www.dramfolks-whisky-auction.com\/en\/product\/bowmore-10yo-dark-intense-aston-martin-edition-3\/","url":"https:\/\/www.dramfolks-whisky-auction.com\/en\/product\/bowmore-10yo-dark-intense-aston-martin-edition-3\/","name":"Bowmore - 10yo Dark & Intense - Aston Martin Edition - Dramfolks Whisky Auction","isPartOf":{"@id":"https:\/\/www.dramfolks-whisky-auction.com\/en\/#website"},"primaryImageOfPage":{"@id":"https:\/\/www.dramfolks-whisky-auction.com\/en\/product\/bowmore-10yo-dark-intense-aston-martin-edition-3\/#primaryimage"},"image":{"@id":"https:\/\/www.dramfolks-whisky-auction.com\/en\/product\/bowmore-10yo-dark-intense-aston-martin-edition-3\/#primaryimage"},"thumbnailUrl":"https:\/\/www.dramfolks-whisky-auction.com\/wp-content\/uploads\/2024\/09\/Bowmore-10yo-vorne-scaled.jpg","datePublished":"2025-09-18T06:09:23+00:00","dateModified":"2025-10-05T17:30:06+00:00","breadcrumb":{"@id":"https:\/\/www.dramfolks-whisky-auction.com\/en\/product\/bowmore-10yo-dark-intense-aston-martin-edition-3\/#breadcrumb"},"inLanguage":"en-US","potentialAction":[{"@type":"ReadAction","target":["https:\/\/www.dramfolks-whisky-auction.com\/en\/product\/bowmore-10yo-dark-intense-aston-martin-edition-3\/"]}]},{"@type":"ImageObject","inLanguage":"en-US","@id":"https:\/\/www.dramfolks-whisky-auction.com\/en\/product\/bowmore-10yo-dark-intense-aston-martin-edition-3\/#primaryimage","url":"https:\/\/www.dramfolks-whisky-auction.com\/wp-content\/uploads\/2024\/09\/Bowmore-10yo-vorne-scaled.jpg","contentUrl":"https:\/\/www.dramfolks-whisky-auction.com\/wp-content\/uploads\/2024\/09\/Bowmore-10yo-vorne-scaled.jpg","width":2560,"height":2560},{"@type":"BreadcrumbList","@id":"https:\/\/www.dramfolks-whisky-auction.com\/en\/product\/bowmore-10yo-dark-intense-aston-martin-edition-3\/#breadcrumb","itemListElement":[{"@type":"ListItem","position":1,"name":"Startseite","item":"https:\/\/www.dramfolks-whisky-auction.com\/en\/"},{"@type":"ListItem","position":2,"name":"Shop","item":"https:\/\/www.dramfolks-whisky-auction.com\/en\/shop\/"},{"@type":"ListItem","position":3,"name":"Bowmore &#8211; 10yo Dark &#038; Intense &#8211; Aston Martin Edition"}]},{"@type":"WebSite","@id":"https:\/\/www.dramfolks-whisky-auction.com\/en\/#website","url":"https:\/\/www.dramfolks-whisky-auction.com\/en\/","name":"Dramfolks Whisky Auction","description":"","potentialAction":[{"@type":"SearchAction","target":{"@type":"EntryPoint","urlTemplate":"https:\/\/www.dramfolks-whisky-auction.com\/en\/?s={search_term_string}"},"query-input":{"@type":"PropertyValueSpecification","valueRequired":true,"valueName":"search_term_string"}}],"inLanguage":"en-US"}]}},"_links":{"self":[{"href":"https:\/\/www.dramfolks-whisky-auction.com\/en\/wp-json\/wp\/v2\/product\/5278137","targetHints":{"allow":["GET"]}}],"collection":[{"href":"https:\/\/www.dramfolks-whisky-auction.com\/en\/wp-json\/wp\/v2\/product"}],"about":[{"href":"https:\/\/www.dramfolks-whisky-auction.com\/en\/wp-json\/wp\/v2\/types\/product"}],"replies":[{"embeddable":true,"href":"https:\/\/www.dramfolks-whisky-auction.com\/en\/wp-json\/wp\/v2\/comments?post=5278137"}],"wp:featuredmedia":[{"embeddable":true,"href":"https:\/\/www.dramfolks-whisky-auction.com\/en\/wp-json\/wp\/v2\/media\/536981"}],"wp:attachment":[{"href":"https:\/\/www.dramfolks-whisky-auction.com\/en\/wp-json\/wp\/v2\/media?parent=5278137"}],"wp:term":[{"taxonomy":"product_brand","embeddable":true,"href":"https:\/\/www.dramfolks-whisky-auction.com\/en\/wp-json\/wp\/v2\/product_brand?post=5278137"},{"taxonomy":"product_cat","embeddable":true,"href":"https:\/\/www.dramfolks-whisky-auction.com\/en\/wp-json\/wp\/v2\/product_cat?post=5278137"},{"taxonomy":"product_tag","embeddable":true,"href":"https:\/\/www.dramfolks-whisky-auction.com\/en\/wp-json\/wp\/v2\/product_tag?post=5278137"}],"curies":[{"name":"wp","href":"https:\/\/api.w.org\/{rel}","templated":true}]}}