{"id":5278129,"date":"2025-09-18T08:01:04","date_gmt":"2025-09-18T06:01:04","guid":{"rendered":"https:\/\/www.dramfolks-whisky-auction.com\/?post_type=product&#038;p=5278129"},"modified":"2025-10-05T19:00:07","modified_gmt":"2025-10-05T17:00:07","slug":"filliers-10yo-single-malt-batch-1-10","status":"publish","type":"product","link":"https:\/\/www.dramfolks-whisky-auction.com\/en\/product\/filliers-10yo-single-malt-batch-1-10\/","title":{"rendered":"Filliers &#8211; 10yo Single Malt Batch #1"},"content":{"rendered":"<p><strong>Destille: <span class=\"b\">Filliers<\/span><br \/>\n<\/strong><span class=\"b\">DIe Brennerei Filliers aus Belgien ist in Deinze in der Provinz Ostflandern beheimatet. Die Brennerei ging aus einem landwirtschaftlichen Betrieb der Familie Filliers hervor und begann im Jahre 1881 mit dem Brennen von Spirituosen. Die familiengef\u00fchrte Brennerei baute ihr exquisites Sortiment stetig aus und ist insbesondere f\u00fcr ihren hervorragenden Genever der Premium-Klasse, der in zahlreichen Varianten zur Verf\u00fcgung steht, bekannt. Zudem finden sich im Portfolio von Filliers seit einigen Jahren auch Gin, Whisky und leckere Lik\u00f6re.<\/span><\/p>\n<p><strong>Fun Fakt: <\/strong><span class=\"b\">Die Verpackung ist der absolute Hingucker mit drei Lederdruckkn\u00f6pfen am Boden! Beim ersten Handling muss man kurz \u00fcberlegen, wie das gute St\u00fcck ge\u00f6ffnet wird&#8230;<br \/>\n<\/span><\/p>\n<p><strong>Whisky\/Whiskey: <span class=\"b\">10yo Single Malt Batch #1 <\/span><br \/>\n<\/strong><span class=\"b\">Mit dem Filliers 10 Jahre Single Malt Batch #1 pr\u00e4sentiert die renommierte Brennerei Filliers aus Belgien einen hervorragenden Single Malt Whisky, der nur in streng limitierter Menge zur Verf\u00fcgung steht. Die Limited Edition ist dabei der erste Single Malt, der von der familiengef\u00fchrten und vor allem f\u00fcr Genever und Gin bekannten Brennerei destilliert wurde. Der hervorragende Whisky, der in Kupferbrennblasen aus Gerstenmalz destilliert wurde, verbrachte seine komplette Reifezeit von 10 Jahren ausschlie\u00dflich in edlen Sherryf\u00e4ssern, denen er seinen komplexen und fruchtigen Charakter verdankt. Die Art der Lagerung ist f\u00fcr einen belgischen Whisky bis dato einmalig.<br \/>\n<\/span><\/p>\n<p><strong>Info Qualit\u00e4t der Flasche:<\/strong> Exzellent &#8211; ohne Besch\u00e4digungen \/ <strong>F\u00fcllstand:<\/strong> High fill<br \/>\n<strong>Info Qualit\u00e4t der Box:\u00a0<\/strong>Exzellent &#8211; ohne Besch\u00e4digungen<\/p>\n<p><strong>Wichtiger Hinweis:<\/strong> Die Bewertung der Flaschen und Boxen erfolgt nach \u201ebesten Wissen und Gewissen\u201c. dramfolks kann keine Gew\u00e4hrleistung f\u00fcr den Inhalt der Flaschen \u00fcbernehmen. Weitere Infos &amp; Hinweise finden Sie in unseren AGBs. Wir empfehlen Ihnen, vor der Abgabe von Geboten \u00fcber die Zoomfunktion eine Besichtigung \/ genaue Pr\u00fcfung des angebotenen Whiskys vorzunehmen. Bitte kontaktieren sie uns bei Fragen direkt unter info@dramfolks.com<\/p>\n","protected":false},"excerpt":{"rendered":"<p>Destille: Filliers DIe Brennerei Filliers aus Belgien ist in Deinze in der Provinz Ostflandern beheimatet. Die Brennerei ging aus einem landwirtschaftlichen Betrieb der Familie Filliers hervor und begann im Jahre 1881 mit dem Brennen von Spirituosen. Die familiengef\u00fchrte Brennerei baute ihr exquisites Sortiment stetig aus und ist insbesondere f\u00fcr ihren hervorragenden Genever der Premium-Klasse, der[&#8230;]\n","protected":false},"featured_media":535407,"comment_status":"closed","ping_status":"closed","template":"","meta":[],"product_brand":[],"product_cat":[1233],"product_tag":[],"class_list":{"0":"post-5278129","1":"product","2":"type-product","3":"status-publish","4":"has-post-thumbnail","6":"product_cat-no-20","8":"first","9":"instock","10":"shipping-taxable","11":"purchasable","12":"product-type-auction"},"yoast_head":"<!-- This site is optimized with the Yoast SEO plugin v27.0 - https:\/\/yoast.com\/product\/yoast-seo-wordpress\/ -->\n<title>Filliers - 10yo Single Malt Batch #1 - Dramfolks Whisky Auction<\/title>\n<meta name=\"robots\" content=\"index, follow, max-snippet:-1, max-image-preview:large, max-video-preview:-1\" \/>\n<link rel=\"canonical\" href=\"https:\/\/www.dramfolks-whisky-auction.com\/en\/product\/filliers-10yo-single-malt-batch-1-10\/\" \/>\n<meta property=\"og:locale\" content=\"en_US\" \/>\n<meta property=\"og:type\" content=\"article\" \/>\n<meta property=\"og:title\" content=\"Filliers - 10yo Single Malt Batch #1 - Dramfolks Whisky Auction\" \/>\n<meta property=\"og:description\" content=\"Destille: Filliers DIe Brennerei Filliers aus Belgien ist in Deinze in der Provinz Ostflandern beheimatet. Die Brennerei ging aus einem landwirtschaftlichen Betrieb der Familie Filliers hervor und begann im Jahre 1881 mit dem Brennen von Spirituosen. Die familiengef\u00fchrte Brennerei baute ihr exquisites Sortiment stetig aus und ist insbesondere f\u00fcr ihren hervorragenden Genever der Premium-Klasse, der[...]\" \/>\n<meta property=\"og:url\" content=\"https:\/\/www.dramfolks-whisky-auction.com\/en\/product\/filliers-10yo-single-malt-batch-1-10\/\" \/>\n<meta property=\"og:site_name\" content=\"Dramfolks Whisky Auction\" \/>\n<meta property=\"article:modified_time\" content=\"2025-10-05T17:00:07+00:00\" \/>\n<meta property=\"og:image\" content=\"https:\/\/www.dramfolks-whisky-auction.com\/wp-content\/uploads\/2024\/09\/Fillier-vorne-scaled.jpg\" \/>\n\t<meta property=\"og:image:width\" content=\"2560\" \/>\n\t<meta property=\"og:image:height\" content=\"2560\" \/>\n\t<meta property=\"og:image:type\" content=\"image\/jpeg\" \/>\n<meta name=\"twitter:card\" content=\"summary_large_image\" \/>\n<meta name=\"twitter:label1\" content=\"Est. reading time\" \/>\n\t<meta name=\"twitter:data1\" content=\"2 minutes\" \/>\n<script type=\"application\/ld+json\" class=\"yoast-schema-graph\">{\"@context\":\"https:\/\/schema.org\",\"@graph\":[{\"@type\":\"WebPage\",\"@id\":\"https:\/\/www.dramfolks-whisky-auction.com\/en\/product\/filliers-10yo-single-malt-batch-1-10\/\",\"url\":\"https:\/\/www.dramfolks-whisky-auction.com\/en\/product\/filliers-10yo-single-malt-batch-1-10\/\",\"name\":\"Filliers - 10yo Single Malt Batch #1 - Dramfolks Whisky Auction\",\"isPartOf\":{\"@id\":\"https:\/\/www.dramfolks-whisky-auction.com\/en\/#website\"},\"primaryImageOfPage\":{\"@id\":\"https:\/\/www.dramfolks-whisky-auction.com\/en\/product\/filliers-10yo-single-malt-batch-1-10\/#primaryimage\"},\"image\":{\"@id\":\"https:\/\/www.dramfolks-whisky-auction.com\/en\/product\/filliers-10yo-single-malt-batch-1-10\/#primaryimage\"},\"thumbnailUrl\":\"https:\/\/www.dramfolks-whisky-auction.com\/wp-content\/uploads\/2024\/09\/Fillier-vorne-scaled.jpg\",\"datePublished\":\"2025-09-18T06:01:04+00:00\",\"dateModified\":\"2025-10-05T17:00:07+00:00\",\"breadcrumb\":{\"@id\":\"https:\/\/www.dramfolks-whisky-auction.com\/en\/product\/filliers-10yo-single-malt-batch-1-10\/#breadcrumb\"},\"inLanguage\":\"en-US\",\"potentialAction\":[{\"@type\":\"ReadAction\",\"target\":[\"https:\/\/www.dramfolks-whisky-auction.com\/en\/product\/filliers-10yo-single-malt-batch-1-10\/\"]}]},{\"@type\":\"ImageObject\",\"inLanguage\":\"en-US\",\"@id\":\"https:\/\/www.dramfolks-whisky-auction.com\/en\/product\/filliers-10yo-single-malt-batch-1-10\/#primaryimage\",\"url\":\"https:\/\/www.dramfolks-whisky-auction.com\/wp-content\/uploads\/2024\/09\/Fillier-vorne-scaled.jpg\",\"contentUrl\":\"https:\/\/www.dramfolks-whisky-auction.com\/wp-content\/uploads\/2024\/09\/Fillier-vorne-scaled.jpg\",\"width\":2560,\"height\":2560},{\"@type\":\"BreadcrumbList\",\"@id\":\"https:\/\/www.dramfolks-whisky-auction.com\/en\/product\/filliers-10yo-single-malt-batch-1-10\/#breadcrumb\",\"itemListElement\":[{\"@type\":\"ListItem\",\"position\":1,\"name\":\"Startseite\",\"item\":\"https:\/\/www.dramfolks-whisky-auction.com\/en\/\"},{\"@type\":\"ListItem\",\"position\":2,\"name\":\"Shop\",\"item\":\"https:\/\/www.dramfolks-whisky-auction.com\/en\/shop\/\"},{\"@type\":\"ListItem\",\"position\":3,\"name\":\"Filliers &#8211; 10yo Single Malt Batch #1\"}]},{\"@type\":\"WebSite\",\"@id\":\"https:\/\/www.dramfolks-whisky-auction.com\/en\/#website\",\"url\":\"https:\/\/www.dramfolks-whisky-auction.com\/en\/\",\"name\":\"Dramfolks Whisky Auction\",\"description\":\"\",\"potentialAction\":[{\"@type\":\"SearchAction\",\"target\":{\"@type\":\"EntryPoint\",\"urlTemplate\":\"https:\/\/www.dramfolks-whisky-auction.com\/en\/?s={search_term_string}\"},\"query-input\":{\"@type\":\"PropertyValueSpecification\",\"valueRequired\":true,\"valueName\":\"search_term_string\"}}],\"inLanguage\":\"en-US\"}]}<\/script>\n<!-- \/ Yoast SEO plugin. -->","yoast_head_json":{"title":"Filliers - 10yo Single Malt Batch #1 - Dramfolks Whisky Auction","robots":{"index":"index","follow":"follow","max-snippet":"max-snippet:-1","max-image-preview":"max-image-preview:large","max-video-preview":"max-video-preview:-1"},"canonical":"https:\/\/www.dramfolks-whisky-auction.com\/en\/product\/filliers-10yo-single-malt-batch-1-10\/","og_locale":"en_US","og_type":"article","og_title":"Filliers - 10yo Single Malt Batch #1 - Dramfolks Whisky Auction","og_description":"Destille: Filliers DIe Brennerei Filliers aus Belgien ist in Deinze in der Provinz Ostflandern beheimatet. Die Brennerei ging aus einem landwirtschaftlichen Betrieb der Familie Filliers hervor und begann im Jahre 1881 mit dem Brennen von Spirituosen. Die familiengef\u00fchrte Brennerei baute ihr exquisites Sortiment stetig aus und ist insbesondere f\u00fcr ihren hervorragenden Genever der Premium-Klasse, der[...]","og_url":"https:\/\/www.dramfolks-whisky-auction.com\/en\/product\/filliers-10yo-single-malt-batch-1-10\/","og_site_name":"Dramfolks Whisky Auction","article_modified_time":"2025-10-05T17:00:07+00:00","og_image":[{"width":2560,"height":2560,"url":"https:\/\/www.dramfolks-whisky-auction.com\/wp-content\/uploads\/2024\/09\/Fillier-vorne-scaled.jpg","type":"image\/jpeg"}],"twitter_card":"summary_large_image","twitter_misc":{"Est. reading time":"2 minutes"},"schema":{"@context":"https:\/\/schema.org","@graph":[{"@type":"WebPage","@id":"https:\/\/www.dramfolks-whisky-auction.com\/en\/product\/filliers-10yo-single-malt-batch-1-10\/","url":"https:\/\/www.dramfolks-whisky-auction.com\/en\/product\/filliers-10yo-single-malt-batch-1-10\/","name":"Filliers - 10yo Single Malt Batch #1 - Dramfolks Whisky Auction","isPartOf":{"@id":"https:\/\/www.dramfolks-whisky-auction.com\/en\/#website"},"primaryImageOfPage":{"@id":"https:\/\/www.dramfolks-whisky-auction.com\/en\/product\/filliers-10yo-single-malt-batch-1-10\/#primaryimage"},"image":{"@id":"https:\/\/www.dramfolks-whisky-auction.com\/en\/product\/filliers-10yo-single-malt-batch-1-10\/#primaryimage"},"thumbnailUrl":"https:\/\/www.dramfolks-whisky-auction.com\/wp-content\/uploads\/2024\/09\/Fillier-vorne-scaled.jpg","datePublished":"2025-09-18T06:01:04+00:00","dateModified":"2025-10-05T17:00:07+00:00","breadcrumb":{"@id":"https:\/\/www.dramfolks-whisky-auction.com\/en\/product\/filliers-10yo-single-malt-batch-1-10\/#breadcrumb"},"inLanguage":"en-US","potentialAction":[{"@type":"ReadAction","target":["https:\/\/www.dramfolks-whisky-auction.com\/en\/product\/filliers-10yo-single-malt-batch-1-10\/"]}]},{"@type":"ImageObject","inLanguage":"en-US","@id":"https:\/\/www.dramfolks-whisky-auction.com\/en\/product\/filliers-10yo-single-malt-batch-1-10\/#primaryimage","url":"https:\/\/www.dramfolks-whisky-auction.com\/wp-content\/uploads\/2024\/09\/Fillier-vorne-scaled.jpg","contentUrl":"https:\/\/www.dramfolks-whisky-auction.com\/wp-content\/uploads\/2024\/09\/Fillier-vorne-scaled.jpg","width":2560,"height":2560},{"@type":"BreadcrumbList","@id":"https:\/\/www.dramfolks-whisky-auction.com\/en\/product\/filliers-10yo-single-malt-batch-1-10\/#breadcrumb","itemListElement":[{"@type":"ListItem","position":1,"name":"Startseite","item":"https:\/\/www.dramfolks-whisky-auction.com\/en\/"},{"@type":"ListItem","position":2,"name":"Shop","item":"https:\/\/www.dramfolks-whisky-auction.com\/en\/shop\/"},{"@type":"ListItem","position":3,"name":"Filliers &#8211; 10yo Single Malt Batch #1"}]},{"@type":"WebSite","@id":"https:\/\/www.dramfolks-whisky-auction.com\/en\/#website","url":"https:\/\/www.dramfolks-whisky-auction.com\/en\/","name":"Dramfolks Whisky Auction","description":"","potentialAction":[{"@type":"SearchAction","target":{"@type":"EntryPoint","urlTemplate":"https:\/\/www.dramfolks-whisky-auction.com\/en\/?s={search_term_string}"},"query-input":{"@type":"PropertyValueSpecification","valueRequired":true,"valueName":"search_term_string"}}],"inLanguage":"en-US"}]}},"_links":{"self":[{"href":"https:\/\/www.dramfolks-whisky-auction.com\/en\/wp-json\/wp\/v2\/product\/5278129","targetHints":{"allow":["GET"]}}],"collection":[{"href":"https:\/\/www.dramfolks-whisky-auction.com\/en\/wp-json\/wp\/v2\/product"}],"about":[{"href":"https:\/\/www.dramfolks-whisky-auction.com\/en\/wp-json\/wp\/v2\/types\/product"}],"replies":[{"embeddable":true,"href":"https:\/\/www.dramfolks-whisky-auction.com\/en\/wp-json\/wp\/v2\/comments?post=5278129"}],"wp:featuredmedia":[{"embeddable":true,"href":"https:\/\/www.dramfolks-whisky-auction.com\/en\/wp-json\/wp\/v2\/media\/535407"}],"wp:attachment":[{"href":"https:\/\/www.dramfolks-whisky-auction.com\/en\/wp-json\/wp\/v2\/media?parent=5278129"}],"wp:term":[{"taxonomy":"product_brand","embeddable":true,"href":"https:\/\/www.dramfolks-whisky-auction.com\/en\/wp-json\/wp\/v2\/product_brand?post=5278129"},{"taxonomy":"product_cat","embeddable":true,"href":"https:\/\/www.dramfolks-whisky-auction.com\/en\/wp-json\/wp\/v2\/product_cat?post=5278129"},{"taxonomy":"product_tag","embeddable":true,"href":"https:\/\/www.dramfolks-whisky-auction.com\/en\/wp-json\/wp\/v2\/product_tag?post=5278129"}],"curies":[{"name":"wp","href":"https:\/\/api.w.org\/{rel}","templated":true}]}}