{"id":527643,"date":"2024-09-22T14:35:35","date_gmt":"2024-09-22T12:35:35","guid":{"rendered":"https:\/\/www.dramfolks-whisky-auction.com\/?post_type=product&#038;p=527643"},"modified":"2024-10-13T19:15:02","modified_gmt":"2024-10-13T17:15:02","slug":"glenallachie-11yo-a-dark-dutch-winter-2009-3","status":"publish","type":"product","link":"https:\/\/www.dramfolks-whisky-auction.com\/en\/product\/glenallachie-11yo-a-dark-dutch-winter-2009-3\/","title":{"rendered":"GlenAllachie &#8211; 11yo A Dark Dutch Winter 2009"},"content":{"rendered":"<p><strong>Destille: GlenAllachie<br \/>\n<\/strong>GlenAllachie ist eine vergleichsweise noch relativ junge Destille in der schottischen Speyside. Der Name kommt aus dem G\u00e4lischen und bedeutet &#8216;Tal der Steine&#8217;. 2017 wurde die <span class=\"tx-datamintslossaryextension-no-replacement\">Brennerei<\/span> von The GlenAllachie Distillers Company Ltd. gekauft, einem Konsortium unter der F\u00fchrung von Billy Walker, Trisha Savage und Graham Stevenson. Die drei zusammen bringen \u00fcber 100 Jahre Erfahrung in der Whiskyindustrie mit ein. Die <span class=\"tx-datamintslossaryextension-no-replacement\">Brennerei<\/span> nutzt ihren Standort und verwendet das ben\u00f6tigte Wasser aus den nahe gelegenen Quellen des Benrinnes. Eine wichtige Besonderheit bei der <span class=\"tx-datamintslossaryextension-no-replacement\">Produktion<\/span> ist die Verwendung von horizontal liegenden Rohrkondensatoren, w\u00e4hrend von den meisten Destillerien stehende verwendet werden. J\u00e4hrliches Produktionsvolumen: ca. 3,2 Mio. Liter.<\/p>\n<p><strong>Fun Fakt: <\/strong>Eine kleine Neuerung war auch das gro\u00dfe &#8216;A&#8217; in GlenAllachie, in Anlehnung an GlenDronach und BenRiach, die Billy Walker vorher leitete.<\/p>\n<p><strong>Whisky\/Whiskey: 11yo A Dark Dutch Winter 2009<br \/>\n<\/strong><span data-v-46783aec=\"\" data-v-162be419=\"\">Im GlenAllachie 11yo For A Dark Dutch Winter trifft das Beste des fruchtigen, hauseigenen Stils von GlenAllachie zusammen. Die Reifung erhielt er in einem einzigen Oloroso-Hogshead. Dieser 11 Jahre alte Single Malt Whisky ist Teil der limitierten Four Seasons Serie, die aus 4 Whiskys besteht, welche exklusiv f\u00fcr DrankDozijn abgef\u00fcllt und dabei von den verschiedenen Jahreszeiten inspiriert sind. Dieser Single Malt wurde 2009 destilliert und 2020 &#8211; im Alter von 11 Jahren &#8211; abgef\u00fcllt. Es wurden insgesamt nur 318 Flaschen abgef\u00fcllt! <\/span><\/p>\n<p><strong>Info Qualit\u00e4t der Flasche:<\/strong> Exzellent &#8211; ohne Besch\u00e4digungen \/ <strong>F\u00fcllstand: <\/strong>Top shoulder<br \/>\n<strong>Info Qualit\u00e4t der Box: <\/strong>Exzellent &#8211; ohne Besch\u00e4digungen<\/p>\n<p><strong>Wichtiger Hinweis:<\/strong> Die Bewertung der Flaschen und Boxen erfolgt nach \u201ebesten Wissen und Gewissen\u201c. dramfolks kann keine Gew\u00e4hrleistung f\u00fcr den Inhalt der Flaschen \u00fcbernehmen. Weitere Infos &amp; Hinweise finden Sie in unseren AGBs. Wir empfehlen Ihnen, vor der Abgabe von Geboten \u00fcber die Zoomfunktion eine Besichtigung \/ genaue Pr\u00fcfung des angebotenen Whiskys vorzunehmen. Bitte kontaktieren sie uns bei Fragen direkt unter info@dramfolks.com<\/p>\n","protected":false},"excerpt":{"rendered":"<p>Destille: GlenAllachie GlenAllachie ist eine vergleichsweise noch relativ junge Destille in der schottischen Speyside. Der Name kommt aus dem G\u00e4lischen und bedeutet &#8216;Tal der Steine&#8217;. 2017 wurde die Brennerei von The GlenAllachie Distillers Company Ltd. gekauft, einem Konsortium unter der F\u00fchrung von Billy Walker, Trisha Savage und Graham Stevenson. Die drei zusammen bringen \u00fcber 100[&#8230;]\n","protected":false},"featured_media":168049,"comment_status":"closed","ping_status":"closed","template":"","meta":[],"product_brand":[],"product_cat":[933],"product_tag":[],"class_list":{"0":"post-527643","1":"product","2":"type-product","3":"status-publish","4":"has-post-thumbnail","6":"product_cat-no-13","8":"first","9":"instock","10":"shipping-taxable","11":"purchasable","12":"product-type-auction"},"yoast_head":"<!-- This site is optimized with the Yoast SEO plugin v27.4 - https:\/\/yoast.com\/product\/yoast-seo-wordpress\/ -->\n<title>GlenAllachie - 11yo A Dark Dutch Winter 2009 - Dramfolks Whisky Auction<\/title>\n<meta name=\"robots\" content=\"index, follow, max-snippet:-1, max-image-preview:large, max-video-preview:-1\" \/>\n<link rel=\"canonical\" href=\"https:\/\/www.dramfolks-whisky-auction.com\/en\/product\/glenallachie-11yo-a-dark-dutch-winter-2009-3\/\" \/>\n<meta property=\"og:locale\" content=\"en_US\" \/>\n<meta property=\"og:type\" content=\"article\" \/>\n<meta property=\"og:title\" content=\"GlenAllachie - 11yo A Dark Dutch Winter 2009 - Dramfolks Whisky Auction\" \/>\n<meta property=\"og:description\" content=\"Destille: GlenAllachie GlenAllachie ist eine vergleichsweise noch relativ junge Destille in der schottischen Speyside. Der Name kommt aus dem G\u00e4lischen und bedeutet &#8216;Tal der Steine&#8217;. 2017 wurde die Brennerei von The GlenAllachie Distillers Company Ltd. gekauft, einem Konsortium unter der F\u00fchrung von Billy Walker, Trisha Savage und Graham Stevenson. Die drei zusammen bringen \u00fcber 100[...]\" \/>\n<meta property=\"og:url\" content=\"https:\/\/www.dramfolks-whisky-auction.com\/en\/product\/glenallachie-11yo-a-dark-dutch-winter-2009-3\/\" \/>\n<meta property=\"og:site_name\" content=\"Dramfolks Whisky Auction\" \/>\n<meta property=\"article:modified_time\" content=\"2024-10-13T17:15:02+00:00\" \/>\n<meta property=\"og:image\" content=\"https:\/\/www.dramfolks-whisky-auction.com\/wp-content\/uploads\/2024\/08\/Glenallachie-2009-vorne-scaled.jpg\" \/>\n\t<meta property=\"og:image:width\" content=\"2560\" \/>\n\t<meta property=\"og:image:height\" content=\"2560\" \/>\n\t<meta property=\"og:image:type\" content=\"image\/jpeg\" \/>\n<meta name=\"twitter:card\" content=\"summary_large_image\" \/>\n<meta name=\"twitter:label1\" content=\"Est. reading time\" \/>\n\t<meta name=\"twitter:data1\" content=\"2 minutes\" \/>\n<script type=\"application\/ld+json\" class=\"yoast-schema-graph\">{\"@context\":\"https:\\\/\\\/schema.org\",\"@graph\":[{\"@type\":\"WebPage\",\"@id\":\"https:\\\/\\\/www.dramfolks-whisky-auction.com\\\/en\\\/product\\\/glenallachie-11yo-a-dark-dutch-winter-2009-3\\\/\",\"url\":\"https:\\\/\\\/www.dramfolks-whisky-auction.com\\\/en\\\/product\\\/glenallachie-11yo-a-dark-dutch-winter-2009-3\\\/\",\"name\":\"GlenAllachie - 11yo A Dark Dutch Winter 2009 - Dramfolks Whisky Auction\",\"isPartOf\":{\"@id\":\"https:\\\/\\\/www.dramfolks-whisky-auction.com\\\/en\\\/#website\"},\"primaryImageOfPage\":{\"@id\":\"https:\\\/\\\/www.dramfolks-whisky-auction.com\\\/en\\\/product\\\/glenallachie-11yo-a-dark-dutch-winter-2009-3\\\/#primaryimage\"},\"image\":{\"@id\":\"https:\\\/\\\/www.dramfolks-whisky-auction.com\\\/en\\\/product\\\/glenallachie-11yo-a-dark-dutch-winter-2009-3\\\/#primaryimage\"},\"thumbnailUrl\":\"https:\\\/\\\/www.dramfolks-whisky-auction.com\\\/wp-content\\\/uploads\\\/2024\\\/08\\\/Glenallachie-2009-vorne-scaled.jpg\",\"datePublished\":\"2024-09-22T12:35:35+00:00\",\"dateModified\":\"2024-10-13T17:15:02+00:00\",\"breadcrumb\":{\"@id\":\"https:\\\/\\\/www.dramfolks-whisky-auction.com\\\/en\\\/product\\\/glenallachie-11yo-a-dark-dutch-winter-2009-3\\\/#breadcrumb\"},\"inLanguage\":\"en-US\",\"potentialAction\":[{\"@type\":\"ReadAction\",\"target\":[\"https:\\\/\\\/www.dramfolks-whisky-auction.com\\\/en\\\/product\\\/glenallachie-11yo-a-dark-dutch-winter-2009-3\\\/\"]}]},{\"@type\":\"ImageObject\",\"inLanguage\":\"en-US\",\"@id\":\"https:\\\/\\\/www.dramfolks-whisky-auction.com\\\/en\\\/product\\\/glenallachie-11yo-a-dark-dutch-winter-2009-3\\\/#primaryimage\",\"url\":\"https:\\\/\\\/www.dramfolks-whisky-auction.com\\\/wp-content\\\/uploads\\\/2024\\\/08\\\/Glenallachie-2009-vorne-scaled.jpg\",\"contentUrl\":\"https:\\\/\\\/www.dramfolks-whisky-auction.com\\\/wp-content\\\/uploads\\\/2024\\\/08\\\/Glenallachie-2009-vorne-scaled.jpg\",\"width\":2560,\"height\":2560},{\"@type\":\"BreadcrumbList\",\"@id\":\"https:\\\/\\\/www.dramfolks-whisky-auction.com\\\/en\\\/product\\\/glenallachie-11yo-a-dark-dutch-winter-2009-3\\\/#breadcrumb\",\"itemListElement\":[{\"@type\":\"ListItem\",\"position\":1,\"name\":\"Startseite\",\"item\":\"https:\\\/\\\/www.dramfolks-whisky-auction.com\\\/en\\\/\"},{\"@type\":\"ListItem\",\"position\":2,\"name\":\"Shop\",\"item\":\"https:\\\/\\\/www.dramfolks-whisky-auction.com\\\/en\\\/shop\\\/\"},{\"@type\":\"ListItem\",\"position\":3,\"name\":\"GlenAllachie &#8211; 11yo A Dark Dutch Winter 2009\"}]},{\"@type\":\"WebSite\",\"@id\":\"https:\\\/\\\/www.dramfolks-whisky-auction.com\\\/en\\\/#website\",\"url\":\"https:\\\/\\\/www.dramfolks-whisky-auction.com\\\/en\\\/\",\"name\":\"Dramfolks Whisky Auction\",\"description\":\"\",\"potentialAction\":[{\"@type\":\"SearchAction\",\"target\":{\"@type\":\"EntryPoint\",\"urlTemplate\":\"https:\\\/\\\/www.dramfolks-whisky-auction.com\\\/en\\\/?s={search_term_string}\"},\"query-input\":{\"@type\":\"PropertyValueSpecification\",\"valueRequired\":true,\"valueName\":\"search_term_string\"}}],\"inLanguage\":\"en-US\"}]}<\/script>\n<!-- \/ Yoast SEO plugin. -->","yoast_head_json":{"title":"GlenAllachie - 11yo A Dark Dutch Winter 2009 - Dramfolks Whisky Auction","robots":{"index":"index","follow":"follow","max-snippet":"max-snippet:-1","max-image-preview":"max-image-preview:large","max-video-preview":"max-video-preview:-1"},"canonical":"https:\/\/www.dramfolks-whisky-auction.com\/en\/product\/glenallachie-11yo-a-dark-dutch-winter-2009-3\/","og_locale":"en_US","og_type":"article","og_title":"GlenAllachie - 11yo A Dark Dutch Winter 2009 - Dramfolks Whisky Auction","og_description":"Destille: GlenAllachie GlenAllachie ist eine vergleichsweise noch relativ junge Destille in der schottischen Speyside. Der Name kommt aus dem G\u00e4lischen und bedeutet &#8216;Tal der Steine&#8217;. 2017 wurde die Brennerei von The GlenAllachie Distillers Company Ltd. gekauft, einem Konsortium unter der F\u00fchrung von Billy Walker, Trisha Savage und Graham Stevenson. Die drei zusammen bringen \u00fcber 100[...]","og_url":"https:\/\/www.dramfolks-whisky-auction.com\/en\/product\/glenallachie-11yo-a-dark-dutch-winter-2009-3\/","og_site_name":"Dramfolks Whisky Auction","article_modified_time":"2024-10-13T17:15:02+00:00","og_image":[{"width":2560,"height":2560,"url":"https:\/\/www.dramfolks-whisky-auction.com\/wp-content\/uploads\/2024\/08\/Glenallachie-2009-vorne-scaled.jpg","type":"image\/jpeg"}],"twitter_card":"summary_large_image","twitter_misc":{"Est. reading time":"2 minutes"},"schema":{"@context":"https:\/\/schema.org","@graph":[{"@type":"WebPage","@id":"https:\/\/www.dramfolks-whisky-auction.com\/en\/product\/glenallachie-11yo-a-dark-dutch-winter-2009-3\/","url":"https:\/\/www.dramfolks-whisky-auction.com\/en\/product\/glenallachie-11yo-a-dark-dutch-winter-2009-3\/","name":"GlenAllachie - 11yo A Dark Dutch Winter 2009 - Dramfolks Whisky Auction","isPartOf":{"@id":"https:\/\/www.dramfolks-whisky-auction.com\/en\/#website"},"primaryImageOfPage":{"@id":"https:\/\/www.dramfolks-whisky-auction.com\/en\/product\/glenallachie-11yo-a-dark-dutch-winter-2009-3\/#primaryimage"},"image":{"@id":"https:\/\/www.dramfolks-whisky-auction.com\/en\/product\/glenallachie-11yo-a-dark-dutch-winter-2009-3\/#primaryimage"},"thumbnailUrl":"https:\/\/www.dramfolks-whisky-auction.com\/wp-content\/uploads\/2024\/08\/Glenallachie-2009-vorne-scaled.jpg","datePublished":"2024-09-22T12:35:35+00:00","dateModified":"2024-10-13T17:15:02+00:00","breadcrumb":{"@id":"https:\/\/www.dramfolks-whisky-auction.com\/en\/product\/glenallachie-11yo-a-dark-dutch-winter-2009-3\/#breadcrumb"},"inLanguage":"en-US","potentialAction":[{"@type":"ReadAction","target":["https:\/\/www.dramfolks-whisky-auction.com\/en\/product\/glenallachie-11yo-a-dark-dutch-winter-2009-3\/"]}]},{"@type":"ImageObject","inLanguage":"en-US","@id":"https:\/\/www.dramfolks-whisky-auction.com\/en\/product\/glenallachie-11yo-a-dark-dutch-winter-2009-3\/#primaryimage","url":"https:\/\/www.dramfolks-whisky-auction.com\/wp-content\/uploads\/2024\/08\/Glenallachie-2009-vorne-scaled.jpg","contentUrl":"https:\/\/www.dramfolks-whisky-auction.com\/wp-content\/uploads\/2024\/08\/Glenallachie-2009-vorne-scaled.jpg","width":2560,"height":2560},{"@type":"BreadcrumbList","@id":"https:\/\/www.dramfolks-whisky-auction.com\/en\/product\/glenallachie-11yo-a-dark-dutch-winter-2009-3\/#breadcrumb","itemListElement":[{"@type":"ListItem","position":1,"name":"Startseite","item":"https:\/\/www.dramfolks-whisky-auction.com\/en\/"},{"@type":"ListItem","position":2,"name":"Shop","item":"https:\/\/www.dramfolks-whisky-auction.com\/en\/shop\/"},{"@type":"ListItem","position":3,"name":"GlenAllachie &#8211; 11yo A Dark Dutch Winter 2009"}]},{"@type":"WebSite","@id":"https:\/\/www.dramfolks-whisky-auction.com\/en\/#website","url":"https:\/\/www.dramfolks-whisky-auction.com\/en\/","name":"Dramfolks Whisky Auction","description":"","potentialAction":[{"@type":"SearchAction","target":{"@type":"EntryPoint","urlTemplate":"https:\/\/www.dramfolks-whisky-auction.com\/en\/?s={search_term_string}"},"query-input":{"@type":"PropertyValueSpecification","valueRequired":true,"valueName":"search_term_string"}}],"inLanguage":"en-US"}]}},"_links":{"self":[{"href":"https:\/\/www.dramfolks-whisky-auction.com\/en\/wp-json\/wp\/v2\/product\/527643","targetHints":{"allow":["GET"]}}],"collection":[{"href":"https:\/\/www.dramfolks-whisky-auction.com\/en\/wp-json\/wp\/v2\/product"}],"about":[{"href":"https:\/\/www.dramfolks-whisky-auction.com\/en\/wp-json\/wp\/v2\/types\/product"}],"replies":[{"embeddable":true,"href":"https:\/\/www.dramfolks-whisky-auction.com\/en\/wp-json\/wp\/v2\/comments?post=527643"}],"wp:featuredmedia":[{"embeddable":true,"href":"https:\/\/www.dramfolks-whisky-auction.com\/en\/wp-json\/wp\/v2\/media\/168049"}],"wp:attachment":[{"href":"https:\/\/www.dramfolks-whisky-auction.com\/en\/wp-json\/wp\/v2\/media?parent=527643"}],"wp:term":[{"taxonomy":"product_brand","embeddable":true,"href":"https:\/\/www.dramfolks-whisky-auction.com\/en\/wp-json\/wp\/v2\/product_brand?post=527643"},{"taxonomy":"product_cat","embeddable":true,"href":"https:\/\/www.dramfolks-whisky-auction.com\/en\/wp-json\/wp\/v2\/product_cat?post=527643"},{"taxonomy":"product_tag","embeddable":true,"href":"https:\/\/www.dramfolks-whisky-auction.com\/en\/wp-json\/wp\/v2\/product_tag?post=527643"}],"curies":[{"name":"wp","href":"https:\/\/api.w.org\/{rel}","templated":true}]}}