{"id":527641,"date":"2024-09-22T14:33:07","date_gmt":"2024-09-22T12:33:07","guid":{"rendered":"https:\/\/www.dramfolks-whisky-auction.com\/?post_type=product&#038;p=527641"},"modified":"2024-10-16T21:35:01","modified_gmt":"2024-10-16T19:35:01","slug":"cragganmore-the-distillers-edition-2009-2021-3","status":"publish","type":"product","link":"https:\/\/www.dramfolks-whisky-auction.com\/en\/product\/cragganmore-the-distillers-edition-2009-2021-3\/","title":{"rendered":"Cragganmore &#8211; The Distillers Edition (2009\/2021)"},"content":{"rendered":"<p><strong>Destille: Cragganmore<\/strong><br \/>\nCragganmore ist eine Whiskybrennerei in Ballindalloch, Moray, Schottland. Die Brennerei geh\u00f6rt heute zum Spirituosenkonzern Diageo (ehemals United Distillers). Die Brennerei wurde 1869 von John Smith am Fu\u00dfe des Craggan More Hill gegr\u00fcndet. Sie befindet sich auf den L\u00e4ndereien von Ballindalloch Castle im Dorf Ballindalloch in Banffshire im Nordosten Schottlands. John Smith w\u00e4hlte den Standort am Flussufer von Ballindalloch aus einer Reihe von Gr\u00fcnden: Quellwasser f\u00fcr die Verarbeitung, Spey-Wasser zum K\u00fchlen und vielleicht am wichtigsten&#8230; die Strathspey Railway. Denn sie verlief praktisch vor der Eingangst\u00fcr der Brennerei. Dies w\u00fcrde es Smith erm\u00f6glichen, F\u00e4sser und Kohle aus den Lowlands zu holen und seine neue Marke schnell zu den Mischh\u00e4usern zu verschiffen.<br \/>\nSmith war seines Zeichens ein Experte in puncto Whisky-Destillation. Er war zuvor als Manager der Macallan-, Glenlivet-, Glenfarclas- und der Clydesdale-Brennerei in Wishaw t\u00e4tig. Die Strathspey Railway wurde inzwischen stillgelegt (heute Museumsbahn); an ihr f\u00fchrt jedoch der Wanderweg Speyside Way entlang. Die Brennerei Cragganmore liegt am offiziellen Malt Whisky Trail in Schottland, der an acht Brennereien in Speyside vorbeif\u00fchrt. 2023 betrug die Besucherzahl etwa 10.000 Personen. J\u00e4hrliches Produktionskapazit\u00e4t: 1,6 Mio. Liter.<\/p>\n<p><strong>Fun fact:<\/strong> Der Start ist nie einfach&#8230; Der von Smith ausgew\u00e4hlte Ort Ballindalloch war zu gro\u00dfen Teilen im Besitz des Gro\u00dfgrundbesitzer Sir George MacPherson-Grant. Der Legende nach musste Smith erst jenen Sir Georg &#8220;\u00fcberreden&#8221;, dass er ihm ein St\u00fcck Land in der N\u00e4he der Eisenbahn verpachtet. Wie dies im Detail geschehen ist, ist leider nicht \u00fcberliefert \ud83d\ude09<\/p>\n<p><strong>Whisky\/Whiskey: The Distillers Edition (2009\/2021)<br \/>\n<\/strong>Es ist die Ver\u00f6ffentlichung der gefeierten Cragganmore Distillers Edition im Jahr 2021. Dieser Speyside Single Malt Scotch Whisky wurde 2009 destilliert, bevor er in ehemaligen Bodega-Portweinf\u00e4ssern doppelt reifte, was dem leicht rauchigen Speysider viele fruchtige Noten verleiht.<br \/>\nIn der Nase kann man &#8220;einen Nieselregen von Karamell, mit einem Hauch von Schrot, gebackenen Obstfr\u00fcchten und leichten Rauchschwaden&#8221; wahrnehmen. Gefolgt von &#8220;Marmeladen-Apfel-Pflaumen-Kompott mit verkohlter Eiche und einem Hauch von Malzbrot&#8221; am Gaumen, pr\u00e4sentiert sich der Abgang mit &#8220;anhaltende Kakaogeb\u00e4ck, Vanille und ein Hauch von trocknender Eiche&#8221; (verkostungsnotizen von <a href=\"http:\/\/www.masterofmalts.com\" target=\"_blank\" rel=\"noopener noreferrer\">www.masterofmalts.com<\/a>)<\/p>\n<p><strong>Info Flaschen Qualit\u00e4t:<\/strong> Exzellent &#8211; ohne Besch\u00e4digungen \/ <strong>F\u00fcllstand:<\/strong> High fill<br \/>\n<strong>Info Box Qualit\u00e4t:<\/strong> Exzellent &#8211; ohne Besch\u00e4digungen<\/p>\n<p><strong>Wichtiger Hinweis:<\/strong> Die Bewertung der Flaschen und Boxen erfolgt nach \u201ebesten Wissen und Gewissen\u201c. dramfolks kann keine Gew\u00e4hrleistung f\u00fcr den Inhalt der Flaschen \u00fcbernehmen. Weitere Infos &amp; Hinweise finden Sie in unseren AGBs. Wir empfehlen Ihnen, vor der Abgabe von Geboten \u00fcber die Zoomfunktion eine Besichtigung \/ genaue Pr\u00fcfung des angebotenen Whiskys vorzunehmen. Bitte kontaktieren sie uns bei Fragen direkt unter info@dramfolks.com<\/p>\n","protected":false},"excerpt":{"rendered":"<p>Destille: Cragganmore Cragganmore ist eine Whiskybrennerei in Ballindalloch, Moray, Schottland. Die Brennerei geh\u00f6rt heute zum Spirituosenkonzern Diageo (ehemals United Distillers). Die Brennerei wurde 1869 von John Smith am Fu\u00dfe des Craggan More Hill gegr\u00fcndet. Sie befindet sich auf den L\u00e4ndereien von Ballindalloch Castle im Dorf Ballindalloch in Banffshire im Nordosten Schottlands. John Smith w\u00e4hlte den[&#8230;]\n","protected":false},"featured_media":170846,"comment_status":"closed","ping_status":"closed","template":"","meta":[],"product_brand":[],"product_cat":[933],"product_tag":[],"class_list":{"0":"post-527641","1":"product","2":"type-product","3":"status-publish","4":"has-post-thumbnail","6":"product_cat-no-13","8":"first","9":"instock","10":"shipping-taxable","11":"purchasable","12":"product-type-auction"},"yoast_head":"<!-- This site is optimized with the Yoast SEO plugin v27.4 - https:\/\/yoast.com\/product\/yoast-seo-wordpress\/ -->\n<title>Cragganmore - The Distillers Edition (2009\/2021) - Dramfolks Whisky Auction<\/title>\n<meta name=\"robots\" content=\"index, follow, max-snippet:-1, max-image-preview:large, max-video-preview:-1\" \/>\n<link rel=\"canonical\" href=\"https:\/\/www.dramfolks-whisky-auction.com\/en\/product\/cragganmore-the-distillers-edition-2009-2021-3\/\" \/>\n<meta property=\"og:locale\" content=\"en_US\" \/>\n<meta property=\"og:type\" content=\"article\" \/>\n<meta property=\"og:title\" content=\"Cragganmore - The Distillers Edition (2009\/2021) - Dramfolks Whisky Auction\" \/>\n<meta property=\"og:description\" content=\"Destille: Cragganmore Cragganmore ist eine Whiskybrennerei in Ballindalloch, Moray, Schottland. Die Brennerei geh\u00f6rt heute zum Spirituosenkonzern Diageo (ehemals United Distillers). Die Brennerei wurde 1869 von John Smith am Fu\u00dfe des Craggan More Hill gegr\u00fcndet. Sie befindet sich auf den L\u00e4ndereien von Ballindalloch Castle im Dorf Ballindalloch in Banffshire im Nordosten Schottlands. John Smith w\u00e4hlte den[...]\" \/>\n<meta property=\"og:url\" content=\"https:\/\/www.dramfolks-whisky-auction.com\/en\/product\/cragganmore-the-distillers-edition-2009-2021-3\/\" \/>\n<meta property=\"og:site_name\" content=\"Dramfolks Whisky Auction\" \/>\n<meta property=\"article:modified_time\" content=\"2024-10-16T19:35:01+00:00\" \/>\n<meta property=\"og:image\" content=\"https:\/\/www.dramfolks-whisky-auction.com\/wp-content\/uploads\/2024\/08\/Cragganmore-vorne-scaled.jpg\" \/>\n\t<meta property=\"og:image:width\" content=\"2560\" \/>\n\t<meta property=\"og:image:height\" content=\"2560\" \/>\n\t<meta property=\"og:image:type\" content=\"image\/jpeg\" \/>\n<meta name=\"twitter:card\" content=\"summary_large_image\" \/>\n<meta name=\"twitter:label1\" content=\"Est. reading time\" \/>\n\t<meta name=\"twitter:data1\" content=\"3 minutes\" \/>\n<script type=\"application\/ld+json\" class=\"yoast-schema-graph\">{\"@context\":\"https:\\\/\\\/schema.org\",\"@graph\":[{\"@type\":\"WebPage\",\"@id\":\"https:\\\/\\\/www.dramfolks-whisky-auction.com\\\/en\\\/product\\\/cragganmore-the-distillers-edition-2009-2021-3\\\/\",\"url\":\"https:\\\/\\\/www.dramfolks-whisky-auction.com\\\/en\\\/product\\\/cragganmore-the-distillers-edition-2009-2021-3\\\/\",\"name\":\"Cragganmore - The Distillers Edition (2009\\\/2021) - Dramfolks Whisky Auction\",\"isPartOf\":{\"@id\":\"https:\\\/\\\/www.dramfolks-whisky-auction.com\\\/en\\\/#website\"},\"primaryImageOfPage\":{\"@id\":\"https:\\\/\\\/www.dramfolks-whisky-auction.com\\\/en\\\/product\\\/cragganmore-the-distillers-edition-2009-2021-3\\\/#primaryimage\"},\"image\":{\"@id\":\"https:\\\/\\\/www.dramfolks-whisky-auction.com\\\/en\\\/product\\\/cragganmore-the-distillers-edition-2009-2021-3\\\/#primaryimage\"},\"thumbnailUrl\":\"https:\\\/\\\/www.dramfolks-whisky-auction.com\\\/wp-content\\\/uploads\\\/2024\\\/08\\\/Cragganmore-vorne-scaled.jpg\",\"datePublished\":\"2024-09-22T12:33:07+00:00\",\"dateModified\":\"2024-10-16T19:35:01+00:00\",\"breadcrumb\":{\"@id\":\"https:\\\/\\\/www.dramfolks-whisky-auction.com\\\/en\\\/product\\\/cragganmore-the-distillers-edition-2009-2021-3\\\/#breadcrumb\"},\"inLanguage\":\"en-US\",\"potentialAction\":[{\"@type\":\"ReadAction\",\"target\":[\"https:\\\/\\\/www.dramfolks-whisky-auction.com\\\/en\\\/product\\\/cragganmore-the-distillers-edition-2009-2021-3\\\/\"]}]},{\"@type\":\"ImageObject\",\"inLanguage\":\"en-US\",\"@id\":\"https:\\\/\\\/www.dramfolks-whisky-auction.com\\\/en\\\/product\\\/cragganmore-the-distillers-edition-2009-2021-3\\\/#primaryimage\",\"url\":\"https:\\\/\\\/www.dramfolks-whisky-auction.com\\\/wp-content\\\/uploads\\\/2024\\\/08\\\/Cragganmore-vorne-scaled.jpg\",\"contentUrl\":\"https:\\\/\\\/www.dramfolks-whisky-auction.com\\\/wp-content\\\/uploads\\\/2024\\\/08\\\/Cragganmore-vorne-scaled.jpg\",\"width\":2560,\"height\":2560},{\"@type\":\"BreadcrumbList\",\"@id\":\"https:\\\/\\\/www.dramfolks-whisky-auction.com\\\/en\\\/product\\\/cragganmore-the-distillers-edition-2009-2021-3\\\/#breadcrumb\",\"itemListElement\":[{\"@type\":\"ListItem\",\"position\":1,\"name\":\"Startseite\",\"item\":\"https:\\\/\\\/www.dramfolks-whisky-auction.com\\\/en\\\/\"},{\"@type\":\"ListItem\",\"position\":2,\"name\":\"Shop\",\"item\":\"https:\\\/\\\/www.dramfolks-whisky-auction.com\\\/en\\\/shop\\\/\"},{\"@type\":\"ListItem\",\"position\":3,\"name\":\"Cragganmore &#8211; The Distillers Edition (2009\\\/2021)\"}]},{\"@type\":\"WebSite\",\"@id\":\"https:\\\/\\\/www.dramfolks-whisky-auction.com\\\/en\\\/#website\",\"url\":\"https:\\\/\\\/www.dramfolks-whisky-auction.com\\\/en\\\/\",\"name\":\"Dramfolks Whisky Auction\",\"description\":\"\",\"potentialAction\":[{\"@type\":\"SearchAction\",\"target\":{\"@type\":\"EntryPoint\",\"urlTemplate\":\"https:\\\/\\\/www.dramfolks-whisky-auction.com\\\/en\\\/?s={search_term_string}\"},\"query-input\":{\"@type\":\"PropertyValueSpecification\",\"valueRequired\":true,\"valueName\":\"search_term_string\"}}],\"inLanguage\":\"en-US\"}]}<\/script>\n<!-- \/ Yoast SEO plugin. -->","yoast_head_json":{"title":"Cragganmore - The Distillers Edition (2009\/2021) - Dramfolks Whisky Auction","robots":{"index":"index","follow":"follow","max-snippet":"max-snippet:-1","max-image-preview":"max-image-preview:large","max-video-preview":"max-video-preview:-1"},"canonical":"https:\/\/www.dramfolks-whisky-auction.com\/en\/product\/cragganmore-the-distillers-edition-2009-2021-3\/","og_locale":"en_US","og_type":"article","og_title":"Cragganmore - The Distillers Edition (2009\/2021) - Dramfolks Whisky Auction","og_description":"Destille: Cragganmore Cragganmore ist eine Whiskybrennerei in Ballindalloch, Moray, Schottland. Die Brennerei geh\u00f6rt heute zum Spirituosenkonzern Diageo (ehemals United Distillers). Die Brennerei wurde 1869 von John Smith am Fu\u00dfe des Craggan More Hill gegr\u00fcndet. Sie befindet sich auf den L\u00e4ndereien von Ballindalloch Castle im Dorf Ballindalloch in Banffshire im Nordosten Schottlands. John Smith w\u00e4hlte den[...]","og_url":"https:\/\/www.dramfolks-whisky-auction.com\/en\/product\/cragganmore-the-distillers-edition-2009-2021-3\/","og_site_name":"Dramfolks Whisky Auction","article_modified_time":"2024-10-16T19:35:01+00:00","og_image":[{"width":2560,"height":2560,"url":"https:\/\/www.dramfolks-whisky-auction.com\/wp-content\/uploads\/2024\/08\/Cragganmore-vorne-scaled.jpg","type":"image\/jpeg"}],"twitter_card":"summary_large_image","twitter_misc":{"Est. reading time":"3 minutes"},"schema":{"@context":"https:\/\/schema.org","@graph":[{"@type":"WebPage","@id":"https:\/\/www.dramfolks-whisky-auction.com\/en\/product\/cragganmore-the-distillers-edition-2009-2021-3\/","url":"https:\/\/www.dramfolks-whisky-auction.com\/en\/product\/cragganmore-the-distillers-edition-2009-2021-3\/","name":"Cragganmore - The Distillers Edition (2009\/2021) - Dramfolks Whisky Auction","isPartOf":{"@id":"https:\/\/www.dramfolks-whisky-auction.com\/en\/#website"},"primaryImageOfPage":{"@id":"https:\/\/www.dramfolks-whisky-auction.com\/en\/product\/cragganmore-the-distillers-edition-2009-2021-3\/#primaryimage"},"image":{"@id":"https:\/\/www.dramfolks-whisky-auction.com\/en\/product\/cragganmore-the-distillers-edition-2009-2021-3\/#primaryimage"},"thumbnailUrl":"https:\/\/www.dramfolks-whisky-auction.com\/wp-content\/uploads\/2024\/08\/Cragganmore-vorne-scaled.jpg","datePublished":"2024-09-22T12:33:07+00:00","dateModified":"2024-10-16T19:35:01+00:00","breadcrumb":{"@id":"https:\/\/www.dramfolks-whisky-auction.com\/en\/product\/cragganmore-the-distillers-edition-2009-2021-3\/#breadcrumb"},"inLanguage":"en-US","potentialAction":[{"@type":"ReadAction","target":["https:\/\/www.dramfolks-whisky-auction.com\/en\/product\/cragganmore-the-distillers-edition-2009-2021-3\/"]}]},{"@type":"ImageObject","inLanguage":"en-US","@id":"https:\/\/www.dramfolks-whisky-auction.com\/en\/product\/cragganmore-the-distillers-edition-2009-2021-3\/#primaryimage","url":"https:\/\/www.dramfolks-whisky-auction.com\/wp-content\/uploads\/2024\/08\/Cragganmore-vorne-scaled.jpg","contentUrl":"https:\/\/www.dramfolks-whisky-auction.com\/wp-content\/uploads\/2024\/08\/Cragganmore-vorne-scaled.jpg","width":2560,"height":2560},{"@type":"BreadcrumbList","@id":"https:\/\/www.dramfolks-whisky-auction.com\/en\/product\/cragganmore-the-distillers-edition-2009-2021-3\/#breadcrumb","itemListElement":[{"@type":"ListItem","position":1,"name":"Startseite","item":"https:\/\/www.dramfolks-whisky-auction.com\/en\/"},{"@type":"ListItem","position":2,"name":"Shop","item":"https:\/\/www.dramfolks-whisky-auction.com\/en\/shop\/"},{"@type":"ListItem","position":3,"name":"Cragganmore &#8211; The Distillers Edition (2009\/2021)"}]},{"@type":"WebSite","@id":"https:\/\/www.dramfolks-whisky-auction.com\/en\/#website","url":"https:\/\/www.dramfolks-whisky-auction.com\/en\/","name":"Dramfolks Whisky Auction","description":"","potentialAction":[{"@type":"SearchAction","target":{"@type":"EntryPoint","urlTemplate":"https:\/\/www.dramfolks-whisky-auction.com\/en\/?s={search_term_string}"},"query-input":{"@type":"PropertyValueSpecification","valueRequired":true,"valueName":"search_term_string"}}],"inLanguage":"en-US"}]}},"_links":{"self":[{"href":"https:\/\/www.dramfolks-whisky-auction.com\/en\/wp-json\/wp\/v2\/product\/527641","targetHints":{"allow":["GET"]}}],"collection":[{"href":"https:\/\/www.dramfolks-whisky-auction.com\/en\/wp-json\/wp\/v2\/product"}],"about":[{"href":"https:\/\/www.dramfolks-whisky-auction.com\/en\/wp-json\/wp\/v2\/types\/product"}],"replies":[{"embeddable":true,"href":"https:\/\/www.dramfolks-whisky-auction.com\/en\/wp-json\/wp\/v2\/comments?post=527641"}],"wp:featuredmedia":[{"embeddable":true,"href":"https:\/\/www.dramfolks-whisky-auction.com\/en\/wp-json\/wp\/v2\/media\/170846"}],"wp:attachment":[{"href":"https:\/\/www.dramfolks-whisky-auction.com\/en\/wp-json\/wp\/v2\/media?parent=527641"}],"wp:term":[{"taxonomy":"product_brand","embeddable":true,"href":"https:\/\/www.dramfolks-whisky-auction.com\/en\/wp-json\/wp\/v2\/product_brand?post=527641"},{"taxonomy":"product_cat","embeddable":true,"href":"https:\/\/www.dramfolks-whisky-auction.com\/en\/wp-json\/wp\/v2\/product_cat?post=527641"},{"taxonomy":"product_tag","embeddable":true,"href":"https:\/\/www.dramfolks-whisky-auction.com\/en\/wp-json\/wp\/v2\/product_tag?post=527641"}],"curies":[{"name":"wp","href":"https:\/\/api.w.org\/{rel}","templated":true}]}}