{"id":527628,"date":"2024-09-22T13:45:09","date_gmt":"2024-09-22T11:45:09","guid":{"rendered":"https:\/\/www.dramfolks-whisky-auction.com\/?post_type=product&#038;p=527628"},"modified":"2024-10-13T19:30:03","modified_gmt":"2024-10-13T17:30:03","slug":"blair-athol-2010-2023-sauternes-cask-berry-bros-rudd-7","status":"publish","type":"product","link":"https:\/\/www.dramfolks-whisky-auction.com\/en\/product\/blair-athol-2010-2023-sauternes-cask-berry-bros-rudd-7\/","title":{"rendered":"Blair Athol &#8211; 2010\/2023 Sauternes Cask (Berry Bros.&#038;Rudd)"},"content":{"rendered":"<p><strong>Destille: Blair Athol<br \/>\n<\/strong>Die Blair Athol Destille liegt in der Ortschaft Pitlochry an der Stra\u00dfe von Perth nach Inverness. Sie liegt in einem offenen Moorgebiet s\u00fcdlich der Stadt, in den Ausl\u00e4ufern der Grampian-Berge. Die uralte Wasserquelle von Blair Athol &#8211; der Allt Dour &#8211; flie\u00dft von den H\u00e4ngen des Ben Vrackie durch das Gel\u00e4nde und tr\u00e4gt zu der weichen Qualit\u00e4t und dem sanften Abgang des Whiskys bei. Gegr\u00fcndet wurde die Destille bereits 1798 von John Stewart und Robert Robertson unter dem Namen &#8220;Aldour&#8221;. Heute geh\u00f6rt die Brennerei zum gro\u00dfen Whisky-Konzern Diageo. Blair Athol wird oft als das &#8220;Tor zu den Highlands&#8221; bezeichnet und geh\u00f6rt zu den \u00e4ltesten Destillerien Schottlands, die noch in Betrieb sind. J\u00e4hrliches Produktionsvolumen: ca. 2,5 Mio. Litern pro Jahr.<\/p>\n<p><strong>Fun Fakt:\u00a0<\/strong>Pitlochry ist ein bekannter Kurort. Blair Athol ist deshalb schon lange Besucher und den Tourismus gewohnt und hat sich mit einem interessanten Besucherzentrum und Destillerie-F\u00fchrungen ganz darauf eingestellt. Die Landschaft rund um die Destillerie ist sehr sehenswert und es werden einige interessante F\u00fchrungen angeboten die auch reichlich frequentiert werden.<\/p>\n<p><strong>Whisky\/Whiskey: 2010\/2023 Sauternes Cask (Berry Bros.&amp;Rudd)<br \/>\n<\/strong>Vom \u201eTor zu den Highlands\u201c kommt der Blair Athol 2010\/2023 als exklusive Abf\u00fcllung nach Deutschland. Der als volumin\u00f6s gefeierte Single Malt erhielt ein Finish im Sauternes Hogshead und entfaltet bei 54,4% vol. Cask Strength weiche, s\u00fc\u00dfe Fruchtaromen, Vanille und Marzipan. Der Blair Athol 2010\/2023 wurde in einer limitierten Auflage von 298 (!!!) Flaschen abgef\u00fcllt und ist weder k\u00fchlfiltriert noch gef\u00e4rbt.<\/p>\n<p><strong>Sidenote zum Abf\u00fcller:<\/strong> Bereits 1698 gegr\u00fcndet, blickt Berry Bros. &amp; Rudd auf eine erstaunliche Firmengeschichte zur\u00fcck. Die Londoner Institution steht f\u00fcr mehr als 300 Jahre Expertise auf dem Gebiet der Premium-Spirituosen und ist Lieferant des britischen K\u00f6nigshauses. Sie hat ihren Sitz in der No. 3 St James\u2019s Street in London, unweit des Buckingham Palace. Berry Bros. &amp; Rudd ist in der Whiskywelt f\u00fcr die hochkar\u00e4tigen Einzelfassabf\u00fcllungen bekannt.<\/p>\n<p><strong>Info Qualit\u00e4t der Flasche:<\/strong> Exzellent &#8211; ohne Besch\u00e4digungen \/ <strong>F\u00fcllstand: <\/strong>Into neck<br \/>\n<strong>Info Qualit\u00e4t der Box: <\/strong>keine Box vorhanden<\/p>\n<p><strong>Wichtiger Hinweis:<\/strong> Die Bewertung der Flaschen und Boxen erfolgt nach \u201ebesten Wissen und Gewissen\u201c. dramfolks kann keine Gew\u00e4hrleistung f\u00fcr den Inhalt der Flaschen \u00fcbernehmen. Weitere Infos &amp; Hinweise finden Sie in unseren AGBs. Wir empfehlen Ihnen, vor der Abgabe von Geboten \u00fcber die Zoomfunktion eine Besichtigung \/ genaue Pr\u00fcfung des angebotenen Whiskys vorzunehmen. Bitte kontaktieren sie uns bei Fragen direkt unter info@dramfolks.com<\/p>\n","protected":false},"excerpt":{"rendered":"<p>Destille: Blair Athol Die Blair Athol Destille liegt in der Ortschaft Pitlochry an der Stra\u00dfe von Perth nach Inverness. Sie liegt in einem offenen Moorgebiet s\u00fcdlich der Stadt, in den Ausl\u00e4ufern der Grampian-Berge. Die uralte Wasserquelle von Blair Athol &#8211; der Allt Dour &#8211; flie\u00dft von den H\u00e4ngen des Ben Vrackie durch das Gel\u00e4nde und[&#8230;]\n","protected":false},"featured_media":5956,"comment_status":"closed","ping_status":"closed","template":"","meta":[],"product_brand":[],"product_cat":[933],"product_tag":[],"class_list":{"0":"post-527628","1":"product","2":"type-product","3":"status-publish","4":"has-post-thumbnail","6":"product_cat-no-13","8":"first","9":"instock","10":"shipping-taxable","11":"purchasable","12":"product-type-auction"},"yoast_head":"<!-- This site is optimized with the Yoast SEO plugin v27.4 - https:\/\/yoast.com\/product\/yoast-seo-wordpress\/ -->\n<title>Blair Athol - 2010\/2023 Sauternes Cask (Berry Bros.&amp;Rudd) - Dramfolks Whisky Auction<\/title>\n<meta name=\"robots\" content=\"index, follow, max-snippet:-1, max-image-preview:large, max-video-preview:-1\" \/>\n<link rel=\"canonical\" href=\"https:\/\/www.dramfolks-whisky-auction.com\/en\/product\/blair-athol-2010-2023-sauternes-cask-berry-bros-rudd-7\/\" \/>\n<meta property=\"og:locale\" content=\"en_US\" \/>\n<meta property=\"og:type\" content=\"article\" \/>\n<meta property=\"og:title\" content=\"Blair Athol - 2010\/2023 Sauternes Cask (Berry Bros.&amp;Rudd) - Dramfolks Whisky Auction\" \/>\n<meta property=\"og:description\" content=\"Destille: Blair Athol Die Blair Athol Destille liegt in der Ortschaft Pitlochry an der Stra\u00dfe von Perth nach Inverness. Sie liegt in einem offenen Moorgebiet s\u00fcdlich der Stadt, in den Ausl\u00e4ufern der Grampian-Berge. Die uralte Wasserquelle von Blair Athol &#8211; der Allt Dour &#8211; flie\u00dft von den H\u00e4ngen des Ben Vrackie durch das Gel\u00e4nde und[...]\" \/>\n<meta property=\"og:url\" content=\"https:\/\/www.dramfolks-whisky-auction.com\/en\/product\/blair-athol-2010-2023-sauternes-cask-berry-bros-rudd-7\/\" \/>\n<meta property=\"og:site_name\" content=\"Dramfolks Whisky Auction\" \/>\n<meta property=\"article:modified_time\" content=\"2024-10-13T17:30:03+00:00\" \/>\n<meta property=\"og:image\" content=\"https:\/\/www.dramfolks-whisky-auction.com\/wp-content\/uploads\/2024\/04\/Blair-Athol-vorne-scaled.jpg\" \/>\n\t<meta property=\"og:image:width\" content=\"2560\" \/>\n\t<meta property=\"og:image:height\" content=\"2560\" \/>\n\t<meta property=\"og:image:type\" content=\"image\/jpeg\" \/>\n<meta name=\"twitter:card\" content=\"summary_large_image\" \/>\n<meta name=\"twitter:label1\" content=\"Est. reading time\" \/>\n\t<meta name=\"twitter:data1\" content=\"3 minutes\" \/>\n<script type=\"application\/ld+json\" class=\"yoast-schema-graph\">{\"@context\":\"https:\\\/\\\/schema.org\",\"@graph\":[{\"@type\":\"WebPage\",\"@id\":\"https:\\\/\\\/www.dramfolks-whisky-auction.com\\\/en\\\/product\\\/blair-athol-2010-2023-sauternes-cask-berry-bros-rudd-7\\\/\",\"url\":\"https:\\\/\\\/www.dramfolks-whisky-auction.com\\\/en\\\/product\\\/blair-athol-2010-2023-sauternes-cask-berry-bros-rudd-7\\\/\",\"name\":\"Blair Athol - 2010\\\/2023 Sauternes Cask (Berry Bros.&Rudd) - Dramfolks Whisky Auction\",\"isPartOf\":{\"@id\":\"https:\\\/\\\/www.dramfolks-whisky-auction.com\\\/en\\\/#website\"},\"primaryImageOfPage\":{\"@id\":\"https:\\\/\\\/www.dramfolks-whisky-auction.com\\\/en\\\/product\\\/blair-athol-2010-2023-sauternes-cask-berry-bros-rudd-7\\\/#primaryimage\"},\"image\":{\"@id\":\"https:\\\/\\\/www.dramfolks-whisky-auction.com\\\/en\\\/product\\\/blair-athol-2010-2023-sauternes-cask-berry-bros-rudd-7\\\/#primaryimage\"},\"thumbnailUrl\":\"https:\\\/\\\/www.dramfolks-whisky-auction.com\\\/wp-content\\\/uploads\\\/2024\\\/04\\\/Blair-Athol-vorne-scaled.jpg\",\"datePublished\":\"2024-09-22T11:45:09+00:00\",\"dateModified\":\"2024-10-13T17:30:03+00:00\",\"breadcrumb\":{\"@id\":\"https:\\\/\\\/www.dramfolks-whisky-auction.com\\\/en\\\/product\\\/blair-athol-2010-2023-sauternes-cask-berry-bros-rudd-7\\\/#breadcrumb\"},\"inLanguage\":\"en-US\",\"potentialAction\":[{\"@type\":\"ReadAction\",\"target\":[\"https:\\\/\\\/www.dramfolks-whisky-auction.com\\\/en\\\/product\\\/blair-athol-2010-2023-sauternes-cask-berry-bros-rudd-7\\\/\"]}]},{\"@type\":\"ImageObject\",\"inLanguage\":\"en-US\",\"@id\":\"https:\\\/\\\/www.dramfolks-whisky-auction.com\\\/en\\\/product\\\/blair-athol-2010-2023-sauternes-cask-berry-bros-rudd-7\\\/#primaryimage\",\"url\":\"https:\\\/\\\/www.dramfolks-whisky-auction.com\\\/wp-content\\\/uploads\\\/2024\\\/04\\\/Blair-Athol-vorne-scaled.jpg\",\"contentUrl\":\"https:\\\/\\\/www.dramfolks-whisky-auction.com\\\/wp-content\\\/uploads\\\/2024\\\/04\\\/Blair-Athol-vorne-scaled.jpg\",\"width\":2560,\"height\":2560},{\"@type\":\"BreadcrumbList\",\"@id\":\"https:\\\/\\\/www.dramfolks-whisky-auction.com\\\/en\\\/product\\\/blair-athol-2010-2023-sauternes-cask-berry-bros-rudd-7\\\/#breadcrumb\",\"itemListElement\":[{\"@type\":\"ListItem\",\"position\":1,\"name\":\"Startseite\",\"item\":\"https:\\\/\\\/www.dramfolks-whisky-auction.com\\\/en\\\/\"},{\"@type\":\"ListItem\",\"position\":2,\"name\":\"Shop\",\"item\":\"https:\\\/\\\/www.dramfolks-whisky-auction.com\\\/en\\\/shop\\\/\"},{\"@type\":\"ListItem\",\"position\":3,\"name\":\"Blair Athol &#8211; 2010\\\/2023 Sauternes Cask (Berry Bros.&#038;Rudd)\"}]},{\"@type\":\"WebSite\",\"@id\":\"https:\\\/\\\/www.dramfolks-whisky-auction.com\\\/en\\\/#website\",\"url\":\"https:\\\/\\\/www.dramfolks-whisky-auction.com\\\/en\\\/\",\"name\":\"Dramfolks Whisky Auction\",\"description\":\"\",\"potentialAction\":[{\"@type\":\"SearchAction\",\"target\":{\"@type\":\"EntryPoint\",\"urlTemplate\":\"https:\\\/\\\/www.dramfolks-whisky-auction.com\\\/en\\\/?s={search_term_string}\"},\"query-input\":{\"@type\":\"PropertyValueSpecification\",\"valueRequired\":true,\"valueName\":\"search_term_string\"}}],\"inLanguage\":\"en-US\"}]}<\/script>\n<!-- \/ Yoast SEO plugin. -->","yoast_head_json":{"title":"Blair Athol - 2010\/2023 Sauternes Cask (Berry Bros.&Rudd) - Dramfolks Whisky Auction","robots":{"index":"index","follow":"follow","max-snippet":"max-snippet:-1","max-image-preview":"max-image-preview:large","max-video-preview":"max-video-preview:-1"},"canonical":"https:\/\/www.dramfolks-whisky-auction.com\/en\/product\/blair-athol-2010-2023-sauternes-cask-berry-bros-rudd-7\/","og_locale":"en_US","og_type":"article","og_title":"Blair Athol - 2010\/2023 Sauternes Cask (Berry Bros.&Rudd) - Dramfolks Whisky Auction","og_description":"Destille: Blair Athol Die Blair Athol Destille liegt in der Ortschaft Pitlochry an der Stra\u00dfe von Perth nach Inverness. Sie liegt in einem offenen Moorgebiet s\u00fcdlich der Stadt, in den Ausl\u00e4ufern der Grampian-Berge. Die uralte Wasserquelle von Blair Athol &#8211; der Allt Dour &#8211; flie\u00dft von den H\u00e4ngen des Ben Vrackie durch das Gel\u00e4nde und[...]","og_url":"https:\/\/www.dramfolks-whisky-auction.com\/en\/product\/blair-athol-2010-2023-sauternes-cask-berry-bros-rudd-7\/","og_site_name":"Dramfolks Whisky Auction","article_modified_time":"2024-10-13T17:30:03+00:00","og_image":[{"width":2560,"height":2560,"url":"https:\/\/www.dramfolks-whisky-auction.com\/wp-content\/uploads\/2024\/04\/Blair-Athol-vorne-scaled.jpg","type":"image\/jpeg"}],"twitter_card":"summary_large_image","twitter_misc":{"Est. reading time":"3 minutes"},"schema":{"@context":"https:\/\/schema.org","@graph":[{"@type":"WebPage","@id":"https:\/\/www.dramfolks-whisky-auction.com\/en\/product\/blair-athol-2010-2023-sauternes-cask-berry-bros-rudd-7\/","url":"https:\/\/www.dramfolks-whisky-auction.com\/en\/product\/blair-athol-2010-2023-sauternes-cask-berry-bros-rudd-7\/","name":"Blair Athol - 2010\/2023 Sauternes Cask (Berry Bros.&Rudd) - Dramfolks Whisky Auction","isPartOf":{"@id":"https:\/\/www.dramfolks-whisky-auction.com\/en\/#website"},"primaryImageOfPage":{"@id":"https:\/\/www.dramfolks-whisky-auction.com\/en\/product\/blair-athol-2010-2023-sauternes-cask-berry-bros-rudd-7\/#primaryimage"},"image":{"@id":"https:\/\/www.dramfolks-whisky-auction.com\/en\/product\/blair-athol-2010-2023-sauternes-cask-berry-bros-rudd-7\/#primaryimage"},"thumbnailUrl":"https:\/\/www.dramfolks-whisky-auction.com\/wp-content\/uploads\/2024\/04\/Blair-Athol-vorne-scaled.jpg","datePublished":"2024-09-22T11:45:09+00:00","dateModified":"2024-10-13T17:30:03+00:00","breadcrumb":{"@id":"https:\/\/www.dramfolks-whisky-auction.com\/en\/product\/blair-athol-2010-2023-sauternes-cask-berry-bros-rudd-7\/#breadcrumb"},"inLanguage":"en-US","potentialAction":[{"@type":"ReadAction","target":["https:\/\/www.dramfolks-whisky-auction.com\/en\/product\/blair-athol-2010-2023-sauternes-cask-berry-bros-rudd-7\/"]}]},{"@type":"ImageObject","inLanguage":"en-US","@id":"https:\/\/www.dramfolks-whisky-auction.com\/en\/product\/blair-athol-2010-2023-sauternes-cask-berry-bros-rudd-7\/#primaryimage","url":"https:\/\/www.dramfolks-whisky-auction.com\/wp-content\/uploads\/2024\/04\/Blair-Athol-vorne-scaled.jpg","contentUrl":"https:\/\/www.dramfolks-whisky-auction.com\/wp-content\/uploads\/2024\/04\/Blair-Athol-vorne-scaled.jpg","width":2560,"height":2560},{"@type":"BreadcrumbList","@id":"https:\/\/www.dramfolks-whisky-auction.com\/en\/product\/blair-athol-2010-2023-sauternes-cask-berry-bros-rudd-7\/#breadcrumb","itemListElement":[{"@type":"ListItem","position":1,"name":"Startseite","item":"https:\/\/www.dramfolks-whisky-auction.com\/en\/"},{"@type":"ListItem","position":2,"name":"Shop","item":"https:\/\/www.dramfolks-whisky-auction.com\/en\/shop\/"},{"@type":"ListItem","position":3,"name":"Blair Athol &#8211; 2010\/2023 Sauternes Cask (Berry Bros.&#038;Rudd)"}]},{"@type":"WebSite","@id":"https:\/\/www.dramfolks-whisky-auction.com\/en\/#website","url":"https:\/\/www.dramfolks-whisky-auction.com\/en\/","name":"Dramfolks Whisky Auction","description":"","potentialAction":[{"@type":"SearchAction","target":{"@type":"EntryPoint","urlTemplate":"https:\/\/www.dramfolks-whisky-auction.com\/en\/?s={search_term_string}"},"query-input":{"@type":"PropertyValueSpecification","valueRequired":true,"valueName":"search_term_string"}}],"inLanguage":"en-US"}]}},"_links":{"self":[{"href":"https:\/\/www.dramfolks-whisky-auction.com\/en\/wp-json\/wp\/v2\/product\/527628","targetHints":{"allow":["GET"]}}],"collection":[{"href":"https:\/\/www.dramfolks-whisky-auction.com\/en\/wp-json\/wp\/v2\/product"}],"about":[{"href":"https:\/\/www.dramfolks-whisky-auction.com\/en\/wp-json\/wp\/v2\/types\/product"}],"replies":[{"embeddable":true,"href":"https:\/\/www.dramfolks-whisky-auction.com\/en\/wp-json\/wp\/v2\/comments?post=527628"}],"wp:featuredmedia":[{"embeddable":true,"href":"https:\/\/www.dramfolks-whisky-auction.com\/en\/wp-json\/wp\/v2\/media\/5956"}],"wp:attachment":[{"href":"https:\/\/www.dramfolks-whisky-auction.com\/en\/wp-json\/wp\/v2\/media?parent=527628"}],"wp:term":[{"taxonomy":"product_brand","embeddable":true,"href":"https:\/\/www.dramfolks-whisky-auction.com\/en\/wp-json\/wp\/v2\/product_brand?post=527628"},{"taxonomy":"product_cat","embeddable":true,"href":"https:\/\/www.dramfolks-whisky-auction.com\/en\/wp-json\/wp\/v2\/product_cat?post=527628"},{"taxonomy":"product_tag","embeddable":true,"href":"https:\/\/www.dramfolks-whisky-auction.com\/en\/wp-json\/wp\/v2\/product_tag?post=527628"}],"curies":[{"name":"wp","href":"https:\/\/api.w.org\/{rel}","templated":true}]}}