{"id":5271,"date":"2024-02-09T10:27:50","date_gmt":"2024-02-09T09:27:50","guid":{"rendered":"https:\/\/www.dramfolks-whisky-auction.com\/?post_type=product&#038;p=5271"},"modified":"2024-03-06T16:59:31","modified_gmt":"2024-03-06T15:59:31","slug":"glengyle-kilkerran-12yo-3","status":"publish","type":"product","link":"https:\/\/www.dramfolks-whisky-auction.com\/en\/product\/glengyle-kilkerran-12yo-3\/","title":{"rendered":"Glengyle &#8211; Kilkerran 12yo"},"content":{"rendered":"<p><strong>Destille: Glengyle<br \/>\n<\/strong>Glengyle ist eine 1872 von William Mitchell gegr\u00fcndete und 1873 fertiggestellte Whiskybrennerei in Campbeltown, Schottland. Als in den 1910er Jahren die Whiskybranche von der wirtschaftlichen Depression und der Prohibition in den USA getroffen wurde, musste in der Folge die Destillerie wegen der schlecht laufenden Gesch\u00e4fte 1919 an West Highland Malt verkauft werden. Nur kurze Zeit sp\u00e4ter, 1924, wechselte die Brennerei erneut den Besitzer. Dieser fuhr die Produktion der Brennerei nur ein Jahr sp\u00e4ter herunter und verkaufte die Restbest\u00e4nde des Whiskys. Ganze 75 Jahre sp\u00e4ter dauerte es bis J&amp;A Mitchell, u.a. der Eigent\u00fcmer vom unabh\u00e4ngige Abf\u00fcller Wm Cadenhead, die Destillerie erwarben und Mitchell&#8217;s Glengyle als Tochtergesellschaft gr\u00fcndete. Die Gruppe, unter der Leitung von Hedley Wright, verbrachte die n\u00e4chsten vier Jahre mit der Renovierung der Anlage, die schlie\u00dflich 2004 wiederer\u00f6ffnet wurde. Die Markerechte f\u00fcr Glengyle waren an die Bloch Bros., den Vorbesitzern der Destillerie, \u00fcbergegangen, sodass der Whisky der Destillerie fortan unter dem Markennamen Kilkerran abgef\u00fcllt wurde (dem urspr\u00fcnglichen g\u00e4lischen Namen f\u00fcr Campbeltown).<\/p>\n<p><strong>Fun Fakt:\u00a0<\/strong>Ein &#8220;Wechselbad der Gef\u00fchle&#8221; und prominente Verwandtschaft&#8230;<br \/>\nEs gab seeeeeehr viele Besitzerwechsel, die alle dem Untergang geweiht waren: 1919 an West Highland Malt verkauft, 1924 erneuter Besitzerwchsel, der die Brennerei nach einem Jahr Produktion herunterfuhr und alle Restbest\u00e4nde des Glengyle Whiskys verkaufte. Kurz vor dem 2. Weltkrieg versuchte Maurice Bloch die Brennerei wieder zu er\u00f6ffnen&#8230; ohne Erfolg als der Krieg kam. Ein letzter Versuch der Wiederbelebung in den 1950er Jahren durch die Campbell Henderson Ltd. schlug ebenfalls fehl.<br \/>\nUnd warum &#8220;prominente Verwandtschaft&#8221;? Springbank ist der gro\u00dfe &#8220;Bruder&#8221; und Glen Scotia die entfernte &#8220;Cousine&#8221;&#8230; Die Glengyle-Destillerie entstand als eine Abspaltung von der Springbank-Destillerie durch William Mitchell, der ein Sohn des Springbank-Gr\u00fcnders Archibald Mitchell war. Maurice Bloch, der die Destillerie wiederbeleben wollte, war damals mit seinem Bruder der Besitzer von Glen Scotia. Und nun ist die Destillerie seit 2000 wieder in der Familie der Mitchells, Eigent\u00fcmer von Springbank, Longrow, Hazelburn und Wm.Cadenhead&#8230;<\/p>\n<p><strong>Whisky\/Whiskey: Kilkerran 12yo<br \/>\n<\/strong>Seit dem 12. August 2016 gibt es mit dem 12-j\u00e4hrigen Kilkerran den ersten Standardwhisky aus der Glengyle-Brennerei. Der Kilkerran 12yo ist der Nachfolger der WIP-Serie (Work in Progress), anhand derer man die Reifung der Whiskys aus der Campbeltown-Destillerie \u00fcber die Jahre verfolgen konnte. Der 12-j\u00e4hrige Single-Malt-Whisky erscheint j\u00e4hrlich.<br \/>\nIn der Nase &#8220;dominieren Eichennoten, gefolgt von ger\u00f6steten Marshmallows und getrocknetem Fruchtpudding sowie Kirschen, Marzipan und einem Hauch Torf&#8221;. Beim Gaumen kommen &#8220;anfangs fruchtig Zitrusnoten und Orangenschale zum Vorschein, die danach von Vanille, Butterscotch, Honigwaben und Verdauungskekse abgel\u00f6st werden&#8221;. Der Abgang dagegen ist &#8220;samtig und weich mit Zitronenbaiser, mit einer \u00d6lig- und Salzigkeit, die man von einem Campbetown-Dram erwarten w\u00fcrde&#8221;. (Verkostungsnotizen von <a href=\"http:\/\/www.masterofmalts.com\" target=\"_blank\" rel=\"noopener noreferrer\">www.masterofmalts.com<\/a>)<\/p>\n<p><strong>Info Qualit\u00e4t der Flasche:<\/strong> Exzellent &#8211; ohne Besch\u00e4digungen \/ <strong>F\u00fcllstand:<\/strong> High fill<br \/>\n<strong>Info Qualit\u00e4t der Box:<\/strong> keine Box vorhanden<\/p>\n<p><strong>Wichtiger Hinweis:<\/strong> Die Bewertung der Flaschen und Boxen erfolgt nach \u201ebesten Wissen und Gewissen\u201c. dramfolks kann keine Gew\u00e4hrleistung f\u00fcr den Inhalt der Flaschen \u00fcbernehmen. Weitere Infos &amp; Hinweise finden Sie in unseren AGBs. Wir empfehlen Ihnen, vor der Abgabe von Geboten \u00fcber die Zoomfunktion eine Besichtigung \/ genaue Pr\u00fcfung des angebotenen Whiskys vorzunehmen. Bitte kontaktieren sie uns bei Fragen direkt unter info@dramfolks.com<\/p>\n","protected":false},"excerpt":{"rendered":"<p>Destille: Glengyle Glengyle ist eine 1872 von William Mitchell gegr\u00fcndete und 1873 fertiggestellte Whiskybrennerei in Campbeltown, Schottland. Als in den 1910er Jahren die Whiskybranche von der wirtschaftlichen Depression und der Prohibition in den USA getroffen wurde, musste in der Folge die Destillerie wegen der schlecht laufenden Gesch\u00e4fte 1919 an West Highland Malt verkauft werden. Nur[&#8230;]\n","protected":false},"featured_media":4977,"comment_status":"closed","ping_status":"closed","template":"","meta":[],"product_brand":[],"product_cat":[737],"product_tag":[],"class_list":{"0":"post-5271","1":"product","2":"type-product","3":"status-publish","4":"has-post-thumbnail","6":"product_cat-no-9","8":"first","9":"instock","10":"shipping-taxable","11":"purchasable","12":"product-type-auction"},"yoast_head":"<!-- This site is optimized with the Yoast SEO plugin v27.4 - https:\/\/yoast.com\/product\/yoast-seo-wordpress\/ -->\n<title>Glengyle - Kilkerran 12yo - Dramfolks Whisky Auction<\/title>\n<meta name=\"robots\" content=\"index, follow, max-snippet:-1, max-image-preview:large, max-video-preview:-1\" \/>\n<link rel=\"canonical\" href=\"https:\/\/www.dramfolks-whisky-auction.com\/en\/product\/glengyle-kilkerran-12yo-3\/\" \/>\n<meta property=\"og:locale\" content=\"en_US\" \/>\n<meta property=\"og:type\" content=\"article\" \/>\n<meta property=\"og:title\" content=\"Glengyle - Kilkerran 12yo - Dramfolks Whisky Auction\" \/>\n<meta property=\"og:description\" content=\"Destille: Glengyle Glengyle ist eine 1872 von William Mitchell gegr\u00fcndete und 1873 fertiggestellte Whiskybrennerei in Campbeltown, Schottland. Als in den 1910er Jahren die Whiskybranche von der wirtschaftlichen Depression und der Prohibition in den USA getroffen wurde, musste in der Folge die Destillerie wegen der schlecht laufenden Gesch\u00e4fte 1919 an West Highland Malt verkauft werden. Nur[...]\" \/>\n<meta property=\"og:url\" content=\"https:\/\/www.dramfolks-whisky-auction.com\/en\/product\/glengyle-kilkerran-12yo-3\/\" \/>\n<meta property=\"og:site_name\" content=\"Dramfolks Whisky Auction\" \/>\n<meta property=\"article:modified_time\" content=\"2024-03-06T15:59:31+00:00\" \/>\n<meta property=\"og:image\" content=\"https:\/\/www.dramfolks-whisky-auction.com\/wp-content\/uploads\/2023\/12\/Kilkerran-12yo-vorne-scaled.jpg\" \/>\n\t<meta property=\"og:image:width\" content=\"2048\" \/>\n\t<meta property=\"og:image:height\" content=\"2560\" \/>\n\t<meta property=\"og:image:type\" content=\"image\/jpeg\" \/>\n<meta name=\"twitter:card\" content=\"summary_large_image\" \/>\n<meta name=\"twitter:label1\" content=\"Est. reading time\" \/>\n\t<meta name=\"twitter:data1\" content=\"4 minutes\" \/>\n<script type=\"application\/ld+json\" class=\"yoast-schema-graph\">{\"@context\":\"https:\\\/\\\/schema.org\",\"@graph\":[{\"@type\":\"WebPage\",\"@id\":\"https:\\\/\\\/www.dramfolks-whisky-auction.com\\\/en\\\/product\\\/glengyle-kilkerran-12yo-3\\\/\",\"url\":\"https:\\\/\\\/www.dramfolks-whisky-auction.com\\\/en\\\/product\\\/glengyle-kilkerran-12yo-3\\\/\",\"name\":\"Glengyle - Kilkerran 12yo - Dramfolks Whisky Auction\",\"isPartOf\":{\"@id\":\"https:\\\/\\\/www.dramfolks-whisky-auction.com\\\/en\\\/#website\"},\"primaryImageOfPage\":{\"@id\":\"https:\\\/\\\/www.dramfolks-whisky-auction.com\\\/en\\\/product\\\/glengyle-kilkerran-12yo-3\\\/#primaryimage\"},\"image\":{\"@id\":\"https:\\\/\\\/www.dramfolks-whisky-auction.com\\\/en\\\/product\\\/glengyle-kilkerran-12yo-3\\\/#primaryimage\"},\"thumbnailUrl\":\"https:\\\/\\\/www.dramfolks-whisky-auction.com\\\/wp-content\\\/uploads\\\/2023\\\/12\\\/Kilkerran-12yo-vorne-scaled.jpg\",\"datePublished\":\"2024-02-09T09:27:50+00:00\",\"dateModified\":\"2024-03-06T15:59:31+00:00\",\"breadcrumb\":{\"@id\":\"https:\\\/\\\/www.dramfolks-whisky-auction.com\\\/en\\\/product\\\/glengyle-kilkerran-12yo-3\\\/#breadcrumb\"},\"inLanguage\":\"en-US\",\"potentialAction\":[{\"@type\":\"ReadAction\",\"target\":[\"https:\\\/\\\/www.dramfolks-whisky-auction.com\\\/en\\\/product\\\/glengyle-kilkerran-12yo-3\\\/\"]}]},{\"@type\":\"ImageObject\",\"inLanguage\":\"en-US\",\"@id\":\"https:\\\/\\\/www.dramfolks-whisky-auction.com\\\/en\\\/product\\\/glengyle-kilkerran-12yo-3\\\/#primaryimage\",\"url\":\"https:\\\/\\\/www.dramfolks-whisky-auction.com\\\/wp-content\\\/uploads\\\/2023\\\/12\\\/Kilkerran-12yo-vorne-scaled.jpg\",\"contentUrl\":\"https:\\\/\\\/www.dramfolks-whisky-auction.com\\\/wp-content\\\/uploads\\\/2023\\\/12\\\/Kilkerran-12yo-vorne-scaled.jpg\",\"width\":2048,\"height\":2560},{\"@type\":\"BreadcrumbList\",\"@id\":\"https:\\\/\\\/www.dramfolks-whisky-auction.com\\\/en\\\/product\\\/glengyle-kilkerran-12yo-3\\\/#breadcrumb\",\"itemListElement\":[{\"@type\":\"ListItem\",\"position\":1,\"name\":\"Startseite\",\"item\":\"https:\\\/\\\/www.dramfolks-whisky-auction.com\\\/en\\\/\"},{\"@type\":\"ListItem\",\"position\":2,\"name\":\"Shop\",\"item\":\"https:\\\/\\\/www.dramfolks-whisky-auction.com\\\/en\\\/shop\\\/\"},{\"@type\":\"ListItem\",\"position\":3,\"name\":\"Glengyle &#8211; Kilkerran 12yo\"}]},{\"@type\":\"WebSite\",\"@id\":\"https:\\\/\\\/www.dramfolks-whisky-auction.com\\\/en\\\/#website\",\"url\":\"https:\\\/\\\/www.dramfolks-whisky-auction.com\\\/en\\\/\",\"name\":\"Dramfolks Whisky Auction\",\"description\":\"\",\"potentialAction\":[{\"@type\":\"SearchAction\",\"target\":{\"@type\":\"EntryPoint\",\"urlTemplate\":\"https:\\\/\\\/www.dramfolks-whisky-auction.com\\\/en\\\/?s={search_term_string}\"},\"query-input\":{\"@type\":\"PropertyValueSpecification\",\"valueRequired\":true,\"valueName\":\"search_term_string\"}}],\"inLanguage\":\"en-US\"}]}<\/script>\n<!-- \/ Yoast SEO plugin. -->","yoast_head_json":{"title":"Glengyle - Kilkerran 12yo - Dramfolks Whisky Auction","robots":{"index":"index","follow":"follow","max-snippet":"max-snippet:-1","max-image-preview":"max-image-preview:large","max-video-preview":"max-video-preview:-1"},"canonical":"https:\/\/www.dramfolks-whisky-auction.com\/en\/product\/glengyle-kilkerran-12yo-3\/","og_locale":"en_US","og_type":"article","og_title":"Glengyle - Kilkerran 12yo - Dramfolks Whisky Auction","og_description":"Destille: Glengyle Glengyle ist eine 1872 von William Mitchell gegr\u00fcndete und 1873 fertiggestellte Whiskybrennerei in Campbeltown, Schottland. Als in den 1910er Jahren die Whiskybranche von der wirtschaftlichen Depression und der Prohibition in den USA getroffen wurde, musste in der Folge die Destillerie wegen der schlecht laufenden Gesch\u00e4fte 1919 an West Highland Malt verkauft werden. Nur[...]","og_url":"https:\/\/www.dramfolks-whisky-auction.com\/en\/product\/glengyle-kilkerran-12yo-3\/","og_site_name":"Dramfolks Whisky Auction","article_modified_time":"2024-03-06T15:59:31+00:00","og_image":[{"width":2048,"height":2560,"url":"https:\/\/www.dramfolks-whisky-auction.com\/wp-content\/uploads\/2023\/12\/Kilkerran-12yo-vorne-scaled.jpg","type":"image\/jpeg"}],"twitter_card":"summary_large_image","twitter_misc":{"Est. reading time":"4 minutes"},"schema":{"@context":"https:\/\/schema.org","@graph":[{"@type":"WebPage","@id":"https:\/\/www.dramfolks-whisky-auction.com\/en\/product\/glengyle-kilkerran-12yo-3\/","url":"https:\/\/www.dramfolks-whisky-auction.com\/en\/product\/glengyle-kilkerran-12yo-3\/","name":"Glengyle - Kilkerran 12yo - Dramfolks Whisky Auction","isPartOf":{"@id":"https:\/\/www.dramfolks-whisky-auction.com\/en\/#website"},"primaryImageOfPage":{"@id":"https:\/\/www.dramfolks-whisky-auction.com\/en\/product\/glengyle-kilkerran-12yo-3\/#primaryimage"},"image":{"@id":"https:\/\/www.dramfolks-whisky-auction.com\/en\/product\/glengyle-kilkerran-12yo-3\/#primaryimage"},"thumbnailUrl":"https:\/\/www.dramfolks-whisky-auction.com\/wp-content\/uploads\/2023\/12\/Kilkerran-12yo-vorne-scaled.jpg","datePublished":"2024-02-09T09:27:50+00:00","dateModified":"2024-03-06T15:59:31+00:00","breadcrumb":{"@id":"https:\/\/www.dramfolks-whisky-auction.com\/en\/product\/glengyle-kilkerran-12yo-3\/#breadcrumb"},"inLanguage":"en-US","potentialAction":[{"@type":"ReadAction","target":["https:\/\/www.dramfolks-whisky-auction.com\/en\/product\/glengyle-kilkerran-12yo-3\/"]}]},{"@type":"ImageObject","inLanguage":"en-US","@id":"https:\/\/www.dramfolks-whisky-auction.com\/en\/product\/glengyle-kilkerran-12yo-3\/#primaryimage","url":"https:\/\/www.dramfolks-whisky-auction.com\/wp-content\/uploads\/2023\/12\/Kilkerran-12yo-vorne-scaled.jpg","contentUrl":"https:\/\/www.dramfolks-whisky-auction.com\/wp-content\/uploads\/2023\/12\/Kilkerran-12yo-vorne-scaled.jpg","width":2048,"height":2560},{"@type":"BreadcrumbList","@id":"https:\/\/www.dramfolks-whisky-auction.com\/en\/product\/glengyle-kilkerran-12yo-3\/#breadcrumb","itemListElement":[{"@type":"ListItem","position":1,"name":"Startseite","item":"https:\/\/www.dramfolks-whisky-auction.com\/en\/"},{"@type":"ListItem","position":2,"name":"Shop","item":"https:\/\/www.dramfolks-whisky-auction.com\/en\/shop\/"},{"@type":"ListItem","position":3,"name":"Glengyle &#8211; Kilkerran 12yo"}]},{"@type":"WebSite","@id":"https:\/\/www.dramfolks-whisky-auction.com\/en\/#website","url":"https:\/\/www.dramfolks-whisky-auction.com\/en\/","name":"Dramfolks Whisky Auction","description":"","potentialAction":[{"@type":"SearchAction","target":{"@type":"EntryPoint","urlTemplate":"https:\/\/www.dramfolks-whisky-auction.com\/en\/?s={search_term_string}"},"query-input":{"@type":"PropertyValueSpecification","valueRequired":true,"valueName":"search_term_string"}}],"inLanguage":"en-US"}]}},"_links":{"self":[{"href":"https:\/\/www.dramfolks-whisky-auction.com\/en\/wp-json\/wp\/v2\/product\/5271","targetHints":{"allow":["GET"]}}],"collection":[{"href":"https:\/\/www.dramfolks-whisky-auction.com\/en\/wp-json\/wp\/v2\/product"}],"about":[{"href":"https:\/\/www.dramfolks-whisky-auction.com\/en\/wp-json\/wp\/v2\/types\/product"}],"replies":[{"embeddable":true,"href":"https:\/\/www.dramfolks-whisky-auction.com\/en\/wp-json\/wp\/v2\/comments?post=5271"}],"wp:featuredmedia":[{"embeddable":true,"href":"https:\/\/www.dramfolks-whisky-auction.com\/en\/wp-json\/wp\/v2\/media\/4977"}],"wp:attachment":[{"href":"https:\/\/www.dramfolks-whisky-auction.com\/en\/wp-json\/wp\/v2\/media?parent=5271"}],"wp:term":[{"taxonomy":"product_brand","embeddable":true,"href":"https:\/\/www.dramfolks-whisky-auction.com\/en\/wp-json\/wp\/v2\/product_brand?post=5271"},{"taxonomy":"product_cat","embeddable":true,"href":"https:\/\/www.dramfolks-whisky-auction.com\/en\/wp-json\/wp\/v2\/product_cat?post=5271"},{"taxonomy":"product_tag","embeddable":true,"href":"https:\/\/www.dramfolks-whisky-auction.com\/en\/wp-json\/wp\/v2\/product_tag?post=5271"}],"curies":[{"name":"wp","href":"https:\/\/api.w.org\/{rel}","templated":true}]}}