{"id":5265,"date":"2024-02-09T09:06:36","date_gmt":"2024-02-09T08:06:36","guid":{"rendered":"https:\/\/www.dramfolks-whisky-auction.com\/?post_type=product&#038;p=5265"},"modified":"2024-03-06T16:59:31","modified_gmt":"2024-03-06T15:59:31","slug":"highland-park-norway-edition-14yo-5","status":"publish","type":"product","link":"https:\/\/www.dramfolks-whisky-auction.com\/en\/product\/highland-park-norway-edition-14yo-5\/","title":{"rendered":"Highland Park &#8211; Norway Edition 14yo"},"content":{"rendered":"<p><strong>Destille: Highland Park<br \/>\n<\/strong>Highland Park Distillery ist eine Single Malt Scotch Whisky Destillerie in Kirkwall auf den Orkney Islands, Schottland. Die Urspr\u00fcnge der Highland Park Destillerie sind, wie so oft, &#8220;Wolken aus Halbwahrheit und Whisky-Mythen&#8221;. Es ist bis heute nicht ganz klar ob Highland Park vom ber\u00fchmten Priester und Schmuggler Magnus Eunson oder vom Farmer David Robertson gegr\u00fcndet wurde. Fakt ist, dass das reich verzierte, schmiedeeiserne Tor der Brennerei auf eine Geschichte von 1798 hinweist. Fakt ist auch, dass sie 1826 eine erste offizielle Lizenz zum Destillieren von Whisky bekamen. Highland Distillers \u00fcbernahmen 1937 die volle Kontrolle am Unternehmen, sodass Highland Park heute Teil der Edrington Group ist. Der Name der Brennerei bezieht sich nicht auf die schottischen Highlands, sondern auf die Tatsache, dass die Brennerei auf einem Gebiet namens &#8220;High Park&#8221; gegr\u00fcndet wurde, das sich von einem niedrigeren Gebiet in der N\u00e4he unterscheidet. Aktuelles j\u00e4hrliches Produktionsvolumen: ca. 2,5 Mio. Liter.<\/p>\n<p><strong>Fun Fakt: <\/strong>Highland Park Distillery ist die zweitn\u00f6rdlichste Single Malt Scotch Whisky Destillerie in Schottland (Kimbland Destillerie auf Sanday liegt 22 Meilen weiter n\u00f6rdlich).<strong><br \/>\nFun fact No.2: <\/strong>Sollte der oben beschriebene Mythos stimmen, dass Magnus Eunson Highland Park gegr\u00fcndet hat, dann ist dieser Eunson tags\u00fcber ein Metzger und Kirchenbeamte gewesen, der sich Nachts zu einem illegalen Destillateur &amp; Whiskyschmuggler &#8220;verwandelt&#8221; hat. 1798 wurde er beim illegalen Destillieren von Whisky auf dem heutigen Gel\u00e4nde erwischt.<\/p>\n<p><strong>Whisky\/Whiskey: Norway Edition 14yo<br \/>\n<\/strong>G\u00f6nnt man sich den Highland Park 14 Years Norway Edition Single Malt Scotch Whisky in limitierter Auflage, wird man ihn so schnell nicht aus dem Sinn bekommen. Der schottische Whisky ist eigentlich f\u00fcr Norwegen gedacht und wirkt mit seinem n\u00f6rdlichen Charakter durchaus skandinavisch. Nach der Destillation 2004 verbrachte der Highland Park 14 Years Norway Edition Single Malt Scotch Whisky seine Lagerung in einem refill Eichenfass. Die Einzelfassabf\u00fcllung wurde 2019 in Fassst\u00e4rke abgef\u00fcllt. Von dem recht hochprozentigen, stylish verpackten Single Cask Whisky gibt es nur 677 Flaschen!!<\/p>\n<p><strong>Info Qualit\u00e4t der Flasche:<\/strong> Exzellent &#8211; ohne Besch\u00e4digungen \/ <strong>F\u00fcllstand:<\/strong> Into neck<br \/>\n<strong>Info Qualit\u00e4t der Box: <\/strong>keine Box vorhanden &#8211; exklusiver Jutesack von Highland Park<\/p>\n<p><strong>Wichtiger Hinweis:<\/strong> Die Bewertung der Flaschen und Boxen erfolgt nach \u201ebesten Wissen und Gewissen\u201c. dramfolks kann keine Gew\u00e4hrleistung f\u00fcr den Inhalt der Flaschen \u00fcbernehmen. Weitere Infos &amp; Hinweise finden Sie in unseren AGBs. Wir empfehlen Ihnen, vor der Abgabe von Geboten \u00fcber die Zoomfunktion eine Besichtigung \/ genaue Pr\u00fcfung des angebotenen Whiskys vorzunehmen. Bitte kontaktieren sie uns bei Fragen direkt unter info@dramfolks.com<\/p>\n","protected":false},"excerpt":{"rendered":"<p>Destille: Highland Park Highland Park Distillery ist eine Single Malt Scotch Whisky Destillerie in Kirkwall auf den Orkney Islands, Schottland. Die Urspr\u00fcnge der Highland Park Destillerie sind, wie so oft, &#8220;Wolken aus Halbwahrheit und Whisky-Mythen&#8221;. Es ist bis heute nicht ganz klar ob Highland Park vom ber\u00fchmten Priester und Schmuggler Magnus Eunson oder vom Farmer[&#8230;]\n","protected":false},"featured_media":4516,"comment_status":"closed","ping_status":"closed","template":"","meta":[],"product_brand":[],"product_cat":[737],"product_tag":[],"class_list":{"0":"post-5265","1":"product","2":"type-product","3":"status-publish","4":"has-post-thumbnail","6":"product_cat-no-9","8":"first","9":"instock","10":"shipping-taxable","11":"purchasable","12":"product-type-auction"},"yoast_head":"<!-- This site is optimized with the Yoast SEO plugin v27.4 - https:\/\/yoast.com\/product\/yoast-seo-wordpress\/ -->\n<title>Highland Park - Norway Edition 14yo - Dramfolks Whisky Auction<\/title>\n<meta name=\"robots\" content=\"index, follow, max-snippet:-1, max-image-preview:large, max-video-preview:-1\" \/>\n<link rel=\"canonical\" href=\"https:\/\/www.dramfolks-whisky-auction.com\/en\/product\/highland-park-norway-edition-14yo-5\/\" \/>\n<meta property=\"og:locale\" content=\"en_US\" \/>\n<meta property=\"og:type\" content=\"article\" \/>\n<meta property=\"og:title\" content=\"Highland Park - Norway Edition 14yo - Dramfolks Whisky Auction\" \/>\n<meta property=\"og:description\" content=\"Destille: Highland Park Highland Park Distillery ist eine Single Malt Scotch Whisky Destillerie in Kirkwall auf den Orkney Islands, Schottland. Die Urspr\u00fcnge der Highland Park Destillerie sind, wie so oft, &#8220;Wolken aus Halbwahrheit und Whisky-Mythen&#8221;. Es ist bis heute nicht ganz klar ob Highland Park vom ber\u00fchmten Priester und Schmuggler Magnus Eunson oder vom Farmer[...]\" \/>\n<meta property=\"og:url\" content=\"https:\/\/www.dramfolks-whisky-auction.com\/en\/product\/highland-park-norway-edition-14yo-5\/\" \/>\n<meta property=\"og:site_name\" content=\"Dramfolks Whisky Auction\" \/>\n<meta property=\"article:modified_time\" content=\"2024-03-06T15:59:31+00:00\" \/>\n<meta property=\"og:image\" content=\"https:\/\/www.dramfolks-whisky-auction.com\/wp-content\/uploads\/2023\/11\/Highland-Park-Norway-vorne-scaled.jpg\" \/>\n\t<meta property=\"og:image:width\" content=\"2560\" \/>\n\t<meta property=\"og:image:height\" content=\"2048\" \/>\n\t<meta property=\"og:image:type\" content=\"image\/jpeg\" \/>\n<meta name=\"twitter:card\" content=\"summary_large_image\" \/>\n<meta name=\"twitter:label1\" content=\"Est. reading time\" \/>\n\t<meta name=\"twitter:data1\" content=\"3 minutes\" \/>\n<script type=\"application\/ld+json\" class=\"yoast-schema-graph\">{\"@context\":\"https:\\\/\\\/schema.org\",\"@graph\":[{\"@type\":\"WebPage\",\"@id\":\"https:\\\/\\\/www.dramfolks-whisky-auction.com\\\/en\\\/product\\\/highland-park-norway-edition-14yo-5\\\/\",\"url\":\"https:\\\/\\\/www.dramfolks-whisky-auction.com\\\/en\\\/product\\\/highland-park-norway-edition-14yo-5\\\/\",\"name\":\"Highland Park - Norway Edition 14yo - Dramfolks Whisky Auction\",\"isPartOf\":{\"@id\":\"https:\\\/\\\/www.dramfolks-whisky-auction.com\\\/en\\\/#website\"},\"primaryImageOfPage\":{\"@id\":\"https:\\\/\\\/www.dramfolks-whisky-auction.com\\\/en\\\/product\\\/highland-park-norway-edition-14yo-5\\\/#primaryimage\"},\"image\":{\"@id\":\"https:\\\/\\\/www.dramfolks-whisky-auction.com\\\/en\\\/product\\\/highland-park-norway-edition-14yo-5\\\/#primaryimage\"},\"thumbnailUrl\":\"https:\\\/\\\/www.dramfolks-whisky-auction.com\\\/wp-content\\\/uploads\\\/2023\\\/11\\\/Highland-Park-Norway-vorne-scaled.jpg\",\"datePublished\":\"2024-02-09T08:06:36+00:00\",\"dateModified\":\"2024-03-06T15:59:31+00:00\",\"breadcrumb\":{\"@id\":\"https:\\\/\\\/www.dramfolks-whisky-auction.com\\\/en\\\/product\\\/highland-park-norway-edition-14yo-5\\\/#breadcrumb\"},\"inLanguage\":\"en-US\",\"potentialAction\":[{\"@type\":\"ReadAction\",\"target\":[\"https:\\\/\\\/www.dramfolks-whisky-auction.com\\\/en\\\/product\\\/highland-park-norway-edition-14yo-5\\\/\"]}]},{\"@type\":\"ImageObject\",\"inLanguage\":\"en-US\",\"@id\":\"https:\\\/\\\/www.dramfolks-whisky-auction.com\\\/en\\\/product\\\/highland-park-norway-edition-14yo-5\\\/#primaryimage\",\"url\":\"https:\\\/\\\/www.dramfolks-whisky-auction.com\\\/wp-content\\\/uploads\\\/2023\\\/11\\\/Highland-Park-Norway-vorne-scaled.jpg\",\"contentUrl\":\"https:\\\/\\\/www.dramfolks-whisky-auction.com\\\/wp-content\\\/uploads\\\/2023\\\/11\\\/Highland-Park-Norway-vorne-scaled.jpg\",\"width\":2560,\"height\":2048},{\"@type\":\"BreadcrumbList\",\"@id\":\"https:\\\/\\\/www.dramfolks-whisky-auction.com\\\/en\\\/product\\\/highland-park-norway-edition-14yo-5\\\/#breadcrumb\",\"itemListElement\":[{\"@type\":\"ListItem\",\"position\":1,\"name\":\"Startseite\",\"item\":\"https:\\\/\\\/www.dramfolks-whisky-auction.com\\\/en\\\/\"},{\"@type\":\"ListItem\",\"position\":2,\"name\":\"Shop\",\"item\":\"https:\\\/\\\/www.dramfolks-whisky-auction.com\\\/en\\\/shop\\\/\"},{\"@type\":\"ListItem\",\"position\":3,\"name\":\"Highland Park &#8211; Norway Edition 14yo\"}]},{\"@type\":\"WebSite\",\"@id\":\"https:\\\/\\\/www.dramfolks-whisky-auction.com\\\/en\\\/#website\",\"url\":\"https:\\\/\\\/www.dramfolks-whisky-auction.com\\\/en\\\/\",\"name\":\"Dramfolks Whisky Auction\",\"description\":\"\",\"potentialAction\":[{\"@type\":\"SearchAction\",\"target\":{\"@type\":\"EntryPoint\",\"urlTemplate\":\"https:\\\/\\\/www.dramfolks-whisky-auction.com\\\/en\\\/?s={search_term_string}\"},\"query-input\":{\"@type\":\"PropertyValueSpecification\",\"valueRequired\":true,\"valueName\":\"search_term_string\"}}],\"inLanguage\":\"en-US\"}]}<\/script>\n<!-- \/ Yoast SEO plugin. -->","yoast_head_json":{"title":"Highland Park - Norway Edition 14yo - Dramfolks Whisky Auction","robots":{"index":"index","follow":"follow","max-snippet":"max-snippet:-1","max-image-preview":"max-image-preview:large","max-video-preview":"max-video-preview:-1"},"canonical":"https:\/\/www.dramfolks-whisky-auction.com\/en\/product\/highland-park-norway-edition-14yo-5\/","og_locale":"en_US","og_type":"article","og_title":"Highland Park - Norway Edition 14yo - Dramfolks Whisky Auction","og_description":"Destille: Highland Park Highland Park Distillery ist eine Single Malt Scotch Whisky Destillerie in Kirkwall auf den Orkney Islands, Schottland. Die Urspr\u00fcnge der Highland Park Destillerie sind, wie so oft, &#8220;Wolken aus Halbwahrheit und Whisky-Mythen&#8221;. Es ist bis heute nicht ganz klar ob Highland Park vom ber\u00fchmten Priester und Schmuggler Magnus Eunson oder vom Farmer[...]","og_url":"https:\/\/www.dramfolks-whisky-auction.com\/en\/product\/highland-park-norway-edition-14yo-5\/","og_site_name":"Dramfolks Whisky Auction","article_modified_time":"2024-03-06T15:59:31+00:00","og_image":[{"width":2560,"height":2048,"url":"https:\/\/www.dramfolks-whisky-auction.com\/wp-content\/uploads\/2023\/11\/Highland-Park-Norway-vorne-scaled.jpg","type":"image\/jpeg"}],"twitter_card":"summary_large_image","twitter_misc":{"Est. reading time":"3 minutes"},"schema":{"@context":"https:\/\/schema.org","@graph":[{"@type":"WebPage","@id":"https:\/\/www.dramfolks-whisky-auction.com\/en\/product\/highland-park-norway-edition-14yo-5\/","url":"https:\/\/www.dramfolks-whisky-auction.com\/en\/product\/highland-park-norway-edition-14yo-5\/","name":"Highland Park - Norway Edition 14yo - Dramfolks Whisky Auction","isPartOf":{"@id":"https:\/\/www.dramfolks-whisky-auction.com\/en\/#website"},"primaryImageOfPage":{"@id":"https:\/\/www.dramfolks-whisky-auction.com\/en\/product\/highland-park-norway-edition-14yo-5\/#primaryimage"},"image":{"@id":"https:\/\/www.dramfolks-whisky-auction.com\/en\/product\/highland-park-norway-edition-14yo-5\/#primaryimage"},"thumbnailUrl":"https:\/\/www.dramfolks-whisky-auction.com\/wp-content\/uploads\/2023\/11\/Highland-Park-Norway-vorne-scaled.jpg","datePublished":"2024-02-09T08:06:36+00:00","dateModified":"2024-03-06T15:59:31+00:00","breadcrumb":{"@id":"https:\/\/www.dramfolks-whisky-auction.com\/en\/product\/highland-park-norway-edition-14yo-5\/#breadcrumb"},"inLanguage":"en-US","potentialAction":[{"@type":"ReadAction","target":["https:\/\/www.dramfolks-whisky-auction.com\/en\/product\/highland-park-norway-edition-14yo-5\/"]}]},{"@type":"ImageObject","inLanguage":"en-US","@id":"https:\/\/www.dramfolks-whisky-auction.com\/en\/product\/highland-park-norway-edition-14yo-5\/#primaryimage","url":"https:\/\/www.dramfolks-whisky-auction.com\/wp-content\/uploads\/2023\/11\/Highland-Park-Norway-vorne-scaled.jpg","contentUrl":"https:\/\/www.dramfolks-whisky-auction.com\/wp-content\/uploads\/2023\/11\/Highland-Park-Norway-vorne-scaled.jpg","width":2560,"height":2048},{"@type":"BreadcrumbList","@id":"https:\/\/www.dramfolks-whisky-auction.com\/en\/product\/highland-park-norway-edition-14yo-5\/#breadcrumb","itemListElement":[{"@type":"ListItem","position":1,"name":"Startseite","item":"https:\/\/www.dramfolks-whisky-auction.com\/en\/"},{"@type":"ListItem","position":2,"name":"Shop","item":"https:\/\/www.dramfolks-whisky-auction.com\/en\/shop\/"},{"@type":"ListItem","position":3,"name":"Highland Park &#8211; Norway Edition 14yo"}]},{"@type":"WebSite","@id":"https:\/\/www.dramfolks-whisky-auction.com\/en\/#website","url":"https:\/\/www.dramfolks-whisky-auction.com\/en\/","name":"Dramfolks Whisky Auction","description":"","potentialAction":[{"@type":"SearchAction","target":{"@type":"EntryPoint","urlTemplate":"https:\/\/www.dramfolks-whisky-auction.com\/en\/?s={search_term_string}"},"query-input":{"@type":"PropertyValueSpecification","valueRequired":true,"valueName":"search_term_string"}}],"inLanguage":"en-US"}]}},"_links":{"self":[{"href":"https:\/\/www.dramfolks-whisky-auction.com\/en\/wp-json\/wp\/v2\/product\/5265","targetHints":{"allow":["GET"]}}],"collection":[{"href":"https:\/\/www.dramfolks-whisky-auction.com\/en\/wp-json\/wp\/v2\/product"}],"about":[{"href":"https:\/\/www.dramfolks-whisky-auction.com\/en\/wp-json\/wp\/v2\/types\/product"}],"replies":[{"embeddable":true,"href":"https:\/\/www.dramfolks-whisky-auction.com\/en\/wp-json\/wp\/v2\/comments?post=5265"}],"wp:featuredmedia":[{"embeddable":true,"href":"https:\/\/www.dramfolks-whisky-auction.com\/en\/wp-json\/wp\/v2\/media\/4516"}],"wp:attachment":[{"href":"https:\/\/www.dramfolks-whisky-auction.com\/en\/wp-json\/wp\/v2\/media?parent=5265"}],"wp:term":[{"taxonomy":"product_brand","embeddable":true,"href":"https:\/\/www.dramfolks-whisky-auction.com\/en\/wp-json\/wp\/v2\/product_brand?post=5265"},{"taxonomy":"product_cat","embeddable":true,"href":"https:\/\/www.dramfolks-whisky-auction.com\/en\/wp-json\/wp\/v2\/product_cat?post=5265"},{"taxonomy":"product_tag","embeddable":true,"href":"https:\/\/www.dramfolks-whisky-auction.com\/en\/wp-json\/wp\/v2\/product_tag?post=5265"}],"curies":[{"name":"wp","href":"https:\/\/api.w.org\/{rel}","templated":true}]}}